{"id":8328,"date":"2025-06-15T06:28:00","date_gmt":"2025-06-15T06:28:00","guid":{"rendered":"https:\/\/sinoextrud.com\/product\/cnc-aluminum-bar-profile-for-instrument\/"},"modified":"2025-06-24T06:23:36","modified_gmt":"2025-06-24T06:23:36","slug":"cnc-hlinikovy-tycovy-profil-pro-pristroje","status":"publish","type":"product","link":"https:\/\/sinoextrud.com\/cs\/product\/cnc-aluminum-bar-profile-for-instrument\/","title":{"rendered":"CNC hlin\u00edkov\u00fd ty\u010dov\u00fd profil pro n\u00e1stroje"},"content":{"rendered":"<h2>Podrobnosti o produktech<\/h2>\n<table class=\"custom-table\">\n<tbody>\n<tr>\n<td> N\u00e1zev produktu<\/td>\n<td> CNC hlin\u00edkov\u00fd ty\u010dov\u00fd profil pro n\u00e1stroje<\/td>\n<\/tr>\n<tr>\n<td> Hlin\u00edkov\u00e1 slitina<\/td>\n<td> \u0158ada 1000, \u0159ada 200, \u0159ada 3000, \u0159ada 5000, \u0159ada 6000, \u0159ada 7000<\/td>\n<\/tr>\n<tr>\n<td> Temperament<\/td>\n<td> T3-T8<\/td>\n<\/tr>\n<tr>\n<td> Tvar<\/td>\n<td> p\u0159izp\u016fsoben\u00ed<\/td>\n<\/tr>\n<tr>\n<td> Barva<\/td>\n<td> p\u0159izp\u016fsoben\u00ed<\/td>\n<\/tr>\n<tr>\n<td> Povrchov\u00e1 \u00faprava<\/td>\n<td> fr\u00e9zov\u00e1n\u00ed, eloxov\u00e1n\u00ed, d\u0159ev\u011bn\u00e1 struktura, povrchov\u00e1 \u00faprava, p\u00edskov\u00e1n\u00ed, elektrofor\u00e9za, kart\u00e1\u010dov\u00e1n\u00ed, le\u0161t\u011bn\u00ed atd.<\/td>\n<\/tr>\n<tr>\n<td> Hloubkov\u00e9 zpracov\u00e1n\u00ed CNC<\/td>\n<td> \u0159ez\u00e1n\u00ed, vrt\u00e1n\u00ed, obr\u00e1b\u011bn\u00ed, d\u011brov\u00e1n\u00ed, oh\u00fdb\u00e1n\u00ed, z\u00e1vitov\u00e1n\u00ed atd.<\/td>\n<\/tr>\n<tr>\n<td> Certifikace<\/td>\n<td> CE, ISO, SGS, TUV, ROHS<\/td>\n<\/tr>\n<tr>\n<td> Vzorky<\/td>\n<td> vzorek zdarma. Dod\u00e1n\u00ed do 1-3 dn\u016f.<\/td>\n<\/tr>\n<tr>\n<td> MOQ<\/td>\n<td> 200 kg pro ka\u017ed\u00fd profil<\/td>\n<\/tr>\n<tr>\n<td> Doba dod\u00e1n\u00ed<\/td>\n<td> V\u00fdvoj formy a kontrola vzorku trv\u00e1 12-15 dn\u00ed, v\u00fdroba pak 15-25 dn\u00ed po obdr\u017een\u00ed z\u00e1lohy od kupuj\u00edc\u00edho.<\/td>\n<\/tr>\n<tr>\n<td> Platebn\u00ed podm\u00ednky<\/td>\n<td> 30% z\u00e1loha p\u0159ed v\u00fdrobou a z\u016fstatek p\u0159ed odesl\u00e1n\u00edm.<\/td>\n<\/tr>\n<tr>\n<td> P\u0159\u00edstav<\/td>\n<td> Foshan, Shenzhen, Guangzhou atd.<\/td>\n<\/tr>\n<\/tbody>\n<\/table>\n<h2>Na\u0161e v\u00fdrobn\u00ed z\u00e1kladna<\/h2>\n<h3>Panorama tov\u00e1rny<\/h3>\n<p><img decoding=\"async\" src=\"\/wp-content\/uploads\/factory-01.webp\"\/><\/p>\n<h3>D\u00edlna na v\u00fdrobu hlin\u00edkov\u00fdch ty\u010d\u00ed<\/h3>\n<p><img decoding=\"async\" src=\"\/wp-content\/uploads\/factory-02.webp\"\/><\/p>\n<\/p>\n<p><img decoding=\"async\" src=\"\/wp-content\/uploads\/factory-03.webp\"\/><\/p>\n<h3>Sklad pl\u00edsn\u00ed<\/h3>\n<p><img decoding=\"async\" src=\"\/wp-content\/uploads\/factory-04.webp\"\/><\/p>\n<h3>43 linek na vytla\u010dov\u00e1n\u00ed hlin\u00edku (500 - 5500 tun)<\/h3>\n<p><img decoding=\"async\" src=\"\/wp-content\/uploads\/factory-05.webp\"\/><\/p>\n<p><img decoding=\"async\" src=\"\/wp-content\/uploads\/factory-06.webp\"\/><\/p>\n<p><img decoding=\"async\" src=\"\/wp-content\/uploads\/factory-07.webp\"\/><\/p>\n<h3>D\u00edlna pr\u00e1\u0161kov\u00e9ho lakov\u00e1n\u00ed<\/h3>\n<p><img decoding=\"async\" src=\"\/wp-content\/uploads\/factory-09.webp\"\/><\/p>\n<h3>D\u00edlna eloxov\u00e1n\u00ed<\/h3>\n<p><img decoding=\"async\" src=\"\/wp-content\/uploads\/factory-10.webp\"\/><\/p>\n<h3>Workshop o hloubkov\u00e9m zpracov\u00e1n\u00ed<\/h3>\n<p><img decoding=\"async\" src=\"\/wp-content\/uploads\/factory-11.webp\"\/><\/p>\n<h3>D\u00edlna CNC p\u0159esn\u00e9ho obr\u00e1b\u011bn\u00ed<\/h3>\n<p><img decoding=\"async\" src=\"\/wp-content\/uploads\/factory-11.5.webp\"\/><\/p>\n<h3>Sklad hotov\u00fdch v\u00fdrobk\u016f a exportn\u00ed sklad<\/h3>\n<p><img decoding=\"async\" src=\"\/wp-content\/uploads\/factory-12.webp\"\/><\/p>\n<p><img decoding=\"async\" src=\"\/wp-content\/uploads\/factory-13.webp\"\/><\/p>\n<p><img decoding=\"async\" src=\"\/wp-content\/uploads\/factory-14.webp\"\/><\/p>\n<h2>\u010cASTO KLADEN\u00c9 DOTAZY<\/h2>\n<p><b>1.Co je CNC hlin\u00edkov\u00fd profil pro n\u00e1stroje? <\/b><\/p>\n<p> Hlin\u00edkov\u00fd ty\u010dov\u00fd profil CNC je p\u0159esn\u011b obr\u00e1b\u011bn\u00e1 hlin\u00edkov\u00e1 sou\u010d\u00e1stka, kter\u00e1 se pou\u017e\u00edv\u00e1 v p\u0159\u00edstrojov\u00fdch sk\u0159\u00edn\u00edch a konstruk\u010dn\u00edch d\u00edlech pro zaji\u0161t\u011bn\u00ed p\u0159esnosti a trvanlivosti.\n<\/p>\n<p><\/p>\n<p><b>2.Pro\u010d zvolit CNC hlin\u00edkov\u00e9 ty\u010dov\u00e9 profily pro p\u0159\u00edstrojov\u00e9 aplikace? <\/b><\/p>\n<p> Hlin\u00edkov\u00e9 profily CNC nab\u00edzej\u00ed p\u0159\u00edsn\u00e9 tolerance, hladk\u00fd povrch a vysokou pevnost, co\u017e je ide\u00e1ln\u00ed pro p\u0159esn\u00e9 sestavy p\u0159\u00edstroj\u016f.\n<\/p>\n<p><\/p>\n<p><b>3.Can CNC hlin\u00edkov\u00e9 ty\u010de profily b\u00fdt p\u0159izp\u016fsobeny? <\/b><\/p>\n<p> Ano, dod\u00e1v\u00e1me profily na zak\u00e1zku s ur\u010dit\u00fdmi d\u00e9lkami, \u0161\u00ed\u0159kami a opracovan\u00fdmi prvky, kter\u00e9 spl\u0148uj\u00ed jedine\u010dn\u00e9 po\u017eadavky na konstrukci p\u0159\u00edstroje.\n<\/p>\n<p><\/p>\n<p><b>4.Jak\u00fd typ hlin\u00edku se pou\u017e\u00edv\u00e1 v CNC ty\u010dov\u00fdch profilech pro n\u00e1stroje? <\/b><\/p>\n<p> Obvykle pou\u017e\u00edv\u00e1me vysoce kvalitn\u00ed slitiny jako 6061 nebo 6063 pro jejich obrobitelnost, pevnost a odolnost proti korozi.\n<\/p>\n<p><\/p>\n<p><b>5.Jsou CNC hlin\u00edkov\u00e9 profily odoln\u00e9 proti korozi? <\/b><\/p>\n<p> Hlin\u00edkov\u00fd materi\u00e1l a voliteln\u00e1 eloxovan\u00e1 povrchov\u00e1 \u00faprava poskytuj\u00ed vynikaj\u00edc\u00ed ochranu proti korozi a oxidaci.\n<\/p>\n<p><\/p>\n<p><b>6.Jak\u00e9 jsou b\u011b\u017en\u00e9 aplikace pro CNC hlin\u00edkov\u00e9 ty\u010dov\u00e9 profily? <\/b><\/p>\n<p> Tyto profily se pou\u017e\u00edvaj\u00ed v l\u00e9ka\u0159sk\u00fdch p\u0159\u00edstroj\u00edch, m\u011b\u0159ic\u00edch p\u0159\u00edstroj\u00edch, ovl\u00e1dac\u00edch panelech, audio za\u0159\u00edzen\u00edch a elektronick\u00fdch sk\u0159\u00edn\u00edch.\n<\/p>\n<p><\/p>\n<p><b>7.Jak\u00fd p\u0159\u00ednos m\u00e1 CNC obr\u00e1b\u011bn\u00ed hlin\u00edkov\u00fdch p\u0159\u00edstrojov\u00fdch profil\u016f? <\/b><\/p>\n<p> CNC obr\u00e1b\u011bn\u00ed zaji\u0161\u0165uje p\u0159esn\u00e9 rozm\u011bry, opakovatelnou kvalitu a slo\u017eit\u00e9 geometrie, kter\u00e9 jsou nezbytn\u00e9 pro kritick\u00e9 sou\u010d\u00e1sti p\u0159\u00edstroj\u016f.\n<\/p>\n<p><\/p>","protected":false},"featured_media":8327,"template":"","categories":[54],"class_list":["post-8328","product","type-product","status-publish","has-post-thumbnail","hentry","category-industrial-aluminum-profiles"],"meta_box":{"hilight_text_group":{"product_hilight_text":"<li>Precision CNC-machined for high dimensional accuracy and consistency.<\/li>\r\r\n<li>High-quality aluminum bar provides excellent strength-to-weight ratio.<\/li>\r\r\n<li>Ideal for instrument housings, brackets, and structural components.<\/li>\r\r\n<li>Corrosion-resistant surface ensures long-term durability and performance.<\/li>\r\r\n<li>Customizable shapes and sizes for a wide range of instrumentation applications.<\/li>\r\r\n<li>Excellent machinability supports complex designs and tight tolerances.<\/li>\r\r\n<li>Lightweight material reduces overall assembly weight and improves efficiency.<\/li>","product_chanpin_blog":"<ul>\r\r\n<li><a href=\"https:\/\/sinoextrud.com\/t-slot-v-slot-differences\/\" target=\"_blank\">t slot vs v slot<\/a><\/li>\r\r\n<li><a href=\"https:\/\/sinoextrud.com\/what-is-4040-aluminium-extrud\/\" target=\"_blank\">4040 aluminium extrusion<\/a><\/li>\r\r\n<li><a href=\"https:\/\/sinoextrud.com\/what-is-4040-aluminium-extrud\/\" target=\"_blank\">aluminum extrusions for industrial racks<\/a><\/li>\r\r\n<li><a href=\"https:\/\/sinoextrud.com\/powder-coating-aluminium-process\/\" target=\"_blank\">powder coating aluminium<\/a><\/li>\r\r\n<li><a href=\"https:\/\/sinoextrud.com\/what-is-an-aluminium-strip-ceiling\/\" target=\"_blank\">aluminium strip ceiling<\/a><\/li>\r\r\n<li><a href=\"https:\/\/sinoextrud.com\/what-is-a-heat-sink\/\" target=\"_blank\">what is a heat sink<\/a><\/li>\r\r\n<\/ul>","product_chanpin_chanpin":"<li><a href=\"https:\/\/sinoextrud.com\/product\/aluminum-pipe-handrail\/\" target=\"_blank\">Aluminum Pipe Handrail<\/a><\/li>\r\n<li><a href=\"https:\/\/sinoextrud.com\/product\/aluminum-profile-clean-room-for-workshop-and-hospital\/\" target=\"_blank\">Aluminum Profile Clean Room for Workshop and Hospital<\/a><\/li>\r\n<li><a href=\"https:\/\/sinoextrud.com\/product\/aluminum-profile-t-slot-for-machine-frame\/\" target=\"_blank\">Aluminum Profile T-Slot For Machine Frame<\/a><\/li>\r\n<li><a href=\"https:\/\/sinoextrud.com\/product\/aluminum-trailer-floor-extrusions\/\" target=\"_blank\">Aluminum Trailer Floor Extrusions<\/a><\/li>\r\n<li><a href=\"https:\/\/sinoextrud.com\/product\/cnc-aluminum-bar-profile-for-instrument\/\" target=\"_blank\">CNC Aluminum Bar Profile For Instrument<\/a><\/li>\r\n<li><a href=\"https:\/\/sinoextrud.com\/product\/extruded-aluminum-profile-aluminum-t-slot\/\" target=\"_blank\">Extruded Aluminum Profile Aluminum T Slot<\/a><\/li>\r\n<li><a href=\"https:\/\/sinoextrud.com\/product\/extruded-manufacturer-aluminum-profile-heatsink\/\" target=\"_blank\">Extruded Manufacturer Aluminum Profile Heatsink<\/a><\/li>\r\n<li><a href=\"https:\/\/sinoextrud.com\/product\/customized-structural-aluminum-profiles\/\" target=\"_blank\">Customized Structural Aluminum Profiles<\/a><\/li>\r\n<li><a href=\"https:\/\/sinoextrud.com\/product\/aluminum-t-track-extrusion\/\" target=\"_blank\">Aluminum T Track Extrusion<\/a><\/li>\r\n<li><a href=\"https:\/\/sinoextrud.com\/product\/extruded-aluminum-sliding-channel\/\" target=\"_blank\">Extruded Aluminum Sliding Channel<\/a><\/li>\r\n<li><a href=\"https:\/\/sinoextrud.com\/product\/t-slot-framing-systems\/\" target=\"_blank\">T Slot Framing Systems<\/a><\/li>"},"feature_list":[]},"_links":{"self":[{"href":"https:\/\/sinoextrud.com\/cs\/wp-json\/wp\/v2\/product\/8328","targetHints":{"allow":["GET"]}}],"collection":[{"href":"https:\/\/sinoextrud.com\/cs\/wp-json\/wp\/v2\/product"}],"about":[{"href":"https:\/\/sinoextrud.com\/cs\/wp-json\/wp\/v2\/types\/product"}],"wp:featuredmedia":[{"embeddable":true,"href":"https:\/\/sinoextrud.com\/cs\/wp-json\/wp\/v2\/media\/8327"}],"wp:attachment":[{"href":"https:\/\/sinoextrud.com\/cs\/wp-json\/wp\/v2\/media?parent=8328"}],"wp:term":[{"taxonomy":"category","embeddable":true,"href":"https:\/\/sinoextrud.com\/cs\/wp-json\/wp\/v2\/categories?post=8328"}],"curies":[{"name":"wp","href":"https:\/\/api.w.org\/{rel}","templated":true}]}}