{"id":8326,"date":"2025-06-15T06:26:32","date_gmt":"2025-06-15T06:26:32","guid":{"rendered":"https:\/\/sinoextrud.com\/product\/aluminum-trailer-floor-extrusions\/"},"modified":"2025-06-24T06:23:35","modified_gmt":"2025-06-24T06:23:35","slug":"hlinikove-podlahove-vylisky-pro-privesy","status":"publish","type":"product","link":"https:\/\/sinoextrud.com\/cs\/product\/aluminum-trailer-floor-extrusions\/","title":{"rendered":"Hlin\u00edkov\u00e9 podlahov\u00e9 v\u00fdlisky pro p\u0159\u00edv\u011bsy"},"content":{"rendered":"<h2>Podrobnosti o produktech<\/h2>\n<table class=\"custom-table\">\n<tbody>\n<tr>\n<td> N\u00e1zev produktu<\/td>\n<td> Hlin\u00edkov\u00e9 podlahov\u00e9 v\u00fdlisky pro p\u0159\u00edv\u011bsy<\/td>\n<\/tr>\n<tr>\n<td> Materi\u00e1l<\/td>\n<td> 6063, 6061, 6005, 6005A, 6082 atd.<\/td>\n<\/tr>\n<tr>\n<td> Tvar a velikost<\/td>\n<td> Postupujte podle v\u00fdkresu z\u00e1kazn\u00edka<\/td>\n<\/tr>\n<tr>\n<td> Tlou\u0161\u0165ka<\/td>\n<td> 0,7 mm-10 mm<\/td>\n<\/tr>\n<tr>\n<td> D\u00e9lka<\/td>\n<td> Standardn\u00ed d\u00e9lka 1-9M, dal\u0161\u00ed p\u0159izp\u016fsoben\u00e9 d\u00e9lky k dispozici.<\/td>\n<\/tr>\n<tr>\n<td> Typick\u00e9 aplikace<\/td>\n<td> P\u0159\u00edv\u011bs atd.<\/td>\n<\/tr>\n<tr>\n<td> Proces CNC<\/td>\n<td> CNC fr\u00e9zov\u00e1n\u00ed, vrt\u00e1n\u00ed, d\u011brov\u00e1n\u00ed, vrt\u00e1n\u00ed, z\u00e1vitov\u00e1n\u00ed, oh\u00fdb\u00e1n\u00ed<\/td>\n<\/tr>\n<tr>\n<td> MOQ<\/td>\n<td> 300-1000 kg v z\u00e1vislosti na r\u016fzn\u00e9 \u00faprav\u011b povrchu<\/td>\n<\/tr>\n<tr>\n<td> Povrchov\u00e1 \u00faprava<\/td>\n<td> Ml\u00fdnsk\u00e1 \u00faprava, d\u0159ev\u011bn\u00e1 struktura, eloxov\u00e1n\u00ed, pr\u00e1\u0161kov\u00e9 lakov\u00e1n\u00ed, elektrofor\u00e9za, PVDF povlak, kart\u00e1\u010dov\u00e1n\u00ed atd.<\/td>\n<\/tr>\n<tr>\n<td> Certifik\u00e1ty<\/td>\n<td> ISO9001, ISO4001, CQM, SGS, CE, BV atd.<\/td>\n<\/tr>\n<\/tbody>\n<\/table>\n<h2>Na\u0161e v\u00fdrobn\u00ed z\u00e1kladna<\/h2>\n<h3>Panorama tov\u00e1rny<\/h3>\n<p><img decoding=\"async\" src=\"\/wp-content\/uploads\/factory-01.webp\"\/><\/p>\n<h3>D\u00edlna na v\u00fdrobu hlin\u00edkov\u00fdch ty\u010d\u00ed<\/h3>\n<p><img decoding=\"async\" src=\"\/wp-content\/uploads\/factory-02.webp\"\/><\/p>\n<p><img decoding=\"async\" src=\"\/wp-content\/uploads\/factory-03.webp\"\/><\/p>\n<h3>Sklad pl\u00edsn\u00ed<\/h3>\n<p><img decoding=\"async\" src=\"\/wp-content\/uploads\/factory-04.webp\"\/><\/p>\n<h3>43 linek na vytla\u010dov\u00e1n\u00ed hlin\u00edku (500 - 5500 tun)<\/h3>\n<p><img decoding=\"async\" src=\"\/wp-content\/uploads\/factory-05.webp\"\/><\/p>\n<p><img decoding=\"async\" src=\"\/wp-content\/uploads\/factory-06.webp\"\/><\/p>\n<p><img decoding=\"async\" src=\"\/wp-content\/uploads\/factory-07.webp\"\/><\/p>\n<h3>D\u00edlna pr\u00e1\u0161kov\u00e9ho lakov\u00e1n\u00ed<\/h3>\n<p><img decoding=\"async\" src=\"\/wp-content\/uploads\/factory-09.webp\"\/><\/p>\n<h3>D\u00edlna eloxov\u00e1n\u00ed<\/h3>\n<p><img decoding=\"async\" src=\"\/wp-content\/uploads\/factory-10.webp\"\/><\/p>\n<h3>Workshop o hloubkov\u00e9m zpracov\u00e1n\u00ed<\/h3>\n<p><img decoding=\"async\" src=\"\/wp-content\/uploads\/factory-11.webp\"\/><\/p>\n<h3>D\u00edlna CNC p\u0159esn\u00e9ho obr\u00e1b\u011bn\u00ed<\/h3>\n<p><img decoding=\"async\" src=\"\/wp-content\/uploads\/factory-11.5.webp\"\/><\/p>\n<h3>Sklad hotov\u00fdch v\u00fdrobk\u016f a exportn\u00ed sklad<\/h3>\n<p><img decoding=\"async\" src=\"\/wp-content\/uploads\/factory-12.webp\"\/><\/p>\n<p><img decoding=\"async\" src=\"\/wp-content\/uploads\/factory-13.webp\"\/><\/p>\n<p><img decoding=\"async\" src=\"\/wp-content\/uploads\/factory-14.webp\"\/><\/p>\n<h2>\u010cASTO KLADEN\u00c9 DOTAZY<\/h2>\n<p><p><b>1.Co d\u011bl\u00e1 hlin\u00edkov\u00e9 podlahov\u00e9 v\u00fdlisky pro p\u0159\u00edv\u011bsy ide\u00e1ln\u00edmi pro n\u00e1ro\u010dn\u00e9 aplikace? <\/b><\/p>\n<p> Hlin\u00edkov\u00e9 podlahov\u00e9 v\u00fdlisky pro p\u0159\u00edv\u011bsy jsou pevn\u00e9, odoln\u00e9 proti korozi a lehk\u00e9, poskytuj\u00ed odolnost a konstruk\u010dn\u00ed podporu pro n\u00e1ro\u010dn\u00e9 p\u0159epravn\u00ed pot\u0159eby.<br \/>\n<\/p><br \/>\n<br \/>\n<p><b>2.Can hlin\u00edkov\u00e9 podlahov\u00e9 v\u00fdlisky p\u0159\u00edv\u011bsu b\u00fdt p\u0159izp\u016fsobeny? <\/b><\/p>\n<p> Ano, v\u00fdlisky lze p\u0159izp\u016fsobit co do velikosti, d\u00e9lky a designu tak, aby spl\u0148ovaly specifick\u00e9 po\u017eadavky na podlahu p\u0159\u00edv\u011bsu.<br \/>\n<\/p><br \/>\n<br \/>\n<p><b>3.Jak odoln\u00e9 jsou hlin\u00edkov\u00e9 podlahov\u00e9 v\u00fdlisky pro p\u0159\u00edv\u011bsy? <\/b><\/p>\n<p> Tyto v\u00fdlisky jsou vyrobeny z hlin\u00edku odoln\u00e9ho proti korozi, co\u017e zaru\u010duje dlouhou \u017eivotnost i v n\u00e1ro\u010dn\u00fdch venkovn\u00edch podm\u00ednk\u00e1ch a p\u0159i n\u00e1ro\u010dn\u00e9m pou\u017e\u00edv\u00e1n\u00ed.<br \/>\n<\/p><br \/>\n<br \/>\n<p><b>4.Jak\u00e9 jsou v\u00fdhody pou\u017eit\u00ed hlin\u00edkov\u00fdch podlahov\u00fdch v\u00fdlisk\u016f pro p\u0159\u00edv\u011bsy? <\/b><\/p>\n<p> Jsou lehk\u00e9, snadno se instaluj\u00ed, jsou odoln\u00e9 proti korozi a maj\u00ed vynikaj\u00edc\u00ed \u017eivotnost, tak\u017ee jsou cenov\u011b v\u00fdhodnou volbou pro podlahu p\u0159\u00edv\u011bsu.<br \/>\n<\/p><br \/>\n<br \/>\n<p><b>5.Jsou hlin\u00edkov\u00e9 podlahov\u00e9 v\u00fdlisky pro p\u0159\u00edv\u011bsy snadno instalovateln\u00e9? <\/b><\/p>\n<p> Ano, v\u00fdlisky jsou navr\u017eeny pro snadnou instalaci, co\u017e sni\u017euje dobu mont\u00e1\u017ee a n\u00e1klady na pr\u00e1ci.<br \/>\n<\/p><br \/>\n<br \/>\n<p><b>6.Jak hlin\u00edkov\u00e9 podlahov\u00e9 v\u00fdlisky pro p\u0159\u00edv\u011bsy zlep\u0161uj\u00ed v\u00fdkon p\u0159\u00edv\u011bsu? <\/b><\/p>\n<p> Jejich lehk\u00e1 a odoln\u00e1 konstrukce zaji\u0161\u0165uje dlouhotrvaj\u00edc\u00ed integritu konstrukce a bezprobl\u00e9movou a bezpe\u010dnou p\u0159epravu.<br \/>\n<\/p><br \/>\n<br \/>\n<p><b>7.Jsou hlin\u00edkov\u00e9 podlahov\u00e9 v\u00fdlisky pro p\u0159\u00edv\u011bsy \u0161etrn\u00e9 k \u017eivotn\u00edmu prost\u0159ed\u00ed? <\/b><\/p>\n<p> Ano, hlin\u00edk je pln\u011b recyklovateln\u00fd materi\u00e1l, tak\u017ee tyto v\u00fdlisky jsou ekologickou volbou pro podlahu p\u0159\u00edv\u011bsu.<br \/>\n<\/p><br \/><\/p>","protected":false},"featured_media":8325,"template":"","categories":[54],"class_list":["post-8326","product","type-product","status-publish","has-post-thumbnail","hentry","category-industrial-aluminum-profiles"],"meta_box":{"hilight_text_group":{"product_hilight_text":"<ul>\r\r\n  <li>Durable aluminum trailer floor extrusions designed for heavy-duty applications<\/li>\r\r\n  <li>Corrosion-resistant, ensuring long-lasting performance in outdoor and harsh environments<\/li>\r\r\n  <li>Lightweight yet strong, providing structural integrity without adding unnecessary weight<\/li>\r\r\n  <li>Customizable lengths and designs to suit specific trailer floor requirements<\/li>\r\r\n  <li>Easy to install, reducing labor costs and time during assembly<\/li>\r\r\n  <li>Highly resistant to wear and tear, ensuring a smooth and safe ride for long-term use<\/li>\r\r\n  <li>Environmentally friendly, as aluminum is a fully recyclable material<\/li>\r\r\n<\/ul>","product_chanpin_blog":"<ul>\r\r\n<li><a href=\"https:\/\/sinoextrud.com\/t-slot-v-slot-differences\/\" target=\"_blank\">t slot vs v slot<\/a><\/li>\r\r\n<li><a href=\"https:\/\/sinoextrud.com\/what-is-4040-aluminium-extrud\/\" target=\"_blank\">4040 aluminium extrusion<\/a><\/li>\r\r\n<li><a href=\"https:\/\/sinoextrud.com\/what-is-4040-aluminium-extrud\/\" target=\"_blank\">aluminum extrusions for industrial racks<\/a><\/li>\r\r\n<li><a href=\"https:\/\/sinoextrud.com\/powder-coating-aluminium-process\/\" target=\"_blank\">powder coating aluminium<\/a><\/li>\r\r\n<li><a href=\"https:\/\/sinoextrud.com\/what-is-an-aluminium-strip-ceiling\/\" target=\"_blank\">aluminium strip ceiling<\/a><\/li>\r\r\n<li><a href=\"https:\/\/sinoextrud.com\/what-is-a-heat-sink\/\" target=\"_blank\">what is a heat sink<\/a><\/li>\r\r\n<\/ul>","product_chanpin_chanpin":"<li><a href=\"https:\/\/sinoextrud.com\/product\/aluminum-outdoor-enclose-heat-sinks\/\" target=\"_blank\">Aluminum outdoor enclose heat sinks<\/a><\/li>\r\n<li><a href=\"https:\/\/sinoextrud.com\/product\/aluminum-pipe-handrail\/\" target=\"_blank\">Aluminum Pipe Handrail<\/a><\/li>\r\n<li><a href=\"https:\/\/sinoextrud.com\/product\/aluminum-profile-clean-room-for-workshop-and-hospital\/\" target=\"_blank\">Aluminum Profile Clean Room for Workshop and Hospital<\/a><\/li>\r\n<li><a href=\"https:\/\/sinoextrud.com\/product\/aluminum-profile-t-slot-for-machine-frame\/\" target=\"_blank\">Aluminum Profile T-Slot For Machine Frame<\/a><\/li>\r\n<li><a href=\"https:\/\/sinoextrud.com\/product\/aluminum-trailer-floor-extrusions\/\" target=\"_blank\">Aluminum Trailer Floor Extrusions<\/a><\/li>\r\n<li><a href=\"https:\/\/sinoextrud.com\/product\/cnc-aluminum-bar-profile-for-instrument\/\" target=\"_blank\">CNC Aluminum Bar Profile For Instrument<\/a><\/li>\r\n<li><a href=\"https:\/\/sinoextrud.com\/product\/extruded-aluminum-profile-aluminum-t-slot\/\" target=\"_blank\">Extruded Aluminum Profile Aluminum T Slot<\/a><\/li>\r\n<li><a href=\"https:\/\/sinoextrud.com\/product\/extruded-manufacturer-aluminum-profile-heatsink\/\" target=\"_blank\">Extruded Manufacturer Aluminum Profile Heatsink<\/a><\/li>\r\n<li><a href=\"https:\/\/sinoextrud.com\/product\/customized-structural-aluminum-profiles\/\" target=\"_blank\">Customized Structural Aluminum Profiles<\/a><\/li>\r\n<li><a href=\"https:\/\/sinoextrud.com\/product\/aluminium-extrusion-linear-rail-china-factory\/\" target=\"_blank\">Aluminium Extrusion Linear Rail China Factory<\/a><\/li>\r\n<li><a href=\"https:\/\/sinoextrud.com\/product\/customizable-minimalist-office-aluminum-partition-profiles\/\" target=\"_blank\">Customizable Minimalist Office Aluminum Partition Profiles<\/a><\/li>"},"feature_list":[]},"_links":{"self":[{"href":"https:\/\/sinoextrud.com\/cs\/wp-json\/wp\/v2\/product\/8326","targetHints":{"allow":["GET"]}}],"collection":[{"href":"https:\/\/sinoextrud.com\/cs\/wp-json\/wp\/v2\/product"}],"about":[{"href":"https:\/\/sinoextrud.com\/cs\/wp-json\/wp\/v2\/types\/product"}],"wp:featuredmedia":[{"embeddable":true,"href":"https:\/\/sinoextrud.com\/cs\/wp-json\/wp\/v2\/media\/8325"}],"wp:attachment":[{"href":"https:\/\/sinoextrud.com\/cs\/wp-json\/wp\/v2\/media?parent=8326"}],"wp:term":[{"taxonomy":"category","embeddable":true,"href":"https:\/\/sinoextrud.com\/cs\/wp-json\/wp\/v2\/categories?post=8326"}],"curies":[{"name":"wp","href":"https:\/\/api.w.org\/{rel}","templated":true}]}}