{"id":8320,"date":"2025-06-15T06:21:01","date_gmt":"2025-06-15T06:21:01","guid":{"rendered":"https:\/\/sinoextrud.com\/product\/aluminum-pipe-handrail\/"},"modified":"2025-06-24T06:23:35","modified_gmt":"2025-06-24T06:23:35","slug":"zabradli-z-hlinikovych-trubek","status":"publish","type":"product","link":"https:\/\/sinoextrud.com\/cs\/product\/aluminum-pipe-handrail\/","title":{"rendered":"Z\u00e1bradl\u00ed z hlin\u00edkov\u00fdch trubek"},"content":{"rendered":"<h2>Podrobnosti o produktech<\/h2>\n<table class=\"custom-table\">\n<tbody>\n<tr>\n<td> Model NO:<\/td>\n<td> \u0158ada 6000<\/td>\n<td> Povrchov\u00e1 \u00faprava:<\/td>\n<td> Post\u0159ikov\u00e1n\u00ed pr\u00e1\u0161kem<\/td>\n<\/tr>\n<tr>\n<td> Leguj\u00edc\u00ed slo\u017eka:<\/td>\n<td> 6063<\/td>\n<td> Certifikace:<\/td>\n<td> CE, SONCAP, ISO, CIQ, RoHS, TUV<\/td>\n<\/tr>\n<tr>\n<td> Profil z le\u0161t\u011bn\u00e9ho hlin\u00edku:<\/td>\n<td> Mechanick\u00e9 le\u0161t\u011bn\u00ed<\/td>\n<td> Materi\u00e1l:<\/td>\n<td> 6063-T5, 6061-T6, 6463-T5, 7075-T6, 6082<\/td>\n<\/tr>\n<tr>\n<td> \u00da\u010del:<\/td>\n<td> N\u00e1bytek, okna a dve\u0159e, dekorace, pr\u016fmysl<\/td>\n<td> MOQ\uff1a<\/td>\n<td> 200 kg pro ka\u017ed\u00fd profil<\/td>\n<\/tr>\n<tr>\n<td> Slu\u017eba OEM\uff1a<\/td>\n<td> Na z\u00e1klad\u011b v\u00fdkres\u016f nebo vzork\u016f navr\u017een\u00fdch z\u00e1kazn\u00edkem<\/td>\n<td> Povrchov\u00e1 \u00faprava\uff1a<\/td>\n<td> eloxov\u00e1n\u00ed \/ elektrofor\u00e9za \/ pr\u00e1\u0161kov\u00e9 lakov\u00e1n\u00ed atd.<\/td>\n<\/tr>\n<tr>\n<td> Hloubkov\u00e9 zpracov\u00e1n\u00ed\uff1a<\/td>\n<td> D\u011brov\u00e1n\u00ed, vrt\u00e1n\u00ed, vrt\u00e1n\u00ed s p\u0159\u00edklepem, oh\u00fdb\u00e1n\u00ed<\/td>\n<td> Doba dod\u00e1n\u00ed\uff1a<\/td>\n<td> 25-30 dn\u00ed po vzorku je Confrimed kupuj\u00edc\u00edmi<\/td>\n<\/tr>\n<tr>\n<td> Term\u00edn vypo\u0159\u00e1d\u00e1n\u00ed\uff1a<\/td>\n<td> Z\u00e1v\u011bre\u010dn\u00e1 platba se prov\u00e1d\u00ed na z\u00e1klad\u011b kone\u010dn\u00e9 skute\u010dn\u00e9 hodnoty Physi<\/td>\n<td> Z\u00e1ruka v\u00fdroby\uff1a<\/td>\n<td> Barva povrchu je schopna vydr\u017eet 10 ~ 20 let F<\/td>\n<\/tr>\n<tr>\n<td> Port\uff1a<\/td>\n<td> Fob Shenzhen, Guangzhou, Foshan<\/td>\n<td> Obchodn\u00ed zna\u010dka\uff1a<\/td>\n<td> Sinoextrud &amp; Sinoextrud<\/td>\n<\/tr>\n<tr>\n<td> P\u0159epravn\u00ed bal\u00ed\u010dek\uff1a<\/td>\n<td> Norm\u00e1ln\u00ed nebo p\u0159izp\u016fsoben\u00e9<\/td>\n<td> Specifikace\uff1a<\/td>\n<td> Dle po\u017eadavku klienta<\/td>\n<\/tr>\n<tr>\n<td> P\u016fvod\uff1a<\/td>\n<td> \u010c\u00ednsk\u00e1 pevnina<\/td>\n<td> K\u00f3d HS:<\/td>\n<td> 76042100<\/td>\n<\/tr>\n<\/tbody>\n<\/table>\n<h2>Na\u0161e v\u00fdrobn\u00ed z\u00e1kladna<\/h2>\n<h3>Panorama tov\u00e1rny<\/h3>\n<p><img decoding=\"async\" src=\"\/wp-content\/uploads\/factory-01.webp\"\/><\/p>\n<h3>D\u00edlna na v\u00fdrobu hlin\u00edkov\u00fdch ty\u010d\u00ed<\/h3>\n<p><img decoding=\"async\" src=\"\/wp-content\/uploads\/factory-02.webp\"\/><\/p>\n<p><img decoding=\"async\" src=\"\/wp-content\/uploads\/factory-03.webp\"\/><\/p>\n<h3>Sklad pl\u00edsn\u00ed<\/h3>\n<p><img decoding=\"async\" src=\"\/wp-content\/uploads\/factory-04.webp\"\/><\/p>\n<h3>43 linek na vytla\u010dov\u00e1n\u00ed hlin\u00edku (500-5500 tun)<\/h3>\n<p><img decoding=\"async\" src=\"\/wp-content\/uploads\/factory-05.webp\"\/><\/p>\n<p><img decoding=\"async\" src=\"\/wp-content\/uploads\/factory-06.webp\"\/><\/p>\n<p><img decoding=\"async\" src=\"\/wp-content\/uploads\/factory-07.webp\"\/><\/p>\n<h3>D\u00edlna pr\u00e1\u0161kov\u00e9ho lakov\u00e1n\u00ed<\/h3>\n<p><img decoding=\"async\" src=\"\/wp-content\/uploads\/factory-09.webp\"\/><\/p>\n<h3>D\u00edlna eloxov\u00e1n\u00ed<\/h3>\n<p><img decoding=\"async\" src=\"\/wp-content\/uploads\/factory-10.webp\"\/><\/p>\n<h3>Workshop o hloubkov\u00e9m zpracov\u00e1n\u00ed<\/h3>\n<p><img decoding=\"async\" src=\"\/wp-content\/uploads\/factory-11.webp\"\/><\/p>\n<h3>D\u00edlna CNC p\u0159esn\u00e9ho obr\u00e1b\u011bn\u00ed<\/h3>\n<p><img decoding=\"async\" src=\"\/wp-content\/uploads\/factory-11.5.webp\"\/><\/p>\n<h3>Sklad hotov\u00fdch v\u00fdrobk\u016f a exportn\u00ed sklad<\/h3>\n<p><img decoding=\"async\" src=\"\/wp-content\/uploads\/factory-12.webp\"\/><\/p>\n<p><img decoding=\"async\" src=\"\/wp-content\/uploads\/factory-13.webp\"\/><\/p>\n<p><img decoding=\"async\" src=\"\/wp-content\/uploads\/factory-14.webp\"\/><\/p>\n<h2>\u010cASTO KLADEN\u00c9 DOTAZY<\/h2>\n<p><p><b>1.D\u00edky \u010demu je hlin\u00edkov\u00e9 trubkov\u00e9 z\u00e1bradl\u00ed ide\u00e1ln\u00ed pro poskytov\u00e1n\u00ed podpory v r\u016fzn\u00fdch prost\u0159ed\u00edch? <\/b><\/p>\n<p> Hlin\u00edkov\u00e1 trubkov\u00e1 z\u00e1bradl\u00ed jsou pevn\u00e1, odoln\u00e1 a korozivzdorn\u00e1 a zaji\u0161\u0165uj\u00ed spolehlivou oporu a bezpe\u010dnost ve vnit\u0159n\u00edm i venkovn\u00edm prost\u0159ed\u00ed.<br \/>\n<\/p><br \/>\n<br \/>\n<p><b>2.Can hlin\u00edkov\u00e9 trubky z\u00e1bradl\u00ed b\u00fdt p\u0159izp\u016fsoben? <\/b><\/p>\n<p> Ano, tato z\u00e1bradl\u00ed lze p\u0159izp\u016fsobit z hlediska velikosti, tvaru a designu tak, aby spl\u0148ovala specifick\u00e9 estetick\u00e9 a bezpe\u010dnostn\u00ed po\u017eadavky pro r\u016fzn\u00e9 projekty.<br \/>\n<\/p><br \/>\n<br \/>\n<p><b>3.Jak odoln\u00e9 je hlin\u00edkov\u00e9 trubkov\u00e9 z\u00e1bradl\u00ed? <\/b><\/p>\n<p> D\u00edky sv\u00e9 odolnosti proti korozi je vysoce trvanliv\u00fd, tak\u017ee je ide\u00e1ln\u00ed pro dlouhodob\u00e9 pou\u017eit\u00ed v obytn\u00fdch i komer\u010dn\u00edch aplikac\u00edch.<br \/>\n<\/p><br \/>\n<br \/>\n<p><b>4.Jak\u00e1 odv\u011btv\u00ed maj\u00ed prosp\u011bch z pou\u017e\u00edv\u00e1n\u00ed hlin\u00edkov\u00e9ho trubkov\u00e9ho z\u00e1bradl\u00ed? <\/b><\/p>\n<p> Odv\u011btv\u00ed, jako je stavebnictv\u00ed, architektura a ve\u0159ejn\u00e1 infrastruktura, vyu\u017e\u00edvaj\u00ed hlin\u00edkov\u00e1 trubkov\u00e1 z\u00e1bradl\u00ed pro zaji\u0161t\u011bn\u00ed bezpe\u010dn\u00e9 opory na schodi\u0161t\u00edch, ramp\u00e1ch a chodn\u00edc\u00edch.<br \/>\n<\/p><br \/>\n<br \/>\n<p><b>5.Je hlin\u00edkov\u00e9 trubkov\u00e9 z\u00e1bradl\u00ed snadn\u00e9 na instalaci a \u00fadr\u017ebu? <\/b><\/p>\n<p> Ano, hlin\u00edkov\u00e1 trubkov\u00e1 z\u00e1bradl\u00ed se snadno instaluj\u00ed a udr\u017euj\u00ed, co\u017e sni\u017euje n\u00e1klady na pracovn\u00ed s\u00edlu a zaji\u0161\u0165uje spolehlivou funk\u010dnost po dlouhou dobu.<br \/>\n<\/p><br \/>\n<br \/>\n<p><b>6.Jak hlin\u00edkov\u00e9 trubkov\u00e9 z\u00e1bradl\u00ed zvy\u0161uje bezpe\u010dnost v budov\u00e1ch? <\/b><\/p>\n<p> Tato madla poskytuj\u00ed bezpe\u010dnou a stabiln\u00ed oporu, sni\u017euj\u00ed riziko nehod a zvy\u0161uj\u00ed bezpe\u010dnost schodi\u0161\u0165 a chodn\u00edk\u016f v komer\u010dn\u00edch a obytn\u00fdch prostor\u00e1ch.<br \/>\n<\/p><br \/>\n<br \/>\n<p><b>7.Je hlin\u00edkov\u00e9 trubkov\u00e9 z\u00e1bradl\u00ed \u0161etrn\u00e9 k \u017eivotn\u00edmu prost\u0159ed\u00ed? <\/b><\/p>\n<p> Ano, hlin\u00edk je pln\u011b recyklovateln\u00fd, tak\u017ee tato z\u00e1bradl\u00ed jsou ekologickou volbou pro stavebn\u00ed projekty.<br \/>\n<\/p><br \/><\/p>","protected":false},"featured_media":8319,"template":"","categories":[54],"class_list":["post-8320","product","type-product","status-publish","has-post-thumbnail","hentry","category-industrial-aluminum-profiles"],"meta_box":{"hilight_text_group":{"product_hilight_text":"<li>Durable and corrosion-resistant aluminum pipe handrails for reliable support in various environments<\/li>\r\r\n<li>Lightweight yet strong, providing excellent strength without adding unnecessary weight<\/li>\r\r\n<li>Customizable sizes and designs to meet specific safety and aesthetic requirements<\/li>\r\r\n<li>Easy to install and maintain, reducing labor costs and ensuring long-term functionality<\/li>\r\r\n<li>Ideal for both indoor and outdoor applications, offering superior weather resistance<\/li>\r\r\n<li>Eco-friendly, made from fully recyclable aluminum material<\/li>\r\r\n<li>Elegant design that enhances the appearance of both commercial and residential spaces<\/li>","product_chanpin_blog":"<ul>\r\r\n<li><a href=\"https:\/\/sinoextrud.com\/t-slot-v-slot-differences\/\" target=\"_blank\">t slot vs v slot<\/a><\/li>\r\r\n<li><a href=\"https:\/\/sinoextrud.com\/what-is-4040-aluminium-extrud\/\" target=\"_blank\">4040 aluminium extrusion<\/a><\/li>\r\r\n<li><a href=\"https:\/\/sinoextrud.com\/what-is-4040-aluminium-extrud\/\" target=\"_blank\">aluminum extrusions for industrial racks<\/a><\/li>\r\r\n<li><a href=\"https:\/\/sinoextrud.com\/powder-coating-aluminium-process\/\" target=\"_blank\">powder coating aluminium<\/a><\/li>\r\r\n<li><a href=\"https:\/\/sinoextrud.com\/what-is-an-aluminium-strip-ceiling\/\" target=\"_blank\">aluminium strip ceiling<\/a><\/li>\r\r\n<li><a href=\"https:\/\/sinoextrud.com\/what-is-a-heat-sink\/\" target=\"_blank\">what is a heat sink<\/a><\/li>\r\r\n<\/ul>","product_chanpin_chanpin":"<li><a href=\"https:\/\/sinoextrud.com\/product\/aluminum-extrusion-channel-profiles\/\" target=\"_blank\">Aluminum Extrusion Channel Profiles<\/a><\/li>\r\n<li><a href=\"https:\/\/sinoextrud.com\/product\/aluminum-extrusion-standards\/\" target=\"_blank\">Aluminum Extrusion Standards<\/a><\/li>\r\n<li><a href=\"https:\/\/sinoextrud.com\/product\/aluminum-heat-sink\/\" target=\"_blank\">Aluminum Heat Sink<\/a><\/li>\r\n<li><a href=\"https:\/\/sinoextrud.com\/product\/aluminum-outdoor-enclose-heat-sinks\/\" target=\"_blank\">Aluminum outdoor enclose heat sinks<\/a><\/li>\r\n<li><a href=\"https:\/\/sinoextrud.com\/product\/aluminum-pipe-handrail\/\" target=\"_blank\">Aluminum Pipe Handrail<\/a><\/li>\r\n<li><a href=\"https:\/\/sinoextrud.com\/product\/aluminum-profile-clean-room-for-workshop-and-hospital\/\" target=\"_blank\">Aluminum Profile Clean Room for Workshop and Hospital<\/a><\/li>\r\n<li><a href=\"https:\/\/sinoextrud.com\/product\/aluminum-profile-t-slot-for-machine-frame\/\" target=\"_blank\">Aluminum Profile T-Slot For Machine Frame<\/a><\/li>\r\n<li><a href=\"https:\/\/sinoextrud.com\/product\/aluminum-trailer-floor-extrusions\/\" target=\"_blank\">Aluminum Trailer Floor Extrusions<\/a><\/li>\r\n<li><a href=\"https:\/\/sinoextrud.com\/product\/cnc-aluminum-bar-profile-for-instrument\/\" target=\"_blank\">CNC Aluminum Bar Profile For Instrument<\/a><\/li>\r\n<li><a href=\"https:\/\/sinoextrud.com\/product\/aluminum-frame-for-solar-panel-and-light-box\/\" target=\"_blank\">Aluminum Frame For Solar Panel And Light-Box<\/a><\/li>\r\n<li><a href=\"https:\/\/sinoextrud.com\/product\/aluminum-window\/\" target=\"_blank\">Aluminum Window<\/a><\/li>"},"feature_list":[]},"_links":{"self":[{"href":"https:\/\/sinoextrud.com\/cs\/wp-json\/wp\/v2\/product\/8320","targetHints":{"allow":["GET"]}}],"collection":[{"href":"https:\/\/sinoextrud.com\/cs\/wp-json\/wp\/v2\/product"}],"about":[{"href":"https:\/\/sinoextrud.com\/cs\/wp-json\/wp\/v2\/types\/product"}],"wp:featuredmedia":[{"embeddable":true,"href":"https:\/\/sinoextrud.com\/cs\/wp-json\/wp\/v2\/media\/8319"}],"wp:attachment":[{"href":"https:\/\/sinoextrud.com\/cs\/wp-json\/wp\/v2\/media?parent=8320"}],"wp:term":[{"taxonomy":"category","embeddable":true,"href":"https:\/\/sinoextrud.com\/cs\/wp-json\/wp\/v2\/categories?post=8320"}],"curies":[{"name":"wp","href":"https:\/\/api.w.org\/{rel}","templated":true}]}}