{"id":8318,"date":"2025-06-15T06:19:15","date_gmt":"2025-06-15T06:19:15","guid":{"rendered":"https:\/\/sinoextrud.com\/product\/aluminum-outdoor-enclose-heat-sinks\/"},"modified":"2025-06-24T06:23:34","modified_gmt":"2025-06-24T06:23:34","slug":"hlinikove-venkovni-uzavrene-chladice","status":"publish","type":"product","link":"https:\/\/sinoextrud.com\/cs\/product\/aluminum-outdoor-enclose-heat-sinks\/","title":{"rendered":"Hlin\u00edkov\u00e9 venkovn\u00ed kryty chladi\u010d\u016f"},"content":{"rendered":"<h2>Podrobnosti o produktech<\/h2>\n<table class=\"custom-table\">\n<tr>\n<td class=\"label\">Materi\u00e1l<\/td>\n<td>Hlin\u00edkov\u00e1 slitina6063\/5052, voliteln\u011b podle p\u0159\u00e1n\u00ed z\u00e1kazn\u00edka.<\/td>\n<\/tr>\n<tr>\n<td class=\"label\">Struktura<\/td>\n<td>SplitExtrusionHlin\u00edk<\/td>\n<\/tr>\n<tr>\n<td class=\"label\">Mont\u00e1\u017e<\/td>\n<td>2d\u00edln\u00fd rozd\u011blovac\u00ed kryt + 2 koncov\u00e9 desky (tlou\u0161\u0165ka 1,5 mm) + 8 \u0161roub\u016f (M3X6D)<\/td>\n<\/tr>\n<tr>\n<td class=\"label\">Dokon\u010dovac\u00ed pr\u00e1ce<\/td>\n<td>MillFinished, eloxovan\u00e9, p\u00edskovan\u00e9, Silkscreen.Engraved, vrtan\u00e9 otvory<\/td>\n<\/tr>\n<tr>\n<td class=\"label\">V\u00fdkon<\/td>\n<td>Lehk\u00e1, odoln\u00e1 a siln\u00e1, nekoroduj\u00edc\u00ed, vyza\u0159uj\u00edc\u00ed<\/td>\n<\/tr>\n<tr>\n<td class=\"label\">V\u00fdroba<\/td>\n<td>1.One-stopFacility<br \/>\n2.T\u011bsn\u00e9 tolerancep\u0159\u00edsn\u011b podle v\u00fdkresu<br \/>\n3.In-procesn\u00ed kontrola, \u00fapln\u00e1 kontrola p\u0159ed odesl\u00e1n\u00edm.<br \/>\n4.Excellentelectromagneticshieldingperformance<br \/>\n5.Built-ingroovesholdcircuitboard<br \/>\n6.Extrudovan\u00fd hlin\u00edkov\u00fd kryt p\u0159enosn\u00e9ho gener\u00e1toru s koncovou deskou<\/td>\n<\/tr>\n<\/table>\n<h2>Na\u0161e v\u00fdrobn\u00ed z\u00e1kladna<\/h2>\n<h3>Panorama tov\u00e1rny<\/h3>\n<p><img decoding=\"async\" src=\"\/wp-content\/uploads\/factory-01.webp\"\/><\/p>\n<h3>D\u00edlna na v\u00fdrobu hlin\u00edkov\u00fdch ty\u010d\u00ed<\/h3>\n<p><img decoding=\"async\" src=\"\/wp-content\/uploads\/factory-02.webp\"\/><\/p>\n<p><img decoding=\"async\" src=\"\/wp-content\/uploads\/factory-03.webp\"\/><\/p>\n<h3>Sklad pl\u00edsn\u00ed<\/h3>\n<p><img decoding=\"async\" src=\"\/wp-content\/uploads\/factory-04.webp\"\/><\/p>\n<h3>43 linek na vytla\u010dov\u00e1n\u00ed hlin\u00edku (500-5500 tun)<\/h3>\n<p><img decoding=\"async\" src=\"\/wp-content\/uploads\/factory-05.webp\"\/><\/p>\n<p><img decoding=\"async\" src=\"\/wp-content\/uploads\/factory-06.webp\"\/><\/p>\n<p><img decoding=\"async\" src=\"\/wp-content\/uploads\/factory-07.webp\"\/><\/p>\n<h3>D\u00edlna pr\u00e1\u0161kov\u00e9ho lakov\u00e1n\u00ed<\/h3>\n<p><img decoding=\"async\" src=\"\/wp-content\/uploads\/factory-09.webp\"\/><\/p>\n<h3>D\u00edlna eloxov\u00e1n\u00ed<\/h3>\n<p><img decoding=\"async\" src=\"\/wp-content\/uploads\/factory-10.webp\"\/><\/p>\n<h3>Workshop o hloubkov\u00e9m zpracov\u00e1n\u00ed<\/h3>\n<p><img decoding=\"async\" src=\"\/wp-content\/uploads\/factory-11.webp\"\/><\/p>\n<h3>D\u00edlna CNC p\u0159esn\u00e9ho obr\u00e1b\u011bn\u00ed<\/h3>\n<p><img decoding=\"async\" src=\"\/wp-content\/uploads\/factory-11.5.webp\"\/><\/p>\n<h3>Sklad hotov\u00fdch v\u00fdrobk\u016f a exportn\u00ed sklad<\/h3>\n<p><img decoding=\"async\" src=\"\/wp-content\/uploads\/factory-12.webp\"\/><\/p>\n<p><img decoding=\"async\" src=\"\/wp-content\/uploads\/factory-13.webp\"\/><\/p>\n<p><img decoding=\"async\" src=\"\/wp-content\/uploads\/factory-14.webp\"\/><\/p>\n<h2>\u010cASTO KLADEN\u00c9 DOTAZY<\/h2>\n<p><p><b>1.K \u010demu se pou\u017e\u00edvaj\u00ed hlin\u00edkov\u00e9 venkovn\u00ed uzav\u0159en\u00e9 chladi\u010de?<\/b><\/p>\n<p>Hlin\u00edkov\u00e9 venkovn\u00ed uzav\u0159en\u00e9 chladi\u010de se pou\u017e\u00edvaj\u00ed k odv\u00e1d\u011bn\u00ed tepla z elektronick\u00fdch za\u0159\u00edzen\u00ed ve venkovn\u00edm prost\u0159ed\u00ed a zaji\u0161\u0165uj\u00ed optim\u00e1ln\u00ed v\u00fdkon a dlouhou \u017eivotnost za\u0159\u00edzen\u00ed.<br \/>\n<\/p><br \/>\n<br \/>\n<p><b>2.Pro\u010d je hlin\u00edk preferovan\u00fdm materi\u00e1lem pro venkovn\u00ed chladi\u010de?<\/b><\/p>\n<p>Hlin\u00edk je lehk\u00fd, odoln\u00fd proti korozi a m\u00e1 vynikaj\u00edc\u00ed tepelnou vodivost, tak\u017ee je ide\u00e1ln\u00ed pro venkovn\u00ed chladi\u010de, kter\u00e9 mus\u00ed odol\u00e1vat drsn\u00fdm podm\u00ednk\u00e1m prost\u0159ed\u00ed.<br \/>\n<\/p><br \/>\n<br \/>\n<p><b>3.Jak hlin\u00edkov\u00e9 venkovn\u00ed chladi\u010de zlep\u0161uj\u00ed v\u00fdkon elektronick\u00fdch za\u0159\u00edzen\u00ed?<\/b><\/p>\n<p>Hlin\u00edkov\u00e9 venkovn\u00ed chladi\u010de \u00fa\u010dinn\u011b odv\u00e1d\u011bj\u00ed teplo a zabra\u0148uj\u00ed tak p\u0159eh\u0159\u00edv\u00e1n\u00ed, co\u017e pom\u00e1h\u00e1 udr\u017eovat v\u00fdkon, stabilitu a \u017eivotnost elektronick\u00fdch za\u0159\u00edzen\u00ed.<br \/>\n<\/p><br \/>\n<br \/>\n<p><b>4.Jsou hlin\u00edkov\u00e9 venkovn\u00ed uzav\u0159en\u00e9 chladi\u010de p\u0159izp\u016fsobiteln\u00e9?<\/b><\/p>\n<p>Ano, tyto chladi\u010de lze p\u0159izp\u016fsobit z hlediska velikosti, tvaru a designu tak, aby vyhovovaly specifick\u00fdm pot\u0159eb\u00e1m chlazen\u00ed r\u016fzn\u00fdch elektronick\u00fdch aplikac\u00ed.<br \/>\n<\/p><br \/>\n<br \/>\n<p><b>5.Jak dlouho vydr\u017e\u00ed hlin\u00edkov\u00e9 venkovn\u00ed uzav\u0159en\u00e9 chladi\u010de?<\/b><\/p>\n<p>Hlin\u00edkov\u00e9 venkovn\u00ed uzav\u0159en\u00e9 chladi\u010de jsou vysoce odoln\u00e9 a korozivzdorn\u00e9, co\u017e zaji\u0161\u0165uje dlouhodob\u00fd v\u00fdkon i v n\u00e1ro\u010dn\u00fdch venkovn\u00edch podm\u00ednk\u00e1ch.<br \/>\n<\/p><br \/>\n<br \/>\n<p><b>6.Lze hlin\u00edkov\u00e9 venkovn\u00ed uzav\u0159en\u00e9 chladi\u010de pou\u017e\u00edvat za v\u0161ech pov\u011btrnostn\u00edch podm\u00ednek?<\/b><\/p>\n<p>Ano, d\u00edky korozivzdorn\u00fdm vlastnostem hlin\u00edku jsou tyto chladi\u010de vhodn\u00e9 do v\u0161ech pov\u011btrnostn\u00edch podm\u00ednek a poskytuj\u00ed spolehliv\u00fd tepeln\u00fd management ve venkovn\u00edm prost\u0159ed\u00ed.<br \/>\n<\/p><br \/>\n<br \/>\n<p><b>7.Jak p\u0159isp\u00edvaj\u00ed hlin\u00edkov\u00e9 venkovn\u00ed uzav\u0159en\u00e9 chladi\u010de k udr\u017eitelnosti?<\/b><\/p>\n<p>Hlin\u00edk je recyklovateln\u00fd materi\u00e1l a pou\u017eit\u00edm hlin\u00edkov\u00fdch venkovn\u00edch kryt\u016f chladi\u010d\u016f mohou spole\u010dnosti p\u0159isp\u011bt k udr\u017eitelnosti a z\u00e1rove\u0148 zajistit \u00fa\u010dinn\u00e9 chlazen\u00ed elektronick\u00fdch za\u0159\u00edzen\u00ed.<br \/>\n<\/p><br \/><\/p>","protected":false},"featured_media":8317,"template":"","categories":[54],"class_list":["post-8318","product","type-product","status-publish","has-post-thumbnail","hentry","category-industrial-aluminum-profiles"],"meta_box":{"hilight_text_group":{"product_hilight_text":"<li>Aluminum outdoor enclose heat sinks provide efficient heat dissipation, enhancing the performance and lifespan of electronic devices.<\/li>\r\r\n<li>Corrosion-resistant aluminum ensures durability in outdoor environments, protecting against harsh weather conditions.<\/li>\r\r\n<li>Lightweight yet sturdy construction offers ease of installation while maintaining structural integrity.<\/li>\r\r\n<li>Customizable designs and sizes to meet specific thermal management requirements for various outdoor applications.<\/li>\r\r\n<li>Environmentally friendly and recyclable, contributing to sustainable practices in electronics cooling solutions.<\/li>","product_chanpin_blog":"<ul>\r\r\n<li><a href=\"https:\/\/sinoextrud.com\/t-slot-v-slot-differences\/\" target=\"_blank\">t slot vs v slot<\/a><\/li>\r\r\n<li><a href=\"https:\/\/sinoextrud.com\/what-is-4040-aluminium-extrud\/\" target=\"_blank\">4040 aluminium extrusion<\/a><\/li>\r\r\n<li><a href=\"https:\/\/sinoextrud.com\/what-is-4040-aluminium-extrud\/\" target=\"_blank\">aluminum extrusions for industrial racks<\/a><\/li>\r\r\n<li><a href=\"https:\/\/sinoextrud.com\/powder-coating-aluminium-process\/\" target=\"_blank\">powder coating aluminium<\/a><\/li>\r\r\n<li><a href=\"https:\/\/sinoextrud.com\/what-is-an-aluminium-strip-ceiling\/\" target=\"_blank\">aluminium strip ceiling<\/a><\/li>\r\r\n<li><a href=\"https:\/\/sinoextrud.com\/what-is-a-heat-sink\/\" target=\"_blank\">what is a heat sink<\/a><\/li>\r\r\n<\/ul>","product_chanpin_chanpin":"<li><a href=\"https:\/\/sinoextrud.com\/product\/aluminum-extruded-products\/\" target=\"_blank\">Aluminum Extruded Products<\/a><\/li>\r\n<li><a href=\"https:\/\/sinoextrud.com\/product\/aluminum-extrusion-channel-profiles\/\" target=\"_blank\">Aluminum Extrusion Channel Profiles<\/a><\/li>\r\n<li><a href=\"https:\/\/sinoextrud.com\/product\/aluminum-extrusion-standards\/\" target=\"_blank\">Aluminum Extrusion Standards<\/a><\/li>\r\n<li><a href=\"https:\/\/sinoextrud.com\/product\/aluminum-heat-sink\/\" target=\"_blank\">Aluminum Heat Sink<\/a><\/li>\r\n<li><a href=\"https:\/\/sinoextrud.com\/product\/aluminum-outdoor-enclose-heat-sinks\/\" target=\"_blank\">Aluminum outdoor enclose heat sinks<\/a><\/li>\r\n<li><a href=\"https:\/\/sinoextrud.com\/product\/aluminum-pipe-handrail\/\" target=\"_blank\">Aluminum Pipe Handrail<\/a><\/li>\r\n<li><a href=\"https:\/\/sinoextrud.com\/product\/aluminum-profile-clean-room-for-workshop-and-hospital\/\" target=\"_blank\">Aluminum Profile Clean Room for Workshop and Hospital<\/a><\/li>\r\n<li><a href=\"https:\/\/sinoextrud.com\/product\/aluminum-profile-t-slot-for-machine-frame\/\" target=\"_blank\">Aluminum Profile T-Slot For Machine Frame<\/a><\/li>\r\n<li><a href=\"https:\/\/sinoextrud.com\/product\/aluminum-trailer-floor-extrusions\/\" target=\"_blank\">Aluminum Trailer Floor Extrusions<\/a><\/li>\r\n<li><a href=\"https:\/\/sinoextrud.com\/product\/anodized-aluminium-profile-value-frame-extrusion\/\" target=\"_blank\">Anodized Aluminium Profile Value Frame Extrusion<\/a><\/li>\r\n<li><a href=\"https:\/\/sinoextrud.com\/product\/aluminium-piping\/\" target=\"_blank\">Aluminium Piping<\/a><\/li>"},"feature_list":[]},"_links":{"self":[{"href":"https:\/\/sinoextrud.com\/cs\/wp-json\/wp\/v2\/product\/8318","targetHints":{"allow":["GET"]}}],"collection":[{"href":"https:\/\/sinoextrud.com\/cs\/wp-json\/wp\/v2\/product"}],"about":[{"href":"https:\/\/sinoextrud.com\/cs\/wp-json\/wp\/v2\/types\/product"}],"wp:featuredmedia":[{"embeddable":true,"href":"https:\/\/sinoextrud.com\/cs\/wp-json\/wp\/v2\/media\/8317"}],"wp:attachment":[{"href":"https:\/\/sinoextrud.com\/cs\/wp-json\/wp\/v2\/media?parent=8318"}],"wp:term":[{"taxonomy":"category","embeddable":true,"href":"https:\/\/sinoextrud.com\/cs\/wp-json\/wp\/v2\/categories?post=8318"}],"curies":[{"name":"wp","href":"https:\/\/api.w.org\/{rel}","templated":true}]}}