{"id":8312,"date":"2025-06-15T06:14:42","date_gmt":"2025-06-15T06:14:42","guid":{"rendered":"https:\/\/sinoextrud.com\/product\/aluminum-extrusion-channel-profiles\/"},"modified":"2025-06-24T06:23:33","modified_gmt":"2025-06-24T06:23:33","slug":"hlinikove-vytlacovaci-profily-3","status":"publish","type":"product","link":"https:\/\/sinoextrud.com\/cs\/product\/aluminum-extrusion-channel-profiles\/","title":{"rendered":"Hlin\u00edkov\u00e9 vytla\u010dovac\u00ed profily"},"content":{"rendered":"<h2>Podrobnosti o produktech<\/h2>\n<table class=\"custom-table\">\n<tbody>\n<tr>\n<td> N\u00e1zev<\/td>\n<td> Hlin\u00edkov\u00e9 vytla\u010dovac\u00ed kan\u00e1lov\u00e9 profily<\/td>\n<\/tr>\n<tr>\n<td> Zna\u010dka<\/td>\n<td> Sinoextrud\/<\/td>\n<\/tr>\n<tr>\n<td> Kategorie<\/td>\n<td> Hlin\u00edkov\u00fd v\u00fdlisek<\/td>\n<\/tr>\n<tr>\n<td> Materi\u00e1l<\/td>\n<td> K dispozici je hlin\u00edkov\u00e1 slitina (6063, 6061, 6464, 6082), s\u00e9rie 1000 a 3000.<\/td>\n<\/tr>\n<tr>\n<td> Temperament<\/td>\n<td> T5-T8<\/td>\n<\/tr>\n<tr>\n<td> D\u00e9lka<\/td>\n<td> Podle v\u00fdkresu<\/td>\n<\/tr>\n<tr>\n<td> Velikost (mm)<\/td>\n<td> R\u016fzn\u00e9 velikosti jsou k dispozici, z\u00e1kaznick\u00fd v\u00fdkres je k dispozici<\/td>\n<\/tr>\n<tr>\n<td> Tvar<\/td>\n<td> Kan\u00e1l \/ P\u0159izp\u016fsoben\u00ed<\/td>\n<\/tr>\n<tr>\n<td> Povrchov\u00e1 \u00faprava<\/td>\n<td> Povrchov\u00e1 \u00faprava; k dispozici je tak\u00e9 eloxov\u00e1n\u00ed, p\u00edskov\u00e1n\u00ed a elektrofor\u00e9za.<\/td>\n<\/tr>\n<tr>\n<td> Barva<\/td>\n<td> St\u0159\u00edbrn\u00e1, \u010dern\u00e1, zlat\u00e1, Champange, bronzov\u00e1, \u010derven\u00e1. modr\u00e1 a m\u016f\u017eeme p\u0159izp\u016fsobit barvy na z\u00e1klad\u011b vzork\u016f z\u00e1kazn\u00edk\u016f.<\/td>\n<\/tr>\n<tr>\n<td> Z\u00e1ruka<\/td>\n<td> BV , TUV , ISO<\/td>\n<\/tr>\n<tr>\n<td> Standardn\u00ed<\/td>\n<td> St\u0159edn\u00ed a vysok\u00e1 kvalita<\/td>\n<\/tr>\n<tr>\n<td> MOQ<\/td>\n<td> 200KGS pro ka\u017edou polo\u017eku<\/td>\n<\/tr>\n<tr>\n<td> Z<\/td>\n<td> Guangdong, \u010c\u00edna<\/td>\n<\/tr>\n<tr>\n<td> Aplikace<\/td>\n<td> Pr\u016fmysl, stavebnictv\u00ed, dekorace<\/td>\n<\/tr>\n<tr>\n<td> Hloubkov\u00e9 zpracov\u00e1n\u00ed<\/td>\n<td> \u0158ez\u00e1n\u00ed, vrt\u00e1n\u00ed, obr\u00e1b\u011bn\u00ed, d\u011brov\u00e1n\u00ed, oh\u00fdb\u00e1n\u00ed, z\u00e1vitov\u00e1n\u00ed atd.<\/td>\n<\/tr>\n<tr>\n<td> Bal\u00ed\u010dek<\/td>\n<td> Uvnit\u0159 s ochrannou f\u00f3li\u00ed, smr\u0161\u0165ovac\u00ed f\u00f3li\u00ed nebo PE p\u011bnou. Vn\u011bj\u0161\u00ed strana s krabic\u00ed, kartonem nebo d\u0159ev\u011bn\u00fdm r\u00e1mem nebo p\u0159izp\u016fsoben\u00edm.<\/td>\n<\/tr>\n<tr>\n<td> Doba dod\u00e1n\u00ed<\/td>\n<td> V\u00fdvoj formy a konformace vzorku je 12-18 dn\u00ed, pak je doba v\u00fdroby 25-30 dn\u00ed po obdr\u017een\u00ed z\u00e1lohy od kupuj\u00edc\u00edho.<\/td>\n<\/tr>\n<tr>\n<td> Kapacita v\u00fdrobku<\/td>\n<td> V\u00edce ne\u017e 15 000 tun m\u011bs\u00ed\u010dn\u011b<\/td>\n<\/tr>\n<\/tbody>\n<\/table>\n<h2>Na\u0161e v\u00fdrobn\u00ed z\u00e1kladna<\/h2>\n<h3>Panorama tov\u00e1rny<\/h3>\n<p><img decoding=\"async\" src=\"\/wp-content\/uploads\/factory-01.webp\"\/><\/p>\n<h3>D\u00edlna na v\u00fdrobu hlin\u00edkov\u00fdch ty\u010d\u00ed<\/h3>\n<p><img decoding=\"async\" src=\"\/wp-content\/uploads\/factory-02.webp\"\/><\/p>\n<p><img decoding=\"async\" src=\"\/wp-content\/uploads\/factory-03.webp\"\/><\/p>\n<h3>Sklad pl\u00edsn\u00ed<\/h3>\n<p><img decoding=\"async\" src=\"\/wp-content\/uploads\/factory-04.webp\"\/><\/p>\n<h3>43 linek na vytla\u010dov\u00e1n\u00ed hlin\u00edku (500 - 5500 tun)<\/h3>\n<p><img decoding=\"async\" src=\"\/wp-content\/uploads\/factory-05.webp\"\/><\/p>\n<p><img decoding=\"async\" src=\"\/wp-content\/uploads\/factory-06.webp\"\/><\/p>\n<p><img decoding=\"async\" src=\"\/wp-content\/uploads\/factory-07.webp\"\/><\/p>\n<h3>D\u00edlna pr\u00e1\u0161kov\u00e9ho lakov\u00e1n\u00ed<\/h3>\n<p><img decoding=\"async\" src=\"\/wp-content\/uploads\/factory-09.webp\"\/><\/p>\n<h3>D\u00edlna eloxov\u00e1n\u00ed<\/h3>\n<p><img decoding=\"async\" src=\"\/wp-content\/uploads\/factory-10.webp\"\/><\/p>\n<h3>Workshop o hloubkov\u00e9m zpracov\u00e1n\u00ed<\/h3>\n<p><img decoding=\"async\" src=\"\/wp-content\/uploads\/factory-11.webp\"\/><\/p>\n<h3>D\u00edlna CNC p\u0159esn\u00e9ho obr\u00e1b\u011bn\u00ed<\/h3>\n<p><img decoding=\"async\" src=\"\/wp-content\/uploads\/factory-11.5.webp\"\/><\/p>\n<h3>Sklad hotov\u00fdch v\u00fdrobk\u016f a exportn\u00ed sklad<\/h3>\n<p><img decoding=\"async\" src=\"\/wp-content\/uploads\/factory-12.webp\"\/><\/p>\n<p><img decoding=\"async\" src=\"\/wp-content\/uploads\/factory-13.webp\"\/><\/p>\n<p><img decoding=\"async\" src=\"\/wp-content\/uploads\/factory-14.webp\"\/><\/p>\n<h2>\u010cASTO KLADEN\u00c9 DOTAZY<\/h2>\n<p><p><b>1.D\u00edky \u010demu jsou hlin\u00edkov\u00e9 vytla\u010dovac\u00ed profily vhodn\u00e9 pro konstruk\u010dn\u00ed aplikace? <\/b><\/p>\n<p> Hlin\u00edkov\u00e9 vytla\u010dovac\u00ed kan\u00e1lov\u00e9 profily jsou pevn\u00e9, lehk\u00e9 a odoln\u00e9 proti korozi, tak\u017ee poskytuj\u00ed trvanlivost a v\u0161estrannost pot\u0159ebnou pro r\u016fzn\u00e1 konstruk\u010dn\u00ed pou\u017eit\u00ed.<br \/>\n<\/p><br \/>\n<br \/>\n<p><b>2.Can hlin\u00edkov\u00e9 vytla\u010dovac\u00ed profily kan\u00e1lu b\u00fdt p\u0159izp\u016fsobeny? <\/b><\/p>\n<p> Ano, jejich velikost, d\u00e9lku a design lze p\u0159izp\u016fsobit specifick\u00fdm po\u017eadavk\u016fm pro r\u016fzn\u00e9 aplikace.<br \/>\n<\/p><br \/>\n<br \/>\n<p><b>3.Jak odoln\u00e9 jsou hlin\u00edkov\u00e9 profily pro vytla\u010dov\u00e1n\u00ed kan\u00e1l\u016f? <\/b><\/p>\n<p> Jsou vysoce odoln\u00e9 a maj\u00ed vynikaj\u00edc\u00ed odolnost proti korozi, kter\u00e1 zaji\u0161\u0165uje dlouhotrvaj\u00edc\u00ed v\u00fdkon v \u0161irok\u00e9m spektru prost\u0159ed\u00ed.<br \/>\n<\/p><br \/>\n<br \/>\n<p><b>4.Jak\u00e1 pr\u016fmyslov\u00e1 odv\u011btv\u00ed t\u011b\u017e\u00ed z pou\u017e\u00edv\u00e1n\u00ed hlin\u00edkov\u00fdch profil\u016f pro vytla\u010dov\u00e1n\u00ed kan\u00e1l\u016f? <\/b><\/p>\n<p> Tyto profily se hojn\u011b pou\u017e\u00edvaj\u00ed v pr\u016fmyslov\u00fdch odv\u011btv\u00edch, jako je stavebnictv\u00ed, v\u00fdroba, automobilov\u00fd pr\u016fmysl a elektronika, pro r\u00e1mov\u00e1n\u00ed, podporu a konstruk\u010dn\u00ed pot\u0159eby.<br \/>\n<\/p><br \/>\n<br \/>\n<p><b>5.Pracuje se s hlin\u00edkov\u00fdmi profily snadno? <\/b><\/p>\n<p> Ano, snadno se vyr\u00e1b\u011bj\u00ed, obr\u00e1b\u011bj\u00ed a montuj\u00ed, co\u017e pom\u00e1h\u00e1 zkr\u00e1tit v\u00fdrobn\u00ed \u010das a n\u00e1klady.<br \/>\n<\/p><br \/>\n<br \/>\n<p><b>6.Jak hlin\u00edkov\u00e9 vytla\u010dovac\u00ed profily zlep\u0161uj\u00ed efektivitu projektu? <\/b><\/p>\n<p> Snadn\u00e1 v\u00fdroba a mo\u017enosti p\u0159izp\u016fsoben\u00ed umo\u017e\u0148uj\u00ed rychlou mont\u00e1\u017e a p\u0159izp\u016fsoben\u00ed designu, co\u017e zvy\u0161uje efektivitu projektu a zkracuje dobu realizace.<br \/>\n<\/p><br \/>\n<br \/>\n<p><b>7.Is hlin\u00edkov\u00e9 vytla\u010dov\u00e1n\u00ed kan\u00e1lov\u00e9 profily \u0161etrn\u00e9 k \u017eivotn\u00edmu prost\u0159ed\u00ed? <\/b><\/p>\n<p> Ano, hlin\u00edk je pln\u011b recyklovateln\u00fd materi\u00e1l, tak\u017ee tyto profily jsou ekologick\u00fdm \u0159e\u0161en\u00edm pro r\u016fzn\u00e9 pr\u016fmyslov\u00e9 aplikace.<br \/>\n<\/p><br \/><\/p>","protected":false},"featured_media":8311,"template":"","categories":[54],"class_list":["post-8312","product","type-product","status-publish","has-post-thumbnail","hentry","category-industrial-aluminum-profiles"],"meta_box":{"hilight_text_group":{"product_hilight_text":"<ul>\r\r\n  <li>Durable aluminum extrusion channel profiles suitable for various structural applications<\/li>\r\r\n  <li>Lightweight yet strong, offering a balance of performance and weight savings<\/li>\r\r\n  <li>Corrosion-resistant, ensuring long-lasting reliability in different environments<\/li>\r\r\n  <li>Customizable sizes and designs to meet specific project requirements<\/li>\r\r\n  <li>Excellent for use in framing, support structures, and enclosures<\/li>\r\r\n  <li>Easy to fabricate, machine, and assemble, reducing production costs and time<\/li>\r\r\n  <li>Environmentally friendly, as aluminum is fully recyclable<\/li>\r\r\n<\/ul>","product_chanpin_blog":"<ul>\r\r\n<li><a href=\"https:\/\/sinoextrud.com\/t-slot-v-slot-differences\/\" target=\"_blank\">t slot vs v slot<\/a><\/li>\r\r\n<li><a href=\"https:\/\/sinoextrud.com\/what-is-4040-aluminium-extrud\/\" target=\"_blank\">4040 aluminium extrusion<\/a><\/li>\r\r\n<li><a href=\"https:\/\/sinoextrud.com\/what-is-4040-aluminium-extrud\/\" target=\"_blank\">aluminum extrusions for industrial racks<\/a><\/li>\r\r\n<li><a href=\"https:\/\/sinoextrud.com\/powder-coating-aluminium-process\/\" target=\"_blank\">powder coating aluminium<\/a><\/li>\r\r\n<li><a href=\"https:\/\/sinoextrud.com\/what-is-an-aluminium-strip-ceiling\/\" target=\"_blank\">aluminium strip ceiling<\/a><\/li>\r\r\n<li><a href=\"https:\/\/sinoextrud.com\/what-is-a-heat-sink\/\" target=\"_blank\">what is a heat sink<\/a><\/li>\r\r\n<\/ul>","product_chanpin_chanpin":"<li><a href=\"https:\/\/sinoextrud.com\/product\/aluminium-seamless-pipe\/\" target=\"_blank\">Aluminium Seamless Pipe<\/a><\/li>\r\n<li><a href=\"https:\/\/sinoextrud.com\/product\/aluminum-alloy-section\/\" target=\"_blank\">Aluminum Alloy Section<\/a><\/li>\r\n<li><a href=\"https:\/\/sinoextrud.com\/product\/aluminum-balustrade-handrail\/\" target=\"_blank\">Aluminum Balustrade Handrail<\/a><\/li>\r\n<li><a href=\"https:\/\/sinoextrud.com\/product\/aluminum-extruded-products\/\" target=\"_blank\">Aluminum Extruded Products<\/a><\/li>\r\n<li><a href=\"https:\/\/sinoextrud.com\/product\/aluminum-extrusion-channel-profiles\/\" target=\"_blank\">Aluminum Extrusion Channel Profiles<\/a><\/li>\r\n<li><a href=\"https:\/\/sinoextrud.com\/product\/aluminum-extrusion-standards\/\" target=\"_blank\">Aluminum Extrusion Standards<\/a><\/li>\r\n<li><a href=\"https:\/\/sinoextrud.com\/product\/aluminum-heat-sink\/\" target=\"_blank\">Aluminum Heat Sink<\/a><\/li>\r\n<li><a href=\"https:\/\/sinoextrud.com\/product\/aluminum-outdoor-enclose-heat-sinks\/\" target=\"_blank\">Aluminum outdoor enclose heat sinks<\/a><\/li>\r\n<li><a href=\"https:\/\/sinoextrud.com\/product\/aluminum-pipe-handrail\/\" target=\"_blank\">Aluminum Pipe Handrail<\/a><\/li>\r\n<li><a href=\"https:\/\/sinoextrud.com\/product\/aerospace-aluminum-extrusions\/\" target=\"_blank\">Aerospace Aluminum Extrusions<\/a><\/li>\r\n<li><a href=\"https:\/\/sinoextrud.com\/product\/aluminium-extrusion-bar-outdoor-power-aluminum-case\/\" target=\"_blank\">Aluminium Extrusion Bar Outdoor Power Aluminum Case<\/a><\/li>"},"feature_list":[]},"_links":{"self":[{"href":"https:\/\/sinoextrud.com\/cs\/wp-json\/wp\/v2\/product\/8312","targetHints":{"allow":["GET"]}}],"collection":[{"href":"https:\/\/sinoextrud.com\/cs\/wp-json\/wp\/v2\/product"}],"about":[{"href":"https:\/\/sinoextrud.com\/cs\/wp-json\/wp\/v2\/types\/product"}],"wp:featuredmedia":[{"embeddable":true,"href":"https:\/\/sinoextrud.com\/cs\/wp-json\/wp\/v2\/media\/8311"}],"wp:attachment":[{"href":"https:\/\/sinoextrud.com\/cs\/wp-json\/wp\/v2\/media?parent=8312"}],"wp:term":[{"taxonomy":"category","embeddable":true,"href":"https:\/\/sinoextrud.com\/cs\/wp-json\/wp\/v2\/categories?post=8312"}],"curies":[{"name":"wp","href":"https:\/\/api.w.org\/{rel}","templated":true}]}}