{"id":8283,"date":"2025-06-14T06:49:44","date_gmt":"2025-06-14T06:49:44","guid":{"rendered":"https:\/\/sinoextrud.com\/product\/aluminium-extrusion-moulding\/"},"modified":"2025-06-24T06:23:30","modified_gmt":"2025-06-24T06:23:30","slug":"vytlacovani-hliniku-2","status":"publish","type":"product","link":"https:\/\/sinoextrud.com\/cs\/product\/aluminium-extrusion-moulding\/","title":{"rendered":"Vytla\u010dov\u00e1n\u00ed hlin\u00edku"},"content":{"rendered":"<h2>Podrobnosti o produktech<\/h2>\n<table class=\"custom-table\">\n<tbody>\n<tr>\n<td> Model NO.<\/td>\n<td> \u0158ada 6000<\/td>\n<td> Povrchov\u00e1 \u00faprava<\/td>\n<td> Povrchov\u00e1 \u00faprava<\/td>\n<\/tr>\n<tr>\n<td> Leguj\u00edc\u00ed p\u0159\u00edsada<\/td>\n<td> 6063-T5, 6061-T6, 6463-T5, 7075-T6, 6082<\/td>\n<td> Certifikace<\/td>\n<td> CE, SONCAP, ISO, CIQ, RoHS, TUV<\/td>\n<\/tr>\n<tr>\n<td> Le\u0161t\u011bn\u00fd hlin\u00edkov\u00fd profil<\/td>\n<td> Mechanick\u00e9 le\u0161t\u011bn\u00ed<\/td>\n<td> Doba dod\u00e1n\u00ed<\/td>\n<td> 20 dn\u00ed po p\u0159ijet\u00ed z\u00e1lohy<\/td>\n<\/tr>\n<tr>\n<td> Standardn\u00ed<\/td>\n<td> GB\/75237-2004, Q\/320281\/Pdwd-2008<\/td>\n<td> Term\u00edn platby<\/td>\n<td> T\/T, 30% z\u00e1loha, zat\u00edmco z\u016fstatek bude zaplacen<\/td>\n<\/tr>\n<tr>\n<td> P\u0159\u00edstav<\/td>\n<td> Shenzhen, Guangzhou, Foshan<\/td>\n<td> Z\u00e1ruka<\/td>\n<td> Barva povrchu je schopna vydr\u017eet 10 ~ 20 let F<\/td>\n<\/tr>\n<tr>\n<td> Barvy<\/td>\n<td> eloxovan\u00fd, d\u0159ev\u011bn\u00e9 zrno, pr\u00e1\u0161kov\u00fd lak<\/td>\n<td> Polo\u017eka<\/td>\n<td> Hlin\u00edkov\u00e9 profily<\/td>\n<\/tr>\n<tr>\n<td> MOQ<\/td>\n<td> 200KG pro ka\u017edou polo\u017eku<\/td>\n<td> Hloubkov\u00fd proces<\/td>\n<td> CNC, vrt\u00e1n\u00ed, fr\u00e9zov\u00e1n\u00ed, \u0159ez\u00e1n\u00ed, sva\u0159ov\u00e1n\u00ed, oh\u00fdb\u00e1n\u00ed<\/td>\n<\/tr>\n<tr>\n<td> Ochrann\u00e1 zn\u00e1mka<\/td>\n<td> OEM<\/td>\n<td> P\u0159epravn\u00ed bal\u00ed\u010dek<\/td>\n<td> Plastov\u00e1 f\u00f3lie nebo polystyrenov\u00fd s\u00e1\u010dek, vod\u011bodoln\u00fd \u0159emesln\u00fd pap\u00edr<\/td>\n<\/tr>\n<tr>\n<td> Specifikace<\/td>\n<td> 1-9m nebo p\u0159izp\u016fsoben\u00e1 velikost<\/td>\n<td> P\u016fvod<\/td>\n<td> Foshan, \u010c\u00edna<\/td>\n<\/tr>\n<tr>\n<td> 1-9m nebo p\u0159izp\u016fsoben\u00e1 velikost<\/td>\n<td> 76042100<\/td>\n<td> Povrchov\u00e1 \u00faprava<\/td>\n<td> pr\u00e1\u0161kov\u00e9 lakov\u00e1n\u00ed, elektrofor\u00e9za, kresba d\u0159eva, eloxov\u00e1n\u00ed, kart\u00e1\u010dov\u00e1n\u00ed, le\u0161t\u011bn\u00ed<\/td>\n<\/tr>\n<\/tbody>\n<\/table>\n<h2>Na\u0161e v\u00fdrobn\u00ed z\u00e1kladna<\/h2>\n<h3>Panorama tov\u00e1rny<\/h3>\n<p><img decoding=\"async\" src=\"\/wp-content\/uploads\/factory-01.webp\"\/><\/p>\n<h3>D\u00edlna na v\u00fdrobu hlin\u00edkov\u00fdch ty\u010d\u00ed<\/h3>\n<p><img decoding=\"async\" src=\"\/wp-content\/uploads\/factory-02.webp\"\/><\/p>\n<p><img decoding=\"async\" src=\"\/wp-content\/uploads\/factory-03.webp\"\/><\/p>\n<h3>Sklad pl\u00edsn\u00ed<\/h3>\n<p><img decoding=\"async\" src=\"\/wp-content\/uploads\/factory-04.webp\"\/><\/p>\n<h3>43 linek na vytla\u010dov\u00e1n\u00ed hlin\u00edku (500 - 5500 tun)<\/h3>\n<p><img decoding=\"async\" src=\"\/wp-content\/uploads\/factory-05.webp\"\/><\/p>\n<p><img decoding=\"async\" src=\"\/wp-content\/uploads\/factory-06.webp\"\/><\/p>\n<p><img decoding=\"async\" src=\"\/wp-content\/uploads\/factory-07.webp\"\/><\/p>\n<h3>D\u00edlna pr\u00e1\u0161kov\u00e9ho lakov\u00e1n\u00ed<\/h3>\n<p><img decoding=\"async\" src=\"\/wp-content\/uploads\/factory-09.webp\"\/><\/p>\n<h3>D\u00edlna eloxov\u00e1n\u00ed<\/h3>\n<p><img decoding=\"async\" src=\"\/wp-content\/uploads\/factory-10.webp\"\/><\/p>\n<h3>Workshop o hloubkov\u00e9m zpracov\u00e1n\u00ed<\/h3>\n<p><img decoding=\"async\" src=\"\/wp-content\/uploads\/factory-11.webp\"\/><\/p>\n<h3>D\u00edlna CNC p\u0159esn\u00e9ho obr\u00e1b\u011bn\u00ed<\/h3>\n<p><img decoding=\"async\" src=\"\/wp-content\/uploads\/factory-11.5.webp\"\/><\/p>\n<h3>Sklad hotov\u00fdch v\u00fdrobk\u016f a exportn\u00ed sklad<\/h3>\n<p><img decoding=\"async\" src=\"\/wp-content\/uploads\/factory-12.webp\"\/><\/p>\n<p><img decoding=\"async\" src=\"\/wp-content\/uploads\/factory-13.webp\"\/><\/p>\n<p><img decoding=\"async\" src=\"\/wp-content\/uploads\/factory-14.webp\"\/><\/p>\n<h2>\u010cASTO KLADEN\u00c9 DOTAZY<\/h2>\n<p><p><b>1.Pro\u010d je vytla\u010dov\u00e1n\u00ed hlin\u00edku ide\u00e1ln\u00ed pro profily a d\u00edly navr\u017een\u00e9 na m\u00edru? <\/b><\/p>\n<p> Vytla\u010dov\u00e1n\u00ed hlin\u00edku poskytuje vysokou p\u0159esnost a flexibilitu, co\u017e umo\u017e\u0148uje vytv\u00e1\u0159et vlastn\u00ed tvary a profily, kter\u00e9 spl\u0148uj\u00ed specifick\u00e9 konstruk\u010dn\u00ed pot\u0159eby.<br \/>\n<\/p><br \/>\n<br \/>\n<p><b>2.Can hlin\u00edkov\u00e9 vytla\u010dov\u00e1n\u00ed v\u00fdlisky b\u00fdt p\u0159izp\u016fsoben? <\/b><\/p>\n<p> Ano, vytla\u010dov\u00e1n\u00ed hlin\u00edku lze p\u0159izp\u016fsobit z hlediska velikosti, tvaru a povrchov\u00e9 \u00fapravy tak, aby spl\u0148ovalo jedine\u010dn\u00e9 po\u017eadavky r\u016fzn\u00fdch pr\u016fmyslov\u00fdch aplikac\u00ed.<br \/>\n<\/p><br \/>\n<br \/>\n<p><b>3.Jak trvanliv\u00e9 je vytla\u010dov\u00e1n\u00ed hlin\u00edku? <\/b><\/p>\n<p> Hlin\u00edkov\u00e9 vytla\u010dov\u00e1n\u00ed je d\u00edky sv\u00fdm korozivzdorn\u00fdm vlastnostem vysoce odoln\u00e9 a zaji\u0161\u0165uje dlouhodobou funk\u010dnost v r\u016fzn\u00fdch prost\u0159ed\u00edch.<br \/>\n<\/p><br \/>\n<br \/>\n<p><b>4.Pro jak\u00e1 pr\u016fmyslov\u00e1 odv\u011btv\u00ed je v\u00fdhodn\u00e9 vytla\u010dov\u00e1n\u00ed hlin\u00edku? <\/b><\/p>\n<p> Pr\u016fmyslov\u00e1 odv\u011btv\u00ed, jako je automobilov\u00fd pr\u016fmysl, stavebnictv\u00ed, elektronika a v\u00fdroba, vyu\u017e\u00edvaj\u00ed vytla\u010dov\u00e1n\u00ed hlin\u00edku k vytv\u00e1\u0159en\u00ed zak\u00e1zkov\u00fdch d\u00edl\u016f a profil\u016f.<br \/>\n<\/p><br \/>\n<br \/>\n<p><b>5.Je vytla\u010dov\u00e1n\u00ed hlin\u00edku n\u00e1kladov\u011b efektivn\u00ed? <\/b><\/p>\n<p> Ano, jedn\u00e1 se o n\u00e1kladov\u011b efektivn\u00ed proces, zejm\u00e9na pro velkos\u00e9riovou v\u00fdrobu, kter\u00fd nab\u00edz\u00ed st\u00e1lou kvalitu a sni\u017euje v\u00fdrobn\u00ed n\u00e1klady.<br \/>\n<\/p><br \/>\n<br \/>\n<p><b>6.Jak vytla\u010dov\u00e1n\u00ed hlin\u00edku zlep\u0161uje flexibilitu konstrukce? <\/b><\/p>\n<p> Proces vytla\u010dov\u00e1n\u00ed umo\u017e\u0148uje vytv\u00e1\u0159et slo\u017eit\u00e9 tvary a profily a poskytuje flexibilitu p\u0159i navrhov\u00e1n\u00ed p\u0159i zachov\u00e1n\u00ed struktur\u00e1ln\u00ed integrity.<br \/>\n<\/p><br \/>\n<br \/>\n<p><b>7.Je vytla\u010dov\u00e1n\u00ed hlin\u00edku \u0161etrn\u00e9 k \u017eivotn\u00edmu prost\u0159ed\u00ed? <\/b><\/p>\n<p> Ano, hlin\u00edk je pln\u011b recyklovateln\u00fd, co\u017e z n\u011bj \u010din\u00ed ekologicky \u0161etrnou volbu pro v\u00fdrobu zak\u00e1zkov\u00fdch d\u00edl\u016f a profil\u016f pro r\u016fzn\u00e9 aplikace.<br \/>\n<\/p><br \/><\/p>","protected":false},"featured_media":8282,"template":"","categories":[54],"class_list":["post-8283","product","type-product","status-publish","has-post-thumbnail","hentry","category-industrial-aluminum-profiles"],"meta_box":{"hilight_text_group":{"product_hilight_text":"<li>High-precision aluminium extrusion moulding for custom-designed profiles and parts<\/li>\r\r\n<li>Corrosion-resistant, ensuring long-lasting performance in various industrial environments<\/li>\r\r\n<li>Cost-effective production process for high-volume manufacturing with consistent quality<\/li>\r\r\n<li>Customizable designs, sizes, and finishes to meet specific project requirements<\/li>\r\r\n<li>Lightweight yet durable, offering strength without adding excessive weight<\/li>\r\r\n<li>Efficient for creating complex shapes and profiles, ideal for a wide range of applications<\/li>\r\r\n<li>Environmentally friendly, made from recyclable aluminum material<\/li>","product_chanpin_blog":"<ul>\r\r\n<li><a href=\"https:\/\/sinoextrud.com\/t-slot-v-slot-differences\/\" target=\"_blank\">t slot vs v slot<\/a><\/li>\r\r\n<li><a href=\"https:\/\/sinoextrud.com\/what-is-4040-aluminium-extrud\/\" target=\"_blank\">4040 aluminium extrusion<\/a><\/li>\r\r\n<li><a href=\"https:\/\/sinoextrud.com\/what-is-4040-aluminium-extrud\/\" target=\"_blank\">aluminum extrusions for industrial racks<\/a><\/li>\r\r\n<li><a href=\"https:\/\/sinoextrud.com\/powder-coating-aluminium-process\/\" target=\"_blank\">powder coating aluminium<\/a><\/li>\r\r\n<li><a href=\"https:\/\/sinoextrud.com\/what-is-an-aluminium-strip-ceiling\/\" target=\"_blank\">aluminium strip ceiling<\/a><\/li>\r\r\n<li><a href=\"https:\/\/sinoextrud.com\/what-is-a-heat-sink\/\" target=\"_blank\">what is a heat sink<\/a><\/li>\r\r\n<\/ul>","product_chanpin_chanpin":"<li><a href=\"https:\/\/sinoextrud.com\/product\/6061-aluminum-price-per-pound-best-quality-anodized-t-slot-aluminum-profile-extrusion-framing-track\/\" target=\"_blank\">6061 aluminum price per pound best quality anodized t-slot aluminum profile extrusion framing track<\/a><\/li>\r\n<li><a href=\"https:\/\/sinoextrud.com\/product\/6061-t5-l-shape-aluminum-profile-bar-customized-40x40-extruded-aluminum-angle-profile\/\" target=\"_blank\">6061-t5 L Shape Aluminum Profile Bar Customized 40\u00c3\u201440 Extruded Aluminum Angle Profile<\/a><\/li>\r\n<li><a href=\"https:\/\/sinoextrud.com\/product\/aerospace-aluminum-extrusions\/\" target=\"_blank\">Aerospace Aluminum Extrusions<\/a><\/li>\r\n<li><a href=\"https:\/\/sinoextrud.com\/product\/aluminium-extrusion-case\/\" target=\"_blank\">Aluminium Extrusion Case<\/a><\/li>\r\n<li><a href=\"https:\/\/sinoextrud.com\/product\/aluminium-extrusion-moulding\/\" target=\"_blank\">Aluminium Extrusion Moulding<\/a><\/li>\r\n<li><a href=\"https:\/\/sinoextrud.com\/product\/aluminium-profile-case\/\" target=\"_blank\">Aluminium Profile Case<\/a><\/li>\r\n<li><a href=\"https:\/\/sinoextrud.com\/product\/aluminium-profile-for-clean-room\/\" target=\"_blank\">Aluminium Profile For Clean Room<\/a><\/li>\r\n<li><a href=\"https:\/\/sinoextrud.com\/product\/aluminium-profile-workbench\/\" target=\"_blank\">Aluminium Profile Workbench<\/a><\/li>\r\n<li><a href=\"https:\/\/sinoextrud.com\/product\/aluminium-roof-rack-extrusions\/\" target=\"_blank\">Aluminium Roof Rack Extrusions<\/a><\/li>\r\n<li><a href=\"https:\/\/sinoextrud.com\/product\/aluminium-profile-material\/\" target=\"_blank\">Aluminium Profile Material<\/a><\/li>\r\n<li><a href=\"https:\/\/sinoextrud.com\/product\/extruded-aluminum-profile-aluminum-t-slot\/\" target=\"_blank\">Extruded Aluminum Profile Aluminum T Slot<\/a><\/li>"},"feature_list":[]},"_links":{"self":[{"href":"https:\/\/sinoextrud.com\/cs\/wp-json\/wp\/v2\/product\/8283","targetHints":{"allow":["GET"]}}],"collection":[{"href":"https:\/\/sinoextrud.com\/cs\/wp-json\/wp\/v2\/product"}],"about":[{"href":"https:\/\/sinoextrud.com\/cs\/wp-json\/wp\/v2\/types\/product"}],"wp:featuredmedia":[{"embeddable":true,"href":"https:\/\/sinoextrud.com\/cs\/wp-json\/wp\/v2\/media\/8282"}],"wp:attachment":[{"href":"https:\/\/sinoextrud.com\/cs\/wp-json\/wp\/v2\/media?parent=8283"}],"wp:term":[{"taxonomy":"category","embeddable":true,"href":"https:\/\/sinoextrud.com\/cs\/wp-json\/wp\/v2\/categories?post=8283"}],"curies":[{"name":"wp","href":"https:\/\/api.w.org\/{rel}","templated":true}]}}