{"id":8275,"date":"2025-06-14T06:43:29","date_gmt":"2025-06-14T06:43:29","guid":{"rendered":"https:\/\/sinoextrud.com\/product\/6061-aluminum-price-per-pound-best-quality-anodized-t-slot-aluminum-profile-extrusion-framing-track\/"},"modified":"2025-06-24T06:23:29","modified_gmt":"2025-06-24T06:23:29","slug":"6061-hlinik-cena-za-libru-nejkvalitnejsi-eloxovany-t-slot-hlinikovy-profil-vytlacovani-ramovani-drahy","status":"publish","type":"product","link":"https:\/\/sinoextrud.com\/cs\/product\/6061-aluminum-price-per-pound-best-quality-anodized-t-slot-aluminum-profile-extrusion-framing-track\/","title":{"rendered":"6061 hlin\u00edk cena za libru nejkvalitn\u011bj\u0161\u00ed eloxovan\u00fd t-dr\u00e1\u017eka hlin\u00edkov\u00fd profil vytla\u010dov\u00e1n\u00ed r\u00e1mov\u00e1n\u00ed dr\u00e1hy"},"content":{"rendered":"<h2>Podrobnosti o produktech<\/h2>\n<table class=\"custom-table\">\n<tbody>\n<tr>\n<td> Polo\u017eka:<\/td>\n<td> 6061 hlin\u00edk cena za libru nejkvalitn\u011bj\u0161\u00ed eloxovan\u00fd t-dr\u00e1\u017eka hlin\u00edkov\u00fd profil vytla\u010dov\u00e1n\u00ed r\u00e1mov\u00e1n\u00ed dr\u00e1hy<\/td>\n<\/tr>\n<tr>\n<td> Materila:<\/td>\n<td> 6061 hlin\u00edk cena za libru<\/td>\n<\/tr>\n<tr>\n<td> M\u00edrnost:<\/td>\n<td> T5<\/td>\n<\/tr>\n<tr>\n<td> Tvar:<\/td>\n<td> stejn\u011b jako obr\u00e1zky. Mo\u017enost p\u0159izp\u016fsoben\u00ed.<\/td>\n<\/tr>\n<tr>\n<td> Zahu\u0161t\u011bn\u00ed profilu:<\/td>\n<td> 1,4 mm v\u00fd\u0161e.<\/td>\n<\/tr>\n<tr>\n<td> Povrchov\u00e1 \u00faprava:<\/td>\n<td> eloxovan\u00fd hlin\u00edk<\/td>\n<\/tr>\n<tr>\n<td> Barva:<\/td>\n<td> Hn\u011bd\u00e1, k dispozici je i p\u0159izp\u016fsoben\u00e1 barva.<\/td>\n<\/tr>\n<tr>\n<td> Firma prov\u00e1d\u011bj\u00edc\u00ed n\u00e1t\u011bry:<\/td>\n<td> 10-13um.<\/td>\n<\/tr>\n<tr>\n<td> Pou\u017eit\u00ed:<\/td>\n<td> indurstrial, doprava atd.<\/td>\n<\/tr>\n<tr>\n<td> MOQ:<\/td>\n<td> 200 kg pro ka\u017edou polo\u017eku<\/td>\n<\/tr>\n<tr>\n<td> Certifik\u00e1t a norma:<\/td>\n<td> ISO 9008-2001. CQM, SGS<\/td>\n<\/tr>\n<tr>\n<td> Z\u00e1ruka:<\/td>\n<td> Barva povrchu m\u016f\u017ee b\u00fdt stabiln\u00ed po dobu 10 let p\u0159i pou\u017eit\u00ed v interi\u00e9ru.<\/td>\n<\/tr>\n<tr>\n<td> Pou\u017eit\u00ed:<\/td>\n<td> pr\u016fmyslov\u00fd hlin\u00edkov\u00fd v\u00fdlisek r\u00e1mov\u00e1 dr\u00e1ha<\/td>\n<\/tr>\n<tr>\n<td> Hloubkov\u00e9 zpracov\u00e1n\u00ed<\/td>\n<td> jako je vrt\u00e1n\u00ed, fr\u00e9zov\u00e1n\u00ed, \u0159ez\u00e1n\u00ed, sva\u0159ov\u00e1n\u00ed, oh\u00fdb\u00e1n\u00ed.<\/td>\n<\/tr>\n<tr>\n<td> P\u016fvod:<\/td>\n<td> Foshan, Guangdong.<\/td>\n<\/tr>\n<tr>\n<td> K\u00f3d HS:<\/td>\n<td> 761699000<\/td>\n<\/tr>\n<\/tbody>\n<\/table>\n<h2>Na\u0161e v\u00fdrobn\u00ed z\u00e1kladna<\/h2>\n<h3>Panorama tov\u00e1rny<\/h3>\n<p><img decoding=\"async\" src=\"\/wp-content\/uploads\/factory-01.webp\"\/><\/p>\n<h3>D\u00edlna na v\u00fdrobu hlin\u00edkov\u00fdch ty\u010d\u00ed<\/h3>\n<p><img decoding=\"async\" src=\"\/wp-content\/uploads\/factory-02.webp\"\/><\/p>\n<p><img decoding=\"async\" src=\"\/wp-content\/uploads\/factory-03.webp\"\/><\/p>\n<h3>Sklad pl\u00edsn\u00ed<\/h3>\n<p><img decoding=\"async\" src=\"\/wp-content\/uploads\/factory-04.webp\"\/><\/p>\n<h3>43 linek na vytla\u010dov\u00e1n\u00ed hlin\u00edku (500 - 5500 tun)<\/h3>\n<p><img decoding=\"async\" src=\"\/wp-content\/uploads\/factory-05.webp\"\/><\/p>\n<p><img decoding=\"async\" src=\"\/wp-content\/uploads\/factory-06.webp\"\/><\/p>\n<p><img decoding=\"async\" src=\"\/wp-content\/uploads\/factory-07.webp\"\/><\/p>\n<h3>D\u00edlna pr\u00e1\u0161kov\u00e9ho lakov\u00e1n\u00ed<\/h3>\n<p><img decoding=\"async\" src=\"\/wp-content\/uploads\/factory-09.webp\"\/><\/p>\n<h3>D\u00edlna eloxov\u00e1n\u00ed<\/h3>\n<p><img decoding=\"async\" src=\"\/wp-content\/uploads\/factory-10.webp\"\/><\/p>\n<h3>Workshop o hloubkov\u00e9m zpracov\u00e1n\u00ed<\/h3>\n<p><img decoding=\"async\" src=\"\/wp-content\/uploads\/factory-11.webp\"\/><\/p>\n<h3>D\u00edlna CNC p\u0159esn\u00e9ho obr\u00e1b\u011bn\u00ed<\/h3>\n<p><img decoding=\"async\" src=\"\/wp-content\/uploads\/factory-11.5.webp\"\/><\/p>\n<h3>Sklad hotov\u00fdch v\u00fdrobk\u016f a exportn\u00ed sklad<\/h3>\n<p><img decoding=\"async\" src=\"\/wp-content\/uploads\/factory-12.webp\"\/><\/p>\n<p><img decoding=\"async\" src=\"\/wp-content\/uploads\/factory-13.webp\"\/><\/p>\n<p><img decoding=\"async\" src=\"\/wp-content\/uploads\/factory-14.webp\"\/><\/p>\n<h2>\u010cASTO KLADEN\u00c9 DOTAZY<\/h2>\n<p><p><b>1.Co je to hlin\u00edk 6061 a pro\u010d se pou\u017e\u00edv\u00e1 v profilech s T-dr\u00e1\u017ekou? <\/b><\/p>\n<p> Hlin\u00edk 6061 je vysokopevnostn\u00ed slitina zn\u00e1m\u00e1 svou vynikaj\u00edc\u00ed obrobitelnost\u00ed a odolnost\u00ed proti korozi, tak\u017ee je ide\u00e1ln\u00ed pro syst\u00e9my r\u00e1m\u016f s T-dr\u00e1\u017ekami.<br \/>\n<\/p><br \/>\n<br \/>\n<p><b>2.Jak\u00e1 je cena za libru hlin\u00edkov\u00fdch profil\u016f 6061 s T-dr\u00e1\u017ekou? <\/b><\/p>\n<p> Na\u0161e hlin\u00edkov\u00e9 profily 6061 s T-dr\u00e1\u017ekou maj\u00ed konkurenceschopnou cenu za libru a nab\u00edzej\u00ed vysokou kvalitu a hodnotu pro hromadn\u00e9 pr\u016fmyslov\u00e9 aplikace.<br \/>\n<\/p><br \/>\n<br \/>\n<p><b>3.Jak\u00e9 jsou v\u00fdhody eloxovan\u00fdch hlin\u00edkov\u00fdch profil\u016f s T-dr\u00e1\u017ekou? <\/b><\/p>\n<p> Eloxov\u00e1n\u00ed zvy\u0161uje odolnost proti korozi, zlep\u0161uje tvrdost povrchu a nab\u00edz\u00ed elegantn\u00ed, profesion\u00e1ln\u00ed povrchovou \u00fapravu hlin\u00edkov\u00fdch profil\u016f s T-dr\u00e1\u017ekou.<br \/>\n<\/p><br \/>\n<br \/>\n<p><b>4.Can 6061 T-dr\u00e1\u017eka hlin\u00edkov\u00e9 v\u00fdlisky b\u00fdt p\u0159izp\u016fsoben? <\/b><\/p>\n<p> Ano, nab\u00edz\u00edme zak\u00e1zkov\u00e9 d\u00e9lky, velikosti dr\u00e1\u017eek a slu\u017eby obr\u00e1b\u011bn\u00ed pro spln\u011bn\u00ed specifick\u00fdch konstruk\u010dn\u00edch a designov\u00fdch pot\u0159eb.<br \/>\n<\/p><br \/>\n<br \/>\n<p><b>5.Je mont\u00e1\u017e hlin\u00edkov\u00fdch kolejnic 6061 s T-dr\u00e1\u017ekou snadn\u00e1? <\/b><\/p>\n<p> Konstrukce s T-dr\u00e1\u017ekou umo\u017e\u0148uje modul\u00e1rn\u00ed mont\u00e1\u017e bez pou\u017eit\u00ed n\u00e1\u0159ad\u00ed pomoc\u00ed standardn\u00edch dr\u017e\u00e1k\u016f, spojovac\u00edch prvk\u016f a konektor\u016f.<br \/>\n<\/p><br \/>\n<br \/>\n<p><b>6.Pro jak\u00e9 aplikace jsou nejvhodn\u011bj\u0161\u00ed eloxovan\u00e9 hlin\u00edkov\u00e9 r\u00e1my s T-dr\u00e1\u017ekou 6061? <\/b><\/p>\n<p> Tyto profily jsou ide\u00e1ln\u00ed pro pr\u016fmyslovou automatizaci, sk\u0159\u00edn\u011b, pracovn\u00ed stanice a mont\u00e1\u017en\u00ed projekty pro kutily, kter\u00e9 vy\u017eaduj\u00ed pevnost a flexibilitu.<br \/>\n<\/p><br \/>\n<br \/>\n<p><b>7.Jak\u00fd p\u0159\u00ednos m\u00e1 eloxovan\u00e1 povrchov\u00e1 \u00faprava pro hlin\u00edkov\u00e9 v\u00fdlisky 6061? <\/b><\/p>\n<p> Eloxovan\u00e1 vrstva chr\u00e1n\u00ed hlin\u00edk p\u0159ed oxidac\u00ed a opot\u0159eben\u00edm a prodlu\u017euje jeho \u017eivotnost v n\u00e1ro\u010dn\u00fdch podm\u00ednk\u00e1ch.<br \/>\n<\/p><br \/><\/p>","protected":false},"featured_media":8274,"template":"","categories":[54],"class_list":["post-8275","product","type-product","status-publish","has-post-thumbnail","hentry","category-industrial-aluminum-profiles"],"meta_box":{"hilight_text_group":{"product_hilight_text":"<li>Made from high-quality 6061 aluminum for excellent strength and durability.<\/li>\r\r\n<li>Competitive price per pound ideal for bulk purchasing and industrial use.<\/li>\r\r\n<li>Anodized surface finish provides superior corrosion and wear resistance.<\/li>\r\r\n<li>T-slot design enables easy, modular, and tool-free assembly.<\/li>\r\r\n<li>Precision extrusion ensures consistent dimensions and compatibility.<\/li>\r\r\n<li>Ideal for machine frames, automation systems, workstations, and enclosures.<\/li>\r\r\n<li>Lightweight yet strong structure reduces installation and shipping costs.<\/li>","product_chanpin_blog":"<ul>\r\r\n<li><a href=\"https:\/\/sinoextrud.com\/t-slot-v-slot-differences\/\" target=\"_blank\">t slot vs v slot<\/a><\/li>\r\r\n<li><a href=\"https:\/\/sinoextrud.com\/what-is-4040-aluminium-extrud\/\" target=\"_blank\">4040 aluminium extrusion<\/a><\/li>\r\r\n<li><a href=\"https:\/\/sinoextrud.com\/what-is-4040-aluminium-extrud\/\" target=\"_blank\">aluminum extrusions for industrial racks<\/a><\/li>\r\r\n<li><a href=\"https:\/\/sinoextrud.com\/powder-coating-aluminium-process\/\" target=\"_blank\">powder coating aluminium<\/a><\/li>\r\r\n<li><a href=\"https:\/\/sinoextrud.com\/what-is-an-aluminium-strip-ceiling\/\" target=\"_blank\">aluminium strip ceiling<\/a><\/li>\r\r\n<li><a href=\"https:\/\/sinoextrud.com\/what-is-a-heat-sink\/\" target=\"_blank\">what is a heat sink<\/a><\/li>\r\r\n<\/ul>","product_chanpin_chanpin":"<li><a href=\"https:\/\/sinoextrud.com\/product\/triangular-aluminum-extrusion\/\" target=\"_blank\">Triangular Aluminum Extrusion<\/a><\/li>\r\n<li><a href=\"https:\/\/sinoextrud.com\/product\/standard-aluminum-extrusions\/\" target=\"_blank\">Standard Aluminum Extrusions<\/a><\/li>\r\n<li><a href=\"https:\/\/sinoextrud.com\/product\/solar-frames-aluminum-extrusions\/\" target=\"_blank\">Solar Frames Aluminum Extrusions<\/a><\/li>\r\n<li><a href=\"https:\/\/sinoextrud.com\/product\/6061-aluminum-extrusion-round-tube-for-industry\/\" target=\"_blank\">6061 Aluminum Extrusion Round Tube For Industry<\/a><\/li>\r\n<li><a href=\"https:\/\/sinoextrud.com\/product\/6061-aluminum-price-per-pound-best-quality-anodized-t-slot-aluminum-profile-extrusion-framing-track\/\" target=\"_blank\">6061 aluminum price per pound best quality anodized t-slot aluminum profile extrusion framing track<\/a><\/li>\r\n<li><a href=\"https:\/\/sinoextrud.com\/product\/6061-t5-l-shape-aluminum-profile-bar-customized-40x40-extruded-aluminum-angle-profile\/\" target=\"_blank\">6061-t5 L Shape Aluminum Profile Bar Customized 40\u00c3\u201440 Extruded Aluminum Angle Profile<\/a><\/li>\r\n<li><a href=\"https:\/\/sinoextrud.com\/product\/aerospace-aluminum-extrusions\/\" target=\"_blank\">Aerospace Aluminum Extrusions<\/a><\/li>\r\n<li><a href=\"https:\/\/sinoextrud.com\/product\/aluminium-extrusion-case\/\" target=\"_blank\">Aluminium Extrusion Case<\/a><\/li>\r\n<li><a href=\"https:\/\/sinoextrud.com\/product\/aluminium-extrusion-moulding\/\" target=\"_blank\">Aluminium Extrusion Moulding<\/a><\/li>\r\n<li><a href=\"https:\/\/sinoextrud.com\/product\/aluminum-heatsink-extrusion-profile\/\" target=\"_blank\">Aluminum Heatsink Extrusion Profile<\/a><\/li>\r\n<li><a href=\"https:\/\/sinoextrud.com\/product\/aluminium-profile-channel-factory\/\" target=\"_blank\">Aluminium Profile Channel Factory<\/a><\/li>"},"feature_list":[]},"_links":{"self":[{"href":"https:\/\/sinoextrud.com\/cs\/wp-json\/wp\/v2\/product\/8275","targetHints":{"allow":["GET"]}}],"collection":[{"href":"https:\/\/sinoextrud.com\/cs\/wp-json\/wp\/v2\/product"}],"about":[{"href":"https:\/\/sinoextrud.com\/cs\/wp-json\/wp\/v2\/types\/product"}],"wp:featuredmedia":[{"embeddable":true,"href":"https:\/\/sinoextrud.com\/cs\/wp-json\/wp\/v2\/media\/8274"}],"wp:attachment":[{"href":"https:\/\/sinoextrud.com\/cs\/wp-json\/wp\/v2\/media?parent=8275"}],"wp:term":[{"taxonomy":"category","embeddable":true,"href":"https:\/\/sinoextrud.com\/cs\/wp-json\/wp\/v2\/categories?post=8275"}],"curies":[{"name":"wp","href":"https:\/\/api.w.org\/{rel}","templated":true}]}}