{"id":8265,"date":"2025-06-14T06:36:25","date_gmt":"2025-06-14T06:36:25","guid":{"rendered":"https:\/\/sinoextrud.com\/product\/profile-square-aluminum-heat-sink\/"},"modified":"2025-06-24T06:23:27","modified_gmt":"2025-06-24T06:23:27","slug":"profilovy-ctvercovy-hlinikovy-chladic","status":"publish","type":"product","link":"https:\/\/sinoextrud.com\/cs\/product\/profile-square-aluminum-heat-sink\/","title":{"rendered":"Hlin\u00edkov\u00fd chladi\u010d s \u010dtvercov\u00fdm profilem"},"content":{"rendered":"<h2>Podrobnosti o produktech<\/h2>\n<table class=\"custom-table\">\n<tr>\n<td class=\"label\">N\u00e1zev produktu<\/td>\n<td>Hlin\u00edkov\u00fd chladi\u010d s \u010dtvercov\u00fdm profilem<\/td>\n<\/tr>\n<tr>\n<td class=\"label\">Model<\/td>\n<td>Sinoextrud-HS-916<\/td>\n<\/tr>\n<tr>\n<td class=\"label\">Velikost:<\/td>\n<td>podle va\u0161eho po\u017eadavku<\/td>\n<\/tr>\n<tr>\n<td class=\"label\">Tvar<\/td>\n<td>\u010dtverec<\/td>\n<\/tr>\n<tr>\n<td class=\"label\">Zp\u016fsob v\u00fdroby<\/td>\n<td>vytla\u010dov\u00e1n\u00ed hlin\u00edku<\/td>\n<\/tr>\n<tr>\n<td class=\"label\">Zpracov\u00e1n\u00ed<\/td>\n<td>Vrt\u00e1n\u00ed, z\u00e1vitov\u00e1n\u00ed, le\u0161t\u011bn\u00ed, fr\u00e9zov\u00e1n\u00ed, \u0159ez\u00e1n\u00ed laserem, CNC obr\u00e1b\u011bn\u00ed, zkosen\u00ed, odjehlen\u00ed<\/td>\n<\/tr>\n<tr>\n<td class=\"label\">Tolerance<\/td>\n<td>0,01 mm<\/td>\n<\/tr>\n<tr>\n<td class=\"label\">Povrchov\u00e1 \u00faprava<\/td>\n<td>eloxovan\u00e9, pr\u00e1\u0161kov\u00e9 lakov\u00e1n\u00ed, pokovov\u00e1n\u00ed, elektrofor\u00e9za<\/td>\n<\/tr>\n<tr>\n<td class=\"label\">Barva<\/td>\n<td>\u010dern\u00e1, \u010derven\u00e1, st\u0159\u00edbrn\u00e1, modr\u00e1, podle va\u0161eho po\u017eadavku<\/td>\n<\/tr>\n<tr>\n<td class=\"label\">Uk\u00e1zka<\/td>\n<td>Dostupn\u00e9 na<\/td>\n<\/tr>\n<tr>\n<td class=\"label\">Pozor<\/td>\n<td>Zde je v\u00edce ne\u017e 200 n\u00e1vrh\u016f hlin\u00edkov\u00fdch chladi\u010d\u016f, pr\u016fm\u011br od 15 mm do 350 mm, nev\u00e1hejte se zeptat na dal\u0161\u00ed informace.<\/td>\n<\/tr>\n<\/table>\n<h2>Na\u0161e v\u00fdrobn\u00ed z\u00e1kladna<\/h2>\n<h3>Panorama tov\u00e1rny<\/h3>\n<p><img decoding=\"async\" src=\"\/wp-content\/uploads\/factory-01.webp\"\/><\/p>\n<h3>D\u00edlna na v\u00fdrobu hlin\u00edkov\u00fdch ty\u010d\u00ed<\/h3>\n<p><img decoding=\"async\" src=\"\/wp-content\/uploads\/factory-02.webp\"\/><\/p>\n<p><img decoding=\"async\" src=\"\/wp-content\/uploads\/factory-03.webp\"\/><\/p>\n<h3>Sklad pl\u00edsn\u00ed<\/h3>\n<p><img decoding=\"async\" src=\"\/wp-content\/uploads\/factory-04.webp\"\/><\/p>\n<h3>43 linek na vytla\u010dov\u00e1n\u00ed hlin\u00edku (500 - 5500 tun)<\/h3>\n<p><img decoding=\"async\" src=\"\/wp-content\/uploads\/factory-05.webp\"\/><\/p>\n<p><img decoding=\"async\" src=\"\/wp-content\/uploads\/factory-06.webp\"\/><\/p>\n<p><img decoding=\"async\" src=\"\/wp-content\/uploads\/factory-07.webp\"\/><\/p>\n<h3>D\u00edlna pr\u00e1\u0161kov\u00e9ho lakov\u00e1n\u00ed<\/h3>\n<p><img decoding=\"async\" src=\"\/wp-content\/uploads\/factory-09.webp\"\/><\/p>\n<h3>D\u00edlna eloxov\u00e1n\u00ed<\/h3>\n<p><img decoding=\"async\" src=\"\/wp-content\/uploads\/factory-10.webp\"\/><\/p>\n<h3>Workshop o hloubkov\u00e9m zpracov\u00e1n\u00ed<\/h3>\n<p><img decoding=\"async\" src=\"\/wp-content\/uploads\/factory-11.webp\"\/><\/p>\n<h3>D\u00edlna CNC p\u0159esn\u00e9ho obr\u00e1b\u011bn\u00ed<\/h3>\n<p><img decoding=\"async\" src=\"\/wp-content\/uploads\/factory-11.5.webp\"\/><\/p>\n<h3>Sklad hotov\u00fdch v\u00fdrobk\u016f a exportn\u00ed sklad<\/h3>\n<p><img decoding=\"async\" src=\"\/wp-content\/uploads\/factory-12.webp\"\/><\/p>\n<p><img decoding=\"async\" src=\"\/wp-content\/uploads\/factory-13.webp\"\/><\/p>\n<p><img decoding=\"async\" src=\"\/wp-content\/uploads\/factory-14.webp\"\/><\/p>\n<h2>\u010cASTO KLADEN\u00c9 DOTAZY<\/h2>\n<p><p><b>1.Jak\u00e9 jsou v\u00fdhody profilov\u00e9ho \u010dtvercov\u00e9ho hlin\u00edkov\u00e9ho chladi\u010de?<\/b><\/p>\n<p>Hlin\u00edkov\u00fd chladi\u010d Profile Square nab\u00edz\u00ed vysoce \u00fa\u010dinn\u00fd odvod tepla, odolnost a kompaktn\u00ed design, tak\u017ee je ide\u00e1ln\u00ed pro r\u016fzn\u00e9 aplikace chlazen\u00ed elektroniky.<br \/>\n<\/p><br \/>\n<br \/>\n<p><b>2.Jak profilov\u00fd \u010dtvercov\u00fd hlin\u00edkov\u00fd chladi\u010d zlep\u0161uje chladic\u00ed v\u00fdkon?<\/b><\/p>\n<p>Jeho \u00fa\u010dinn\u00e1 konstrukce maximalizuje plochu povrchu, \u010d\u00edm\u017e zaji\u0161\u0165uje optim\u00e1ln\u00ed odvod tepla a udr\u017euje bezpe\u010dn\u00e9 provozn\u00ed teploty elektronick\u00fdch komponent.<br \/>\n<\/p><br \/>\n<br \/>\n<p><b>3.Z jak\u00e9ho materi\u00e1lu je vyroben profilov\u00fd \u010dtvercov\u00fd hlin\u00edkov\u00fd chladi\u010d?<\/b><\/p>\n<p>Je vyroben z vysoce kvalitn\u00edho hlin\u00edku, kter\u00fd je lehk\u00fd, trvanliv\u00fd a odoln\u00fd proti korozi, co\u017e zaru\u010duje dlouhou \u017eivotnost.<br \/>\n<\/p><br \/>\n<br \/>\n<p><b>4.Lze profilov\u00fd \u010dtvercov\u00fd hlin\u00edkov\u00fd chladi\u010d pou\u017e\u00edt v aplikac\u00edch s omezen\u00fdm prostorem?<\/b><\/p>\n<p>Ano, jeho kompaktn\u00ed \u010dtvercov\u00fd profil je ide\u00e1ln\u00ed pro aplikace s omezen\u00fdm prostorem a z\u00e1rove\u0148 poskytuje vynikaj\u00edc\u00ed tepeln\u00fd management.<br \/>\n<\/p><br \/>\n<br \/>\n<p><b>5.Je profilov\u00fd \u010dtvercov\u00fd hlin\u00edkov\u00fd chladi\u010d odoln\u00fd proti korozi?<\/b><\/p>\n<p>Ano, m\u00e1 povrch odoln\u00fd proti korozi, tak\u017ee si zachov\u00e1v\u00e1 sv\u016fj v\u00fdkon a vzhled i v n\u00e1ro\u010dn\u00fdch podm\u00ednk\u00e1ch.<br \/>\n<\/p><br \/>\n<br \/>\n<p><b>6.Jak p\u0159izp\u016fsobiteln\u00fd je hlin\u00edkov\u00fd chladi\u010d Profile Square?<\/b><\/p>\n<p>Chladi\u010d je vysoce p\u0159izp\u016fsobiteln\u00fd, tak\u017ee jej lze p\u0159izp\u016fsobit specifick\u00fdm pot\u0159eb\u00e1m chlazen\u00ed v r\u016fzn\u00fdch elektronick\u00fdch aplikac\u00edch.<br \/>\n<\/p><br \/>\n<br \/>\n<p><b>7.Pro\u010d je profilov\u00fd \u010dtvercov\u00fd hlin\u00edkov\u00fd chladi\u010d vhodn\u00fd pro elektroniku?<\/b><\/p>\n<p>D\u00edky \u00fa\u010dinn\u00e9mu odvodu tepla, odoln\u00e9mu materi\u00e1lu a kompaktn\u00edmu proveden\u00ed je ide\u00e1ln\u00ed pro zaji\u0161t\u011bn\u00ed spolehliv\u00e9ho v\u00fdkonu citliv\u00fdch elektronick\u00fdch sou\u010d\u00e1stek.<br \/>\n<\/p><br \/><\/p>","protected":false},"featured_media":8264,"template":"","categories":[54],"class_list":["post-8265","product","type-product","status-publish","has-post-thumbnail","hentry","category-industrial-aluminum-profiles"],"meta_box":{"hilight_text_group":{"product_hilight_text":"<li>High-efficiency heat dissipation, providing reliable cooling for various electronic devices.<\/li>\r\r\n<li>Durable and lightweight aluminum construction for strength and ease of handling.<\/li>\r\r\n<li>Compact square profile design, ideal for space-constrained applications.<\/li>\r\r\n<li>Corrosion-resistant surface, ensuring long-lasting performance in harsh environments.<\/li>\r\r\n<li>Versatile and customizable, suitable for a wide range of thermal management needs.<\/li>","product_chanpin_blog":"<ul>\r\r\n<li><a href=\"https:\/\/sinoextrud.com\/t-slot-v-slot-differences\/\" target=\"_blank\">t slot vs v slot<\/a><\/li>\r\r\n<li><a href=\"https:\/\/sinoextrud.com\/what-is-4040-aluminium-extrud\/\" target=\"_blank\">4040 aluminium extrusion<\/a><\/li>\r\r\n<li><a href=\"https:\/\/sinoextrud.com\/what-is-4040-aluminium-extrud\/\" target=\"_blank\">aluminum extrusions for industrial racks<\/a><\/li>\r\r\n<li><a href=\"https:\/\/sinoextrud.com\/powder-coating-aluminium-process\/\" target=\"_blank\">powder coating aluminium<\/a><\/li>\r\r\n<li><a href=\"https:\/\/sinoextrud.com\/what-is-an-aluminium-strip-ceiling\/\" target=\"_blank\">aluminium strip ceiling<\/a><\/li>\r\r\n<li><a href=\"https:\/\/sinoextrud.com\/what-is-a-heat-sink\/\" target=\"_blank\">what is a heat sink<\/a><\/li>\r\r\n<\/ul>","product_chanpin_chanpin":"<li><a href=\"https:\/\/sinoextrud.com\/product\/industrial-t-slot-aluminum-profile\/\" target=\"_blank\">Industrial T Slot Aluminum Profile<\/a><\/li>\r\n<li><a href=\"https:\/\/sinoextrud.com\/product\/large-scale-industrial-aluminum-profile\/\" target=\"_blank\">Large Scale Industrial Aluminum Profile<\/a><\/li>\r\n<li><a href=\"https:\/\/sinoextrud.com\/product\/solar-aluminium-profile-2\/\" target=\"_blank\">Solar Aluminium Profile<\/a><\/li>\r\n<li><a href=\"https:\/\/sinoextrud.com\/product\/round-sunflower-led-light-aluminium-heat-sink\/\" target=\"_blank\">Round Sunflower LED Light Aluminium Heat Sink<\/a><\/li>\r\n<li><a href=\"https:\/\/sinoextrud.com\/product\/profile-square-aluminum-heat-sink\/\" target=\"_blank\">Profile Square Aluminum Heat Sink<\/a><\/li>\r\n<li><a href=\"https:\/\/sinoextrud.com\/product\/triangular-aluminum-extrusion\/\" target=\"_blank\">Triangular Aluminum Extrusion<\/a><\/li>\r\n<li><a href=\"https:\/\/sinoextrud.com\/product\/standard-aluminum-extrusions\/\" target=\"_blank\">Standard Aluminum Extrusions<\/a><\/li>\r\n<li><a href=\"https:\/\/sinoextrud.com\/product\/solar-frames-aluminum-extrusions\/\" target=\"_blank\">Solar Frames Aluminum Extrusions<\/a><\/li>\r\n<li><a href=\"https:\/\/sinoextrud.com\/product\/6061-aluminum-extrusion-round-tube-for-industry\/\" target=\"_blank\">6061 Aluminum Extrusion Round Tube For Industry<\/a><\/li>\r\n<li><a href=\"https:\/\/sinoextrud.com\/product\/t-shaped-aluminium-profile\/\" target=\"_blank\">T Shaped Aluminium Profile<\/a><\/li>\r\n<li><a href=\"https:\/\/sinoextrud.com\/product\/aluminum-profil-louver-roof\/\" target=\"_blank\">Aluminum Profil Louver Roof<\/a><\/li>"},"feature_list":[]},"_links":{"self":[{"href":"https:\/\/sinoextrud.com\/cs\/wp-json\/wp\/v2\/product\/8265","targetHints":{"allow":["GET"]}}],"collection":[{"href":"https:\/\/sinoextrud.com\/cs\/wp-json\/wp\/v2\/product"}],"about":[{"href":"https:\/\/sinoextrud.com\/cs\/wp-json\/wp\/v2\/types\/product"}],"wp:featuredmedia":[{"embeddable":true,"href":"https:\/\/sinoextrud.com\/cs\/wp-json\/wp\/v2\/media\/8264"}],"wp:attachment":[{"href":"https:\/\/sinoextrud.com\/cs\/wp-json\/wp\/v2\/media?parent=8265"}],"wp:term":[{"taxonomy":"category","embeddable":true,"href":"https:\/\/sinoextrud.com\/cs\/wp-json\/wp\/v2\/categories?post=8265"}],"curies":[{"name":"wp","href":"https:\/\/api.w.org\/{rel}","templated":true}]}}