{"id":8263,"date":"2025-06-14T06:34:05","date_gmt":"2025-06-14T06:34:05","guid":{"rendered":"https:\/\/sinoextrud.com\/product\/round-sunflower-led-light-aluminium-heat-sink\/"},"modified":"2025-06-24T06:23:26","modified_gmt":"2025-06-24T06:23:26","slug":"kulate-slunecnice-vedla-svetlo-hlinikovy-chladic","status":"publish","type":"product","link":"https:\/\/sinoextrud.com\/cs\/product\/round-sunflower-led-light-aluminium-heat-sink\/","title":{"rendered":"Kulat\u00e9 slune\u010dnice LED sv\u011btlo hlin\u00edkov\u00fd chladi\u010d"},"content":{"rendered":"<h2>Podrobnosti o produktech<\/h2>\n<table class=\"custom-table\">\n<tr>\n<td class=\"label\">N\u00e1zev produktu<\/td>\n<td>Kulat\u00e9 slune\u010dnice LED sv\u011btlo hlin\u00edkov\u00fd chladi\u010d<\/td>\n<\/tr>\n<tr>\n<td class=\"label\">Velikost:<\/td>\n<td>podle va\u0161eho po\u017eadavku<\/td>\n<\/tr>\n<tr>\n<td class=\"label\">Tvar<\/td>\n<td>kulat\u00fd<\/td>\n<\/tr>\n<tr>\n<td class=\"label\">Zp\u016fsob v\u00fdroby<\/td>\n<td>vytla\u010dov\u00e1n\u00ed hlin\u00edku<\/td>\n<\/tr>\n<tr>\n<td class=\"label\">Zpracov\u00e1n\u00ed<\/td>\n<td>Vrt\u00e1n\u00ed, z\u00e1vitov\u00e1n\u00ed, le\u0161t\u011bn\u00ed, fr\u00e9zov\u00e1n\u00ed, \u0159ez\u00e1n\u00ed laserem, CNC obr\u00e1b\u011bn\u00ed, zkosen\u00ed, odjehlen\u00ed<\/td>\n<\/tr>\n<tr>\n<td class=\"label\">Tolerance<\/td>\n<td>0,01 mm<\/td>\n<\/tr>\n<tr>\n<td class=\"label\">Povrchov\u00e1 \u00faprava<\/td>\n<td>eloxovan\u00e9, pr\u00e1\u0161kov\u00e9 lakov\u00e1n\u00ed, pokovov\u00e1n\u00ed, elektrofor\u00e9za<\/td>\n<\/tr>\n<tr>\n<td class=\"label\">Barva<\/td>\n<td>\u010dern\u00e1, \u010derven\u00e1, st\u0159\u00edbrn\u00e1, modr\u00e1, podle va\u0161eho po\u017eadavku<\/td>\n<\/tr>\n<tr>\n<td class=\"label\">Pozor<\/td>\n<td>Zde je v\u00edce ne\u017e 2000 n\u00e1vrh\u016f hlin\u00edkov\u00fdch chladi\u010d\u016f, pr\u016fm\u011br od 15 mm do 350 mm, nev\u00e1hejte se zeptat na dal\u0161\u00ed informace.<\/td>\n<\/tr>\n<\/table>\n<h2>Na\u0161e v\u00fdrobn\u00ed z\u00e1kladna<\/h2>\n<h3>Panorama tov\u00e1rny<\/h3>\n<p><img decoding=\"async\" src=\"\/wp-content\/uploads\/factory-01.webp\"\/><\/p>\n<h3>D\u00edlna na v\u00fdrobu hlin\u00edkov\u00fdch ty\u010d\u00ed<\/h3>\n<p><img decoding=\"async\" src=\"\/wp-content\/uploads\/factory-02.webp\"\/><\/p>\n<\/p>\n<p><img decoding=\"async\" src=\"\/wp-content\/uploads\/factory-03.webp\"\/><\/p>\n<h3>Sklad pl\u00edsn\u00ed<\/h3>\n<p><img decoding=\"async\" src=\"\/wp-content\/uploads\/factory-04.webp\"\/><\/p>\n<h3>43 linek na vytla\u010dov\u00e1n\u00ed hlin\u00edku (500 - 5500 tun)<\/h3>\n<p><img decoding=\"async\" src=\"\/wp-content\/uploads\/factory-05.webp\"\/><\/p>\n<p><img decoding=\"async\" src=\"\/wp-content\/uploads\/factory-06.webp\"\/><\/p>\n<p><img decoding=\"async\" src=\"\/wp-content\/uploads\/factory-07.webp\"\/><\/p>\n<h3>D\u00edlna pr\u00e1\u0161kov\u00e9ho lakov\u00e1n\u00ed<\/h3>\n<p><img decoding=\"async\" src=\"\/wp-content\/uploads\/factory-09.webp\"\/><\/p>\n<h3>D\u00edlna eloxov\u00e1n\u00ed<\/h3>\n<p><img decoding=\"async\" src=\"\/wp-content\/uploads\/factory-10.webp\"\/><\/p>\n<h3>Workshop o hloubkov\u00e9m zpracov\u00e1n\u00ed<\/h3>\n<p><img decoding=\"async\" src=\"\/wp-content\/uploads\/factory-11.webp\"\/><\/p>\n<h3>D\u00edlna CNC p\u0159esn\u00e9ho obr\u00e1b\u011bn\u00ed<\/h3>\n<p><img decoding=\"async\" src=\"\/wp-content\/uploads\/factory-11.5.webp\"\/><\/p>\n<h3>Sklad hotov\u00fdch v\u00fdrobk\u016f a exportn\u00ed sklad<\/h3>\n<p><img decoding=\"async\" src=\"\/wp-content\/uploads\/factory-12.webp\"\/><\/p>\n<p><img decoding=\"async\" src=\"\/wp-content\/uploads\/factory-13.webp\"\/><\/p>\n<p><img decoding=\"async\" src=\"\/wp-content\/uploads\/factory-14.webp\"\/><\/p>\n<h2>\u010cASTO KLADEN\u00c9 DOTAZY<\/h2>\n<p><b>1.Jak\u00e9 jsou hlavn\u00ed v\u00fdhody hlin\u00edkov\u00e9ho chladi\u010de kulat\u00e9ho slune\u010dnicov\u00e9ho LED sv\u011btla?<\/b><\/p>\n<p>Hlin\u00edkov\u00fd chladi\u010d kulat\u00e9ho sv\u011btla Sunflower LED nab\u00edz\u00ed \u00fa\u010dinn\u00fd odvod tepla, trvanlivost a odolnost proti korozi, co\u017e zaji\u0161\u0165uje optim\u00e1ln\u00ed v\u00fdkon a del\u0161\u00ed \u017eivotnost sv\u011btel LED.\n<\/p>\n<p><\/p>\n<p><b>2.Jak konstrukce slune\u010dnice zlep\u0161uje \u00fa\u010dinnost chlazen\u00ed?<\/b><\/p>\n<p>Inovativn\u00ed tvar slune\u010dnice zlep\u0161uje proud\u011bn\u00ed vzduchu, co\u017e zvy\u0161uje \u00fa\u010dinnost chlazen\u00ed a pom\u00e1h\u00e1 udr\u017eovat v\u00fdkon sv\u011btel LED.\n<\/p>\n<p><\/p>\n<p><b>3.Je kulat\u00fd hlin\u00edkov\u00fd chladi\u010d LED sv\u011btla Sunflower lehk\u00fd?<\/b><\/p>\n<p>Ano, je vyroben z lehk\u00e9ho hlin\u00edku, tak\u017ee se s n\u00edm snadno manipuluje a instaluje, ani\u017e by to bylo na \u00fakor odolnosti.\n<\/p>\n<p><\/p>\n<p><b>4.Jak\u00fd materi\u00e1l je pou\u017eit v hlin\u00edkov\u00e9m chladi\u010di kulat\u00e9ho slune\u010dnicov\u00e9ho LED sv\u011btla?<\/b><\/p>\n<p>Je vyroben z vysoce kvalitn\u00edho hlin\u00edku, kter\u00fd nab\u00edz\u00ed pevnost, odolnost proti korozi a vynikaj\u00edc\u00ed vlastnosti p\u0159i rozptylu tepla.\n<\/p>\n<p><\/p>\n<p><b>5.Lze kulat\u00fd hlin\u00edkov\u00fd chladi\u010d LED sv\u011btla Sunflower pou\u017e\u00edt pro venkovn\u00ed LED osv\u011btlen\u00ed?<\/b><\/p>\n<p>Ano, jeho povrch je odoln\u00fd proti korozi, tak\u017ee je vhodn\u00fd pro vnit\u0159n\u00ed i venkovn\u00ed osv\u011btlen\u00ed LED.\n<\/p>\n<p><\/p>\n<p><b>6.Jak p\u0159isp\u00edv\u00e1 kulat\u00fd hlin\u00edkov\u00fd chladi\u010d LED sv\u011btla Sunflower k v\u00fdkonu LED sv\u011btla?<\/b><\/p>\n<p>Pom\u00e1h\u00e1 regulovat teplotu a \u00fa\u010dinn\u011b odv\u00e1d\u011bt teplo, tak\u017ee sv\u011btla LED si udr\u017euj\u00ed optim\u00e1ln\u00ed jas a dlouhou \u017eivotnost.\n<\/p>\n<p><\/p>\n<p><b>7.D\u00edky \u010demu je kulat\u00fd hlin\u00edkov\u00fd chladi\u010d Sunflower LED Light vhodn\u00fd pro r\u016fzn\u00e9 aplikace?<\/b><\/p>\n<p>D\u00edky kompaktn\u00edm rozm\u011br\u016fm, odolnosti a \u00fa\u010dinn\u00e9mu odvodu tepla je univerz\u00e1ln\u00ed pro \u0161irokou \u0161k\u00e1lu aplikac\u00ed LED osv\u011btlen\u00ed, od pr\u016fmyslov\u00e9ho a\u017e po dom\u00e1c\u00ed pou\u017eit\u00ed.\n<\/p>\n<p><\/p>","protected":false},"featured_media":8262,"template":"","categories":[54],"class_list":["post-8263","product","type-product","status-publish","has-post-thumbnail","hentry","category-industrial-aluminum-profiles"],"meta_box":{"hilight_text_group":{"product_hilight_text":"<li>Efficient heat dissipation design, ensuring optimal performance for LED lights.<\/li>\r\r\n<li>Durable and lightweight aluminum material for long-lasting use and easy handling.<\/li>\r\r\n<li>Innovative sunflower shape enhances airflow for better cooling efficiency.<\/li>\r\r\n<li>Corrosion-resistant surface, extending the lifespan of the LED lights and heat sink.<\/li>\r\r\n<li>Compact and versatile, suitable for various LED lighting applications.<\/li>","product_chanpin_blog":"<ul>\r\r\n<li><a href=\"https:\/\/sinoextrud.com\/t-slot-v-slot-differences\/\" target=\"_blank\">t slot vs v slot<\/a><\/li>\r\r\n<li><a href=\"https:\/\/sinoextrud.com\/what-is-4040-aluminium-extrud\/\" target=\"_blank\">4040 aluminium extrusion<\/a><\/li>\r\r\n<li><a href=\"https:\/\/sinoextrud.com\/what-is-4040-aluminium-extrud\/\" target=\"_blank\">aluminum extrusions for industrial racks<\/a><\/li>\r\r\n<li><a href=\"https:\/\/sinoextrud.com\/powder-coating-aluminium-process\/\" target=\"_blank\">powder coating aluminium<\/a><\/li>\r\r\n<li><a href=\"https:\/\/sinoextrud.com\/what-is-an-aluminium-strip-ceiling\/\" target=\"_blank\">aluminium strip ceiling<\/a><\/li>\r\r\n<li><a href=\"https:\/\/sinoextrud.com\/what-is-a-heat-sink\/\" target=\"_blank\">what is a heat sink<\/a><\/li>\r\r\n<\/ul>","product_chanpin_chanpin":"<li><a href=\"https:\/\/sinoextrud.com\/product\/industrial-large-aluminum-heat-sink\/\" target=\"_blank\">Industrial Large Aluminum Heat Sink<\/a><\/li>\r\n<li><a href=\"https:\/\/sinoextrud.com\/product\/industrial-t-slot-aluminum-profile\/\" target=\"_blank\">Industrial T Slot Aluminum Profile<\/a><\/li>\r\n<li><a href=\"https:\/\/sinoextrud.com\/product\/large-scale-industrial-aluminum-profile\/\" target=\"_blank\">Large Scale Industrial Aluminum Profile<\/a><\/li>\r\n<li><a href=\"https:\/\/sinoextrud.com\/product\/solar-aluminium-profile-2\/\" target=\"_blank\">Solar Aluminium Profile<\/a><\/li>\r\n<li><a href=\"https:\/\/sinoextrud.com\/product\/round-sunflower-led-light-aluminium-heat-sink\/\" target=\"_blank\">Round Sunflower LED Light Aluminium Heat Sink<\/a><\/li>\r\n<li><a href=\"https:\/\/sinoextrud.com\/product\/profile-square-aluminum-heat-sink\/\" target=\"_blank\">Profile Square Aluminum Heat Sink<\/a><\/li>\r\n<li><a href=\"https:\/\/sinoextrud.com\/product\/triangular-aluminum-extrusion\/\" target=\"_blank\">Triangular Aluminum Extrusion<\/a><\/li>\r\n<li><a href=\"https:\/\/sinoextrud.com\/product\/standard-aluminum-extrusions\/\" target=\"_blank\">Standard Aluminum Extrusions<\/a><\/li>\r\n<li><a href=\"https:\/\/sinoextrud.com\/product\/solar-frames-aluminum-extrusions\/\" target=\"_blank\">Solar Frames Aluminum Extrusions<\/a><\/li>\r\n<li><a href=\"https:\/\/sinoextrud.com\/product\/oval-aluminum-extrusion\/\" target=\"_blank\">Oval Aluminum Extrusion<\/a><\/li>\r\n<li><a href=\"https:\/\/sinoextrud.com\/product\/slotted-extruded-aluminum-u-shaped-bending-punching\/\" target=\"_blank\">Slotted Extruded Aluminum U Shaped Bending Punching<\/a><\/li>"},"feature_list":[]},"_links":{"self":[{"href":"https:\/\/sinoextrud.com\/cs\/wp-json\/wp\/v2\/product\/8263","targetHints":{"allow":["GET"]}}],"collection":[{"href":"https:\/\/sinoextrud.com\/cs\/wp-json\/wp\/v2\/product"}],"about":[{"href":"https:\/\/sinoextrud.com\/cs\/wp-json\/wp\/v2\/types\/product"}],"wp:featuredmedia":[{"embeddable":true,"href":"https:\/\/sinoextrud.com\/cs\/wp-json\/wp\/v2\/media\/8262"}],"wp:attachment":[{"href":"https:\/\/sinoextrud.com\/cs\/wp-json\/wp\/v2\/media?parent=8263"}],"wp:term":[{"taxonomy":"category","embeddable":true,"href":"https:\/\/sinoextrud.com\/cs\/wp-json\/wp\/v2\/categories?post=8263"}],"curies":[{"name":"wp","href":"https:\/\/api.w.org\/{rel}","templated":true}]}}