{"id":8261,"date":"2025-06-14T06:32:29","date_gmt":"2025-06-14T06:32:29","guid":{"rendered":"https:\/\/sinoextrud.com\/product\/solar-aluminium-profile-2\/"},"modified":"2025-06-24T06:23:26","modified_gmt":"2025-06-24T06:23:26","slug":"solarni-hlinikovy-profil-2","status":"publish","type":"product","link":"https:\/\/sinoextrud.com\/cs\/product\/solar-aluminium-profile-2\/","title":{"rendered":"Sol\u00e1rn\u00ed hlin\u00edkov\u00fd profil"},"content":{"rendered":"<h2>Podrobnosti o produktech<\/h2>\n<table class=\"custom-table\">\n<thead>\n<tr>\n<td> Polo\u017eka\uff1a<\/td>\n<td> Vlastn\u00ed eloxovan\u00fd sol\u00e1rn\u00ed hlin\u00edkov\u00fd profil<\/td>\n<\/tr>\n<\/thead>\n<tbody>\n<tr>\n<td> Materi\u00e1l:<\/td>\n<td> Vysoce kvalitn\u00ed hlin\u00edkov\u00e1 slitina (nap\u0159. 6063)<\/td>\n<\/tr>\n<tr>\n<td> Typ profilu:<\/td>\n<td> eloxovan\u00fd sol\u00e1rn\u00ed hlin\u00edkov\u00fd profil<\/td>\n<\/tr>\n<tr>\n<td> Standardn\u00ed d\u00e9lka:<\/td>\n<td> A\u017e 6 metr\u016f (k dispozici jsou vlastn\u00ed d\u00e9lky)<\/td>\n<\/tr>\n<tr>\n<td> Mo\u017enosti \u0161\u00ed\u0159ky:<\/td>\n<td> 30 mm a\u017e 150 mm (k dispozici jsou \u0161\u00ed\u0159ky na zak\u00e1zku)<\/td>\n<\/tr>\n<tr>\n<td> Mo\u017enosti nastaven\u00ed v\u00fd\u0161ky:<\/td>\n<td> 20 mm a\u017e 100 mm (k dispozici jsou i vlastn\u00ed v\u00fd\u0161ky)<\/td>\n<\/tr>\n<tr>\n<td> Tlou\u0161\u0165ka:<\/td>\n<td> 1,2 mm a\u017e 3,0 mm (k dispozici je tlou\u0161\u0165ka na zak\u00e1zku)<\/td>\n<\/tr>\n<tr>\n<td> Hmotnost:<\/td>\n<td> Li\u0161\u00ed se v z\u00e1vislosti na rozm\u011brech a proveden\u00ed<\/td>\n<\/tr>\n<tr>\n<td> Povrchov\u00e1 \u00faprava:<\/td>\n<td> Eloxovan\u00e9 (k dispozici jsou r\u016fzn\u00e9 barvy)<\/td>\n<\/tr>\n<tr>\n<td> Mo\u017enosti barev:<\/td>\n<td> St\u0159\u00edbrn\u00e1, \u010dern\u00e1, bronzov\u00e1, vlastn\u00ed barvy<\/td>\n<\/tr>\n<tr>\n<td> Odolnost proti korozi:<\/td>\n<td> Vynikaj\u00edc\u00ed (vylep\u0161eno procesem eloxov\u00e1n\u00ed)<\/td>\n<\/tr>\n<tr>\n<td> Tepeln\u00e1 vodivost:<\/td>\n<td> Vysok\u00e1 tepeln\u00e1 vodivost pro \u00fa\u010dinn\u00fd odvod tepla<\/td>\n<\/tr>\n<tr>\n<td> Nosnost:<\/td>\n<td> Li\u0161\u00ed se v z\u00e1vislosti na konstrukci a instalaci profilu<\/td>\n<\/tr>\n<tr>\n<td> CNC obr\u00e1b\u011bn\u00ed:<\/td>\n<td> K dispozici pro p\u0159esn\u00e9 \u0159ez\u00e1n\u00ed, vrt\u00e1n\u00ed a fr\u00e9zov\u00e1n\u00ed<\/td>\n<\/tr>\n<tr>\n<td> Balen\u00ed:<\/td>\n<td> Bezpe\u010dn\u00e9 balen\u00ed s ochrann\u00fdmi materi\u00e1ly, ozna\u010den\u00e9 pro snadnou identifikaci.<\/td>\n<\/tr>\n<tr>\n<td> Certifikace:<\/td>\n<td> ISO 9001, RoHS a dal\u0161\u00ed p\u0159\u00edslu\u0161n\u00e9 certifikace<\/td>\n<\/tr>\n<tr>\n<td> Doba dod\u00e1n\u00ed:<\/td>\n<td> Obvykle 2-4 t\u00fddny (v z\u00e1vislosti na p\u0159izp\u016fsoben\u00ed a objemu objedn\u00e1vky)<\/td>\n<\/tr>\n<tr>\n<td> Minim\u00e1ln\u00ed objednac\u00ed mno\u017estv\u00ed (MOQ):<\/td>\n<td> 200 kg nebo dle dohody<\/td>\n<\/tr>\n<tr>\n<td> Mo\u017enosti p\u0159izp\u016fsoben\u00ed:<\/td>\n<td> K dispozici rozm\u011bry, barvy a vzory<\/td>\n<\/tr>\n<tr>\n<td> Kontrola kvality:<\/td>\n<td> D\u016fsledn\u00e9 kontroly v ka\u017ed\u00e9 f\u00e1zi v\u00fdroby<\/td>\n<\/tr>\n<tr>\n<td> Z\u00e1ruka:<\/td>\n<td> 5let\u00e1 z\u00e1ruka na v\u00fdrobn\u00ed vady<\/td>\n<\/tr>\n<tr>\n<td> Z\u00e1kaznick\u00e1 podpora:<\/td>\n<td> K dispozici je technick\u00e1 podpora a konzultace<\/td>\n<\/tr>\n<\/tbody>\n<\/table>\n<h2>Na\u0161e v\u00fdrobn\u00ed z\u00e1kladna<\/h2>\n<h3>Panorama tov\u00e1rny<\/h3>\n<p><img decoding=\"async\" src=\"\/wp-content\/uploads\/factory-01.webp\"\/><\/p>\n<h3>D\u00edlna na v\u00fdrobu hlin\u00edkov\u00fdch ty\u010d\u00ed<\/h3>\n<p><img decoding=\"async\" src=\"\/wp-content\/uploads\/factory-02.webp\"\/><\/p>\n<p><img decoding=\"async\" src=\"\/wp-content\/uploads\/factory-03.webp\"\/><\/p>\n<h3>Sklad pl\u00edsn\u00ed<\/h3>\n<p><img decoding=\"async\" src=\"\/wp-content\/uploads\/factory-04.webp\"\/><\/p>\n<h3>43 linek na vytla\u010dov\u00e1n\u00ed hlin\u00edku (500-5500 tun)<\/h3>\n<p><img decoding=\"async\" src=\"\/wp-content\/uploads\/factory-05.webp\"\/><\/p>\n<p><img decoding=\"async\" src=\"\/wp-content\/uploads\/factory-06.webp\"\/><\/p>\n<p><img decoding=\"async\" src=\"\/wp-content\/uploads\/factory-07.webp\"\/><\/p>\n<h3>D\u00edlna pr\u00e1\u0161kov\u00e9ho lakov\u00e1n\u00ed<\/h3>\n<p><img decoding=\"async\" src=\"\/wp-content\/uploads\/factory-09.webp\"\/><\/p>\n<h3>D\u00edlna eloxov\u00e1n\u00ed<\/h3>\n<p><img decoding=\"async\" src=\"\/wp-content\/uploads\/factory-10.webp\"\/><\/p>\n<h3>Workshop o hloubkov\u00e9m zpracov\u00e1n\u00ed<\/h3>\n<p><img decoding=\"async\" src=\"\/wp-content\/uploads\/factory-11.webp\"\/><\/p>\n<h3>D\u00edlna CNC p\u0159esn\u00e9ho obr\u00e1b\u011bn\u00ed<\/h3>\n<p><img decoding=\"async\" src=\"\/wp-content\/uploads\/factory-11.5.webp\"\/><\/p>\n<h3>Sklad hotov\u00fdch v\u00fdrobk\u016f a exportn\u00ed sklad<\/h3>\n<p><img decoding=\"async\" src=\"\/wp-content\/uploads\/factory-12.webp\"\/><\/p>\n<p><img decoding=\"async\" src=\"\/wp-content\/uploads\/factory-13.webp\"\/><\/p>\n<p><img decoding=\"async\" src=\"\/wp-content\/uploads\/factory-14.webp\"\/><\/p>\n<h2>\u010cASTO KLADEN\u00c9 DOTAZY<\/h2>\n<p><p><b>1.Pro\u010d je hlin\u00edkov\u00fd sol\u00e1rn\u00ed profil ide\u00e1ln\u00ed pro instalaci sol\u00e1rn\u00edch panel\u016f? <\/b><\/p>\n<p> Sol\u00e1rn\u00ed hlin\u00edkov\u00e9 profily jsou odoln\u00e9, lehk\u00e9 a korozivzdorn\u00e9, tak\u017ee jsou ide\u00e1ln\u00ed pro podep\u0159en\u00ed sol\u00e1rn\u00edch panel\u016f a z\u00e1rove\u0148 zaji\u0161\u0165uj\u00ed optim\u00e1ln\u00ed v\u00fdkon v r\u016fzn\u00fdch prost\u0159ed\u00edch.<br \/>\n<\/p><br \/>\n<br \/>\n<p><b>2.M\u016f\u017ee b\u00fdt sol\u00e1rn\u00ed hlin\u00edkov\u00fd profil p\u0159izp\u016fsoben? <\/b><\/p>\n<p> Ano, tyto profily lze p\u0159izp\u016fsobit z hlediska velikosti, tvaru a designu tak, aby spl\u0148ovaly specifick\u00e9 po\u017eadavky na sol\u00e1rn\u00ed instalaci.<br \/>\n<\/p><br \/>\n<br \/>\n<p><b>3.Jak odoln\u00fd je sol\u00e1rn\u00ed hlin\u00edkov\u00fd profil? <\/b><\/p>\n<p> Sol\u00e1rn\u00ed hlin\u00edkov\u00fd profil je d\u00edky sv\u00fdm antikorozn\u00edm vlastnostem vysoce odoln\u00fd a zaji\u0161\u0165uje dlouhou \u017eivotnost i v n\u00e1ro\u010dn\u00fdch pov\u011btrnostn\u00edch podm\u00ednk\u00e1ch.<br \/>\n<\/p><br \/>\n<br \/>\n<p><b>4.Jak\u00e1 pr\u016fmyslov\u00e1 odv\u011btv\u00ed maj\u00ed prosp\u011bch z pou\u017e\u00edv\u00e1n\u00ed sol\u00e1rn\u00edch hlin\u00edkov\u00fdch profil\u016f? <\/b><\/p>\n<p> Odv\u011btv\u00ed, jako jsou obnoviteln\u00e9 zdroje energie, stavebnictv\u00ed a sol\u00e1rn\u00ed energetika, vyu\u017e\u00edvaj\u00ed tyto profily pro instalace sol\u00e1rn\u00edch panel\u016f a souvisej\u00edc\u00edch syst\u00e9m\u016f.<br \/>\n<\/p><br \/>\n<br \/>\n<p><b>5.Je instalace sol\u00e1rn\u00edho hlin\u00edkov\u00e9ho profilu snadn\u00e1? <\/b><\/p>\n<p> Ano, tyto profily jsou navr\u017eeny pro snadnou instalaci, co\u017e pom\u00e1h\u00e1 zkr\u00e1tit dobu instalace a sn\u00ed\u017eit n\u00e1klady na pr\u00e1ci p\u0159i projektech sol\u00e1rn\u00edch panel\u016f.<br \/>\n<\/p><br \/>\n<br \/>\n<p><b>6.Jak sol\u00e1rn\u00ed hlin\u00edkov\u00fd profil zlep\u0161uje v\u00fdkon sol\u00e1rn\u00edho syst\u00e9mu? <\/b><\/p>\n<p> Profil poskytuje silnou oporu a z\u00e1rove\u0148 umo\u017e\u0148uje lep\u0161\u00ed odvod tepla, \u010d\u00edm\u017e zaji\u0161\u0165uje maxim\u00e1ln\u00ed \u00fa\u010dinnost sol\u00e1rn\u00edch panel\u016f.<br \/>\n<\/p><br \/>\n<br \/>\n<p><b>7.Je sol\u00e1rn\u00ed hlin\u00edkov\u00fd profil \u0161etrn\u00fd k \u017eivotn\u00edmu prost\u0159ed\u00ed? <\/b><\/p>\n<p> Ano, hlin\u00edk je pln\u011b recyklovateln\u00fd, tak\u017ee je ekologickou volbou pro mont\u00e1\u017e sol\u00e1rn\u00edch panel\u016f a nosn\u00fdch konstrukc\u00ed.<br \/>\n<\/p><br \/><\/p>","protected":false},"featured_media":8260,"template":"","categories":[54],"class_list":["post-8261","product","type-product","status-publish","has-post-thumbnail","hentry","category-industrial-aluminum-profiles"],"meta_box":{"hilight_text_group":{"product_hilight_text":"<li>Durable and corrosion-resistant solar aluminium profile designed for solar panel installations<\/li>\r\r\n<li>Lightweight yet strong, providing excellent support for solar panels without adding excessive weight<\/li>\r\r\n<li>Customizable lengths and designs to meet specific solar installation requirements<\/li>\r\r\n<li>Efficient thermal conductivity, ensuring better performance and heat management for solar systems<\/li>\r\r\n<li>Easy to assemble and install, reducing labor costs and setup time<\/li>\r\r\n<li>Weather-resistant, making it ideal for long-term outdoor use in various climates<\/li>\r\r\n<li>Environmentally friendly, as aluminum is fully recyclable and sustainable<\/li>","product_chanpin_blog":"<ul>\r\r\n<li><a href=\"https:\/\/sinoextrud.com\/t-slot-v-slot-differences\/\" target=\"_blank\">t slot vs v slot<\/a><\/li>\r\r\n<li><a href=\"https:\/\/sinoextrud.com\/what-is-4040-aluminium-extrud\/\" target=\"_blank\">4040 aluminium extrusion<\/a><\/li>\r\r\n<li><a href=\"https:\/\/sinoextrud.com\/what-is-4040-aluminium-extrud\/\" target=\"_blank\">aluminum extrusions for industrial racks<\/a><\/li>\r\r\n<li><a href=\"https:\/\/sinoextrud.com\/powder-coating-aluminium-process\/\" target=\"_blank\">powder coating aluminium<\/a><\/li>\r\r\n<li><a href=\"https:\/\/sinoextrud.com\/what-is-an-aluminium-strip-ceiling\/\" target=\"_blank\">aluminium strip ceiling<\/a><\/li>\r\r\n<li><a href=\"https:\/\/sinoextrud.com\/what-is-a-heat-sink\/\" target=\"_blank\">what is a heat sink<\/a><\/li>\r\r\n<\/ul>","product_chanpin_chanpin":"<li><a href=\"https:\/\/sinoextrud.com\/product\/industrial-large-aluminium-extrusions\/\" target=\"_blank\">Industrial Large Aluminium Extrusions<\/a><\/li>\r\n<li><a href=\"https:\/\/sinoextrud.com\/product\/industrial-large-aluminum-heat-sink\/\" target=\"_blank\">Industrial Large Aluminum Heat Sink<\/a><\/li>\r\n<li><a href=\"https:\/\/sinoextrud.com\/product\/industrial-t-slot-aluminum-profile\/\" target=\"_blank\">Industrial T Slot Aluminum Profile<\/a><\/li>\r\n<li><a href=\"https:\/\/sinoextrud.com\/product\/large-scale-industrial-aluminum-profile\/\" target=\"_blank\">Large Scale Industrial Aluminum Profile<\/a><\/li>\r\n<li><a href=\"https:\/\/sinoextrud.com\/product\/solar-aluminium-profile-2\/\" target=\"_blank\">Solar Aluminium Profile<\/a><\/li>\r\n<li><a href=\"https:\/\/sinoextrud.com\/product\/round-sunflower-led-light-aluminium-heat-sink\/\" target=\"_blank\">Round Sunflower LED Light Aluminium Heat Sink<\/a><\/li>\r\n<li><a href=\"https:\/\/sinoextrud.com\/product\/profile-square-aluminum-heat-sink\/\" target=\"_blank\">Profile Square Aluminum Heat Sink<\/a><\/li>\r\n<li><a href=\"https:\/\/sinoextrud.com\/product\/triangular-aluminum-extrusion\/\" target=\"_blank\">Triangular Aluminum Extrusion<\/a><\/li>\r\n<li><a href=\"https:\/\/sinoextrud.com\/product\/standard-aluminum-extrusions\/\" target=\"_blank\">Standard Aluminum Extrusions<\/a><\/li>\r\n<li><a href=\"https:\/\/sinoextrud.com\/product\/aluminium-round-tube-extrusion-profile-with-anodized-powder-coating-surface-treatment-oem-customized-extruded-aluminium-tube-profile\/\" target=\"_blank\">Aluminium Round Tube Extrusion Profile With Anodized Powder Coating Surface Treatment OEM Customized  Extruded Aluminium Tube Profile<\/a><\/li>\r\n<li><a href=\"https:\/\/sinoextrud.com\/product\/the-hexagonal-type-ceiling-system\/\" target=\"_blank\">The Hexagonal Type Ceiling System (Hexagonal Ceiling)<\/a><\/li>"},"feature_list":[]},"_links":{"self":[{"href":"https:\/\/sinoextrud.com\/cs\/wp-json\/wp\/v2\/product\/8261","targetHints":{"allow":["GET"]}}],"collection":[{"href":"https:\/\/sinoextrud.com\/cs\/wp-json\/wp\/v2\/product"}],"about":[{"href":"https:\/\/sinoextrud.com\/cs\/wp-json\/wp\/v2\/types\/product"}],"wp:featuredmedia":[{"embeddable":true,"href":"https:\/\/sinoextrud.com\/cs\/wp-json\/wp\/v2\/media\/8260"}],"wp:attachment":[{"href":"https:\/\/sinoextrud.com\/cs\/wp-json\/wp\/v2\/media?parent=8261"}],"wp:term":[{"taxonomy":"category","embeddable":true,"href":"https:\/\/sinoextrud.com\/cs\/wp-json\/wp\/v2\/categories?post=8261"}],"curies":[{"name":"wp","href":"https:\/\/api.w.org\/{rel}","templated":true}]}}