{"id":8259,"date":"2025-06-14T06:30:54","date_gmt":"2025-06-14T06:30:54","guid":{"rendered":"https:\/\/sinoextrud.com\/product\/large-scale-industrial-aluminum-profile\/"},"modified":"2025-06-24T06:23:26","modified_gmt":"2025-06-24T06:23:26","slug":"velkoplosny-prumyslovy-hlinikovy-profil","status":"publish","type":"product","link":"https:\/\/sinoextrud.com\/cs\/product\/large-scale-industrial-aluminum-profile\/","title":{"rendered":"Velkoplo\u0161n\u00fd pr\u016fmyslov\u00fd hlin\u00edkov\u00fd profil"},"content":{"rendered":"<h2>Podrobnosti o produktech<\/h2>\n<table class=\"custom-table\">\n<tbody>\n<tr>\n<td> N\u00e1zev produktu<\/td>\n<td> Velkoplo\u0161n\u00fd pr\u016fmyslov\u00fd hlin\u00edkov\u00fd profil                            <\/td>\n<\/tr>\n<tr>\n<td> Materi\u00e1l<\/td>\n<td> 6063, 6061, 6043, 6082 Hlin\u00edkov\u00e1 slitina<\/td>\n<\/tr>\n<tr>\n<td> Barva<\/td>\n<td> P\u0159izp\u016fsoben\u00e9<\/td>\n<\/tr>\n<tr>\n<td> Standardn\u00ed<\/td>\n<td> GB2008<\/td>\n<\/tr>\n<tr>\n<td> T\u0159\u00edda<\/td>\n<td> \u0158ada 6000<\/td>\n<\/tr>\n<tr>\n<td> Tlou\u0161\u0165ka<\/td>\n<td> P\u0159izp\u016fsoben\u00e9<\/td>\n<\/tr>\n<tr>\n<td> Pou\u017eit\u00ed<\/td>\n<td> Pr\u016fmyslov\u00e9<\/td>\n<\/tr>\n<tr>\n<td> Temperament<\/td>\n<td> T3-T8<\/td>\n<\/tr>\n<tr>\n<td> D\u00e9lka<\/td>\n<td> P\u0159izp\u016fsoben\u00e9<\/td>\n<\/tr>\n<tr>\n<td> Povrchov\u00e1 \u00faprava<\/td>\n<td> Pr\u00e1\u0161kov\u00e9 lakov\u00e1n\u00ed, ml\u00fdnsk\u00e1 povrchov\u00e1 \u00faprava, PVDF, eloxovan\u00e9, d\u0159ev\u011bn\u00e9 zrno, le\u0161t\u011bn\u00e9, kart\u00e1\u010dovan\u00e9 atd.<\/td>\n<\/tr>\n<tr>\n<td> Orgin<\/td>\n<td> \u010c\u00cdNA<\/td>\n<\/tr>\n<tr>\n<td> Je slitina nebo ne<\/td>\n<td> Je slitina<\/td>\n<\/tr>\n<tr>\n<td> P\u0159\u00edstav<\/td>\n<td> Guangzhou, Shenzhen, Foshan<\/td>\n<\/tr>\n<\/tbody>\n<\/table>\n<h2>Na\u0161e v\u00fdrobn\u00ed z\u00e1kladna<\/h2>\n<h3>Panorama tov\u00e1rny<\/h3>\n<p><img decoding=\"async\" src=\"\/wp-content\/uploads\/factory-01.webp\"\/><\/p>\n<h3>D\u00edlna na v\u00fdrobu hlin\u00edkov\u00fdch ty\u010d\u00ed<\/h3>\n<p><img decoding=\"async\" src=\"\/wp-content\/uploads\/factory-02.webp\"\/><\/p>\n<p><img decoding=\"async\" src=\"\/wp-content\/uploads\/factory-03.webp\"\/><\/p>\n<h3>Sklad pl\u00edsn\u00ed<\/h3>\n<p><img decoding=\"async\" src=\"\/wp-content\/uploads\/factory-04.webp\"\/><\/p>\n<h3>43 linek na vytla\u010dov\u00e1n\u00ed hlin\u00edku (500 - 5500 tun)<\/h3>\n<p><img decoding=\"async\" src=\"\/wp-content\/uploads\/factory-05.webp\"\/><\/p>\n<p><img decoding=\"async\" src=\"\/wp-content\/uploads\/factory-06.webp\"\/><\/p>\n<p><img decoding=\"async\" src=\"\/wp-content\/uploads\/factory-07.webp\"\/><\/p>\n<h3>D\u00edlna pr\u00e1\u0161kov\u00e9ho lakov\u00e1n\u00ed<\/h3>\n<p><img decoding=\"async\" src=\"\/wp-content\/uploads\/factory-09.webp\"\/><\/p>\n<h3>D\u00edlna eloxov\u00e1n\u00ed<\/h3>\n<p><img decoding=\"async\" src=\"\/wp-content\/uploads\/factory-10.webp\"\/><\/p>\n<h3>Workshop o hloubkov\u00e9m zpracov\u00e1n\u00ed<\/h3>\n<p><img decoding=\"async\" src=\"\/wp-content\/uploads\/factory-11.webp\"\/><\/p>\n<h3>D\u00edlna CNC p\u0159esn\u00e9ho obr\u00e1b\u011bn\u00ed<\/h3>\n<p><img decoding=\"async\" src=\"\/wp-content\/uploads\/factory-11.5.webp\"\/><\/p>\n<h3>Sklad hotov\u00fdch v\u00fdrobk\u016f a exportn\u00ed sklad<\/h3>\n<p><img decoding=\"async\" src=\"\/wp-content\/uploads\/factory-12.webp\"\/><\/p>\n<p><img decoding=\"async\" src=\"\/wp-content\/uploads\/factory-13.webp\"\/><\/p>\n<p><img decoding=\"async\" src=\"\/wp-content\/uploads\/factory-14.webp\"\/><\/p>\n<h2>\u010cASTO KLADEN\u00c9 DOTAZY<\/h2>\n<p><p><b>1.K \u010demu se pou\u017e\u00edvaj\u00ed velkoplo\u0161n\u00e9 pr\u016fmyslov\u00e9 hlin\u00edkov\u00e9 profily?<\/b><\/p>\n<p>Velkoplo\u0161n\u00e9 pr\u016fmyslov\u00e9 hlin\u00edkov\u00e9 profily se pou\u017e\u00edvaj\u00ed p\u0159i konstrukci velk\u00fdch r\u00e1m\u016f, konstruk\u010dn\u00edch syst\u00e9m\u016f a pr\u016fmyslov\u00fdch za\u0159\u00edzen\u00ed, kde je vy\u017eadov\u00e1na pevnost, odolnost a flexibilita.<br \/>\n<\/p><br \/>\n<br \/>\n<p><b>2.Pro\u010d se hlin\u00edk pou\u017e\u00edv\u00e1 ve velk\u00fdch pr\u016fmyslov\u00fdch profilech?<\/b><\/p>\n<p>Hlin\u00edk je lehk\u00fd, odoln\u00fd proti korozi a trvanliv\u00fd, co\u017e z n\u011bj \u010din\u00ed ide\u00e1ln\u00ed materi\u00e1l pro rozs\u00e1hl\u00e9 pr\u016fmyslov\u00e9 aplikace, kter\u00e9 vy\u017eaduj\u00ed pevnost a snadnou manipulaci.<br \/>\n<\/p><br \/>\n<br \/>\n<p><b>3.Can velk\u00e9 pr\u016fmyslov\u00e9 hlin\u00edkov\u00e9 profily b\u00fdt p\u0159izp\u016fsobeny?<\/b><\/p>\n<p>Ano, tyto profily jsou vysoce p\u0159izp\u016fsobiteln\u00e9, co\u017e umo\u017e\u0148uje vytv\u00e1\u0159et konstrukce na m\u00edru, kter\u00e9 spl\u0148uj\u00ed specifick\u00e9 konstruk\u010dn\u00ed a funk\u010dn\u00ed po\u017eadavky ve velk\u00fdch pr\u016fmyslov\u00fdch projektech.<br \/>\n<\/p><br \/>\n<br \/>\n<p><b>4.Jak\u00fd p\u0159\u00ednos m\u00e1 odolnost proti korozi pro velk\u00e9 pr\u016fmyslov\u00e9 hlin\u00edkov\u00e9 profily?<\/b><\/p>\n<p>Odolnost proti korozi zaji\u0161\u0165uje, \u017ee si profily zachov\u00e1vaj\u00ed svou pevnost a vzhled po dlouhou dobu, a to i v n\u00e1ro\u010dn\u00fdch pr\u016fmyslov\u00fdch podm\u00ednk\u00e1ch, co\u017e sni\u017euje n\u00e1roky na \u00fadr\u017ebu a zvy\u0161uje \u017eivotnost.<br \/>\n<\/p><br \/>\n<br \/>\n<p><b>5.Jsou velkoplo\u0161n\u00e9 pr\u016fmyslov\u00e9 hlin\u00edkov\u00e9 profily n\u00e1kladov\u011b efektivn\u00ed?<\/b><\/p>\n<p>Ano, tyto profily p\u0159edstavuj\u00ed n\u00e1kladov\u011b efektivn\u00ed \u0159e\u0161en\u00ed pro rozs\u00e1hl\u00e9 pr\u016fmyslov\u00e9 projekty, proto\u017ee sni\u017euj\u00ed n\u00e1klady na materi\u00e1l a nab\u00edzej\u00ed dlouhodobou \u017eivotnost s minim\u00e1ln\u00ed \u00fadr\u017ebou.<br \/>\n<\/p><br \/>\n<br \/>\n<p><b>6.Jak p\u0159isp\u00edvaj\u00ed velkoplo\u0161n\u00e9 pr\u016fmyslov\u00e9 hlin\u00edkov\u00e9 profily k energetick\u00e9 \u00fa\u010dinnosti?<\/b><\/p>\n<p>Lehkost hlin\u00edku pom\u00e1h\u00e1 sni\u017eovat n\u00e1klady na dopravu a spot\u0159ebu energie p\u0159i instalaci, tak\u017ee tyto profily p\u0159edstavuj\u00ed energeticky \u00fasporn\u011bj\u0161\u00ed \u0159e\u0161en\u00ed pro pr\u016fmyslov\u00e9 aplikace.<br \/>\n<\/p><br \/>\n<br \/>\n<p><b>7.Jak\u00e1 pr\u016fmyslov\u00e1 odv\u011btv\u00ed maj\u00ed prosp\u011bch z velkoplo\u0161n\u00fdch pr\u016fmyslov\u00fdch hlin\u00edkov\u00fdch profil\u016f?<\/b><\/p>\n<p>Pr\u016fmyslov\u00e1 odv\u011btv\u00ed, jako je v\u00fdroba, stavebnictv\u00ed, letectv\u00ed a automatizace, vyu\u017e\u00edvaj\u00ed pevnost, flexibilitu a cenovou v\u00fdhodnost velkoplo\u0161n\u00fdch pr\u016fmyslov\u00fdch hlin\u00edkov\u00fdch profil\u016f pro rozs\u00e1hl\u00e9 aplikace.<br \/>\n<\/p><br \/><\/p>","protected":false},"featured_media":8258,"template":"","categories":[54],"class_list":["post-8259","product","type-product","status-publish","has-post-thumbnail","hentry","category-industrial-aluminum-profiles"],"meta_box":{"hilight_text_group":{"product_hilight_text":"<li>High-strength aluminum profiles designed for large-scale industrial applications.<\/li>\r\r\n<li>Customizable profiles for specific structural needs, offering maximum design flexibility.<\/li>\r\r\n<li>Corrosion-resistant properties ensure long-lasting performance in challenging industrial environments.<\/li>\r\r\n<li>Lightweight yet durable, providing ease of handling and transport for large projects.<\/li>\r\r\n<li>Cost-effective and energy-efficient solution for constructing large structures and frameworks.<\/li>","product_chanpin_blog":"<ul>\r\r\n<li><a href=\"https:\/\/sinoextrud.com\/t-slot-v-slot-differences\/\" target=\"_blank\">t slot vs v slot<\/a><\/li>\r\r\n<li><a href=\"https:\/\/sinoextrud.com\/what-is-4040-aluminium-extrud\/\" target=\"_blank\">4040 aluminium extrusion<\/a><\/li>\r\r\n<li><a href=\"https:\/\/sinoextrud.com\/what-is-4040-aluminium-extrud\/\" target=\"_blank\">aluminum extrusions for industrial racks<\/a><\/li>\r\r\n<li><a href=\"https:\/\/sinoextrud.com\/powder-coating-aluminium-process\/\" target=\"_blank\">powder coating aluminium<\/a><\/li>\r\r\n<li><a href=\"https:\/\/sinoextrud.com\/what-is-an-aluminium-strip-ceiling\/\" target=\"_blank\">aluminium strip ceiling<\/a><\/li>\r\r\n<li><a href=\"https:\/\/sinoextrud.com\/what-is-a-heat-sink\/\" target=\"_blank\">what is a heat sink<\/a><\/li>\r\r\n<\/ul>","product_chanpin_chanpin":"<li><a href=\"https:\/\/sinoextrud.com\/product\/hospital-aluminum-profile\/\" target=\"_blank\">Hospital Aluminum Profile<\/a><\/li>\r\n<li><a href=\"https:\/\/sinoextrud.com\/product\/industrial-large-aluminium-extrusions\/\" target=\"_blank\">Industrial Large Aluminium Extrusions<\/a><\/li>\r\n<li><a href=\"https:\/\/sinoextrud.com\/product\/industrial-large-aluminum-heat-sink\/\" target=\"_blank\">Industrial Large Aluminum Heat Sink<\/a><\/li>\r\n<li><a href=\"https:\/\/sinoextrud.com\/product\/industrial-t-slot-aluminum-profile\/\" target=\"_blank\">Industrial T Slot Aluminum Profile<\/a><\/li>\r\n<li><a href=\"https:\/\/sinoextrud.com\/product\/large-scale-industrial-aluminum-profile\/\" target=\"_blank\">Large Scale Industrial Aluminum Profile<\/a><\/li>\r\n<li><a href=\"https:\/\/sinoextrud.com\/product\/solar-aluminium-profile-2\/\" target=\"_blank\">Solar Aluminium Profile<\/a><\/li>\r\n<li><a href=\"https:\/\/sinoextrud.com\/product\/round-sunflower-led-light-aluminium-heat-sink\/\" target=\"_blank\">Round Sunflower LED Light Aluminium Heat Sink<\/a><\/li>\r\n<li><a href=\"https:\/\/sinoextrud.com\/product\/profile-square-aluminum-heat-sink\/\" target=\"_blank\">Profile Square Aluminum Heat Sink<\/a><\/li>\r\n<li><a href=\"https:\/\/sinoextrud.com\/product\/triangular-aluminum-extrusion\/\" target=\"_blank\">Triangular Aluminum Extrusion<\/a><\/li>\r\n<li><a href=\"https:\/\/sinoextrud.com\/product\/aluminum-profile-slider-for-window-curtain\/\" target=\"_blank\">Aluminum Profile Slider For Window Curtain<\/a><\/li>\r\n<li><a href=\"https:\/\/sinoextrud.com\/product\/60x60-aluminium-extrusion\/\" target=\"_blank\">60\u00c3\u201460 Aluminium Extrusion<\/a><\/li>"},"feature_list":[]},"_links":{"self":[{"href":"https:\/\/sinoextrud.com\/cs\/wp-json\/wp\/v2\/product\/8259","targetHints":{"allow":["GET"]}}],"collection":[{"href":"https:\/\/sinoextrud.com\/cs\/wp-json\/wp\/v2\/product"}],"about":[{"href":"https:\/\/sinoextrud.com\/cs\/wp-json\/wp\/v2\/types\/product"}],"wp:featuredmedia":[{"embeddable":true,"href":"https:\/\/sinoextrud.com\/cs\/wp-json\/wp\/v2\/media\/8258"}],"wp:attachment":[{"href":"https:\/\/sinoextrud.com\/cs\/wp-json\/wp\/v2\/media?parent=8259"}],"wp:term":[{"taxonomy":"category","embeddable":true,"href":"https:\/\/sinoextrud.com\/cs\/wp-json\/wp\/v2\/categories?post=8259"}],"curies":[{"name":"wp","href":"https:\/\/api.w.org\/{rel}","templated":true}]}}