{"id":8255,"date":"2025-06-14T06:28:18","date_gmt":"2025-06-14T06:28:18","guid":{"rendered":"https:\/\/sinoextrud.com\/product\/industrial-large-aluminum-heat-sink\/"},"modified":"2025-06-24T06:23:25","modified_gmt":"2025-06-24T06:23:25","slug":"prumyslovy-velky-hlinikovy-chladic","status":"publish","type":"product","link":"https:\/\/sinoextrud.com\/cs\/product\/industrial-large-aluminum-heat-sink\/","title":{"rendered":"Pr\u016fmyslov\u00fd velk\u00fd hlin\u00edkov\u00fd chladi\u010d"},"content":{"rendered":"<h2>Podrobnosti o produktech<\/h2>\n<table class=\"custom-table\">\n<tr>\n<td class=\"label\">Polo\u017eka<\/td>\n<td>Pr\u016fmyslov\u00fd velk\u00fd hlin\u00edkov\u00fd chladi\u010d<\/td>\n<\/tr>\n<tr>\n<td class=\"label\">Materi\u00e1l<\/td>\n<td>Hlin\u00edk \u0159ady 6000<\/td>\n<\/tr>\n<tr>\n<td class=\"label\">Temperament<\/td>\n<td>T4, T5, T6<\/td>\n<\/tr>\n<tr>\n<td class=\"label\">Velikost \/ tlou\u0161\u0165ka<\/td>\n<td>Tlou\u0161\u0165ka obecn\u00fdch profil\u016f od 0,8 do 5,0 mm, d\u00e9lka od 1 m do 9 m nebo na zak\u00e1zku; tlou\u0161\u0165ka eloxovac\u00edho ochrann\u00e9ho filmu od 8 do 25 um, pr\u00e1\u0161kov\u00e9 lakov\u00e1n\u00ed od 40 do 120 um.<\/td>\n<\/tr>\n<tr>\n<td class=\"label\">Tvar<\/td>\n<td>Na z\u00e1klad\u011b poskytnut\u00e9ho v\u00fdkresu<\/td>\n<\/tr>\n<tr>\n<td class=\"label\">Aplikace<\/td>\n<td>Pr\u016fmysl<\/td>\n<\/tr>\n<tr>\n<td class=\"label\">Povrchov\u00e1 \u00faprava<\/td>\n<td>Povrchov\u00e9 \u00fapravy, eloxov\u00e1n\u00ed, pr\u00e1\u0161kov\u00e9 lakov\u00e1n\u00ed, elektrofor\u00e9za, d\u0159ev\u011bn\u00e1 zrna<\/td>\n<\/tr>\n<tr>\n<td class=\"label\">Barvy<\/td>\n<td>K dispozici je p\u0159izp\u016fsoben\u00e1 barva<\/td>\n<\/tr>\n<tr>\n<td class=\"label\">Hloubkov\u00fd proces<\/td>\n<td>CNC, vrt\u00e1n\u00ed, fr\u00e9zov\u00e1n\u00ed, \u0159ez\u00e1n\u00ed, sva\u0159ov\u00e1n\u00ed, oh\u00fdb\u00e1n\u00ed, mont\u00e1\u017e<\/td>\n<\/tr>\n<tr>\n<td class=\"label\">MOQ<\/td>\n<td>200 kg pro ka\u017edou polo\u017eku<\/td>\n<\/tr>\n<tr>\n<td class=\"label\">PackingDetails<\/td>\n<td>(1) Uvnit\u0159: baleno s plastovou ochrannou f\u00f3li\u00ed, kter\u00e1 chr\u00e1n\u00ed ka\u017ed\u00fd kus.<br \/>\n(2) Venku: Zabalte svazky do vod\u011bodoln\u00e9ho pap\u00edru.<\/td>\n<\/tr>\n<tr>\n<td class=\"label\">Deliverytime<\/td>\n<td>(1) V\u00fdvoj a testov\u00e1n\u00ed vzork\u016f: 12-18 dn\u00ed.<br \/>\n(2) Dokon\u010dena hromadn\u00e1 v\u00fdroba: 20-30 dn\u00ed po potvrzen\u00ed vzorku kupuj\u00edc\u00edm.<\/td>\n<\/tr>\n<tr>\n<td class=\"label\">P\u0159\u00edstav FOB<\/td>\n<td>SHENZHEN \/ GUANGZHOU \/ FOSHAN<\/td>\n<\/tr>\n<tr>\n<td class=\"label\">platebn\u00ed podm\u00ednky<\/td>\n<td>T\/T 30%pro z\u00e1lohu, z\u016fstatek p\u0159ed odesl\u00e1n\u00edm.<\/td>\n<\/tr>\n<tr>\n<td class=\"label\">vypo\u0159\u00e1d\u00e1n\u00edterm\u00edn<\/td>\n<td>Poplatek podle kone\u010dn\u00e9 skute\u010dn\u00e9 hmotnosti nebo podle teoretick\u00e9 hmotnosti.<\/td>\n<\/tr>\n<tr>\n<td class=\"label\">v\u00fdrobn\u00ed kapacita<\/td>\n<td>15 000 tun m\u011bs\u00ed\u010dn\u011b, 200 000 tun ro\u010dn\u011b.<\/td>\n<\/tr>\n<tr>\n<td class=\"label\">Certifik\u00e1t a norma<\/td>\n<td>CQM, SGS, CE, BV, SONCAP \/ GB, ISO, JIS, AS, NZS, QUALICOAT, QUOLANOD k dispozici<\/td>\n<\/tr>\n<tr>\n<td class=\"label\">Z\u00e1ruka<\/td>\n<td>Povrchov\u00e1barva m\u016f\u017ee vydr\u017eet 10 a\u017e 20 let ve venkovn\u00edm prost\u0159ed\u00ed.<\/td>\n<\/tr>\n<\/table>\n<h2>Na\u0161e v\u00fdrobn\u00ed z\u00e1kladna<\/h2>\n<h3>Panorama tov\u00e1rny<\/h3>\n<p><img decoding=\"async\" src=\"\/wp-content\/uploads\/factory-01.webp\"\/><\/p>\n<h3>D\u00edlna na v\u00fdrobu hlin\u00edkov\u00fdch ty\u010d\u00ed<\/h3>\n<p><img decoding=\"async\" src=\"\/wp-content\/uploads\/factory-02.webp\"\/><\/p>\n<p><img decoding=\"async\" src=\"\/wp-content\/uploads\/factory-03.webp\"\/><\/p>\n<h3>Sklad pl\u00edsn\u00ed<\/h3>\n<p><img decoding=\"async\" src=\"\/wp-content\/uploads\/factory-04.webp\"\/><\/p>\n<h3>43 linek na vytla\u010dov\u00e1n\u00ed hlin\u00edku (500 - 5500 tun)<\/h3>\n<p><img decoding=\"async\" src=\"\/wp-content\/uploads\/factory-05.webp\"\/><\/p>\n<p><img decoding=\"async\" src=\"\/wp-content\/uploads\/factory-06.webp\"\/><\/p>\n<p><img decoding=\"async\" src=\"\/wp-content\/uploads\/factory-07.webp\"\/><\/p>\n<h3>D\u00edlna pr\u00e1\u0161kov\u00e9ho lakov\u00e1n\u00ed<\/h3>\n<p><img decoding=\"async\" src=\"\/wp-content\/uploads\/factory-09.webp\"\/><\/p>\n<h3>D\u00edlna eloxov\u00e1n\u00ed<\/h3>\n<p><img decoding=\"async\" src=\"\/wp-content\/uploads\/factory-10.webp\"\/><\/p>\n<h3>Workshop o hloubkov\u00e9m zpracov\u00e1n\u00ed<\/h3>\n<p><img decoding=\"async\" src=\"\/wp-content\/uploads\/factory-11.webp\"\/><\/p>\n<h3>D\u00edlna CNC p\u0159esn\u00e9ho obr\u00e1b\u011bn\u00ed<\/h3>\n<p><img decoding=\"async\" src=\"\/wp-content\/uploads\/factory-11.5.webp\"\/><\/p>\n<h3>Sklad hotov\u00fdch v\u00fdrobk\u016f a exportn\u00ed sklad<\/h3>\n<p><img decoding=\"async\" src=\"\/wp-content\/uploads\/factory-12.webp\"\/><\/p>\n<p><img decoding=\"async\" src=\"\/wp-content\/uploads\/factory-13.webp\"\/><\/p>\n<p><img decoding=\"async\" src=\"\/wp-content\/uploads\/factory-14.webp\"\/><\/p>\n<h2>\u010cASTO KLADEN\u00c9 DOTAZY<\/h2>\n<p><p><b>1.Co d\u011bl\u00e1 pr\u016fmyslov\u00fd velk\u00fd hlin\u00edkov\u00fd chladi\u010d ide\u00e1ln\u00edm pro pr\u016fmyslov\u00e9 pou\u017eit\u00ed? <\/b><\/p>\n<p> Velk\u00fd pr\u016fmyslov\u00fd hlin\u00edkov\u00fd chladi\u010d je navr\u017een tak, aby efektivn\u011b odv\u00e1d\u011bl teplo a zaji\u0161\u0165oval optim\u00e1ln\u00ed \u0159\u00edzen\u00ed teploty u vysoce v\u00fdkonn\u00fdch stroj\u016f.<br \/>\n<\/p><br \/>\n<br \/>\n<p><b>2.Can pr\u016fmyslov\u00e9 velk\u00e9 hlin\u00edkov\u00e9 chladi\u010de b\u00fdt p\u0159izp\u016fsobeny? <\/b><\/p>\n<p> Ano, jeho velikost, tvar a design lze p\u0159izp\u016fsobit specifick\u00fdm pot\u0159eb\u00e1m chlazen\u00ed a tepeln\u00fdm po\u017eadavk\u016fm pro r\u016fzn\u00e9 pr\u016fmyslov\u00e9 aplikace.<br \/>\n<\/p><br \/>\n<br \/>\n<p><b>3.Jak odoln\u00fd je pr\u016fmyslov\u00fd velk\u00fd hlin\u00edkov\u00fd chladi\u010d? <\/b><\/p>\n<p> Hlin\u00edkov\u00e1 konstrukce odoln\u00e1 proti korozi zaji\u0161\u0165uje, \u017ee chladi\u010d z\u016fstane odoln\u00fd a bude dlouhodob\u011b dob\u0159e fungovat v n\u00e1ro\u010dn\u00fdch pr\u016fmyslov\u00fdch podm\u00ednk\u00e1ch.<br \/>\n<\/p><br \/>\n<br \/>\n<p><b>4.Jak\u00e9 jsou v\u00fdhody pou\u017eit\u00ed pr\u016fmyslov\u00e9ho velk\u00e9ho hlin\u00edkov\u00e9ho chladi\u010de? <\/b><\/p>\n<p> Chladi\u010d nab\u00edz\u00ed vynikaj\u00edc\u00ed chladic\u00ed v\u00fdkon, dlouhou \u017eivotnost a mo\u017enost p\u0159izp\u016fsoben\u00ed, p\u0159i\u010dem\u017e je lehk\u00fd a cenov\u011b v\u00fdhodn\u00fd.<br \/>\n<\/p><br \/>\n<br \/>\n<p><b>5.Je pr\u016fmyslov\u00fd velk\u00fd hlin\u00edkov\u00fd chladi\u010d lehk\u00fd? <\/b><\/p>\n<p> Ano, hlin\u00edkov\u00fd materi\u00e1l je lehk\u00fd, ale pevn\u00fd, tak\u017ee je ide\u00e1ln\u00edm \u0159e\u0161en\u00edm pro n\u00e1ro\u010dn\u00e9 chladic\u00ed aplikace bez zbyte\u010dn\u00e9ho zvy\u0161ov\u00e1n\u00ed hmotnosti.<br \/>\n<\/p><br \/>\n<br \/>\n<p><b>6.Je pr\u016fmyslov\u00fd velk\u00fd hlin\u00edkov\u00fd chladi\u010d \u0161etrn\u00fd k \u017eivotn\u00edmu prost\u0159ed\u00ed? <\/b><\/p>\n<p> Ano, hlin\u00edk je pln\u011b recyklovateln\u00fd materi\u00e1l, tak\u017ee chladi\u010d je ekologickou volbou pro pr\u016fmyslov\u00e9 chladic\u00ed syst\u00e9my.<br \/>\n<\/p><br \/>\n<br \/>\n<p><b>7.Jak pr\u016fmyslov\u00fd velk\u00fd hlin\u00edkov\u00fd chladi\u010d zlep\u0161uje v\u00fdkon pr\u016fmyslov\u00fdch za\u0159\u00edzen\u00ed? <\/b><\/p>\n<p> Chladi\u010d \u00fa\u010dinn\u011b odv\u00e1d\u00ed teplo a zaji\u0161\u0165uje optim\u00e1ln\u00ed teplotu pr\u016fmyslov\u00fdch za\u0159\u00edzen\u00ed, \u010d\u00edm\u017e sni\u017euje riziko p\u0159eh\u0159\u00e1t\u00ed a prodlu\u017euje jejich \u017eivotnost.<br \/>\n<\/p><br \/><\/p>","protected":false},"featured_media":8254,"template":"","categories":[54],"class_list":["post-8255","product","type-product","status-publish","has-post-thumbnail","hentry","category-industrial-aluminum-profiles"],"meta_box":{"hilight_text_group":{"product_hilight_text":"<ul>\r\r\n  <li>Large aluminum heat sinks designed for high-performance industrial applications<\/li>\r\r\n  <li>Efficient heat dissipation to maintain optimal operating temperatures<\/li>\r\r\n  <li>Corrosion-resistant aluminum construction ensures durability and longevity<\/li>\r\r\n  <li>Customizable designs to meet specific thermal management requirements<\/li>\r\r\n  <li>Lightweight and durable, ideal for heavy-duty industrial equipment<\/li>\r\r\n  <li>Cost-effective solution for cooling large-scale industrial machinery<\/li>\r\r\n  <li>Environmentally friendly, made from fully recyclable aluminum material<\/li>\r\r\n<\/ul>","product_chanpin_blog":"<ul>\r\r\n<li><a href=\"https:\/\/sinoextrud.com\/t-slot-v-slot-differences\/\" target=\"_blank\">t slot vs v slot<\/a><\/li>\r\r\n<li><a href=\"https:\/\/sinoextrud.com\/what-is-4040-aluminium-extrud\/\" target=\"_blank\">4040 aluminium extrusion<\/a><\/li>\r\r\n<li><a href=\"https:\/\/sinoextrud.com\/what-is-4040-aluminium-extrud\/\" target=\"_blank\">aluminum extrusions for industrial racks<\/a><\/li>\r\r\n<li><a href=\"https:\/\/sinoextrud.com\/powder-coating-aluminium-process\/\" target=\"_blank\">powder coating aluminium<\/a><\/li>\r\r\n<li><a href=\"https:\/\/sinoextrud.com\/what-is-an-aluminium-strip-ceiling\/\" target=\"_blank\">aluminium strip ceiling<\/a><\/li>\r\r\n<li><a href=\"https:\/\/sinoextrud.com\/what-is-a-heat-sink\/\" target=\"_blank\">what is a heat sink<\/a><\/li>\r\r\n<\/ul>","product_chanpin_chanpin":"<li><a href=\"https:\/\/sinoextrud.com\/product\/manufacturer-price-of-customized-oem-matt-anodized-aluminium-profile-for-hospital-pharmaceutical-clean-room\/\" target=\"_blank\">Manufacturer Price Of Customized OEM Matt Anodized Aluminium Profile For Hospital Pharmaceutical Clean Room<\/a><\/li>\r\n<li><a href=\"https:\/\/sinoextrud.com\/product\/large-aluminium-pipe-aluminium-pole\/\" target=\"_blank\">Large Aluminium Pipe Aluminium Pole<\/a><\/li>\r\n<li><a href=\"https:\/\/sinoextrud.com\/product\/hospital-aluminum-profile\/\" target=\"_blank\">Hospital Aluminum Profile<\/a><\/li>\r\n<li><a href=\"https:\/\/sinoextrud.com\/product\/industrial-large-aluminium-extrusions\/\" target=\"_blank\">Industrial Large Aluminium Extrusions<\/a><\/li>\r\n<li><a href=\"https:\/\/sinoextrud.com\/product\/industrial-large-aluminum-heat-sink\/\" target=\"_blank\">Industrial Large Aluminum Heat Sink<\/a><\/li>\r\n<li><a href=\"https:\/\/sinoextrud.com\/product\/industrial-t-slot-aluminum-profile\/\" target=\"_blank\">Industrial T Slot Aluminum Profile<\/a><\/li>\r\n<li><a href=\"https:\/\/sinoextrud.com\/product\/large-scale-industrial-aluminum-profile\/\" target=\"_blank\">Large Scale Industrial Aluminum Profile<\/a><\/li>\r\n<li><a href=\"https:\/\/sinoextrud.com\/product\/solar-aluminium-profile-2\/\" target=\"_blank\">Solar Aluminium Profile<\/a><\/li>\r\n<li><a href=\"https:\/\/sinoextrud.com\/product\/round-sunflower-led-light-aluminium-heat-sink\/\" target=\"_blank\">Round Sunflower LED Light Aluminium Heat Sink<\/a><\/li>\r\n<li><a href=\"https:\/\/sinoextrud.com\/product\/aluminum-profile-for-clean-room-circle-shape\/\" target=\"_blank\">Aluminum Profile For Clean Room Circle Shape<\/a><\/li>\r\n<li><a href=\"https:\/\/sinoextrud.com\/product\/h-shaped-closed-linear-ceiling-system\/\" target=\"_blank\">H-Shaped Closed Linear Ceiling System<\/a><\/li>"},"feature_list":[]},"_links":{"self":[{"href":"https:\/\/sinoextrud.com\/cs\/wp-json\/wp\/v2\/product\/8255","targetHints":{"allow":["GET"]}}],"collection":[{"href":"https:\/\/sinoextrud.com\/cs\/wp-json\/wp\/v2\/product"}],"about":[{"href":"https:\/\/sinoextrud.com\/cs\/wp-json\/wp\/v2\/types\/product"}],"wp:featuredmedia":[{"embeddable":true,"href":"https:\/\/sinoextrud.com\/cs\/wp-json\/wp\/v2\/media\/8254"}],"wp:attachment":[{"href":"https:\/\/sinoextrud.com\/cs\/wp-json\/wp\/v2\/media?parent=8255"}],"wp:term":[{"taxonomy":"category","embeddable":true,"href":"https:\/\/sinoextrud.com\/cs\/wp-json\/wp\/v2\/categories?post=8255"}],"curies":[{"name":"wp","href":"https:\/\/api.w.org\/{rel}","templated":true}]}}