{"id":8199,"date":"2025-06-13T07:37:35","date_gmt":"2025-06-13T07:37:35","guid":{"rendered":"https:\/\/sinoextrud.com\/product\/extruded-aluminium-profiles-heat-sink\/"},"modified":"2025-06-24T06:23:20","modified_gmt":"2025-06-24T06:23:20","slug":"chladic-z-extrudovanych-hlinikovych-profilu","status":"publish","type":"product","link":"https:\/\/sinoextrud.com\/cs\/product\/extruded-aluminium-profiles-heat-sink\/","title":{"rendered":"Extrudovan\u00e9 hlin\u00edkov\u00e9 profily Chladi\u010d"},"content":{"rendered":"<h2>Podrobnosti o produktech<\/h2>\n<table class=\"custom-table\">\n<tbody>\n<tr>\n<td> Polo\u017eka<\/td>\n<td> Chladi\u010d z extrudovan\u00fdch hlin\u00edkov\u00fdch profil\u016f<\/td>\n<\/tr>\n<tr>\n<td> Tvar<\/td>\n<td> \u010dtvercov\u00e9, kulat\u00e9, obd\u00e9ln\u00edkov\u00e9, na m\u00edru<\/td>\n<\/tr>\n<tr>\n<td> Aplikace<\/td>\n<td> V n\u00e1bytku, oknech a dve\u0159\u00edch, dekorac\u00edch, pr\u016fmyslu, stavebnictv\u00ed atd.<\/td>\n<\/tr>\n<tr>\n<td> Barvy<\/td>\n<td> Ref pr\u00e1\u0161kov\u00e9 lakov\u00e1n\u00ed barevn\u00fd list a p\u0159izp\u016fsoben\u00e9 barvy k dispozici<\/td>\n<\/tr>\n<tr>\n<td> Hloubkov\u00fd proces<\/td>\n<td> CNC, vrt\u00e1n\u00ed, fr\u00e9zov\u00e1n\u00ed, \u0159ez\u00e1n\u00ed, sva\u0159ov\u00e1n\u00ed, oh\u00fdb\u00e1n\u00ed, mont\u00e1\u017e<\/td>\n<\/tr>\n<tr>\n<td> MOQ<\/td>\n<td> 200 kg pro ka\u017edou polo\u017eku<\/td>\n<\/tr>\n<tr>\n<td> Podrobnosti o balen\u00ed<\/td>\n<td> (1) Uvnit\u0159: baleno s plastovou ochrannou f\u00f3li\u00ed, kter\u00e1 chr\u00e1n\u00ed ka\u017ed\u00fd kus.<br \/> (2) Venku: Zabalte svazky do vod\u011bodoln\u00e9ho \u0159emesln\u00e9ho pap\u00edru.<\/td>\n<\/tr>\n<tr>\n<td> Platebn\u00ed podm\u00ednky<\/td>\n<td> T\/T 30% pro vklad, z\u016fstatek p\u0159ed odesl\u00e1n\u00edm.<\/td>\n<\/tr>\n<tr>\n<td> Term\u00edn vypo\u0159\u00e1d\u00e1n\u00ed<\/td>\n<td> \u00da\u010dtujte podle kone\u010dn\u00e9 skute\u010dn\u00e9 hmotnosti nebo podle teoretick\u00e9 hmotnosti p\u0159i \u010derp\u00e1n\u00ed.<\/td>\n<\/tr>\n<tr>\n<td> V\u00fdrobn\u00ed kapacita<\/td>\n<td> 15 000 tun m\u011bs\u00ed\u010dn\u011b, 200 000 tun ro\u010dn\u011b.<\/td>\n<\/tr>\n<tr>\n<td> Z\u00e1ruka<\/td>\n<td> Barva povrchu m\u016f\u017ee b\u00fdt stabiln\u00ed po dobu 10 ~ 20 let pou\u017e\u00edv\u00e1n\u00ed v interi\u00e9ru.<\/td>\n<\/tr>\n<\/tbody>\n<\/table>\n<h2>Na\u0161e v\u00fdrobn\u00ed z\u00e1kladna<\/h2>\n<h3>Panorama tov\u00e1rny<\/h3>\n<p><img decoding=\"async\" src=\"\/wp-content\/uploads\/factory-01.webp\"\/><\/p>\n<h3>D\u00edlna na v\u00fdrobu hlin\u00edkov\u00fdch ty\u010d\u00ed<\/h3>\n<p><img decoding=\"async\" src=\"\/wp-content\/uploads\/factory-02.webp\"\/><\/p>\n<\/p>\n<p><img decoding=\"async\" src=\"\/wp-content\/uploads\/factory-03.webp\"\/><\/p>\n<h3>Sklad pl\u00edsn\u00ed<\/h3>\n<p><img decoding=\"async\" src=\"\/wp-content\/uploads\/factory-04.webp\"\/><\/p>\n<h3>43 linek na vytla\u010dov\u00e1n\u00ed hlin\u00edku (500 - 5500 tun)<\/h3>\n<p><img decoding=\"async\" src=\"\/wp-content\/uploads\/factory-05.webp\"\/><\/p>\n<p><img decoding=\"async\" src=\"\/wp-content\/uploads\/factory-06.webp\"\/><\/p>\n<p><img decoding=\"async\" src=\"\/wp-content\/uploads\/factory-07.webp\"\/><\/p>\n<h3>D\u00edlna pr\u00e1\u0161kov\u00e9ho lakov\u00e1n\u00ed<\/h3>\n<p><img decoding=\"async\" src=\"\/wp-content\/uploads\/factory-09.webp\"\/><\/p>\n<h3>D\u00edlna eloxov\u00e1n\u00ed<\/h3>\n<p><img decoding=\"async\" src=\"\/wp-content\/uploads\/factory-10.webp\"\/><\/p>\n<h3>Workshop o hloubkov\u00e9m zpracov\u00e1n\u00ed<\/h3>\n<p><img decoding=\"async\" src=\"\/wp-content\/uploads\/factory-11.webp\"\/><\/p>\n<h3>D\u00edlna CNC p\u0159esn\u00e9ho obr\u00e1b\u011bn\u00ed<\/h3>\n<p><img decoding=\"async\" src=\"\/wp-content\/uploads\/factory-11.5.webp\"\/><\/p>\n<h3>Sklad hotov\u00fdch v\u00fdrobk\u016f a exportn\u00ed sklad<\/h3>\n<p><img decoding=\"async\" src=\"\/wp-content\/uploads\/factory-12.webp\"\/><\/p>\n<p><img decoding=\"async\" src=\"\/wp-content\/uploads\/factory-13.webp\"\/><\/p>\n<p><img decoding=\"async\" src=\"\/wp-content\/uploads\/factory-14.webp\"\/><\/p>\n<h2>\u010cASTO KLADEN\u00c9 DOTAZY<\/h2>\n<p><b>1.Co d\u011bl\u00e1 extrudovan\u00e9 hlin\u00edkov\u00e9 profily chladi\u010de efektivn\u00ed?<\/b><\/p>\n<p>Extrudovan\u00e9 hlin\u00edkov\u00e9 profily maximalizuj\u00ed plochu, zaji\u0161\u0165uj\u00ed vynikaj\u00edc\u00ed odvod tepla a udr\u017euj\u00ed elektronick\u00e9 komponenty p\u0159i optim\u00e1ln\u00edch teplot\u00e1ch.\n<\/p>\n<p><\/p>\n<p><b>2.Jak odoln\u00fd je chladi\u010d z extrudovan\u00fdch hlin\u00edkov\u00fdch profil\u016f?<\/b><\/p>\n<p>Je vyroben z lehk\u00e9ho, ale odoln\u00e9ho hlin\u00edku, co\u017e zaru\u010duje dlouhou \u017eivotnost i v n\u00e1ro\u010dn\u00fdch podm\u00ednk\u00e1ch.\n<\/p>\n<p><\/p>\n<p><b>3.Can Extruded hlin\u00edkov\u00e9 profily chladi\u010d b\u00fdt p\u0159izp\u016fsoben?<\/b><\/p>\n<p>Ano, profily lze p\u0159izp\u016fsobit specifick\u00fdm pot\u0159eb\u00e1m tepeln\u00e9ho managementu v r\u016fzn\u00fdch pr\u016fmyslov\u00fdch odv\u011btv\u00edch, co\u017e nab\u00edz\u00ed flexibilitu p\u0159i navrhov\u00e1n\u00ed.\n<\/p>\n<p><\/p>\n<p><b>4.Je chladi\u010d z extrudovan\u00fdch hlin\u00edkov\u00fdch profil\u016f vhodn\u00fd pro venkovn\u00ed pou\u017eit\u00ed?<\/b><\/p>\n<p>Ano, d\u00edky hlin\u00edkov\u00e9mu materi\u00e1lu odoln\u00e9mu proti korozi je ide\u00e1ln\u00ed pro vnit\u0159n\u00ed i venkovn\u00ed pou\u017eit\u00ed.\n<\/p>\n<p><\/p>\n<p><b>5.Jak chladi\u010d z extrudovan\u00fdch hlin\u00edkov\u00fdch profil\u016f zlep\u0161uje v\u00fdkon elektroniky?<\/b><\/p>\n<p>\u00da\u010dinn\u00fdm odv\u00e1d\u011bn\u00edm tepla zabra\u0148uje p\u0159eh\u0159\u00edv\u00e1n\u00ed, \u010d\u00edm\u017e pom\u00e1h\u00e1 udr\u017eovat v\u00fdkon a dlouhou \u017eivotnost elektronick\u00fdch sou\u010d\u00e1stek.\n<\/p>\n<p><\/p>\n<p><b>6.Jak\u00e1 pr\u016fmyslov\u00e1 odv\u011btv\u00ed maj\u00ed prosp\u011bch z chladi\u010de z extrudovan\u00fdch hlin\u00edkov\u00fdch profil\u016f?<\/b><\/p>\n<p>B\u011b\u017en\u011b se pou\u017e\u00edv\u00e1 v elektronice, LED osv\u011btlen\u00ed, nap\u00e1jec\u00edch zdroj\u00edch a dal\u0161\u00edch odv\u011btv\u00edch, kter\u00e1 vy\u017eaduj\u00ed efektivn\u00ed \u0159e\u0161en\u00ed tepeln\u00e9ho managementu.\n<\/p>\n<p><\/p>\n<p><b>7.Jak\u00fd p\u0159\u00ednos m\u00e1 pro podniky n\u00e1kladov\u00e1 efektivita chladi\u010de z extrudovan\u00fdch hlin\u00edkov\u00fdch profil\u016f?<\/b><\/p>\n<p>Poskytuje cenov\u011b dostupn\u00e9 a spolehliv\u00e9 \u0159e\u0161en\u00ed chlazen\u00ed, kter\u00e9 sni\u017euje pot\u0159ebu dal\u0161\u00edch chladic\u00edch syst\u00e9m\u016f a prodlu\u017euje \u017eivotnost kritick\u00fdch komponent.\n<\/p>\n<p><\/p>","protected":false},"featured_media":8198,"template":"","categories":[54],"class_list":["post-8199","product","type-product","status-publish","has-post-thumbnail","hentry","category-industrial-aluminum-profiles"],"meta_box":{"hilight_text_group":{"product_hilight_text":"<li>Efficient heat dissipation through extruded aluminum profiles, ensuring optimal cooling performance.<\/li>\r\r\n<li>Lightweight and durable, offering both strength and ease of handling for various applications.<\/li>\r\r\n<li>Customizable profile options to meet specific thermal management needs in diverse industries.<\/li>\r\r\n<li>Corrosion-resistant aluminum material, providing long-lasting protection in harsh environments.<\/li>\r\r\n<li>Cost-effective solution for managing heat in electronics, LED lights, and power supply systems.<\/li>","product_chanpin_blog":"<ul>\r\r\n<li><a href=\"https:\/\/sinoextrud.com\/t-slot-v-slot-differences\/\" target=\"_blank\">t slot vs v slot<\/a><\/li>\r\r\n<li><a href=\"https:\/\/sinoextrud.com\/what-is-4040-aluminium-extrud\/\" target=\"_blank\">4040 aluminium extrusion<\/a><\/li>\r\r\n<li><a href=\"https:\/\/sinoextrud.com\/what-is-4040-aluminium-extrud\/\" target=\"_blank\">aluminum extrusions for industrial racks<\/a><\/li>\r\r\n<li><a href=\"https:\/\/sinoextrud.com\/powder-coating-aluminium-process\/\" target=\"_blank\">powder coating aluminium<\/a><\/li>\r\r\n<li><a href=\"https:\/\/sinoextrud.com\/what-is-an-aluminium-strip-ceiling\/\" target=\"_blank\">aluminium strip ceiling<\/a><\/li>\r\r\n<li><a href=\"https:\/\/sinoextrud.com\/what-is-a-heat-sink\/\" target=\"_blank\">what is a heat sink<\/a><\/li>\r\r\n<\/ul>","product_chanpin_chanpin":"<li><a href=\"https:\/\/sinoextrud.com\/product\/customized-new-energy-conservation-anodized-aluminum-profile-frame-for-solar-panel-frame\/\" target=\"_blank\">Customized New Energy Conservation Anodized Aluminum Profile Frame For Solar Panel Frame<\/a><\/li>\r\n<li><a href=\"https:\/\/sinoextrud.com\/product\/cutting-bending-aluminum-led-strip-heatsink\/\" target=\"_blank\">Cutting Bending Aluminum LED Strip Heatsink<\/a><\/li>\r\n<li><a href=\"https:\/\/sinoextrud.com\/product\/extrude-6000-series-aluminium-bar\/\" target=\"_blank\">Extrude 6000 Series Aluminium bar<\/a><\/li>\r\n<li><a href=\"https:\/\/sinoextrud.com\/product\/v-slot-rail-aluminum-profile-extrusion\/\" target=\"_blank\">V Slot Rail Aluminum Profile Extrusion<\/a><\/li>\r\n<li><a href=\"https:\/\/sinoextrud.com\/product\/extruded-aluminium-profiles-heat-sink\/\" target=\"_blank\">Extruded Aluminium Profiles Heat Sink<\/a><\/li>\r\n<li><a href=\"https:\/\/sinoextrud.com\/product\/industrial-aluminium-profiles\/\" target=\"_blank\">Industrial Aluminium Profiles<\/a><\/li>\r\n<li><a href=\"https:\/\/sinoextrud.com\/product\/extruded-aluminum-case\/\" target=\"_blank\">Extruded Aluminum Case<\/a><\/li>\r\n<li><a href=\"https:\/\/sinoextrud.com\/product\/industrial-aluminum-profile-cad-drawing-uses-in-industry-customized-extrusion-press-manufacturers\/\" target=\"_blank\">industrial aluminum profile cad drawing uses in industry customized extrusion press manufacturers<\/a><\/li>\r\n<li><a href=\"https:\/\/sinoextrud.com\/product\/extruded-aluminum-framing-systems\/\" target=\"_blank\">Extruded Aluminum Framing Systems<\/a><\/li>\r\n<li><a href=\"https:\/\/sinoextrud.com\/product\/aluminium-oxide\/\" target=\"_blank\">Aluminium Oxide<\/a><\/li>\r\n<li><a href=\"https:\/\/sinoextrud.com\/product\/aluminum-channel-for-plexiglass\/\" target=\"_blank\">Aluminum Channel For Plexiglass<\/a><\/li>"},"feature_list":[]},"_links":{"self":[{"href":"https:\/\/sinoextrud.com\/cs\/wp-json\/wp\/v2\/product\/8199","targetHints":{"allow":["GET"]}}],"collection":[{"href":"https:\/\/sinoextrud.com\/cs\/wp-json\/wp\/v2\/product"}],"about":[{"href":"https:\/\/sinoextrud.com\/cs\/wp-json\/wp\/v2\/types\/product"}],"wp:featuredmedia":[{"embeddable":true,"href":"https:\/\/sinoextrud.com\/cs\/wp-json\/wp\/v2\/media\/8198"}],"wp:attachment":[{"href":"https:\/\/sinoextrud.com\/cs\/wp-json\/wp\/v2\/media?parent=8199"}],"wp:term":[{"taxonomy":"category","embeddable":true,"href":"https:\/\/sinoextrud.com\/cs\/wp-json\/wp\/v2\/categories?post=8199"}],"curies":[{"name":"wp","href":"https:\/\/api.w.org\/{rel}","templated":true}]}}