{"id":8187,"date":"2025-06-13T07:25:45","date_gmt":"2025-06-13T07:25:45","guid":{"rendered":"https:\/\/sinoextrud.com\/product\/customized-industrial-aluminum-heat-sink\/"},"modified":"2025-06-24T06:23:19","modified_gmt":"2025-06-24T06:23:19","slug":"prumyslovy-hlinikovy-chladic-na-miru","status":"publish","type":"product","link":"https:\/\/sinoextrud.com\/cs\/product\/customized-industrial-aluminum-heat-sink\/","title":{"rendered":"Pr\u016fmyslov\u00fd hlin\u00edkov\u00fd chladi\u010d na m\u00edru"},"content":{"rendered":"<h2>Podrobnosti o produktech<\/h2>\n<table class=\"custom-table\">\n<tbody>\n<tr>\n<td> N\u00e1zev produktu<\/td>\n<td> Pr\u016fmyslov\u00fd hlin\u00edkov\u00fd chladi\u010d na m\u00edru<\/td>\n<\/tr>\n<tr>\n<td> Materi\u00e1l<\/td>\n<td> 6063, 6061, 6463, 6082 Hlin\u00edkov\u00e1 slitina<\/td>\n<\/tr>\n<tr>\n<td> Barva<\/td>\n<td> P\u0159izp\u016fsoben\u00e9<\/td>\n<\/tr>\n<tr>\n<td> Standardn\u00ed<\/td>\n<td> GB2008<\/td>\n<\/tr>\n<tr>\n<td> T\u0159\u00edda<\/td>\n<td> \u0158ada 6000<\/td>\n<\/tr>\n<tr>\n<td> Tlou\u0161\u0165ka<\/td>\n<td> P\u0159izp\u016fsoben\u00e9<\/td>\n<\/tr>\n<tr>\n<td> Pou\u017eit\u00ed<\/td>\n<td> Dekorace<\/td>\n<\/tr>\n<tr>\n<td> Temperament<\/td>\n<td> T3-T8<\/td>\n<\/tr>\n<tr>\n<td> D\u00e9lka<\/td>\n<td> P\u0159izp\u016fsoben\u00e9<\/td>\n<\/tr>\n<tr>\n<td> Povrchov\u00e1 \u00faprava<\/td>\n<td> Pr\u00e1\u0161kov\u00e9 lakov\u00e1n\u00ed, ml\u00fdnsk\u00e1 povrchov\u00e1 \u00faprava, PVDF, eloxovan\u00e9, d\u0159ev\u011bn\u00e9 zrno, le\u0161t\u011bn\u00e9, kart\u00e1\u010dovan\u00e9 atd.<\/td>\n<\/tr>\n<tr>\n<td> Orgin<\/td>\n<td> \u010c\u00cdNA<\/td>\n<\/tr>\n<tr>\n<td> Je slitina nebo ne<\/td>\n<td> Je slitina<\/td>\n<\/tr>\n<tr>\n<td> P\u0159\u00edstav<\/td>\n<td> Guangzhou, Shenzhen, Foshan<\/td>\n<\/tr>\n<\/tbody>\n<\/table>\n<h2>Na\u0161e v\u00fdrobn\u00ed z\u00e1kladna<\/h2>\n<h3>Panorama tov\u00e1rny<\/h3>\n<p><img decoding=\"async\" src=\"\/wp-content\/uploads\/factory-01.webp\"\/><\/p>\n<h3>D\u00edlna na v\u00fdrobu hlin\u00edkov\u00fdch ty\u010d\u00ed<\/h3>\n<p><img decoding=\"async\" src=\"\/wp-content\/uploads\/factory-02.webp\"\/><\/p>\n<p><img decoding=\"async\" src=\"\/wp-content\/uploads\/factory-03.webp\"\/><\/p>\n<h3>Sklad pl\u00edsn\u00ed<\/h3>\n<p><img decoding=\"async\" src=\"\/wp-content\/uploads\/factory-04.webp\"\/><\/p>\n<h3>43 linek na vytla\u010dov\u00e1n\u00ed hlin\u00edku (500 - 5500 tun)<\/h3>\n<p><img decoding=\"async\" src=\"\/wp-content\/uploads\/factory-05.webp\"\/><\/p>\n<p><img decoding=\"async\" src=\"\/wp-content\/uploads\/factory-06.webp\"\/><\/p>\n<p><img decoding=\"async\" src=\"\/wp-content\/uploads\/factory-07.webp\"\/><\/p>\n<h3>D\u00edlna pr\u00e1\u0161kov\u00e9ho lakov\u00e1n\u00ed<\/h3>\n<p><img decoding=\"async\" src=\"\/wp-content\/uploads\/factory-09.webp\"\/><\/p>\n<h3>D\u00edlna eloxov\u00e1n\u00ed<\/h3>\n<p><img decoding=\"async\" src=\"\/wp-content\/uploads\/factory-10.webp\"\/><\/p>\n<h3>Workshop o hloubkov\u00e9m zpracov\u00e1n\u00ed<\/h3>\n<p><img decoding=\"async\" src=\"\/wp-content\/uploads\/factory-11.webp\"\/><\/p>\n<h3>D\u00edlna CNC p\u0159esn\u00e9ho obr\u00e1b\u011bn\u00ed<\/h3>\n<p><img decoding=\"async\" src=\"\/wp-content\/uploads\/factory-11.5.webp\"\/><\/p>\n<h3>Sklad hotov\u00fdch v\u00fdrobk\u016f a exportn\u00ed sklad<\/h3>\n<p><img decoding=\"async\" src=\"\/wp-content\/uploads\/factory-12.webp\"\/><\/p>\n<p><img decoding=\"async\" src=\"\/wp-content\/uploads\/factory-13.webp\"\/><\/p>\n<p><img decoding=\"async\" src=\"\/wp-content\/uploads\/factory-14.webp\"\/><\/p>\n<h2>\u010cASTO KLADEN\u00c9 DOTAZY<\/h2>\n<p><p><b>1.Co d\u011bl\u00e1 pr\u016fmyslov\u00e9 hlin\u00edkov\u00e9 chladi\u010de na m\u00edru ide\u00e1ln\u00edmi pro pr\u016fmyslov\u00e9 aplikace?<\/b><\/p>\n<p>Pr\u016fmyslov\u00e9 hlin\u00edkov\u00e9 chladi\u010de na m\u00edru nab\u00edzej\u00ed design na m\u00edru, vynikaj\u00edc\u00ed odvod tepla, odolnost proti korozi a trvanlivost, tak\u017ee jsou ide\u00e1ln\u00ed pro tepeln\u00fd management v r\u016fzn\u00fdch pr\u016fmyslov\u00fdch odv\u011btv\u00edch.<br \/>\n<\/p><br \/>\n<br \/>\n<p><b>2.Jak p\u0159izp\u016fsoben\u00ed hlin\u00edkov\u00fdch chladi\u010d\u016f zlep\u0161uje v\u00fdkon?<\/b><\/p>\n<p>P\u0159izp\u016fsoben\u00ed umo\u017e\u0148uje specifick\u00e1 \u0159e\u0161en\u00ed odvodu tepla, kter\u00e1 zaji\u0161\u0165uj\u00ed, \u017ee chladi\u010d spl\u0148uje p\u0159esn\u00e9 pot\u0159eby chlazen\u00ed elektronick\u00e9ho nebo pr\u016fmyslov\u00e9ho syst\u00e9mu.<br \/>\n<\/p><br \/>\n<br \/>\n<p><b>3.Jak\u00fd materi\u00e1l se pou\u017e\u00edv\u00e1 v pr\u016fmyslov\u00fdch hlin\u00edkov\u00fdch chladi\u010d\u00edch na m\u00edru?<\/b><\/p>\n<p>Jsou vyrobeny z vysoce kvalitn\u00edho hlin\u00edku, kter\u00fd je zn\u00e1m\u00fd svou vynikaj\u00edc\u00ed tepelnou vodivost\u00ed, pevnost\u00ed a odolnost\u00ed proti korozi, co\u017e zaru\u010duje dlouhou \u017eivotnost.<br \/>\n<\/p><br \/>\n<br \/>\n<p><b>4.Mohou b\u00fdt pr\u016fmyslov\u00e9 hlin\u00edkov\u00e9 chladi\u010de na m\u00edru navr\u017eeny pro r\u016fzn\u00e9 velikosti a aplikace?<\/b><\/p>\n<p>Ano, lze je p\u0159izp\u016fsobit \u0161irok\u00e9 \u0161k\u00e1le velikost\u00ed, tvar\u016f a po\u017eadavk\u016f na chlazen\u00ed tak, aby odpov\u00eddaly specifick\u00fdm pot\u0159eb\u00e1m projektu nebo aplikace.<br \/>\n<\/p><br \/>\n<br \/>\n<p><b>5.Jak\u00fd p\u0159\u00ednos m\u00e1 odolnost proti korozi pro hlin\u00edkov\u00fd chladi\u010d?<\/b><\/p>\n<p>Hlin\u00edk odoln\u00fd proti korozi zaji\u0161\u0165uje, \u017ee si chladi\u010d zachov\u00e1v\u00e1 svou struktur\u00e1ln\u00ed integritu a v\u00fdkon i v n\u00e1ro\u010dn\u00fdch podm\u00ednk\u00e1ch nebo ve venkovn\u00edm prost\u0159ed\u00ed, \u010d\u00edm\u017e se prodlu\u017euje jeho \u017eivotnost.<br \/>\n<\/p><br \/>\n<br \/>\n<p><b>6.Jak\u00e1 odv\u011btv\u00ed maj\u00ed prosp\u011bch z pr\u016fmyslov\u00fdch hlin\u00edkov\u00fdch chladi\u010d\u016f na m\u00edru?<\/b><\/p>\n<p>Jsou \u0161iroce pou\u017e\u00edv\u00e1ny v elektronice, automobilov\u00e9m pr\u016fmyslu, telekomunikac\u00edch a nap\u00e1jec\u00edch syst\u00e9mech, kde je pro optim\u00e1ln\u00ed v\u00fdkon nezbytn\u00e9 \u00fa\u010dinn\u00e9 \u0159\u00edzen\u00ed tepla.<br \/>\n<\/p><br \/>\n<br \/>\n<p><b>7.Jak n\u00e1kladov\u011b efektivn\u00ed je pr\u016fmyslov\u00fd hlin\u00edkov\u00fd chladi\u010d na m\u00edru?<\/b><\/p>\n<p>Poskytuje n\u00e1kladov\u011b efektivn\u00ed \u0159e\u0161en\u00ed, proto\u017ee sni\u017euje pot\u0159ebu dal\u0161\u00edch chladic\u00edch za\u0159\u00edzen\u00ed a zlep\u0161uje celkovou \u00fa\u010dinnost tepeln\u00e9ho managementu v pr\u016fmyslov\u00fdch aplikac\u00edch.<br \/>\n<\/p><br \/><\/p>","protected":false},"featured_media":8186,"template":"","categories":[54],"class_list":["post-8187","product","type-product","status-publish","has-post-thumbnail","hentry","category-industrial-aluminum-profiles"],"meta_box":{"hilight_text_group":{"product_hilight_text":"<li>Customizable design, tailored to meet specific thermal management needs in industrial applications.<\/li>\r\r\n<li>High-quality aluminum construction, providing excellent heat dissipation and long-lasting durability.<\/li>\r\r\n<li>Lightweight yet robust, making it easy to handle while offering superior performance.<\/li>\r\r\n<li>Corrosion-resistant properties ensure reliable operation in harsh environments and prolonged product lifespan.<\/li>\r\r\n<li>Cost-effective solution, reducing the need for additional cooling systems and improving overall system efficiency.<\/li>","product_chanpin_blog":"<ul>\r\r\n<li><a href=\"https:\/\/sinoextrud.com\/t-slot-v-slot-differences\/\" target=\"_blank\">t slot vs v slot<\/a><\/li>\r\r\n<li><a href=\"https:\/\/sinoextrud.com\/what-is-4040-aluminium-extrud\/\" target=\"_blank\">4040 aluminium extrusion<\/a><\/li>\r\r\n<li><a href=\"https:\/\/sinoextrud.com\/what-is-4040-aluminium-extrud\/\" target=\"_blank\">aluminum extrusions for industrial racks<\/a><\/li>\r\r\n<li><a href=\"https:\/\/sinoextrud.com\/powder-coating-aluminium-process\/\" target=\"_blank\">powder coating aluminium<\/a><\/li>\r\r\n<li><a href=\"https:\/\/sinoextrud.com\/what-is-an-aluminium-strip-ceiling\/\" target=\"_blank\">aluminium strip ceiling<\/a><\/li>\r\r\n<li><a href=\"https:\/\/sinoextrud.com\/what-is-a-heat-sink\/\" target=\"_blank\">what is a heat sink<\/a><\/li>\r\r\n<\/ul>","product_chanpin_chanpin":"<li><a href=\"https:\/\/sinoextrud.com\/product\/solar-aluminium-profiles\/\" target=\"_blank\">Solar Aluminium Profiles<\/a><\/li>\r\n<li><a href=\"https:\/\/sinoextrud.com\/product\/solar-panel-frame-aluminum-profile\/\" target=\"_blank\">Solar Panel Frame Aluminum Profile<\/a><\/li>\r\n<li><a href=\"https:\/\/sinoextrud.com\/product\/t-section-aluminium-extrusion\/\" target=\"_blank\">T Section Aluminium Extrusion<\/a><\/li>\r\n<li><a href=\"https:\/\/sinoextrud.com\/product\/customized-extruded-shaped-aluminum-profiles-6063-anodized-industrial-aluminum-profile\/\" target=\"_blank\">Customized Extruded Shaped Aluminum Profiles 6063 Anodized Industrial Aluminum Profile<\/a><\/li>\r\n<li><a href=\"https:\/\/sinoextrud.com\/product\/customized-industrial-aluminum-heat-sink\/\" target=\"_blank\">Customized Industrial Aluminum Heat Sink<\/a><\/li>\r\n<li><a href=\"https:\/\/sinoextrud.com\/product\/led-strip-aluminum-profile\/\" target=\"_blank\">Led Strip Aluminum Profile<\/a><\/li>\r\n<li><a href=\"https:\/\/sinoextrud.com\/product\/customized-new-energy-conservation-anodized-aluminum-profile-frame-for-solar-panel-frame\/\" target=\"_blank\">Customized New Energy Conservation Anodized Aluminum Profile Frame For Solar Panel Frame<\/a><\/li>\r\n<li><a href=\"https:\/\/sinoextrud.com\/product\/cutting-bending-aluminum-led-strip-heatsink\/\" target=\"_blank\">Cutting Bending Aluminum LED Strip Heatsink<\/a><\/li>\r\n<li><a href=\"https:\/\/sinoextrud.com\/product\/extrude-6000-series-aluminium-bar\/\" target=\"_blank\">Extrude 6000 Series Aluminium bar<\/a><\/li>\r\n<li><a href=\"https:\/\/sinoextrud.com\/product\/u-shape-extruded-aluminum-wall-panels\/\" target=\"_blank\">U Shape Extruded Aluminum Wall Panels<\/a><\/li>\r\n<li><a href=\"https:\/\/sinoextrud.com\/product\/aluminium-glass-profile\/\" target=\"_blank\">Aluminium Glass Profile<\/a><\/li>"},"feature_list":[]},"_links":{"self":[{"href":"https:\/\/sinoextrud.com\/cs\/wp-json\/wp\/v2\/product\/8187","targetHints":{"allow":["GET"]}}],"collection":[{"href":"https:\/\/sinoextrud.com\/cs\/wp-json\/wp\/v2\/product"}],"about":[{"href":"https:\/\/sinoextrud.com\/cs\/wp-json\/wp\/v2\/types\/product"}],"wp:featuredmedia":[{"embeddable":true,"href":"https:\/\/sinoextrud.com\/cs\/wp-json\/wp\/v2\/media\/8186"}],"wp:attachment":[{"href":"https:\/\/sinoextrud.com\/cs\/wp-json\/wp\/v2\/media?parent=8187"}],"wp:term":[{"taxonomy":"category","embeddable":true,"href":"https:\/\/sinoextrud.com\/cs\/wp-json\/wp\/v2\/categories?post=8187"}],"curies":[{"name":"wp","href":"https:\/\/api.w.org\/{rel}","templated":true}]}}