{"id":8174,"date":"2025-06-13T07:11:14","date_gmt":"2025-06-13T07:11:14","guid":{"rendered":"https:\/\/sinoextrud.com\/product\/comb-shape-aluminium-heat-sink\/"},"modified":"2025-06-24T06:23:16","modified_gmt":"2025-06-24T06:23:16","slug":"hlinikovy-chladic-ve-tvaru-hrebene","status":"publish","type":"product","link":"https:\/\/sinoextrud.com\/cs\/product\/comb-shape-aluminium-heat-sink\/","title":{"rendered":"Hlin\u00edkov\u00fd chladi\u010d ve tvaru h\u0159ebenu"},"content":{"rendered":"<h2>Podrobnosti o produktech<\/h2>\n<table class=\"custom-table\">\n<tbody>\n<tr>\n<td> N\u00e1zev produktu<\/td>\n<td> <strong>Hlin\u00edkov\u00fd chladi\u010d ve tvaru h\u0159ebenu<\/strong><\/td>\n<\/tr>\n<tr>\n<td> Velikost:<\/td>\n<td> podle va\u0161eho po\u017eadavku<\/td>\n<\/tr>\n<tr>\n<td> Tvar<\/td>\n<td>\nTvar h\u0159ebenu<\/td>\n<\/tr>\n<tr>\n<td> Zp\u016fsob v\u00fdroby<\/td>\n<td> vytla\u010dov\u00e1n\u00ed hlin\u00edku<\/td>\n<\/tr>\n<tr>\n<td> Zpracov\u00e1n\u00ed<\/td>\n<td> Vrt\u00e1n\u00ed, z\u00e1vitov\u00e1n\u00ed, le\u0161t\u011bn\u00ed, fr\u00e9zov\u00e1n\u00ed, \u0159ez\u00e1n\u00ed laserem, CNC obr\u00e1b\u011bn\u00ed, zkosen\u00ed, odjehlen\u00ed<\/td>\n<\/tr>\n<tr>\n<td> Tolerance<\/td>\n<td> 0,01 mm<\/td>\n<\/tr>\n<tr>\n<td> Povrchov\u00e1 \u00faprava<\/td>\n<td> eloxovan\u00e9, pr\u00e1\u0161kov\u00e9 lakov\u00e1n\u00ed, pokovov\u00e1n\u00ed, elektrofor\u00e9za<\/td>\n<\/tr>\n<tr>\n<td> Barva<\/td>\n<td> \u010dern\u00e1, \u010derven\u00e1, st\u0159\u00edbrn\u00e1, modr\u00e1, podle va\u0161eho po\u017eadavku<\/td>\n<\/tr>\n<tr>\n<td> Uk\u00e1zka<\/td>\n<td> Dostupn\u00e9 na<\/td>\n<\/tr>\n<tr>\n<td> Pozor<\/td>\n<td> Zde je v\u00edce ne\u017e 200 n\u00e1vrh\u016f hlin\u00edkov\u00fdch chladi\u010d\u016f, pr\u016fm\u011br od 15 mm do 350 mm, nev\u00e1hejte se zeptat na dal\u0161\u00ed informace.<\/td>\n<\/tr>\n<\/tbody>\n<\/table>\n<h2>Na\u0161e v\u00fdrobn\u00ed z\u00e1kladna<\/h2>\n<h3>Panorama tov\u00e1rny<\/h3>\n<p><img decoding=\"async\" src=\"\/wp-content\/uploads\/factory-01.webp\"\/><\/p>\n<h3>D\u00edlna na v\u00fdrobu hlin\u00edkov\u00fdch ty\u010d\u00ed<\/h3>\n<p><img decoding=\"async\" src=\"\/wp-content\/uploads\/factory-02.webp\"\/><\/p>\n<\/p>\n<p><img decoding=\"async\" src=\"\/wp-content\/uploads\/factory-03.webp\"\/><\/p>\n<h3>Sklad pl\u00edsn\u00ed<\/h3>\n<p><img decoding=\"async\" src=\"\/wp-content\/uploads\/factory-04.webp\"\/><\/p>\n<h3>43 linek na vytla\u010dov\u00e1n\u00ed hlin\u00edku (500 - 5500 tun)<\/h3>\n<p><img decoding=\"async\" src=\"\/wp-content\/uploads\/factory-05.webp\"\/><\/p>\n<p><img decoding=\"async\" src=\"\/wp-content\/uploads\/factory-06.webp\"\/><\/p>\n<p><img decoding=\"async\" src=\"\/wp-content\/uploads\/factory-07.webp\"\/><\/p>\n<h3>D\u00edlna pr\u00e1\u0161kov\u00e9ho lakov\u00e1n\u00ed<\/h3>\n<p><img decoding=\"async\" src=\"\/wp-content\/uploads\/factory-09.webp\"\/><\/p>\n<h3>D\u00edlna eloxov\u00e1n\u00ed<\/h3>\n<p><img decoding=\"async\" src=\"\/wp-content\/uploads\/factory-10.webp\"\/><\/p>\n<h3>Workshop o hloubkov\u00e9m zpracov\u00e1n\u00ed<\/h3>\n<p><img decoding=\"async\" src=\"\/wp-content\/uploads\/factory-11.webp\"\/><\/p>\n<h3>D\u00edlna CNC p\u0159esn\u00e9ho obr\u00e1b\u011bn\u00ed<\/h3>\n<p><img decoding=\"async\" src=\"\/wp-content\/uploads\/factory-11.5.webp\"\/><\/p>\n<h3>Sklad hotov\u00fdch v\u00fdrobk\u016f a exportn\u00ed sklad<\/h3>\n<p><img decoding=\"async\" src=\"\/wp-content\/uploads\/factory-12.webp\"\/><\/p>\n<p><img decoding=\"async\" src=\"\/wp-content\/uploads\/factory-13.webp\"\/><\/p>\n<p><img decoding=\"async\" src=\"\/wp-content\/uploads\/factory-14.webp\"\/><\/p>\n<h2>\u010cASTO KLADEN\u00c9 DOTAZY<\/h2>\n<p><b>1.Co \u010din\u00ed hlin\u00edkov\u00fd chladi\u010d ve tvaru h\u0159ebenu \u00fa\u010dinn\u00fdm?<\/b><\/p>\n<p>H\u0159ebenov\u00e1 struktura zlep\u0161uje odvod tepla, \u010d\u00edm\u017e zaji\u0161\u0165uje optim\u00e1ln\u00ed chladic\u00ed v\u00fdkon a stabiln\u00ed provoz pro r\u016fzn\u00e9 aplikace.\n<\/p>\n<p><\/p>\n<p><b>2.Jak\u00fd materi\u00e1l je pou\u017eit v hlin\u00edkov\u00e9m chladi\u010di h\u0159ebenov\u00e9ho tvaru?<\/b><\/p>\n<p>Je vyroben z vysoce kvalitn\u00edho hlin\u00edku, kter\u00fd nab\u00edz\u00ed vynikaj\u00edc\u00ed trvanlivost, n\u00edzkou hmotnost a odolnost proti korozi.\n<\/p>\n<p><\/p>\n<p><b>3.Jak\u00e9 aplikace vyu\u017e\u00edvaj\u00ed hlin\u00edkov\u00fd chladi\u010d ve tvaru h\u0159ebenu?<\/b><\/p>\n<p>Je ide\u00e1ln\u00ed pro vysoce v\u00fdkonn\u00e9 aplikace, jako je elektronika, LED sv\u011btla a dal\u0161\u00ed syst\u00e9my vy\u017eaduj\u00edc\u00ed \u00fa\u010dinn\u00e9 chlazen\u00ed.\n<\/p>\n<p><\/p>\n<p><b>4.Jak konstrukce hlin\u00edkov\u00e9ho chladi\u010de Comb Shape zlep\u0161uje chlazen\u00ed?<\/b><\/p>\n<p>H\u0159ebenov\u00fd design maximalizuje plochu, co\u017e umo\u017e\u0148uje lep\u0161\u00ed proud\u011bn\u00ed vzduchu a \u00fa\u010dinn\u011bj\u0161\u00ed odvod tepla.\n<\/p>\n<p><\/p>\n<p><b>5.M\u016f\u017ee b\u00fdt hlin\u00edkov\u00fd chladi\u010d ve tvaru h\u0159ebenu p\u0159izp\u016fsoben?<\/b><\/p>\n<p>Ano, m\u00e1 p\u0159izp\u016fsobitelnou konstrukci, kterou lze p\u0159izp\u016fsobit specifick\u00fdm pot\u0159eb\u00e1m odvodu tepla pro r\u016fzn\u00e9 aplikace.\n<\/p>\n<p><\/p>\n<p><b>6.Jak cenov\u011b v\u00fdhodn\u00fd je hlin\u00edkov\u00fd chladi\u010d ve tvaru h\u0159ebenu?<\/b><\/p>\n<p>Jedn\u00e1 se o n\u00e1kladov\u011b efektivn\u00ed \u0159e\u0161en\u00ed, kter\u00e9 nab\u00edz\u00ed vysok\u00fd v\u00fdkon p\u0159i ni\u017e\u0161\u00edch n\u00e1kladech ve srovn\u00e1n\u00ed s jin\u00fdmi metodami chlazen\u00ed a sni\u017euje pot\u0159ebu dal\u0161\u00edch chladic\u00edch syst\u00e9m\u016f.\n<\/p>\n<p><\/p>\n<p><b>7.Pro\u010d je hlin\u00edkov\u00fd chladi\u010d ve tvaru h\u0159ebenu ide\u00e1ln\u00ed pro v\u00fdkonovou elektroniku?<\/b><\/p>\n<p>Jeho \u00fa\u010dinn\u00fd odvod tepla zaji\u0161\u0165uje, \u017ee v\u00fdkonov\u00e1 elektronika z\u016fst\u00e1v\u00e1 v bezpe\u010dn\u00fdch provozn\u00edch teplot\u00e1ch, \u010d\u00edm\u017e se p\u0159edch\u00e1z\u00ed p\u0159eh\u0159\u00e1t\u00ed a prodlu\u017euje se \u017eivotnost komponent.\n<\/p>\n<p><\/p>","protected":false},"featured_media":8173,"template":"","categories":[54],"class_list":["post-8174","product","type-product","status-publish","has-post-thumbnail","hentry","category-industrial-aluminum-profiles"],"meta_box":{"hilight_text_group":{"product_hilight_text":"<li>Efficient heat dissipation due to its comb-like structure, improving cooling performance.<\/li>\r\r\n<li>Made from high-quality aluminum for lightweight, durability, and corrosion resistance.<\/li>\r\r\n<li>Ideal for high-power applications, ensuring stable operation and extended component lifespan.<\/li>\r\r\n<li>Compact and customizable design, adaptable to various heat sink requirements.<\/li>\r\r\n<li>Cost-effective and energy-efficient, reducing the need for additional cooling systems.<\/li>","product_chanpin_blog":"<ul>\r\r\n<li><a href=\"https:\/\/sinoextrud.com\/t-slot-v-slot-differences\/\" target=\"_blank\">t slot vs v slot<\/a><\/li>\r\r\n<li><a href=\"https:\/\/sinoextrud.com\/what-is-4040-aluminium-extrud\/\" target=\"_blank\">4040 aluminium extrusion<\/a><\/li>\r\r\n<li><a href=\"https:\/\/sinoextrud.com\/what-is-4040-aluminium-extrud\/\" target=\"_blank\">aluminum extrusions for industrial racks<\/a><\/li>\r\r\n<li><a href=\"https:\/\/sinoextrud.com\/powder-coating-aluminium-process\/\" target=\"_blank\">powder coating aluminium<\/a><\/li>\r\r\n<li><a href=\"https:\/\/sinoextrud.com\/what-is-an-aluminium-strip-ceiling\/\" target=\"_blank\">aluminium strip ceiling<\/a><\/li>\r\r\n<li><a href=\"https:\/\/sinoextrud.com\/what-is-a-heat-sink\/\" target=\"_blank\">what is a heat sink<\/a><\/li>\r\r\n<\/ul>","product_chanpin_chanpin":"<li><a href=\"https:\/\/sinoextrud.com\/product\/aluminum-t-slot-rail-profile\/\" target=\"_blank\">Aluminum T Slot Rail Profile<\/a><\/li>\r\n<li><a href=\"https:\/\/sinoextrud.com\/product\/aluminum-t-slot-table\/\" target=\"_blank\">Aluminum T Slot Table<\/a><\/li>\r\n<li><a href=\"https:\/\/sinoextrud.com\/product\/brushed-aluminium-profile\/\" target=\"_blank\">Brushed Aluminium Profile<\/a><\/li>\r\n<li><a href=\"https:\/\/sinoextrud.com\/product\/cnc-machining-aluminum-heat-sink\/\" target=\"_blank\">CNC Machining Aluminum Heat Sink<\/a><\/li>\r\n<li><a href=\"https:\/\/sinoextrud.com\/product\/comb-shape-aluminium-heat-sink\/\" target=\"_blank\">Comb Shape Aluminium Heat Sink<\/a><\/li>\r\n<li><a href=\"https:\/\/sinoextrud.com\/product\/aluminum-heat-sink-box-shapes-profiles\/\" target=\"_blank\">Aluminum Heat Sink Box  Shapes  Profiles<\/a><\/li>\r\n<li><a href=\"https:\/\/sinoextrud.com\/product\/solar-aluminium-profiles\/\" target=\"_blank\">Solar Aluminium Profiles<\/a><\/li>\r\n<li><a href=\"https:\/\/sinoextrud.com\/product\/solar-panel-frame-aluminum-profile\/\" target=\"_blank\">Solar Panel Frame Aluminum Profile<\/a><\/li>\r\n<li><a href=\"https:\/\/sinoextrud.com\/product\/t-section-aluminium-extrusion\/\" target=\"_blank\">T Section Aluminium Extrusion<\/a><\/li>\r\n<li><a href=\"https:\/\/sinoextrud.com\/product\/aluminium-extrusion-6061-6082-7075-aluminum-alloy-profiles\/\" target=\"_blank\">Aluminium Extrusion 6061 6082 7075 Aluminum Alloy Profiles<\/a><\/li>\r\n<li><a href=\"https:\/\/sinoextrud.com\/product\/extruded-aluminium-skirting-aluminium-skirting-board\/\" target=\"_blank\">Extruded Aluminium Skirting Aluminium Skirting Board<\/a><\/li>"},"feature_list":[]},"_links":{"self":[{"href":"https:\/\/sinoextrud.com\/cs\/wp-json\/wp\/v2\/product\/8174","targetHints":{"allow":["GET"]}}],"collection":[{"href":"https:\/\/sinoextrud.com\/cs\/wp-json\/wp\/v2\/product"}],"about":[{"href":"https:\/\/sinoextrud.com\/cs\/wp-json\/wp\/v2\/types\/product"}],"wp:featuredmedia":[{"embeddable":true,"href":"https:\/\/sinoextrud.com\/cs\/wp-json\/wp\/v2\/media\/8173"}],"wp:attachment":[{"href":"https:\/\/sinoextrud.com\/cs\/wp-json\/wp\/v2\/media?parent=8174"}],"wp:term":[{"taxonomy":"category","embeddable":true,"href":"https:\/\/sinoextrud.com\/cs\/wp-json\/wp\/v2\/categories?post=8174"}],"curies":[{"name":"wp","href":"https:\/\/api.w.org\/{rel}","templated":true}]}}