{"id":8170,"date":"2025-06-13T07:01:11","date_gmt":"2025-06-13T07:01:11","guid":{"rendered":"https:\/\/sinoextrud.com\/product\/brushed-aluminium-profile\/"},"modified":"2025-06-24T06:23:16","modified_gmt":"2025-06-24T06:23:16","slug":"kartacovany-hlinikovy-profil","status":"publish","type":"product","link":"https:\/\/sinoextrud.com\/cs\/product\/brushed-aluminium-profile\/","title":{"rendered":"Kart\u00e1\u010dovan\u00fd hlin\u00edkov\u00fd profil"},"content":{"rendered":"<h2>Podrobnosti o produktech<\/h2>\n<table class=\"custom-table\">\n<tr>\n<td class=\"label\">Polo\u017eka<\/td>\n<td>Kart\u00e1\u010dovan\u00fd hlin\u00edkov\u00fd profil<\/td>\n<\/tr>\n<tr>\n<td class=\"label\">Hlin\u00edkov\u00e1 slitina<\/td>\n<td>6063, 6061, 6463, 6005, 6082 atd.<\/td>\n<\/tr>\n<tr>\n<td class=\"label\">Temperament<\/td>\n<td>T4, T5, T6<\/td>\n<\/tr>\n<tr>\n<td class=\"label\">Standard kvality<\/td>\n<td>\u010c\u00ednsk\u00e1 n\u00e1rodn\u00ed norma GB\/T 5237-2008 (t\u0159\u00edda vysok\u00e9 p\u0159esnosti), \u010d\u00ednsk\u00e1 n\u00e1rodn\u00ed norma GB\/T 6892-2006 (t\u0159\u00edda vysok\u00e9 p\u0159esnosti)<\/td>\n<\/tr>\n<tr>\n<td class=\"label\">Certifik\u00e1t kvality<\/td>\n<td>ISO 9001:2015, ISO 14001:2015, certifikace CQM<\/td>\n<\/tr>\n<tr>\n<td class=\"label\">Aplikace<\/td>\n<td>Hlin\u00edkov\u00e9 okenn\u00ed a dve\u0159n\u00ed r\u00e1my, z\u00e1v\u011bsy, z\u00e1bradl\u00ed, dekorace n\u00e1bytku, chladi\u010de, pr\u016fmyslov\u00e9 d\u00edly, \u017eelezni\u010dn\u00ed vozidla atd.<\/td>\n<\/tr>\n<tr>\n<td class=\"label\">Povrchov\u00e1 \u00faprava<\/td>\n<td>eloxov\u00e1n\u00ed: St\u0159\u00edbrn\u00e1, \u0161ampa\u0148sk\u00e1, bronzov\u00e1, \u010dern\u00e1, zlat\u00e1, titanov\u00e1, imituj\u00edc\u00ed ocel atd.<br \/>\nElektrofor\u00e9za: Zlat\u00e1, titanov\u00e1, \u0161ampa\u0148sk\u00e1, \u010dern\u00e1, titanov\u00e1 atd.<br \/>\nV\u00fdkonn\u00fd povlak: RAL: norm\u00e1ln\u00ed barva, nebo p\u0159izp\u016fsobte barevn\u00e9 vzorky z\u00e1kazn\u00edkovi.<br \/>\nLe\u0161t\u011bn\u00ed: mechanick\u00e9 le\u0161t\u011bn\u00ed nebo chemick\u00e9 le\u0161t\u011bn\u00ed<br \/>\nImitace d\u0159eva: Norm\u00e1ln\u00ed d\u0159ev\u011bn\u00e1 barva nebo p\u0159izp\u016fsoben\u00e1 d\u0159ev\u011bn\u00e1 barva<br \/>\nFluorouhl\u00edkov\u00fd povlak: AkzoNoble nebo p\u0159izp\u016fsobit barevn\u00e9 vzorky z\u00e1kazn\u00edk\u016fm.<\/td>\n<\/tr>\n<tr>\n<td class=\"label\">Schopnost hloubkov\u00e9ho zpracov\u00e1n\u00ed<\/td>\n<td>Vrt\u00e1n\u00ed, d\u011brov\u00e1n\u00ed, oh\u00fdb\u00e1n\u00ed, CNC, v\u00fdroba hlin\u00edkov\u00fdch profil\u016f, p\u0159esn\u00e9 \u0159ez\u00e1n\u00ed atd.<\/td>\n<\/tr>\n<tr>\n<td class=\"label\">MOQ<\/td>\n<td>300 KG<\/td>\n<\/tr>\n<tr>\n<td class=\"label\">Podrobnosti o balen\u00ed<\/td>\n<td>Ochrann\u00e1 f\u00f3lie a plastov\u00e1 f\u00f3lie smr\u0161titeln\u00e1 za tepla \/ balen\u00ed z EPE p\u011bny \/ balen\u00ed z hn\u011bd\u00e9ho pap\u00edru \/ d\u0159ev\u011bn\u00e9 balen\u00ed \/ kovov\u00e1 paleta nebo v z\u00e1vislosti na speci\u00e1ln\u00edm po\u017eadavku klienta.<\/td>\n<\/tr>\n<tr>\n<td class=\"label\">Term\u00edn platby<\/td>\n<td>1) T\/T: 30% celkov\u00e9 hodnoty jako z\u00e1loha T\/T do 3 dn\u016f od potvrzen\u00ed objedn\u00e1vky a z\u016fstatek, kter\u00fd m\u00e1 b\u00fdt zaplacen T\/T p\u0159ed nalo\u017een\u00edm kontejneru.<br \/>\n2) L\/C: 30% celkov\u00e9 hodnoty jako z\u00e1loha, kter\u00e1 m\u00e1 b\u00fdt zaplacena T\/T do 3 dn\u016f od potvrzen\u00ed objedn\u00e1vky, a zbytek m\u00e1 b\u00fdt zaplacen L\/C na vid\u011bnou po nalo\u017een\u00ed kontejneru.<br \/>\n3) Velk\u00e1 objedn\u00e1vka: Zbytek se plat\u00ed T\/T po dod\u00e1n\u00ed na z\u00e1klad\u011b kopie B\/L.<\/td>\n<\/tr>\n<\/table>\n<h2>Na\u0161e v\u00fdrobn\u00ed z\u00e1kladna<\/h2>\n<h3>Panorama tov\u00e1rny<\/h3>\n<p><img decoding=\"async\" src=\"\/wp-content\/uploads\/factory-01.webp\"\/><\/p>\n<h3>D\u00edlna na v\u00fdrobu hlin\u00edkov\u00fdch ty\u010d\u00ed<\/h3>\n<p><img decoding=\"async\" src=\"\/wp-content\/uploads\/factory-02.webp\"\/><\/p>\n<p><img decoding=\"async\" src=\"\/wp-content\/uploads\/factory-03.webp\"\/><\/p>\n<h3>Sklad pl\u00edsn\u00ed<\/h3>\n<p><img decoding=\"async\" src=\"\/wp-content\/uploads\/factory-04.webp\"\/><\/p>\n<h3>43 linek na vytla\u010dov\u00e1n\u00ed hlin\u00edku (500 - 5500 tun)<\/h3>\n<p><img decoding=\"async\" src=\"\/wp-content\/uploads\/factory-05.webp\"\/><\/p>\n<p><img decoding=\"async\" src=\"\/wp-content\/uploads\/factory-06.webp\"\/><\/p>\n<p><img decoding=\"async\" src=\"\/wp-content\/uploads\/factory-07.webp\"\/><\/p>\n<h3>D\u00edlna pr\u00e1\u0161kov\u00e9ho lakov\u00e1n\u00ed<\/h3>\n<p><img decoding=\"async\" src=\"\/wp-content\/uploads\/factory-09.webp\"\/><\/p>\n<h3>D\u00edlna eloxov\u00e1n\u00ed<\/h3>\n<p><img decoding=\"async\" src=\"\/wp-content\/uploads\/factory-10.webp\"\/><\/p>\n<h3>Workshop o hloubkov\u00e9m zpracov\u00e1n\u00ed<\/h3>\n<p><img decoding=\"async\" src=\"\/wp-content\/uploads\/factory-11.webp\"\/><\/p>\n<h3>D\u00edlna CNC p\u0159esn\u00e9ho obr\u00e1b\u011bn\u00ed<\/h3>\n<p><img decoding=\"async\" src=\"\/wp-content\/uploads\/factory-11.5.webp\"\/><\/p>\n<h3>Sklad hotov\u00fdch v\u00fdrobk\u016f a exportn\u00ed sklad<\/h3>\n<p><img decoding=\"async\" src=\"\/wp-content\/uploads\/factory-12.webp\"\/><\/p>\n<p><img decoding=\"async\" src=\"\/wp-content\/uploads\/factory-13.webp\"\/><\/p>\n<p><img decoding=\"async\" src=\"\/wp-content\/uploads\/factory-14.webp\"\/><\/p>\n<h2>\u010cASTO KLADEN\u00c9 DOTAZY<\/h2>\n<p><p><b>1.Jak\u00e9 jsou v\u00fdhody pou\u017eit\u00ed hlin\u00edkov\u00fdch profil\u016f s kart\u00e1\u010dem? <\/b><\/p>\n<p>Profily z brou\u0161en\u00e9ho hlin\u00edku maj\u00ed elegantn\u00ed, modern\u00ed vzhled, vynikaj\u00edc\u00ed trvanlivost a odolnost proti korozi, tak\u017ee jsou ide\u00e1ln\u00ed pro pr\u016fmyslov\u00e9, architektonick\u00e9 a designov\u00e9 aplikace.<br \/>\n<\/p><br \/>\n<br \/>\n<p><b>2.Pro\u010d se u hlin\u00edkov\u00fdch profil\u016f up\u0159ednost\u0148uje kart\u00e1\u010dovan\u00fd povrch? <\/b><\/p>\n<p>Brou\u0161en\u00e1 povrchov\u00e1 \u00faprava poskytuje jemnou strukturu, kter\u00e1 sni\u017euje viditelnost otisk\u016f prst\u016f a drobn\u00fdch \u0161kr\u00e1banc\u016f, tak\u017ee je ide\u00e1ln\u00ed pro povrchy s vysokou intenzitou provozu nebo povrchy, na kter\u00e9 se \u010dasto sah\u00e1.<br \/>\n<\/p><br \/>\n<br \/>\n<p><b>3.Lze profily z kart\u00e1\u010dovan\u00e9ho hlin\u00edku p\u0159izp\u016fsobit pro konkr\u00e9tn\u00ed aplikace? <\/b><\/p>\n<p>Ano, profily z kart\u00e1\u010dovan\u00e9ho hlin\u00edku lze p\u0159izp\u016fsobit z hlediska tvaru, velikosti a povrchov\u00e9 \u00fapravy tak, aby vyhovovaly pot\u0159eb\u00e1m r\u016fzn\u00fdch pr\u016fmyslov\u00fdch odv\u011btv\u00ed a po\u017eadavk\u016fm na design.<br \/>\n<\/p><br \/>\n<br \/>\n<p><b>4.Jak se kart\u00e1\u010dovan\u00fd hlin\u00edk chov\u00e1 ve venkovn\u00edm prost\u0159ed\u00ed? <\/b><\/p>\n<p>Kart\u00e1\u010dovan\u00fd hlin\u00edk je vysoce odoln\u00fd proti korozi, tak\u017ee je vhodn\u00fd pro venkovn\u00ed aplikace, kde je probl\u00e9m s vystaven\u00edm pov\u011btrnostn\u00edm vliv\u016fm.<br \/>\n<\/p><br \/>\n<br \/>\n<p><b>5.Co usnad\u0148uje \u00fadr\u017ebu profil\u016f z kart\u00e1\u010dovan\u00e9ho hlin\u00edku? <\/b><\/p>\n<p>Kart\u00e1\u010dovan\u00fd povrch pom\u00e1h\u00e1 zakr\u00fdt drobn\u00e9 nedokonalosti a otisky prst\u016f, \u010d\u00edm\u017e sni\u017euje pot\u0159ebu \u00fadr\u017eby a z\u00e1rove\u0148 zachov\u00e1v\u00e1 estetick\u00fd vzhled.<br \/>\n<\/p><br \/>\n<br \/>\n<p><b>6.Je kart\u00e1\u010dovan\u00fd hlin\u00edk \u0161etrn\u00fd k \u017eivotn\u00edmu prost\u0159ed\u00ed? <\/b><\/p>\n<p>Ano, kart\u00e1\u010dovan\u00fd hlin\u00edk je recyklovateln\u00fd, co\u017e z n\u011bj \u010din\u00ed ekologickou volbu pro udr\u017eiteln\u00fd design a stavebn\u00ed postupy.<br \/>\n<\/p><br \/>\n<br \/>\n<p><b>7.Pro jak\u00e1 pr\u016fmyslov\u00e1 odv\u011btv\u00ed je v\u00fdhodn\u00e9 pou\u017e\u00edvat hlin\u00edkov\u00e9 profily s kart\u00e1\u010dem? <\/b><\/p>\n<p>Brou\u0161en\u00e9 hlin\u00edkov\u00e9 profily se d\u00edky sv\u00e9 pevnosti, estetice a v\u0161estrannosti hojn\u011b vyu\u017e\u00edvaj\u00ed v pr\u016fmyslov\u00fdch odv\u011btv\u00edch, jako je stavebnictv\u00ed, n\u00e1bytk\u00e1\u0159stv\u00ed, automobilov\u00fd pr\u016fmysl a elektronika.<br \/>\n<\/p><br \/><\/p>","protected":false},"featured_media":8169,"template":"","categories":[54],"class_list":["post-8170","product","type-product","status-publish","has-post-thumbnail","hentry","category-industrial-aluminum-profiles"],"meta_box":{"hilight_text_group":{"product_hilight_text":"<ul>\r\r\n  <li>Brushed aluminum profiles provide a sleek, modern appearance with a subtle, textured finish.<\/li>\r\r\n  <li>Highly durable and corrosion-resistant, ensuring long-lasting performance in various environments.<\/li>\r\r\n  <li>Lightweight yet strong, offering an excellent balance of strength and ease of handling for industrial applications.<\/li>\r\r\n  <li>Customizable sizes and shapes, providing flexibility for different architectural and industrial design needs.<\/li>\r\r\n  <li>Easy to maintain with a brushed finish that hides fingerprints and minor imperfections, perfect for high-traffic areas.<\/li>\r\r\n  <li>Ideal for use in both indoor and outdoor applications, including furniture, construction, and automotive industries.<\/li>\r\r\n  <li>Environmentally friendly, as brushed aluminum is recyclable and contributes to sustainable design practices.<\/li>\r\r\n<\/ul>","product_chanpin_blog":"<ul>\r\r\n<li><a href=\"https:\/\/sinoextrud.com\/t-slot-v-slot-differences\/\" target=\"_blank\">t slot vs v slot<\/a><\/li>\r\r\n<li><a href=\"https:\/\/sinoextrud.com\/what-is-4040-aluminium-extrud\/\" target=\"_blank\">4040 aluminium extrusion<\/a><\/li>\r\r\n<li><a href=\"https:\/\/sinoextrud.com\/what-is-4040-aluminium-extrud\/\" target=\"_blank\">aluminum extrusions for industrial racks<\/a><\/li>\r\r\n<li><a href=\"https:\/\/sinoextrud.com\/powder-coating-aluminium-process\/\" target=\"_blank\">powder coating aluminium<\/a><\/li>\r\r\n<li><a href=\"https:\/\/sinoextrud.com\/what-is-an-aluminium-strip-ceiling\/\" target=\"_blank\">aluminium strip ceiling<\/a><\/li>\r\r\n<li><a href=\"https:\/\/sinoextrud.com\/what-is-a-heat-sink\/\" target=\"_blank\">what is a heat sink<\/a><\/li>\r\r\n<\/ul>","product_chanpin_chanpin":"<li><a href=\"https:\/\/sinoextrud.com\/product\/aluminum-t-section-extrusions\/\" target=\"_blank\">Aluminum T Section Extrusions<\/a><\/li>\r\n<li><a href=\"https:\/\/sinoextrud.com\/product\/aluminum-t-slot-profile\/\" target=\"_blank\">Aluminum T Slot Profile<\/a><\/li>\r\n<li><a href=\"https:\/\/sinoextrud.com\/product\/aluminum-t-slot-rail-profile\/\" target=\"_blank\">Aluminum T Slot Rail Profile<\/a><\/li>\r\n<li><a href=\"https:\/\/sinoextrud.com\/product\/aluminum-t-slot-table\/\" target=\"_blank\">Aluminum T Slot Table<\/a><\/li>\r\n<li><a href=\"https:\/\/sinoextrud.com\/product\/brushed-aluminium-profile\/\" target=\"_blank\">Brushed Aluminium Profile<\/a><\/li>\r\n<li><a href=\"https:\/\/sinoextrud.com\/product\/cnc-machining-aluminum-heat-sink\/\" target=\"_blank\">CNC Machining Aluminum Heat Sink<\/a><\/li>\r\n<li><a href=\"https:\/\/sinoextrud.com\/product\/comb-shape-aluminium-heat-sink\/\" target=\"_blank\">Comb Shape Aluminium Heat Sink<\/a><\/li>\r\n<li><a href=\"https:\/\/sinoextrud.com\/product\/aluminum-heat-sink-box-shapes-profiles\/\" target=\"_blank\">Aluminum Heat Sink Box  Shapes  Profiles<\/a><\/li>\r\n<li><a href=\"https:\/\/sinoextrud.com\/product\/solar-aluminium-profiles\/\" target=\"_blank\">Solar Aluminium Profiles<\/a><\/li>\r\n<li><a href=\"https:\/\/sinoextrud.com\/product\/custom-aluminum-extrusion-cnc-machining-aluminum-profile\/\" target=\"_blank\">Custom Aluminum Extrusion CNC Machining Aluminum Profile<\/a><\/li>\r\n<li><a href=\"https:\/\/sinoextrud.com\/product\/extruded-aluminium-profile-for-triangle-and-rectangle-pipe-with-6063-alloy-anodized-mill-finish-surface\/\" target=\"_blank\">Extruded Aluminium Profile For Triangle And Rectangle Pipe With 6063 Alloy Anodized Mill Finish Surface<\/a><\/li>"},"feature_list":[]},"_links":{"self":[{"href":"https:\/\/sinoextrud.com\/cs\/wp-json\/wp\/v2\/product\/8170","targetHints":{"allow":["GET"]}}],"collection":[{"href":"https:\/\/sinoextrud.com\/cs\/wp-json\/wp\/v2\/product"}],"about":[{"href":"https:\/\/sinoextrud.com\/cs\/wp-json\/wp\/v2\/types\/product"}],"wp:featuredmedia":[{"embeddable":true,"href":"https:\/\/sinoextrud.com\/cs\/wp-json\/wp\/v2\/media\/8169"}],"wp:attachment":[{"href":"https:\/\/sinoextrud.com\/cs\/wp-json\/wp\/v2\/media?parent=8170"}],"wp:term":[{"taxonomy":"category","embeddable":true,"href":"https:\/\/sinoextrud.com\/cs\/wp-json\/wp\/v2\/categories?post=8170"}],"curies":[{"name":"wp","href":"https:\/\/api.w.org\/{rel}","templated":true}]}}