{"id":8160,"date":"2025-06-13T06:52:45","date_gmt":"2025-06-13T06:52:45","guid":{"rendered":"https:\/\/sinoextrud.com\/product\/aluminum-t-extrusion\/"},"modified":"2025-06-24T06:23:14","modified_gmt":"2025-06-24T06:23:14","slug":"vytlacovani-hliniku-t-2","status":"publish","type":"product","link":"https:\/\/sinoextrud.com\/cs\/product\/aluminum-t-extrusion\/","title":{"rendered":"Hlin\u00edkov\u00e9 T vytla\u010dov\u00e1n\u00ed"},"content":{"rendered":"<h2>Podrobnosti o produktech<\/h2>\n<table class=\"custom-table\">\n<tbody>\n<tr>\n<td> Model :<\/td>\n<td> Hlin\u00edkov\u00e9 T vytla\u010dov\u00e1n\u00ed<\/td>\n<\/tr>\n<tr>\n<td> Typ:<\/td>\n<td> Izola\u010dn\u00ed f\u00f3lie<\/td>\n<\/tr>\n<tr>\n<td> Materi\u00e1l:<\/td>\n<td> slitina 6063<\/td>\n<\/tr>\n<tr>\n<td> Certifikace:<\/td>\n<td> ISO9001<\/td>\n<\/tr>\n<tr>\n<td> Zna\u010dka:<\/td>\n<td> Sinoextrud<\/td>\n<\/tr>\n<tr>\n<td> Tlou\u0161\u0165ka:<\/td>\n<td> 1,0\/1,2\/1,4\/2,0 mm<\/td>\n<\/tr>\n<tr>\n<td> P\u016fvod:<\/td>\n<td> Foshan, Guangdong<\/td>\n<\/tr>\n<tr>\n<td> Pou\u017eit\u00ed:<\/td>\n<td> V\u00fdrobn\u00ed linka, pracovn\u00ed st\u016fl mont\u00e1\u017en\u00ed linky, kancel\u00e1\u0159sk\u00e1 p\u0159ep\u00e1\u017eka, parav\u00e1n, pr\u016fmyslov\u00fd plot, r\u016fzn\u00e9 r\u00e1my, stojany, police, mechanick\u00e9 prachov\u00e9 uz\u00e1v\u011bry atd.<\/td>\n<\/tr>\n<tr>\n<td> Chemie:<\/td>\n<td> Hybridn\u00ed izolace<\/td>\n<\/tr>\n<tr>\n<td> Tepeln\u00e9 hodnocen\u00ed:<\/td>\n<td> H 80<\/td>\n<\/tr>\n<tr>\n<td> Klasifikace:<\/td>\n<td> Hybridn\u00ed izola\u010dn\u00ed materi\u00e1ly<\/td>\n<\/tr>\n<tr>\n<td> Barva:<\/td>\n<td> eloxovan\u00e1 st\u0159\u00edbrn\u00e1<\/td>\n<\/tr>\n<tr>\n<td> \u0160\u00ed\u0159ka:<\/td>\n<td> 40 mm<\/td>\n<\/tr>\n<tr>\n<td> D\u00e9lka:<\/td>\n<td> 30 metr\u016f na roli<\/td>\n<\/tr>\n<tr>\n<td> K\u00f3d HS:<\/td>\n<td> 76042100<\/td>\n<\/tr>\n<\/tbody>\n<\/table>\n<h2>Na\u0161e v\u00fdrobn\u00ed z\u00e1kladna<\/h2>\n<h3>Panorama tov\u00e1rny<\/h3>\n<p><img decoding=\"async\" src=\"\/wp-content\/uploads\/factory-01.webp\"\/><\/p>\n<h3>D\u00edlna na v\u00fdrobu hlin\u00edkov\u00fdch ty\u010d\u00ed<\/h3>\n<p><img decoding=\"async\" src=\"\/wp-content\/uploads\/factory-02.webp\"\/><\/p>\n<p><img decoding=\"async\" src=\"\/wp-content\/uploads\/factory-03.webp\"\/><\/p>\n<h3>Sklad pl\u00edsn\u00ed<\/h3>\n<p><img decoding=\"async\" src=\"\/wp-content\/uploads\/factory-04.webp\"\/><\/p>\n<h3>43 linek na vytla\u010dov\u00e1n\u00ed hlin\u00edku (500 - 5500 tun)<\/h3>\n<p><img decoding=\"async\" src=\"\/wp-content\/uploads\/factory-05.webp\"\/><\/p>\n<p><img decoding=\"async\" src=\"\/wp-content\/uploads\/factory-06.webp\"\/><\/p>\n<p><img decoding=\"async\" src=\"\/wp-content\/uploads\/factory-07.webp\"\/><\/p>\n<h3>D\u00edlna pr\u00e1\u0161kov\u00e9ho lakov\u00e1n\u00ed<\/h3>\n<p><img decoding=\"async\" src=\"\/wp-content\/uploads\/factory-09.webp\"\/><\/p>\n<h3>D\u00edlna eloxov\u00e1n\u00ed<\/h3>\n<p><img decoding=\"async\" src=\"\/wp-content\/uploads\/factory-10.webp\"\/><\/p>\n<h3>Workshop o hloubkov\u00e9m zpracov\u00e1n\u00ed<\/h3>\n<p><img decoding=\"async\" src=\"\/wp-content\/uploads\/factory-11.webp\"\/><\/p>\n<h3>D\u00edlna CNC p\u0159esn\u00e9ho obr\u00e1b\u011bn\u00ed<\/h3>\n<p><img decoding=\"async\" src=\"\/wp-content\/uploads\/factory-11.5.webp\"\/><\/p>\n<h3>Sklad hotov\u00fdch v\u00fdrobk\u016f a exportn\u00ed sklad<\/h3>\n<p><img decoding=\"async\" src=\"\/wp-content\/uploads\/factory-12.webp\"\/><\/p>\n<p><img decoding=\"async\" src=\"\/wp-content\/uploads\/factory-13.webp\"\/><\/p>\n<p><img decoding=\"async\" src=\"\/wp-content\/uploads\/factory-14.webp\"\/><\/p>\n<h2>\u010cASTO KLADEN\u00c9 DOTAZY<\/h2>\n<p><p><b>1.Pro\u010d je hlin\u00edkov\u00fd T profil ide\u00e1ln\u00ed pro r\u00e1mov\u00e1n\u00ed a konstruk\u010dn\u00ed podporu? <\/b><\/p>\n<p> Hlin\u00edkov\u00e9 T-prolisy jsou pevn\u00e9, trvanliv\u00e9 a odoln\u00e9 proti korozi, tak\u017ee jsou ide\u00e1ln\u00ed pro pou\u017eit\u00ed v r\u00e1mech budov, podp\u011br\u00e1ch a dal\u0161\u00edch konstruk\u010dn\u00edch aplikac\u00edch.<br \/>\n<\/p><br \/>\n<br \/>\n<p><b>2.Can hlin\u00edkov\u00e9 T vytla\u010dov\u00e1n\u00ed b\u00fdt p\u0159izp\u016fsoben? <\/b><\/p>\n<p> Ano, hlin\u00edkov\u00e9 T-prolisy lze p\u0159izp\u016fsobit co do velikosti, tvaru a designu tak, aby spl\u0148ovaly specifick\u00e9 po\u017eadavky r\u016fzn\u00fdch projekt\u016f a aplikac\u00ed.<br \/>\n<\/p><br \/>\n<br \/>\n<p><b>3.Jak odoln\u00fd je hlin\u00edkov\u00fd T v\u00fdlisek? <\/b><\/p>\n<p> Hlin\u00edkov\u00e9 v\u00fdlisky T jsou vysoce odoln\u00e9 a maj\u00ed korozivzdorn\u00e9 vlastnosti, kter\u00e9 zaji\u0161\u0165uj\u00ed dlouhotrvaj\u00edc\u00ed v\u00fdkon v r\u016fzn\u00fdch prost\u0159ed\u00edch, a to i v n\u00e1ro\u010dn\u00fdch podm\u00ednk\u00e1ch.<br \/>\n<\/p><br \/>\n<br \/>\n<p><b>4.Jak\u00e1 pr\u016fmyslov\u00e1 odv\u011btv\u00ed maj\u00ed prosp\u011bch z pou\u017e\u00edv\u00e1n\u00ed hlin\u00edkov\u00fdch T v\u00fdlisk\u016f? <\/b><\/p>\n<p> Hlin\u00edkov\u00e9 T v\u00fdlisky se \u0161iroce pou\u017e\u00edvaj\u00ed v pr\u016fmyslov\u00fdch odv\u011btv\u00edch, jako je stavebnictv\u00ed, automatizace, robotika a manipulace s materi\u00e1lem, pro stavebn\u00ed r\u00e1my, podp\u011bry a zak\u00e1zkov\u00e9 konstrukce.<br \/>\n<\/p><br \/>\n<br \/>\n<p><b>5.Je hlin\u00edkov\u00fd T v\u00fdlisek snadno sestaviteln\u00fd a upraviteln\u00fd? <\/b><\/p>\n<p> Ano, modul\u00e1rn\u00ed konstrukce hlin\u00edkov\u00fdch T profil\u016f umo\u017e\u0148uje snadnou mont\u00e1\u017e a \u00fapravy, \u010d\u00edm\u017e se zkracuje doba mont\u00e1\u017ee a zvy\u0161uje flexibilita projektu.<br \/>\n<\/p><br \/>\n<br \/>\n<p><b>6.Jak hlin\u00edkov\u00e1 T-extrakce zlep\u0161uje v\u00fdkon syst\u00e9mu? <\/b><\/p>\n<p> Jeho lehk\u00e1, ale pevn\u00e1 konstrukce poskytuje stabiln\u00ed oporu a z\u00e1rove\u0148 zachov\u00e1v\u00e1 flexibilitu pro budouc\u00ed \u00fapravy, \u010d\u00edm\u017e zlep\u0161uje celkov\u00fd v\u00fdkon a efektivitu syst\u00e9m\u016f.<br \/>\n<\/p><br \/>\n<br \/>\n<p><b>7.Je hlin\u00edkov\u00e9 T vytla\u010dov\u00e1n\u00ed \u0161etrn\u00e9 k \u017eivotn\u00edmu prost\u0159ed\u00ed? <\/b><\/p>\n<p> Ano, hlin\u00edk je pln\u011b recyklovateln\u00fd, tak\u017ee tyto v\u00fdlisky jsou ekologickou volbou pro udr\u017eiteln\u00e1 konstruk\u010dn\u00ed a r\u00e1mov\u00e1 \u0159e\u0161en\u00ed.<br \/>\n<\/p><br \/><\/p>","protected":false},"featured_media":8159,"template":"","categories":[54],"class_list":["post-8160","product","type-product","status-publish","has-post-thumbnail","hentry","category-industrial-aluminum-profiles"],"meta_box":{"hilight_text_group":{"product_hilight_text":"<li>High-strength aluminum T extrusion for versatile applications in framing and structural support<\/li>\r\r\n<li>Corrosion-resistant, ensuring long-lasting durability in various environmental conditions<\/li>\r\r\n<li>Customizable sizes and designs to meet specific project requirements and specifications<\/li>\r\r\n<li>Lightweight yet strong, providing excellent stability and support without unnecessary weight<\/li>\r\r\n<li>Easy to assemble and modify, offering flexibility for different industrial and commercial uses<\/li>\r\r\n<li>Cost-effective solution for building frames, supports, and mounting systems<\/li>\r\r\n<li>Eco-friendly, made from fully recyclable aluminum material<\/li>","product_chanpin_blog":"<ul>\r\r\n<li><a href=\"https:\/\/sinoextrud.com\/t-slot-v-slot-differences\/\" target=\"_blank\">t slot vs v slot<\/a><\/li>\r\r\n<li><a href=\"https:\/\/sinoextrud.com\/what-is-4040-aluminium-extrud\/\" target=\"_blank\">4040 aluminium extrusion<\/a><\/li>\r\r\n<li><a href=\"https:\/\/sinoextrud.com\/what-is-4040-aluminium-extrud\/\" target=\"_blank\">aluminum extrusions for industrial racks<\/a><\/li>\r\r\n<li><a href=\"https:\/\/sinoextrud.com\/powder-coating-aluminium-process\/\" target=\"_blank\">powder coating aluminium<\/a><\/li>\r\r\n<li><a href=\"https:\/\/sinoextrud.com\/what-is-an-aluminium-strip-ceiling\/\" target=\"_blank\">aluminium strip ceiling<\/a><\/li>\r\r\n<li><a href=\"https:\/\/sinoextrud.com\/what-is-a-heat-sink\/\" target=\"_blank\">what is a heat sink<\/a><\/li>\r\r\n<\/ul>","product_chanpin_chanpin":"<li><a href=\"https:\/\/sinoextrud.com\/product\/aluminum-heatsink-extrusion-profile\/\" target=\"_blank\">Aluminum Heatsink Extrusion Profile<\/a><\/li>\r\n<li><a href=\"https:\/\/sinoextrud.com\/product\/aluminum-light-box-extrusion\/\" target=\"_blank\">Aluminum Light Box Extrusion<\/a><\/li>\r\n<li><a href=\"https:\/\/sinoextrud.com\/product\/aluminum-profile-solar-panel-wide-width\/\" target=\"_blank\">Aluminum Profile Solar Panel Wide Width<\/a><\/li>\r\n<li><a href=\"https:\/\/sinoextrud.com\/product\/aluminum-profile-with-t-slot-flat\/\" target=\"_blank\">Aluminum Profile With T Slot Flat<\/a><\/li>\r\n<li><a href=\"https:\/\/sinoextrud.com\/product\/aluminum-t-extrusion\/\" target=\"_blank\">Aluminum T Extrusion<\/a><\/li>\r\n<li><a href=\"https:\/\/sinoextrud.com\/product\/aluminum-t-section-extrusions\/\" target=\"_blank\">Aluminum T Section Extrusions<\/a><\/li>\r\n<li><a href=\"https:\/\/sinoextrud.com\/product\/aluminum-t-slot-profile\/\" target=\"_blank\">Aluminum T Slot Profile<\/a><\/li>\r\n<li><a href=\"https:\/\/sinoextrud.com\/product\/aluminum-t-slot-rail-profile\/\" target=\"_blank\">Aluminum T Slot Rail Profile<\/a><\/li>\r\n<li><a href=\"https:\/\/sinoextrud.com\/product\/aluminum-t-slot-table\/\" target=\"_blank\">Aluminum T Slot Table<\/a><\/li>\r\n<li><a href=\"https:\/\/sinoextrud.com\/product\/anodized-extruded-c-section-aluminium-profile\/\" target=\"_blank\">Anodized Extruded C Section Aluminium Profile<\/a><\/li>\r\n<li><a href=\"https:\/\/sinoextrud.com\/product\/commercial-glass-aluminium-railing-systems\/\" target=\"_blank\">Commercial Glass Aluminium Railing Systems<\/a><\/li>"},"feature_list":[]},"_links":{"self":[{"href":"https:\/\/sinoextrud.com\/cs\/wp-json\/wp\/v2\/product\/8160","targetHints":{"allow":["GET"]}}],"collection":[{"href":"https:\/\/sinoextrud.com\/cs\/wp-json\/wp\/v2\/product"}],"about":[{"href":"https:\/\/sinoextrud.com\/cs\/wp-json\/wp\/v2\/types\/product"}],"wp:featuredmedia":[{"embeddable":true,"href":"https:\/\/sinoextrud.com\/cs\/wp-json\/wp\/v2\/media\/8159"}],"wp:attachment":[{"href":"https:\/\/sinoextrud.com\/cs\/wp-json\/wp\/v2\/media?parent=8160"}],"wp:term":[{"taxonomy":"category","embeddable":true,"href":"https:\/\/sinoextrud.com\/cs\/wp-json\/wp\/v2\/categories?post=8160"}],"curies":[{"name":"wp","href":"https:\/\/api.w.org\/{rel}","templated":true}]}}