{"id":8154,"date":"2025-06-13T06:46:39","date_gmt":"2025-06-13T06:46:39","guid":{"rendered":"https:\/\/sinoextrud.com\/product\/aluminum-light-box-extrusion\/"},"modified":"2025-06-24T06:23:13","modified_gmt":"2025-06-24T06:23:13","slug":"hlinikovy-svetelny-box-vytlacovani","status":"publish","type":"product","link":"https:\/\/sinoextrud.com\/cs\/product\/aluminum-light-box-extrusion\/","title":{"rendered":"Hlin\u00edkov\u00e1 sv\u011bteln\u00e1 krabice vytla\u010dov\u00e1n\u00ed"},"content":{"rendered":"<h2>Podrobnosti o produktech<\/h2>\n<table class=\"custom-table\">\n<tbody>\n<tr>\n<td> N\u00e1zev<\/td>\n<td> Hlin\u00edkov\u00e1 lehk\u00e1 krabice vytla\u010dov\u00e1n\u00ed<\/td>\n<\/tr>\n<tr>\n<td> Zna\u010dka<\/td>\n<td> Sinoextrud\/Sinoextrud<\/td>\n<\/tr>\n<tr>\n<td> Kategorie<\/td>\n<td> Hlin\u00edkov\u00fd v\u00fdlisek<\/td>\n<\/tr>\n<tr>\n<td> Materi\u00e1l<\/td>\n<td> 6061 je \u0161iroce pou\u017e\u00edv\u00e1n. K dispozici jsou tak\u00e9 6063, 6463, 6005, 6082.<\/td>\n<\/tr>\n<tr>\n<td> Temperament<\/td>\n<td> T5-T8<\/td>\n<\/tr>\n<tr>\n<td> D\u00e9lka<\/td>\n<td> 5,8 m pro 20 stop, 5,9 m \/ 6,0 m pro 40'GP nebo p\u0159izp\u016fsoben\u00ed.<\/td>\n<\/tr>\n<tr>\n<td> Velikost (mm)<\/td>\n<td> K dispozici jsou r\u016fzn\u00e9 velikosti<\/td>\n<\/tr>\n<tr>\n<td> Tvar<\/td>\n<td> Kulat\u00fd\/obd\u00e9ln\u00edk\/\u010dtverec\/p\u0159izp\u016fsoben\u00ed na m\u00edru<\/td>\n<\/tr>\n<tr>\n<td> Povrchov\u00e1 \u00faprava<\/td>\n<td> Fr\u00e9zov\u00e1n\u00ed, eloxov\u00e1n\u00ed, p\u00edskov\u00e1n\u00ed, elektrofor\u00e9za, povrchov\u00e1 \u00faprava atd.<\/td>\n<\/tr>\n<tr>\n<td> Barva<\/td>\n<td> St\u0159\u00edbrn\u00e1 nebo p\u0159izp\u016fsoben\u00e1 barva<\/td>\n<\/tr>\n<tr>\n<td> Z\u00e1ruka<\/td>\n<td> BV , Soncap , ISO<\/td>\n<\/tr>\n<tr>\n<td> Standardn\u00ed<\/td>\n<td> St\u0159edn\u00ed a vysok\u00e1 kvalita<\/td>\n<\/tr>\n<tr>\n<td> MOQ<\/td>\n<td> 200KGS pro ka\u017edou polo\u017eku<\/td>\n<\/tr>\n<tr>\n<td> Z<\/td>\n<td> Guangdong, \u010c\u00edna<\/td>\n<\/tr>\n<tr>\n<td> Aplikace<\/td>\n<td> Profil odv\u011btv\u00ed, stavebnictv\u00ed, dekorace<\/td>\n<\/tr>\n<\/tbody>\n<\/table>\n<h2>Na\u0161e v\u00fdrobn\u00ed z\u00e1kladna<\/h2>\n<h3>Panorama tov\u00e1rny<\/h3>\n<p><img decoding=\"async\" src=\"\/wp-content\/uploads\/factory-01.webp\"\/><\/p>\n<h3>D\u00edlna na v\u00fdrobu hlin\u00edkov\u00fdch ty\u010d\u00ed<\/h3>\n<p><img decoding=\"async\" src=\"\/wp-content\/uploads\/factory-02.webp\"\/><\/p>\n<p><img decoding=\"async\" src=\"\/wp-content\/uploads\/factory-03.webp\"\/><\/p>\n<h3>Sklad pl\u00edsn\u00ed<\/h3>\n<p><img decoding=\"async\" src=\"\/wp-content\/uploads\/factory-04.webp\"\/><\/p>\n<h3>43 linek na vytla\u010dov\u00e1n\u00ed hlin\u00edku (500 - 5500 tun)<\/h3>\n<p><img decoding=\"async\" src=\"\/wp-content\/uploads\/factory-05.webp\"\/><\/p>\n<p><img decoding=\"async\" src=\"\/wp-content\/uploads\/factory-06.webp\"\/><\/p>\n<p><img decoding=\"async\" src=\"\/wp-content\/uploads\/factory-07.webp\"\/><\/p>\n<h3>D\u00edlna pr\u00e1\u0161kov\u00e9ho lakov\u00e1n\u00ed<\/h3>\n<p><img decoding=\"async\" src=\"\/wp-content\/uploads\/factory-09.webp\"\/><\/p>\n<h3>D\u00edlna eloxov\u00e1n\u00ed<\/h3>\n<p><img decoding=\"async\" src=\"\/wp-content\/uploads\/factory-10.webp\"\/><\/p>\n<h3>Workshop o hloubkov\u00e9m zpracov\u00e1n\u00ed<\/h3>\n<p><img decoding=\"async\" src=\"\/wp-content\/uploads\/factory-11.webp\"\/><\/p>\n<h3>D\u00edlna CNC p\u0159esn\u00e9ho obr\u00e1b\u011bn\u00ed<\/h3>\n<p><img decoding=\"async\" src=\"\/wp-content\/uploads\/factory-11.5.webp\"\/><\/p>\n<h3>Sklad hotov\u00fdch v\u00fdrobk\u016f a exportn\u00ed sklad<\/h3>\n<p><img decoding=\"async\" src=\"\/wp-content\/uploads\/factory-12.webp\"\/><\/p>\n<p><img decoding=\"async\" src=\"\/wp-content\/uploads\/factory-13.webp\"\/><\/p>\n<p><img decoding=\"async\" src=\"\/wp-content\/uploads\/factory-14.webp\"\/><\/p>\n<h2>\u010cASTO KLADEN\u00c9 DOTAZY<\/h2>\n<p><p><b>1.Co d\u011bl\u00e1 hlin\u00edkov\u00fd Light Box Extrusion vhodn\u00fd pro konstrukci lehk\u00fdch box\u016f? <\/b><\/p>\n<p> Hlin\u00edkov\u00fd v\u00fdlisek pro sv\u011bteln\u00e9 boxy je lehk\u00fd, trvanliv\u00fd a odoln\u00fd proti korozi, tak\u017ee je ide\u00e1ln\u00ed pro v\u00fdrobu robustn\u00edch sv\u011bteln\u00fdch box\u016f s dlouhou \u017eivotnost\u00ed.<br \/>\n<\/p><br \/>\n<br \/>\n<p><b>2.Can hlin\u00edkov\u00e9 sv\u011btlo Box vytla\u010dov\u00e1n\u00ed b\u00fdt p\u0159izp\u016fsoben? <\/b><\/p>\n<p> Ano, lze jej p\u0159izp\u016fsobit velikosti, tvaru a designu tak, aby spl\u0148oval specifick\u00e9 po\u017eadavky na projekty sv\u011bteln\u00fdch box\u016f.<br \/>\n<\/p><br \/>\n<br \/>\n<p><b>3.How odoln\u00fd je hlin\u00edkov\u00fd Light Box Extrusion? <\/b><\/p>\n<p> Je vysoce odoln\u00fd, s vynikaj\u00edc\u00ed odolnost\u00ed proti korozi, co\u017e zaji\u0161\u0165uje dlouhou \u017eivotnost i v n\u00e1ro\u010dn\u00fdch venkovn\u00edch nebo vnit\u0159n\u00edch podm\u00ednk\u00e1ch.<br \/>\n<\/p><br \/>\n<br \/>\n<p><b>4.Jak\u00e1 pr\u016fmyslov\u00e1 odv\u011btv\u00ed maj\u00ed prosp\u011bch z pou\u017e\u00edv\u00e1n\u00ed hlin\u00edkov\u00fdch sv\u011bteln\u00fdch box\u016f? <\/b><\/p>\n<p> Odv\u011btv\u00ed, jako je reklama, maloobchod a zna\u010den\u00ed, t\u011b\u017e\u00ed z jeho pou\u017eit\u00ed p\u0159i konstrukci vysoce kvalitn\u00edch, profesion\u00e1ln\u011b vypadaj\u00edc\u00edch sv\u011bteln\u00fdch box\u016f.<br \/>\n<\/p><br \/>\n<br \/>\n<p><b>5.Is hlin\u00edkov\u00e9 sv\u011btlo Box Extrusion snadn\u00e1 instalace? <\/b><\/p>\n<p> Ano, v\u00fdlisek je navr\u017een pro snadnou mont\u00e1\u017e a instalaci, co\u017e sni\u017euje pracnost a \u010das pot\u0159ebn\u00fd k nastaven\u00ed.<br \/>\n<\/p><br \/>\n<br \/>\n<p><b>6.Jak hlin\u00edkov\u00fd sv\u011bteln\u00fd box Extrusion zlep\u0161uje v\u00fdkon osv\u011btlen\u00ed? <\/b><\/p>\n<p> Jeho vynikaj\u00edc\u00ed vlastnosti pro odvod tepla pom\u00e1haj\u00ed zajistit optim\u00e1ln\u00ed v\u00fdkon osv\u011btlovac\u00edch syst\u00e9m\u016f po del\u0161\u00ed dobu a zabra\u0148uj\u00ed jejich p\u0159eh\u0159\u00e1t\u00ed.<br \/>\n<\/p><br \/>\n<br \/>\n<p><b>7.Is hlin\u00edkov\u00e9 Light Box vytla\u010dov\u00e1n\u00ed \u0161etrn\u00e9 k \u017eivotn\u00edmu prost\u0159ed\u00ed? <\/b><\/p>\n<p> Ano, hlin\u00edk je pln\u011b recyklovateln\u00fd materi\u00e1l, tak\u017ee je ekologicky \u0161etrnou volbou pro vytv\u00e1\u0159en\u00ed udr\u017eiteln\u00fdch sv\u011bteln\u00fdch box\u016f.<br \/>\n<\/p><br \/><\/p>","protected":false},"featured_media":8153,"template":"","categories":[54],"class_list":["post-8154","product","type-product","status-publish","has-post-thumbnail","hentry","category-industrial-aluminum-profiles"],"meta_box":{"hilight_text_group":{"product_hilight_text":"<ul>\r\r\n  <li>Durable aluminum extrusion for creating robust and lightweight light boxes<\/li>\r\r\n  <li>Corrosion-resistant material ensuring long-term performance in various environments<\/li>\r\r\n  <li>Customizable sizes and shapes to meet specific design requirements for light boxes<\/li>\r\r\n  <li>Excellent heat dissipation properties, enhancing the longevity of lighting systems<\/li>\r\r\n  <li>Easy to assemble and install, reducing manufacturing and setup costs<\/li>\r\r\n  <li>Stylish and professional finish, perfect for advertising, retail, and signage applications<\/li>\r\r\n  <li>Environmentally friendly, made from recyclable aluminum material<\/li>\r\r\n<\/ul>","product_chanpin_blog":"<ul>\r\r\n<li><a href=\"https:\/\/sinoextrud.com\/t-slot-v-slot-differences\/\" target=\"_blank\">t slot vs v slot<\/a><\/li>\r\r\n<li><a href=\"https:\/\/sinoextrud.com\/what-is-4040-aluminium-extrud\/\" target=\"_blank\">4040 aluminium extrusion<\/a><\/li>\r\r\n<li><a href=\"https:\/\/sinoextrud.com\/what-is-4040-aluminium-extrud\/\" target=\"_blank\">aluminum extrusions for industrial racks<\/a><\/li>\r\r\n<li><a href=\"https:\/\/sinoextrud.com\/powder-coating-aluminium-process\/\" target=\"_blank\">powder coating aluminium<\/a><\/li>\r\r\n<li><a href=\"https:\/\/sinoextrud.com\/what-is-an-aluminium-strip-ceiling\/\" target=\"_blank\">aluminium strip ceiling<\/a><\/li>\r\r\n<li><a href=\"https:\/\/sinoextrud.com\/what-is-a-heat-sink\/\" target=\"_blank\">what is a heat sink<\/a><\/li>\r\r\n<\/ul>","product_chanpin_chanpin":"<li><a href=\"https:\/\/sinoextrud.com\/product\/aluminum-extrusion-material-t-slot\/\" target=\"_blank\">Aluminum Extrusion Material T Slot<\/a><\/li>\r\n<li><a href=\"https:\/\/sinoextrud.com\/product\/aluminum-extrusion-plate\/\" target=\"_blank\">Aluminum Extrusion Plate<\/a><\/li>\r\n<li><a href=\"https:\/\/sinoextrud.com\/product\/aluminum-frame-for-solar-panel-and-light-box\/\" target=\"_blank\">Aluminum Frame For Solar Panel And Light-Box<\/a><\/li>\r\n<li><a href=\"https:\/\/sinoextrud.com\/product\/aluminum-heatsink-extrusion-profile\/\" target=\"_blank\">Aluminum Heatsink Extrusion Profile<\/a><\/li>\r\n<li><a href=\"https:\/\/sinoextrud.com\/product\/aluminum-light-box-extrusion\/\" target=\"_blank\">Aluminum Light Box Extrusion<\/a><\/li>\r\n<li><a href=\"https:\/\/sinoextrud.com\/product\/aluminum-profile-solar-panel-wide-width\/\" target=\"_blank\">Aluminum Profile Solar Panel Wide Width<\/a><\/li>\r\n<li><a href=\"https:\/\/sinoextrud.com\/product\/aluminum-profile-with-t-slot-flat\/\" target=\"_blank\">Aluminum Profile With T Slot Flat<\/a><\/li>\r\n<li><a href=\"https:\/\/sinoextrud.com\/product\/aluminum-t-extrusion\/\" target=\"_blank\">Aluminum T Extrusion<\/a><\/li>\r\n<li><a href=\"https:\/\/sinoextrud.com\/product\/aluminum-t-section-extrusions\/\" target=\"_blank\">Aluminum T Section Extrusions<\/a><\/li>\r\n<li><a href=\"https:\/\/sinoextrud.com\/product\/triangle-aluminium-tube-factory-price\/\" target=\"_blank\">Triangle Aluminium Tube Factory Price<\/a><\/li>\r\n<li><a href=\"https:\/\/sinoextrud.com\/product\/aluminum-curtain-wall-powder-coating-properties-prices-competitive-extrusion-uses-in-construction\/\" target=\"_blank\">aluminum curtain wall Powder Coating properties prices competitive Extrusion uses in construction<\/a><\/li>"},"feature_list":[]},"_links":{"self":[{"href":"https:\/\/sinoextrud.com\/cs\/wp-json\/wp\/v2\/product\/8154","targetHints":{"allow":["GET"]}}],"collection":[{"href":"https:\/\/sinoextrud.com\/cs\/wp-json\/wp\/v2\/product"}],"about":[{"href":"https:\/\/sinoextrud.com\/cs\/wp-json\/wp\/v2\/types\/product"}],"wp:featuredmedia":[{"embeddable":true,"href":"https:\/\/sinoextrud.com\/cs\/wp-json\/wp\/v2\/media\/8153"}],"wp:attachment":[{"href":"https:\/\/sinoextrud.com\/cs\/wp-json\/wp\/v2\/media?parent=8154"}],"wp:term":[{"taxonomy":"category","embeddable":true,"href":"https:\/\/sinoextrud.com\/cs\/wp-json\/wp\/v2\/categories?post=8154"}],"curies":[{"name":"wp","href":"https:\/\/api.w.org\/{rel}","templated":true}]}}