{"id":8146,"date":"2025-06-13T02:44:57","date_gmt":"2025-06-13T02:44:57","guid":{"rendered":"https:\/\/sinoextrud.com\/product\/aluminum-extrusion-material-t-slot\/"},"modified":"2025-06-24T06:23:11","modified_gmt":"2025-06-24T06:23:11","slug":"hlinikovy-vytlacovaci-material-t-slot","status":"publish","type":"product","link":"https:\/\/sinoextrud.com\/cs\/product\/aluminum-extrusion-material-t-slot\/","title":{"rendered":"Hlin\u00edkov\u00fd vytla\u010dovac\u00ed materi\u00e1l T Slot"},"content":{"rendered":"<h2>Podrobnosti o produktech<\/h2>\n<table class=\"custom-table\">\n<tbody>\n<tr>\n<td> Polo\u017eka<\/td>\n<td> Hlin\u00edkov\u00fd vytla\u010dovac\u00ed materi\u00e1l, hlin\u00edkov\u00fd vytla\u010dovac\u00ed materi\u00e1l T Slot<\/td>\n<\/tr>\n<tr>\n<td> Kategorie<\/td>\n<td> Hlin\u00edkov\u00e1 sekce<\/td>\n<\/tr>\n<tr>\n<td> Materi\u00e1l<\/td>\n<td> Hlin\u00edkov\u00e1 slitina (6063, 6061, 6463, 6082)<\/td>\n<\/tr>\n<tr>\n<td> Temperament<\/td>\n<td> T5,T8<\/td>\n<\/tr>\n<tr>\n<td> D\u00e9lka<\/td>\n<td> 1-9m nebo jin\u00e9 je k dispozici<\/td>\n<\/tr>\n<tr>\n<td> Velikost (mm)<\/td>\n<td> 40*40, 40*80, 80*80, 45*120 atd.<\/td>\n<\/tr>\n<tr>\n<td> Tvar<\/td>\n<td> T profil, \u010dtvercov\u00fd, kulat\u00fd, ploch\u00fd, \u00fahlov\u00fd atd.<\/td>\n<\/tr>\n<tr>\n<td> Povrchov\u00e1 \u00faprava<\/td>\n<td> Fr\u00e9zov\u00e1n\u00ed, eloxov\u00e1n\u00ed, p\u00edskov\u00e1n\u00ed, le\u0161t\u011bn\u00ed, elektrofor\u00e9za, povrchov\u00e1 \u00faprava atd.<\/td>\n<\/tr>\n<tr>\n<td> Barva<\/td>\n<td> Zat\u00edmco, \u010dern\u00e1, st\u0159\u00edbrn\u00e1, bronzov\u00e1, zlat\u00e1, \u0161ampa\u0148sk\u00e9, tmav\u00e1 atd.<\/td>\n<\/tr>\n<tr>\n<td> Certifik\u00e1t<\/td>\n<td> ASTM, GB<\/td>\n<\/tr>\n<tr>\n<td> Z<\/td>\n<td> Guangdong, \u010c\u00edna<\/td>\n<\/tr>\n<tr>\n<td> Dod\u00e1vka<\/td>\n<td> 15-30 dn\u00ed, m\u016f\u017eete se s n\u00e1mi poradit<\/td>\n<\/tr>\n<\/tbody>\n<\/table>\n<h2>Na\u0161e v\u00fdrobn\u00ed z\u00e1kladna<\/h2>\n<h3>Panorama tov\u00e1rny<\/h3>\n<p><img decoding=\"async\" src=\"\/wp-content\/uploads\/factory-01.webp\"\/><\/p>\n<h3>D\u00edlna na v\u00fdrobu hlin\u00edkov\u00fdch ty\u010d\u00ed<\/h3>\n<p><img decoding=\"async\" src=\"\/wp-content\/uploads\/factory-02.webp\"\/><\/p>\n<p><img decoding=\"async\" src=\"\/wp-content\/uploads\/factory-03.webp\"\/><\/p>\n<h3>Sklad pl\u00edsn\u00ed<\/h3>\n<p><img decoding=\"async\" src=\"\/wp-content\/uploads\/factory-04.webp\"\/><\/p>\n<h3>43 linek na vytla\u010dov\u00e1n\u00ed hlin\u00edku (500 - 5500 tun)<\/h3>\n<p><img decoding=\"async\" src=\"\/wp-content\/uploads\/factory-05.webp\"\/><\/p>\n<p><img decoding=\"async\" src=\"\/wp-content\/uploads\/factory-06.webp\"\/><\/p>\n<p><img decoding=\"async\" src=\"\/wp-content\/uploads\/factory-07.webp\"\/><\/p>\n<h3>D\u00edlna pr\u00e1\u0161kov\u00e9ho lakov\u00e1n\u00ed<\/h3>\n<p><img decoding=\"async\" src=\"\/wp-content\/uploads\/factory-09.webp\"\/><\/p>\n<h3>D\u00edlna eloxov\u00e1n\u00ed<\/h3>\n<p><img decoding=\"async\" src=\"\/wp-content\/uploads\/factory-10.webp\"\/><\/p>\n<h3>Workshop o hloubkov\u00e9m zpracov\u00e1n\u00ed<\/h3>\n<p><img decoding=\"async\" src=\"\/wp-content\/uploads\/factory-11.webp\"\/><\/p>\n<h3>D\u00edlna CNC p\u0159esn\u00e9ho obr\u00e1b\u011bn\u00ed<\/h3>\n<p><img decoding=\"async\" src=\"\/wp-content\/uploads\/factory-11.5.webp\"\/><\/p>\n<h3>Sklad hotov\u00fdch v\u00fdrobk\u016f a exportn\u00ed sklad<\/h3>\n<p><img decoding=\"async\" src=\"\/wp-content\/uploads\/factory-12.webp\"\/><\/p>\n<p><img decoding=\"async\" src=\"\/wp-content\/uploads\/factory-13.webp\"\/><\/p>\n<p><img decoding=\"async\" src=\"\/wp-content\/uploads\/factory-14.webp\"\/><\/p>\n<h2>\u010cASTO KLADEN\u00c9 DOTAZY<\/h2>\n<p><p><b>1.Jak\u00e1 je v\u00fdhoda pou\u017eit\u00ed hlin\u00edkov\u00e9ho v\u00fdlisku T Slot? <\/b><\/p>\n<p> Hlin\u00edkov\u00fd v\u00fdlisek T Slot nab\u00edz\u00ed flexibiln\u00ed modul\u00e1rn\u00ed mont\u00e1\u017e bez nutnosti sva\u0159ov\u00e1n\u00ed, ide\u00e1ln\u00ed pro rychl\u00e9 a nastaviteln\u00e9 konstruk\u010dn\u00ed stavby.<br \/>\n<\/p><br \/>\n<br \/>\n<p><b>2.Je hlin\u00edkov\u00fd v\u00fdlisek T Slot dostate\u010dn\u011b odoln\u00fd pro pr\u016fmyslov\u00e9 pou\u017eit\u00ed? <\/b><\/p>\n<p> Ano, hlin\u00edkov\u00e9 v\u00fdlisky T Slot jsou vyrobeny z vysoce pevn\u00e9ho hlin\u00edku, kter\u00fd zaji\u0161\u0165uje dlouhou \u017eivotnost v n\u00e1ro\u010dn\u00e9m pr\u016fmyslov\u00e9m prost\u0159ed\u00ed.<br \/>\n<\/p><br \/>\n<br \/>\n<p><b>3.Lze hlin\u00edkov\u00e9 profily T Slot p\u0159izp\u016fsobit? <\/b><\/p>\n<p> Profily T Slot lze samoz\u0159ejm\u011b \u0159ezat na vlastn\u00ed d\u00e9lky a kombinovat s r\u016fzn\u00fdm p\u0159\u00edslu\u0161enstv\u00edm, aby vyhovovaly specifick\u00fdm pot\u0159eb\u00e1m projektu.<br \/>\n<\/p><br \/>\n<br \/>\n<p><b>4.Jak\u00e9 typy povrchov\u00fdch \u00faprav jsou k dispozici pro hlin\u00edkov\u00e9 v\u00fdlisky T Slot? <\/b><\/p>\n<p> Nab\u00edz\u00edme eloxovan\u00e9, pr\u00e1\u0161kov\u011b lakovan\u00e9 a fr\u00e9zovan\u00e9 povrchy pro lep\u0161\u00ed odolnost proti korozi a estetiku.<br \/>\n<\/p><br \/>\n<br \/>\n<p><b>5.Jsou profily T Slot kompatibiln\u00ed se standardn\u00edm p\u0159\u00edslu\u0161enstv\u00edm? <\/b><\/p>\n<p> Ano, na\u0161e hlin\u00edkov\u00e9 v\u00fdlisky T Slot jsou kompatibiln\u00ed s celou \u0159adou dr\u017e\u00e1k\u016f, konektor\u016f a spojovac\u00edch prvk\u016f na trhu.<br \/>\n<\/p><br \/>\n<br \/>\n<p><b>6.Jak\u00e9 aplikace jsou vhodn\u00e9 pro vytla\u010dov\u00e1n\u00ed hlin\u00edku T Slot? <\/b><\/p>\n<p> Hlin\u00edkov\u00e9 profily T Slot jsou ide\u00e1ln\u00ed pro r\u00e1my stroj\u016f, bezpe\u010dnostn\u00ed kryty, automatiza\u010dn\u00ed za\u0159\u00edzen\u00ed a pracovn\u00ed stanice.<br \/>\n<\/p><br \/>\n<br \/>\n<p><b>7.Jak pom\u00e1h\u00e1 vytla\u010dov\u00e1n\u00ed hlin\u00edku T Slot sn\u00ed\u017eit n\u00e1klady? <\/b><\/p>\n<p> Jeho modul\u00e1rn\u00ed konstrukce umo\u017e\u0148uje rychlou mont\u00e1\u017e, snadn\u00e9 \u00fapravy a lehkou manipulaci, co\u017e sni\u017euje n\u00e1klady na pracovn\u00ed s\u00edlu a p\u0159epravu.<br \/>\n<\/p><br \/><\/p>","protected":false},"featured_media":8145,"template":"","categories":[54],"class_list":["post-8146","product","type-product","status-publish","has-post-thumbnail","hentry","category-industrial-aluminum-profiles"],"meta_box":{"hilight_text_group":{"product_hilight_text":"<li>Modular T Slot design allows easy assembly and reconfiguration without welding.<\/li>\r\r\n<li>High-strength aluminum extrusion ensures durability and structural stability.<\/li>\r\r\n<li>Corrosion-resistant surface finishes suitable for industrial environments.<\/li>\r\r\n<li>Compatible with a wide range of accessories and connectors.<\/li>\r\r\n<li>Lightweight material reduces handling and shipping costs.<\/li>\r\r\n<li>Precision-machined for high tolerance and consistent quality.<\/li>\r\r\n<li>Ideal for machine frames, workstations, and automation systems.<\/li>","product_chanpin_blog":"<ul>\r\r\n<li><a href=\"https:\/\/sinoextrud.com\/t-slot-v-slot-differences\/\" target=\"_blank\">t slot vs v slot<\/a><\/li>\r\r\n<li><a href=\"https:\/\/sinoextrud.com\/what-is-4040-aluminium-extrud\/\" target=\"_blank\">4040 aluminium extrusion<\/a><\/li>\r\r\n<li><a href=\"https:\/\/sinoextrud.com\/what-is-4040-aluminium-extrud\/\" target=\"_blank\">aluminum extrusions for industrial racks<\/a><\/li>\r\r\n<li><a href=\"https:\/\/sinoextrud.com\/powder-coating-aluminium-process\/\" target=\"_blank\">powder coating aluminium<\/a><\/li>\r\r\n<li><a href=\"https:\/\/sinoextrud.com\/what-is-an-aluminium-strip-ceiling\/\" target=\"_blank\">aluminium strip ceiling<\/a><\/li>\r\r\n<li><a href=\"https:\/\/sinoextrud.com\/what-is-a-heat-sink\/\" target=\"_blank\">what is a heat sink<\/a><\/li>\r\r\n<\/ul>","product_chanpin_chanpin":"<li><a href=\"https:\/\/sinoextrud.com\/product\/aluminium-t-bar-extrusions\/\" target=\"_blank\">Aluminium T Bar Extrusions<\/a><\/li>\r\n<li><a href=\"https:\/\/sinoextrud.com\/product\/aluminium-transport-extrusions\/\" target=\"_blank\">Aluminium Transport Extrusions<\/a><\/li>\r\n<li><a href=\"https:\/\/sinoextrud.com\/product\/aluminum-extruded-enclosure-for-power-supply\/\" target=\"_blank\">Aluminum Extruded Enclosure For Power Supply<\/a><\/li>\r\n<li><a href=\"https:\/\/sinoextrud.com\/product\/aluminum-extrusion-industry\/\" target=\"_blank\">Aluminum Extrusion Industry<\/a><\/li>\r\n<li><a href=\"https:\/\/sinoextrud.com\/product\/aluminum-extrusion-material-t-slot\/\" target=\"_blank\">Aluminum Extrusion Material T Slot<\/a><\/li>\r\n<li><a href=\"https:\/\/sinoextrud.com\/product\/aluminum-extrusion-plate\/\" target=\"_blank\">Aluminum Extrusion Plate<\/a><\/li>\r\n<li><a href=\"https:\/\/sinoextrud.com\/product\/aluminum-frame-for-solar-panel-and-light-box\/\" target=\"_blank\">Aluminum Frame For Solar Panel And Light-Box<\/a><\/li>\r\n<li><a href=\"https:\/\/sinoextrud.com\/product\/aluminum-heatsink-extrusion-profile\/\" target=\"_blank\">Aluminum Heatsink Extrusion Profile<\/a><\/li>\r\n<li><a href=\"https:\/\/sinoextrud.com\/product\/aluminum-light-box-extrusion\/\" target=\"_blank\">Aluminum Light Box Extrusion<\/a><\/li>\r\n<li><a href=\"https:\/\/sinoextrud.com\/product\/cnc-bending-aluminum-frame-profile-for-suitcase-luggage\/\" target=\"_blank\">CNC Bending Aluminum Frame Profile For Suitcase Luggage<\/a><\/li>\r\n<li><a href=\"https:\/\/sinoextrud.com\/product\/extruded-aluminium-cnc-machining-profile-and-anodized-surface-treatment-process\/\" target=\"_blank\">Extruded Aluminium CNC Machining profile and Anodized Surface Treatment Process<\/a><\/li>"},"feature_list":[]},"_links":{"self":[{"href":"https:\/\/sinoextrud.com\/cs\/wp-json\/wp\/v2\/product\/8146","targetHints":{"allow":["GET"]}}],"collection":[{"href":"https:\/\/sinoextrud.com\/cs\/wp-json\/wp\/v2\/product"}],"about":[{"href":"https:\/\/sinoextrud.com\/cs\/wp-json\/wp\/v2\/types\/product"}],"wp:featuredmedia":[{"embeddable":true,"href":"https:\/\/sinoextrud.com\/cs\/wp-json\/wp\/v2\/media\/8145"}],"wp:attachment":[{"href":"https:\/\/sinoextrud.com\/cs\/wp-json\/wp\/v2\/media?parent=8146"}],"wp:term":[{"taxonomy":"category","embeddable":true,"href":"https:\/\/sinoextrud.com\/cs\/wp-json\/wp\/v2\/categories?post=8146"}],"curies":[{"name":"wp","href":"https:\/\/api.w.org\/{rel}","templated":true}]}}