{"id":8136,"date":"2025-06-13T02:35:00","date_gmt":"2025-06-13T02:35:00","guid":{"rendered":"https:\/\/sinoextrud.com\/product\/aluminium-solar-panel-frame-profile\/"},"modified":"2025-06-24T06:23:09","modified_gmt":"2025-06-24T06:23:09","slug":"hlinikovy-ramovy-profil-solarnich-panelu","status":"publish","type":"product","link":"https:\/\/sinoextrud.com\/cs\/product\/aluminium-solar-panel-frame-profile\/","title":{"rendered":"Hlin\u00edkov\u00fd r\u00e1mov\u00fd profil sol\u00e1rn\u00edch panel\u016f"},"content":{"rendered":"<h2>Podrobnosti o produktech<\/h2>\n<table class=\"custom-table\">\n<tbody>\n<tr>\n<td> 1<\/td>\n<td> Polo\u017eka<\/td>\n<td> Hlin\u00edkov\u00fd r\u00e1mov\u00fd profil sol\u00e1rn\u00edch panel\u016f<\/td>\n<\/tr>\n<tr>\n<td> 2<\/td>\n<td> Materi\u00e1l<\/td>\n<td> Slitina 6063 T5<\/td>\n<\/tr>\n<tr>\n<td> 3<\/td>\n<td> Aplikace<\/td>\n<td> Extrudovan\u00fd hlin\u00edkov\u00fd profil s p\u00edskov\u00e1n\u00edm<\/td>\n<\/tr>\n<tr>\n<td> 4<\/td>\n<td> Certifik\u00e1t<\/td>\n<td> ISO9001, ISO14001<\/td>\n<\/tr>\n<tr>\n<td> 5<\/td>\n<td> Schopnosti<\/td>\n<td> Ro\u010dn\u00ed produkce v\u00edce ne\u017e 200 000 tun<\/td>\n<\/tr>\n<tr>\n<td> 6<\/td>\n<td> Barva<\/td>\n<td> K dispozici na m\u00edru<\/td>\n<\/tr>\n<tr>\n<td> 7<\/td>\n<td> D\u00e9lka<\/td>\n<td> 1-9 metr\u016f nebo na m\u00edru<\/td>\n<\/tr>\n<tr>\n<td> 8<\/td>\n<td> Tlou\u0161\u0165ka<\/td>\n<td> P\u0159izp\u016fsoben\u00e9<\/td>\n<\/tr>\n<tr>\n<td> 9<\/td>\n<td> Povrchov\u00e1 \u00faprava<\/td>\n<td> povrchov\u00e1 \u00faprava ml\u00fdnem, eloxov\u00e1n\u00ed, pr\u00e1\u0161kov\u00e9 lakov\u00e1n\u00ed, p\u0159enos d\u0159ev\u011bn\u00fdch zrn, povlakov\u00e1n\u00ed atd.<\/td>\n<\/tr>\n<tr>\n<td> 10<\/td>\n<td> Aplikace<\/td>\n<td> okenn\u00ed a dve\u0159n\u00ed \u010d\u00e1st, z\u00e1bradl\u00ed, z\u00e1v\u011bsov\u00e1 st\u011bna<\/td>\n<\/tr>\n<tr>\n<td> 11<\/td>\n<td> Nakl\u00e1dac\u00ed port<\/td>\n<td> Shenzhen, Guangzhou, Foshan Port<\/td>\n<\/tr>\n<tr>\n<td> 12<\/td>\n<td> Platba<\/td>\n<td> T\/T, 30% z\u00e1lohov\u00e1 platba, zat\u00edmco z\u016fstatek bude splacen p\u0159ed dod\u00e1n\u00edm<\/td>\n<\/tr>\n<tr>\n<td> 13<\/td>\n<td> Bal\u00ed\u010dek<\/td>\n<td> 1.Inside: baleno s plastovou ochrannou f\u00f3li\u00ed pro ochranu ka\u017ed\u00e9ho profilu<\/td>\n<\/tr>\n<tr>\n<td><\/td>\n<td><\/td>\n<td> 2.Outside: baleno s vod\u011bodoln\u00fdm \u0159emesln\u00fdm pap\u00edrem<\/td>\n<\/tr>\n<tr>\n<td> 14<\/td>\n<td> Dod\u00e1vka<\/td>\n<td> 25-30 dn\u00ed po zaplacen\u00ed z\u00e1lohy<\/td>\n<\/tr>\n<tr>\n<td> 15<\/td>\n<td> Po\u0159ad\u00ed objedn\u00e1vek<\/td>\n<td> 1. Potvr\u010fte v\u00fdkresy, povrchovou \u00fapravu a cenu;<br \/>\n 2. Zapla\u0165te poplatek za formu a my za\u010dneme vyr\u00e1b\u011bt formy;<br \/>\n3. Pro potvrzen\u00ed v\u00e1m za\u0161leme vzorky; <br \/>\n4. Prove\u010fte platbu z\u00e1lohy 30% a zahajte v\u00fdrobu;<\/td>\n<\/tr>\n<\/tbody>\n<\/table>\n<h2>Na\u0161e v\u00fdrobn\u00ed z\u00e1kladna<\/h2>\n<h3>Panorama tov\u00e1rny<\/h3>\n<p><img decoding=\"async\" src=\"\/wp-content\/uploads\/factory-01.webp\"\/><\/p>\n<h3>D\u00edlna na v\u00fdrobu hlin\u00edkov\u00fdch ty\u010d\u00ed<\/h3>\n<p><img decoding=\"async\" src=\"\/wp-content\/uploads\/factory-02.webp\"\/><\/p>\n<\/p>\n<p><img decoding=\"async\" src=\"\/wp-content\/uploads\/factory-03.webp\"\/><\/p>\n<h3>Sklad pl\u00edsn\u00ed<\/h3>\n<p><img decoding=\"async\" src=\"\/wp-content\/uploads\/factory-04.webp\"\/><\/p>\n<h3>43 linek na vytla\u010dov\u00e1n\u00ed hlin\u00edku (500 - 5500 tun)<\/h3>\n<p><img decoding=\"async\" src=\"\/wp-content\/uploads\/factory-05.webp\"\/><\/p>\n<p><img decoding=\"async\" src=\"\/wp-content\/uploads\/factory-06.webp\"\/><\/p>\n<p><img decoding=\"async\" src=\"\/wp-content\/uploads\/factory-07.webp\"\/><\/p>\n<h3>D\u00edlna pr\u00e1\u0161kov\u00e9ho lakov\u00e1n\u00ed<\/h3>\n<p><img decoding=\"async\" src=\"\/wp-content\/uploads\/factory-09.webp\"\/><\/p>\n<h3>D\u00edlna eloxov\u00e1n\u00ed<\/h3>\n<p><img decoding=\"async\" src=\"\/wp-content\/uploads\/factory-10.webp\"\/><\/p>\n<h3>Workshop o hloubkov\u00e9m zpracov\u00e1n\u00ed<\/h3>\n<p><img decoding=\"async\" src=\"\/wp-content\/uploads\/factory-11.webp\"\/><\/p>\n<h3>D\u00edlna CNC p\u0159esn\u00e9ho obr\u00e1b\u011bn\u00ed<\/h3>\n<p><img decoding=\"async\" src=\"\/wp-content\/uploads\/factory-11.5.webp\"\/><\/p>\n<h3>Sklad hotov\u00fdch v\u00fdrobk\u016f a exportn\u00ed sklad<\/h3>\n<p><img decoding=\"async\" src=\"\/wp-content\/uploads\/factory-12.webp\"\/><\/p>\n<p><img decoding=\"async\" src=\"\/wp-content\/uploads\/factory-13.webp\"\/><\/p>\n<p><img decoding=\"async\" src=\"\/wp-content\/uploads\/factory-14.webp\"\/><\/p>\n<h2>\u010cASTO KLADEN\u00c9 DOTAZY<\/h2>\n<p><b>1.Jak\u00e9 jsou hlavn\u00ed v\u00fdhody hlin\u00edkov\u00e9ho r\u00e1mu pro sol\u00e1rn\u00ed panely?<\/b><\/p>\n<p>Hlin\u00edkov\u00fd r\u00e1mov\u00fd profil pro sol\u00e1rn\u00ed panely nab\u00edz\u00ed trvanlivost, odolnost proti korozi, lehkou manipulaci a p\u0159izp\u016fsobiteln\u00e9 proveden\u00ed pro robustn\u00ed instalace sol\u00e1rn\u00edch panel\u016f.\n<\/p>\n<p><\/p>\n<p><b>2.Jak hlin\u00edkov\u00fd r\u00e1mov\u00fd profil sol\u00e1rn\u00edch panel\u016f zlep\u0161uje \u017eivotnost sol\u00e1rn\u00edch panel\u016f?<\/b><\/p>\n<p>Hlin\u00edk odoln\u00fd proti korozi zaji\u0161\u0165uje dlouhodobou ochranu sol\u00e1rn\u00edch panel\u016f a zabra\u0148uje po\u0161kozen\u00ed vlivem okoln\u00edch faktor\u016f, jako je vlhkost a UV z\u00e1\u0159en\u00ed.\n<\/p>\n<p><\/p>\n<p><b>3.Je instalace hlin\u00edkov\u00e9ho r\u00e1mu sol\u00e1rn\u00edch panel\u016f snadn\u00e1?<\/b><\/p>\n<p>Ano, jeho lehk\u00e1 konstrukce usnad\u0148uje manipulaci a instalaci, co\u017e pom\u00e1h\u00e1 sn\u00ed\u017eit n\u00e1klady na pracovn\u00ed s\u00edlu a dobu instalace.\n<\/p>\n<p><\/p>\n<p><b>4.M\u016f\u017ee b\u00fdt profil hlin\u00edkov\u00e9ho r\u00e1mu sol\u00e1rn\u00edho panelu p\u0159izp\u016fsoben?<\/b><\/p>\n<p>Ano, nab\u00edz\u00ed flexibiln\u00ed mo\u017enosti pro \u0161irokou \u0161k\u00e1lu velikost\u00ed a konfigurac\u00ed sol\u00e1rn\u00edch panel\u016f pro r\u016fzn\u00e9 pot\u0159eby instalace.\n<\/p>\n<p><\/p>\n<p><b>5.Jak siln\u00fd je hlin\u00edkov\u00fd r\u00e1mov\u00fd profil sol\u00e1rn\u00edch panel\u016f?<\/b><\/p>\n<p>Poskytuje vynikaj\u00edc\u00ed konstruk\u010dn\u00ed pevnost a zaji\u0161\u0165uje spolehlivou oporu a stabilitu sol\u00e1rn\u00edch panel\u016f v r\u016fzn\u00fdch okoln\u00edch podm\u00ednk\u00e1ch, v\u010detn\u011b siln\u00e9ho v\u011btru a hust\u00e9ho sn\u011b\u017een\u00ed.\n<\/p>\n<p><\/p>\n<p><b>6.Pro\u010d se pro r\u00e1my sol\u00e1rn\u00edch panel\u016f pou\u017e\u00edv\u00e1 hlin\u00edk?<\/b><\/p>\n<p>Hlin\u00edk je lehk\u00fd, trvanliv\u00fd a odoln\u00fd proti korozi, co\u017e z n\u011bj \u010din\u00ed ide\u00e1ln\u00ed materi\u00e1l pro r\u00e1my sol\u00e1rn\u00edch panel\u016f s dlouhou \u017eivotnost\u00ed.\n<\/p>\n<p><\/p>\n<p><b>7.Jak n\u00e1kladov\u011b efektivn\u00ed je profil hlin\u00edkov\u00e9ho r\u00e1mu sol\u00e1rn\u00edho panelu?<\/b><\/p>\n<p>Nab\u00edz\u00ed cenov\u011b dostupn\u00e9 \u0159e\u0161en\u00ed pro instalaci sol\u00e1rn\u00edch panel\u016f, kter\u00e9 kombinuje pevnost, odolnost a snadn\u00e9 pou\u017eit\u00ed za konkurenceschopnou cenu.\n<\/p>\n<p><\/p>","protected":false},"featured_media":8135,"template":"","categories":[54],"class_list":["post-8136","product","type-product","status-publish","has-post-thumbnail","hentry","category-industrial-aluminum-profiles"],"meta_box":{"hilight_text_group":{"product_hilight_text":"<li>Durable and corrosion-resistant aluminum construction, ensuring long-lasting protection for solar panels.<\/li>\r\r\n<li>Lightweight design, making it easy to handle and install, reducing labor costs.<\/li>\r\r\n<li>Excellent structural strength, providing reliable support for solar panels in various weather conditions.<\/li>\r\r\n<li>Customizable profile options to fit a wide range of solar panel sizes and configurations.<\/li>\r\r\n<li>Cost-effective solution for building robust and efficient solar panel frames for renewable energy systems.<\/li>","product_chanpin_blog":"<ul>\r\r\n<li><a href=\"https:\/\/sinoextrud.com\/t-slot-v-slot-differences\/\" target=\"_blank\">t slot vs v slot<\/a><\/li>\r\r\n<li><a href=\"https:\/\/sinoextrud.com\/what-is-4040-aluminium-extrud\/\" target=\"_blank\">4040 aluminium extrusion<\/a><\/li>\r\r\n<li><a href=\"https:\/\/sinoextrud.com\/what-is-4040-aluminium-extrud\/\" target=\"_blank\">aluminum extrusions for industrial racks<\/a><\/li>\r\r\n<li><a href=\"https:\/\/sinoextrud.com\/powder-coating-aluminium-process\/\" target=\"_blank\">powder coating aluminium<\/a><\/li>\r\r\n<li><a href=\"https:\/\/sinoextrud.com\/what-is-an-aluminium-strip-ceiling\/\" target=\"_blank\">aluminium strip ceiling<\/a><\/li>\r\r\n<li><a href=\"https:\/\/sinoextrud.com\/what-is-a-heat-sink\/\" target=\"_blank\">what is a heat sink<\/a><\/li>\r\r\n<\/ul>","product_chanpin_chanpin":"<li><a href=\"https:\/\/sinoextrud.com\/product\/aluminium-profile-h\/\" target=\"_blank\">Aluminium Profile H<\/a><\/li>\r\n<li><a href=\"https:\/\/sinoextrud.com\/product\/aluminium-profiles-and-accessories\/\" target=\"_blank\">Aluminium Profiles And Accessories<\/a><\/li>\r\n<li><a href=\"https:\/\/sinoextrud.com\/product\/aluminium-sections-for-glazing\/\" target=\"_blank\">Aluminium Sections For Glazing<\/a><\/li>\r\n<li><a href=\"https:\/\/sinoextrud.com\/product\/aluminium-slotted-channel\/\" target=\"_blank\">Aluminium Slotted Channel<\/a><\/li>\r\n<li><a href=\"https:\/\/sinoextrud.com\/product\/aluminium-solar-panel-frame-profile\/\" target=\"_blank\">Aluminium Solar Panel Frame Profile<\/a><\/li>\r\n<li><a href=\"https:\/\/sinoextrud.com\/product\/aluminium-t-bar-extrusions\/\" target=\"_blank\">Aluminium T Bar Extrusions<\/a><\/li>\r\n<li><a href=\"https:\/\/sinoextrud.com\/product\/aluminium-transport-extrusions\/\" target=\"_blank\">Aluminium Transport Extrusions<\/a><\/li>\r\n<li><a href=\"https:\/\/sinoextrud.com\/product\/aluminum-extruded-enclosure-for-power-supply\/\" target=\"_blank\">Aluminum Extruded Enclosure For Power Supply<\/a><\/li>\r\n<li><a href=\"https:\/\/sinoextrud.com\/product\/aluminum-extrusion-industry\/\" target=\"_blank\">Aluminum Extrusion Industry<\/a><\/li>\r\n<li><a href=\"https:\/\/sinoextrud.com\/product\/aluminum-fireproof-outdoor-terracce-decking-floor\/\" target=\"_blank\">Aluminum Fireproof Outdoor Terracce Decking Floor<\/a><\/li>\r\n<li><a href=\"https:\/\/sinoextrud.com\/product\/aluminum-extrusion-frame\/\" target=\"_blank\">Aluminum Extrusion Frame<\/a><\/li>"},"feature_list":[]},"_links":{"self":[{"href":"https:\/\/sinoextrud.com\/cs\/wp-json\/wp\/v2\/product\/8136","targetHints":{"allow":["GET"]}}],"collection":[{"href":"https:\/\/sinoextrud.com\/cs\/wp-json\/wp\/v2\/product"}],"about":[{"href":"https:\/\/sinoextrud.com\/cs\/wp-json\/wp\/v2\/types\/product"}],"wp:featuredmedia":[{"embeddable":true,"href":"https:\/\/sinoextrud.com\/cs\/wp-json\/wp\/v2\/media\/8135"}],"wp:attachment":[{"href":"https:\/\/sinoextrud.com\/cs\/wp-json\/wp\/v2\/media?parent=8136"}],"wp:term":[{"taxonomy":"category","embeddable":true,"href":"https:\/\/sinoextrud.com\/cs\/wp-json\/wp\/v2\/categories?post=8136"}],"curies":[{"name":"wp","href":"https:\/\/api.w.org\/{rel}","templated":true}]}}