{"id":8132,"date":"2025-06-13T02:30:07","date_gmt":"2025-06-13T02:30:07","guid":{"rendered":"https:\/\/sinoextrud.com\/product\/aluminium-sections-for-glazing\/"},"modified":"2025-06-24T06:23:09","modified_gmt":"2025-06-24T06:23:09","slug":"hlinikove-profily-pro-zasklivani","status":"publish","type":"product","link":"https:\/\/sinoextrud.com\/cs\/product\/aluminium-sections-for-glazing\/","title":{"rendered":"Hlin\u00edkov\u00e9 profily pro zaskl\u00edv\u00e1n\u00ed"},"content":{"rendered":"<h2>Podrobnosti o produktech<\/h2>\n<table class=\"custom-table\">\n<tr>\n<td class=\"label\">Polo\u017eka modelu.:<\/td>\n<td> Hlin\u00edkov\u00e9 profily pro zaskl\u00edv\u00e1n\u00ed<\/td>\n<\/tr>\n<tr>\n<td class=\"label\">Povrchov\u00e1 \u00faprava:<\/td>\n<td> Post\u0159ikov\u00e1n\u00ed pr\u00e1\u0161kem<\/td>\n<\/tr>\n<tr>\n<td class=\"label\">Leguj\u00edc\u00ed slo\u017eka:<\/td>\n<td> 6063<\/td>\n<\/tr>\n<tr>\n<td class=\"label\">Certifikace:<\/td>\n<td> CE, SONCAP, ISO, CIQ, RoHS, TUV<\/td>\n<\/tr>\n<tr>\n<td class=\"label\">Profil z le\u0161t\u011bn\u00e9ho hlin\u00edku:<\/td>\n<td> Mechanick\u00e9 le\u0161t\u011bn\u00ed<\/td>\n<\/tr>\n<tr>\n<td class=\"label\">Materi\u00e1l:<\/td>\n<td> 6063-T5, 6061-T6, 6463-T5, 7075-T6, 6082<\/td>\n<\/tr>\n<tr>\n<td class=\"label\">\u00da\u010del:<\/td>\n<td> N\u00e1bytek, okna a dve\u0159e, dekorace, pr\u016fmysl<\/td>\n<\/tr>\n<tr>\n<td class=\"label\">MOQ:<\/td>\n<td> 200 kg pro ka\u017ed\u00fd profil<\/td>\n<\/tr>\n<tr>\n<td class=\"label\">Slu\u017eba OEM:<\/td>\n<td> Na z\u00e1klad\u011b v\u00fdkres\u016f nebo vzork\u016f navr\u017een\u00fdch z\u00e1kazn\u00edkem<\/td>\n<\/tr>\n<tr>\n<td class=\"label\">Povrchov\u00e1 \u00faprava:<\/td>\n<td> eloxov\u00e1n\u00ed \/ elektrofor\u00e9za \/ pr\u00e1\u0161kov\u00e9 lakov\u00e1n\u00ed atd.<\/td>\n<\/tr>\n<tr>\n<td class=\"label\">Hloubkov\u00e9 zpracov\u00e1n\u00ed:<\/td>\n<td> D\u011brov\u00e1n\u00ed, vrt\u00e1n\u00ed, vrt\u00e1n\u00ed s p\u0159\u00edklepem, oh\u00fdb\u00e1n\u00ed<\/td>\n<\/tr>\n<tr>\n<td class=\"label\">Doba dod\u00e1n\u00ed:<\/td>\n<td> 25-30 dn\u00ed po vzorku je Confrimed kupuj\u00edc\u00edmi<\/td>\n<\/tr>\n<tr>\n<td class=\"label\">Term\u00edn vypo\u0159\u00e1d\u00e1n\u00ed:<\/td>\n<td> Z\u00e1v\u011bre\u010dn\u00e1 platba se prov\u00e1d\u00ed na z\u00e1klad\u011b kone\u010dn\u00e9 skute\u010dn\u00e9 hodnoty Physi<\/td>\n<\/tr>\n<tr>\n<td class=\"label\">Z\u00e1ruka v\u00fdroby:<\/td>\n<td> Barva povrchu je schopna vydr\u017eet 10 ~ 20 let F<\/td>\n<\/tr>\n<tr>\n<td class=\"label\">P\u0159\u00edstav:<\/td>\n<td> Fob Shenzhen, Guangzhou, Foshan<\/td>\n<\/tr>\n<tr>\n<td class=\"label\">Ochrann\u00e1 zn\u00e1mka:<\/td>\n<td> Sinoextrud &amp; Sinoextrud<\/td>\n<\/tr>\n<tr>\n<td class=\"label\">P\u0159epravn\u00ed bal\u00ed\u010dek:<\/td>\n<td> Norm\u00e1ln\u00ed nebo p\u0159izp\u016fsoben\u00e9<\/td>\n<\/tr>\n<tr>\n<td class=\"label\">Specifikace:<\/td>\n<td> Dle po\u017eadavku klienta<\/td>\n<\/tr>\n<tr>\n<td class=\"label\">P\u016fvod:<\/td>\n<td> \u010c\u00ednsk\u00e1 pevnina<\/td>\n<\/tr>\n<tr>\n<td class=\"label\">K\u00f3d HS:<\/td>\n<td> 76042100\n<\/td>\n<\/tr>\n<\/table>\n<h2>Na\u0161e v\u00fdrobn\u00ed z\u00e1kladna<\/h2>\n<h3>Panorama tov\u00e1rny<\/h3>\n<p><img decoding=\"async\" src=\"\/wp-content\/uploads\/factory-01.webp\"\/><\/p>\n<h3>D\u00edlna na v\u00fdrobu hlin\u00edkov\u00fdch ty\u010d\u00ed<\/h3>\n<p><img decoding=\"async\" src=\"\/wp-content\/uploads\/factory-02.webp\"\/><\/p>\n<p><img decoding=\"async\" src=\"\/wp-content\/uploads\/factory-03.webp\"\/><\/p>\n<h3>Sklad pl\u00edsn\u00ed<\/h3>\n<p><img decoding=\"async\" src=\"\/wp-content\/uploads\/factory-04.webp\"\/><\/p>\n<h3>43 linek na vytla\u010dov\u00e1n\u00ed hlin\u00edku (500 - 5500 tun)<\/h3>\n<p><img decoding=\"async\" src=\"\/wp-content\/uploads\/factory-05.webp\"\/><\/p>\n<p><img decoding=\"async\" src=\"\/wp-content\/uploads\/factory-06.webp\"\/><\/p>\n<p><img decoding=\"async\" src=\"\/wp-content\/uploads\/factory-07.webp\"\/><\/p>\n<h3>D\u00edlna pr\u00e1\u0161kov\u00e9ho lakov\u00e1n\u00ed<\/h3>\n<p><img decoding=\"async\" src=\"\/wp-content\/uploads\/factory-09.webp\"\/><\/p>\n<h3>D\u00edlna eloxov\u00e1n\u00ed<\/h3>\n<p><img decoding=\"async\" src=\"\/wp-content\/uploads\/factory-10.webp\"\/><\/p>\n<h3>Workshop o hloubkov\u00e9m zpracov\u00e1n\u00ed<\/h3>\n<p><img decoding=\"async\" src=\"\/wp-content\/uploads\/factory-11.webp\"\/><\/p>\n<h3>D\u00edlna CNC p\u0159esn\u00e9ho obr\u00e1b\u011bn\u00ed<\/h3>\n<p><img decoding=\"async\" src=\"\/wp-content\/uploads\/factory-11.5.webp\"\/><\/p>\n<h3>Sklad hotov\u00fdch v\u00fdrobk\u016f a exportn\u00ed sklad<\/h3>\n<p><img decoding=\"async\" src=\"\/wp-content\/uploads\/factory-12.webp\"\/><\/p>\n<p><img decoding=\"async\" src=\"\/wp-content\/uploads\/factory-13.webp\"\/><\/p>\n<p><img decoding=\"async\" src=\"\/wp-content\/uploads\/factory-14.webp\"\/><\/p>\n<h2>\u010cASTO KLADEN\u00c9 DOTAZY<\/h2>\n<p><p><b>1.Pro\u010d jsou hlin\u00edkov\u00e9 profily pro zaskl\u00edv\u00e1n\u00ed vhodn\u00e9 pro zaskl\u00edv\u00e1n\u00ed? <\/b><\/p>\n<p> Hlin\u00edkov\u00e9 profily pro zaskl\u00edv\u00e1n\u00ed poskytuj\u00ed pevnou a bezpe\u010dnou oporu a zvy\u0161uj\u00ed struktur\u00e1ln\u00ed integritu zaskl\u00edvac\u00edch syst\u00e9m\u016f, tak\u017ee jsou ide\u00e1ln\u00ed pro aplikace v oknech, z\u00e1v\u011bsn\u00fdch st\u011bn\u00e1ch a fas\u00e1d\u00e1ch.<br \/>\n<\/p><br \/>\n<br \/>\n<p><b>2.Mohou b\u00fdt hlin\u00edkov\u00e9 profily pro zaskl\u00edv\u00e1n\u00ed p\u0159izp\u016fsobeny? <\/b><\/p>\n<p> Ano, tyto profily lze p\u0159izp\u016fsobit z hlediska velikosti, designu a povrchov\u00e9 \u00fapravy tak, aby vyhovovaly specifick\u00fdm pot\u0159eb\u00e1m r\u016fzn\u00fdch projekt\u016f zaskl\u00edv\u00e1n\u00ed.<br \/>\n<\/p><br \/>\n<br \/>\n<p><b>3.Jak odoln\u00e9 jsou hlin\u00edkov\u00e9 profily pro zaskl\u00edv\u00e1n\u00ed? <\/b><\/p>\n<p> Hlin\u00edkov\u00e9 profily jsou odoln\u00e9 proti korozi a jsou navr\u017eeny tak, aby odol\u00e1valy r\u016fzn\u00fdm podm\u00ednk\u00e1m prost\u0159ed\u00ed, co\u017e zaru\u010duje dlouhou \u017eivotnost a v\u00fdkon.<br \/>\n<\/p><br \/>\n<br \/>\n<p><b>4.Pro jak\u00e1 pr\u016fmyslov\u00e1 odv\u011btv\u00ed je pou\u017eit\u00ed hlin\u00edkov\u00fdch profil\u016f pro zaskl\u00edv\u00e1n\u00ed v\u00fdhodn\u00e9? <\/b><\/p>\n<p> Tyto profily se b\u011b\u017en\u011b pou\u017e\u00edvaj\u00ed ve stavebnictv\u00ed, architektu\u0159e a energetice pro aplikace, jako jsou okna, sklen\u011bn\u00e9 fas\u00e1dy a z\u00e1v\u011bsn\u00e9 st\u011bny.<br \/>\n<\/p><br \/>\n<br \/>\n<p><b>5.Je instalace hlin\u00edkov\u00fdch profil\u016f pro zasklen\u00ed snadn\u00e1? <\/b><\/p>\n<p> Ano, jsou lehk\u00e9, snadno se s nimi manipuluje a jsou navr\u017eeny pro rychlou mont\u00e1\u017e, co\u017e sni\u017euje dobu instalace a n\u00e1klady na pr\u00e1ci.<br \/>\n<\/p><br \/>\n<br \/>\n<p><b>6.Jak hlin\u00edkov\u00e9 profily pro zasklen\u00ed zlep\u0161uj\u00ed energetickou \u00fa\u010dinnost? <\/b><\/p>\n<p> Jejich konstrukce zahrnuje \u00fa\u010dinnou tepelnou izolaci, kter\u00e1 sni\u017euje energetick\u00e9 ztr\u00e1ty a zlep\u0161uje celkovou energetickou \u00fa\u010dinnost zaskl\u00edvac\u00edch syst\u00e9m\u016f.<br \/>\n<\/p><br \/>\n<br \/>\n<p><b>7.Jsou hlin\u00edkov\u00e9 profily pro zaskl\u00edv\u00e1n\u00ed \u0161etrn\u00e9 k \u017eivotn\u00edmu prost\u0159ed\u00ed? <\/b><\/p>\n<p> Ano, hlin\u00edk je 100% recyklovateln\u00fd, tak\u017ee tyto profily jsou ekologickou volbou pro udr\u017eiteln\u00e9 stavebn\u00ed projekty.<br \/>\n<\/p><br \/><\/p>","protected":false},"featured_media":8131,"template":"","categories":[54],"class_list":["post-8132","product","type-product","status-publish","has-post-thumbnail","hentry","category-industrial-aluminum-profiles"],"meta_box":{"hilight_text_group":{"product_hilight_text":"<li>High-strength aluminum sections specifically designed for glazing applications<\/li>\r\r\n<li>Corrosion-resistant, ensuring durability and long-lasting performance in all weather conditions<\/li>\r\r\n<li>Provides a secure and reliable frame for glazing systems, enhancing structural integrity<\/li>\r\r\n<li>Customizable sizes and designs to meet specific glazing project requirements<\/li>\r\r\n<li>Lightweight yet robust, ensuring easy handling and installation<\/li>\r\r\n<li>Efficient thermal and sound insulation properties, improving energy efficiency<\/li>\r\r\n<li>Environmentally friendly, made from recyclable aluminum material<\/li>","product_chanpin_blog":"<ul>\r\r\n<li><a href=\"https:\/\/sinoextrud.com\/t-slot-v-slot-differences\/\" target=\"_blank\">t slot vs v slot<\/a><\/li>\r\r\n<li><a href=\"https:\/\/sinoextrud.com\/what-is-4040-aluminium-extrud\/\" target=\"_blank\">4040 aluminium extrusion<\/a><\/li>\r\r\n<li><a href=\"https:\/\/sinoextrud.com\/what-is-4040-aluminium-extrud\/\" target=\"_blank\">aluminum extrusions for industrial racks<\/a><\/li>\r\r\n<li><a href=\"https:\/\/sinoextrud.com\/powder-coating-aluminium-process\/\" target=\"_blank\">powder coating aluminium<\/a><\/li>\r\r\n<li><a href=\"https:\/\/sinoextrud.com\/what-is-an-aluminium-strip-ceiling\/\" target=\"_blank\">aluminium strip ceiling<\/a><\/li>\r\r\n<li><a href=\"https:\/\/sinoextrud.com\/what-is-a-heat-sink\/\" target=\"_blank\">what is a heat sink<\/a><\/li>\r\r\n<\/ul>","product_chanpin_chanpin":"<li><a href=\"https:\/\/sinoextrud.com\/product\/aluminium-lipped-channel-extrusions\/\" target=\"_blank\">Aluminium Lipped Channel Extrusions<\/a><\/li>\r\n<li><a href=\"https:\/\/sinoextrud.com\/product\/aluminium-profile-for-glass-railing\/\" target=\"_blank\">Aluminium Profile For Glass Railing<\/a><\/li>\r\n<li><a href=\"https:\/\/sinoextrud.com\/product\/aluminium-profile-h\/\" target=\"_blank\">Aluminium Profile H<\/a><\/li>\r\n<li><a href=\"https:\/\/sinoextrud.com\/product\/aluminium-profiles-and-accessories\/\" target=\"_blank\">Aluminium Profiles And Accessories<\/a><\/li>\r\n<li><a href=\"https:\/\/sinoextrud.com\/product\/aluminium-sections-for-glazing\/\" target=\"_blank\">Aluminium Sections For Glazing<\/a><\/li>\r\n<li><a href=\"https:\/\/sinoextrud.com\/product\/aluminium-slotted-channel\/\" target=\"_blank\">Aluminium Slotted Channel<\/a><\/li>\r\n<li><a href=\"https:\/\/sinoextrud.com\/product\/aluminium-solar-panel-frame-profile\/\" target=\"_blank\">Aluminium Solar Panel Frame Profile<\/a><\/li>\r\n<li><a href=\"https:\/\/sinoextrud.com\/product\/aluminium-t-bar-extrusions\/\" target=\"_blank\">Aluminium T Bar Extrusions<\/a><\/li>\r\n<li><a href=\"https:\/\/sinoextrud.com\/product\/aluminium-transport-extrusions\/\" target=\"_blank\">Aluminium Transport Extrusions<\/a><\/li>\r\n<li><a href=\"https:\/\/sinoextrud.com\/product\/anodized-aluminum-handrail\/\" target=\"_blank\">Anodized Aluminum Handrail<\/a><\/li>\r\n<li><a href=\"https:\/\/sinoextrud.com\/product\/customized-powder-coated-anodized-aluminium-extrusion-profile-roller-shutter-supplier\/\" target=\"_blank\">Customized Powder Coated Anodized Aluminium Extrusion Profile Roller Shutter Supplier<\/a><\/li>"},"feature_list":[]},"_links":{"self":[{"href":"https:\/\/sinoextrud.com\/cs\/wp-json\/wp\/v2\/product\/8132","targetHints":{"allow":["GET"]}}],"collection":[{"href":"https:\/\/sinoextrud.com\/cs\/wp-json\/wp\/v2\/product"}],"about":[{"href":"https:\/\/sinoextrud.com\/cs\/wp-json\/wp\/v2\/types\/product"}],"wp:featuredmedia":[{"embeddable":true,"href":"https:\/\/sinoextrud.com\/cs\/wp-json\/wp\/v2\/media\/8131"}],"wp:attachment":[{"href":"https:\/\/sinoextrud.com\/cs\/wp-json\/wp\/v2\/media?parent=8132"}],"wp:term":[{"taxonomy":"category","embeddable":true,"href":"https:\/\/sinoextrud.com\/cs\/wp-json\/wp\/v2\/categories?post=8132"}],"curies":[{"name":"wp","href":"https:\/\/api.w.org\/{rel}","templated":true}]}}