{"id":8126,"date":"2025-06-13T02:21:40","date_gmt":"2025-06-13T02:21:40","guid":{"rendered":"https:\/\/sinoextrud.com\/product\/aluminium-profile-for-glass-railing\/"},"modified":"2025-06-24T06:23:08","modified_gmt":"2025-06-24T06:23:08","slug":"hlinikovy-profil-pro-sklenene-zabradli","status":"publish","type":"product","link":"https:\/\/sinoextrud.com\/cs\/product\/aluminium-profile-for-glass-railing\/","title":{"rendered":"Hlin\u00edkov\u00fd profil pro sklen\u011bn\u00e9 z\u00e1bradl\u00ed"},"content":{"rendered":"<h2>Podrobnosti o produktech<\/h2>\n<table class=\"custom-table\">\n<tr>\n<td class=\"label\">N\u00e1zev polo\u017eky<\/td>\n<td>Hlin\u00edkov\u00fd profil pro sklen\u011bn\u00e9 z\u00e1bradl\u00ed<\/td>\n<\/tr>\n<tr>\n<td class=\"label\">Stupe\u0148 materi\u00e1lu<\/td>\n<td>Slitina \u0159ady 6000<\/td>\n<\/tr>\n<tr>\n<td class=\"label\">Temperament<\/td>\n<td>T5-T6<\/td>\n<\/tr>\n<tr>\n<td class=\"label\">Technologie<\/td>\n<td>Vytla\u010dov\u00e1n\u00ed hlin\u00edku<\/td>\n<\/tr>\n<tr>\n<td class=\"label\">Povrchov\u00e1 \u00faprava<\/td>\n<td>Povrchov\u00e1 \u00faprava fr\u00e9zov\u00e1n\u00edm, eloxov\u00e1n\u00edm, pr\u00e1\u0161kov\u00fdm lakov\u00e1n\u00edm, p\u00edskov\u00e1n\u00edm, d\u0159ev\u011bn\u00fdm zrnem, elektrofor\u00e9zou atd.<\/td>\n<\/tr>\n<tr>\n<td class=\"label\">Barva<\/td>\n<td>St\u0159\u00edb\u0159it\u011b b\u00edl\u00e1, \u010dern\u00e1, zlat\u00e1, \u0161ampa\u0148sk\u00e1, tmav\u011b bronzov\u00e1 nebo podle va\u0161ich po\u017eadavk\u016f.<\/td>\n<\/tr>\n<tr>\n<td class=\"label\">Norm\u00e1ln\u00ed tlou\u0161\u0165ka eloxov\u00e1n\u00ed<\/td>\n<td>8-12 mikro<\/td>\n<\/tr>\n<tr>\n<td class=\"label\">Tlou\u0161\u0165ka povlaku Normal Power<\/td>\n<td>60-100 mikro<\/td>\n<\/tr>\n<tr>\n<td class=\"label\">Tvar<\/td>\n<td>\u010ctvercov\u00e9, kulat\u00e9, ploch\u00e9 nebo podle v\u00fdkres\u016f z\u00e1kazn\u00edk\u016f.<\/td>\n<\/tr>\n<tr>\n<td class=\"label\">D\u00e9lka<\/td>\n<td>Standardn\u00ed d\u00e9lka v\u00fdvozu je 5,8 m, eloxov\u00e1n\u00ed maxim\u00e1ln\u011b 6,5 m, povrchov\u00e1 \u00faprava fr\u00e9zou maxim\u00e1ln\u011b 13 m.<\/td>\n<\/tr>\n<tr>\n<td class=\"label\">Hloubkov\u00e9 zpracov\u00e1n\u00ed<\/td>\n<td>\u0159ez\u00e1n\u00ed, vrt\u00e1n\u00ed, d\u011brov\u00e1n\u00ed, oh\u00fdb\u00e1n\u00ed atd.<\/td>\n<\/tr>\n<tr>\n<td class=\"label\">2D&amp;3D design<\/td>\n<td>1: 4 design\u00e9\u0159i v odd\u011blen\u00ed designu a v\u00fdvoje<br \/>\n2: Auto CAD, 3D, AI, SLD, PRT. IGS, PDF, JPEG atd.<\/td>\n<\/tr>\n<tr>\n<td class=\"label\">In\u017een\u00fdrstv\u00ed a n\u00e1stroje<\/td>\n<td>1: 8 in\u017een\u00fdr\u016f v lisovn\u011b.<br \/>\n2: Pou\u017eijte extrud\u00e9r s vysokou ton\u00e1\u017e\u00ed, dr\u00e1tov\u00e9 elektroerozivn\u00ed obr\u00e1b\u011bn\u00ed, CNC, vrtac\u00ed stroje atd.<\/td>\n<\/tr>\n<tr>\n<td class=\"label\">Kontrola kvality<\/td>\n<td>1.SO Schv\u00e1leno.<br \/>\n2.CE Approved<br \/>\n3.Kontrola na m\u00edst\u011b.<br \/>\n4.Kontrola p\u0159ed odesl\u00e1n\u00edm.<br \/>\n5.Testovac\u00ed stroj.<\/td>\n<\/tr>\n<tr>\n<td class=\"label\">Podrobnosti o balen\u00ed<\/td>\n<td>1.EP Pap\u00edr uvnit\u0159 pro ka\u017ed\u00fd profil zvl\u00e1\u0161\u0165, pak \u0159emesln\u00fd pap\u00edr venku<br \/>\n2.EP Pap\u00edr uvnit\u0159 pro ka\u017ed\u00fd profil zvl\u00e1\u0161\u0165, pak kartonov\u00fd pap\u00edr a pak paleta<br \/>\n3. Smr\u0161\u0165ovac\u00ed f\u00f3lie<br \/>\n4.wooden karton<\/td>\n<\/tr>\n<tr>\n<td class=\"label\">Dod\u00e1vka<\/td>\n<td>20-25 dn\u00ed po obdr\u017een\u00ed z\u00e1lohy<\/td>\n<\/tr>\n<tr>\n<td class=\"label\">Term\u00edn platby<\/td>\n<td>T\/T, L\/C<\/td>\n<\/tr>\n<\/table>\n<h2>Na\u0161e v\u00fdrobn\u00ed z\u00e1kladna<\/h2>\n<h3>Panorama tov\u00e1rny<\/h3>\n<p><img decoding=\"async\" src=\"\/wp-content\/uploads\/factory-01.webp\"\/><\/p>\n<h3>D\u00edlna na v\u00fdrobu hlin\u00edkov\u00fdch ty\u010d\u00ed<\/h3>\n<p><img decoding=\"async\" src=\"\/wp-content\/uploads\/factory-02.webp\"\/><\/p>\n<p><img decoding=\"async\" src=\"\/wp-content\/uploads\/factory-03.webp\"\/><\/p>\n<h3>Sklad pl\u00edsn\u00ed<\/h3>\n<p><img decoding=\"async\" src=\"\/wp-content\/uploads\/factory-04.webp\"\/><\/p>\n<h3>43 linek na vytla\u010dov\u00e1n\u00ed hlin\u00edku (500 - 5500 tun)<\/h3>\n<p><img decoding=\"async\" src=\"\/wp-content\/uploads\/factory-05.webp\"\/><\/p>\n<p><img decoding=\"async\" src=\"\/wp-content\/uploads\/factory-06.webp\"\/><\/p>\n<p><img decoding=\"async\" src=\"\/wp-content\/uploads\/factory-07.webp\"\/><\/p>\n<h3>D\u00edlna pr\u00e1\u0161kov\u00e9ho lakov\u00e1n\u00ed<\/h3>\n<p><img decoding=\"async\" src=\"\/wp-content\/uploads\/factory-09.webp\"\/><\/p>\n<h3>D\u00edlna eloxov\u00e1n\u00ed<\/h3>\n<p><img decoding=\"async\" src=\"\/wp-content\/uploads\/factory-10.webp\"\/><\/p>\n<h3>Workshop o hloubkov\u00e9m zpracov\u00e1n\u00ed<\/h3>\n<p><img decoding=\"async\" src=\"\/wp-content\/uploads\/factory-11.webp\"\/><\/p>\n<h3>D\u00edlna CNC p\u0159esn\u00e9ho obr\u00e1b\u011bn\u00ed<\/h3>\n<p><img decoding=\"async\" src=\"\/wp-content\/uploads\/factory-11.5.webp\"\/><\/p>\n<h3>Sklad hotov\u00fdch v\u00fdrobk\u016f a exportn\u00ed sklad<\/h3>\n<p><img decoding=\"async\" src=\"\/wp-content\/uploads\/factory-12.webp\"\/><\/p>\n<p><img decoding=\"async\" src=\"\/wp-content\/uploads\/factory-13.webp\"\/><\/p>\n<p><img decoding=\"async\" src=\"\/wp-content\/uploads\/factory-14.webp\"\/><\/p>\n<h2>\u010cASTO KLADEN\u00c9 DOTAZY<\/h2>\n<p><p><b>1.Pro\u010d je hlin\u00edkov\u00fd profil pro sklen\u011bn\u00e9 z\u00e1bradl\u00ed ide\u00e1ln\u00ed pro modern\u00ed architektonick\u00e9 n\u00e1vrhy? <\/b><\/p>\n<p> Elegantn\u00ed a modern\u00ed estetika hlin\u00edkov\u00fdch profil\u016f vylep\u0161uje vzhled sklen\u011bn\u00fdch z\u00e1bradl\u00ed a je ide\u00e1ln\u00ed pro modern\u00ed design.<br \/>\n<\/p><br \/>\n<br \/>\n<p><b>2.Can hlin\u00edkov\u00fd profil pro sklen\u011bn\u00e9 z\u00e1bradl\u00ed b\u00fdt p\u0159izp\u016fsoben? <\/b><\/p>\n<p> Ano, profily lze p\u0159izp\u016fsobit velikosti, tvaru a povrchov\u00e9 \u00faprav\u011b tak, aby vyhovovaly specifick\u00fdm po\u017eadavk\u016fm a preferenc\u00edm na design.<br \/>\n<\/p><br \/>\n<br \/>\n<p><b>3.Jak odoln\u00fd je hlin\u00edkov\u00fd profil pro sklen\u011bn\u00e9 z\u00e1bradl\u00ed? <\/b><\/p>\n<p> Hlin\u00edkov\u00fd materi\u00e1l je vysoce odoln\u00fd a korozivzdorn\u00fd, co\u017e zaru\u010duje dlouhotrvaj\u00edc\u00ed v\u00fdkon i v n\u00e1ro\u010dn\u00fdch podm\u00ednk\u00e1ch.<br \/>\n<\/p><br \/>\n<br \/>\n<p><b>4.Jak\u00e9 jsou v\u00fdhody pou\u017eit\u00ed hlin\u00edkov\u00e9ho profilu pro sklen\u011bn\u00e9 z\u00e1bradl\u00ed? <\/b><\/p>\n<p> Hlin\u00edkov\u00e9 profily poskytuj\u00ed \u010dist\u00fd, modern\u00ed vzhled, snadnou instalaci a pevnou konstrukci pro syst\u00e9my sklen\u011bn\u00fdch z\u00e1bradl\u00ed.<br \/>\n<\/p><br \/>\n<br \/>\n<p><b>5.Je hlin\u00edkov\u00fd profil pro sklen\u011bn\u00e9 z\u00e1bradl\u00ed vhodn\u00fd pro vnit\u0159n\u00ed i venkovn\u00ed pou\u017eit\u00ed? <\/b><\/p>\n<p> Ano, tyto profily jsou odoln\u00e9 proti pov\u011btrnostn\u00edm vliv\u016fm, tak\u017ee se skv\u011ble hod\u00ed pro instalaci sklen\u011bn\u00fdch z\u00e1bradl\u00ed v interi\u00e9ru i exteri\u00e9ru.<br \/>\n<\/p><br \/>\n<br \/>\n<p><b>6.Jak hlin\u00edkov\u00fd profil pro sklen\u011bn\u00e9 z\u00e1bradl\u00ed zvy\u0161uje bezpe\u010dnost? <\/b><\/p>\n<p> Profily jsou navr\u017eeny tak, aby bezpe\u010dn\u011b dr\u017eely sklen\u011bn\u00e9 tabule na sv\u00e9m m\u00edst\u011b a p\u0159isp\u00edvaly k bezpe\u010dn\u00e9mu a stabiln\u00edmu syst\u00e9mu z\u00e1bradl\u00ed pro obytn\u00e9 i komer\u010dn\u00ed pou\u017eit\u00ed.<br \/>\n<\/p><br \/>\n<br \/>\n<p><b>7.Je hlin\u00edkov\u00fd profil pro sklen\u011bn\u00e9 z\u00e1bradl\u00ed \u0161etrn\u00fd k \u017eivotn\u00edmu prost\u0159ed\u00ed? <\/b><\/p>\n<p> Ano, hlin\u00edk je pln\u011b recyklovateln\u00fd materi\u00e1l, tak\u017ee je ekologickou volbou pro syst\u00e9my sklen\u011bn\u00fdch z\u00e1bradl\u00ed.<br \/>\n<\/p><br \/><\/p>","protected":false},"featured_media":8125,"template":"","categories":[54],"class_list":["post-8126","product","type-product","status-publish","has-post-thumbnail","hentry","category-industrial-aluminum-profiles"],"meta_box":{"hilight_text_group":{"product_hilight_text":"<ul>\r\r\n  <li>Durable and corrosion-resistant aluminum profiles designed specifically for glass railing systems<\/li>\r\r\n  <li>Provides a sleek, modern aesthetic for both indoor and outdoor applications<\/li>\r\r\n  <li>Easy to install and maintain, reducing labor and upkeep costs<\/li>\r\r\n  <li>Customizable sizes and finishes to match various design preferences<\/li>\r\r\n  <li>Strong and lightweight, offering structural integrity without excess weight<\/li>\r\r\n  <li>Weather-resistant, ensuring long-term performance in outdoor environments<\/li>\r\r\n  <li>Environmentally friendly, fully recyclable material<\/li>\r\r\n<\/ul>","product_chanpin_blog":"<ul>\r\r\n<li><a href=\"https:\/\/sinoextrud.com\/t-slot-v-slot-differences\/\" target=\"_blank\">t slot vs v slot<\/a><\/li>\r\r\n<li><a href=\"https:\/\/sinoextrud.com\/what-is-4040-aluminium-extrud\/\" target=\"_blank\">4040 aluminium extrusion<\/a><\/li>\r\r\n<li><a href=\"https:\/\/sinoextrud.com\/what-is-4040-aluminium-extrud\/\" target=\"_blank\">aluminum extrusions for industrial racks<\/a><\/li>\r\r\n<li><a href=\"https:\/\/sinoextrud.com\/powder-coating-aluminium-process\/\" target=\"_blank\">powder coating aluminium<\/a><\/li>\r\r\n<li><a href=\"https:\/\/sinoextrud.com\/what-is-an-aluminium-strip-ceiling\/\" target=\"_blank\">aluminium strip ceiling<\/a><\/li>\r\r\n<li><a href=\"https:\/\/sinoextrud.com\/what-is-a-heat-sink\/\" target=\"_blank\">what is a heat sink<\/a><\/li>\r\r\n<\/ul>","product_chanpin_chanpin":"<li><a href=\"https:\/\/sinoextrud.com\/product\/aluminium-extrusion-linear-rail-china-factory\/\" target=\"_blank\">Aluminium Extrusion Linear Rail China Factory<\/a><\/li>\r\n<li><a href=\"https:\/\/sinoextrud.com\/product\/aluminium-extrusion-table\/\" target=\"_blank\">Aluminium Extrusion Table<\/a><\/li>\r\n<li><a href=\"https:\/\/sinoextrud.com\/product\/aluminium-extrusions-for-heavy-duty-surface-mounted-recessed-led-strip-light-channel\/\" target=\"_blank\">Aluminium extrusions for heavy duty surface mounted recessed LED strip light channel<\/a><\/li>\r\n<li><a href=\"https:\/\/sinoextrud.com\/product\/aluminium-lipped-channel-extrusions\/\" target=\"_blank\">Aluminium Lipped Channel Extrusions<\/a><\/li>\r\n<li><a href=\"https:\/\/sinoextrud.com\/product\/aluminium-profile-for-glass-railing\/\" target=\"_blank\">Aluminium Profile For Glass Railing<\/a><\/li>\r\n<li><a href=\"https:\/\/sinoextrud.com\/product\/aluminium-profile-h\/\" target=\"_blank\">Aluminium Profile H<\/a><\/li>\r\n<li><a href=\"https:\/\/sinoextrud.com\/product\/aluminium-profiles-and-accessories\/\" target=\"_blank\">Aluminium Profiles And Accessories<\/a><\/li>\r\n<li><a href=\"https:\/\/sinoextrud.com\/product\/aluminium-sections-for-glazing\/\" target=\"_blank\">Aluminium Sections For Glazing<\/a><\/li>\r\n<li><a href=\"https:\/\/sinoextrud.com\/product\/aluminium-slotted-channel\/\" target=\"_blank\">Aluminium Slotted Channel<\/a><\/li>\r\n<li><a href=\"https:\/\/sinoextrud.com\/product\/aluminium-extrusion-profile-for-led-light-strip-heat-sink\/\" target=\"_blank\">Aluminium Extrusion Profile For LED Light Strip Heat Sink<\/a><\/li>\r\n<li><a href=\"https:\/\/sinoextrud.com\/product\/custom-industrial-aluminum-profiles\/\" target=\"_blank\">Custom Industrial Aluminum Profiles<\/a><\/li>"},"feature_list":[]},"_links":{"self":[{"href":"https:\/\/sinoextrud.com\/cs\/wp-json\/wp\/v2\/product\/8126","targetHints":{"allow":["GET"]}}],"collection":[{"href":"https:\/\/sinoextrud.com\/cs\/wp-json\/wp\/v2\/product"}],"about":[{"href":"https:\/\/sinoextrud.com\/cs\/wp-json\/wp\/v2\/types\/product"}],"wp:featuredmedia":[{"embeddable":true,"href":"https:\/\/sinoextrud.com\/cs\/wp-json\/wp\/v2\/media\/8125"}],"wp:attachment":[{"href":"https:\/\/sinoextrud.com\/cs\/wp-json\/wp\/v2\/media?parent=8126"}],"wp:term":[{"taxonomy":"category","embeddable":true,"href":"https:\/\/sinoextrud.com\/cs\/wp-json\/wp\/v2\/categories?post=8126"}],"curies":[{"name":"wp","href":"https:\/\/api.w.org\/{rel}","templated":true}]}}