{"id":8120,"date":"2025-06-13T02:17:23","date_gmt":"2025-06-13T02:17:23","guid":{"rendered":"https:\/\/sinoextrud.com\/product\/aluminium-extrusion-table\/"},"modified":"2025-06-24T06:23:07","modified_gmt":"2025-06-24T06:23:07","slug":"stul-pro-vytlacovani-hliniku","status":"publish","type":"product","link":"https:\/\/sinoextrud.com\/cs\/product\/aluminium-extrusion-table\/","title":{"rendered":"St\u016fl pro vytla\u010dov\u00e1n\u00ed hlin\u00edku"},"content":{"rendered":"<h2>Podrobnosti o produktech<\/h2>\n<table class=\"custom-table\">\n<tbody>\n<tr>\n<td> N\u00e1zev produktu<\/td>\n<td> St\u016fl pro vytla\u010dov\u00e1n\u00ed hlin\u00edku<\/td>\n<\/tr>\n<tr>\n<td> Materi\u00e1l<\/td>\n<td> 6063-t5 nebo jin\u00fd vlastn\u00ed materi\u00e1l atd.<\/td>\n<\/tr>\n<tr>\n<td> Tvar<\/td>\n<td> P\u0159izp\u016fsoben\u00ed<\/td>\n<\/tr>\n<tr>\n<td> Tlou\u0161\u0165ka<\/td>\n<td> 0,7 mm-10 mm<\/td>\n<\/tr>\n<tr>\n<td> Velikost<\/td>\n<td> Podle v\u00fdkresu nebo vzorku z\u00e1kazn\u00edka<\/td>\n<\/tr>\n<tr>\n<td> D\u00e9lka<\/td>\n<td> Standardn\u00ed d\u00e9lka 1-9M, k dispozici je speci\u00e1ln\u00ed d\u00e9lka<\/td>\n<\/tr>\n<tr>\n<td> Typick\u00e9 aplikace<\/td>\n<td> Pr\u016fmysl, elektronika, stroje atd.<\/td>\n<\/tr>\n<tr>\n<td> Vlastn\u00ed typ<\/td>\n<td> V\u00fdkres nebo vzorek dodan\u00fd klientem<\/td>\n<\/tr>\n<tr>\n<td> Hloubkov\u00fd proces<\/td>\n<td> CNC fr\u00e9zov\u00e1n\u00ed, vrt\u00e1n\u00ed, d\u011brov\u00e1n\u00ed, vrt\u00e1n\u00ed, z\u00e1vitov\u00e1n\u00ed, oh\u00fdb\u00e1n\u00ed, sva\u0159ov\u00e1n\u00ed atd.<\/td>\n<\/tr>\n<tr>\n<td> Zna\u010dka<\/td>\n<td> Sinoextrud, Sinoextrud,, vlastn\u00ed ochrann\u00e1 zn\u00e1mka avalaible<\/td>\n<\/tr>\n<tr>\n<td> Povrchov\u00e1 \u00faprava<\/td>\n<td> Ml\u00fdn dokon\u010dil, eloxovan\u00fd, pr\u00e1\u0161kov\u00fd povlak atd.<\/td>\n<\/tr>\n<tr>\n<td> Barva<\/td>\n<td> St\u0159\u00edbrn\u00e1, \u010dern\u00e1 atd.<\/td>\n<\/tr>\n<tr>\n<td> MOQ<\/td>\n<td> 200 kg<\/td>\n<\/tr>\n<tr>\n<td> Standard kvality<\/td>\n<td> St\u0159edn\u00ed a vysok\u00e1 \u00farove\u0148 kvality<\/td>\n<\/tr>\n<tr>\n<td> Certifik\u00e1ty<\/td>\n<td> ISO9001, ISO4001, CQM, SGS, CE, BV atd.<\/td>\n<\/tr>\n<tr>\n<td> Tov\u00e1rn\u00ed v\u00fdrobn\u00ed schopnost<\/td>\n<td> 15 000 tun m\u011bs\u00ed\u010dn\u011b<\/td>\n<\/tr>\n<tr>\n<td> Balen\u00ed<\/td>\n<td> Uvnit\u0159 s ochrannou f\u00f3li\u00ed nebo plastov\u00fdm s\u00e1\u010dkem, PE foam.Outside s kartonem, d\u0159ev\u011bn\u00fdm r\u00e1mem nebo jin\u00fdm vlastn\u00edm zp\u016fsobem balen\u00ed.<\/td>\n<\/tr>\n<\/tbody>\n<\/table>\n<h2>Na\u0161e v\u00fdrobn\u00ed z\u00e1kladna<\/h2>\n<h3>Panorama tov\u00e1rny<\/h3>\n<p><img decoding=\"async\" src=\"\/wp-content\/uploads\/factory-01.webp\"\/><\/p>\n<h3>D\u00edlna na v\u00fdrobu hlin\u00edkov\u00fdch ty\u010d\u00ed<\/h3>\n<p><img decoding=\"async\" src=\"\/wp-content\/uploads\/factory-02.webp\"\/><\/p>\n<p><img decoding=\"async\" src=\"\/wp-content\/uploads\/factory-03.webp\"\/><\/p>\n<h3>Sklad pl\u00edsn\u00ed<\/h3>\n<p><img decoding=\"async\" src=\"\/wp-content\/uploads\/factory-04.webp\"\/><\/p>\n<h3>43 linek na vytla\u010dov\u00e1n\u00ed hlin\u00edku (500 - 5500 tun)<\/h3>\n<p><img decoding=\"async\" src=\"\/wp-content\/uploads\/factory-05.webp\"\/><\/p>\n<p><img decoding=\"async\" src=\"\/wp-content\/uploads\/factory-06.webp\"\/><\/p>\n<p><img decoding=\"async\" src=\"\/wp-content\/uploads\/factory-07.webp\"\/><\/p>\n<h3>D\u00edlna pr\u00e1\u0161kov\u00e9ho lakov\u00e1n\u00ed<\/h3>\n<p><img decoding=\"async\" src=\"\/wp-content\/uploads\/factory-09.webp\"\/><\/p>\n<h3>D\u00edlna eloxov\u00e1n\u00ed<\/h3>\n<p><img decoding=\"async\" src=\"\/wp-content\/uploads\/factory-10.webp\"\/><\/p>\n<h3>Workshop o hloubkov\u00e9m zpracov\u00e1n\u00ed<\/h3>\n<p><img decoding=\"async\" src=\"\/wp-content\/uploads\/factory-11.webp\"\/><\/p>\n<h3>D\u00edlna CNC p\u0159esn\u00e9ho obr\u00e1b\u011bn\u00ed<\/h3>\n<p><img decoding=\"async\" src=\"\/wp-content\/uploads\/factory-11.5.webp\"\/><\/p>\n<h3>Sklad hotov\u00fdch v\u00fdrobk\u016f a exportn\u00ed sklad<\/h3>\n<p><img decoding=\"async\" src=\"\/wp-content\/uploads\/factory-12.webp\"\/><\/p>\n<p><img decoding=\"async\" src=\"\/wp-content\/uploads\/factory-13.webp\"\/><\/p>\n<p><img decoding=\"async\" src=\"\/wp-content\/uploads\/factory-14.webp\"\/><\/p>\n<h2>\u010cASTO KLADEN\u00c9 DOTAZY<\/h2>\n<p><p><b>1.Co \u010din\u00ed hlin\u00edkov\u00fd vytla\u010dovac\u00ed st\u016fl odoln\u00fdm? <\/b><\/p>\n<p>Pou\u017eit\u00ed vysoce pevn\u00e9ho hlin\u00edku p\u0159i vytla\u010dov\u00e1n\u00ed zaji\u0161\u0165uje vynikaj\u00edc\u00ed odolnost, tak\u017ee st\u016fl m\u00e1 dlouhou \u017eivotnost a vydr\u017e\u00ed n\u00e1ro\u010dn\u00e9 pou\u017e\u00edv\u00e1n\u00ed.<br \/>\n<\/p><br \/>\n<br \/>\n<p><b>2.M\u016f\u017ee b\u00fdt hlin\u00edkov\u00fd vytla\u010dovac\u00ed st\u016fl p\u0159izp\u016fsoben? <\/b><\/p>\n<p>Ano, st\u016fl lze p\u0159izp\u016fsobit konkr\u00e9tn\u00edm rozm\u011br\u016fm a proveden\u00ed, tak\u017ee je vhodn\u00fd pro nejr\u016fzn\u011bj\u0161\u00ed pr\u016fmyslov\u00e9, komer\u010dn\u00ed nebo osobn\u00ed pou\u017eit\u00ed.<br \/>\n<\/p><br \/>\n<br \/>\n<p><b>3.Jak\u00fd je p\u0159\u00ednos korozivzdorn\u00e9 povrchov\u00e9 \u00fapravy pro hlin\u00edkov\u00fd vytla\u010dovac\u00ed st\u016fl? <\/b><\/p>\n<p>Korozivzdorn\u00e1 povrchov\u00e1 \u00faprava zvy\u0161uje odolnost stolu a zaji\u0161\u0165uje jeho dobrou funk\u010dnost v n\u00e1ro\u010dn\u00fdch podm\u00ednk\u00e1ch, co\u017e \u010dasem sni\u017euje n\u00e1klady na \u00fadr\u017ebu.<br \/>\n<\/p><br \/>\n<br \/>\n<p><b>4.Je mont\u00e1\u017e hlin\u00edkov\u00e9ho vytla\u010dovac\u00edho stolu snadn\u00e1? <\/b><\/p>\n<p>Ano, lehk\u00e1 konstrukce stolu z hlin\u00edkov\u00e9ho v\u00fdlisku usnad\u0148uje mont\u00e1\u017e, \u0161et\u0159\u00ed \u010das a sni\u017euje n\u00e1ro\u010dnost instalace.<br \/>\n<\/p><br \/>\n<br \/>\n<p><b>5.Jak\u00e9 jsou v\u00fdhody pou\u017eit\u00ed hlin\u00edku v konstrukci stol\u016f? <\/b><\/p>\n<p>Hlin\u00edk je pevn\u00fd, lehk\u00fd a odoln\u00fd proti korozi, co\u017e z n\u011bj \u010din\u00ed ide\u00e1ln\u00ed materi\u00e1l pro v\u00fdrobu odoln\u00fdch stol\u016f s dlouhou \u017eivotnost\u00ed pro r\u016fzn\u00e9 aplikace.<br \/>\n<\/p><br \/>\n<br \/>\n<p><b>6.Lze hlin\u00edkov\u00fd vytla\u010dovac\u00ed st\u016fl pou\u017e\u00edvat ve venkovn\u00edm prost\u0159ed\u00ed? <\/b><\/p>\n<p>Ano, d\u00edky antikorozn\u00ed povrchov\u00e9 \u00faprav\u011b je st\u016fl vhodn\u00fd pro venkovn\u00ed pou\u017eit\u00ed, a to i v n\u00e1ro\u010dn\u00fdch pov\u011btrnostn\u00edch podm\u00ednk\u00e1ch.<br \/>\n<\/p><br \/>\n<br \/>\n<p><b>7.Jak st\u016fl pro vytla\u010dov\u00e1n\u00ed hlin\u00edku p\u0159isp\u00edv\u00e1 k udr\u017eitelnosti? <\/b><\/p>\n<p>Hlin\u00edk je recyklovateln\u00fd materi\u00e1l, tak\u017ee tyto stoly jsou \u0161etrn\u00e9 k \u017eivotn\u00edmu prost\u0159ed\u00ed a podporuj\u00ed udr\u017eiteln\u00e9 v\u00fdrobn\u00ed postupy.<br \/>\n<\/p><br \/><\/p>","protected":false},"featured_media":8119,"template":"","categories":[54],"class_list":["post-8120","product","type-product","status-publish","has-post-thumbnail","hentry","category-industrial-aluminum-profiles"],"meta_box":{"hilight_text_group":{"product_hilight_text":"<ul>\r\r\n  <li>High-strength aluminum extrusion ensures long-lasting durability and stability for your table.<\/li>\r\r\n  <li>Customizable sizes and designs to meet diverse industrial, commercial, or personal needs.<\/li>\r\r\n  <li>Lightweight yet robust, offering both strength and ease of handling for easy setup.<\/li>\r\r\n  <li>Corrosion-resistant finish that enhances the longevity of the table, even in harsh environments.<\/li>\r\r\n  <li>Versatile design, suitable for a wide range of applications, from workstations to furniture systems.<\/li>\r\r\n  <li>Eco-friendly and recyclable aluminum material, promoting sustainability in design and manufacturing.<\/li>\r\r\n  <li>Cost-effective solution for producing high-quality, durable tables without exceeding budgets.<\/li>\r\r\n<\/ul>","product_chanpin_blog":"<ul>\r\r\n<li><a href=\"https:\/\/sinoextrud.com\/t-slot-v-slot-differences\/\" target=\"_blank\">t slot vs v slot<\/a><\/li>\r\r\n<li><a href=\"https:\/\/sinoextrud.com\/what-is-4040-aluminium-extrud\/\" target=\"_blank\">4040 aluminium extrusion<\/a><\/li>\r\r\n<li><a href=\"https:\/\/sinoextrud.com\/what-is-4040-aluminium-extrud\/\" target=\"_blank\">aluminum extrusions for industrial racks<\/a><\/li>\r\r\n<li><a href=\"https:\/\/sinoextrud.com\/powder-coating-aluminium-process\/\" target=\"_blank\">powder coating aluminium<\/a><\/li>\r\r\n<li><a href=\"https:\/\/sinoextrud.com\/what-is-an-aluminium-strip-ceiling\/\" target=\"_blank\">aluminium strip ceiling<\/a><\/li>\r\r\n<li><a href=\"https:\/\/sinoextrud.com\/what-is-a-heat-sink\/\" target=\"_blank\">what is a heat sink<\/a><\/li>\r\r\n<\/ul>","product_chanpin_chanpin":"<li><a href=\"https:\/\/sinoextrud.com\/product\/aluminium-angle-profiles\/\" target=\"_blank\">Aluminium Angle Profiles<\/a><\/li>\r\n<li><a href=\"https:\/\/sinoextrud.com\/product\/aluminium-enclosure\/\" target=\"_blank\">Aluminium Enclosure<\/a><\/li>\r\n<li><a href=\"https:\/\/sinoextrud.com\/product\/aluminium-extrusion-bar-outdoor-power-aluminum-case\/\" target=\"_blank\">Aluminium Extrusion Bar Outdoor Power Aluminum Case<\/a><\/li>\r\n<li><a href=\"https:\/\/sinoextrud.com\/product\/aluminium-extrusion-linear-rail-china-factory\/\" target=\"_blank\">Aluminium Extrusion Linear Rail China Factory<\/a><\/li>\r\n<li><a href=\"https:\/\/sinoextrud.com\/product\/aluminium-extrusion-table\/\" target=\"_blank\">Aluminium Extrusion Table<\/a><\/li>\r\n<li><a href=\"https:\/\/sinoextrud.com\/product\/aluminium-extrusions-for-heavy-duty-surface-mounted-recessed-led-strip-light-channel\/\" target=\"_blank\">Aluminium extrusions for heavy duty surface mounted recessed LED strip light channel<\/a><\/li>\r\n<li><a href=\"https:\/\/sinoextrud.com\/product\/aluminium-lipped-channel-extrusions\/\" target=\"_blank\">Aluminium Lipped Channel Extrusions<\/a><\/li>\r\n<li><a href=\"https:\/\/sinoextrud.com\/product\/aluminium-profile-for-glass-railing\/\" target=\"_blank\">Aluminium Profile For Glass Railing<\/a><\/li>\r\n<li><a href=\"https:\/\/sinoextrud.com\/product\/aluminium-profile-h\/\" target=\"_blank\">Aluminium Profile H<\/a><\/li>\r\n<li><a href=\"https:\/\/sinoextrud.com\/product\/t-shaped-aluminium-extrusion\/\" target=\"_blank\">T Shaped Aluminium Extrusion<\/a><\/li>\r\n<li><a href=\"https:\/\/sinoextrud.com\/product\/aluminum-door-jamb-extrusion\/\" target=\"_blank\">Aluminum Door Jamb Extrusion<\/a><\/li>"},"feature_list":[]},"_links":{"self":[{"href":"https:\/\/sinoextrud.com\/cs\/wp-json\/wp\/v2\/product\/8120","targetHints":{"allow":["GET"]}}],"collection":[{"href":"https:\/\/sinoextrud.com\/cs\/wp-json\/wp\/v2\/product"}],"about":[{"href":"https:\/\/sinoextrud.com\/cs\/wp-json\/wp\/v2\/types\/product"}],"wp:featuredmedia":[{"embeddable":true,"href":"https:\/\/sinoextrud.com\/cs\/wp-json\/wp\/v2\/media\/8119"}],"wp:attachment":[{"href":"https:\/\/sinoextrud.com\/cs\/wp-json\/wp\/v2\/media?parent=8120"}],"wp:term":[{"taxonomy":"category","embeddable":true,"href":"https:\/\/sinoextrud.com\/cs\/wp-json\/wp\/v2\/categories?post=8120"}],"curies":[{"name":"wp","href":"https:\/\/api.w.org\/{rel}","templated":true}]}}