{"id":8110,"date":"2025-06-13T02:05:56","date_gmt":"2025-06-13T02:05:56","guid":{"rendered":"https:\/\/sinoextrud.com\/product\/aluminium-alloy-material-frame\/"},"modified":"2025-06-24T06:23:04","modified_gmt":"2025-06-24T06:23:04","slug":"ram-z-materialu-hlinikove-slitiny","status":"publish","type":"product","link":"https:\/\/sinoextrud.com\/cs\/product\/aluminium-alloy-material-frame\/","title":{"rendered":"Materi\u00e1l r\u00e1mu z hlin\u00edkov\u00e9 slitiny"},"content":{"rendered":"<h2>Podrobnosti o produktech<\/h2>\n<table class=\"custom-table\">\n<tbody>\n<tr>\n<td> Materi\u00e1l<\/td>\n<td> hlin\u00edkov\u00e1 slitina: 6061 \/6063 T3-T8<\/td>\n<\/tr>\n<tr>\n<td> Tvar<\/td>\n<td> podle v\u00fdkresu a vzorku (\u010dtvercov\u00fd, \u00fahlov\u00fd, ploch\u00fd, T-profil, rota\u010dn\u00ed, ov\u00e1ln\u00fd, dr\u00e1\u017ekov\u00fd)<\/td>\n<\/tr>\n<tr>\n<td> Hloubkov\u00e9 obr\u00e1b\u011bn\u00ed<\/td>\n<td> p\u0159esn\u00e9 \u0159ez\u00e1n\u00ed, vrt\u00e1n\u00ed, z\u00e1vitov\u00e1n\u00ed, CNC fr\u00e9zov\u00e1n\u00ed, CNC soustru\u017een\u00ed atd.<\/td>\n<\/tr>\n<tr>\n<td> Povrchov\u00e1 \u00faprava<\/td>\n<td> le\u0161t\u011bn\u00ed, kart\u00e1\u010dov\u00e1n\u00ed, eloxov\u00e1n\u00ed, galvanick\u00e9 pokovov\u00e1n\u00ed, pr\u00e1\u0161kov\u00e9 lakov\u00e1n\u00ed, p\u00edskov\u00e1n\u00ed, lakov\u00e1n\u00ed atd.<\/td>\n<\/tr>\n<\/tbody>\n<\/table>\n<h2>Na\u0161e v\u00fdrobn\u00ed z\u00e1kladna<\/h2>\n<h3>Panorama tov\u00e1rny<\/h3>\n<p><img decoding=\"async\" src=\"\/wp-content\/uploads\/factory-01.webp\"\/><\/p>\n<h3>D\u00edlna na v\u00fdrobu hlin\u00edkov\u00fdch ty\u010d\u00ed<\/h3>\n<p><img decoding=\"async\" src=\"\/wp-content\/uploads\/factory-02.webp\"\/><\/p>\n<p><img decoding=\"async\" src=\"\/wp-content\/uploads\/factory-03.webp\"\/><\/p>\n<h3>Sklad pl\u00edsn\u00ed<\/h3>\n<p><img decoding=\"async\" src=\"\/wp-content\/uploads\/factory-04.webp\"\/><\/p>\n<h3>43 linek na vytla\u010dov\u00e1n\u00ed hlin\u00edku (500 - 5500 tun)<\/h3>\n<p><img decoding=\"async\" src=\"\/wp-content\/uploads\/factory-05.webp\"\/><\/p>\n<p><img decoding=\"async\" src=\"\/wp-content\/uploads\/factory-06.webp\"\/><\/p>\n<p><img decoding=\"async\" src=\"\/wp-content\/uploads\/factory-07.webp\"\/><\/p>\n<h3>D\u00edlna pr\u00e1\u0161kov\u00e9ho lakov\u00e1n\u00ed<\/h3>\n<p><img decoding=\"async\" src=\"\/wp-content\/uploads\/factory-09.webp\"\/><\/p>\n<h3>D\u00edlna eloxov\u00e1n\u00ed<\/h3>\n<p><img decoding=\"async\" src=\"\/wp-content\/uploads\/factory-10.webp\"\/><\/p>\n<h3>Workshop o hloubkov\u00e9m zpracov\u00e1n\u00ed<\/h3>\n<p><img decoding=\"async\" src=\"\/wp-content\/uploads\/factory-11.webp\"\/><\/p>\n<h3>D\u00edlna CNC p\u0159esn\u00e9ho obr\u00e1b\u011bn\u00ed<\/h3>\n<p><img decoding=\"async\" src=\"\/wp-content\/uploads\/factory-11.5.webp\"\/><\/p>\n<h3>Sklad hotov\u00fdch v\u00fdrobk\u016f a exportn\u00ed sklad<\/h3>\n<p><img decoding=\"async\" src=\"\/wp-content\/uploads\/factory-12.webp\"\/><\/p>\n<p><img decoding=\"async\" src=\"\/wp-content\/uploads\/factory-13.webp\"\/><\/p>\n<p><img decoding=\"async\" src=\"\/wp-content\/uploads\/factory-14.webp\"\/><\/p>\n<h2>\u010cASTO KLADEN\u00c9 DOTAZY<\/h2>\n<p><p><b>1.K \u010demu se pou\u017e\u00edv\u00e1 r\u00e1m z hlin\u00edkov\u00e9 slitiny? <\/b><\/p>\n<p> R\u00e1my z hlin\u00edkov\u00fdch slitin se pou\u017e\u00edvaj\u00ed v konstruk\u010dn\u00edch, architektonick\u00fdch a pr\u016fmyslov\u00fdch aplikac\u00edch pro svou pevnost, odolnost a lehkou konstrukci.<br \/>\n<\/p><br \/>\n<br \/>\n<p><b>2.Pro\u010d zvolit hlin\u00edkovou slitinu pro \u0159e\u0161en\u00ed r\u00e1mov\u00e1n\u00ed? <\/b><\/p>\n<p> Hlin\u00edkov\u00e1 slitina p\u0159edstavuje pevnou a z\u00e1rove\u0148 lehkou alternativu oceli, kter\u00e1 je odoln\u00e1 proti korozi a umo\u017e\u0148uje snadn\u011bj\u0161\u00ed instalaci.<br \/>\n<\/p><br \/>\n<br \/>\n<p><b>3.Lze r\u00e1my z hlin\u00edkov\u00e9 slitiny p\u0159izp\u016fsobit? <\/b><\/p>\n<p> Ano, r\u00e1my z hlin\u00edkov\u00e9 slitiny jsou k dispozici v nestandardn\u00edch velikostech, profilech a povrchov\u00fdch \u00faprav\u00e1ch, kter\u00e9 vyhovuj\u00ed pot\u0159eb\u00e1m konkr\u00e9tn\u00edho projektu.<br \/>\n<\/p><br \/>\n<br \/>\n<p><b>4.Jsou hlin\u00edkov\u00e9 r\u00e1my vhodn\u00e9 pro venkovn\u00ed pou\u017eit\u00ed? <\/b><\/p>\n<p> Hlin\u00edkov\u00e1 slitina je d\u00edky sv\u00fdm korozivzdorn\u00fdm vlastnostem ide\u00e1ln\u00ed pro vnit\u0159n\u00ed i venkovn\u00ed prost\u0159ed\u00ed.<br \/>\n<\/p><br \/>\n<br \/>\n<p><b>5.V jak\u00fdch pr\u016fmyslov\u00fdch odv\u011btv\u00edch se pou\u017e\u00edvaj\u00ed r\u00e1my z hlin\u00edkov\u00fdch slitin? <\/b><\/p>\n<p> Mezi b\u011b\u017en\u00e9 aplikace pat\u0159\u00ed stavebnictv\u00ed, sol\u00e1rn\u00ed energie, stroj\u00edrenstv\u00ed, doprava, elektronika a modul\u00e1rn\u00ed syst\u00e9my.<br \/>\n<\/p><br \/>\n<br \/>\n<p><b>6.Jak p\u0159isp\u00edv\u00e1 pou\u017eit\u00ed hlin\u00edkov\u00fdch r\u00e1m\u016f k udr\u017eitelnosti? <\/b><\/p>\n<p> Hlin\u00edk je 100% recyklovateln\u00fd, co\u017e z n\u011bj \u010din\u00ed ekologicky odpov\u011bdnou volbu pro v\u00fdrobce zam\u011b\u0159en\u00e9 na ekologickou v\u00fdrobu.<br \/>\n<\/p><br \/>\n<br \/>\n<p><b>7.Jak\u00e9 mo\u017enosti povrchov\u00e9 \u00fapravy jsou k dispozici pro r\u00e1my z hlin\u00edkov\u00e9 slitiny? <\/b><\/p>\n<p> Nab\u00edz\u00edme eloxov\u00e1n\u00ed, pr\u00e1\u0161kov\u00e9 lakov\u00e1n\u00ed a povrchovou \u00fapravu fr\u00e9zov\u00e1n\u00edm, kter\u00e9 odpov\u00eddaj\u00ed funk\u010dn\u00edm a estetick\u00fdm po\u017eadavk\u016fm.<br \/>\n<\/p><br \/><\/p>","protected":false},"featured_media":8109,"template":"","categories":[54],"class_list":["post-8110","product","type-product","status-publish","has-post-thumbnail","hentry","category-industrial-aluminum-profiles"],"meta_box":{"hilight_text_group":{"product_hilight_text":"<li>Made from high-strength aluminium alloy for superior structural integrity.<\/li>\r\r\n<li>Lightweight material enables easier handling and reduced transport costs.<\/li>\r\r\n<li>Corrosion-resistant surface ensures long-term durability.<\/li>\r\r\n<li>Customizable frame sizes and finishes for diverse applications.<\/li>\r\r\n<li>Ideal for construction, display, machinery, and solar panel framing.<\/li>\r\r\n<li>Compatible with multiple assembly systems and connectors.<\/li>\r\r\n<li>Eco-friendly and recyclable material supports sustainable manufacturing.<\/li>","product_chanpin_blog":"<ul>\r\r\n<li><a href=\"https:\/\/sinoextrud.com\/t-slot-v-slot-differences\/\" target=\"_blank\">t slot vs v slot<\/a><\/li>\r\r\n<li><a href=\"https:\/\/sinoextrud.com\/what-is-4040-aluminium-extrud\/\" target=\"_blank\">4040 aluminium extrusion<\/a><\/li>\r\r\n<li><a href=\"https:\/\/sinoextrud.com\/what-is-4040-aluminium-extrud\/\" target=\"_blank\">aluminum extrusions for industrial racks<\/a><\/li>\r\r\n<li><a href=\"https:\/\/sinoextrud.com\/powder-coating-aluminium-process\/\" target=\"_blank\">powder coating aluminium<\/a><\/li>\r\r\n<li><a href=\"https:\/\/sinoextrud.com\/what-is-an-aluminium-strip-ceiling\/\" target=\"_blank\">aluminium strip ceiling<\/a><\/li>\r\r\n<li><a href=\"https:\/\/sinoextrud.com\/what-is-a-heat-sink\/\" target=\"_blank\">what is a heat sink<\/a><\/li>\r\r\n<\/ul>","product_chanpin_chanpin":"<li><a href=\"https:\/\/sinoextrud.com\/product\/40mm-aluminium-extrusion\/\" target=\"_blank\">40mm Aluminium Extrusion<\/a><\/li>\r\n<li><a href=\"https:\/\/sinoextrud.com\/product\/6063-and-6061-extruded-led-lighting-telecommunications-and-audio-industrial-aluminum-heat-sink-profile\/\" target=\"_blank\">6063 and 6061 Extruded LED Lighting Telecommunications and Audio Industrial Aluminum Heat Sink Profile<\/a><\/li>\r\n<li><a href=\"https:\/\/sinoextrud.com\/product\/6063-t5-alloy-industrial-aluminum-extrusions-aluminum-profile-with-anodized-surface-treatment\/\" target=\"_blank\">6063 T5 Alloy Industrial Aluminum Extrusions Aluminum Profile With Anodized Surface Treatment<\/a><\/li>\r\n<li><a href=\"https:\/\/sinoextrud.com\/product\/alu-profile-system\/\" target=\"_blank\">Alu Profile System<\/a><\/li>\r\n<li><a href=\"https:\/\/sinoextrud.com\/product\/aluminium-alloy-material-frame\/\" target=\"_blank\">Aluminium Alloy Material Frame<\/a><\/li>\r\n<li><a href=\"https:\/\/sinoextrud.com\/product\/aluminium-angle-profiles\/\" target=\"_blank\">Aluminium Angle Profiles<\/a><\/li>\r\n<li><a href=\"https:\/\/sinoextrud.com\/product\/aluminium-enclosure\/\" target=\"_blank\">Aluminium Enclosure<\/a><\/li>\r\n<li><a href=\"https:\/\/sinoextrud.com\/product\/aluminium-extrusion-bar-outdoor-power-aluminum-case\/\" target=\"_blank\">Aluminium Extrusion Bar Outdoor Power Aluminum Case<\/a><\/li>\r\n<li><a href=\"https:\/\/sinoextrud.com\/product\/aluminium-extrusion-linear-rail-china-factory\/\" target=\"_blank\">Aluminium Extrusion Linear Rail China Factory<\/a><\/li>\r\n<li><a href=\"https:\/\/sinoextrud.com\/product\/aluminium-square-tube-extrusion-profile-with-6063-t5-alloy-anodized-extruded-aluminium-profile\/\" target=\"_blank\">Aluminium Square Tube Extrusion Profile With 6063 T5 Alloy  Anodized Extruded Aluminium Profile<\/a><\/li>\r\n<li><a href=\"https:\/\/sinoextrud.com\/product\/anodized-aluminum-eectronic-equipment-enclosure\/\" target=\"_blank\">Anodized Aluminum Eectronic Equipment Enclosure<\/a><\/li>"},"feature_list":[]},"_links":{"self":[{"href":"https:\/\/sinoextrud.com\/cs\/wp-json\/wp\/v2\/product\/8110","targetHints":{"allow":["GET"]}}],"collection":[{"href":"https:\/\/sinoextrud.com\/cs\/wp-json\/wp\/v2\/product"}],"about":[{"href":"https:\/\/sinoextrud.com\/cs\/wp-json\/wp\/v2\/types\/product"}],"wp:featuredmedia":[{"embeddable":true,"href":"https:\/\/sinoextrud.com\/cs\/wp-json\/wp\/v2\/media\/8109"}],"wp:attachment":[{"href":"https:\/\/sinoextrud.com\/cs\/wp-json\/wp\/v2\/media?parent=8110"}],"wp:term":[{"taxonomy":"category","embeddable":true,"href":"https:\/\/sinoextrud.com\/cs\/wp-json\/wp\/v2\/categories?post=8110"}],"curies":[{"name":"wp","href":"https:\/\/api.w.org\/{rel}","templated":true}]}}