{"id":8104,"date":"2025-06-13T01:56:34","date_gmt":"2025-06-13T01:56:34","guid":{"rendered":"https:\/\/sinoextrud.com\/product\/6063-and-6061-extruded-led-lighting-telecommunications-and-audio-industrial-aluminum-heat-sink-profile\/"},"modified":"2025-06-24T06:23:03","modified_gmt":"2025-06-24T06:23:03","slug":"6063-a-6061-extrudovane-vedl-osvetleni-telekomunikace-a-audio-prumyslove-hlinikove-chladice-profil","status":"publish","type":"product","link":"https:\/\/sinoextrud.com\/cs\/product\/6063-and-6061-extruded-led-lighting-telecommunications-and-audio-industrial-aluminum-heat-sink-profile\/","title":{"rendered":"6063 a 6061 Extrudovan\u00e9 LED osv\u011btlen\u00ed Telekomunikace a audio Pr\u016fmyslov\u00fd hlin\u00edkov\u00fd profil chladi\u010de"},"content":{"rendered":"<h2>Podrobnosti o produktech<\/h2>\n<table class=\"custom-table\">\n<tbody>\n<tr>\n<td> Polo\u017eka:<\/td>\n<td> 6063 a 6061 Extrudovan\u00e9 LED osv\u011btlen\u00ed Telekomunika\u010dn\u00ed a audio pr\u016fmyslov\u00e9 hlin\u00edkov\u00e9 chladi\u010de profil<\/td>\n<td> T\u0159\u00edda:<\/td>\n<td> \u0158ada 6000<\/td>\n<\/tr>\n<tr>\n<td> M\u00edrnost:<\/td>\n<td> T3-T8<\/td>\n<td> M\u00edsto p\u016fvodu:<\/td>\n<td> Foshan, Guangdong<\/td>\n<\/tr>\n<tr>\n<td> Tvar:<\/td>\n<td> P\u0159izp\u016fsoben\u00e9<\/td>\n<td> Slitina nebo ne:<\/td>\n<td> Slitina<\/td>\n<\/tr>\n<tr>\n<td> Materi\u00e1l:<\/td>\n<td> 6063<\/td>\n<td> Zna\u010dka:<\/td>\n<td> Sinoextrud<\/td>\n<\/tr>\n<tr>\n<td> Barva:<\/td>\n<td> P\u0159izp\u016fsoben\u00e1 barva<\/td>\n<td> Povrchov\u00e1 \u00faprava:<\/td>\n<td> eloxov\u00e1no, pr\u00e1\u0161kov\u00e9 lakov\u00e1n\u00ed, kart\u00e1\u010dov\u00e1n\u00ed, p\u00edskov\u00e1n\u00ed, d\u0159ev\u011bn\u00e1 struktura<\/td>\n<\/tr>\n<tr>\n<td> Doba dod\u00e1n\u00ed:<\/td>\n<td> 25-30 dn\u00ed<\/td>\n<td> MOQ:<\/td>\n<td> 200 KG<\/td>\n<\/tr>\n<tr>\n<td> Term\u00edn platby:<\/td>\n<td> 30% z\u00e1loha, 70% z\u016fstatek p\u0159ed dod\u00e1n\u00edm<\/td>\n<td> Slu\u017eba zpracov\u00e1n\u00ed:<\/td>\n<td> Oh\u00fdb\u00e1n\u00ed, odv\u00edjen\u00ed, sva\u0159ov\u00e1n\u00ed, d\u011brov\u00e1n\u00ed, \u0159ez\u00e1n\u00ed<\/td>\n<\/tr>\n<tr>\n<td> P\u0159\u00edstav:<\/td>\n<td> Guangzhou, Shenzhen, Foshan<\/td>\n<td> Z\u00e1ruka:<\/td>\n<td> certifik\u00e1t z\u00e1kazn\u00edka, jako je BV, Soncap, ISO<\/td>\n<\/tr>\n<\/tbody>\n<\/table>\n<h2>Na\u0161e v\u00fdrobn\u00ed z\u00e1kladna<\/h2>\n<h3>Panorama tov\u00e1rny<\/h3>\n<p><img decoding=\"async\" src=\"\/wp-content\/uploads\/factory-01.webp\"\/><\/p>\n<h3>D\u00edlna na v\u00fdrobu hlin\u00edkov\u00fdch ty\u010d\u00ed<\/h3>\n<p><img decoding=\"async\" src=\"\/wp-content\/uploads\/factory-02.webp\"\/><\/p>\n<\/p>\n<p><img decoding=\"async\" src=\"\/wp-content\/uploads\/factory-03.webp\"\/><\/p>\n<h3>Sklad pl\u00edsn\u00ed<\/h3>\n<p><img decoding=\"async\" src=\"\/wp-content\/uploads\/factory-04.webp\"\/><\/p>\n<h3>43 linek na vytla\u010dov\u00e1n\u00ed hlin\u00edku (500 - 5500 tun)<\/h3>\n<p><img decoding=\"async\" src=\"\/wp-content\/uploads\/factory-05.webp\"\/><\/p>\n<p><img decoding=\"async\" src=\"\/wp-content\/uploads\/factory-06.webp\"\/><\/p>\n<p><img decoding=\"async\" src=\"\/wp-content\/uploads\/factory-07.webp\"\/><\/p>\n<h3>D\u00edlna pr\u00e1\u0161kov\u00e9ho lakov\u00e1n\u00ed<\/h3>\n<p><img decoding=\"async\" src=\"\/wp-content\/uploads\/factory-09.webp\"\/><\/p>\n<h3>D\u00edlna eloxov\u00e1n\u00ed<\/h3>\n<p><img decoding=\"async\" src=\"\/wp-content\/uploads\/factory-10.webp\"\/><\/p>\n<h3>Workshop o hloubkov\u00e9m zpracov\u00e1n\u00ed<\/h3>\n<p><img decoding=\"async\" src=\"\/wp-content\/uploads\/factory-11.webp\"\/><\/p>\n<h3>D\u00edlna CNC p\u0159esn\u00e9ho obr\u00e1b\u011bn\u00ed<\/h3>\n<p><img decoding=\"async\" src=\"\/wp-content\/uploads\/factory-11.5.webp\"\/><\/p>\n<h3>Sklad hotov\u00fdch v\u00fdrobk\u016f a exportn\u00ed sklad<\/h3>\n<p><img decoding=\"async\" src=\"\/wp-content\/uploads\/factory-12.webp\"\/><\/p>\n<p><img decoding=\"async\" src=\"\/wp-content\/uploads\/factory-13.webp\"\/><\/p>\n<p><img decoding=\"async\" src=\"\/wp-content\/uploads\/factory-14.webp\"\/><\/p>\n<h2>\u010cASTO KLADEN\u00c9 DOTAZY<\/h2>\n<p><b>1.Jak\u00e9 jsou v\u00fdhody pou\u017eit\u00ed hlin\u00edku 6063 a 6061 pro profily chladi\u010d\u016f? <\/b><\/p>\n<p> Slitiny hlin\u00edku 6063 a 6061 poskytuj\u00ed vysokou tepelnou vodivost, pevnost a odolnost proti korozi, tak\u017ee jsou ide\u00e1ln\u00ed pro pr\u016fmyslov\u00e9 chladi\u010de.\n<\/p>\n<p><\/p>\n<p><b>2.Kter\u00e1 pr\u016fmyslov\u00e1 odv\u011btv\u00ed b\u011b\u017en\u011b pou\u017e\u00edvaj\u00ed tyto hlin\u00edkov\u00e9 profily chladi\u010d\u016f? <\/b><\/p>\n<p> Tyto profily se d\u00edky \u00fa\u010dinn\u00e9mu odvodu tepla a lehk\u00e9 konstrukci hojn\u011b pou\u017e\u00edvaj\u00ed v LED osv\u011btlen\u00ed, telekomunika\u010dn\u00edch a zvukov\u00fdch za\u0159\u00edzen\u00edch.\n<\/p>\n<p><\/p>\n<p><b>3.Jak vytla\u010dov\u00e1n\u00ed zlep\u0161uje v\u00fdkon hlin\u00edkov\u00fdch chladi\u010d\u016f? <\/b><\/p>\n<p> Vytla\u010dov\u00e1n\u00ed umo\u017e\u0148uje vytv\u00e1\u0159et vlastn\u00ed konstrukce \u017eeber a optimalizovat jejich povrch, co\u017e zvy\u0161uje \u00fa\u010dinnost proud\u011bn\u00ed vzduchu a chlazen\u00ed v chladi\u010d\u00edch.\n<\/p>\n<p><\/p>\n<p><b>4.Jsou profily chladi\u010d\u016f 6063 a 6061 odoln\u00e9 proti korozi? <\/b><\/p>\n<p> Ano, ob\u011b slitiny maj\u00ed dobrou odolnost proti korozi, zejm\u00e9na pokud jsou eloxovan\u00e9 nebo povrchov\u011b upraven\u00e9, co\u017e zaji\u0161\u0165uje dlouhodobou spolehlivost.\n<\/p>\n<p><\/p>\n<p><b>5.Lze hlin\u00edkov\u00e9 profily chladi\u010d\u016f p\u0159izp\u016fsobit pro konkr\u00e9tn\u00ed za\u0159\u00edzen\u00ed? <\/b><\/p>\n<p> Rozhodn\u011b nab\u00edz\u00edme v\u00fdlisky na m\u00edru pro konkr\u00e9tn\u00ed LED, telekomunika\u010dn\u00ed a audio komponenty, kter\u00e9 zaji\u0161\u0165uj\u00ed maxim\u00e1ln\u00ed tepeln\u00fd v\u00fdkon.\n<\/p>\n<p><\/p>\n<p><b>6.Je rozd\u00edl mezi 6063 a 6061 pro chladi\u010de? <\/b><\/p>\n<p> 6063 nab\u00edz\u00ed lep\u0161\u00ed povrchovou \u00fapravu a odolnost proti korozi, zat\u00edmco 6061 poskytuje vy\u0161\u0161\u00ed pevnost, co\u017e umo\u017e\u0148uje v\u00fdb\u011br na z\u00e1klad\u011b konstruk\u010dn\u00edch po\u017eadavk\u016f.\n<\/p>\n<p><\/p>\n<p><b>7.Jak\u00e9 jsou v\u00fdhody lehk\u00fdch hlin\u00edkov\u00fdch chladi\u010d\u016f? <\/b><\/p>\n<p> Lehk\u00e9 hlin\u00edkov\u00e9 chladi\u010de sni\u017euj\u00ed celkovou hmotnost v\u00fdrobku, sni\u017euj\u00ed p\u0159epravn\u00ed n\u00e1klady a usnad\u0148uj\u00ed mont\u00e1\u017e bez ztr\u00e1ty v\u00fdkonu.\n<\/p>\n<p><\/p>","protected":false},"featured_media":8103,"template":"","categories":[54],"class_list":["post-8104","product","type-product","status-publish","has-post-thumbnail","hentry","category-industrial-aluminum-profiles"],"meta_box":{"hilight_text_group":{"product_hilight_text":"<li>6063 and 6061 aluminum offer excellent thermal conductivity for efficient heat dissipation.<\/li>\r\r\n<li>Extruded profiles designed specifically for LED lighting, telecommunications, and audio equipment.<\/li>\r\r\n<li>High-strength alloys provide structural stability and durability under operating conditions.<\/li>\r\r\n<li>Corrosion-resistant surface options extend lifespan in industrial environments.<\/li>\r\r\n<li>Lightweight design reduces system weight and simplifies installation.<\/li>\r\r\n<li>Customizable shapes and sizes for optimized cooling performance.<\/li>\r\r\n<li>Precision extrusion ensures tight tolerances for seamless integration with devices.<\/li>","product_chanpin_blog":"<ul>\r\r\n<li><a href=\"https:\/\/sinoextrud.com\/t-slot-v-slot-differences\/\" target=\"_blank\">t slot vs v slot<\/a><\/li>\r\r\n<li><a href=\"https:\/\/sinoextrud.com\/what-is-4040-aluminium-extrud\/\" target=\"_blank\">4040 aluminium extrusion<\/a><\/li>\r\r\n<li><a href=\"https:\/\/sinoextrud.com\/what-is-4040-aluminium-extrud\/\" target=\"_blank\">aluminum extrusions for industrial racks<\/a><\/li>\r\r\n<li><a href=\"https:\/\/sinoextrud.com\/powder-coating-aluminium-process\/\" target=\"_blank\">powder coating aluminium<\/a><\/li>\r\r\n<li><a href=\"https:\/\/sinoextrud.com\/what-is-an-aluminium-strip-ceiling\/\" target=\"_blank\">aluminium strip ceiling<\/a><\/li>\r\r\n<li><a href=\"https:\/\/sinoextrud.com\/what-is-a-heat-sink\/\" target=\"_blank\">what is a heat sink<\/a><\/li>\r\r\n<\/ul>","product_chanpin_chanpin":"<li><a href=\"https:\/\/sinoextrud.com\/product\/t-track-aluminium-extrusion-industrial-usage\/\" target=\"_blank\">T Track Aluminium Extrusion Industrial Usage<\/a><\/li>\r\n<li><a href=\"https:\/\/sinoextrud.com\/product\/2024-2014-alloy-aluminum-profiles\/\" target=\"_blank\">2024 2014 Alloy Aluminum Profiles<\/a><\/li>\r\n<li><a href=\"https:\/\/sinoextrud.com\/product\/300mm-aluminium-louvre-extrusion\/\" target=\"_blank\">300mm Aluminium Louvre Extrusion<\/a><\/li>\r\n<li><a href=\"https:\/\/sinoextrud.com\/product\/40mm-aluminium-extrusion\/\" target=\"_blank\">40mm Aluminium Extrusion<\/a><\/li>\r\n<li><a href=\"https:\/\/sinoextrud.com\/product\/6063-and-6061-extruded-led-lighting-telecommunications-and-audio-industrial-aluminum-heat-sink-profile\/\" target=\"_blank\">6063 and 6061 Extruded LED Lighting Telecommunications and Audio Industrial Aluminum Heat Sink Profile<\/a><\/li>\r\n<li><a href=\"https:\/\/sinoextrud.com\/product\/6063-t5-alloy-industrial-aluminum-extrusions-aluminum-profile-with-anodized-surface-treatment\/\" target=\"_blank\">6063 T5 Alloy Industrial Aluminum Extrusions Aluminum Profile With Anodized Surface Treatment<\/a><\/li>\r\n<li><a href=\"https:\/\/sinoextrud.com\/product\/alu-profile-system\/\" target=\"_blank\">Alu Profile System<\/a><\/li>\r\n<li><a href=\"https:\/\/sinoextrud.com\/product\/aluminium-alloy-material-frame\/\" target=\"_blank\">Aluminium Alloy Material Frame<\/a><\/li>\r\n<li><a href=\"https:\/\/sinoextrud.com\/product\/aluminium-angle-profiles\/\" target=\"_blank\">Aluminium Angle Profiles<\/a><\/li>\r\n<li><a href=\"https:\/\/sinoextrud.com\/product\/custom-decorative-hollow-alloy-rectangular-square-aluminum-tube-sizes\/\" target=\"_blank\">Custom Decorative Hollow Alloy Rectangular Square Aluminum Tube Sizes<\/a><\/li>\r\n<li><a href=\"https:\/\/sinoextrud.com\/product\/aluminum-profile-for-cnc\/\" target=\"_blank\">Aluminum Profile For CNC<\/a><\/li>"},"feature_list":[]},"_links":{"self":[{"href":"https:\/\/sinoextrud.com\/cs\/wp-json\/wp\/v2\/product\/8104","targetHints":{"allow":["GET"]}}],"collection":[{"href":"https:\/\/sinoextrud.com\/cs\/wp-json\/wp\/v2\/product"}],"about":[{"href":"https:\/\/sinoextrud.com\/cs\/wp-json\/wp\/v2\/types\/product"}],"wp:featuredmedia":[{"embeddable":true,"href":"https:\/\/sinoextrud.com\/cs\/wp-json\/wp\/v2\/media\/8103"}],"wp:attachment":[{"href":"https:\/\/sinoextrud.com\/cs\/wp-json\/wp\/v2\/media?parent=8104"}],"wp:term":[{"taxonomy":"category","embeddable":true,"href":"https:\/\/sinoextrud.com\/cs\/wp-json\/wp\/v2\/categories?post=8104"}],"curies":[{"name":"wp","href":"https:\/\/api.w.org\/{rel}","templated":true}]}}