{"id":8100,"date":"2025-06-13T01:54:11","date_gmt":"2025-06-13T01:54:11","guid":{"rendered":"https:\/\/sinoextrud.com\/product\/300mm-aluminium-louvre-extrusion\/"},"modified":"2025-06-24T06:23:02","modified_gmt":"2025-06-24T06:23:02","slug":"300mm-hlinikovy-zaluziovy-vylisek","status":"publish","type":"product","link":"https:\/\/sinoextrud.com\/cs\/product\/300mm-aluminium-louvre-extrusion\/","title":{"rendered":"300mm hlin\u00edkov\u00e9 \u017ealuzie"},"content":{"rendered":"<h2>Podrobnosti o produktech<\/h2>\n<table class=\"custom-table\">\n<tbody>\n<tr>\n<td> N\u00e1zev produktu<\/td>\n<td> V\u00fdrobci 300mm hlin\u00edkov\u00fdch \u017ealuzi\u00ed<\/td>\n<\/tr>\n<tr>\n<td> Materi\u00e1l<\/td>\n<td> 6063, 6061, 6463, 6082 Hlin\u00edkov\u00e1 slitina<\/td>\n<\/tr>\n<tr>\n<td> Barva<\/td>\n<td> P\u0159izp\u016fsoben\u00e9<\/td>\n<\/tr>\n<tr>\n<td> Standardn\u00ed<\/td>\n<td> GB2008<\/td>\n<\/tr>\n<tr>\n<td> T\u0159\u00edda<\/td>\n<td> \u0158ada 6000<\/td>\n<\/tr>\n<tr>\n<td> Tlou\u0161\u0165ka<\/td>\n<td> P\u0159izp\u016fsoben\u00e9<\/td>\n<\/tr>\n<tr>\n<td> Pou\u017eit\u00ed<\/td>\n<td> Dekorace<\/td>\n<\/tr>\n<tr>\n<td> Temperament<\/td>\n<td> T3-T8<\/td>\n<\/tr>\n<tr>\n<td> D\u00e9lka<\/td>\n<td> P\u0159izp\u016fsoben\u00e9<\/td>\n<\/tr>\n<tr>\n<td> Povrchov\u00e1 \u00faprava<\/td>\n<td> Pr\u00e1\u0161kov\u00e9 lakov\u00e1n\u00ed, ml\u00fdnsk\u00e1 povrchov\u00e1 \u00faprava, PVDF, eloxovan\u00e9, d\u0159ev\u011bn\u00e9 zrno, le\u0161t\u011bn\u00e9, kart\u00e1\u010dovan\u00e9 atd.<\/td>\n<\/tr>\n<tr>\n<td> Orgin<\/td>\n<td> \u010c\u00cdNA<\/td>\n<\/tr>\n<tr>\n<td> Je slitina nebo ne<\/td>\n<td> Je slitina<\/td>\n<\/tr>\n<tr>\n<td> P\u0159\u00edstav<\/td>\n<td> Guangzhou, Shenzhen, Foshan<\/td>\n<\/tr>\n<\/tbody>\n<\/table>\n<h2>Na\u0161e v\u00fdrobn\u00ed z\u00e1kladna<\/h2>\n<h3>Panorama tov\u00e1rny<\/h3>\n<p><img decoding=\"async\" src=\"\/wp-content\/uploads\/factory-01.webp\"\/><\/p>\n<h3>D\u00edlna na v\u00fdrobu hlin\u00edkov\u00fdch ty\u010d\u00ed<\/h3>\n<p><img decoding=\"async\" src=\"\/wp-content\/uploads\/factory-02.webp\"\/><\/p>\n<p><img decoding=\"async\" src=\"\/wp-content\/uploads\/factory-03.webp\"\/><\/p>\n<h3>Sklad pl\u00edsn\u00ed<\/h3>\n<p><img decoding=\"async\" src=\"\/wp-content\/uploads\/factory-04.webp\"\/><\/p>\n<h3>43 linek na vytla\u010dov\u00e1n\u00ed hlin\u00edku (500 - 5500 tun)<\/h3>\n<p><img decoding=\"async\" src=\"\/wp-content\/uploads\/factory-05.webp\"\/><\/p>\n<p><img decoding=\"async\" src=\"\/wp-content\/uploads\/factory-06.webp\"\/><\/p>\n<p><img decoding=\"async\" src=\"\/wp-content\/uploads\/factory-07.webp\"\/><\/p>\n<h3>D\u00edlna pr\u00e1\u0161kov\u00e9ho lakov\u00e1n\u00ed<\/h3>\n<p><img decoding=\"async\" src=\"\/wp-content\/uploads\/factory-09.webp\"\/><\/p>\n<h3>D\u00edlna eloxov\u00e1n\u00ed<\/h3>\n<p><img decoding=\"async\" src=\"\/wp-content\/uploads\/factory-10.webp\"\/><\/p>\n<h3>Workshop o hloubkov\u00e9m zpracov\u00e1n\u00ed<\/h3>\n<p><img decoding=\"async\" src=\"\/wp-content\/uploads\/factory-11.webp\"\/><\/p>\n<h3>D\u00edlna CNC p\u0159esn\u00e9ho obr\u00e1b\u011bn\u00ed<\/h3>\n<p><img decoding=\"async\" src=\"\/wp-content\/uploads\/factory-11.5.webp\"\/><\/p>\n<h3>Sklad hotov\u00fdch v\u00fdrobk\u016f a exportn\u00ed sklad<\/h3>\n<p><img decoding=\"async\" src=\"\/wp-content\/uploads\/factory-12.webp\"\/><\/p>\n<p><img decoding=\"async\" src=\"\/wp-content\/uploads\/factory-13.webp\"\/><\/p>\n<p><img decoding=\"async\" src=\"\/wp-content\/uploads\/factory-14.webp\"\/><\/p>\n<h2>\u010cASTO KLADEN\u00c9 DOTAZY<\/h2>\n<p><p><b>1.K \u010demu se pou\u017e\u00edv\u00e1 300mm hlin\u00edkov\u00fd \u017ealuziov\u00fd v\u00fdlisek?<\/b><\/p>\n<p>300mm hlin\u00edkov\u00e9 \u017ealuziov\u00e9 v\u00fdlisky se pou\u017e\u00edvaj\u00ed k vytv\u00e1\u0159en\u00ed v\u011btrac\u00edch otvor\u016f, kryt\u016f a fas\u00e1d v pr\u016fmyslov\u00fdch a architektonick\u00fdch aplikac\u00edch a zaji\u0161\u0165uj\u00ed efektivn\u00ed proud\u011bn\u00ed vzduchu a ochranu \u017eivotn\u00edho prost\u0159ed\u00ed.<br \/>\n<\/p><br \/>\n<br \/>\n<p><b>2.Pro\u010d se pro 300mm \u017ealuziov\u00e9 v\u00fdlisky pou\u017e\u00edv\u00e1 hlin\u00edk?<\/b><\/p>\n<p>Hlin\u00edk je lehk\u00fd, odoln\u00fd proti korozi a pevn\u00fd, tak\u017ee je ide\u00e1ln\u00edm materi\u00e1lem pro odoln\u00e9 \u017ealuziov\u00e9 v\u00fdlisky, kter\u00e9 mus\u00ed odol\u00e1vat venkovn\u00edmu prost\u0159ed\u00ed.<br \/>\n<\/p><br \/>\n<br \/>\n<p><b>3.Jak 300mm hlin\u00edkov\u00e9 \u017ealuziov\u00e9 profily zlep\u0161uj\u00ed proud\u011bn\u00ed vzduchu?<\/b><\/p>\n<p>Konstrukce \u017ealuzie umo\u017e\u0148uje \u00fa\u010dinn\u00fd pr\u016fchod vzduchu a z\u00e1rove\u0148 chr\u00e1n\u00ed p\u0159ed de\u0161t\u011bm, ne\u010distotami a dal\u0161\u00edmi vn\u011bj\u0161\u00edmi vlivy, \u010d\u00edm\u017e zlep\u0161uje v\u011btr\u00e1n\u00ed syst\u00e9mu.<br \/>\n<\/p><br \/>\n<br \/>\n<p><b>4.Can 300mm hlin\u00edkov\u00e9 \u017ealuziov\u00e9 v\u00fdlisky b\u00fdt p\u0159izp\u016fsoben?<\/b><\/p>\n<p>Ano, velikost, tvar a design 300mm hlin\u00edkov\u00e9ho \u017ealuziov\u00e9ho v\u00fdlisku lze p\u0159izp\u016fsobit konkr\u00e9tn\u00edm po\u017eadavk\u016fm va\u0161eho projektu.<br \/>\n<\/p><br \/>\n<br \/>\n<p><b>5.Jak odol\u00e1v\u00e1 300mm hlin\u00edkov\u00fd \u017ealuziov\u00fd v\u00fdlisek korozi?<\/b><\/p>\n<p>Hlin\u00edk m\u00e1 p\u0159irozen\u00e9 korozivzdorn\u00e9 vlastnosti, tak\u017ee \u017ealuzie si zachov\u00e1vaj\u00ed sv\u016fj v\u00fdkon a vzhled i v n\u00e1ro\u010dn\u00fdch pov\u011btrnostn\u00edch podm\u00ednk\u00e1ch a podm\u00ednk\u00e1ch prost\u0159ed\u00ed.<br \/>\n<\/p><br \/>\n<br \/>\n<p><b>6.V jak\u00fdch pr\u016fmyslov\u00fdch odv\u011btv\u00edch se pou\u017e\u00edvaj\u00ed 300mm hlin\u00edkov\u00e9 \u017ealuziov\u00e9 v\u00fdlisky?<\/b><\/p>\n<p>Pr\u016fmyslov\u00e1 odv\u011btv\u00ed, jako je HVAC, stavebnictv\u00ed, automobilov\u00fd pr\u016fmysl a energetika, vyu\u017e\u00edvaj\u00ed 300mm hlin\u00edkov\u00e9 \u017ealuziov\u00e9 v\u00fdlisky pro \u00fa\u010dely v\u011btr\u00e1n\u00ed, uzav\u00edr\u00e1n\u00ed a ochrany.<br \/>\n<\/p><br \/>\n<br \/>\n<p><b>7.Jak snadn\u00e1 je instalace 300mm hlin\u00edkov\u00fdch \u017ealuziov\u00fdch profil\u016f?<\/b><\/p>\n<p>300mm hlin\u00edkov\u00e9 \u017ealuziov\u00e9 profily jsou navr\u017eeny pro snadnou mont\u00e1\u017e s minimem n\u00e1stroj\u016f, co\u017e sni\u017euje n\u00e1klady na pr\u00e1ci a dobu mont\u00e1\u017ee pro \u0161irokou \u0161k\u00e1lu aplikac\u00ed.<br \/>\n<\/p><br \/><\/p>","protected":false},"featured_media":8099,"template":"","categories":[54],"class_list":["post-8100","product","type-product","status-publish","has-post-thumbnail","hentry","category-industrial-aluminum-profiles"],"meta_box":{"hilight_text_group":{"product_hilight_text":"<li>300mm Aluminium Louvre Extrusion provides efficient ventilation and airflow while offering strong protection against external elements.<\/li>\r\r\n<li>Durable aluminum construction ensures long-lasting performance and resistance to corrosion, even in harsh environments.<\/li>\r\r\n<li>Customizable design allows for flexible integration into various industrial and architectural applications.<\/li>\r\r\n<li>Lightweight yet strong, making it easy to handle and install while maintaining structural integrity.<\/li>\r\r\n<li>Ideal for use in HVAC systems, enclosures, and facades where high airflow and environmental protection are required.<\/li>","product_chanpin_blog":"<ul>\r\r\n<li><a href=\"https:\/\/sinoextrud.com\/t-slot-v-slot-differences\/\" target=\"_blank\">t slot vs v slot<\/a><\/li>\r\r\n<li><a href=\"https:\/\/sinoextrud.com\/what-is-4040-aluminium-extrud\/\" target=\"_blank\">4040 aluminium extrusion<\/a><\/li>\r\r\n<li><a href=\"https:\/\/sinoextrud.com\/what-is-4040-aluminium-extrud\/\" target=\"_blank\">aluminum extrusions for industrial racks<\/a><\/li>\r\r\n<li><a href=\"https:\/\/sinoextrud.com\/powder-coating-aluminium-process\/\" target=\"_blank\">powder coating aluminium<\/a><\/li>\r\r\n<li><a href=\"https:\/\/sinoextrud.com\/what-is-an-aluminium-strip-ceiling\/\" target=\"_blank\">aluminium strip ceiling<\/a><\/li>\r\r\n<li><a href=\"https:\/\/sinoextrud.com\/what-is-a-heat-sink\/\" target=\"_blank\">what is a heat sink<\/a><\/li>\r\r\n<\/ul>","product_chanpin_chanpin":"<li><a href=\"https:\/\/sinoextrud.com\/product\/sailboat-mast-extrusions\/\" target=\"_blank\">Sailboat mast extrusions<\/a><\/li>\r\n<li><a href=\"https:\/\/sinoextrud.com\/product\/v-rail-aluminum-extrusion-profiles-pipeline\/\" target=\"_blank\">V Rail Aluminum Extrusion Profiles Pipeline<\/a><\/li>\r\n<li><a href=\"https:\/\/sinoextrud.com\/product\/t-track-aluminium-extrusion-industrial-usage\/\" target=\"_blank\">T Track Aluminium Extrusion Industrial Usage<\/a><\/li>\r\n<li><a href=\"https:\/\/sinoextrud.com\/product\/2024-2014-alloy-aluminum-profiles\/\" target=\"_blank\">2024 2014 Alloy Aluminum Profiles<\/a><\/li>\r\n<li><a href=\"https:\/\/sinoextrud.com\/product\/300mm-aluminium-louvre-extrusion\/\" target=\"_blank\">300mm Aluminium Louvre Extrusion<\/a><\/li>\r\n<li><a href=\"https:\/\/sinoextrud.com\/product\/40mm-aluminium-extrusion\/\" target=\"_blank\">40mm Aluminium Extrusion<\/a><\/li>\r\n<li><a href=\"https:\/\/sinoextrud.com\/product\/6063-and-6061-extruded-led-lighting-telecommunications-and-audio-industrial-aluminum-heat-sink-profile\/\" target=\"_blank\">6063 and 6061 Extruded LED Lighting Telecommunications and Audio Industrial Aluminum Heat Sink Profile<\/a><\/li>\r\n<li><a href=\"https:\/\/sinoextrud.com\/product\/6063-t5-alloy-industrial-aluminum-extrusions-aluminum-profile-with-anodized-surface-treatment\/\" target=\"_blank\">6063 T5 Alloy Industrial Aluminum Extrusions Aluminum Profile With Anodized Surface Treatment<\/a><\/li>\r\n<li><a href=\"https:\/\/sinoextrud.com\/product\/alu-profile-system\/\" target=\"_blank\">Alu Profile System<\/a><\/li>\r\n<li><a href=\"https:\/\/sinoextrud.com\/product\/6063-t5-aluminum-extruded-profiles\/\" target=\"_blank\">6063 T5 Aluminum Extruded Profiles<\/a><\/li>\r\n<li><a href=\"https:\/\/sinoextrud.com\/product\/6063-multiple-size-extruded-aluminium-t-slot\/\" target=\"_blank\">6063 Multiple Size Extruded Aluminium T Slot<\/a><\/li>"},"feature_list":[]},"_links":{"self":[{"href":"https:\/\/sinoextrud.com\/cs\/wp-json\/wp\/v2\/product\/8100","targetHints":{"allow":["GET"]}}],"collection":[{"href":"https:\/\/sinoextrud.com\/cs\/wp-json\/wp\/v2\/product"}],"about":[{"href":"https:\/\/sinoextrud.com\/cs\/wp-json\/wp\/v2\/types\/product"}],"wp:featuredmedia":[{"embeddable":true,"href":"https:\/\/sinoextrud.com\/cs\/wp-json\/wp\/v2\/media\/8099"}],"wp:attachment":[{"href":"https:\/\/sinoextrud.com\/cs\/wp-json\/wp\/v2\/media?parent=8100"}],"wp:term":[{"taxonomy":"category","embeddable":true,"href":"https:\/\/sinoextrud.com\/cs\/wp-json\/wp\/v2\/categories?post=8100"}],"curies":[{"name":"wp","href":"https:\/\/api.w.org\/{rel}","templated":true}]}}