{"id":8098,"date":"2025-06-13T01:48:40","date_gmt":"2025-06-13T01:48:40","guid":{"rendered":"https:\/\/sinoextrud.com\/product\/2024-2014-alloy-aluminum-profiles\/"},"modified":"2025-06-24T06:23:02","modified_gmt":"2025-06-24T06:23:02","slug":"2024-2014-hlinikove-profily","status":"publish","type":"product","link":"https:\/\/sinoextrud.com\/cs\/product\/2024-2014-alloy-aluminum-profiles\/","title":{"rendered":"2024 2014 Slitinov\u00e9 hlin\u00edkov\u00e9 profily"},"content":{"rendered":"<h2>Podrobnosti o produktech<\/h2>\n<table class=\"custom-table\">\n<tbody>\n<tr>\n<td> Jm\u00e9no:<\/td>\n<td> 2024 2014 Slitinov\u00e9 hlin\u00edkov\u00e9 profily<\/td>\n<\/tr>\n<tr>\n<td> Zna\u010dka:<\/td>\n<td> Sinoextrud \/ Sinoextrud<\/td>\n<\/tr>\n<tr>\n<td> Materi\u00e1l:<\/td>\n<td> \u0158ada 2000<\/td>\n<\/tr>\n<tr>\n<td> M\u00edrnost:<\/td>\n<td> T4-T6<\/td>\n<\/tr>\n<tr>\n<td> D\u00e9lka:<\/td>\n<td> P\u0159izp\u016fsoben\u00ed<\/td>\n<\/tr>\n<tr>\n<td> Povrchov\u00e1 \u00faprava:<\/td>\n<td> Povrchov\u00e1 \u00faprava fr\u00e9zov\u00e1n\u00edm, eloxov\u00e1n\u00edm, povlakem PVDF atd.<\/td>\n<\/tr>\n<tr>\n<td> Pou\u017eit\u00ed:<\/td>\n<td> Pr\u016fmysl, architektura<\/td>\n<\/tr>\n<tr>\n<td> Barva:<\/td>\n<td> P\u0159izp\u016fsoben\u00e9<\/td>\n<\/tr>\n<tr>\n<td> Certifikace:<\/td>\n<td> ISO9001-2008, CE, BV, JIS, AS, NZS, QUALICOAT<\/td>\n<\/tr>\n<tr>\n<td> V\u00fdroba:<\/td>\n<td> \u0158ez\u00e1n\u00ed, fr\u00e9zov\u00e1n\u00ed, vrt\u00e1n\u00ed, d\u011brov\u00e1n\u00ed atd.<\/td>\n<\/tr>\n<tr>\n<td> Od:<\/td>\n<td> Foshan, Guangdong, \u010c\u00edna<\/td>\n<\/tr>\n<\/tbody>\n<\/table>\n<h2>Na\u0161e v\u00fdrobn\u00ed z\u00e1kladna<\/h2>\n<h3>Panorama tov\u00e1rny<\/h3>\n<p><img decoding=\"async\" src=\"\/wp-content\/uploads\/factory-01.webp\"\/><\/p>\n<h3>D\u00edlna na v\u00fdrobu hlin\u00edkov\u00fdch ty\u010d\u00ed<\/h3>\n<p><img decoding=\"async\" src=\"\/wp-content\/uploads\/factory-02.webp\"\/><\/p>\n<p><img decoding=\"async\" src=\"\/wp-content\/uploads\/factory-03.webp\"\/><\/p>\n<h3>Sklad pl\u00edsn\u00ed<\/h3>\n<p><img decoding=\"async\" src=\"\/wp-content\/uploads\/factory-04.webp\"\/><\/p>\n<h3>43 linek na vytla\u010dov\u00e1n\u00ed hlin\u00edku (500 - 5500 tun)<\/h3>\n<p><img decoding=\"async\" src=\"\/wp-content\/uploads\/factory-05.webp\"\/><\/p>\n<p><img decoding=\"async\" src=\"\/wp-content\/uploads\/factory-06.webp\"\/><\/p>\n<p><img decoding=\"async\" src=\"\/wp-content\/uploads\/factory-07.webp\"\/><\/p>\n<h3>D\u00edlna pr\u00e1\u0161kov\u00e9ho lakov\u00e1n\u00ed<\/h3>\n<p><img decoding=\"async\" src=\"\/wp-content\/uploads\/factory-09.webp\"\/><\/p>\n<h3>D\u00edlna eloxov\u00e1n\u00ed<\/h3>\n<p><img decoding=\"async\" src=\"\/wp-content\/uploads\/factory-10.webp\"\/><\/p>\n<h3>Workshop o hloubkov\u00e9m zpracov\u00e1n\u00ed<\/h3>\n<p><img decoding=\"async\" src=\"\/wp-content\/uploads\/factory-11.webp\"\/><\/p>\n<h3>D\u00edlna CNC p\u0159esn\u00e9ho obr\u00e1b\u011bn\u00ed<\/h3>\n<p><img decoding=\"async\" src=\"\/wp-content\/uploads\/factory-11.5.webp\"\/><\/p>\n<h3>Sklad hotov\u00fdch v\u00fdrobk\u016f a exportn\u00ed sklad<\/h3>\n<p><img decoding=\"async\" src=\"\/wp-content\/uploads\/factory-12.webp\"\/><\/p>\n<p><img decoding=\"async\" src=\"\/wp-content\/uploads\/factory-13.webp\"\/><\/p>\n<p><img decoding=\"async\" src=\"\/wp-content\/uploads\/factory-14.webp\"\/><\/p>\n<h2>\u010cASTO KLADEN\u00c9 DOTAZY<\/h2>\n<p><p><b>1.K \u010demu se pou\u017e\u00edvaj\u00ed hlin\u00edkov\u00e9 profily ze slitin 2024 a 2014? <\/b><\/p>\n<p> Hlin\u00edkov\u00e9 profily ze slitin 2024 a 2014 se d\u00edky sv\u00e9 vynikaj\u00edc\u00ed pevnosti a odolnosti proti \u00fanav\u011b b\u011b\u017en\u011b pou\u017e\u00edvaj\u00ed v leteck\u00e9m a automobilov\u00e9m pr\u016fmyslu a v konstruk\u010dn\u00edch aplikac\u00edch s vysok\u00fdm zat\u00ed\u017een\u00edm.<br \/>\n<\/p><br \/>\n<br \/>\n<p><b>2.Jak\u00fd je hlavn\u00ed rozd\u00edl mezi hlin\u00edkovou slitinou 2024 a 2014? <\/b><\/p>\n<p> 2024 nab\u00edz\u00ed vy\u0161\u0161\u00ed odolnost proti \u00fanav\u011b, zat\u00edmco 2014 poskytuje lep\u0161\u00ed obrobitelnost a m\u00edrn\u011b vy\u0161\u0161\u00ed pevnost, tak\u017ee jsou ob\u011b vhodn\u00e9 pro r\u016fzn\u00e9 p\u0159esn\u00e9 aplikace.<br \/>\n<\/p><br \/>\n<br \/>\n<p><b>3.Jsou hlin\u00edkov\u00e9 profily 2024 a 2014 tepeln\u011b zpracovateln\u00e9? <\/b><\/p>\n<p> Ano, slitiny 2024 i 2014 jsou tepeln\u011b zpracovateln\u00e9, co\u017e umo\u017e\u0148uje zv\u00fd\u0161it mechanickou pevnost a v\u00fdkon v n\u00e1ro\u010dn\u00fdch podm\u00ednk\u00e1ch.<br \/>\n<\/p><br \/>\n<br \/>\n<p><b>4.Je hlin\u00edk 2024\/2014 vhodn\u00fd pro obr\u00e1b\u011bn\u00ed? <\/b><\/p>\n<p> Slitiny 2024 i 2014 se vyzna\u010duj\u00ed vynikaj\u00edc\u00ed obrobitelnost\u00ed, tak\u017ee jsou ide\u00e1ln\u00ed pro detailn\u00ed a vysoce p\u0159esn\u00e9 sou\u010d\u00e1sti.<br \/>\n<\/p><br \/>\n<br \/>\n<p><b>5.Lze hlin\u00edkov\u00e9 profily 2024 a 2014 p\u0159izp\u016fsobit? <\/b><\/p>\n<p> Ano, poskytujeme zak\u00e1zkov\u00e9 v\u00fdlisky, d\u00e9lky a povrchov\u00e9 \u00fapravy, kter\u00e9 spl\u0148uj\u00ed specifick\u00e9 po\u017eadavky pr\u016fmyslov\u00fdch a stroj\u00edrensk\u00fdch projekt\u016f.<br \/>\n<\/p><br \/>\n<br \/>\n<p><b>6.Jak siln\u00e9 jsou hlin\u00edkov\u00e9 profily ze slitiny 2024 a 2014? <\/b><\/p>\n<p> Tyto slitiny pat\u0159\u00ed mezi hlin\u00edkov\u00e9 materi\u00e1ly s nejvy\u0161\u0161\u00ed pevnost\u00ed, tak\u017ee jsou vhodn\u00e9 pro konstruk\u010dn\u00ed a nosn\u00e9 aplikace.<br \/>\n<\/p><br \/>\n<br \/>\n<p><b>7.Odol\u00e1vaj\u00ed tyto hlin\u00edkov\u00e9 profily dob\u0159e korozi? <\/b><\/p>\n<p> Slitiny 2024 a 2014 maj\u00ed dobrou pevnost, ale jsou m\u00e9n\u011b odoln\u00e9 proti korozi ne\u017e ostatn\u00ed t\u0159\u00eddy, tak\u017ee pro venkovn\u00ed pou\u017eit\u00ed se doporu\u010duje povrchov\u00e1 \u00faprava nebo ochrann\u00e9 povlaky.<br \/>\n<\/p><br \/><\/p>","protected":false},"featured_media":8097,"template":"","categories":[54],"class_list":["post-8098","product","type-product","status-publish","has-post-thumbnail","hentry","category-industrial-aluminum-profiles"],"meta_box":{"hilight_text_group":{"product_hilight_text":"<li>High-strength aluminum alloy ideal for structural and aerospace applications.<\/li>\r\r\n<li>Excellent machinability for precision components and complex designs.<\/li>\r\r\n<li>Superior fatigue resistance ensures long-term performance under stress.<\/li>\r\r\n<li>Good thermal and electrical conductivity for industrial use.<\/li>\r\r\n<li>Available in a range of custom extrusions and profiles.<\/li>\r\r\n<li>Lightweight material helps reduce overall assembly weight.<\/li>\r\r\n<li>Heat treatable to enhance mechanical properties and strength.<\/li>","product_chanpin_blog":"<ul>\r\r\n<li><a href=\"https:\/\/sinoextrud.com\/t-slot-v-slot-differences\/\" target=\"_blank\">t slot vs v slot<\/a><\/li>\r\r\n<li><a href=\"https:\/\/sinoextrud.com\/what-is-4040-aluminium-extrud\/\" target=\"_blank\">4040 aluminium extrusion<\/a><\/li>\r\r\n<li><a href=\"https:\/\/sinoextrud.com\/what-is-4040-aluminium-extrud\/\" target=\"_blank\">aluminum extrusions for industrial racks<\/a><\/li>\r\r\n<li><a href=\"https:\/\/sinoextrud.com\/powder-coating-aluminium-process\/\" target=\"_blank\">powder coating aluminium<\/a><\/li>\r\r\n<li><a href=\"https:\/\/sinoextrud.com\/what-is-an-aluminium-strip-ceiling\/\" target=\"_blank\">aluminium strip ceiling<\/a><\/li>\r\r\n<li><a href=\"https:\/\/sinoextrud.com\/what-is-a-heat-sink\/\" target=\"_blank\">what is a heat sink<\/a><\/li>\r\r\n<\/ul>","product_chanpin_chanpin":"<li><a href=\"https:\/\/sinoextrud.com\/product\/t-slot-framing-systems\/\" target=\"_blank\">T Slot Framing Systems<\/a><\/li>\r\n<li><a href=\"https:\/\/sinoextrud.com\/product\/sailboat-mast-extrusions\/\" target=\"_blank\">Sailboat mast extrusions<\/a><\/li>\r\n<li><a href=\"https:\/\/sinoextrud.com\/product\/v-rail-aluminum-extrusion-profiles-pipeline\/\" target=\"_blank\">V Rail Aluminum Extrusion Profiles Pipeline<\/a><\/li>\r\n<li><a href=\"https:\/\/sinoextrud.com\/product\/t-track-aluminium-extrusion-industrial-usage\/\" target=\"_blank\">T Track Aluminium Extrusion Industrial Usage<\/a><\/li>\r\n<li><a href=\"https:\/\/sinoextrud.com\/product\/2024-2014-alloy-aluminum-profiles\/\" target=\"_blank\">2024 2014 Alloy Aluminum Profiles<\/a><\/li>\r\n<li><a href=\"https:\/\/sinoextrud.com\/product\/300mm-aluminium-louvre-extrusion\/\" target=\"_blank\">300mm Aluminium Louvre Extrusion<\/a><\/li>\r\n<li><a href=\"https:\/\/sinoextrud.com\/product\/40mm-aluminium-extrusion\/\" target=\"_blank\">40mm Aluminium Extrusion<\/a><\/li>\r\n<li><a href=\"https:\/\/sinoextrud.com\/product\/6063-and-6061-extruded-led-lighting-telecommunications-and-audio-industrial-aluminum-heat-sink-profile\/\" target=\"_blank\">6063 and 6061 Extruded LED Lighting Telecommunications and Audio Industrial Aluminum Heat Sink Profile<\/a><\/li>\r\n<li><a href=\"https:\/\/sinoextrud.com\/product\/6063-t5-alloy-industrial-aluminum-extrusions-aluminum-profile-with-anodized-surface-treatment\/\" target=\"_blank\">6063 T5 Alloy Industrial Aluminum Extrusions Aluminum Profile With Anodized Surface Treatment<\/a><\/li>\r\n<li><a href=\"https:\/\/sinoextrud.com\/product\/aluminum-window-frames-mosquito-netting-suppliers\/\" target=\"_blank\">Aluminum Window Frames Mosquito Netting Suppliers<\/a><\/li>\r\n<li><a href=\"https:\/\/sinoextrud.com\/product\/small-aluminium-extrusions\/\" target=\"_blank\">Small Aluminium Extrusions<\/a><\/li>"},"feature_list":[]},"_links":{"self":[{"href":"https:\/\/sinoextrud.com\/cs\/wp-json\/wp\/v2\/product\/8098","targetHints":{"allow":["GET"]}}],"collection":[{"href":"https:\/\/sinoextrud.com\/cs\/wp-json\/wp\/v2\/product"}],"about":[{"href":"https:\/\/sinoextrud.com\/cs\/wp-json\/wp\/v2\/types\/product"}],"wp:featuredmedia":[{"embeddable":true,"href":"https:\/\/sinoextrud.com\/cs\/wp-json\/wp\/v2\/media\/8097"}],"wp:attachment":[{"href":"https:\/\/sinoextrud.com\/cs\/wp-json\/wp\/v2\/media?parent=8098"}],"wp:term":[{"taxonomy":"category","embeddable":true,"href":"https:\/\/sinoextrud.com\/cs\/wp-json\/wp\/v2\/categories?post=8098"}],"curies":[{"name":"wp","href":"https:\/\/api.w.org\/{rel}","templated":true}]}}