{"id":8096,"date":"2025-06-13T01:46:57","date_gmt":"2025-06-13T01:46:57","guid":{"rendered":"https:\/\/sinoextrud.com\/product\/t-track-aluminium-extrusion-industrial-usage\/"},"modified":"2025-06-24T06:23:01","modified_gmt":"2025-06-24T06:23:01","slug":"t-track-hlinikove-vylisky-prumyslove-pouziti","status":"publish","type":"product","link":"https:\/\/sinoextrud.com\/cs\/product\/t-track-aluminium-extrusion-industrial-usage\/","title":{"rendered":"T Track Aluminium Extrusion Pr\u016fmyslov\u00e9 vyu\u017eit\u00ed"},"content":{"rendered":"<h2>Podrobnosti o produktech<\/h2>\n<table class=\"custom-table\">\n<tbody>\n<tr>\n<td> T\u0159\u00edda:<\/td>\n<td> 6063 -t5<\/td>\n<\/tr>\n<tr>\n<td> Technika:<\/td>\n<td> T Track Aluminium Extrusion Pr\u016fmyslov\u00e9 vyu\u017eit\u00ed<\/td>\n<\/tr>\n<tr>\n<td> M\u00edrnost:<\/td>\n<td> T3 - T8<\/td>\n<\/tr>\n<tr>\n<td> Obr\u00e1b\u011bc\u00ed slu\u017eby:<\/td>\n<td> Vrt\u00e1n\u00ed, z\u00e1vitov\u00e1n\u00ed, n\u00fdtov\u00e1n\u00ed, mont\u00e1\u017e atd.<\/td>\n<\/tr>\n<tr>\n<td> Ochrann\u00e1 zn\u00e1mka:<\/td>\n<td> Sinoextrud Sinoextrud <\/td>\n<\/tr>\n<tr>\n<td> Typ:<\/td>\n<td> T Track Aluminium Extrusion Pr\u016fmyslov\u00e9 vyu\u017eit\u00ed<\/td>\n<\/tr>\n<tr>\n<td> Tvar:<\/td>\n<td> Vyrobeno podle n\u00e1vrhu klienta<\/td>\n<\/tr>\n<tr>\n<td> Povrchov\u00e1 \u00faprava:<\/td>\n<td> Anodizovan\u00fd kart\u00e1\u010dovan\u00fd povrch<\/td>\n<\/tr>\n<tr>\n<td> D\u00e9lka:<\/td>\n<td> 1m a\u017e 9m na d\u00e9lku<\/td>\n<\/tr>\n<tr>\n<td> Barvy:<\/td>\n<td> St\u0159\u00edbrn\u00e1 \u010dern\u00e1<\/td>\n<\/tr>\n<tr>\n<td> K\u00f3d HS:<\/td>\n<td> 76042990<\/td>\n<\/tr>\n<\/tbody>\n<\/table>\n<h2>Na\u0161e v\u00fdrobn\u00ed z\u00e1kladna<\/h2>\n<h3>Panorama tov\u00e1rny<\/h3>\n<p><img decoding=\"async\" src=\"\/wp-content\/uploads\/factory-01.webp\"\/><\/p>\n<h3>D\u00edlna na v\u00fdrobu hlin\u00edkov\u00fdch ty\u010d\u00ed<\/h3>\n<p><img decoding=\"async\" src=\"\/wp-content\/uploads\/factory-02.webp\"\/><\/p>\n<p><img decoding=\"async\" src=\"\/wp-content\/uploads\/factory-03.webp\"\/><\/p>\n<h3>Sklad pl\u00edsn\u00ed<\/h3>\n<p><img decoding=\"async\" src=\"\/wp-content\/uploads\/factory-04.webp\"\/><\/p>\n<h3>43 linek na vytla\u010dov\u00e1n\u00ed hlin\u00edku (500 - 5500 tun)<\/h3>\n<p><img decoding=\"async\" src=\"\/wp-content\/uploads\/factory-05.webp\"\/><\/p>\n<p><img decoding=\"async\" src=\"\/wp-content\/uploads\/factory-06.webp\"\/><\/p>\n<p><img decoding=\"async\" src=\"\/wp-content\/uploads\/factory-07.webp\"\/><\/p>\n<h3>D\u00edlna pr\u00e1\u0161kov\u00e9ho lakov\u00e1n\u00ed<\/h3>\n<p><img decoding=\"async\" src=\"\/wp-content\/uploads\/factory-09.webp\"\/><\/p>\n<h3>D\u00edlna eloxov\u00e1n\u00ed<\/h3>\n<p><img decoding=\"async\" src=\"\/wp-content\/uploads\/factory-10.webp\"\/><\/p>\n<h3>Workshop o hloubkov\u00e9m zpracov\u00e1n\u00ed<\/h3>\n<p><img decoding=\"async\" src=\"\/wp-content\/uploads\/factory-11.webp\"\/><\/p>\n<h3>D\u00edlna CNC p\u0159esn\u00e9ho obr\u00e1b\u011bn\u00ed<\/h3>\n<p><img decoding=\"async\" src=\"\/wp-content\/uploads\/factory-11.5.webp\"\/><\/p>\n<h3>Sklad hotov\u00fdch v\u00fdrobk\u016f a exportn\u00ed sklad<\/h3>\n<p><img decoding=\"async\" src=\"\/wp-content\/uploads\/factory-12.webp\"\/><\/p>\n<p><img decoding=\"async\" src=\"\/wp-content\/uploads\/factory-13.webp\"\/><\/p>\n<p><img decoding=\"async\" src=\"\/wp-content\/uploads\/factory-14.webp\"\/><\/p>\n<h2>\u010cASTO KLADEN\u00c9 DOTAZY<\/h2>\n<p><p><b>1.K \u010demu se pou\u017e\u00edvaj\u00ed hlin\u00edkov\u00e9 v\u00fdlisky T Track?<\/b><\/p>\n<p>Hlin\u00edkov\u00e9 v\u00fdlisky T Track se pou\u017e\u00edvaj\u00ed k vytv\u00e1\u0159en\u00ed nastaviteln\u00fdch a modul\u00e1rn\u00edch syst\u00e9m\u016f v pr\u016fmyslov\u00fdch aplikac\u00edch, jako jsou pracovn\u00ed stanice, mont\u00e1\u017en\u00ed linky a r\u00e1my na zak\u00e1zku.<br \/>\n<\/p><br \/>\n<br \/>\n<p><b>2.Pro\u010d je hlin\u00edk ide\u00e1ln\u00ed pro v\u00fdlisky T Track?<\/b><\/p>\n<p>Hlin\u00edk je lehk\u00fd, pevn\u00fd a odoln\u00fd proti korozi, co\u017e z n\u011bj \u010din\u00ed ide\u00e1ln\u00ed materi\u00e1l pro v\u00fdlisky T Track, kter\u00e9 mus\u00ed odol\u00e1vat pr\u016fmyslov\u00e9mu prost\u0159ed\u00ed a z\u00e1rove\u0148 nab\u00edzet snadnou manipulaci a trvanlivost.<br \/>\n<\/p><br \/>\n<br \/>\n<p><b>3.Can T Track hlin\u00edkov\u00e9 v\u00fdlisky b\u00fdt p\u0159izp\u016fsoben?<\/b><\/p>\n<p>Ano, tyto v\u00fdlisky lze p\u0159izp\u016fsobit z hlediska velikosti, tvaru a profilu, aby vyhovovaly specifick\u00fdm pr\u016fmyslov\u00fdm pot\u0159eb\u00e1m a zlep\u0161ily funk\u010dnost modul\u00e1rn\u00edch syst\u00e9m\u016f.<br \/>\n<\/p><br \/>\n<br \/>\n<p><b>4.Jak hlin\u00edkov\u00e9 v\u00fdlisky T Track zlep\u0161uj\u00ed provozn\u00ed efektivitu?<\/b><\/p>\n<p>Modul\u00e1rn\u00ed charakter hlin\u00edkov\u00fdch v\u00fdlisk\u016f T Track umo\u017e\u0148uje rychl\u00e9 \u00fapravy, snadnou zm\u011bnu konfigurace a rychlej\u0161\u00ed mont\u00e1\u017e, co\u017e zvy\u0161uje celkovou efektivitu pr\u016fmyslov\u00fdch provoz\u016f.<br \/>\n<\/p><br \/>\n<br \/>\n<p><b>5.Jsou hlin\u00edkov\u00e9 v\u00fdlisky T Track odoln\u00e9 proti korozi?<\/b><\/p>\n<p>Ano, hlin\u00edkov\u00e9 v\u00fdlisky T Track jsou navr\u017eeny z hlin\u00edku odoln\u00e9ho proti korozi, tak\u017ee jsou ide\u00e1ln\u00ed pro vnit\u0159n\u00ed i venkovn\u00ed pr\u016fmyslov\u00e9 pou\u017eit\u00ed, a to i v drsn\u00fdch podm\u00ednk\u00e1ch.<br \/>\n<\/p><br \/>\n<br \/>\n<p><b>6.Jak snadn\u00e1 je instalace hlin\u00edkov\u00fdch profil\u016f T Track?<\/b><\/p>\n<p>Instalace je jednoduch\u00e1, proto\u017ee tyto v\u00fdlisky lze snadno montovat pomoc\u00ed standardn\u00edch spojovac\u00edch prvk\u016f, co\u017e zkracuje dobu p\u0159\u00edpravy a sni\u017euje n\u00e1klady na pr\u00e1ci p\u0159i v\u00fdrob\u011b.<br \/>\n<\/p><br \/>\n<br \/>\n<p><b>7.Pro jak\u00e1 pr\u016fmyslov\u00e1 odv\u011btv\u00ed jsou hlin\u00edkov\u00e9 v\u00fdlisky T Track v\u00fdhodn\u00e9?<\/b><\/p>\n<p>Pr\u016fmyslov\u00e1 odv\u011btv\u00ed, jako je v\u00fdroba, automatizace, robotika a stavebnictv\u00ed, vyu\u017e\u00edvaj\u00ed flexibilitu a pevnost hlin\u00edkov\u00fdch v\u00fdlisk\u016f T Track pro vytv\u00e1\u0159en\u00ed p\u0159izp\u016fsoben\u00fdch a efektivn\u00edch syst\u00e9m\u016f.<br \/>\n<\/p><br \/><\/p>","protected":false},"featured_media":8095,"template":"","categories":[54],"class_list":["post-8096","product","type-product","status-publish","has-post-thumbnail","hentry","category-industrial-aluminum-profiles"],"meta_box":{"hilight_text_group":{"product_hilight_text":"<li>Versatile T-track design allows for easy integration and adjustment of components in industrial applications.<\/li>\r\r\n<li>High-strength aluminum ensures durability and stability in demanding environments.<\/li>\r\r\n<li>Corrosion-resistant properties make it suitable for use in various industrial settings, including outdoor environments.<\/li>\r\r\n<li>Customizable profiles to meet specific industrial requirements and improve operational efficiency.<\/li>\r\r\n<li>Simple installation process reduces assembly time and costs in manufacturing processes.<\/li>","product_chanpin_blog":"<ul>\r\r\n<li><a href=\"https:\/\/sinoextrud.com\/t-slot-v-slot-differences\/\" target=\"_blank\">t slot vs v slot<\/a><\/li>\r\r\n<li><a href=\"https:\/\/sinoextrud.com\/what-is-4040-aluminium-extrud\/\" target=\"_blank\">4040 aluminium extrusion<\/a><\/li>\r\r\n<li><a href=\"https:\/\/sinoextrud.com\/what-is-4040-aluminium-extrud\/\" target=\"_blank\">aluminum extrusions for industrial racks<\/a><\/li>\r\r\n<li><a href=\"https:\/\/sinoextrud.com\/powder-coating-aluminium-process\/\" target=\"_blank\">powder coating aluminium<\/a><\/li>\r\r\n<li><a href=\"https:\/\/sinoextrud.com\/what-is-an-aluminium-strip-ceiling\/\" target=\"_blank\">aluminium strip ceiling<\/a><\/li>\r\r\n<li><a href=\"https:\/\/sinoextrud.com\/what-is-a-heat-sink\/\" target=\"_blank\">what is a heat sink<\/a><\/li>\r\r\n<\/ul>","product_chanpin_chanpin":"<li><a href=\"https:\/\/sinoextrud.com\/product\/t-shaped-aluminium-extrusion\/\" target=\"_blank\">T Shaped Aluminium Extrusion<\/a><\/li>\r\n<li><a href=\"https:\/\/sinoextrud.com\/product\/t-slot-framing-systems\/\" target=\"_blank\">T Slot Framing Systems<\/a><\/li>\r\n<li><a href=\"https:\/\/sinoextrud.com\/product\/sailboat-mast-extrusions\/\" target=\"_blank\">Sailboat mast extrusions<\/a><\/li>\r\n<li><a href=\"https:\/\/sinoextrud.com\/product\/v-rail-aluminum-extrusion-profiles-pipeline\/\" target=\"_blank\">V Rail Aluminum Extrusion Profiles Pipeline<\/a><\/li>\r\n<li><a href=\"https:\/\/sinoextrud.com\/product\/t-track-aluminium-extrusion-industrial-usage\/\" target=\"_blank\">T Track Aluminium Extrusion Industrial Usage<\/a><\/li>\r\n<li><a href=\"https:\/\/sinoextrud.com\/product\/2024-2014-alloy-aluminum-profiles\/\" target=\"_blank\">2024 2014 Alloy Aluminum Profiles<\/a><\/li>\r\n<li><a href=\"https:\/\/sinoextrud.com\/product\/300mm-aluminium-louvre-extrusion\/\" target=\"_blank\">300mm Aluminium Louvre Extrusion<\/a><\/li>\r\n<li><a href=\"https:\/\/sinoextrud.com\/product\/40mm-aluminium-extrusion\/\" target=\"_blank\">40mm Aluminium Extrusion<\/a><\/li>\r\n<li><a href=\"https:\/\/sinoextrud.com\/product\/6063-and-6061-extruded-led-lighting-telecommunications-and-audio-industrial-aluminum-heat-sink-profile\/\" target=\"_blank\">6063 and 6061 Extruded LED Lighting Telecommunications and Audio Industrial Aluminum Heat Sink Profile<\/a><\/li>\r\n<li><a href=\"https:\/\/sinoextrud.com\/product\/sailboat-mast-extrusions\/\" target=\"_blank\">Sailboat mast extrusions<\/a><\/li>\r\n<li><a href=\"https:\/\/sinoextrud.com\/product\/picture-frame-extrusions\/\" target=\"_blank\">Picture Frame Extrusions<\/a><\/li>"},"feature_list":[]},"_links":{"self":[{"href":"https:\/\/sinoextrud.com\/cs\/wp-json\/wp\/v2\/product\/8096","targetHints":{"allow":["GET"]}}],"collection":[{"href":"https:\/\/sinoextrud.com\/cs\/wp-json\/wp\/v2\/product"}],"about":[{"href":"https:\/\/sinoextrud.com\/cs\/wp-json\/wp\/v2\/types\/product"}],"wp:featuredmedia":[{"embeddable":true,"href":"https:\/\/sinoextrud.com\/cs\/wp-json\/wp\/v2\/media\/8095"}],"wp:attachment":[{"href":"https:\/\/sinoextrud.com\/cs\/wp-json\/wp\/v2\/media?parent=8096"}],"wp:term":[{"taxonomy":"category","embeddable":true,"href":"https:\/\/sinoextrud.com\/cs\/wp-json\/wp\/v2\/categories?post=8096"}],"curies":[{"name":"wp","href":"https:\/\/api.w.org\/{rel}","templated":true}]}}