{"id":8094,"date":"2025-06-13T01:45:40","date_gmt":"2025-06-13T01:45:40","guid":{"rendered":"https:\/\/sinoextrud.com\/product\/v-rail-aluminum-extrusion-profiles-pipeline\/"},"modified":"2025-06-24T06:23:01","modified_gmt":"2025-06-24T06:23:01","slug":"v-rail-hlinikove-vytlacovaci-profily-potrubi","status":"publish","type":"product","link":"https:\/\/sinoextrud.com\/cs\/product\/v-rail-aluminum-extrusion-profiles-pipeline\/","title":{"rendered":"V Rail hlin\u00edkov\u00e9 vytla\u010dovac\u00ed profily Pipeline"},"content":{"rendered":"<h2>Podrobnosti o produktech<\/h2>\n<table class=\"custom-table\">\n<tbody>\n<tr>\n<td> T\u0159\u00edda:<\/td>\n<td> 6063 -t5<\/td>\n<\/tr>\n<tr>\n<td> Technika:<\/td>\n<td> V Rail hlin\u00edkov\u00e9 vytla\u010dovac\u00ed profily Pipeline<\/td>\n<\/tr>\n<tr>\n<td> M\u00edrnost:<\/td>\n<td> T3 - T8<\/td>\n<\/tr>\n<tr>\n<td> Obr\u00e1b\u011bc\u00ed slu\u017eby:<\/td>\n<td> Vrt\u00e1n\u00ed, z\u00e1vitov\u00e1n\u00ed, n\u00fdtov\u00e1n\u00ed, mont\u00e1\u017e atd.<\/td>\n<\/tr>\n<tr>\n<td> Ochrann\u00e1 zn\u00e1mka:<\/td>\n<td> Sinoextrud Sinoextrud <\/td>\n<\/tr>\n<tr>\n<td> Typ:<\/td>\n<td> V Rail hlin\u00edkov\u00e9 vytla\u010dovac\u00ed profily Pipeline<\/td>\n<\/tr>\n<tr>\n<td> Tvar:<\/td>\n<td> Vyrobeno podle n\u00e1vrhu klienta<\/td>\n<\/tr>\n<tr>\n<td> Povrchov\u00e1 \u00faprava:<\/td>\n<td> Anodizovan\u00fd kart\u00e1\u010dovan\u00fd povrch<\/td>\n<\/tr>\n<tr>\n<td> D\u00e9lka:<\/td>\n<td> 1m a\u017e 9m na d\u00e9lku<\/td>\n<\/tr>\n<tr>\n<td> Barvy:<\/td>\n<td> St\u0159\u00edbrn\u00e1 \u010dern\u00e1<\/td>\n<\/tr>\n<tr>\n<td> K\u00f3d HS:<\/td>\n<td> 76042990<\/td>\n<\/tr>\n<\/tbody>\n<\/table>\n<h2>Na\u0161e v\u00fdrobn\u00ed z\u00e1kladna<\/h2>\n<h3>Panorama tov\u00e1rny<\/h3>\n<p><img decoding=\"async\" src=\"\/wp-content\/uploads\/factory-01.webp\"\/><\/p>\n<h3>D\u00edlna na v\u00fdrobu hlin\u00edkov\u00fdch ty\u010d\u00ed<\/h3>\n<p><img decoding=\"async\" src=\"\/wp-content\/uploads\/factory-02.webp\"\/><\/p>\n<p><img decoding=\"async\" src=\"\/wp-content\/uploads\/factory-03.webp\"\/><\/p>\n<h3>Sklad pl\u00edsn\u00ed<\/h3>\n<p><img decoding=\"async\" src=\"\/wp-content\/uploads\/factory-04.webp\"\/><\/p>\n<h3>43 linek na vytla\u010dov\u00e1n\u00ed hlin\u00edku (500 - 5500 tun)<\/h3>\n<p><img decoding=\"async\" src=\"\/wp-content\/uploads\/factory-05.webp\"\/><\/p>\n<p><img decoding=\"async\" src=\"\/wp-content\/uploads\/factory-06.webp\"\/><\/p>\n<p><img decoding=\"async\" src=\"\/wp-content\/uploads\/factory-07.webp\"\/><\/p>\n<h3>D\u00edlna pr\u00e1\u0161kov\u00e9ho lakov\u00e1n\u00ed<\/h3>\n<p><img decoding=\"async\" src=\"\/wp-content\/uploads\/factory-09.webp\"\/><\/p>\n<h3>D\u00edlna eloxov\u00e1n\u00ed<\/h3>\n<p><img decoding=\"async\" src=\"\/wp-content\/uploads\/factory-10.webp\"\/><\/p>\n<h3>Workshop o hloubkov\u00e9m zpracov\u00e1n\u00ed<\/h3>\n<p><img decoding=\"async\" src=\"\/wp-content\/uploads\/factory-11.webp\"\/><\/p>\n<h3>D\u00edlna CNC p\u0159esn\u00e9ho obr\u00e1b\u011bn\u00ed<\/h3>\n<p><img decoding=\"async\" src=\"\/wp-content\/uploads\/factory-11.5.webp\"\/><\/p>\n<h3>Sklad hotov\u00fdch v\u00fdrobk\u016f a exportn\u00ed sklad<\/h3>\n<p><img decoding=\"async\" src=\"\/wp-content\/uploads\/factory-12.webp\"\/><\/p>\n<p><img decoding=\"async\" src=\"\/wp-content\/uploads\/factory-13.webp\"\/><\/p>\n<p><img decoding=\"async\" src=\"\/wp-content\/uploads\/factory-14.webp\"\/><\/p>\n<h2>\u010cASTO KLADEN\u00c9 DOTAZY<\/h2>\n<p><p><b>1.K \u010demu se pou\u017e\u00edvaj\u00ed hlin\u00edkov\u00e9 vytla\u010dovac\u00ed profily V Rail?<\/b><\/p>\n<p>Hlin\u00edkov\u00e9 vytla\u010dovac\u00ed profily V Rail se pou\u017e\u00edvaj\u00ed p\u0159edev\u0161\u00edm k vytv\u00e1\u0159en\u00ed efektivn\u00edch a p\u0159izp\u016fsobiteln\u00fdch potrubn\u00edch \u0159e\u0161en\u00ed v r\u016fzn\u00fdch pr\u016fmyslov\u00fdch aplikac\u00edch, jako je automatizace, robotika a v\u00fdroba.<br \/>\n<\/p><br \/>\n<br \/>\n<p><b>2.Pro\u010d zvolit hlin\u00edk pro profily potrub\u00ed?<\/b><\/p>\n<p>Hlin\u00edk poskytuje vynikaj\u00edc\u00ed odolnost proti korozi, lehk\u00e9 vlastnosti a trvanlivost, co\u017e z n\u011bj \u010din\u00ed ide\u00e1ln\u00ed materi\u00e1l pro hlin\u00edkov\u00e9 profily V Rail v n\u00e1ro\u010dn\u00fdch prost\u0159ed\u00edch.<br \/>\n<\/p><br \/>\n<br \/>\n<p><b>3.Jak p\u0159izp\u016fsobiteln\u00e9 jsou hlin\u00edkov\u00e9 vytla\u010dovac\u00ed profily V Rail?<\/b><\/p>\n<p>Hlin\u00edkov\u00e9 vytla\u010dovac\u00ed profily V Rail jsou vysoce p\u0159izp\u016fsobiteln\u00e9 a umo\u017e\u0148uj\u00ed \u00fapravy tvaru, velikosti a konfigurace podle konkr\u00e9tn\u00edch pot\u0159eb aplikace.<br \/>\n<\/p><br \/>\n<br \/>\n<p><b>4.Jsou hlin\u00edkov\u00e9 vytla\u010dovac\u00ed profily V Rail vhodn\u00e9 pro n\u00e1ro\u010dn\u00e9 pou\u017eit\u00ed?<\/b><\/p>\n<p>Ano, hlin\u00edkov\u00e9 vytla\u010dovac\u00ed profily V Rail jsou navr\u017eeny pro n\u00e1ro\u010dn\u00e9 pou\u017eit\u00ed a nab\u00edzej\u00ed pevnost a spolehlivost pro pr\u016fmyslov\u00e9 a automatiza\u010dn\u00ed aplikace.<br \/>\n<\/p><br \/>\n<br \/>\n<p><b>5.Jak snadn\u00e1 je instalace hlin\u00edkov\u00fdch profil\u016f V Rail?<\/b><\/p>\n<p>Hlin\u00edkov\u00e9 vytla\u010dovac\u00ed profily V Rail jsou navr\u017eeny pro snadnou instalaci s minimem pot\u0159ebn\u00e9ho n\u00e1\u0159ad\u00ed a rychlou mont\u00e1\u017e\u00ed, co\u017e \u0161et\u0159\u00ed \u010das a sni\u017euje n\u00e1klady na pracovn\u00ed s\u00edlu.<br \/>\n<\/p><br \/>\n<br \/>\n<p><b>6.Jsou hlin\u00edkov\u00e9 vytla\u010dovac\u00ed profily V Rail odoln\u00e9 proti korozi?<\/b><\/p>\n<p>Ano, hlin\u00edkov\u00e9 vytla\u010dovac\u00ed profily V Rail jsou vyrobeny z hlin\u00edku odoln\u00e9ho proti korozi, co\u017e zaru\u010duje dlouhou \u017eivotnost i v n\u00e1ro\u010dn\u00fdch podm\u00ednk\u00e1ch.<br \/>\n<\/p><br \/>\n<br \/>\n<p><b>7.Jak\u00e1 pr\u016fmyslov\u00e1 odv\u011btv\u00ed vyu\u017e\u00edvaj\u00ed hlin\u00edkov\u00e9 vytla\u010dovac\u00ed profily V Rail?<\/b><\/p>\n<p>Odv\u011btv\u00ed, jako je automatizace, robotika, v\u00fdroba a stavebnictv\u00ed, vyu\u017e\u00edvaj\u00ed v\u00fdhod pevnosti, v\u0161estrannosti a \u00fa\u010dinnosti hlin\u00edkov\u00fdch vytla\u010dovac\u00edch profil\u016f V Rail pro \u0159e\u0161en\u00ed potrub\u00ed.<br \/>\n<\/p><br \/><\/p>","protected":false},"featured_media":8093,"template":"","categories":[54],"class_list":["post-8094","product","type-product","status-publish","has-post-thumbnail","hentry","category-industrial-aluminum-profiles"],"meta_box":{"hilight_text_group":{"product_hilight_text":"<li>High-quality aluminum extrusion for durable and lightweight pipeline solutions.<\/li>\r\r\n<li>Precise and customizable profiles to fit various industrial applications.<\/li>\r\r\n<li>Corrosion-resistant material ensuring long-term performance in harsh environments.<\/li>\r\r\n<li>Easy installation and maintenance with minimal tooling required.<\/li>\r\r\n<li>Versatile design suitable for a wide range of industries including manufacturing and automation.<\/li>","product_chanpin_blog":"<ul>\r\r\n<li><a href=\"https:\/\/sinoextrud.com\/t-slot-v-slot-differences\/\" target=\"_blank\">t slot vs v slot<\/a><\/li>\r\r\n<li><a href=\"https:\/\/sinoextrud.com\/what-is-4040-aluminium-extrud\/\" target=\"_blank\">4040 aluminium extrusion<\/a><\/li>\r\r\n<li><a href=\"https:\/\/sinoextrud.com\/what-is-4040-aluminium-extrud\/\" target=\"_blank\">aluminum extrusions for industrial racks<\/a><\/li>\r\r\n<li><a href=\"https:\/\/sinoextrud.com\/powder-coating-aluminium-process\/\" target=\"_blank\">powder coating aluminium<\/a><\/li>\r\r\n<li><a href=\"https:\/\/sinoextrud.com\/what-is-an-aluminium-strip-ceiling\/\" target=\"_blank\">aluminium strip ceiling<\/a><\/li>\r\r\n<li><a href=\"https:\/\/sinoextrud.com\/what-is-a-heat-sink\/\" target=\"_blank\">what is a heat sink<\/a><\/li>\r\r\n<\/ul>","product_chanpin_chanpin":"<li><a href=\"https:\/\/sinoextrud.com\/product\/t-shape-aluminum-extruded-profile\/\" target=\"_blank\">T Shape Aluminum Extruded Profile<\/a><\/li>\r\n<li><a href=\"https:\/\/sinoextrud.com\/product\/t-shaped-aluminium-extrusion\/\" target=\"_blank\">T Shaped Aluminium Extrusion<\/a><\/li>\r\n<li><a href=\"https:\/\/sinoextrud.com\/product\/t-slot-framing-systems\/\" target=\"_blank\">T Slot Framing Systems<\/a><\/li>\r\n<li><a href=\"https:\/\/sinoextrud.com\/product\/sailboat-mast-extrusions\/\" target=\"_blank\">Sailboat mast extrusions<\/a><\/li>\r\n<li><a href=\"https:\/\/sinoextrud.com\/product\/v-rail-aluminum-extrusion-profiles-pipeline\/\" target=\"_blank\">V Rail Aluminum Extrusion Profiles Pipeline<\/a><\/li>\r\n<li><a href=\"https:\/\/sinoextrud.com\/product\/t-track-aluminium-extrusion-industrial-usage\/\" target=\"_blank\">T Track Aluminium Extrusion Industrial Usage<\/a><\/li>\r\n<li><a href=\"https:\/\/sinoextrud.com\/product\/2024-2014-alloy-aluminum-profiles\/\" target=\"_blank\">2024 2014 Alloy Aluminum Profiles<\/a><\/li>\r\n<li><a href=\"https:\/\/sinoextrud.com\/product\/300mm-aluminium-louvre-extrusion\/\" target=\"_blank\">300mm Aluminium Louvre Extrusion<\/a><\/li>\r\n<li><a href=\"https:\/\/sinoextrud.com\/product\/40mm-aluminium-extrusion\/\" target=\"_blank\">40mm Aluminium Extrusion<\/a><\/li>\r\n<li><a href=\"https:\/\/sinoextrud.com\/product\/extruded-aluminum-t-slot-channel\/\" target=\"_blank\">Extruded Aluminum T Slot Channel<\/a><\/li>\r\n<li><a href=\"https:\/\/sinoextrud.com\/product\/aluminium-precision-tubing\/\" target=\"_blank\">Aluminium Precision Tubing<\/a><\/li>"},"feature_list":[]},"_links":{"self":[{"href":"https:\/\/sinoextrud.com\/cs\/wp-json\/wp\/v2\/product\/8094","targetHints":{"allow":["GET"]}}],"collection":[{"href":"https:\/\/sinoextrud.com\/cs\/wp-json\/wp\/v2\/product"}],"about":[{"href":"https:\/\/sinoextrud.com\/cs\/wp-json\/wp\/v2\/types\/product"}],"wp:featuredmedia":[{"embeddable":true,"href":"https:\/\/sinoextrud.com\/cs\/wp-json\/wp\/v2\/media\/8093"}],"wp:attachment":[{"href":"https:\/\/sinoextrud.com\/cs\/wp-json\/wp\/v2\/media?parent=8094"}],"wp:term":[{"taxonomy":"category","embeddable":true,"href":"https:\/\/sinoextrud.com\/cs\/wp-json\/wp\/v2\/categories?post=8094"}],"curies":[{"name":"wp","href":"https:\/\/api.w.org\/{rel}","templated":true}]}}