{"id":8068,"date":"2025-06-12T07:30:36","date_gmt":"2025-06-12T07:30:36","guid":{"rendered":"https:\/\/sinoextrud.com\/product\/t-shape-aluminum-extruded-profile\/"},"modified":"2025-06-24T06:23:00","modified_gmt":"2025-06-24T06:23:00","slug":"hlinikovy-extrudovany-profil-ve-tvaru-t","status":"publish","type":"product","link":"https:\/\/sinoextrud.com\/cs\/product\/t-shape-aluminum-extruded-profile\/","title":{"rendered":"Hlin\u00edkov\u00fd extrudovan\u00fd profil ve tvaru T"},"content":{"rendered":"<h2>Podrobnosti o produktech<\/h2>\n<table class=\"custom-table\">\n<tr>\n<td class=\"label\">N\u00e1zev polo\u017eky<\/td>\n<td>Hlin\u00edkov\u00fd extrudovan\u00fd profil ve tvaru T<\/td>\n<\/tr>\n<tr>\n<td class=\"label\">Stupe\u0148 materi\u00e1lu<\/td>\n<td>6063, 6061, 6463, 6082<\/td>\n<\/tr>\n<tr>\n<td class=\"label\">Temperament<\/td>\n<td>T5-T6<\/td>\n<\/tr>\n<tr>\n<td class=\"label\">Technologie<\/td>\n<td>Vytla\u010dov\u00e1n\u00ed hlin\u00edku<\/td>\n<\/tr>\n<tr>\n<td class=\"label\">Povrchov\u00e1 \u00faprava<\/td>\n<td>eloxov\u00e1n\u00ed, pr\u00e1\u0161kov\u00e9 lakov\u00e1n\u00ed, p\u00edskov\u00e1n\u00ed, elektrofor\u00e9za, fluorokarbon atd.<\/td>\n<\/tr>\n<tr>\n<td class=\"label\">Barva<\/td>\n<td>P\u0159izp\u016fsoben\u00e9<\/td>\n<\/tr>\n<tr>\n<td class=\"label\">Tlou\u0161\u0165ka eloxov\u00e1n\u00ed<\/td>\n<td>8-25 um<\/td>\n<\/tr>\n<tr>\n<td class=\"label\">Tlou\u0161\u0165ka povlaku Power Coating<\/td>\n<td>40-120 um<\/td>\n<\/tr>\n<tr>\n<td class=\"label\">Tvar<\/td>\n<td>P\u0159izp\u016fsoben\u00e9<\/td>\n<\/tr>\n<tr>\n<td class=\"label\">Rozm\u011br<\/td>\n<td>P\u0159izp\u016fsoben\u00e9<\/td>\n<\/tr>\n<tr>\n<td class=\"label\">Hloubkov\u00e9 zpracov\u00e1n\u00ed<\/td>\n<td>\u0159ez\u00e1n\u00ed, vrt\u00e1n\u00ed, d\u011brov\u00e1n\u00ed, oh\u00fdb\u00e1n\u00ed atd.<\/td>\n<\/tr>\n<tr>\n<td class=\"label\">2D&amp;3D design<\/td>\n<td>Auto CAD, 3D, AI, SLD, PRT. IGS, PDF, JPEG atd.<\/td>\n<\/tr>\n<tr>\n<td class=\"label\">In\u017een\u00fdrstv\u00ed a n\u00e1stroje<\/td>\n<td>1: 8 in\u017een\u00fdr\u016f v lisovn\u011b.<br \/>\n2: Pou\u017eijte extrud\u00e9r s vysokou ton\u00e1\u017e\u00ed, dr\u00e1tov\u00e9 elektroerozivn\u00ed obr\u00e1b\u011bn\u00ed, CNC, vrtac\u00ed stroje atd.<\/td>\n<\/tr>\n<tr>\n<td class=\"label\">Kontrola kvality<\/td>\n<td>1.SO Schv\u00e1leno.<br \/>\n2.CE Approved<br \/>\n3.Kontrola na m\u00edst\u011b.<br \/>\n4.Kontrola p\u0159ed odesl\u00e1n\u00edm.<br \/>\n5.Testovac\u00ed stroj.<\/td>\n<\/tr>\n<tr>\n<td class=\"label\">Podrobnosti o balen\u00ed<\/td>\n<td>(1) Uvnit\u0159: baleno s plastovou ochrannou f\u00f3li\u00ed, kter\u00e1 chr\u00e1n\u00ed ka\u017ed\u00fd kus.<br \/>\n(2) Venku: Zabalte svazky do vod\u011bodoln\u00e9ho \u0159emesln\u00e9ho pap\u00edru.<\/td>\n<\/tr>\n<tr>\n<td class=\"label\">Dod\u00e1vka<\/td>\n<td>(1) V\u00fdvoj matrice a testov\u00e1n\u00ed vzork\u016f: 12-18 dn\u00ed .<br \/>\n(2) Dokon\u010den\u00ed hromadn\u00e9 v\u00fdroby: 20-30 dn\u00ed po potvrzen\u00ed vzorku kupuj\u00edc\u00edm.<\/td>\n<\/tr>\n<tr>\n<td class=\"label\">Term\u00edn platby<\/td>\n<td>T\/T 30% pro vklad, z\u016fstatek p\u0159ed odesl\u00e1n\u00edm.<\/td>\n<\/tr>\n<\/table>\n<h2>Na\u0161e v\u00fdrobn\u00ed z\u00e1kladna<\/h2>\n<h3>Panorama tov\u00e1rny<\/h3>\n<p><img decoding=\"async\" src=\"\/wp-content\/uploads\/factory-01.webp\"\/><\/p>\n<h3>D\u00edlna na v\u00fdrobu hlin\u00edkov\u00fdch ty\u010d\u00ed<\/h3>\n<p><img decoding=\"async\" src=\"\/wp-content\/uploads\/factory-02.webp\"\/><\/p>\n<p><img decoding=\"async\" src=\"\/wp-content\/uploads\/factory-03.webp\"\/><\/p>\n<h3>Sklad pl\u00edsn\u00ed<\/h3>\n<p><img decoding=\"async\" src=\"\/wp-content\/uploads\/factory-04.webp\"\/><\/p>\n<h3>43 linek na vytla\u010dov\u00e1n\u00ed hlin\u00edku (500-5500 tun)<\/h3>\n<p><img decoding=\"async\" src=\"\/wp-content\/uploads\/factory-05.webp\"\/><\/p>\n<p><img decoding=\"async\" src=\"\/wp-content\/uploads\/factory-06.webp\"\/><\/p>\n<p><img decoding=\"async\" src=\"\/wp-content\/uploads\/factory-07.webp\"\/><\/p>\n<h3>D\u00edlna pr\u00e1\u0161kov\u00e9ho lakov\u00e1n\u00ed<\/h3>\n<p><img decoding=\"async\" src=\"\/wp-content\/uploads\/factory-09.webp\"\/><\/p>\n<h3>D\u00edlna eloxov\u00e1n\u00ed<\/h3>\n<p><img decoding=\"async\" src=\"\/wp-content\/uploads\/factory-10.webp\"\/><\/p>\n<h3>Workshop o hloubkov\u00e9m zpracov\u00e1n\u00ed<\/h3>\n<p><img decoding=\"async\" src=\"\/wp-content\/uploads\/factory-11.webp\"\/><\/p>\n<h3>D\u00edlna CNC p\u0159esn\u00e9ho obr\u00e1b\u011bn\u00ed<\/h3>\n<p><img decoding=\"async\" src=\"\/wp-content\/uploads\/factory-11.5.webp\"\/><\/p>\n<h3>Sklad hotov\u00fdch v\u00fdrobk\u016f a exportn\u00ed sklad<\/h3>\n<p><img decoding=\"async\" src=\"\/wp-content\/uploads\/factory-12.webp\"\/><\/p>\n<p><img decoding=\"async\" src=\"\/wp-content\/uploads\/factory-13.webp\"\/><\/p>\n<p><img decoding=\"async\" src=\"\/wp-content\/uploads\/factory-14.webp\"\/><\/p>\n<h2>\u010cASTO KLADEN\u00c9 DOTAZY<\/h2>\n<p><p><b>1.Jak\u00e9 jsou hlavn\u00ed v\u00fdhody hlin\u00edkov\u00fdch extrudovan\u00fdch profil\u016f ve tvaru T?<\/b><\/p>\n<p>Extrudovan\u00e9 hlin\u00edkov\u00e9 profily ve tvaru T nab\u00edzej\u00ed pevnost, lehkou manipulaci, odolnost proti korozi a v\u0161estrannost pro vlastn\u00ed pou\u017eit\u00ed v konstruk\u010dn\u00edch a r\u00e1mov\u00fdch projektech.<br \/>\n<\/p><br \/>\n<br \/>\n<p><b>2.Jak konstrukce ve tvaru T zvy\u0161uje v\u00fdkon?<\/b><\/p>\n<p>Konstrukce ve tvaru T poskytuje vynikaj\u00edc\u00ed konstruk\u010dn\u00ed podporu, tak\u017ee je ide\u00e1ln\u00ed pro pou\u017eit\u00ed v r\u00e1mov\u00e1n\u00ed, podp\u011br\u00e1ch a dal\u0161\u00edch aplikac\u00edch vy\u017eaduj\u00edc\u00edch stabilitu a pevnost.<br \/>\n<\/p><br \/>\n<br \/>\n<p><b>3.Jak\u00fd materi\u00e1l se pou\u017e\u00edv\u00e1 pro hlin\u00edkov\u00e9 extrudovan\u00e9 profily ve tvaru T?<\/b><\/p>\n<p>Jsou vyrobeny z vysoce kvalitn\u00edho hlin\u00edku, kter\u00fd zaji\u0161\u0165uje trvanlivost, n\u00edzkou hmotnost a odolnost proti korozi pro dlouhodob\u00fd v\u00fdkon.<br \/>\n<\/p><br \/>\n<br \/>\n<p><b>4.Can T Shape hlin\u00edkov\u00e9 extrudovan\u00e9 profily b\u00fdt p\u0159izp\u016fsobeny pro konkr\u00e9tn\u00ed projekty?<\/b><\/p>\n<p>Ano, jsou vysoce p\u0159izp\u016fsobiteln\u00e9 a nab\u00edzej\u00ed flexibilitu, kter\u00e1 vyhovuje specifick\u00fdm pot\u0159eb\u00e1m r\u016fzn\u00fdch aplikac\u00ed, od jednoduch\u00fdch a\u017e po slo\u017eit\u00e9 konstrukce.<br \/>\n<\/p><br \/>\n<br \/>\n<p><b>5.Jak odoln\u00e9 proti korozi jsou hlin\u00edkov\u00e9 extrudovan\u00e9 profily tvaru T?<\/b><\/p>\n<p>Hlin\u00edkov\u00fd materi\u00e1l je odoln\u00fd proti korozi, tak\u017ee profily si zachov\u00e1vaj\u00ed svou funk\u010dnost a vzhled i v n\u00e1ro\u010dn\u00fdch podm\u00ednk\u00e1ch.<br \/>\n<\/p><br \/>\n<br \/>\n<p><b>6.Jak\u00e1 pr\u016fmyslov\u00e1 odv\u011btv\u00ed pou\u017e\u00edvaj\u00ed hlin\u00edkov\u00e9 extrudovan\u00e9 profily ve tvaru T?<\/b><\/p>\n<p>B\u011b\u017en\u011b se pou\u017e\u00edvaj\u00ed ve stavebnictv\u00ed, automatizaci, v\u00fdrob\u011b a dal\u0161\u00edch odv\u011btv\u00edch, kter\u00e1 vy\u017eaduj\u00ed pevn\u00e9 a p\u0159izp\u016fsobiteln\u00e9 konstruk\u010dn\u00ed prvky.<br \/>\n<\/p><br \/>\n<br \/>\n<p><b>7.Jak cenov\u011b v\u00fdhodn\u00e9 jsou hlin\u00edkov\u00e9 extrudovan\u00e9 profily ve tvaru T?<\/b><\/p>\n<p>Nab\u00edzej\u00ed n\u00e1kladov\u011b efektivn\u00ed \u0159e\u0161en\u00ed, proto\u017ee poskytuj\u00ed pevn\u00e9, lehk\u00e9 a snadno sestaviteln\u00e9 profily, kter\u00e9 sni\u017euj\u00ed celkov\u00e9 n\u00e1klady na projekt a dobu instalace.<br \/>\n<\/p><br \/><\/p>","protected":false},"featured_media":8067,"template":"","categories":[54],"class_list":["post-8068","product","type-product","status-publish","has-post-thumbnail","hentry","category-industrial-aluminum-profiles"],"meta_box":{"hilight_text_group":{"product_hilight_text":"<li>Strong and durable T-shape design, perfect for framing and structural applications.<\/li>\r\r\n<li>Lightweight aluminum material, offering both strength and ease of handling for efficient installation.<\/li>\r\r\n<li>Corrosion-resistant properties, ensuring long-lasting use in diverse environments.<\/li>\r\r\n<li>Versatile and customizable profiles, adaptable to various project requirements and design specifications.<\/li>\r\r\n<li>Cost-effective solution, reducing the need for additional components and labor during installation.<\/li>","product_chanpin_blog":"<ul>\r\r\n<li><a href=\"https:\/\/sinoextrud.com\/t-slot-v-slot-differences\/\" target=\"_blank\">t slot vs v slot<\/a><\/li>\r\r\n<li><a href=\"https:\/\/sinoextrud.com\/what-is-4040-aluminium-extrud\/\" target=\"_blank\">4040 aluminium extrusion<\/a><\/li>\r\r\n<li><a href=\"https:\/\/sinoextrud.com\/what-is-4040-aluminium-extrud\/\" target=\"_blank\">aluminum extrusions for industrial racks<\/a><\/li>\r\r\n<li><a href=\"https:\/\/sinoextrud.com\/powder-coating-aluminium-process\/\" target=\"_blank\">powder coating aluminium<\/a><\/li>\r\r\n<li><a href=\"https:\/\/sinoextrud.com\/what-is-an-aluminium-strip-ceiling\/\" target=\"_blank\">aluminium strip ceiling<\/a><\/li>\r\r\n<li><a href=\"https:\/\/sinoextrud.com\/what-is-a-heat-sink\/\" target=\"_blank\">what is a heat sink<\/a><\/li>\r\r\n<\/ul>","product_chanpin_chanpin":"<li><a href=\"https:\/\/sinoextrud.com\/product\/t-slot-aluminum-profile\/\" target=\"_blank\">T-slot Aluminum Profile<\/a><\/li>\r\n<li><a href=\"https:\/\/sinoextrud.com\/product\/t-shaped-aluminium-profile\/\" target=\"_blank\">T Shaped Aluminium Profile<\/a><\/li>\r\n<li><a href=\"https:\/\/sinoextrud.com\/product\/slotted-aluminum-extrusion\/\" target=\"_blank\">Slotted Aluminum Extrusion<\/a><\/li>\r\n<li><a href=\"https:\/\/sinoextrud.com\/product\/octagon-aluminum-extrusion\/\" target=\"_blank\">Octagon Aluminum Extrusion<\/a><\/li>\r\n<li><a href=\"https:\/\/sinoextrud.com\/product\/t-shape-aluminum-extruded-profile\/\" target=\"_blank\">T Shape Aluminum Extruded Profile<\/a><\/li>\r\n<li><a href=\"https:\/\/sinoextrud.com\/product\/t-shaped-aluminium-extrusion\/\" target=\"_blank\">T Shaped Aluminium Extrusion<\/a><\/li>\r\n<li><a href=\"https:\/\/sinoextrud.com\/product\/t-slot-framing-systems\/\" target=\"_blank\">T Slot Framing Systems<\/a><\/li>\r\n<li><a href=\"https:\/\/sinoextrud.com\/product\/sailboat-mast-extrusions\/\" target=\"_blank\">Sailboat mast extrusions<\/a><\/li>\r\n<li><a href=\"https:\/\/sinoextrud.com\/product\/v-rail-aluminum-extrusion-profiles-pipeline\/\" target=\"_blank\">V Rail Aluminum Extrusion Profiles Pipeline<\/a><\/li>\r\n<li><a href=\"https:\/\/sinoextrud.com\/product\/round-sunflower-led-light-aluminium-heat-sink\/\" target=\"_blank\">Round Sunflower LED Light Aluminium Heat Sink<\/a><\/li>\r\n<li><a href=\"https:\/\/sinoextrud.com\/product\/square-tube-standard-aluminium-sections\/\" target=\"_blank\">Square Tube Standard Aluminium Sections<\/a><\/li>"},"feature_list":[]},"_links":{"self":[{"href":"https:\/\/sinoextrud.com\/cs\/wp-json\/wp\/v2\/product\/8068","targetHints":{"allow":["GET"]}}],"collection":[{"href":"https:\/\/sinoextrud.com\/cs\/wp-json\/wp\/v2\/product"}],"about":[{"href":"https:\/\/sinoextrud.com\/cs\/wp-json\/wp\/v2\/types\/product"}],"wp:featuredmedia":[{"embeddable":true,"href":"https:\/\/sinoextrud.com\/cs\/wp-json\/wp\/v2\/media\/8067"}],"wp:attachment":[{"href":"https:\/\/sinoextrud.com\/cs\/wp-json\/wp\/v2\/media?parent=8068"}],"wp:term":[{"taxonomy":"category","embeddable":true,"href":"https:\/\/sinoextrud.com\/cs\/wp-json\/wp\/v2\/categories?post=8068"}],"curies":[{"name":"wp","href":"https:\/\/api.w.org\/{rel}","templated":true}]}}