{"id":8060,"date":"2025-06-12T07:17:05","date_gmt":"2025-06-12T07:17:05","guid":{"rendered":"https:\/\/sinoextrud.com\/product\/t-slot-aluminum-profile\/"},"modified":"2025-06-24T06:22:58","modified_gmt":"2025-06-24T06:22:58","slug":"t-slot-hlinikovy-profil","status":"publish","type":"product","link":"https:\/\/sinoextrud.com\/cs\/product\/t-slot-aluminum-profile\/","title":{"rendered":"Hlin\u00edkov\u00fd profil s T-dr\u00e1\u017ekou"},"content":{"rendered":"<h2>Podrobnosti o produktech<\/h2>\n<table class=\"custom-table\">\n<tr>\n<td class=\"label\">N\u00e1zev produktu<\/td>\n<td>hlin\u00edkov\u00fd profil s t-dr\u00e1\u017ekou<\/td>\n<\/tr>\n<tr>\n<td class=\"label\">Materi\u00e1l<\/td>\n<td>6063<\/td>\n<\/tr>\n<tr>\n<td class=\"label\">Temperament<\/td>\n<td>T5, T6<\/td>\n<\/tr>\n<tr>\n<td class=\"label\">Tlou\u0161\u0165ka<\/td>\n<td>Tlou\u0161\u0165ka profilu 1,0 mm<\/td>\n<\/tr>\n<tr>\n<td class=\"label\">D\u00e9lka<\/td>\n<td>5,8 m na kus. K dispozici je \u017e\u00e1dost na m\u00edru<\/td>\n<\/tr>\n<tr>\n<td class=\"label\">Tvar<\/td>\n<td>\u010dtvercov\u00fd stejn\u00fd jako obr\u00e1zek. k dispozici na zak\u00e1zku<\/td>\n<\/tr>\n<tr>\n<td class=\"label\">Povrchov\u00e1 \u00faprava<\/td>\n<td>Tlou\u0161\u0165ka barvy pr\u00e1\u0161kov\u00e9ho lakov\u00e1n\u00ed: 80 micorn.<\/td>\n<\/tr>\n<tr>\n<td class=\"label\">Barva<\/td>\n<td>B\u00edl\u00e1<\/td>\n<\/tr>\n<tr>\n<td class=\"label\">Aplikace<\/td>\n<td>Strojn\u00ed v\u00fdrobn\u00ed linka, dopravn\u00ed kolejnice<\/td>\n<\/tr>\n<tr>\n<td class=\"label\">Hloubkov\u00fd proces<\/td>\n<td>CNC, vrt\u00e1n\u00ed, \u0159ez\u00e1n\u00ed, sva\u0159ov\u00e1n\u00ed, mont\u00e1\u017e<\/td>\n<\/tr>\n<tr>\n<td class=\"label\">MOQ<\/td>\n<td>200 kg pro ka\u017edou polo\u017eku<\/td>\n<\/tr>\n<tr>\n<td class=\"label\">V\u00fdrobn\u00ed kapacita<\/td>\n<td>15 000 tun m\u011bs\u00ed\u010dn\u011b<\/td>\n<\/tr>\n<tr>\n<td class=\"label\">Certifik\u00e1t a norma<\/td>\n<td>1) ISO9001-2008\/ISO 9001:2008;<br \/>\n2) Certifikace CQM;<br \/>\n3) SGS, BV, ROSH k dispozici<\/td>\n<\/tr>\n<tr>\n<td class=\"label\">Z\u00e1ruka<\/td>\n<td>Barva povrchu m\u016f\u017ee b\u00fdt stabiln\u00ed po dobu 10 ~ 20 let pou\u017e\u00edv\u00e1n\u00ed v interi\u00e9ru.<\/td>\n<\/tr>\n<tr>\n<td class=\"label\">Podrobnosti o balen\u00ed<\/td>\n<td>Uvnit\u0159: zabaleno v plastov\u00e9 f\u00f3lii, kter\u00e1 chr\u00e1n\u00ed ka\u017ed\u00fd kus.<br \/>\nVenku: Vn\u011bj\u0161\u00ed strana: Svazky zabalte do vod\u011bodoln\u00e9ho \u0159emesln\u00e9ho pap\u00edru nebo EPE f\u00f3lie. K dispozici jsou z\u00e1kaznick\u00e9 rekvizity<\/td>\n<\/tr>\n<tr>\n<td class=\"label\">Doba realizace<\/td>\n<td>V\u00fdvoj a testov\u00e1n\u00ed vzork\u016f: 12-18 dn\u00ed.<br \/>\nHromadn\u00e1 v\u00fdroba: 20-30 dn\u00ed.<\/td>\n<\/tr>\n<tr>\n<td class=\"label\">P\u0159\u00edstav FOB<\/td>\n<td>Shenzhen \/ Guangzhou \/ Foshan<\/td>\n<\/tr>\n<tr>\n<td class=\"label\">Platebn\u00ed podm\u00ednky<\/td>\n<td>T\/T 30% pro z\u00e1lohu, z\u016fstatek p\u0159ed dod\u00e1n\u00edm.<\/td>\n<\/tr>\n<\/table>\n<h2>Na\u0161e v\u00fdrobn\u00ed z\u00e1kladna<\/h2>\n<h3>Panorama tov\u00e1rny<\/h3>\n<p><img decoding=\"async\" src=\"\/wp-content\/uploads\/factory-01.webp\"\/><\/p>\n<h3>D\u00edlna na v\u00fdrobu hlin\u00edkov\u00fdch ty\u010d\u00ed<\/h3>\n<p><img decoding=\"async\" src=\"\/wp-content\/uploads\/factory-02.webp\"\/><\/p>\n<\/p>\n<p><img decoding=\"async\" src=\"\/wp-content\/uploads\/factory-03.webp\"\/><\/p>\n<h3>Sklad pl\u00edsn\u00ed<\/h3>\n<p><img decoding=\"async\" src=\"\/wp-content\/uploads\/factory-04.webp\"\/><\/p>\n<h3>43 linek na vytla\u010dov\u00e1n\u00ed hlin\u00edku (500 - 5500 tun)<\/h3>\n<p><img decoding=\"async\" src=\"\/wp-content\/uploads\/factory-05.webp\"\/><\/p>\n<p><img decoding=\"async\" src=\"\/wp-content\/uploads\/factory-06.webp\"\/><\/p>\n<p><img decoding=\"async\" src=\"\/wp-content\/uploads\/factory-07.webp\"\/><\/p>\n<h3>D\u00edlna pr\u00e1\u0161kov\u00e9ho lakov\u00e1n\u00ed<\/h3>\n<p><img decoding=\"async\" src=\"\/wp-content\/uploads\/factory-09.webp\"\/><\/p>\n<h3>D\u00edlna eloxov\u00e1n\u00ed<\/h3>\n<p><img decoding=\"async\" src=\"\/wp-content\/uploads\/factory-10.webp\"\/><\/p>\n<h3>Workshop o hloubkov\u00e9m zpracov\u00e1n\u00ed<\/h3>\n<p><img decoding=\"async\" src=\"\/wp-content\/uploads\/factory-11.webp\"\/><\/p>\n<h3>D\u00edlna CNC p\u0159esn\u00e9ho obr\u00e1b\u011bn\u00ed<\/h3>\n<p><img decoding=\"async\" src=\"\/wp-content\/uploads\/factory-11.5.webp\"\/><\/p>\n<h3>Sklad hotov\u00fdch v\u00fdrobk\u016f a exportn\u00ed sklad<\/h3>\n<p><img decoding=\"async\" src=\"\/wp-content\/uploads\/factory-12.webp\"\/><\/p>\n<p><img decoding=\"async\" src=\"\/wp-content\/uploads\/factory-13.webp\"\/><\/p>\n<p><img decoding=\"async\" src=\"\/wp-content\/uploads\/factory-14.webp\"\/><\/p>\n<h2>\u010cASTO KLADEN\u00c9 DOTAZY<\/h2>\n<p><b>1.Pro\u010d je hlin\u00edkov\u00fd profil s T-dr\u00e1\u017ekou ide\u00e1ln\u00ed pro zak\u00e1zkov\u00e9 r\u00e1my a konstrukce? <\/b><\/p>\n<p> Hlin\u00edkov\u00e9 profily s T-dr\u00e1\u017ekou jsou univerz\u00e1ln\u00ed, snadno se montuj\u00ed a jsou vysoce p\u0159izp\u016fsobiv\u00e9, co\u017e u\u017eivatel\u016fm umo\u017e\u0148uje vytv\u00e1\u0159et jedine\u010dn\u00e9 a flexibiln\u00ed konstrukce pro r\u016fzn\u00e9 aplikace.\n<\/p>\n<p><\/p>\n<p><b>2.Can T-dr\u00e1\u017eka hlin\u00edkov\u00fd profil b\u00fdt p\u0159izp\u016fsoben? <\/b><\/p>\n<p> Ano, tyto profily lze p\u0159izp\u016fsobit z hlediska velikosti, d\u00e9lky a proveden\u00ed tak, aby vyhovovaly konkr\u00e9tn\u00edm po\u017eadavk\u016fm projektu a aplikac\u00edm.\n<\/p>\n<p><\/p>\n<p><b>3.Jak odoln\u00fd je hlin\u00edkov\u00fd profil s T-dr\u00e1\u017ekou? <\/b><\/p>\n<p> Hlin\u00edkov\u00e9 profily s T-dr\u00e1\u017ekou jsou d\u00edky sv\u00fdm antikorozn\u00edm vlastnostem vysoce odoln\u00e9 a zaji\u0161\u0165uj\u00ed dlouhou \u017eivotnost i v n\u00e1ro\u010dn\u00fdch podm\u00ednk\u00e1ch.\n<\/p>\n<p><\/p>\n<p><b>4.Jak\u00e1 pr\u016fmyslov\u00e1 odv\u011btv\u00ed vyu\u017e\u00edvaj\u00ed hlin\u00edkov\u00fd profil s T-dr\u00e1\u017ekou? <\/b><\/p>\n<p> Hlin\u00edkov\u00e9 profily s T-dr\u00e1\u017ekou se \u0161iroce pou\u017e\u00edvaj\u00ed v pr\u016fmyslov\u00fdch odv\u011btv\u00edch, jako je automatizace, robotika, manipulace s materi\u00e1lem a stavebnictv\u00ed, pro stavbu vlastn\u00edch r\u00e1m\u016f a nosn\u00fdch konstrukc\u00ed.\n<\/p>\n<p><\/p>\n<p><b>5.Je instalace a \u00faprava hlin\u00edkov\u00e9ho profilu s T-dr\u00e1\u017ekou snadn\u00e1? <\/b><\/p>\n<p> Ano, modul\u00e1rn\u00ed konstrukce hlin\u00edkov\u00fdch profil\u016f s T-dr\u00e1\u017ekami umo\u017e\u0148uje snadnou instalaci a budouc\u00ed \u00fapravy, co\u017e zkracuje dobu instalace a poskytuje dlouhodobou flexibilitu.\n<\/p>\n<p><\/p>\n<p><b>6.Jak hlin\u00edkov\u00fd profil s T-dr\u00e1\u017ekou zlep\u0161uje v\u00fdkon syst\u00e9mu? <\/b><\/p>\n<p> Tyto profily poskytuj\u00ed pevnou a stabiln\u00ed oporu a z\u00e1rove\u0148 zachov\u00e1vaj\u00ed flexibilitu p\u0159i zm\u011bn\u00e1ch konstrukce, \u010d\u00edm\u017e zlep\u0161uj\u00ed \u00fa\u010dinnost a p\u0159izp\u016fsobivost automatiza\u010dn\u00edch syst\u00e9m\u016f.\n<\/p>\n<p><\/p>\n<p><b>7.Je hlin\u00edkov\u00fd profil s T-dr\u00e1\u017ekou \u0161etrn\u00fd k \u017eivotn\u00edmu prost\u0159ed\u00ed? <\/b><\/p>\n<p> Ano, hlin\u00edk je pln\u011b recyklovateln\u00fd, tak\u017ee hlin\u00edkov\u00e9 profily s T-dr\u00e1\u017ekou jsou ekologickou volbou pro stavbu udr\u017eiteln\u00fdch konstrukc\u00ed.\n<\/p>\n<p><\/p>","protected":false},"featured_media":8059,"template":"","categories":[54],"class_list":["post-8060","product","type-product","status-publish","has-post-thumbnail","hentry","category-industrial-aluminum-profiles"],"meta_box":{"hilight_text_group":{"product_hilight_text":"<li>Versatile T-slot aluminum profiles for building custom frames, structures, and workstations<\/li>\r\r\n<li>Durable and corrosion-resistant, ensuring long-lasting performance in various industrial environments<\/li>\r\r\n<li>Easy to assemble and modify, offering flexibility for future adjustments and upgrades<\/li>\r\r\n<li>Lightweight yet strong, providing excellent support without adding excess weight<\/li>\r\r\n<li>Customizable sizes and lengths to meet specific project needs<\/li>\r\r\n<li>Efficient for use in automation, robotics, and material handling systems<\/li>\r\r\n<li>Eco-friendly, made from recyclable aluminum material<\/li>","product_chanpin_blog":"<ul>\r\r\n<li><a href=\"https:\/\/sinoextrud.com\/t-slot-v-slot-differences\/\" target=\"_blank\">t slot vs v slot<\/a><\/li>\r\r\n<li><a href=\"https:\/\/sinoextrud.com\/what-is-4040-aluminium-extrud\/\" target=\"_blank\">4040 aluminium extrusion<\/a><\/li>\r\r\n<li><a href=\"https:\/\/sinoextrud.com\/what-is-4040-aluminium-extrud\/\" target=\"_blank\">aluminum extrusions for industrial racks<\/a><\/li>\r\r\n<li><a href=\"https:\/\/sinoextrud.com\/powder-coating-aluminium-process\/\" target=\"_blank\">powder coating aluminium<\/a><\/li>\r\r\n<li><a href=\"https:\/\/sinoextrud.com\/what-is-an-aluminium-strip-ceiling\/\" target=\"_blank\">aluminium strip ceiling<\/a><\/li>\r\r\n<li><a href=\"https:\/\/sinoextrud.com\/what-is-a-heat-sink\/\" target=\"_blank\">what is a heat sink<\/a><\/li>\r\r\n<\/ul>","product_chanpin_chanpin":"<li><a href=\"https:\/\/sinoextrud.com\/product\/customized-led-strip-light-aluminium-profile-led-aluminum-extrusion\/\" target=\"_blank\">Customized LED Strip Light Aluminium Profile  LED Aluminum Extrusion<\/a><\/li>\r\n<li><a href=\"https:\/\/sinoextrud.com\/product\/industrial-aluminum-extrusion-profile\/\" target=\"_blank\">Industrial Aluminum Extrusion Profile<\/a><\/li>\r\n<li><a href=\"https:\/\/sinoextrud.com\/product\/j-section-aluminum-extrusion\/\" target=\"_blank\">J Section Aluminum Extrusion<\/a><\/li>\r\n<li><a href=\"https:\/\/sinoextrud.com\/product\/linear-rail-aluminum-extrusion\/\" target=\"_blank\">Linear Rail Aluminum Extrusion<\/a><\/li>\r\n<li><a href=\"https:\/\/sinoextrud.com\/product\/t-slot-aluminum-profile\/\" target=\"_blank\">T-slot Aluminum Profile<\/a><\/li>\r\n<li><a href=\"https:\/\/sinoextrud.com\/product\/t-shaped-aluminium-profile\/\" target=\"_blank\">T Shaped Aluminium Profile<\/a><\/li>\r\n<li><a href=\"https:\/\/sinoextrud.com\/product\/slotted-aluminum-extrusion\/\" target=\"_blank\">Slotted Aluminum Extrusion<\/a><\/li>\r\n<li><a href=\"https:\/\/sinoextrud.com\/product\/octagon-aluminum-extrusion\/\" target=\"_blank\">Octagon Aluminum Extrusion<\/a><\/li>\r\n<li><a href=\"https:\/\/sinoextrud.com\/product\/t-shape-aluminum-extruded-profile\/\" target=\"_blank\">T Shape Aluminum Extruded Profile<\/a><\/li>\r\n<li><a href=\"https:\/\/sinoextrud.com\/product\/medical-instrument-aluminum-profile\/\" target=\"_blank\">Medical Instrument Aluminum Profile<\/a><\/li>\r\n<li><a href=\"https:\/\/sinoextrud.com\/product\/j-section-aluminum-extrusion\/\" target=\"_blank\">J Section Aluminum Extrusion<\/a><\/li>"},"feature_list":[]},"_links":{"self":[{"href":"https:\/\/sinoextrud.com\/cs\/wp-json\/wp\/v2\/product\/8060","targetHints":{"allow":["GET"]}}],"collection":[{"href":"https:\/\/sinoextrud.com\/cs\/wp-json\/wp\/v2\/product"}],"about":[{"href":"https:\/\/sinoextrud.com\/cs\/wp-json\/wp\/v2\/types\/product"}],"wp:featuredmedia":[{"embeddable":true,"href":"https:\/\/sinoextrud.com\/cs\/wp-json\/wp\/v2\/media\/8059"}],"wp:attachment":[{"href":"https:\/\/sinoextrud.com\/cs\/wp-json\/wp\/v2\/media?parent=8060"}],"wp:term":[{"taxonomy":"category","embeddable":true,"href":"https:\/\/sinoextrud.com\/cs\/wp-json\/wp\/v2\/categories?post=8060"}],"curies":[{"name":"wp","href":"https:\/\/api.w.org\/{rel}","templated":true}]}}