{"id":8056,"date":"2025-06-12T07:13:21","date_gmt":"2025-06-12T07:13:21","guid":{"rendered":"https:\/\/sinoextrud.com\/product\/j-section-aluminum-extrusion\/"},"modified":"2025-06-24T06:22:58","modified_gmt":"2025-06-24T06:22:58","slug":"j-profil-hlinikoveho-vylisku","status":"publish","type":"product","link":"https:\/\/sinoextrud.com\/cs\/product\/j-section-aluminum-extrusion\/","title":{"rendered":"Hlin\u00edkov\u00e9 v\u00fdlisky sekce J"},"content":{"rendered":"<h2>Podrobnosti o produktech<\/h2>\n<table class=\"custom-table\">\n<tbody>\n<tr>\n<td> N\u00e1zev produktu<\/td>\n<td> Hlin\u00edkov\u00e9 v\u00fdlisky sekce J<\/td>\n<\/tr>\n<tr>\n<td> Materi\u00e1l<\/td>\n<td> 6063,6061,6082,6005 atd.<\/td>\n<\/tr>\n<tr>\n<td> Temperament<\/td>\n<td> T3-T8<\/td>\n<\/tr>\n<tr>\n<td> Velikost a tlou\u0161\u0165ka<\/td>\n<td> Na m\u00edru<\/td>\n<\/tr>\n<tr>\n<td> Barva<\/td>\n<td> Ml\u00fdnsk\u00e1 \u00faprava nebo jin\u00e1 p\u0159izp\u016fsoben\u00e1 barva<\/td>\n<\/tr>\n<tr>\n<td> D\u00e9lka<\/td>\n<td> Standardn\u00ed d\u00e9lka 1-9M, dal\u0161\u00ed speci\u00e1ln\u00ed d\u00e9lky jsou k dispozici.<\/td>\n<\/tr>\n<tr>\n<td> Typick\u00e9 aplikace<\/td>\n<td> Pr\u016fmyslov\u00e1, architektonick\u00e1, dekora\u010dn\u00ed oblast<\/td>\n<\/tr>\n<tr>\n<td> Zna\u010dka<\/td>\n<td> Sinoextrud nebo OEM<\/td>\n<\/tr>\n<tr>\n<td> Proces CNC<\/td>\n<td> Podpora CNC fr\u00e9zov\u00e1n\u00ed, d\u011brov\u00e1n\u00ed, vrt\u00e1n\u00ed, z\u00e1vitov\u00e1n\u00ed, oh\u00fdb\u00e1n\u00ed<\/td>\n<\/tr>\n<tr>\n<td> MOQ<\/td>\n<td> 200 KG<\/td>\n<\/tr>\n<tr>\n<td> Povrchov\u00e1 \u00faprava<\/td>\n<td> Ml\u00fdn dokon\u010dil, d\u0159ev\u011bn\u00e9 zrno, eloxovan\u00e9, pr\u00e1\u0161kov\u00e9 lakov\u00e1n\u00ed, elektrofor\u00e9za, PVDF povlak, kart\u00e1\u010dovan\u00fd atd.<\/td>\n<\/tr>\n<tr>\n<td> Certifikace<\/td>\n<td> ISO9001, ISO4001, CQM, SGS, CE, BV atd.<\/td>\n<\/tr>\n<\/tbody>\n<\/table>\n<h2>Na\u0161e v\u00fdrobn\u00ed z\u00e1kladna<\/h2>\n<h3>Panorama tov\u00e1rny<\/h3>\n<p><img decoding=\"async\" src=\"\/wp-content\/uploads\/factory-01.webp\"\/><\/p>\n<h3>D\u00edlna na v\u00fdrobu hlin\u00edkov\u00fdch ty\u010d\u00ed<\/h3>\n<p><img decoding=\"async\" src=\"\/wp-content\/uploads\/factory-02.webp\"\/><\/p>\n<p><img decoding=\"async\" src=\"\/wp-content\/uploads\/factory-03.webp\"\/><\/p>\n<h3>Sklad pl\u00edsn\u00ed<\/h3>\n<p><img decoding=\"async\" src=\"\/wp-content\/uploads\/factory-04.webp\"\/><\/p>\n<h3>43 linek na vytla\u010dov\u00e1n\u00ed hlin\u00edku (500 - 5500 tun)<\/h3>\n<p><img decoding=\"async\" src=\"\/wp-content\/uploads\/factory-05.webp\"\/><\/p>\n<p><img decoding=\"async\" src=\"\/wp-content\/uploads\/factory-06.webp\"\/><\/p>\n<p><img decoding=\"async\" src=\"\/wp-content\/uploads\/factory-07.webp\"\/><\/p>\n<h3>D\u00edlna pr\u00e1\u0161kov\u00e9ho lakov\u00e1n\u00ed<\/h3>\n<p><img decoding=\"async\" src=\"\/wp-content\/uploads\/factory-09.webp\"\/><\/p>\n<h3>D\u00edlna eloxov\u00e1n\u00ed<\/h3>\n<p><img decoding=\"async\" src=\"\/wp-content\/uploads\/factory-10.webp\"\/><\/p>\n<h3>Workshop o hloubkov\u00e9m zpracov\u00e1n\u00ed<\/h3>\n<p><img decoding=\"async\" src=\"\/wp-content\/uploads\/factory-11.webp\"\/><\/p>\n<h3>D\u00edlna CNC p\u0159esn\u00e9ho obr\u00e1b\u011bn\u00ed<\/h3>\n<p><img decoding=\"async\" src=\"\/wp-content\/uploads\/factory-11.5.webp\"\/><\/p>\n<h3>Sklad hotov\u00fdch v\u00fdrobk\u016f a exportn\u00ed sklad<\/h3>\n<p><img decoding=\"async\" src=\"\/wp-content\/uploads\/factory-12.webp\"\/><\/p>\n<p><img decoding=\"async\" src=\"\/wp-content\/uploads\/factory-13.webp\"\/><\/p>\n<p><img decoding=\"async\" src=\"\/wp-content\/uploads\/factory-14.webp\"\/><\/p>\n<h2>\u010cASTO KLADEN\u00c9 DOTAZY<\/h2>\n<p><p><b>1.K \u010demu se pou\u017e\u00edv\u00e1 hlin\u00edkov\u00fd profil J?<\/b><\/p>\n<p>Hlin\u00edkov\u00e9 v\u00fdlisky profilu J se b\u011b\u017en\u011b pou\u017e\u00edvaj\u00ed v konstruk\u010dn\u00edch aplikac\u00edch, kde je vy\u017eadov\u00e1na zv\u00fd\u0161en\u00e1 pevnost a stabilita, jako jsou r\u00e1my, podp\u011bry a sk\u0159\u00edn\u011b.<br \/>\n<\/p><br \/>\n<br \/>\n<p><b>2.Pro\u010d zvolit hlin\u00edkov\u00fd v\u00fdlisek J oproti jin\u00fdm profil\u016fm?<\/b><\/p>\n<p>Hlin\u00edkov\u00fd v\u00fdlisek s pr\u016f\u0159ezem J poskytuje vynikaj\u00edc\u00ed pevnost a tuhost, tak\u017ee je ide\u00e1ln\u00ed pro nesen\u00ed velk\u00fdch n\u00e1klad\u016f a odol\u00e1v\u00e1n\u00ed drsn\u00e9mu prost\u0159ed\u00ed.<br \/>\n<\/p><br \/>\n<br \/>\n<p><b>3.M\u016f\u017ee b\u00fdt hlin\u00edkov\u00fd v\u00fdlisek sekce J p\u0159izp\u016fsoben konkr\u00e9tn\u00edm projekt\u016fm?<\/b><\/p>\n<p>Ano, hlin\u00edkov\u00e9 v\u00fdlisky J lze p\u0159izp\u016fsobit z hlediska velikosti a profilu tak, aby vyhovovaly konkr\u00e9tn\u00edm pot\u0159eb\u00e1m va\u0161eho projektu.<br \/>\n<\/p><br \/>\n<br \/>\n<p><b>4.Jak se hlin\u00edkov\u00e9 v\u00fdlisky s pr\u016f\u0159ezem J vyrovn\u00e1vaj\u00ed s n\u00e1ro\u010dn\u00fdmi podm\u00ednkami prost\u0159ed\u00ed?<\/b><\/p>\n<p>Hlin\u00edkov\u00fd v\u00fdlisek J je vyroben z hlin\u00edku odoln\u00e9ho proti korozi, tak\u017ee je ide\u00e1ln\u00ed pro vnit\u0159n\u00ed i venkovn\u00ed pou\u017eit\u00ed, a to i v n\u00e1ro\u010dn\u00fdch pov\u011btrnostn\u00edch podm\u00ednk\u00e1ch.<br \/>\n<\/p><br \/>\n<br \/>\n<p><b>5.Je instalace hlin\u00edkov\u00e9ho v\u00fdlisku sekce J snadn\u00e1?<\/b><\/p>\n<p>Ano, hlin\u00edkov\u00e9 profily J se snadno \u0159e\u017eou, montuj\u00ed a instaluj\u00ed, co\u017e sni\u017euje n\u00e1klady na pracovn\u00ed s\u00edlu a dobu instalace u rozs\u00e1hl\u00fdch projekt\u016f.<br \/>\n<\/p><br \/>\n<br \/>\n<p><b>6.Jak\u00e9 jsou hlavn\u00ed v\u00fdhody pou\u017eit\u00ed hlin\u00edku pro vytla\u010dov\u00e1n\u00ed profil\u016f J?<\/b><\/p>\n<p>Hlin\u00edk nab\u00edz\u00ed kombinaci pevnosti, n\u00edzk\u00e9 hmotnosti a odolnosti proti korozi, d\u00edky \u010demu\u017e je hlin\u00edkov\u00fd v\u00fdlisek s pr\u016f\u0159ezem J trvanlivou a cenov\u011b v\u00fdhodnou volbou pro mnoho aplikac\u00ed.<br \/>\n<\/p><br \/>\n<br \/>\n<p><b>7.Jak dlouho vydr\u017e\u00ed hlin\u00edkov\u00fd v\u00fdlisek J?<\/b><\/p>\n<p>Hlin\u00edkov\u00e9 v\u00fdlisky z profilu J jsou navr\u017eeny pro dlouhodob\u00fd v\u00fdkon, nab\u00edzej\u00ed vynikaj\u00edc\u00ed trvanlivost a odolnost proti korozi, co\u017e zaji\u0161\u0165uje jejich dlouholetou \u017eivotnost v n\u00e1ro\u010dn\u00fdch podm\u00ednk\u00e1ch.<br \/>\n<\/p><br \/><\/p>","protected":false},"featured_media":8055,"template":"","categories":[54],"class_list":["post-8056","product","type-product","status-publish","has-post-thumbnail","hentry","category-industrial-aluminum-profiles"],"meta_box":{"hilight_text_group":{"product_hilight_text":"<li>J Section Aluminum Extrusion offers enhanced strength and stability for structural applications.<\/li>\r\r\n<li>Durable aluminum material ensures long-lasting performance in demanding environments.<\/li>\r\r\n<li>Customizable profiles and sizes available to meet specific design and structural needs.<\/li>\r\r\n<li>Corrosion-resistant surface ideal for outdoor and industrial applications.<\/li>\r\r\n<li>Easy to cut and assemble, reducing installation time and cost for large projects.<\/li>","product_chanpin_blog":"<ul>\r\r\n<li><a href=\"https:\/\/sinoextrud.com\/t-slot-v-slot-differences\/\" target=\"_blank\">t slot vs v slot<\/a><\/li>\r\r\n<li><a href=\"https:\/\/sinoextrud.com\/what-is-4040-aluminium-extrud\/\" target=\"_blank\">4040 aluminium extrusion<\/a><\/li>\r\r\n<li><a href=\"https:\/\/sinoextrud.com\/what-is-4040-aluminium-extrud\/\" target=\"_blank\">aluminum extrusions for industrial racks<\/a><\/li>\r\r\n<li><a href=\"https:\/\/sinoextrud.com\/powder-coating-aluminium-process\/\" target=\"_blank\">powder coating aluminium<\/a><\/li>\r\r\n<li><a href=\"https:\/\/sinoextrud.com\/what-is-an-aluminium-strip-ceiling\/\" target=\"_blank\">aluminium strip ceiling<\/a><\/li>\r\r\n<li><a href=\"https:\/\/sinoextrud.com\/what-is-a-heat-sink\/\" target=\"_blank\">what is a heat sink<\/a><\/li>\r\r\n<\/ul>","product_chanpin_chanpin":"<li><a href=\"https:\/\/sinoextrud.com\/product\/heatsink-aluminum-profiles\/\" target=\"_blank\">Heatsink Aluminum Profiles<\/a><\/li>\r\n<li><a href=\"https:\/\/sinoextrud.com\/product\/t-slot-aluminum-extrusion-profile-for-industrial-assembly-line\/\" target=\"_blank\">T Slot Aluminum Extrusion Profile For Industrial Assembly Line<\/a><\/li>\r\n<li><a href=\"https:\/\/sinoextrud.com\/product\/customized-led-strip-light-aluminium-profile-led-aluminum-extrusion\/\" target=\"_blank\">Customized LED Strip Light Aluminium Profile  LED Aluminum Extrusion<\/a><\/li>\r\n<li><a href=\"https:\/\/sinoextrud.com\/product\/industrial-aluminum-extrusion-profile\/\" target=\"_blank\">Industrial Aluminum Extrusion Profile<\/a><\/li>\r\n<li><a href=\"https:\/\/sinoextrud.com\/product\/j-section-aluminum-extrusion\/\" target=\"_blank\">J Section Aluminum Extrusion<\/a><\/li>\r\n<li><a href=\"https:\/\/sinoextrud.com\/product\/linear-rail-aluminum-extrusion\/\" target=\"_blank\">Linear Rail Aluminum Extrusion<\/a><\/li>\r\n<li><a href=\"https:\/\/sinoextrud.com\/product\/t-slot-aluminum-profile\/\" target=\"_blank\">T-slot Aluminum Profile<\/a><\/li>\r\n<li><a href=\"https:\/\/sinoextrud.com\/product\/t-shaped-aluminium-profile\/\" target=\"_blank\">T Shaped Aluminium Profile<\/a><\/li>\r\n<li><a href=\"https:\/\/sinoextrud.com\/product\/slotted-aluminum-extrusion\/\" target=\"_blank\">Slotted Aluminum Extrusion<\/a><\/li>\r\n<li><a href=\"https:\/\/sinoextrud.com\/product\/aluminum-extrusion-heat-profiles-sink\/\" target=\"_blank\">Aluminum Extrusion Heat Profiles Sink<\/a><\/li>\r\n<li><a href=\"https:\/\/sinoextrud.com\/product\/custom-aluminum-tongue-and-groove-extrusion\/\" target=\"_blank\">Custom Aluminum Tongue And Groove Extrusion<\/a><\/li>"},"feature_list":[]},"_links":{"self":[{"href":"https:\/\/sinoextrud.com\/cs\/wp-json\/wp\/v2\/product\/8056","targetHints":{"allow":["GET"]}}],"collection":[{"href":"https:\/\/sinoextrud.com\/cs\/wp-json\/wp\/v2\/product"}],"about":[{"href":"https:\/\/sinoextrud.com\/cs\/wp-json\/wp\/v2\/types\/product"}],"wp:featuredmedia":[{"embeddable":true,"href":"https:\/\/sinoextrud.com\/cs\/wp-json\/wp\/v2\/media\/8055"}],"wp:attachment":[{"href":"https:\/\/sinoextrud.com\/cs\/wp-json\/wp\/v2\/media?parent=8056"}],"wp:term":[{"taxonomy":"category","embeddable":true,"href":"https:\/\/sinoextrud.com\/cs\/wp-json\/wp\/v2\/categories?post=8056"}],"curies":[{"name":"wp","href":"https:\/\/api.w.org\/{rel}","templated":true}]}}