{"id":8044,"date":"2025-06-12T06:56:49","date_gmt":"2025-06-12T06:56:49","guid":{"rendered":"https:\/\/sinoextrud.com\/product\/led-aluminum-profile-strip-heatsink\/"},"modified":"2025-06-24T06:22:56","modified_gmt":"2025-06-24T06:22:56","slug":"vedl-hlinikovy-profil-chladic","status":"publish","type":"product","link":"https:\/\/sinoextrud.com\/cs\/product\/led-aluminum-profile-strip-heatsink\/","title":{"rendered":"Led hlin\u00edkov\u00fd profil Strip chladi\u010d"},"content":{"rendered":"<h2>Podrobnosti o produktech<\/h2>\n<table class=\"custom-table\">\n<tbody>\n<tr>\n<td> N\u00e1zev produktu<\/td>\n<td> Led hlin\u00edkov\u00fd profil Strip chladi\u010d<\/td>\n<\/tr>\n<tr>\n<td> Materi\u00e1l<\/td>\n<td> 6063-T5<\/td>\n<\/tr>\n<tr>\n<td> Tvar a velikost<\/td>\n<td> Podle v\u00fdkresu nebo vzorku dodan\u00e9ho z\u00e1kazn\u00edkem<\/td>\n<\/tr>\n<tr>\n<td> Tlou\u0161\u0165ka<\/td>\n<td> 0,7 mm-10 mm<\/td>\n<\/tr>\n<tr>\n<td> Tolerance p\u0159esn\u00e9ho \u0159ez\u00e1n\u00ed<\/td>\n<td> \u22641m: \u00b10,25 mm<br \/>\n1m&lt; : \u22642m, \u00b10,35mm<br \/>\n\u22652m: \u00b10,50 mm<\/td>\n<\/tr>\n<tr>\n<td> Tolerance vrt\u00e1n\u00ed<\/td>\n<td> \u00b10,15~0,20 mm<\/td>\n<\/tr>\n<tr>\n<td> Tolerance b\u011b\u017en\u00e9ho \u0159ez\u00e1n\u00ed<\/td>\n<td> \u00b110 ~ 0 mm<\/td>\n<\/tr>\n<tr>\n<td> Typick\u00e9 aplikace<\/td>\n<td> Led nebo jin\u00e9 elektronick\u00e9 v\u00fdrobky<\/td>\n<\/tr>\n<tr>\n<td> Vlastn\u00ed typ<\/td>\n<td> V\u00fdkres nebo vzorek dodan\u00fd klientem<\/td>\n<\/tr>\n<tr>\n<td> Hloubkov\u00fd proces<\/td>\n<td> CNC fr\u00e9zov\u00e1n\u00ed, vrt\u00e1n\u00ed, d\u011brov\u00e1n\u00ed, vrt\u00e1n\u00ed, z\u00e1vitov\u00e1n\u00ed, oh\u00fdb\u00e1n\u00ed, sva\u0159ov\u00e1n\u00ed atd.<\/td>\n<\/tr>\n<tr>\n<td> Zna\u010dka<\/td>\n<td> Sinoextrud, Sinoextrud,, vlastn\u00ed ochrann\u00e1 zn\u00e1mka avalaible<\/td>\n<\/tr>\n<tr>\n<td> Povrchov\u00e1 \u00faprava<\/td>\n<td> Ml\u00fdn dokon\u010dil, d\u0159ev\u011bn\u00e9 zrno, eloxovan\u00e9, pr\u00e1\u0161kov\u00e9 lakov\u00e1n\u00ed atd.<\/td>\n<\/tr>\n<tr>\n<td> Barva<\/td>\n<td> St\u0159\u00edbrn\u00e1, \u010dern\u00e1, \u0161ampa\u0148sk\u00e9 atd.<\/td>\n<\/tr>\n<tr>\n<td> MOQ<\/td>\n<td> 200 kg<\/td>\n<\/tr>\n<tr>\n<td> Standard kvality<\/td>\n<td> Vysok\u00e1 \u00farove\u0148 kvality<\/td>\n<\/tr>\n<tr>\n<td> Certifik\u00e1ty<\/td>\n<td> ISO9001, ISO4001, CQM, SGS, CE, BV atd.<\/td>\n<\/tr>\n<\/tbody>\n<\/table>\n<h2>Na\u0161e v\u00fdrobn\u00ed z\u00e1kladna<\/h2>\n<h3>Panorama tov\u00e1rny<\/h3>\n<p><img decoding=\"async\" src=\"\/wp-content\/uploads\/factory-01.webp\"\/><\/p>\n<h3>D\u00edlna na v\u00fdrobu hlin\u00edkov\u00fdch ty\u010d\u00ed<\/h3>\n<p><img decoding=\"async\" src=\"\/wp-content\/uploads\/factory-02.webp\"\/><\/p>\n<p><img decoding=\"async\" src=\"\/wp-content\/uploads\/factory-03.webp\"\/><\/p>\n<h3>Sklad pl\u00edsn\u00ed<\/h3>\n<p><img decoding=\"async\" src=\"\/wp-content\/uploads\/factory-04.webp\"\/><\/p>\n<h3>43 linek na vytla\u010dov\u00e1n\u00ed hlin\u00edku (500-5500 tun)<\/h3>\n<p><img decoding=\"async\" src=\"\/wp-content\/uploads\/factory-05.webp\"\/><\/p>\n<p><img decoding=\"async\" src=\"\/wp-content\/uploads\/factory-06.webp\"\/><\/p>\n<p><img decoding=\"async\" src=\"\/wp-content\/uploads\/factory-07.webp\"\/><\/p>\n<h3>D\u00edlna pr\u00e1\u0161kov\u00e9ho lakov\u00e1n\u00ed<\/h3>\n<p><img decoding=\"async\" src=\"\/wp-content\/uploads\/factory-09.webp\"\/><\/p>\n<h3>D\u00edlna eloxov\u00e1n\u00ed<\/h3>\n<p><img decoding=\"async\" src=\"\/wp-content\/uploads\/factory-10.webp\"\/><\/p>\n<h3>Workshop o hloubkov\u00e9m zpracov\u00e1n\u00ed<\/h3>\n<p><img decoding=\"async\" src=\"\/wp-content\/uploads\/factory-11.webp\"\/><\/p>\n<h3>D\u00edlna CNC p\u0159esn\u00e9ho obr\u00e1b\u011bn\u00ed<\/h3>\n<p><img decoding=\"async\" src=\"\/wp-content\/uploads\/factory-11.5.webp\"\/><\/p>\n<h3>Sklad hotov\u00fdch v\u00fdrobk\u016f a exportn\u00ed sklad<\/h3>\n<p><img decoding=\"async\" src=\"\/wp-content\/uploads\/factory-12.webp\"\/><\/p>\n<p><img decoding=\"async\" src=\"\/wp-content\/uploads\/factory-13.webp\"\/><\/p>\n<p><img decoding=\"async\" src=\"\/wp-content\/uploads\/factory-14.webp\"\/><\/p>\n<h2>\u010cASTO KLADEN\u00c9 DOTAZY<\/h2>\n<p><p><b>1.Jak\u00fd je \u00fa\u010del chladi\u010de hlin\u00edkov\u00e9ho profilu LED? <\/b><\/p>\n<p>Chladi\u010d p\u00e1sk\u016f LED s hlin\u00edkov\u00fdm profilem pom\u00e1h\u00e1 odv\u00e1d\u011bt teplo z p\u00e1sk\u016f LED, zlep\u0161uje jejich v\u00fdkon a prodlu\u017euje jejich \u017eivotnost t\u00edm, \u017ee zabra\u0148uje p\u0159eh\u0159\u00e1t\u00ed.<br \/>\n<\/p><br \/>\n<br \/>\n<p><b>2.Pro\u010d se pro chladi\u010de LED pou\u017e\u00edv\u00e1 hlin\u00edk? <\/b><\/p>\n<p>Hlin\u00edk se pou\u017e\u00edv\u00e1 d\u00edky sv\u00e9 vynikaj\u00edc\u00ed tepeln\u00e9 vodivosti, n\u00edzk\u00e9 hmotnosti a odolnosti, tak\u017ee je ide\u00e1ln\u00ed pro efektivn\u00ed \u0159\u00edzen\u00ed tepla v syst\u00e9mech LED.<br \/>\n<\/p><br \/>\n<br \/>\n<p><b>3.Jak\u00fd p\u0159\u00ednos m\u00e1 eloxovan\u00e1 povrchov\u00e1 \u00faprava pro chladi\u010d LED? <\/b><\/p>\n<p>Eloxovan\u00e1 povrchov\u00e1 \u00faprava zaji\u0161\u0165uje odolnost proti korozi a chr\u00e1n\u00ed hlin\u00edkov\u00fd profil p\u0159ed vlivy prost\u0159ed\u00ed, tak\u017ee je vhodn\u00fd pro vnit\u0159n\u00ed i venkovn\u00ed pou\u017eit\u00ed.<br \/>\n<\/p><br \/>\n<br \/>\n<p><b>4.Mohou b\u00fdt chladi\u010de LED hlin\u00edkov\u00fdch profil\u016f p\u0159izp\u016fsobeny? <\/b><\/p>\n<p>Ano, chladi\u010de hlin\u00edkov\u00fdch p\u00e1sk\u016f LED lze p\u0159izp\u016fsobit r\u016fzn\u00fdm velikostem p\u00e1sk\u016f LED a po\u017eadavk\u016fm projektu, co\u017e zaru\u010duje \u0159e\u0161en\u00ed na m\u00edru.<br \/>\n<\/p><br \/>\n<br \/>\n<p><b>5.Jak pou\u017eit\u00ed chladi\u010de zlep\u0161uje v\u00fdkon LED? <\/b><\/p>\n<p>Pou\u017eit\u00ed chladi\u010de zabra\u0148uje p\u0159eh\u0159\u00edv\u00e1n\u00ed LED p\u00e1sk\u016f a zaji\u0161\u0165uje jejich optim\u00e1ln\u00ed teplotu, co\u017e prodlu\u017euje jejich \u017eivotnost a zvy\u0161uje jas.<br \/>\n<\/p><br \/>\n<br \/>\n<p><b>6.Jsou chladi\u010de LED hlin\u00edkov\u00fdch profil\u016f snadn\u00e9 na instalaci? <\/b><\/p>\n<p>Ano, tyto chladi\u010de jsou navr\u017eeny pro snadnou instalaci, co\u017e sni\u017euje n\u00e1klady na pr\u00e1ci a \u010das str\u00e1ven\u00fd nastavov\u00e1n\u00edm syst\u00e9m\u016f LED.<br \/>\n<\/p><br \/>\n<br \/>\n<p><b>7.Jak\u00e1 pr\u016fmyslov\u00e1 odv\u011btv\u00ed maj\u00ed prosp\u011bch z pou\u017e\u00edv\u00e1n\u00ed chladi\u010d\u016f z hlin\u00edkov\u00fdch profil\u016f LED? <\/b><\/p>\n<p>Chladi\u010de z hlin\u00edkov\u00fdch profil\u016f LED jsou u\u017eite\u010dn\u00e9 v odv\u011btv\u00edch, jako je osv\u011btlen\u00ed, stavebnictv\u00ed, automobilov\u00fd pr\u016fmysl a interi\u00e9rov\u00fd design, kde je pro syst\u00e9my LED z\u00e1sadn\u00ed \u00fa\u010dinn\u00fd tepeln\u00fd management.<br \/>\n<\/p><br \/><\/p>","protected":false},"featured_media":8043,"template":"","categories":[54],"class_list":["post-8044","product","type-product","status-publish","has-post-thumbnail","hentry","category-industrial-aluminum-profiles"],"meta_box":{"hilight_text_group":{"product_hilight_text":"<ul>\r\r\n  <li>LED aluminum profile strip heatsinks provide effective heat dissipation, enhancing LED lifespan and performance.<\/li>\r\r\n  <li>Precision-engineered design ensures optimal fit for LED strips, offering a secure and efficient mounting solution.<\/li>\r\r\n  <li>Lightweight and durable, made from high-quality aluminum for long-lasting reliability in various applications.<\/li>\r\r\n  <li>Corrosion-resistant anodized finish ensures protection against environmental factors, ideal for indoor and outdoor use.<\/li>\r\r\n  <li>Easy installation process, reducing labor costs and installation time for LED lighting systems.<\/li>\r\r\n  <li>Energy-efficient heat management, reducing the risk of overheating and improving overall LED system efficiency.<\/li>\r\r\n  <li>Versatile and customizable for different LED strip sizes and applications, making them suitable for a wide range of projects.<\/li>\r\r\n<\/ul>","product_chanpin_blog":"<ul>\r\r\n<li><a href=\"https:\/\/sinoextrud.com\/t-slot-v-slot-differences\/\" target=\"_blank\">t slot vs v slot<\/a><\/li>\r\r\n<li><a href=\"https:\/\/sinoextrud.com\/what-is-4040-aluminium-extrud\/\" target=\"_blank\">4040 aluminium extrusion<\/a><\/li>\r\r\n<li><a href=\"https:\/\/sinoextrud.com\/what-is-4040-aluminium-extrud\/\" target=\"_blank\">aluminum extrusions for industrial racks<\/a><\/li>\r\r\n<li><a href=\"https:\/\/sinoextrud.com\/powder-coating-aluminium-process\/\" target=\"_blank\">powder coating aluminium<\/a><\/li>\r\r\n<li><a href=\"https:\/\/sinoextrud.com\/what-is-an-aluminium-strip-ceiling\/\" target=\"_blank\">aluminium strip ceiling<\/a><\/li>\r\r\n<li><a href=\"https:\/\/sinoextrud.com\/what-is-a-heat-sink\/\" target=\"_blank\">what is a heat sink<\/a><\/li>\r\r\n<\/ul>","product_chanpin_chanpin":"<li><a href=\"https:\/\/sinoextrud.com\/product\/oem-aluminum-extusion-profile-led-light-strip-channel\/\" target=\"_blank\">OEM Aluminum Extusion Profile Led Light strip channel<\/a><\/li>\r\n<li><a href=\"https:\/\/sinoextrud.com\/product\/extruded-aluminum-shelving\/\" target=\"_blank\">Extruded Aluminum Shelving<\/a><\/li>\r\n<li><a href=\"https:\/\/sinoextrud.com\/product\/extruded-aluminum-structural-framing\/\" target=\"_blank\">Extruded Aluminum Structural Framing<\/a><\/li>\r\n<li><a href=\"https:\/\/sinoextrud.com\/product\/extruded-decorative-aluminum-railing-systems\/\" target=\"_blank\">Extruded Decorative Aluminum Railing Systems<\/a><\/li>\r\n<li><a href=\"https:\/\/sinoextrud.com\/product\/led-aluminum-profile-strip-heatsink\/\" target=\"_blank\">Led Aluminum Profile Strip Heatsink<\/a><\/li>\r\n<li><a href=\"https:\/\/sinoextrud.com\/product\/led-aluminum-profile-with-heatsink\/\" target=\"_blank\">Led Aluminum Profile With Heatsink<\/a><\/li>\r\n<li><a href=\"https:\/\/sinoextrud.com\/product\/heatsink-aluminum-profiles\/\" target=\"_blank\">Heatsink Aluminum Profiles<\/a><\/li>\r\n<li><a href=\"https:\/\/sinoextrud.com\/product\/t-slot-aluminum-extrusion-profile-for-industrial-assembly-line\/\" target=\"_blank\">T Slot Aluminum Extrusion Profile For Industrial Assembly Line<\/a><\/li>\r\n<li><a href=\"https:\/\/sinoextrud.com\/product\/customized-led-strip-light-aluminium-profile-led-aluminum-extrusion\/\" target=\"_blank\">Customized LED Strip Light Aluminium Profile  LED Aluminum Extrusion<\/a><\/li>\r\n<li><a href=\"https:\/\/sinoextrud.com\/product\/aluminium-slotted-channel\/\" target=\"_blank\">Aluminium Slotted Channel<\/a><\/li>\r\n<li><a href=\"https:\/\/sinoextrud.com\/product\/aluminum-extrusion-aluminum-fence-panel-profile\/\" target=\"_blank\">Aluminum Extrusion Aluminum Fence Panel Profile<\/a><\/li>"},"feature_list":[]},"_links":{"self":[{"href":"https:\/\/sinoextrud.com\/cs\/wp-json\/wp\/v2\/product\/8044","targetHints":{"allow":["GET"]}}],"collection":[{"href":"https:\/\/sinoextrud.com\/cs\/wp-json\/wp\/v2\/product"}],"about":[{"href":"https:\/\/sinoextrud.com\/cs\/wp-json\/wp\/v2\/types\/product"}],"wp:featuredmedia":[{"embeddable":true,"href":"https:\/\/sinoextrud.com\/cs\/wp-json\/wp\/v2\/media\/8043"}],"wp:attachment":[{"href":"https:\/\/sinoextrud.com\/cs\/wp-json\/wp\/v2\/media?parent=8044"}],"wp:term":[{"taxonomy":"category","embeddable":true,"href":"https:\/\/sinoextrud.com\/cs\/wp-json\/wp\/v2\/categories?post=8044"}],"curies":[{"name":"wp","href":"https:\/\/api.w.org\/{rel}","templated":true}]}}