{"id":8018,"date":"2025-06-12T06:27:56","date_gmt":"2025-06-12T06:27:56","guid":{"rendered":"https:\/\/sinoextrud.com\/product\/design-of-anodized-aluminum-handrail-price\/"},"modified":"2025-06-24T06:22:51","modified_gmt":"2025-06-24T06:22:51","slug":"design-eloxovaneho-hlinikoveho-zabradli-cena","status":"publish","type":"product","link":"https:\/\/sinoextrud.com\/cs\/product\/design-of-anodized-aluminum-handrail-price\/","title":{"rendered":"design eloxovan\u00e9ho hlin\u00edkov\u00e9ho z\u00e1bradl\u00ed cena"},"content":{"rendered":"<h2>Podrobnosti o produktech<\/h2>\n<table class=\"custom-table\">\n<tr>\n<td class=\"label\">Polo\u017eka<\/td>\n<td>Design eloxovan\u00e9ho hlin\u00edkov\u00e9ho z\u00e1bradl\u00ed Cena<\/td>\n<\/tr>\n<tr>\n<td class=\"label\">Materi\u00e1l:<\/td>\n<td>Od s\u00e9rie 1000 do s\u00e9rie 7000, norm\u00e1ln\u00ed materi\u00e1l jako 6063, 6005, 6061, 6060, speci\u00e1ln\u00ed materi\u00e1ly jako 6082, 7005, 7075 atd.<\/td>\n<\/tr>\n<tr>\n<td class=\"label\">Tlou\u0161\u0165ka:<\/td>\n<td>Obecn\u00e1 tlou\u0161\u0165ka profil\u016f: 0,8-5,0 mm, tlou\u0161\u0165ka eloxovan\u00e9 ochrany: 8-25um; tlou\u0161\u0165ka barvy pr\u00e1\u0161kov\u00e9ho lakov\u00e1n\u00ed: 40-120 um.<\/td>\n<\/tr>\n<tr>\n<td class=\"label\">Tlou\u0161\u0165ka:<\/td>\n<td>5-800 mm<\/td>\n<\/tr>\n<tr>\n<td class=\"label\">Barva:<\/td>\n<td>St\u0159\u00edbrn\u00e1, bronzov\u00e1, \u010dern\u00e1, zlat\u00e1, modr\u00e1, \u0161ed\u00e1, \u0161ampa\u0148sk\u00e9, sv\u011btl\u00e1, podle va\u0161eho p\u0159\u00e1n\u00ed.<\/td>\n<\/tr>\n<tr>\n<td class=\"label\">M\u00edrnost:<\/td>\n<td>T3-T8<\/td>\n<\/tr>\n<tr>\n<td class=\"label\">Tvar:<\/td>\n<td>\u010dtvercov\u00e9, ploch\u00e9, kulat\u00e9, dut\u00e9, ov\u00e1ln\u00e9, troj\u00faheln\u00edkov\u00e9, U-profily, L-profily, T-profily, H-profily, na p\u0159\u00e1n\u00ed z\u00e1kazn\u00edka<\/td>\n<\/tr>\n<tr>\n<td class=\"label\">Povrchov\u00e1 \u00faprava:<\/td>\n<td>povrchov\u00e1 \u00faprava Mil, anodick\u00e1 oxidace, silov\u00e9 lakov\u00e1n\u00ed, elektrofor\u00e9za, PVDF povlak, v\u0161echny druhy vysoce simula\u010dn\u00edho zpracov\u00e1n\u00ed d\u0159eva atd.<\/td>\n<\/tr>\n<tr>\n<td class=\"label\">Klasifikace produkt\u016f:<\/td>\n<td>1) Obecn\u00e9 hlin\u00edkov\u00e9 profily:<br \/>\nr\u016fzn\u00e9 tvary trubek, \u00faheln\u00edky. Tvary T nebo U atd.<br \/>\n2) Pr\u016fmyslov\u00e9 hlin\u00edkov\u00e9 profily:<br \/>\nKlasifikace produkt\u016f.<br \/>\nod\u011bvn\u00ed kon\u011b, police a reg\u00e1ly na zbo\u017e\u00ed, chladi\u010de, kryty sk\u0159\u00ed\u0148ov\u00fdch r\u00e1m\u016f nab\u00edje\u010dek, r\u00e1my n\u00e1bytku, LED osv\u011btlen\u00ed, r\u00e1my obrazovek Ads, ochrann\u00e9 ploty \u017deb\u0159\u00edk, vodic\u00ed li\u0161ta, integrace potrub\u00ed atd.<br \/>\n3) Konstruk\u010dn\u00ed hlin\u00edkov\u00e9 profily:<br \/>\nHlin\u00edkov\u00e9 dve\u0159e a okna, Posuvn\u00e1 okna, Roletov\u00e9 dve\u0159e, Z\u00e1v\u011bsov\u00e1 dr\u00e1ha<\/td>\n<\/tr>\n<\/table>\n<h2>Na\u0161e v\u00fdrobn\u00ed z\u00e1kladna<\/h2>\n<h3>Panorama tov\u00e1rny<\/h3>\n<p><img decoding=\"async\" src=\"\/wp-content\/uploads\/factory-01.webp\"\/><\/p>\n<h3>D\u00edlna na v\u00fdrobu hlin\u00edkov\u00fdch ty\u010d\u00ed<\/h3>\n<p><img decoding=\"async\" src=\"\/wp-content\/uploads\/factory-02.webp\"\/><\/p>\n<p><img decoding=\"async\" src=\"\/wp-content\/uploads\/factory-03.webp\"\/><\/p>\n<h3>Sklad pl\u00edsn\u00ed<\/h3>\n<p><img decoding=\"async\" src=\"\/wp-content\/uploads\/factory-04.webp\"\/><\/p>\n<h3>43 linek na vytla\u010dov\u00e1n\u00ed hlin\u00edku (500 - 5500 tun)<\/h3>\n<p><img decoding=\"async\" src=\"\/wp-content\/uploads\/factory-05.webp\"\/><\/p>\n<p><img decoding=\"async\" src=\"\/wp-content\/uploads\/factory-06.webp\"\/><\/p>\n<p><img decoding=\"async\" src=\"\/wp-content\/uploads\/factory-07.webp\"\/><\/p>\n<h3>D\u00edlna pr\u00e1\u0161kov\u00e9ho lakov\u00e1n\u00ed<\/h3>\n<p><img decoding=\"async\" src=\"\/wp-content\/uploads\/factory-09.webp\"\/><\/p>\n<h3>D\u00edlna eloxov\u00e1n\u00ed<\/h3>\n<p><img decoding=\"async\" src=\"\/wp-content\/uploads\/factory-10.webp\"\/><\/p>\n<h3>Workshop o hloubkov\u00e9m zpracov\u00e1n\u00ed<\/h3>\n<p><img decoding=\"async\" src=\"\/wp-content\/uploads\/factory-11.webp\"\/><\/p>\n<h3>D\u00edlna CNC p\u0159esn\u00e9ho obr\u00e1b\u011bn\u00ed<\/h3>\n<p><img decoding=\"async\" src=\"\/wp-content\/uploads\/factory-11.5.webp\"\/><\/p>\n<h3>Sklad hotov\u00fdch v\u00fdrobk\u016f a exportn\u00ed sklad<\/h3>\n<p><img decoding=\"async\" src=\"\/wp-content\/uploads\/factory-12.webp\"\/><\/p>\n<p><img decoding=\"async\" src=\"\/wp-content\/uploads\/factory-13.webp\"\/><\/p>\n<p><img decoding=\"async\" src=\"\/wp-content\/uploads\/factory-14.webp\"\/><\/p>\n<h2>\u010cASTO KLADEN\u00c9 DOTAZY<\/h2>\n<p><p><b>1.Co \u010din\u00ed eloxovan\u00e1 hlin\u00edkov\u00e1 madla n\u00e1kladov\u011b efektivn\u00edmi? <\/b><\/p>\n<p>Z\u00e1bradl\u00ed z eloxovan\u00e9ho hlin\u00edku nab\u00edz\u00ed dokonalou rovnov\u00e1hu mezi cenovou dostupnost\u00ed a trvanlivost\u00ed, co\u017e z nich \u010din\u00ed vynikaj\u00edc\u00ed volbu pro z\u00e1kazn\u00edky, kte\u0159\u00ed si uv\u011bdomuj\u00ed sv\u016fj rozpo\u010det.<br \/>\n<\/p><br \/>\n<br \/>\n<p><b>2.Jak\u00fd p\u0159\u00ednos m\u00e1 eloxovan\u00e1 povrchov\u00e1 \u00faprava pro z\u00e1bradl\u00ed? <\/b><\/p>\n<p>Eloxovan\u00e1 povrchov\u00e1 \u00faprava zvy\u0161uje odolnost z\u00e1bradl\u00ed proti korozi, zaji\u0161\u0165uje jeho dlouhou \u017eivotnost a je vhodn\u00e1 pro vnit\u0159n\u00ed i venkovn\u00ed pou\u017eit\u00ed.<br \/>\n<\/p><br \/>\n<br \/>\n<p><b>3.Je instalace eloxovan\u00e9ho hlin\u00edkov\u00e9ho z\u00e1bradl\u00ed snadn\u00e1? <\/b><\/p>\n<p>Ano, z\u00e1bradl\u00ed jsou lehk\u00e1 a navr\u017een\u00e1 pro snadnou instalaci, co\u017e \u0161et\u0159\u00ed \u010das i n\u00e1klady na pr\u00e1ci p\u0159i mont\u00e1\u017ei.<br \/>\n<\/p><br \/>\n<br \/>\n<p><b>4.Mohu si p\u0159izp\u016fsobit velikost nebo design eloxovan\u00e9ho hlin\u00edkov\u00e9ho z\u00e1bradl\u00ed? <\/b><\/p>\n<p>Ano, eloxovan\u00e1 hlin\u00edkov\u00e1 z\u00e1bradl\u00ed jsou k dispozici v \u0159ad\u011b p\u0159izp\u016fsobiteln\u00fdch velikost\u00ed a proveden\u00ed, kter\u00e1 spl\u0148uj\u00ed specifick\u00e9 po\u017eadavky projektu.<br \/>\n<\/p><br \/>\n<br \/>\n<p><b>5.Jak eloxovan\u00e9 hlin\u00edkov\u00e9 z\u00e1bradl\u00ed zlep\u0161uje vzhled budovy? <\/b><\/p>\n<p>Elegantn\u00ed, modern\u00ed vzhled eloxovan\u00e9ho hlin\u00edku zvy\u0161uje estetickou hodnotu ka\u017ed\u00e9ho prostoru a poskytuje profesion\u00e1ln\u00ed a modern\u00ed povrchovou \u00fapravu.<br \/>\n<\/p><br \/>\n<br \/>\n<p><b>6.Jakou \u00fadr\u017ebu vy\u017eaduj\u00ed eloxovan\u00e1 hlin\u00edkov\u00e1 z\u00e1bradl\u00ed? <\/b><\/p>\n<p>Eloxovan\u00fd hlin\u00edk vy\u017eaduje minim\u00e1ln\u00ed \u00fadr\u017ebu, proto\u017ee povrchov\u00e1 \u00faprava jej chr\u00e1n\u00ed p\u0159ed opot\u0159eben\u00edm a koroz\u00ed a vy\u017eaduje pouze ob\u010dasn\u00e9 \u010di\u0161t\u011bn\u00ed.<br \/>\n<\/p><br \/>\n<br \/>\n<p><b>7.Je eloxovan\u00fd hlin\u00edk \u0161etrn\u00fd k \u017eivotn\u00edmu prost\u0159ed\u00ed? <\/b><\/p>\n<p>Ano, eloxovan\u00fd hlin\u00edk je recyklovateln\u00fd materi\u00e1l, tak\u017ee je ekologickou volbou pro stavebn\u00ed a designov\u00e9 projekty.<br \/>\n<\/p><br \/><\/p>","protected":false},"featured_media":8017,"template":"","categories":[54],"class_list":["post-8018","product","type-product","status-publish","has-post-thumbnail","hentry","category-industrial-aluminum-profiles"],"meta_box":{"hilight_text_group":{"product_hilight_text":"<ul>\r\r\n  <li>Affordable price for high-quality anodized aluminum handrails, offering excellent value for money.<\/li>\r\r\n  <li>Durable anodized finish that enhances corrosion resistance and longevity.<\/li>\r\r\n  <li>Lightweight yet strong design for easy handling and installation.<\/li>\r\r\n  <li>Customizable sizes and designs to suit various architectural styles and needs.<\/li>\r\r\n  <li>Modern and sleek appearance, improving the aesthetic appeal of any building or space.<\/li>\r\r\n  <li>Low maintenance requirements, saving on long-term upkeep costs.<\/li>\r\r\n  <li>Eco-friendly and recyclable material, contributing to sustainability efforts.<\/li>\r\r\n<\/ul>","product_chanpin_blog":"<ul>\r\r\n<li><a href=\"https:\/\/sinoextrud.com\/t-slot-v-slot-differences\/\" target=\"_blank\">t slot vs v slot<\/a><\/li>\r\r\n<li><a href=\"https:\/\/sinoextrud.com\/what-is-4040-aluminium-extrud\/\" target=\"_blank\">4040 aluminium extrusion<\/a><\/li>\r\r\n<li><a href=\"https:\/\/sinoextrud.com\/what-is-4040-aluminium-extrud\/\" target=\"_blank\">aluminum extrusions for industrial racks<\/a><\/li>\r\r\n<li><a href=\"https:\/\/sinoextrud.com\/powder-coating-aluminium-process\/\" target=\"_blank\">powder coating aluminium<\/a><\/li>\r\r\n<li><a href=\"https:\/\/sinoextrud.com\/what-is-an-aluminium-strip-ceiling\/\" target=\"_blank\">aluminium strip ceiling<\/a><\/li>\r\r\n<li><a href=\"https:\/\/sinoextrud.com\/what-is-a-heat-sink\/\" target=\"_blank\">what is a heat sink<\/a><\/li>\r\r\n<\/ul>","product_chanpin_chanpin":"<li><a href=\"https:\/\/sinoextrud.com\/product\/customized-industrial-aluminum-profile\/\" target=\"_blank\">Customized Industrial Aluminum Profile<\/a><\/li>\r\n<li><a href=\"https:\/\/sinoextrud.com\/product\/structural-aluminium-extrusions\/\" target=\"_blank\">Structural Aluminium Extrusions<\/a><\/li>\r\n<li><a href=\"https:\/\/sinoextrud.com\/product\/powder-coated-and-anodized-aluminium-profile-for-electric-frame-motor-housing-and-aluminum-enclosure\/\" target=\"_blank\">Powder coated and Anodized aluminium profile for electric frame motor housing and aluminum enclosure<\/a><\/li>\r\n<li><a href=\"https:\/\/sinoextrud.com\/product\/customized-powder-coated-anodized-aluminium-extrusion-profile-roller-shutter-supplier\/\" target=\"_blank\">Customized Powder Coated Anodized Aluminium Extrusion Profile Roller Shutter Supplier<\/a><\/li>\r\n<li><a href=\"https:\/\/sinoextrud.com\/product\/design-of-anodized-aluminum-handrail-price\/\" target=\"_blank\">design of anodized aluminum handrail price<\/a><\/li>\r\n<li><a href=\"https:\/\/sinoextrud.com\/product\/standard-extruded-aluminum-shapes\/\" target=\"_blank\">Standard Extruded Aluminum Shapes<\/a><\/li>\r\n<li><a href=\"https:\/\/sinoextrud.com\/product\/t-slot-industrial-extruded-aluminum-profile\/\" target=\"_blank\">T-slot Industrial Extruded Aluminum Profile<\/a><\/li>\r\n<li><a href=\"https:\/\/sinoextrud.com\/product\/extruded-aluminum-channel\/\" target=\"_blank\">Extruded Aluminum Channel<\/a><\/li>\r\n<li><a href=\"https:\/\/sinoextrud.com\/product\/made-extrusion-square-tube-aluminium-profiles-in-stock\/\" target=\"_blank\">Made Extrusion Square Tube Aluminium Profiles in Stock<\/a><\/li>\r\n<li><a href=\"https:\/\/sinoextrud.com\/product\/aluminum-t-slot-channel\/\" target=\"_blank\">Aluminum T Slot Channel<\/a><\/li>\r\n<li><a href=\"https:\/\/sinoextrud.com\/product\/aluminum-extrusion-profile-for-clean-room\/\" target=\"_blank\">Aluminum Extrusion Profile For Clean Room<\/a><\/li>"},"feature_list":[]},"_links":{"self":[{"href":"https:\/\/sinoextrud.com\/cs\/wp-json\/wp\/v2\/product\/8018","targetHints":{"allow":["GET"]}}],"collection":[{"href":"https:\/\/sinoextrud.com\/cs\/wp-json\/wp\/v2\/product"}],"about":[{"href":"https:\/\/sinoextrud.com\/cs\/wp-json\/wp\/v2\/types\/product"}],"wp:featuredmedia":[{"embeddable":true,"href":"https:\/\/sinoextrud.com\/cs\/wp-json\/wp\/v2\/media\/8017"}],"wp:attachment":[{"href":"https:\/\/sinoextrud.com\/cs\/wp-json\/wp\/v2\/media?parent=8018"}],"wp:term":[{"taxonomy":"category","embeddable":true,"href":"https:\/\/sinoextrud.com\/cs\/wp-json\/wp\/v2\/categories?post=8018"}],"curies":[{"name":"wp","href":"https:\/\/api.w.org\/{rel}","templated":true}]}}