{"id":8014,"date":"2025-06-12T06:24:05","date_gmt":"2025-06-12T06:24:05","guid":{"rendered":"https:\/\/sinoextrud.com\/product\/powder-coated-and-anodized-aluminium-profile-for-electric-frame-motor-housing-and-aluminum-enclosure\/"},"modified":"2025-06-24T06:22:50","modified_gmt":"2025-06-24T06:22:50","slug":"praskove-lakovany-a-eloxovany-hlinikovy-profil-pro-skrin-elektrickeho-motoru-a-hlinikovy-kryt","status":"publish","type":"product","link":"https:\/\/sinoextrud.com\/cs\/product\/powder-coated-and-anodized-aluminium-profile-for-electric-frame-motor-housing-and-aluminum-enclosure\/","title":{"rendered":"Pr\u00e1\u0161kov\u011b lakovan\u00fd a eloxovan\u00fd hlin\u00edkov\u00fd profil pro sk\u0159\u00ed\u0148 elektrick\u00e9ho motoru a hlin\u00edkov\u00fd kryt"},"content":{"rendered":"<h2>Podrobnosti o produktech<\/h2>\n<table class=\"custom-table\">\n<tbody>\n<tr>\n<td> Polo\u017eka:<\/td>\n<td> Pr\u00e1\u0161kov\u011b lakovan\u00fd a eloxovan\u00fd hlin\u00edkov\u00fd profil pro sk\u0159\u00ed\u0148 elektrick\u00e9ho motoru a hlin\u00edkov\u00fd kryt<\/td>\n<td> T\u0159\u00edda:<\/td>\n<td> \u0158ada 6000 6063<\/td>\n<\/tr>\n<tr>\n<td> M\u00edrnost:<\/td>\n<td> 6063-T5<\/td>\n<td> M\u00edsto p\u016fvodu:<\/td>\n<td> Foshan, Guangdong<\/td>\n<\/tr>\n<tr>\n<td> Tvar:<\/td>\n<td> Kan\u00e1l ve tvaru U<\/td>\n<td> Slitina nebo ne:<\/td>\n<td> Slitina Alunimun<\/td>\n<\/tr>\n<tr>\n<td> Tolerance:<\/td>\n<td> \u00b10,5%<\/td>\n<td> Zna\u010dka:<\/td>\n<td> Sinoextrud, Sinoextrud<\/td>\n<\/tr>\n<tr>\n<td> Standardn\u00ed:<\/td>\n<td> st\u0159edn\u00ed a vysok\u00e1 kvalita<\/td>\n<td> Povrchov\u00e1 \u00faprava:<\/td>\n<td> pr\u00e1\u0161kov\u00e9 lakov\u00e1n\u00ed, elektrofor\u00e9za, kresba d\u0159eva, eloxov\u00e1n\u00ed, kart\u00e1\u010dov\u00e1n\u00ed, le\u0161t\u011bn\u00ed<\/td>\n<\/tr>\n<tr>\n<td> Doba dod\u00e1n\u00ed:<\/td>\n<td> 25-30 dn\u00ed<\/td>\n<td> MOQ:<\/td>\n<td> 200 kg<\/td>\n<\/tr>\n<tr>\n<td> Term\u00edn platby:<\/td>\n<td> T\/T (30% z\u00e1loha), L\/C<\/td>\n<td> Slu\u017eba zpracov\u00e1n\u00ed:<\/td>\n<td> Oh\u00fdb\u00e1n\u00ed, odv\u00edjen\u00ed, sva\u0159ov\u00e1n\u00ed, d\u011brov\u00e1n\u00ed, \u0159ez\u00e1n\u00ed<\/td>\n<\/tr>\n<tr>\n<td> P\u0159\u00edstav:<\/td>\n<td> Guangzhou, Shenzhen\uff0cFoshan<\/td>\n<td> D\u00e9lka::<\/td>\n<td> 1-9m nebo na m\u00edru<\/td>\n<\/tr>\n<\/tbody>\n<\/table>\n<h2>Na\u0161e v\u00fdrobn\u00ed z\u00e1kladna<\/h2>\n<h3>Panorama tov\u00e1rny<\/h3>\n<p><img decoding=\"async\" src=\"\/wp-content\/uploads\/factory-01.webp\"\/><\/p>\n<h3>D\u00edlna na v\u00fdrobu hlin\u00edkov\u00fdch ty\u010d\u00ed<\/h3>\n<p><img decoding=\"async\" src=\"\/wp-content\/uploads\/factory-02.webp\"\/><\/p>\n<\/p>\n<p><img decoding=\"async\" src=\"\/wp-content\/uploads\/factory-03.webp\"\/><\/p>\n<h3>Sklad pl\u00edsn\u00ed<\/h3>\n<p><img decoding=\"async\" src=\"\/wp-content\/uploads\/factory-04.webp\"\/><\/p>\n<h3>43 linek na vytla\u010dov\u00e1n\u00ed hlin\u00edku (500-5500 tun)<\/h3>\n<p><img decoding=\"async\" src=\"\/wp-content\/uploads\/factory-05.webp\"\/><\/p>\n<p><img decoding=\"async\" src=\"\/wp-content\/uploads\/factory-06.webp\"\/><\/p>\n<p><img decoding=\"async\" src=\"\/wp-content\/uploads\/factory-07.webp\"\/><\/p>\n<h3>D\u00edlna pr\u00e1\u0161kov\u00e9ho lakov\u00e1n\u00ed<\/h3>\n<p><img decoding=\"async\" src=\"\/wp-content\/uploads\/factory-09.webp\"\/><\/p>\n<h3>D\u00edlna eloxov\u00e1n\u00ed<\/h3>\n<p><img decoding=\"async\" src=\"\/wp-content\/uploads\/factory-10.webp\"\/><\/p>\n<h3>Workshop o hloubkov\u00e9m zpracov\u00e1n\u00ed<\/h3>\n<p><img decoding=\"async\" src=\"\/wp-content\/uploads\/factory-11.webp\"\/><\/p>\n<h3>D\u00edlna CNC p\u0159esn\u00e9ho obr\u00e1b\u011bn\u00ed<\/h3>\n<p><img decoding=\"async\" src=\"\/wp-content\/uploads\/factory-11.5.webp\"\/><\/p>\n<h3>Sklad hotov\u00fdch v\u00fdrobk\u016f a exportn\u00ed sklad<\/h3>\n<p><img decoding=\"async\" src=\"\/wp-content\/uploads\/factory-12.webp\"\/><\/p>\n<p><img decoding=\"async\" src=\"\/wp-content\/uploads\/factory-13.webp\"\/><\/p>\n<p><img decoding=\"async\" src=\"\/wp-content\/uploads\/factory-14.webp\"\/><\/p>\n<h2>\u010cASTO KLADEN\u00c9 DOTAZY<\/h2>\n<p><b>1.Co je pr\u00e1\u0161kov\u011b lakovan\u00fd a eloxovan\u00fd hlin\u00edkov\u00fd profil pro sk\u0159\u00ed\u0148 elektrick\u00e9ho motoru? <\/b><\/p>\n<p> Jedn\u00e1 se o hotov\u00fd hlin\u00edkov\u00fd v\u00fdlisek, kter\u00fd se pou\u017e\u00edv\u00e1 k v\u00fdrob\u011b kryt\u016f a sk\u0159\u00edn\u00ed elektromotor\u016f a kter\u00fd nab\u00edz\u00ed trvanlivost, odolnost proti korozi a odvod tepla.\n<\/p>\n<p><\/p>\n<p><b>2.Pro\u010d pou\u017e\u00edvat pr\u00e1\u0161kov\u00e9 lakov\u00e1n\u00ed a eloxov\u00e1n\u00ed na hlin\u00edkov\u00fdch sk\u0159\u00edn\u00edch? <\/b><\/p>\n<p> Tyto povrchov\u00e9 \u00fapravy poskytuj\u00ed vynikaj\u00edc\u00ed ochranu proti korozi, opot\u0159eben\u00ed a po\u0161kozen\u00ed UV z\u00e1\u0159en\u00edm a zaji\u0161\u0165uj\u00ed dlouhodobou spolehlivost v n\u00e1ro\u010dn\u00fdch podm\u00ednk\u00e1ch.\n<\/p>\n<p><\/p>\n<p><b>3.Lze hlin\u00edkov\u00e9 profily p\u0159izp\u016fsobit pro r\u00e1my elektromotor\u016f? <\/b><\/p>\n<p> Ano, nab\u00edz\u00edme vlastn\u00ed profily, rozm\u011bry a povrchov\u00e9 \u00fapravy, kter\u00e9 odpov\u00eddaj\u00ed specifick\u00fdm po\u017eadavk\u016fm na konstrukci sk\u0159\u00edn\u011b motoru a sk\u0159\u00edn\u011b.\n<\/p>\n<p><\/p>\n<p><b>4.Jsou tyto hlin\u00edkov\u00e9 profily vhodn\u00e9 pro venkovn\u00ed nebo pr\u016fmyslov\u00e9 prost\u0159ed\u00ed? <\/b><\/p>\n<p> Pr\u00e1\u0161kov\u011b lakovan\u00e9 a eloxovan\u00e9 povrchy zaji\u0161\u0165uj\u00ed dlouhou \u017eivotnost ve venkovn\u00edch a pr\u016fmyslov\u00fdch podm\u00ednk\u00e1ch.\n<\/p>\n<p><\/p>\n<p><b>5.Jak pom\u00e1h\u00e1 hlin\u00edk p\u0159i odvodu tepla v krytech motor\u016f? <\/b><\/p>\n<p> P\u0159irozen\u00e1 tepeln\u00e1 vodivost hlin\u00edku pom\u00e1h\u00e1 odv\u00e1d\u011bt teplo od vnit\u0159n\u00edch sou\u010d\u00e1st\u00ed a chr\u00e1n\u00ed tak motory a elektroniku.\n<\/p>\n<p><\/p>\n<p><b>6.Jak\u00e9 jsou typick\u00e9 aplikace t\u011bchto hlin\u00edkov\u00fdch profil\u016f? <\/b><\/p>\n<p> B\u011b\u017en\u011b se pou\u017e\u00edvaj\u00ed r\u00e1my elektromotor\u016f, sk\u0159\u00edn\u011b pohon\u016f, \u0159\u00eddic\u00ed sk\u0159\u00edn\u011b automatizace a sk\u0159\u00edn\u011b pr\u016fmyslov\u00e9 elektroniky.\n<\/p>\n<p><\/p>\n<p><b>7.Je hlin\u00edkov\u00fd profil snadno opracovateln\u00fd a montovateln\u00fd? <\/b><\/p>\n<p> Ano, na\u0161e profily jsou navr\u017eeny pro snadn\u00e9 obr\u00e1b\u011bn\u00ed, vrt\u00e1n\u00ed a integraci se standardn\u00edmi upev\u0148ovac\u00edmi syst\u00e9my a koncov\u00fdmi sou\u010d\u00e1stmi.\n<\/p>\n<p><\/p>","protected":false},"featured_media":8013,"template":"","categories":[54],"class_list":["post-8014","product","type-product","status-publish","has-post-thumbnail","hentry","category-industrial-aluminum-profiles"],"meta_box":{"hilight_text_group":{"product_hilight_text":"<li>Durable powder coated and anodized finish for superior corrosion and wear resistance.<\/li>\r\r\n<li>Precision-extruded aluminium profile ensures accurate fitting and assembly.<\/li>\r\r\n<li>Ideal for electric motor housing, control boxes, and electronic enclosures.<\/li>\r\r\n<li>Lightweight yet strong, suitable for demanding industrial applications.<\/li>\r\r\n<li>Customizable shapes, sizes, and surface finishes for tailored solutions.<\/li>\r\r\n<li>Enhanced thermal conductivity helps with efficient heat dissipation.<\/li>\r\r\n<li>Low-maintenance material with long service life in harsh environments.<\/li>","product_chanpin_blog":"<ul>\r\r\n<li><a href=\"https:\/\/sinoextrud.com\/t-slot-v-slot-differences\/\" target=\"_blank\">t slot vs v slot<\/a><\/li>\r\r\n<li><a href=\"https:\/\/sinoextrud.com\/what-is-4040-aluminium-extrud\/\" target=\"_blank\">4040 aluminium extrusion<\/a><\/li>\r\r\n<li><a href=\"https:\/\/sinoextrud.com\/what-is-4040-aluminium-extrud\/\" target=\"_blank\">aluminum extrusions for industrial racks<\/a><\/li>\r\r\n<li><a href=\"https:\/\/sinoextrud.com\/powder-coating-aluminium-process\/\" target=\"_blank\">powder coating aluminium<\/a><\/li>\r\r\n<li><a href=\"https:\/\/sinoextrud.com\/what-is-an-aluminium-strip-ceiling\/\" target=\"_blank\">aluminium strip ceiling<\/a><\/li>\r\r\n<li><a href=\"https:\/\/sinoextrud.com\/what-is-a-heat-sink\/\" target=\"_blank\">what is a heat sink<\/a><\/li>\r\r\n<\/ul>","product_chanpin_chanpin":"<li><a href=\"https:\/\/sinoextrud.com\/product\/customized-extruded-aluminum-trailer-flooring\/\" target=\"_blank\">Customized Extruded Aluminum Trailer Flooring<\/a><\/li>\r\n<li><a href=\"https:\/\/sinoextrud.com\/product\/easy-assembly-bi-slotted-production-line-anodized-aluminium-t-slot-extrusion\/\" target=\"_blank\">Easy Assembly Bi-Slotted Production Line Anodized Aluminium T Slot Extrusion<\/a><\/li>\r\n<li><a href=\"https:\/\/sinoextrud.com\/product\/customized-industrial-aluminum-profile\/\" target=\"_blank\">Customized Industrial Aluminum Profile<\/a><\/li>\r\n<li><a href=\"https:\/\/sinoextrud.com\/product\/structural-aluminium-extrusions\/\" target=\"_blank\">Structural Aluminium Extrusions<\/a><\/li>\r\n<li><a href=\"https:\/\/sinoextrud.com\/product\/powder-coated-and-anodized-aluminium-profile-for-electric-frame-motor-housing-and-aluminum-enclosure\/\" target=\"_blank\">Powder coated and Anodized aluminium profile for electric frame motor housing and aluminum enclosure<\/a><\/li>\r\n<li><a href=\"https:\/\/sinoextrud.com\/product\/customized-powder-coated-anodized-aluminium-extrusion-profile-roller-shutter-supplier\/\" target=\"_blank\">Customized Powder Coated Anodized Aluminium Extrusion Profile Roller Shutter Supplier<\/a><\/li>\r\n<li><a href=\"https:\/\/sinoextrud.com\/product\/design-of-anodized-aluminum-handrail-price\/\" target=\"_blank\">design of anodized aluminum handrail price<\/a><\/li>\r\n<li><a href=\"https:\/\/sinoextrud.com\/product\/standard-extruded-aluminum-shapes\/\" target=\"_blank\">Standard Extruded Aluminum Shapes<\/a><\/li>\r\n<li><a href=\"https:\/\/sinoextrud.com\/product\/t-slot-industrial-extruded-aluminum-profile\/\" target=\"_blank\">T-slot Industrial Extruded Aluminum Profile<\/a><\/li>\r\n<li><a href=\"https:\/\/sinoextrud.com\/product\/aluminum-quarter-round-trim\/\" target=\"_blank\">Aluminum Quarter Round Trim<\/a><\/li>\r\n<li><a href=\"https:\/\/sinoextrud.com\/product\/extruded-aluminium-housing\/\" target=\"_blank\">Extruded Aluminium Housing<\/a><\/li>"},"feature_list":[]},"_links":{"self":[{"href":"https:\/\/sinoextrud.com\/cs\/wp-json\/wp\/v2\/product\/8014","targetHints":{"allow":["GET"]}}],"collection":[{"href":"https:\/\/sinoextrud.com\/cs\/wp-json\/wp\/v2\/product"}],"about":[{"href":"https:\/\/sinoextrud.com\/cs\/wp-json\/wp\/v2\/types\/product"}],"wp:featuredmedia":[{"embeddable":true,"href":"https:\/\/sinoextrud.com\/cs\/wp-json\/wp\/v2\/media\/8013"}],"wp:attachment":[{"href":"https:\/\/sinoextrud.com\/cs\/wp-json\/wp\/v2\/media?parent=8014"}],"wp:term":[{"taxonomy":"category","embeddable":true,"href":"https:\/\/sinoextrud.com\/cs\/wp-json\/wp\/v2\/categories?post=8014"}],"curies":[{"name":"wp","href":"https:\/\/api.w.org\/{rel}","templated":true}]}}