{"id":8010,"date":"2025-06-12T02:43:04","date_gmt":"2025-06-12T02:43:04","guid":{"rendered":"https:\/\/sinoextrud.com\/product\/customized-industrial-aluminum-profile\/"},"modified":"2025-06-24T06:22:50","modified_gmt":"2025-06-24T06:22:50","slug":"prumyslovy-hlinikovy-profil-na-miru","status":"publish","type":"product","link":"https:\/\/sinoextrud.com\/cs\/product\/customized-industrial-aluminum-profile\/","title":{"rendered":"Pr\u016fmyslov\u00fd hlin\u00edkov\u00fd profil na m\u00edru"},"content":{"rendered":"<h2>Podrobnosti o produktech<\/h2>\n<table class=\"custom-table\">\n<tbody>\n<tr>\n<td> Polo\u017eka<\/td>\n<td> pr\u016fmyslov\u00fd hlin\u00edkov\u00fd profil na m\u00edru<\/td>\n<\/tr>\n<tr>\n<td> Temperament<\/td>\n<td> T5-T8<\/td>\n<\/tr>\n<tr>\n<td> Pr\u016fb\u011bh procesu<\/td>\n<td> V\u00fdvoj forem-hlin\u00edkov\u00e9 p\u0159edvalky-vyh\u0159\u00edv\u00e1n\u00ed-formov\u00e1n\u00ed se surov\u00fdm hlin\u00edkem-nodizovan\u00fd pr\u00e1\u0161kov\u00fd povlak<\/td>\n<\/tr>\n<tr>\n<td> Charakteristika<\/td>\n<td> 1.\u00dahledn\u00e9 a kr\u00e1sn\u00e9 jemn\u00e9 linie na povrchu.<br \/>\n2. P\u0159ij\u00edmaj\u00ed se n\u00e1rodn\u00ed standardn\u00ed hlin\u00edkov\u00e9 p\u0159edvalky.<br \/>\n3. S na\u0161\u00edm rovnom\u011brn\u00fdm procesem eloxov\u00e1n\u00ed, kter\u00fd se pou\u017e\u00edv\u00e1 k ochran\u011b povrchu.<br \/>\n4. Mal\u00e1 objedn\u00e1vka je p\u0159ijateln\u00e1.<br \/>\n5. Vytla\u010dov\u00e1n\u00ed na m\u00edru podle va\u0161eho v\u00fdkresu.<\/td>\n<\/tr>\n<tr>\n<td> Aplikace<\/td>\n<td> Pr\u016fmysl, stavebnictv\u00ed<\/td>\n<\/tr>\n<tr>\n<td> Tvar<\/td>\n<td> P\u0159izp\u016fsoben\u00ed<\/td>\n<\/tr>\n<tr>\n<td> Povrchov\u00e1 \u00faprava<\/td>\n<td> Fr\u00e9zov\u00e1n\u00ed, eloxov\u00e1n\u00ed, povrchov\u00e1 \u00faprava, p\u00edskov\u00e1n\u00ed, elektrofor\u00e9za, kart\u00e1\u010dov\u00e1n\u00ed, le\u0161t\u011bn\u00ed,<\/td>\n<\/tr>\n<tr>\n<td> Barva<\/td>\n<td> St\u0159\u00edbrn\u00e1, \u010dern\u00e1, zlat\u00e1, champange,bronzov\u00e1, \u010derven\u00e1, modr\u00e1;<br \/>\nbarvy m\u016f\u017eeme p\u0159izp\u016fsobit na z\u00e1klad\u011b vzork\u016f z\u00e1kazn\u00edk\u016f.<\/td>\n<\/tr>\n<tr>\n<td> Hloubkov\u00e9 zpracov\u00e1n\u00ed<\/td>\n<td> \u0158ez\u00e1n\u00ed, vrt\u00e1n\u00ed, obr\u00e1b\u011bn\u00ed, d\u011brov\u00e1n\u00ed, oh\u00fdb\u00e1n\u00ed, z\u00e1vitov\u00e1n\u00ed atd.<\/td>\n<\/tr>\n<tr>\n<td> Z\u00e1ruka<\/td>\n<td> ISO:9001, SONCAP , certifik\u00e1t BV, TUV, SGS nebo certifik\u00e1t z\u00e1kazn\u00edka k dispozici<\/td>\n<\/tr>\n<tr>\n<td> MOQ<\/td>\n<td> 200 KG<\/td>\n<\/tr>\n<tr>\n<td> Doba dod\u00e1n\u00ed<\/td>\n<td> V\u00fdvoj formy a konformace vzorku trv\u00e1 12-15 dn\u00ed, v\u00fdroba pak 15-25 dn\u00ed po obdr\u017een\u00ed z\u00e1lohy od kupuj\u00edc\u00edho.<\/td>\n<\/tr>\n<tr>\n<td> Vzorek zdarma<\/td>\n<td> lze zaslat do 1-3 dn\u016f<\/td>\n<\/tr>\n<\/tbody>\n<\/table>\n<h2>Na\u0161e v\u00fdrobn\u00ed z\u00e1kladna<\/h2>\n<h3>Panorama tov\u00e1rny<\/h3>\n<p><img decoding=\"async\" src=\"\/wp-content\/uploads\/factory-01.webp\"\/><\/p>\n<h3>D\u00edlna na v\u00fdrobu hlin\u00edkov\u00fdch ty\u010d\u00ed<\/h3>\n<p><img decoding=\"async\" src=\"\/wp-content\/uploads\/factory-02.webp\"\/><\/p>\n<p><img decoding=\"async\" src=\"\/wp-content\/uploads\/factory-03.webp\"\/><\/p>\n<h3>Sklad pl\u00edsn\u00ed<\/h3>\n<p><img decoding=\"async\" src=\"\/wp-content\/uploads\/factory-04.webp\"\/><\/p>\n<h3>43 linek na vytla\u010dov\u00e1n\u00ed hlin\u00edku (500-5500 tun)<\/h3>\n<p><img decoding=\"async\" src=\"\/wp-content\/uploads\/factory-05.webp\"\/><\/p>\n<p><img decoding=\"async\" src=\"\/wp-content\/uploads\/factory-06.webp\"\/><\/p>\n<p><img decoding=\"async\" src=\"\/wp-content\/uploads\/factory-07.webp\"\/><\/p>\n<h3>D\u00edlna pr\u00e1\u0161kov\u00e9ho lakov\u00e1n\u00ed<\/h3>\n<p><img decoding=\"async\" src=\"\/wp-content\/uploads\/factory-09.webp\"\/><\/p>\n<h3>D\u00edlna eloxov\u00e1n\u00ed<\/h3>\n<p><img decoding=\"async\" src=\"\/wp-content\/uploads\/factory-10.webp\"\/><\/p>\n<h3>Workshop o hloubkov\u00e9m zpracov\u00e1n\u00ed<\/h3>\n<p><img decoding=\"async\" src=\"\/wp-content\/uploads\/factory-11.webp\"\/><\/p>\n<h3>D\u00edlna CNC p\u0159esn\u00e9ho obr\u00e1b\u011bn\u00ed<\/h3>\n<p><img decoding=\"async\" src=\"\/wp-content\/uploads\/factory-11.5.webp\"\/><\/p>\n<h3>Sklad hotov\u00fdch v\u00fdrobk\u016f a exportn\u00ed sklad<\/h3>\n<p><img decoding=\"async\" src=\"\/wp-content\/uploads\/factory-12.webp\"\/><\/p>\n<p><img decoding=\"async\" src=\"\/wp-content\/uploads\/factory-13.webp\"\/><\/p>\n<p><img decoding=\"async\" src=\"\/wp-content\/uploads\/factory-14.webp\"\/><\/p>\n<h2>\u010cASTO KLADEN\u00c9 DOTAZY<\/h2>\n<p><p><b>1.Co d\u011bl\u00e1 p\u0159izp\u016fsoben\u00e9 pr\u016fmyslov\u00e9 hlin\u00edkov\u00e9 profily univerz\u00e1ln\u00ed? <\/b><\/p>\n<p>Hlin\u00edkov\u00e9 profily na m\u00edru jsou vysoce p\u0159izp\u016fsobiv\u00e9 a umo\u017e\u0148uj\u00ed p\u0159izp\u016fsobit design a rozm\u011bry r\u016fzn\u00fdm pr\u016fmyslov\u00fdm, komer\u010dn\u00edm nebo architektonick\u00fdm pot\u0159eb\u00e1m.<br \/>\n<\/p><br \/>\n<br \/>\n<p><b>2.Jak zvy\u0161uje eloxovan\u00e1 povrchov\u00e1 \u00faprava odolnost hlin\u00edkov\u00fdch profil\u016f? <\/b><\/p>\n<p>Eloxovan\u00e1 povrchov\u00e1 \u00faprava zvy\u0161uje odolnost proti korozi a opot\u0159eben\u00ed a zaji\u0161\u0165uje dlouhotrvaj\u00edc\u00ed v\u00fdkon i v n\u00e1ro\u010dn\u00fdch podm\u00ednk\u00e1ch.<br \/>\n<\/p><br \/>\n<br \/>\n<p><b>3.Jsou pr\u016fmyslov\u00e9 hlin\u00edkov\u00e9 profily na m\u00edru snadno instalovateln\u00e9? <\/b><\/p>\n<p>Ano, tyto profily jsou lehk\u00e9 a snadno se s nimi manipuluje, tak\u017ee jejich instalace je rychl\u00e1 a efektivn\u00ed.<br \/>\n<\/p><br \/>\n<br \/>\n<p><b>4.Lze hlin\u00edkov\u00e9 profily pou\u017e\u00edt v n\u00e1ro\u010dn\u00fdch aplikac\u00edch? <\/b><\/p>\n<p>Ano, vysokopevnostn\u00ed hlin\u00edkov\u00e9 profily jsou navr\u017eeny tak, aby unesly velk\u00e9 zat\u00ed\u017een\u00ed, tak\u017ee jsou ide\u00e1ln\u00ed pro n\u00e1ro\u010dn\u00e9 pr\u016fmyslov\u00e9 aplikace.<br \/>\n<\/p><br \/>\n<br \/>\n<p><b>5.Jak\u00fd je dopad pr\u016fmyslov\u00fdch hlin\u00edkov\u00fdch profil\u016f na \u017eivotn\u00ed prost\u0159ed\u00ed? <\/b><\/p>\n<p>Hlin\u00edk je recyklovateln\u00fd materi\u00e1l, tak\u017ee tyto profily jsou ekologicky \u0161etrnou volbou, kter\u00e1 podporuje udr\u017eitelnost ve stavebnictv\u00ed a v\u00fdrob\u011b.<br \/>\n<\/p><br \/>\n<br \/>\n<p><b>6.Jak sni\u017euj\u00ed hlin\u00edkov\u00e9 profily na m\u00edru celkov\u00e9 n\u00e1klady na projekt? <\/b><\/p>\n<p>D\u00edky \u0159e\u0161en\u00edm na m\u00edru sni\u017euj\u00ed hlin\u00edkov\u00e9 profily na m\u00edru mno\u017estv\u00ed odpadu a zamezuj\u00ed nutnosti dal\u0161\u00edch \u00faprav, co\u017e pom\u00e1h\u00e1 sni\u017eovat n\u00e1klady.<br \/>\n<\/p><br \/>\n<br \/>\n<p><b>7.Jsou profily k dispozici v r\u016fzn\u00fdch velikostech a tvarech? <\/b><\/p>\n<p>Ano, hlin\u00edkov\u00e9 profily na m\u00edru lze navrhnout v r\u016fzn\u00fdch tvarech a velikostech, aby vyhovovaly va\u0161im specifick\u00fdm po\u017eadavk\u016fm na projekt.<br \/>\n<\/p><br \/><\/p>","protected":false},"featured_media":8009,"template":"","categories":[54],"class_list":["post-8010","product","type-product","status-publish","has-post-thumbnail","hentry","category-industrial-aluminum-profiles"],"meta_box":{"hilight_text_group":{"product_hilight_text":"<ul>\r\r\n  <li>Fully customizable industrial aluminum profiles to meet specific project requirements.<\/li>\r\r\n  <li>High-strength and durable material, ideal for heavy-duty applications.<\/li>\r\r\n  <li>Corrosion-resistant anodized finish for enhanced longevity and performance.<\/li>\r\r\n  <li>Lightweight yet strong, offering ease of handling and installation.<\/li>\r\r\n  <li>Versatile design options, suitable for various industrial, commercial, and architectural applications.<\/li>\r\r\n  <li>Eco-friendly and recyclable aluminum material, supporting sustainability initiatives.<\/li>\r\r\n  <li>Cost-effective solution without compromising on quality or performance.<\/li>\r\r\n<\/ul>","product_chanpin_blog":"<ul>\r\r\n<li><a href=\"https:\/\/sinoextrud.com\/t-slot-v-slot-differences\/\" target=\"_blank\">t slot vs v slot<\/a><\/li>\r\r\n<li><a href=\"https:\/\/sinoextrud.com\/what-is-4040-aluminium-extrud\/\" target=\"_blank\">4040 aluminium extrusion<\/a><\/li>\r\r\n<li><a href=\"https:\/\/sinoextrud.com\/what-is-4040-aluminium-extrud\/\" target=\"_blank\">aluminum extrusions for industrial racks<\/a><\/li>\r\r\n<li><a href=\"https:\/\/sinoextrud.com\/powder-coating-aluminium-process\/\" target=\"_blank\">powder coating aluminium<\/a><\/li>\r\r\n<li><a href=\"https:\/\/sinoextrud.com\/what-is-an-aluminium-strip-ceiling\/\" target=\"_blank\">aluminium strip ceiling<\/a><\/li>\r\r\n<li><a href=\"https:\/\/sinoextrud.com\/what-is-a-heat-sink\/\" target=\"_blank\">what is a heat sink<\/a><\/li>\r\r\n<\/ul>","product_chanpin_chanpin":"<li><a href=\"https:\/\/sinoextrud.com\/product\/custom-industrial-aluminum-profiles\/\" target=\"_blank\">Custom Industrial Aluminum Profiles<\/a><\/li>\r\n<li><a href=\"https:\/\/sinoextrud.com\/product\/custom-industrial-extruded-aluminum-alloy\/\" target=\"_blank\">Custom Industrial Extruded Aluminum Alloy<\/a><\/li>\r\n<li><a href=\"https:\/\/sinoextrud.com\/product\/customized-extruded-aluminum-trailer-flooring\/\" target=\"_blank\">Customized Extruded Aluminum Trailer Flooring<\/a><\/li>\r\n<li><a href=\"https:\/\/sinoextrud.com\/product\/easy-assembly-bi-slotted-production-line-anodized-aluminium-t-slot-extrusion\/\" target=\"_blank\">Easy Assembly Bi-Slotted Production Line Anodized Aluminium T Slot Extrusion<\/a><\/li>\r\n<li><a href=\"https:\/\/sinoextrud.com\/product\/customized-industrial-aluminum-profile\/\" target=\"_blank\">Customized Industrial Aluminum Profile<\/a><\/li>\r\n<li><a href=\"https:\/\/sinoextrud.com\/product\/structural-aluminium-extrusions\/\" target=\"_blank\">Structural Aluminium Extrusions<\/a><\/li>\r\n<li><a href=\"https:\/\/sinoextrud.com\/product\/powder-coated-and-anodized-aluminium-profile-for-electric-frame-motor-housing-and-aluminum-enclosure\/\" target=\"_blank\">Powder coated and Anodized aluminium profile for electric frame motor housing and aluminum enclosure<\/a><\/li>\r\n<li><a href=\"https:\/\/sinoextrud.com\/product\/customized-powder-coated-anodized-aluminium-extrusion-profile-roller-shutter-supplier\/\" target=\"_blank\">Customized Powder Coated Anodized Aluminium Extrusion Profile Roller Shutter Supplier<\/a><\/li>\r\n<li><a href=\"https:\/\/sinoextrud.com\/product\/design-of-anodized-aluminum-handrail-price\/\" target=\"_blank\">design of anodized aluminum handrail price<\/a><\/li>\r\n<li><a href=\"https:\/\/sinoextrud.com\/product\/polished-sliver-aluminium-profile-like-mirror\/\" target=\"_blank\">Polished Sliver Aluminium Profile Like Mirror<\/a><\/li>\r\n<li><a href=\"https:\/\/sinoextrud.com\/product\/aluminium-profile-quarter-round-bar\/\" target=\"_blank\">Aluminium Profile Quarter Round Bar<\/a><\/li>"},"feature_list":[]},"_links":{"self":[{"href":"https:\/\/sinoextrud.com\/cs\/wp-json\/wp\/v2\/product\/8010","targetHints":{"allow":["GET"]}}],"collection":[{"href":"https:\/\/sinoextrud.com\/cs\/wp-json\/wp\/v2\/product"}],"about":[{"href":"https:\/\/sinoextrud.com\/cs\/wp-json\/wp\/v2\/types\/product"}],"wp:featuredmedia":[{"embeddable":true,"href":"https:\/\/sinoextrud.com\/cs\/wp-json\/wp\/v2\/media\/8009"}],"wp:attachment":[{"href":"https:\/\/sinoextrud.com\/cs\/wp-json\/wp\/v2\/media?parent=8010"}],"wp:term":[{"taxonomy":"category","embeddable":true,"href":"https:\/\/sinoextrud.com\/cs\/wp-json\/wp\/v2\/categories?post=8010"}],"curies":[{"name":"wp","href":"https:\/\/api.w.org\/{rel}","templated":true}]}}