{"id":7990,"date":"2025-06-12T02:23:18","date_gmt":"2025-06-12T02:23:18","guid":{"rendered":"https:\/\/sinoextrud.com\/product\/extrusion-led-aluminum-channel\/"},"modified":"2025-06-24T06:22:45","modified_gmt":"2025-06-24T06:22:45","slug":"vytlacovani-vedl-hlinikovy-kanal","status":"publish","type":"product","link":"https:\/\/sinoextrud.com\/cs\/product\/extrusion-led-aluminum-channel\/","title":{"rendered":"Vytla\u010dov\u00e1n\u00ed vedl hlin\u00edkov\u00fd kan\u00e1l"},"content":{"rendered":"<h2>Podrobnosti o produktech<\/h2>\n<table class=\"custom-table\">\n<tbody>\n<tr>\n<td> Polo\u017eka:<\/td>\n<td> Vytla\u010dov\u00e1n\u00ed vedl hlin\u00edkov\u00fd kan\u00e1l<\/td>\n<\/tr>\n<tr>\n<td> M\u00edrnost:<\/td>\n<td> T3-T8<\/td>\n<\/tr>\n<tr>\n<td> Slitina:<\/td>\n<td> Slitina<\/td>\n<\/tr>\n<tr>\n<td> Leguj\u00edc\u00ed slo\u017eka:<\/td>\n<td> 6061, 6063, 6082, 6463, 6060, 6005 atd.<\/td>\n<\/tr>\n<tr>\n<td> Tvar:<\/td>\n<td> podle v\u00fdkresu z\u00e1kazn\u00edka<\/td>\n<\/tr>\n<tr>\n<td> Profil z le\u0161t\u011bn\u00e9ho hlin\u00edku:<\/td>\n<td> podle po\u017eadavk\u016f klienta<\/td>\n<\/tr>\n<tr>\n<td> OEM design\/vzorky:<\/td>\n<td> V\u00edtejte\/p\u0159ijateln\u00e9<\/td>\n<\/tr>\n<tr>\n<td> Specifikace:<\/td>\n<td> Podle n\u00e1vrh\u016f z\u00e1kazn\u00edka<\/td>\n<\/tr>\n<tr>\n<td> Typ:<\/td>\n<td> Hlin\u00edkov\u00fd profil pro okna a dve\u0159e, Dekora\u010dn\u00ed hlin\u00edkov\u00fd profil, Hlin\u00edkov\u00fd profil pro chladi\u010de, Hlin\u00edkov\u00fd profil pro sklen\u011bn\u00e9 st\u011bny, Hlin\u00edkov\u00fd profil pro dopravu, Pr\u016fmyslov\u00fd hlin\u00edkov\u00fd profil<\/td>\n<\/tr>\n<tr>\n<td> Povrchov\u00e1 \u00faprava:<\/td>\n<td> Ml\u00fdnsk\u00e1 \u00faprava , eloxov\u00e1n\u00ed , pr\u00e1\u0161kov\u00e9 lakov\u00e1n\u00ed atd.<\/td>\n<\/tr>\n<tr>\n<td> Barvy:<\/td>\n<td> St\u0159\u00edbrn\u00e1, \u010dern\u00e1, zlat\u00e1, \u010derven\u00e1, b\u00edl\u00e1 atd.<\/td>\n<\/tr>\n<tr>\n<td> Certifikace:<\/td>\n<td> CE, ISO, RoHS<\/td>\n<\/tr>\n<tr>\n<td> Zpr\u00e1va o zkou\u0161ce:<\/td>\n<td> Ano<\/td>\n<\/tr>\n<tr>\n<td> P\u0159epravn\u00ed bal\u00ed\u010dek:<\/td>\n<td> Ka\u017ed\u00fd kus zabalen\u00fd v PVC pap\u00edrech a kartonech<\/td>\n<\/tr>\n<tr>\n<td> P\u016fvod:<\/td>\n<td> Guangdong, \u010c\u00edna<\/td>\n<\/tr>\n<\/tbody>\n<\/table>\n<h2>Na\u0161e v\u00fdrobn\u00ed z\u00e1kladna<\/h2>\n<h3>Panorama tov\u00e1rny<\/h3>\n<p><img decoding=\"async\" src=\"\/wp-content\/uploads\/factory-01.webp\"\/><\/p>\n<h3>D\u00edlna na v\u00fdrobu hlin\u00edkov\u00fdch ty\u010d\u00ed<\/h3>\n<p><img decoding=\"async\" src=\"\/wp-content\/uploads\/factory-02.webp\"\/><\/p>\n<p><img decoding=\"async\" src=\"\/wp-content\/uploads\/factory-03.webp\"\/><\/p>\n<h3>Sklad pl\u00edsn\u00ed<\/h3>\n<p><img decoding=\"async\" src=\"\/wp-content\/uploads\/factory-04.webp\"\/><\/p>\n<h3>43 linek na vytla\u010dov\u00e1n\u00ed hlin\u00edku (500-5500 tun)<\/h3>\n<p><img decoding=\"async\" src=\"\/wp-content\/uploads\/factory-05.webp\"\/><\/p>\n<p><img decoding=\"async\" src=\"\/wp-content\/uploads\/factory-06.webp\"\/><\/p>\n<p><img decoding=\"async\" src=\"\/wp-content\/uploads\/factory-07.webp\"\/><\/p>\n<h3>D\u00edlna pr\u00e1\u0161kov\u00e9ho lakov\u00e1n\u00ed<\/h3>\n<p><img decoding=\"async\" src=\"\/wp-content\/uploads\/factory-09.webp\"\/><\/p>\n<h3>D\u00edlna eloxov\u00e1n\u00ed<\/h3>\n<p><img decoding=\"async\" src=\"\/wp-content\/uploads\/factory-10.webp\"\/><\/p>\n<h3>Workshop o hloubkov\u00e9m zpracov\u00e1n\u00ed<\/h3>\n<p><img decoding=\"async\" src=\"\/wp-content\/uploads\/factory-11.webp\"\/><\/p>\n<h3>D\u00edlna CNC p\u0159esn\u00e9ho obr\u00e1b\u011bn\u00ed<\/h3>\n<p><img decoding=\"async\" src=\"\/wp-content\/uploads\/factory-11.5.webp\"\/><\/p>\n<h3>Sklad hotov\u00fdch v\u00fdrobk\u016f a exportn\u00ed sklad<\/h3>\n<p><img decoding=\"async\" src=\"\/wp-content\/uploads\/factory-12.webp\"\/><\/p>\n<p><img decoding=\"async\" src=\"\/wp-content\/uploads\/factory-13.webp\"\/><\/p>\n<p><img decoding=\"async\" src=\"\/wp-content\/uploads\/factory-14.webp\"\/><\/p>\n<h2>\u010cASTO KLADEN\u00c9 DOTAZY<\/h2>\n<p><p><b>1.K \u010demu se pou\u017e\u00edv\u00e1 vytla\u010dovac\u00ed hlin\u00edkov\u00fd kan\u00e1l LED? <\/b><\/p>\n<p> K um\u00edst\u011bn\u00ed a ochran\u011b sv\u011bteln\u00fdch p\u00e1s\u016f LED se pou\u017e\u00edv\u00e1 vytla\u010dovac\u00ed hlin\u00edkov\u00fd kan\u00e1l LED, kter\u00fd zaji\u0161\u0165uje lep\u0161\u00ed odvod tepla a dokon\u010den\u00fd vzhled.<br \/>\n<\/p><br \/>\n<br \/>\n<p><b>2.Pro\u010d se pro LED kan\u00e1ly pou\u017e\u00edv\u00e1 hlin\u00edk? <\/b><\/p>\n<p> Hlin\u00edk je ide\u00e1ln\u00ed pro LED kan\u00e1ly, proto\u017ee \u00fa\u010dinn\u011b vede teplo, \u010d\u00edm\u017e pom\u00e1h\u00e1 prodlou\u017eit \u017eivotnost a v\u00fdkon LED p\u00e1sk\u016f.<br \/>\n<\/p><br \/>\n<br \/>\n<p><b>3.Mohou b\u00fdt hlin\u00edkov\u00e9 kan\u00e1ly LED p\u0159izp\u016fsobeny? <\/b><\/p>\n<p> Ano, vytla\u010dovac\u00ed hlin\u00edkov\u00e9 kan\u00e1ly LED lze p\u0159izp\u016fsobit d\u00e9lkou, tvarem a povrchovou \u00fapravou tak, aby vyhovovaly konkr\u00e9tn\u00edm po\u017eadavk\u016fm na design osv\u011btlen\u00ed.<br \/>\n<\/p><br \/>\n<br \/>\n<p><b>4.Jsou sou\u010d\u00e1st\u00ed hlin\u00edkov\u00fdch kan\u00e1l\u016f LED difuzory? <\/b><\/p>\n<p> Difuzory jsou voliteln\u00fdm p\u0159\u00edslu\u0161enstv\u00edm, kter\u00e9 lze p\u0159idat k hlin\u00edkov\u00fdm kan\u00e1l\u016fm LED, aby se zm\u011bk\u010dilo sv\u011btlo a eliminovalo osln\u011bn\u00ed.<br \/>\n<\/p><br \/>\n<br \/>\n<p><b>5.Jak hlin\u00edkov\u00fd kan\u00e1l zlep\u0161uje v\u00fdkon LED? <\/b><\/p>\n<p> Hlin\u00edkov\u00e9 t\u011blo \u00fa\u010dinn\u011b odv\u00e1d\u00ed teplo, \u010d\u00edm\u017e zabra\u0148uje p\u0159eh\u0159\u00edv\u00e1n\u00ed a zaji\u0161\u0165uje st\u00e1l\u00fd jas a del\u0161\u00ed \u017eivotnost LED diod.<br \/>\n<\/p><br \/>\n<br \/>\n<p><b>6.Kde lze instalovat hlin\u00edkov\u00e9 kan\u00e1ly LED? <\/b><\/p>\n<p> Tyto kan\u00e1ly lze namontovat na stropy, st\u011bny, podlahy, n\u00e1bytek a dal\u0161\u00ed povrchy pro osv\u011btlen\u00ed v obytn\u00fdch i komer\u010dn\u00edch prostor\u00e1ch.<br \/>\n<\/p><br \/>\n<br \/>\n<p><b>7.Zlep\u0161uj\u00ed hlin\u00edkov\u00e9 kan\u00e1ly LED vzhled osv\u011btlen\u00ed? <\/b><\/p>\n<p> Ano, nab\u00edzej\u00ed \u010dist\u00fd, profesion\u00e1ln\u00ed vzhled, kter\u00fd zvy\u0161uje celkovou estetiku sv\u011bteln\u00fdch instalac\u00ed.<br \/>\n<\/p><br \/><\/p>","protected":false},"featured_media":7989,"template":"","categories":[54],"class_list":["post-7990","product","type-product","status-publish","has-post-thumbnail","hentry","category-industrial-aluminum-profiles"],"meta_box":{"hilight_text_group":{"product_hilight_text":"<li>Provides professional housing and protection for LED strip lighting.<\/li>\r\r\n<li>Extruded aluminum ensures excellent heat dissipation and durability.<\/li>\r\r\n<li>Sleek, modern profile enhances lighting aesthetics in architectural designs.<\/li>\r\r\n<li>Compatible with diffusers and end caps for complete lighting systems.<\/li>\r\r\n<li>Customizable lengths and shapes to fit various installation requirements.<\/li>\r\r\n<li>Easy to mount on surfaces like walls, ceilings, and cabinets.<\/li>\r\r\n<li>Improves LED lifespan by reducing heat buildup.<\/li>","product_chanpin_blog":"<ul>\r\r\n<li><a href=\"https:\/\/sinoextrud.com\/t-slot-v-slot-differences\/\" target=\"_blank\">t slot vs v slot<\/a><\/li>\r\r\n<li><a href=\"https:\/\/sinoextrud.com\/what-is-4040-aluminium-extrud\/\" target=\"_blank\">4040 aluminium extrusion<\/a><\/li>\r\r\n<li><a href=\"https:\/\/sinoextrud.com\/what-is-4040-aluminium-extrud\/\" target=\"_blank\">aluminum extrusions for industrial racks<\/a><\/li>\r\r\n<li><a href=\"https:\/\/sinoextrud.com\/powder-coating-aluminium-process\/\" target=\"_blank\">powder coating aluminium<\/a><\/li>\r\r\n<li><a href=\"https:\/\/sinoextrud.com\/what-is-an-aluminium-strip-ceiling\/\" target=\"_blank\">aluminium strip ceiling<\/a><\/li>\r\r\n<li><a href=\"https:\/\/sinoextrud.com\/what-is-a-heat-sink\/\" target=\"_blank\">what is a heat sink<\/a><\/li>\r\r\n<\/ul>","product_chanpin_chanpin":"<li><a href=\"https:\/\/sinoextrud.com\/product\/aluminum-z-section-extrusions\/\" target=\"_blank\">Aluminum Z Section Extrusions<\/a><\/li>\r\n<li><a href=\"https:\/\/sinoextrud.com\/product\/anodized-matt-and-various-color-extruded-construction-aluminium-profile\/\" target=\"_blank\">Anodized Matt And Various Color Extruded Construction Aluminium Profile<\/a><\/li>\r\n<li><a href=\"https:\/\/sinoextrud.com\/product\/black-extruded-aluminum-heat-sink-profiles\/\" target=\"_blank\">Black Extruded Aluminum Heat Sink Profiles<\/a><\/li>\r\n<li><a href=\"https:\/\/sinoextrud.com\/product\/cnc-machined-6063-heavy-duty-industrial-part\/\" target=\"_blank\">CNC Machined 6063 Heavy-duty Industrial Part<\/a><\/li>\r\n<li><a href=\"https:\/\/sinoextrud.com\/product\/extrusion-led-aluminum-channel\/\" target=\"_blank\">Extrusion Led Aluminum Channel<\/a><\/li>\r\n<li><a href=\"https:\/\/sinoextrud.com\/product\/hard-anodized-aluminum-profile\/\" target=\"_blank\">Hard Anodized Aluminum Profile<\/a><\/li>\r\n<li><a href=\"https:\/\/sinoextrud.com\/product\/cutting-extruded-aluminum-for-led\/\" target=\"_blank\">Cutting Extruded Aluminum For LED<\/a><\/li>\r\n<li><a href=\"https:\/\/sinoextrud.com\/product\/custom-decorative-hollow-alloy-rectangular-square-aluminum-tube-sizes\/\" target=\"_blank\">Custom Decorative Hollow Alloy Rectangular Square Aluminum Tube Sizes<\/a><\/li>\r\n<li><a href=\"https:\/\/sinoextrud.com\/product\/custom-extra-large-industrial-equipment-aluminum-profile\/\" target=\"_blank\">Custom Extra Large Industrial Equipment Aluminum Profile<\/a><\/li>\r\n<li><a href=\"https:\/\/sinoextrud.com\/product\/anodized-colorful-oem-aluminium-profile-for-decoration-furniture-accessory-price\/\" target=\"_blank\">Anodized Colorful OEM Aluminium Profile For Decoration Furniture Accessory price<\/a><\/li>\r\n<li><a href=\"https:\/\/sinoextrud.com\/product\/t-slot-aluminium-profile-extrusion-bulk-selling-98-pure-aluminum-price\/\" target=\"_blank\">t-slot aluminium profile extrusion bulk selling 98% pure aluminum price<\/a><\/li>"},"feature_list":[]},"_links":{"self":[{"href":"https:\/\/sinoextrud.com\/cs\/wp-json\/wp\/v2\/product\/7990","targetHints":{"allow":["GET"]}}],"collection":[{"href":"https:\/\/sinoextrud.com\/cs\/wp-json\/wp\/v2\/product"}],"about":[{"href":"https:\/\/sinoextrud.com\/cs\/wp-json\/wp\/v2\/types\/product"}],"wp:featuredmedia":[{"embeddable":true,"href":"https:\/\/sinoextrud.com\/cs\/wp-json\/wp\/v2\/media\/7989"}],"wp:attachment":[{"href":"https:\/\/sinoextrud.com\/cs\/wp-json\/wp\/v2\/media?parent=7990"}],"wp:term":[{"taxonomy":"category","embeddable":true,"href":"https:\/\/sinoextrud.com\/cs\/wp-json\/wp\/v2\/categories?post=7990"}],"curies":[{"name":"wp","href":"https:\/\/api.w.org\/{rel}","templated":true}]}}