{"id":7964,"date":"2025-06-12T01:54:43","date_gmt":"2025-06-12T01:54:43","guid":{"rendered":"https:\/\/sinoextrud.com\/product\/aluminum-profile-solar-panel-structure\/"},"modified":"2025-06-24T06:14:26","modified_gmt":"2025-06-24T06:14:26","slug":"konstrukce-solarnich-panelu-z-hlinikovych-profilu","status":"publish","type":"product","link":"https:\/\/sinoextrud.com\/cs\/product\/aluminum-profile-solar-panel-structure\/","title":{"rendered":"Hlin\u00edkov\u00e9 profily sol\u00e1rn\u00edch panel\u016f"},"content":{"rendered":"<h2>Podrobnosti o produktech<\/h2>\n<table class=\"custom-table\">\n<tr>\n<td class=\"label\">1. N\u00e1zev:<\/td>\n<td> Hlin\u00edkov\u00e9 profily sol\u00e1rn\u00edch panel\u016f<\/td>\n<\/tr>\n<tr>\n<td class=\"label\">2. Materi\u00e1l a t\u0159\u00edda:<\/td>\n<td> Slitina hlin\u00edku 6063-T5 <\/td>\n<\/tr>\n<tr>\n<td class=\"label\">3. Hotovo:<\/td>\n<td> GB eloxovan\u00e1 st\u0159\u00edbrn\u00e1<\/td>\n<\/tr>\n<tr>\n<td class=\"label\">4. V\u00fdkonn\u00fd standard:<\/td>\n<td> GB5237-2008<\/td>\n<\/tr>\n<tr>\n<td class=\"label\">5. Certifik\u00e1ty:<\/td>\n<td> ISO9001<\/td>\n<\/tr>\n<tr>\n<td class=\"label\">6. Model:<\/td>\n<td> OEM\/ODM<\/td>\n<\/tr>\n<tr>\n<td class=\"label\">7. Slu\u017eby CNC:<\/td>\n<td> Oh\u00fdb\u00e1n\u00ed, d\u011brov\u00e1n\u00ed, \u0159ez\u00e1n\u00ed, odv\u00edjen\u00ed, sva\u0159ov\u00e1n\u00ed atd.<\/td>\n<\/tr>\n<tr>\n<td class=\"label\">8. D\u00e9lka:<\/td>\n<td> P\u0159izp\u016fsoben\u00e9<\/td>\n<\/tr>\n<tr>\n<td class=\"label\">9. Tlou\u0161\u0165ka:<\/td>\n<td> P\u0159izp\u016fsoben\u00e9<\/td>\n<\/tr>\n<tr>\n<td class=\"label\">10. Origin\u00e1l:<\/td>\n<td> Foshan, \u010c\u00edna<\/td>\n<\/tr>\n<\/table>\n<h2>Na\u0161e v\u00fdrobn\u00ed z\u00e1kladna<\/h2>\n<h3>Panorama tov\u00e1rny<\/h3>\n<p><img decoding=\"async\" src=\"\/wp-content\/uploads\/factory-01.webp\"\/><\/p>\n<h3>D\u00edlna na v\u00fdrobu hlin\u00edkov\u00fdch ty\u010d\u00ed<\/h3>\n<p><img decoding=\"async\" src=\"\/wp-content\/uploads\/factory-02.webp\"\/><\/p>\n<\/p>\n<p><img decoding=\"async\" src=\"\/wp-content\/uploads\/factory-03.webp\"\/><\/p>\n<h3>Sklad pl\u00edsn\u00ed<\/h3>\n<p><img decoding=\"async\" src=\"\/wp-content\/uploads\/factory-04.webp\"\/><\/p>\n<h3>43 linek na vytla\u010dov\u00e1n\u00ed hlin\u00edku (500 - 5500 tun)<\/h3>\n<p><img decoding=\"async\" src=\"\/wp-content\/uploads\/factory-05.webp\"\/><\/p>\n<p><img decoding=\"async\" src=\"\/wp-content\/uploads\/factory-06.webp\"\/><\/p>\n<p><img decoding=\"async\" src=\"\/wp-content\/uploads\/factory-07.webp\"\/><\/p>\n<h3>D\u00edlna pr\u00e1\u0161kov\u00e9ho lakov\u00e1n\u00ed<\/h3>\n<p><img decoding=\"async\" src=\"\/wp-content\/uploads\/factory-09.webp\"\/><\/p>\n<h3>D\u00edlna eloxov\u00e1n\u00ed<\/h3>\n<p><img decoding=\"async\" src=\"\/wp-content\/uploads\/factory-10.webp\"\/><\/p>\n<h3>Workshop o hloubkov\u00e9m zpracov\u00e1n\u00ed<\/h3>\n<p><img decoding=\"async\" src=\"\/wp-content\/uploads\/factory-11.webp\"\/><\/p>\n<h3>D\u00edlna CNC p\u0159esn\u00e9ho obr\u00e1b\u011bn\u00ed<\/h3>\n<p><img decoding=\"async\" src=\"\/wp-content\/uploads\/factory-11.5.webp\"\/><\/p>\n<h3>Sklad hotov\u00fdch v\u00fdrobk\u016f a exportn\u00ed sklad<\/h3>\n<p><img decoding=\"async\" src=\"\/wp-content\/uploads\/factory-12.webp\"\/><\/p>\n<p><img decoding=\"async\" src=\"\/wp-content\/uploads\/factory-13.webp\"\/><\/p>\n<p><img decoding=\"async\" src=\"\/wp-content\/uploads\/factory-14.webp\"\/><\/p>\n<h2>\u010cASTO KLADEN\u00c9 DOTAZY<\/h2>\n<p><b>1.Co je konstrukce sol\u00e1rn\u00edch panel\u016f z hlin\u00edkov\u00fdch profil\u016f?<\/b><\/p>\n<p>Hlin\u00edkov\u00e1 profilov\u00e1 konstrukce sol\u00e1rn\u00edch panel\u016f je lehk\u00fd mont\u00e1\u017en\u00ed syst\u00e9m odoln\u00fd proti korozi, kter\u00fd je ur\u010den k bezpe\u010dn\u00e9 instalaci sol\u00e1rn\u00edch panel\u016f pomoc\u00ed vysoce kvalitn\u00edch hlin\u00edkov\u00fdch r\u00e1m\u016f.\n<\/p>\n<p><\/p>\n<p><b>2.Pro\u010d pou\u017e\u00edvat hlin\u00edkov\u00e9 profily pro mont\u00e1\u017e sol\u00e1rn\u00edch panel\u016f?<\/b><\/p>\n<p>Hlin\u00edkov\u00e9 profily jsou ide\u00e1ln\u00ed pro mont\u00e1\u017e sol\u00e1rn\u00edch panel\u016f, proto\u017ee jsou lehk\u00e9, trvanliv\u00e9, odoln\u00e9 proti korozi a snadno se instaluj\u00ed, tak\u017ee jsou ide\u00e1ln\u00ed pro venkovn\u00ed pou\u017eit\u00ed.\n<\/p>\n<p><\/p>\n<p><b>3.Je hlin\u00edkov\u00e1 konstrukce vhodn\u00e1 do v\u0161ech pov\u011btrnostn\u00edch podm\u00ednek?<\/b><\/p>\n<p>Ano, konstrukce sol\u00e1rn\u00edch panel\u016f z hlin\u00edkov\u00fdch profil\u016f je navr\u017eena tak, aby odol\u00e1vala nep\u0159\u00edzniv\u00e9mu po\u010das\u00ed, v\u010detn\u011b siln\u00e9ho v\u011btru a prudk\u00e9ho de\u0161t\u011b, co\u017e zaji\u0161\u0165uje dlouhodobou v\u00fdkonnost.\n<\/p>\n<p><\/p>\n<p><b>4.Jak konstrukce podporuje r\u016fzn\u00e9 velikosti panel\u016f?<\/b><\/p>\n<p>Modul\u00e1rn\u00ed konstrukce konstrukce sol\u00e1rn\u00edch panel\u016f z hlin\u00edkov\u00fdch profil\u016f umo\u017e\u0148uje p\u0159izp\u016fsobit ji r\u016fzn\u00fdm rozm\u011br\u016fm sol\u00e1rn\u00edch panel\u016f.\n<\/p>\n<p><\/p>\n<p><b>5.Je proces instalace slo\u017eit\u00fd?<\/b><\/p>\n<p>Ne, konstrukce sol\u00e1rn\u00edch panel\u016f z hlin\u00edkov\u00fdch profil\u016f se vyzna\u010duje jednoduch\u00fdm a efektivn\u00edm procesem instalace, co\u017e sni\u017euje \u010das a n\u00e1klady na pr\u00e1ci.\n<\/p>\n<p><\/p>\n<p><b>6.Mohu tuto konstrukci pou\u017e\u00edt pro pozemn\u00ed a st\u0159e\u0161n\u00ed syst\u00e9my?<\/b><\/p>\n<p>Ano, konstrukce sol\u00e1rn\u00edch panel\u016f z hlin\u00edkov\u00fdch profil\u016f je univerz\u00e1ln\u00ed a lze ji pou\u017e\u00edt pro st\u0159e\u0161n\u00ed i pozemn\u00ed sol\u00e1rn\u00ed syst\u00e9my.\n<\/p>\n<p><\/p>\n<p><b>7.Jak dlouho vydr\u017e\u00ed hlin\u00edkov\u00e1 konstrukce?<\/b><\/p>\n<p>Hlin\u00edkov\u00e1 profilov\u00e1 konstrukce sol\u00e1rn\u00edch panel\u016f m\u00e1 d\u00edky vysoce pevn\u00e9mu a korozivzdorn\u00e9mu hlin\u00edku dlouhou \u017eivotnost, kter\u00e1 \u010dasto p\u0159esahuje 25 let.\n<\/p>\n<p><\/p>\n<p><b>8.Vy\u017eaduje konstrukce pravidelnou \u00fadr\u017ebu?<\/b><\/p>\n<p>Hlin\u00edkov\u00fd materi\u00e1l p\u0159irozen\u011b odol\u00e1v\u00e1 korozi a rzi, co\u017e zaru\u010duje spolehlivou a nen\u00e1ro\u010dnou \u00fadr\u017ebu.<\/p>\n<p><\/p>","protected":false},"featured_media":7963,"template":"","categories":[54],"class_list":["post-7964","product","type-product","status-publish","has-post-thumbnail","hentry","category-industrial-aluminum-profiles"],"meta_box":{"hilight_text_group":{"product_hilight_text":"<li>High-strength aluminum profiles ensure long-lasting durability<\/li>\r\r\n<li>Corrosion-resistant materials ideal for harsh outdoor environments<\/li>\r\r\n<li>Lightweight structure allows easy transportation and installation<\/li>\r\r\n<li>Modular design supports flexible solar panel configurations<\/li>\r\r\n<li>Precision-engineered components for stable and secure mounting<\/li>\r\r\n<li>Compatible with various solar panel sizes and types<\/li>\r\r\n<li>Low maintenance costs with long service life<\/li>\r\r\n<li>Customizable lengths and finishes to match project needs<\/li>","product_chanpin_blog":"<ul>\r\r\n<li><a href=\"https:\/\/sinoextrud.com\/t-slot-v-slot-differences\/\" target=\"_blank\">t slot vs v slot<\/a><\/li>\r\r\n<li><a href=\"https:\/\/sinoextrud.com\/what-is-4040-aluminium-extrud\/\" target=\"_blank\">4040 aluminium extrusion<\/a><\/li>\r\r\n<li><a href=\"https:\/\/sinoextrud.com\/what-is-4040-aluminium-extrud\/\" target=\"_blank\">aluminum extrusions for industrial racks<\/a><\/li>\r\r\n<li><a href=\"https:\/\/sinoextrud.com\/powder-coating-aluminium-process\/\" target=\"_blank\">powder coating aluminium<\/a><\/li>\r\r\n<li><a href=\"https:\/\/sinoextrud.com\/what-is-an-aluminium-strip-ceiling\/\" target=\"_blank\">aluminium strip ceiling<\/a><\/li>\r\r\n<li><a href=\"https:\/\/sinoextrud.com\/what-is-a-heat-sink\/\" target=\"_blank\">what is a heat sink<\/a><\/li>\r\r\n<\/ul>","product_chanpin_chanpin":"<li><a href=\"https:\/\/sinoextrud.com\/product\/aluminum-profile-for-clean-room-circle-shape\/\" target=\"_blank\">Aluminum Profile For Clean Room Circle Shape<\/a><\/li>\r\n<li><a href=\"https:\/\/sinoextrud.com\/product\/aluminum-profile-for-solar-panel\/\" target=\"_blank\">Aluminum Profile For Solar Panel<\/a><\/li>\r\n<li><a href=\"https:\/\/sinoextrud.com\/product\/aluminum-profile-for-workstation-desk\/\" target=\"_blank\">Aluminum Profile For Workstation Desk<\/a><\/li>\r\n<li><a href=\"https:\/\/sinoextrud.com\/product\/aluminum-profile-led-light-strip-bar\/\" target=\"_blank\">Aluminum Profile LED Light Strip Bar<\/a><\/li>\r\n<li><a href=\"https:\/\/sinoextrud.com\/product\/aluminum-profile-solar-panel-structure\/\" target=\"_blank\">Aluminum Profile Solar Panel Structure<\/a><\/li>\r\n<li><a href=\"https:\/\/sinoextrud.com\/product\/aluminum-profile-solar\/\" target=\"_blank\">Aluminum Profile Solar<\/a><\/li>\r\n<li><a href=\"https:\/\/sinoextrud.com\/product\/aluminum-profile-system\/\" target=\"_blank\">Aluminum Profile System<\/a><\/li>\r\n<li><a href=\"https:\/\/sinoextrud.com\/product\/aluminum-profile-t-slot-led-frame\/\" target=\"_blank\">Aluminum Profile T Slot Led Frame<\/a><\/li>\r\n<li><a href=\"https:\/\/sinoextrud.com\/product\/aluminum-profile-t-slot\/\" target=\"_blank\">Aluminum Profile T Slot<\/a><\/li>\r\n<li><a href=\"https:\/\/sinoextrud.com\/product\/aluminium-profile-drilling-cutting-bending-puching-processing\/\" target=\"_blank\">Aluminium profile drilling cutting bending puching processing<\/a><\/li>\r\n<li><a href=\"https:\/\/sinoextrud.com\/product\/sandblasted-mechanical-streak-removed-aluminium-profiles\/\" target=\"_blank\">Sandblasted Mechanical streak removed aluminium profiles<\/a><\/li>"},"feature_list":[]},"_links":{"self":[{"href":"https:\/\/sinoextrud.com\/cs\/wp-json\/wp\/v2\/product\/7964","targetHints":{"allow":["GET"]}}],"collection":[{"href":"https:\/\/sinoextrud.com\/cs\/wp-json\/wp\/v2\/product"}],"about":[{"href":"https:\/\/sinoextrud.com\/cs\/wp-json\/wp\/v2\/types\/product"}],"wp:featuredmedia":[{"embeddable":true,"href":"https:\/\/sinoextrud.com\/cs\/wp-json\/wp\/v2\/media\/7963"}],"wp:attachment":[{"href":"https:\/\/sinoextrud.com\/cs\/wp-json\/wp\/v2\/media?parent=7964"}],"wp:term":[{"taxonomy":"category","embeddable":true,"href":"https:\/\/sinoextrud.com\/cs\/wp-json\/wp\/v2\/categories?post=7964"}],"curies":[{"name":"wp","href":"https:\/\/api.w.org\/{rel}","templated":true}]}}