{"id":7946,"date":"2025-06-11T07:37:24","date_gmt":"2025-06-11T07:37:24","guid":{"rendered":"https:\/\/sinoextrud.com\/product\/aluminum-glass-channel\/"},"modified":"2025-06-24T06:14:15","modified_gmt":"2025-06-24T06:14:15","slug":"hlinikovy-skleneny-kanal","status":"publish","type":"product","link":"https:\/\/sinoextrud.com\/cs\/product\/aluminum-glass-channel\/","title":{"rendered":"Hlin\u00edkov\u00fd sklen\u011bn\u00fd kan\u00e1l"},"content":{"rendered":"<h2>Podrobnosti o produktech<\/h2>\n<table class=\"custom-table\">\n<tr>\n<td class=\"label\">Zna\u010dka<\/td>\n<td>\u010c\u00edna Sinoextrud<\/td>\n<\/tr>\n<tr>\n<td class=\"label\">Typ v\u00fdrobku<\/td>\n<td>profesion\u00e1ln\u00ed hlin\u00edkov\u00fd profilhlin\u00edkov\u00fd sklen\u011bn\u00fd kan\u00e1l<\/td>\n<\/tr>\n<tr>\n<td class=\"label\">Aplikace<\/td>\n<td>Klip 3 mm-20 mm Sklo. Nebo podle va\u0161eho po\u017eadavku<\/td>\n<\/tr>\n<tr>\n<td class=\"label\">T\u0159\u00edda<\/td>\n<td>Hlin\u00edkov\u00e1 slitina \u0159ady 6000<\/td>\n<\/tr>\n<tr>\n<td class=\"label\">Temperament<\/td>\n<td>T3-T8<\/td>\n<\/tr>\n<tr>\n<td class=\"label\">Slu\u017eby<\/td>\n<td>velkoobchod\/OEM\/ODM. CNC vysoce p\u0159esn\u00e1 zak\u00e1zkov\u00e1 v\u00fdroba<\/td>\n<\/tr>\n<tr>\n<td class=\"label\">Rozm\u011bry<\/td>\n<td>podle na\u0161ich po\u017eadavk\u016f<\/td>\n<\/tr>\n<tr>\n<td class=\"label\">Tolerance<\/td>\n<td>b\u011b\u017en\u00fd hlin\u00edkov\u00fd profil: \u00b10,1 mm<br \/>\nvysoce p\u0159esn\u00fd hlin\u00edkov\u00fd profil: \u00b10,03 mm<br \/>\nM\u016f\u017eete si po\u0159\u00eddit vzorek a zkontrolovat jeho p\u0159esnost.<\/td>\n<\/tr>\n<tr>\n<td class=\"label\">Povrchov\u00e1 \u00faprava<\/td>\n<td>eloxov\u00e1n\u00ed, pr\u00e1\u0161kov\u00e9 lakov\u00e1n\u00ed, le\u0161t\u011bn\u00ed, kart\u00e1\u010dov\u00e1n\u00ed, p\u00edskov\u00e1n\u00ed, d\u0159ev\u011bn\u00e9 zrno, PVDF povlak, fluorokarbonov\u00fd povlak, elektrofor\u00e9za atd.<\/td>\n<\/tr>\n<tr>\n<td class=\"label\">Ofici\u00e1ln\u00ed certifikace<\/td>\n<td>ISO 9001, ISO 14001, CE , TUV , SGS, ROHS; certifikace materi\u00e1lu BV; spln\u011bn\u00ed n\u00e1rodn\u00ed normy GB5237-2017<\/td>\n<\/tr>\n<tr>\n<td class=\"label\">Profesion\u00e1ln\u00ed vybaven\u00ed<\/td>\n<td>(1) jedna tov\u00e1rna o rozloze v\u00edce ne\u017e 670 000 metr\u016f \u010dtvere\u010dn\u00edch<br \/>\n(2) 43 za\u0159\u00edzen\u00ed na vytla\u010dov\u00e1n\u00ed hlin\u00edku (500 tun a\u017e 5500 tun)<br \/>\n(3) dv\u011b tryskac\u00ed za\u0159\u00edzen\u00ed<br \/>\n(4) dv\u011b anodiza\u010dn\u00ed v\u00fdrobn\u00ed linky (Japonsko)<br \/>\n(5) dv\u011b v\u00fdrobn\u00ed linky pro elektroforetick\u00e9 potahov\u00e1n\u00ed (Korea)<br \/>\n(6) dv\u011b v\u00fdrobn\u00ed linky pro pr\u00e1\u0161kov\u00e9 lakov\u00e1n\u00ed (N\u011bmecko)<br \/>\n(7) linka na v\u00fdrobu zrna z jednoho d\u0159eva (Korea)<br \/>\n(8) \u0161est profesion\u00e1ln\u00edch CNC obr\u00e1b\u011bc\u00edch za\u0159\u00edzen\u00ed<br \/>\n(9) osm v\u00fdrobn\u00edch linek pro \u00fasporu energie a tepelnou izolaci (\u0160v\u00fdcarsko)<br \/>\n(10) dv\u011b d\u00edlny na taven\u00ed a odl\u00e9v\u00e1n\u00ed hlin\u00edkov\u00fdch ty\u010d\u00ed s v\u00fdkonem 80 000 tun<\/td>\n<\/tr>\n<tr>\n<td class=\"label\">V\u00fdhody produktu<\/td>\n<td>schopn\u00e9 vyr\u00e1b\u011bt super velk\u00e9 hlin\u00edkov\u00e9 profily o pr\u016fm\u011bru nad 300 mm.<\/td>\n<\/tr>\n<tr>\n<td class=\"label\">Pl\u00edse\u0148<\/td>\n<td>V\u00edce ne\u017e 30 000 forem na sklad\u011b<\/td>\n<\/tr>\n<tr>\n<td class=\"label\">V\u00fdrobn\u00ed kapacita<\/td>\n<td>v\u00fdroba 200 000 tun hlin\u00edkov\u00fdch profil\u016f ro\u010dn\u011b<\/td>\n<\/tr>\n<\/table>\n<h2>Na\u0161e v\u00fdrobn\u00ed z\u00e1kladna<\/h2>\n<h3>Panorama tov\u00e1rny<\/h3>\n<p><img decoding=\"async\" src=\"\/wp-content\/uploads\/factory-01.webp\"\/><\/p>\n<h3>D\u00edlna na v\u00fdrobu hlin\u00edkov\u00fdch ty\u010d\u00ed<\/h3>\n<p><img decoding=\"async\" src=\"\/wp-content\/uploads\/factory-02.webp\"\/><\/p>\n<\/p>\n<p><img decoding=\"async\" src=\"\/wp-content\/uploads\/factory-03.webp\"\/><\/p>\n<h3>Sklad pl\u00edsn\u00ed<\/h3>\n<p><img decoding=\"async\" src=\"\/wp-content\/uploads\/factory-04.webp\"\/><\/p>\n<h3>43 linek na vytla\u010dov\u00e1n\u00ed hlin\u00edku (500-5500 tun)<\/h3>\n<p><img decoding=\"async\" src=\"\/wp-content\/uploads\/factory-05.webp\"\/><\/p>\n<p><img decoding=\"async\" src=\"\/wp-content\/uploads\/factory-06.webp\"\/><\/p>\n<p><img decoding=\"async\" src=\"\/wp-content\/uploads\/factory-07.webp\"\/><\/p>\n<h3>D\u00edlna pr\u00e1\u0161kov\u00e9ho lakov\u00e1n\u00ed<\/h3>\n<p><img decoding=\"async\" src=\"\/wp-content\/uploads\/factory-09.webp\"\/><\/p>\n<h3>D\u00edlna eloxov\u00e1n\u00ed<\/h3>\n<p><img decoding=\"async\" src=\"\/wp-content\/uploads\/factory-10.webp\"\/><\/p>\n<h3>Workshop o hloubkov\u00e9m zpracov\u00e1n\u00ed<\/h3>\n<p><img decoding=\"async\" src=\"\/wp-content\/uploads\/factory-11.webp\"\/><\/p>\n<h3>D\u00edlna CNC p\u0159esn\u00e9ho obr\u00e1b\u011bn\u00ed<\/h3>\n<p><img decoding=\"async\" src=\"\/wp-content\/uploads\/factory-11.5.webp\"\/><\/p>\n<h3>Sklad hotov\u00fdch v\u00fdrobk\u016f a exportn\u00ed sklad<\/h3>\n<p><img decoding=\"async\" src=\"\/wp-content\/uploads\/factory-12.webp\"\/><\/p>\n<p><img decoding=\"async\" src=\"\/wp-content\/uploads\/factory-13.webp\"\/><\/p>\n<p><img decoding=\"async\" src=\"\/wp-content\/uploads\/factory-14.webp\"\/><\/p>\n<h2>\u010cASTO KLADEN\u00c9 DOTAZY<\/h2>\n<p><b>1.Pro\u010d jsou hlin\u00edkov\u00e9 kan\u00e1ly na sklo ide\u00e1ln\u00ed pro instalaci skla? <\/b><\/p>\n<p>Hlin\u00edkov\u00e9 sklen\u011bn\u00e9 kan\u00e1ly poskytuj\u00ed bezpe\u010dnou a odolnou oporu pro sklen\u011bn\u00e9 tabule a zaji\u0161\u0165uj\u00ed stabiln\u00ed a bezpe\u010dnou instalaci v r\u016fzn\u00fdch aplikac\u00edch.\n<\/p>\n<p><\/p>\n<p><b>2.Jak\u00fd p\u0159\u00ednos m\u00e1 eloxovan\u00e1 povrchov\u00e1 \u00faprava hlin\u00edkov\u00fdch sklen\u011bn\u00fdch kan\u00e1l\u016f? <\/b><\/p>\n<p>Eloxovan\u00e1 povrchov\u00e1 \u00faprava zvy\u0161uje odolnost proti korozi a zaji\u0161\u0165uje del\u0161\u00ed \u017eivotnost sklen\u011bn\u00fdch kan\u00e1lk\u016f a zachov\u00e1n\u00ed jejich estetick\u00e9ho vzhledu ve vnit\u0159n\u00edm i venkovn\u00edm prost\u0159ed\u00ed.\n<\/p>\n<p><\/p>\n<p><b>3.Lze hlin\u00edkov\u00fd sklen\u011bn\u00fd kan\u00e1l p\u0159izp\u016fsobit r\u016fzn\u00fdm tlou\u0161\u0165k\u00e1m skla? <\/b><\/p>\n<p>Ano, tyto hlin\u00edkov\u00e9 kan\u00e1ly jsou k dispozici v p\u0159izp\u016fsobiteln\u00fdch velikostech pro \u0161irokou \u0161k\u00e1lu tlou\u0161t\u011bk skla, co\u017e zaji\u0161\u0165uje dokonal\u00e9 p\u0159izp\u016fsoben\u00ed pro ka\u017ed\u00fd projekt.\n<\/p>\n<p><\/p>\n<p><b>4.Jak\u00e9 jsou hlavn\u00ed v\u00fdhody pou\u017eit\u00ed hlin\u00edku pro sklen\u011bn\u00e9 kan\u00e1ly? <\/b><\/p>\n<p>Hlin\u00edk je lehk\u00fd, ale pevn\u00fd, tak\u017ee je ide\u00e1ln\u00edm materi\u00e1lem pro zaji\u0161t\u011bn\u00ed pevn\u00e9 podpory a z\u00e1rove\u0148 se snadno ovl\u00e1d\u00e1 a instaluje.\n<\/p>\n<p><\/p>\n<p><b>5.Jsou hlin\u00edkov\u00e9 sklen\u011bn\u00e9 kan\u00e1ly vhodn\u00e9 pro komer\u010dn\u00ed i reziden\u010dn\u00ed projekty? <\/b><\/p>\n<p>Ano, hlin\u00edkov\u00e9 sklen\u011bn\u00e9 kan\u00e1ly jsou d\u00edky sv\u00e9 univerz\u00e1lnosti ide\u00e1ln\u00ed pro komer\u010dn\u00ed i obytn\u00e9 aplikace, jako jsou okna, dve\u0159e a fas\u00e1dy.\n<\/p>\n<p><\/p>\n<p><b>6.Je hlin\u00edkov\u00fd sklen\u011bn\u00fd kan\u00e1l \u0161etrn\u00fd k \u017eivotn\u00edmu prost\u0159ed\u00ed? <\/b><\/p>\n<p>Ano, hlin\u00edk je pln\u011b recyklovateln\u00fd, tak\u017ee hlin\u00edkov\u00e9 sklen\u011bn\u00e9 kan\u00e1ly jsou ekologickou volbou, kter\u00e1 podporuje udr\u017eiteln\u00e9 stavebn\u00ed postupy.\n<\/p>\n<p><\/p>\n<p><b>7.Jak\u00fd p\u0159\u00ednos m\u00e1 snadn\u00e1 instalace pro projekty vyu\u017e\u00edvaj\u00edc\u00ed hlin\u00edkov\u00e9 sklen\u011bn\u00e9 kan\u00e1ly? <\/b><\/p>\n<p>Snadn\u00fd proces instalace \u0161et\u0159\u00ed \u010das a sni\u017euje n\u00e1klady na pracovn\u00ed s\u00edlu, co\u017e z n\u011bj \u010din\u00ed praktick\u00e9 \u0159e\u0161en\u00ed pro efektivn\u00ed a n\u00e1kladov\u011b efektivn\u00ed instalaci sklen\u011bn\u00fdch panel\u016f.\n<\/p>\n<p><\/p>","protected":false},"featured_media":7945,"template":"","categories":[54],"class_list":["post-7946","product","type-product","status-publish","has-post-thumbnail","hentry","category-industrial-aluminum-profiles"],"meta_box":{"hilight_text_group":{"product_hilight_text":"<ul>\r\r\n  <li>Durable aluminum glass channels designed for securely holding glass panels in place in a variety of applications.<\/li>\r\r\n  <li>Corrosion-resistant anodized finish for long-lasting performance, ensuring protection in both indoor and outdoor environments.<\/li>\r\r\n  <li>Customizable sizes to accommodate different glass thicknesses, providing a perfect fit for various glass installation projects.<\/li>\r\r\n  <li>High-strength aluminum construction, offering robust support for glass panels without compromising weight and stability.<\/li>\r\r\n  <li>Easy to install, making it a practical and time-saving solution for glass installations in commercial and residential projects.<\/li>\r\r\n  <li>Versatile design suitable for use in doors, windows, facades, and other architectural applications.<\/li>\r\r\n  <li>Eco-friendly and fully recyclable aluminum material, promoting sustainability in construction and design.<\/li>\r\r\n<\/ul>","product_chanpin_blog":"<ul>\r\r\n<li><a href=\"https:\/\/sinoextrud.com\/t-slot-v-slot-differences\/\" target=\"_blank\">t slot vs v slot<\/a><\/li>\r\r\n<li><a href=\"https:\/\/sinoextrud.com\/what-is-4040-aluminium-extrud\/\" target=\"_blank\">4040 aluminium extrusion<\/a><\/li>\r\r\n<li><a href=\"https:\/\/sinoextrud.com\/what-is-4040-aluminium-extrud\/\" target=\"_blank\">aluminum extrusions for industrial racks<\/a><\/li>\r\r\n<li><a href=\"https:\/\/sinoextrud.com\/powder-coating-aluminium-process\/\" target=\"_blank\">powder coating aluminium<\/a><\/li>\r\r\n<li><a href=\"https:\/\/sinoextrud.com\/what-is-an-aluminium-strip-ceiling\/\" target=\"_blank\">aluminium strip ceiling<\/a><\/li>\r\r\n<li><a href=\"https:\/\/sinoextrud.com\/what-is-a-heat-sink\/\" target=\"_blank\">what is a heat sink<\/a><\/li>\r\r\n<\/ul>","product_chanpin_chanpin":"<li><a href=\"https:\/\/sinoextrud.com\/product\/aluminum-extrusion-heat-profiles-sink\/\" target=\"_blank\">Aluminum Extrusion Heat Profiles Sink<\/a><\/li>\r\n<li><a href=\"https:\/\/sinoextrud.com\/product\/aluminum-extrusion-housing\/\" target=\"_blank\">Aluminum Extrusion Housing<\/a><\/li>\r\n<li><a href=\"https:\/\/sinoextrud.com\/product\/aluminum-extrusion-profiles-products\/\" target=\"_blank\">Aluminum Extrusion Profiles Products<\/a><\/li>\r\n<li><a href=\"https:\/\/sinoextrud.com\/product\/aluminum-extrusion-rail\/\" target=\"_blank\">Aluminum Extrusion Rail<\/a><\/li>\r\n<li><a href=\"https:\/\/sinoextrud.com\/product\/aluminum-glass-channel\/\" target=\"_blank\">Aluminum Glass Channel<\/a><\/li>\r\n<li><a href=\"https:\/\/sinoextrud.com\/product\/aluminum-heat-sink-extrusion-profiles\/\" target=\"_blank\">Aluminum Heat Sink Extrusion Profiles<\/a><\/li>\r\n<li><a href=\"https:\/\/sinoextrud.com\/product\/aluminum-industrial-profile-6082-alloy-with-precision-cnc-cutting-length-during-1-m-to-3-meter\/\" target=\"_blank\">aluminum industrial profile 6082 alloy with precision cnc cutting length during 1 m to 3 meter<\/a><\/li>\r\n<li><a href=\"https:\/\/sinoextrud.com\/product\/aluminum-profile-for-clean-room-circle-shape\/\" target=\"_blank\">Aluminum Profile For Clean Room Circle Shape<\/a><\/li>\r\n<li><a href=\"https:\/\/sinoextrud.com\/product\/aluminum-profile-for-solar-panel\/\" target=\"_blank\">Aluminum Profile For Solar Panel<\/a><\/li>\r\n<li><a href=\"https:\/\/sinoextrud.com\/product\/aluminium-architectural-sections-profiles6063\/\" target=\"_blank\">Aluminium Architectural Sections Profiles6063<\/a><\/li>\r\n<li><a href=\"https:\/\/sinoextrud.com\/product\/sructrual-aluminum-extrusion-profiles-ceiling-drop-ceiling\/\" target=\"_blank\">Sructrual Aluminum Extrusion Profiles Ceiling Drop Ceiling<\/a><\/li>"},"feature_list":[]},"_links":{"self":[{"href":"https:\/\/sinoextrud.com\/cs\/wp-json\/wp\/v2\/product\/7946","targetHints":{"allow":["GET"]}}],"collection":[{"href":"https:\/\/sinoextrud.com\/cs\/wp-json\/wp\/v2\/product"}],"about":[{"href":"https:\/\/sinoextrud.com\/cs\/wp-json\/wp\/v2\/types\/product"}],"wp:featuredmedia":[{"embeddable":true,"href":"https:\/\/sinoextrud.com\/cs\/wp-json\/wp\/v2\/media\/7945"}],"wp:attachment":[{"href":"https:\/\/sinoextrud.com\/cs\/wp-json\/wp\/v2\/media?parent=7946"}],"wp:term":[{"taxonomy":"category","embeddable":true,"href":"https:\/\/sinoextrud.com\/cs\/wp-json\/wp\/v2\/categories?post=7946"}],"curies":[{"name":"wp","href":"https:\/\/api.w.org\/{rel}","templated":true}]}}