{"id":7940,"date":"2025-06-11T07:31:32","date_gmt":"2025-06-11T07:31:32","guid":{"rendered":"https:\/\/sinoextrud.com\/product\/aluminum-extrusion-housing\/"},"modified":"2025-06-24T06:14:11","modified_gmt":"2025-06-24T06:14:11","slug":"hlinikove-vytlacovaci-pouzdro","status":"publish","type":"product","link":"https:\/\/sinoextrud.com\/cs\/product\/aluminum-extrusion-housing\/","title":{"rendered":"Hlin\u00edkov\u00e9 vytla\u010dovac\u00ed pouzdro"},"content":{"rendered":"<h2>Podrobnosti o produktech<\/h2>\n<table class=\"custom-table\">\n<tr>\n<td class=\"label\">N\u00e1zev produktu:<\/td>\n<td>Hlin\u00edkov\u00e9 vytla\u010dovac\u00ed pouzdro<\/td>\n<\/tr>\n<tr>\n<td class=\"label\">Typ podnik\u00e1n\u00ed:<\/td>\n<td>V\u00fdrobce<\/td>\n<\/tr>\n<tr>\n<td class=\"label\">Vytla\u010dovac\u00ed linka:<\/td>\n<td>43 vytla\u010dovac\u00edch linek a m\u011bs\u00ed\u010dn\u00ed produkce m\u016f\u017ee dos\u00e1hnout 15 000 tun.<\/td>\n<\/tr>\n<tr>\n<td class=\"label\">Slitina:<\/td>\n<td>6063\/6061<\/td>\n<\/tr>\n<tr>\n<td class=\"label\">M\u00edrnost:<\/td>\n<td>T5\/T6\/T4<\/td>\n<\/tr>\n<tr>\n<td class=\"label\">Standardn\u00ed:<\/td>\n<td>\u010c\u00edna GB vysok\u00e1 p\u0159esnost standard<\/td>\n<\/tr>\n<tr>\n<td class=\"label\">Tlou\u0161\u0165ka:<\/td>\n<td>Na z\u00e1klad\u011b va\u0161ich po\u017eadavk\u016f<\/td>\n<\/tr>\n<tr>\n<td class=\"label\">D\u00e9lka:<\/td>\n<td>1m a\u017e 9m nebo na m\u00edru<\/td>\n<\/tr>\n<tr>\n<td class=\"label\">MOQ:<\/td>\n<td>Obvykle 1 tuna. Obvykle 10 ~ 12 tun pro 1*20GP a 20 ~ 23 tun pro 1*40HQ.<\/td>\n<\/tr>\n<tr>\n<td class=\"label\">Povrchov\u00e1 \u00faprava:<\/td>\n<td>Fr\u00e9zov\u00e1n\u00ed, eloxov\u00e1n\u00ed, pr\u00e1\u0161kov\u00e9 lakov\u00e1n\u00ed, d\u0159ev\u011bn\u00e1 struktura, le\u0161t\u011bn\u00ed, kart\u00e1\u010dov\u00e1n\u00ed, elektrofor\u00e9za<\/td>\n<\/tr>\n<tr>\n<td class=\"label\">Barva, kterou um\u00edme:<\/td>\n<td>St\u0159\u00edbrn\u00e1, \u010dern\u00e1, b\u00edl\u00e1, bronzov\u00e1, \u0161ampa\u0148sk\u00e1, zelen\u00e1, \u0161ed\u00e1, zlato\u017elut\u00e1, nikl nebo na zak\u00e1zku.<\/td>\n<\/tr>\n<tr>\n<td class=\"label\">Pr\u00e1\u0161kov\u00e9 lakov\u00e1n\u00ed:<\/td>\n<td>Na m\u00edru. Obvykl\u00e1 tlou\u0161\u0165ka: 80-120 um<\/td>\n<\/tr>\n<tr>\n<td class=\"label\">Komplexn\u00ed film pro elektrofor\u00e9zu:<\/td>\n<td>Norm\u00e1ln\u00ed tlou\u0161\u0165ka: 16 um<\/td>\n<\/tr>\n<tr>\n<td class=\"label\">Zrnitost d\u0159eva:<\/td>\n<td>Na m\u00edru. Obvykl\u00e1 tlou\u0161\u0165ka: 60-120 um<\/td>\n<\/tr>\n<tr>\n<td class=\"label\">Chemick\u00e9 slo\u017een\u00ed a v\u00fdkon:<\/td>\n<td>Proveden\u00ed a spln\u011bn\u00ed vysok\u00e9 \u00farovn\u011b p\u0159esnosti podle GB \u010c\u00edny<\/td>\n<\/tr>\n<tr>\n<td class=\"label\">Obr\u00e1b\u011bn\u00ed:<\/td>\n<td>\u0158ez\u00e1n\u00ed, d\u011brov\u00e1n\u00ed, vrt\u00e1n\u00ed, oh\u00fdb\u00e1n\u00ed, sva\u0159ov\u00e1n\u00ed, fr\u00e9zov\u00e1n\u00ed, CNC atd.<\/td>\n<\/tr>\n<tr>\n<td class=\"label\">Balen\u00ed:<\/td>\n<td>Ochrann\u00e1 f\u00f3lie pro ka\u017ed\u00fd kus profilu je v p\u0159\u00edpad\u011b pot\u0159eby tak\u00e9 v po\u0159\u00e1dku.<\/td>\n<\/tr>\n<tr>\n<td class=\"label\">P\u0159\u00edstav dod\u00e1n\u00ed:<\/td>\n<td>Guangzhong, Foshan, Shenzhen<\/td>\n<\/tr>\n<tr>\n<td class=\"label\">OEM:<\/td>\n<td>Dostupn\u00e9 na<\/td>\n<\/tr>\n<\/table>\n<h2>Na\u0161e v\u00fdrobn\u00ed z\u00e1kladna<\/h2>\n<h3>Panorama tov\u00e1rny<\/h3>\n<p><img decoding=\"async\" src=\"\/wp-content\/uploads\/factory-01.webp\"\/><\/p>\n<h3>D\u00edlna na v\u00fdrobu hlin\u00edkov\u00fdch ty\u010d\u00ed<\/h3>\n<p><img decoding=\"async\" src=\"\/wp-content\/uploads\/factory-02.webp\"\/><\/p>\n<\/p>\n<p><img decoding=\"async\" src=\"\/wp-content\/uploads\/factory-03.webp\"\/><\/p>\n<h3>Sklad pl\u00edsn\u00ed<\/h3>\n<p><img decoding=\"async\" src=\"\/wp-content\/uploads\/factory-04.webp\"\/><\/p>\n<h3>43 linek na vytla\u010dov\u00e1n\u00ed hlin\u00edku (500 - 5500 tun)<\/h3>\n<p><img decoding=\"async\" src=\"\/wp-content\/uploads\/factory-05.webp\"\/><\/p>\n<p><img decoding=\"async\" src=\"\/wp-content\/uploads\/factory-06.webp\"\/><\/p>\n<p><img decoding=\"async\" src=\"\/wp-content\/uploads\/factory-07.webp\"\/><\/p>\n<h3>D\u00edlna pr\u00e1\u0161kov\u00e9ho lakov\u00e1n\u00ed<\/h3>\n<p><img decoding=\"async\" src=\"\/wp-content\/uploads\/factory-09.webp\"\/><\/p>\n<h3>D\u00edlna eloxov\u00e1n\u00ed<\/h3>\n<p><img decoding=\"async\" src=\"\/wp-content\/uploads\/factory-10.webp\"\/><\/p>\n<h3>Workshop o hloubkov\u00e9m zpracov\u00e1n\u00ed<\/h3>\n<p><img decoding=\"async\" src=\"\/wp-content\/uploads\/factory-11.webp\"\/><\/p>\n<h3>D\u00edlna CNC p\u0159esn\u00e9ho obr\u00e1b\u011bn\u00ed<\/h3>\n<p><img decoding=\"async\" src=\"\/wp-content\/uploads\/factory-11.5.webp\"\/><\/p>\n<h3>Sklad hotov\u00fdch v\u00fdrobk\u016f a exportn\u00ed sklad<\/h3>\n<p><img decoding=\"async\" src=\"\/wp-content\/uploads\/factory-12.webp\"\/><\/p>\n<p><img decoding=\"async\" src=\"\/wp-content\/uploads\/factory-13.webp\"\/><\/p>\n<p><img decoding=\"async\" src=\"\/wp-content\/uploads\/factory-14.webp\"\/><\/p>\n<h2>\u010cASTO KLADEN\u00c9 DOTAZY<\/h2>\n<p><b>1.Pro\u010d je hlin\u00edkov\u00e9 vytla\u010dovac\u00ed pouzdro vhodn\u00e9 pro elektronick\u00e9 sou\u010d\u00e1stky? <\/b><\/p>\n<p> Hlin\u00edkov\u00e9 lisovan\u00e9 pouzdro poskytuje trvanlivou ochranu, odolnost proti korozi a \u00fa\u010dinn\u00fd tepeln\u00fd management, tak\u017ee je ide\u00e1ln\u00ed pro pouzdra elektronick\u00fdch sou\u010d\u00e1stek.\n<\/p>\n<p><\/p>\n<p><b>2.Can hlin\u00edkov\u00e9 vytla\u010dovac\u00ed pouzdro b\u00fdt p\u0159izp\u016fsoben? <\/b><\/p>\n<p> Ano, hlin\u00edkov\u00e9 lisovan\u00e9 pouzdro lze p\u0159izp\u016fsobit velikosti, tvaru a designu tak, aby spl\u0148ovalo specifick\u00e9 funk\u010dn\u00ed a estetick\u00e9 po\u017eadavky.\n<\/p>\n<p><\/p>\n<p><b>3.Jak odoln\u00e9 je hlin\u00edkov\u00e9 vytla\u010dovac\u00ed pouzdro? <\/b><\/p>\n<p> Hlin\u00edkov\u00e9 lisovan\u00e9 pouzdro je vysoce odoln\u00e9 d\u00edky sv\u00fdm korozivzdorn\u00fdm vlastnostem, co\u017e zaji\u0161\u0165uje dlouhodobou ochranu citliv\u00fdch sou\u010d\u00e1st\u00ed v n\u00e1ro\u010dn\u00fdch podm\u00ednk\u00e1ch.\n<\/p>\n<p><\/p>\n<p><b>4.Jak\u00e9 jsou v\u00fdhody pou\u017eit\u00ed hlin\u00edkov\u00e9ho vytla\u010dovac\u00edho pouzdra pro pr\u016fmyslov\u00e9 aplikace? <\/b><\/p>\n<p> Hlin\u00edkov\u00fd lisovan\u00fd kryt nab\u00edz\u00ed robustn\u00ed ochranu, lehkou konstrukci a mo\u017enost p\u0159izp\u016fsoben\u00ed, tak\u017ee je ide\u00e1ln\u00ed pro pr\u016fmyslov\u00e9 aplikace, kter\u00e9 vy\u017eaduj\u00ed odolnost a odvod tepla.\n<\/p>\n<p><\/p>\n<p><b>5.Je hlin\u00edkov\u00e9 vytla\u010dovac\u00ed pouzdro snadn\u00e9 na \u00fadr\u017ebu? <\/b><\/p>\n<p> Ano, kryt je nen\u00e1ro\u010dn\u00fd na \u00fadr\u017ebu, proto\u017ee hlin\u00edk je odoln\u00fd proti korozi a opot\u0159eben\u00ed, co\u017e sni\u017euje pot\u0159ebu \u010dast\u00fdch v\u00fdm\u011bn nebo oprav.\n<\/p>\n<p><\/p>\n<p><b>6.Je hlin\u00edkov\u00e9 vytla\u010dovac\u00ed pouzdro \u0161etrn\u00e9 k \u017eivotn\u00edmu prost\u0159ed\u00ed? <\/b><\/p>\n<p> Ano, hlin\u00edk je recyklovateln\u00fd materi\u00e1l, tak\u017ee vytla\u010dovac\u00ed pouzdro je ekologick\u00fdm \u0159e\u0161en\u00edm pro r\u016fzn\u00e9 aplikace.\n<\/p>\n<p><\/p>\n<p><b>7.Jak hlin\u00edkov\u00e9 vytla\u010dovac\u00ed pouzdro zlep\u0161uje v\u00fdkonnost komponent? <\/b><\/p>\n<p> Pouzdro zaji\u0161\u0165uje spr\u00e1vn\u00fd odvod tepla, ochranu p\u0159ed prachem a vlhkost\u00ed a celkovou stabilitu, \u010d\u00edm\u017e zvy\u0161uje v\u00fdkon a \u017eivotnost um\u00edst\u011bn\u00fdch komponent.\n<\/p>\n<p><\/p>","protected":false},"featured_media":7939,"template":"","categories":[54],"class_list":["post-7940","product","type-product","status-publish","has-post-thumbnail","hentry","category-industrial-aluminum-profiles"],"meta_box":{"hilight_text_group":{"product_hilight_text":"<ul>\r\r\n  <li>Durable aluminum extrusion housing for various electronic and industrial applications<\/li>\r\r\n  <li>Provides excellent protection for sensitive components from environmental factors<\/li>\r\r\n  <li>Corrosion-resistant, ensuring longevity even in harsh environments<\/li>\r\r\n  <li>Customizable designs to meet specific requirements for size, shape, and functionality<\/li>\r\r\n  <li>Lightweight and strong, offering a perfect balance between protection and weight<\/li>\r\r\n  <li>Efficient thermal management, keeping electronic components cool and functional<\/li>\r\r\n  <li>Environmentally friendly, made from recyclable aluminum material<\/li>\r\r\n<\/ul>","product_chanpin_blog":"<ul>\r\r\n<li><a href=\"https:\/\/sinoextrud.com\/t-slot-v-slot-differences\/\" target=\"_blank\">t slot vs v slot<\/a><\/li>\r\r\n<li><a href=\"https:\/\/sinoextrud.com\/what-is-4040-aluminium-extrud\/\" target=\"_blank\">4040 aluminium extrusion<\/a><\/li>\r\r\n<li><a href=\"https:\/\/sinoextrud.com\/what-is-4040-aluminium-extrud\/\" target=\"_blank\">aluminum extrusions for industrial racks<\/a><\/li>\r\r\n<li><a href=\"https:\/\/sinoextrud.com\/powder-coating-aluminium-process\/\" target=\"_blank\">powder coating aluminium<\/a><\/li>\r\r\n<li><a href=\"https:\/\/sinoextrud.com\/what-is-an-aluminium-strip-ceiling\/\" target=\"_blank\">aluminium strip ceiling<\/a><\/li>\r\r\n<li><a href=\"https:\/\/sinoextrud.com\/what-is-a-heat-sink\/\" target=\"_blank\">what is a heat sink<\/a><\/li>\r\r\n<\/ul>","product_chanpin_chanpin":"<li><a href=\"https:\/\/sinoextrud.com\/product\/aluminum-electronic-enclosure-heatsink\/\" target=\"_blank\">Aluminum Electronic Enclosure heatsink<\/a><\/li>\r\n<li><a href=\"https:\/\/sinoextrud.com\/product\/aluminum-extruded-profile-for-5g-communication-instrument\/\" target=\"_blank\">Aluminum Extruded Profile For 5G Communication Instrument<\/a><\/li>\r\n<li><a href=\"https:\/\/sinoextrud.com\/product\/aluminum-extrusion-framing-components\/\" target=\"_blank\">Aluminum Extrusion Framing Components<\/a><\/li>\r\n<li><a href=\"https:\/\/sinoextrud.com\/product\/aluminum-extrusion-heat-profiles-sink\/\" target=\"_blank\">Aluminum Extrusion Heat Profiles Sink<\/a><\/li>\r\n<li><a href=\"https:\/\/sinoextrud.com\/product\/aluminum-extrusion-housing\/\" target=\"_blank\">Aluminum Extrusion Housing<\/a><\/li>\r\n<li><a href=\"https:\/\/sinoextrud.com\/product\/aluminum-extrusion-profiles-products\/\" target=\"_blank\">Aluminum Extrusion Profiles Products<\/a><\/li>\r\n<li><a href=\"https:\/\/sinoextrud.com\/product\/aluminum-extrusion-rail\/\" target=\"_blank\">Aluminum Extrusion Rail<\/a><\/li>\r\n<li><a href=\"https:\/\/sinoextrud.com\/product\/aluminum-glass-channel\/\" target=\"_blank\">Aluminum Glass Channel<\/a><\/li>\r\n<li><a href=\"https:\/\/sinoextrud.com\/product\/aluminum-heat-sink-extrusion-profiles\/\" target=\"_blank\">Aluminum Heat Sink Extrusion Profiles<\/a><\/li>\r\n<li><a href=\"https:\/\/sinoextrud.com\/product\/anodised-aluminium-extrusions\/\" target=\"_blank\">Anodised Aluminium Extrusions<\/a><\/li>\r\n<li><a href=\"https:\/\/sinoextrud.com\/product\/short-run-custom-aluminum-extrusions\/\" target=\"_blank\">Short Run Custom Aluminum Extrusions<\/a><\/li>"},"feature_list":[]},"_links":{"self":[{"href":"https:\/\/sinoextrud.com\/cs\/wp-json\/wp\/v2\/product\/7940","targetHints":{"allow":["GET"]}}],"collection":[{"href":"https:\/\/sinoextrud.com\/cs\/wp-json\/wp\/v2\/product"}],"about":[{"href":"https:\/\/sinoextrud.com\/cs\/wp-json\/wp\/v2\/types\/product"}],"wp:featuredmedia":[{"embeddable":true,"href":"https:\/\/sinoextrud.com\/cs\/wp-json\/wp\/v2\/media\/7939"}],"wp:attachment":[{"href":"https:\/\/sinoextrud.com\/cs\/wp-json\/wp\/v2\/media?parent=7940"}],"wp:term":[{"taxonomy":"category","embeddable":true,"href":"https:\/\/sinoextrud.com\/cs\/wp-json\/wp\/v2\/categories?post=7940"}],"curies":[{"name":"wp","href":"https:\/\/api.w.org\/{rel}","templated":true}]}}