{"id":7934,"date":"2025-06-11T07:24:19","date_gmt":"2025-06-11T07:24:19","guid":{"rendered":"https:\/\/sinoextrud.com\/product\/aluminum-extruded-profile-for-5g-communication-instrument\/"},"modified":"2025-06-24T06:14:10","modified_gmt":"2025-06-24T06:14:10","slug":"hlinikovy-extrudovany-profil-pro-komunikacni-pristroj-5g","status":"publish","type":"product","link":"https:\/\/sinoextrud.com\/cs\/product\/aluminum-extruded-profile-for-5g-communication-instrument\/","title":{"rendered":"Hlin\u00edkov\u00fd vytla\u010dovan\u00fd profil pro komunika\u010dn\u00ed p\u0159\u00edstroj 5G"},"content":{"rendered":"<h2>Podrobnosti o produktech<\/h2>\n<table class=\"custom-table\">\n<tbody>\n<tr>\n<td> <strong>Polo\u017eka:<\/strong><\/td>\n<td> <strong>Hlin\u00edkov\u00fd vytla\u010dovan\u00fd profil pro komunika\u010dn\u00ed p\u0159\u00edstroj 5G<\/strong><\/td>\n<td> <strong>T\u0159\u00edda:<\/strong><\/td>\n<td> <strong>6061, 6063<\/strong><\/td>\n<\/tr>\n<tr>\n<td> <strong>M\u00edrnost:<\/strong><\/td>\n<td> <strong>6063-T5<\/strong><\/td>\n<td> <strong>M\u00edsto p\u016fvodu:<\/strong><\/td>\n<td> <strong>Foshan, Guangdong<\/strong><\/td>\n<\/tr>\n<tr>\n<td> <strong>Tvar:<\/strong><\/td>\n<td> <strong>p\u0159izp\u016fsoben\u00ed<\/strong><\/td>\n<td> <strong>Slitina nebo ne:<\/strong><\/td>\n<td> <strong>Slitina hlin\u00edku<\/strong><\/td>\n<\/tr>\n<tr>\n<td> <strong>Tolerance:<\/strong><\/td>\n<td> <strong>\u00b10,5%<\/strong><\/td>\n<td> <strong>Zna\u010dka:<\/strong><\/td>\n<td> <strong>Sinoextrud, Sinoextrud<\/strong><\/td>\n<\/tr>\n<tr>\n<td> <strong>Standardn\u00ed:<\/strong><\/td>\n<td> <strong>st\u0159edn\u00ed a vysok\u00e1 kvalita<\/strong><\/td>\n<td> <strong>Povrchov\u00e1 \u00faprava:<\/strong><\/td>\n<td> <strong>pr\u00e1\u0161kov\u00e9 lakov\u00e1n\u00ed, elektrofor\u00e9za, kresba d\u0159eva, eloxov\u00e1n\u00ed, kart\u00e1\u010dov\u00e1n\u00ed, le\u0161t\u011bn\u00ed<\/strong><\/td>\n<\/tr>\n<tr>\n<td> <strong>Doba dod\u00e1n\u00ed:<\/strong><\/td>\n<td> <strong>25-30 dn\u00ed<\/strong><\/td>\n<td> <strong>MOQ:<\/strong><\/td>\n<td> <strong>200 kg<\/strong><\/td>\n<\/tr>\n<tr>\n<td> <strong>Term\u00edn platby:<\/strong><\/td>\n<td> <strong>T\/T (30% z\u00e1loha), L\/C<\/strong><\/td>\n<td> <strong>Slu\u017eba zpracov\u00e1n\u00ed:<\/strong><\/td>\n<td> <strong>Oh\u00fdb\u00e1n\u00ed, odv\u00edjen\u00ed, sva\u0159ov\u00e1n\u00ed, d\u011brov\u00e1n\u00ed, \u0159ez\u00e1n\u00ed<\/strong><\/td>\n<\/tr>\n<tr>\n<td> <strong>P\u0159\u00edstav:<\/strong><\/td>\n<td> <strong>Guangzhou, Shenzhen, Foshan<\/strong><\/td>\n<td> <strong>D\u00e9lka:<\/strong><\/td>\n<td> <strong>1-9m nebo na m\u00edru<\/strong><\/td>\n<\/tr>\n<\/tbody>\n<\/table>\n<h2>Na\u0161e v\u00fdrobn\u00ed z\u00e1kladna<\/h2>\n<h3>Panorama tov\u00e1rny<\/h3>\n<p><img decoding=\"async\" src=\"\/wp-content\/uploads\/factory-01.webp\"\/><\/p>\n<h3>D\u00edlna na v\u00fdrobu hlin\u00edkov\u00fdch ty\u010d\u00ed<\/h3>\n<p><img decoding=\"async\" src=\"\/wp-content\/uploads\/factory-02.webp\"\/><\/p>\n<\/p>\n<p><img decoding=\"async\" src=\"\/wp-content\/uploads\/factory-03.webp\"\/><\/p>\n<h3>Sklad pl\u00edsn\u00ed<\/h3>\n<p><img decoding=\"async\" src=\"\/wp-content\/uploads\/factory-04.webp\"\/><\/p>\n<h3>43 linek na vytla\u010dov\u00e1n\u00ed hlin\u00edku (500-5500 tun)<\/h3>\n<p><img decoding=\"async\" src=\"\/wp-content\/uploads\/factory-05.webp\"\/><\/p>\n<p><img decoding=\"async\" src=\"\/wp-content\/uploads\/factory-06.webp\"\/><\/p>\n<p><img decoding=\"async\" src=\"\/wp-content\/uploads\/factory-07.webp\"\/><\/p>\n<h3>D\u00edlna pr\u00e1\u0161kov\u00e9ho lakov\u00e1n\u00ed<\/h3>\n<p><img decoding=\"async\" src=\"\/wp-content\/uploads\/factory-09.webp\"\/><\/p>\n<h3>D\u00edlna eloxov\u00e1n\u00ed<\/h3>\n<p><img decoding=\"async\" src=\"\/wp-content\/uploads\/factory-10.webp\"\/><\/p>\n<h3>Workshop o hloubkov\u00e9m zpracov\u00e1n\u00ed<\/h3>\n<p><img decoding=\"async\" src=\"\/wp-content\/uploads\/factory-11.webp\"\/><\/p>\n<h3>D\u00edlna CNC p\u0159esn\u00e9ho obr\u00e1b\u011bn\u00ed<\/h3>\n<p><img decoding=\"async\" src=\"\/wp-content\/uploads\/factory-11.5.webp\"\/><\/p>\n<h3>Sklad hotov\u00fdch v\u00fdrobk\u016f a exportn\u00ed sklad<\/h3>\n<p><img decoding=\"async\" src=\"\/wp-content\/uploads\/factory-12.webp\"\/><\/p>\n<p><img decoding=\"async\" src=\"\/wp-content\/uploads\/factory-13.webp\"\/><\/p>\n<p><img decoding=\"async\" src=\"\/wp-content\/uploads\/factory-14.webp\"\/><\/p>\n<h2>\u010cASTO KLADEN\u00c9 DOTAZY<\/h2>\n<p><b>1.Co je hlin\u00edkov\u00fd extrudovan\u00fd profil pro komunika\u010dn\u00ed p\u0159\u00edstroje 5G? <\/b><\/p>\n<p> Jedn\u00e1 se o p\u0159esn\u011b tvarovanou hlin\u00edkovou sou\u010d\u00e1stku, kter\u00e1 se pou\u017e\u00edv\u00e1 k um\u00edst\u011bn\u00ed a ochran\u011b komunika\u010dn\u00edch za\u0159\u00edzen\u00ed 5G a nab\u00edz\u00ed pevnost, odvod tepla a st\u00edn\u011bn\u00ed EMI.\n<\/p>\n<p><\/p>\n<p><b>2.Pro\u010d se v pouzdrech komunika\u010dn\u00edch p\u0159\u00edstroj\u016f 5G pou\u017e\u00edv\u00e1 hlin\u00edk? <\/b><\/p>\n<p> Hlin\u00edk je lehk\u00fd, odoln\u00fd proti korozi a m\u00e1 vynikaj\u00edc\u00ed tepelnou vodivost, tak\u017ee je ide\u00e1ln\u00ed pro ochranu a chlazen\u00ed za\u0159\u00edzen\u00ed 5G.\n<\/p>\n<p><\/p>\n<p><b>3.Jak pom\u00e1h\u00e1 vytla\u010dov\u00e1n\u00ed hlin\u00edku p\u0159i v\u00fdkonu sign\u00e1lu 5G? <\/b><\/p>\n<p> Extrudovan\u00e9 hlin\u00edkov\u00e9 profily lze navrhnout s prvky st\u00edn\u011bn\u00ed EMI, kter\u00e9 minimalizuj\u00ed ru\u0161en\u00ed a zlep\u0161uj\u00ed stabilitu sign\u00e1lu 5G.\n<\/p>\n<p><\/p>\n<p><b>4.Lze hlin\u00edkov\u00e9 v\u00fdlisky p\u0159izp\u016fsobit pro aplikace 5G? <\/b><\/p>\n<p> Ano, nab\u00edz\u00edme vlastn\u00ed extrudovan\u00e9 hlin\u00edkov\u00e9 profily p\u0159izp\u016fsoben\u00e9 r\u016fzn\u00fdm rozm\u011br\u016fm sk\u0159\u00edn\u00ed 5G, pot\u0159eb\u00e1m mont\u00e1\u017ee a tepeln\u00fdm po\u017eadavk\u016fm.\n<\/p>\n<p><\/p>\n<p><b>5.Jsou hlin\u00edkov\u00e9 profily pro za\u0159\u00edzen\u00ed 5G vhodn\u00e9 pro venkovn\u00ed pou\u017eit\u00ed? <\/b><\/p>\n<p> Eloxovan\u00e9 nebo pr\u00e1\u0161kov\u011b lakovan\u00e9 povrchy poskytuj\u00ed vynikaj\u00edc\u00ed ochranu proti pov\u011btrnostn\u00edm vliv\u016fm a korozi p\u0159i venkovn\u00edch instalac\u00edch.\n<\/p>\n<p><\/p>\n<p><b>6.Jak\u00e9 jsou tepeln\u00e9 v\u00fdhody hlin\u00edku v p\u0159\u00edstroj\u00edch 5G? <\/b><\/p>\n<p> Hlin\u00edkov\u00e9 v\u00fdlisky \u00fa\u010dinn\u011b odv\u00e1d\u011bj\u00ed teplo, co\u017e je nezbytn\u00e9 pro zachov\u00e1n\u00ed v\u00fdkonu a spolehlivosti vysokofrekven\u010dn\u00edch za\u0159\u00edzen\u00ed 5G.\n<\/p>\n<p><\/p>\n<p><b>7.Podporuj\u00ed hlin\u00edkov\u00e9 profily kompaktn\u00ed a integrovan\u00e9 konstrukce 5G? <\/b><\/p>\n<p> Ano, p\u0159esn\u011b lisovan\u00e9 profily umo\u017e\u0148uj\u00ed vytv\u00e1\u0159et tenk\u00e1 pouzdra na m\u00edru, kter\u00e1 spl\u0148uj\u00ed po\u017eadavky na kompaktn\u00ed a integrovan\u00fd design infrastruktury 5G.\n<\/p>\n<p><\/p>","protected":false},"featured_media":7933,"template":"","categories":[54],"class_list":["post-7934","product","type-product","status-publish","has-post-thumbnail","hentry","category-industrial-aluminum-profiles"],"meta_box":{"hilight_text_group":{"product_hilight_text":"<li>Precision-extruded aluminum ensures high dimensional accuracy for 5G equipment enclosures.<\/li>\r\r\n<li>Lightweight structure reduces load on communication towers and devices.<\/li>\r\r\n<li>Excellent thermal conductivity helps dissipate heat from sensitive 5G components.<\/li>\r\r\n<li>Corrosion-resistant surface coating for long-term outdoor performance.<\/li>\r\r\n<li>Customizable shapes and finishes for specific 5G instrument housing needs.<\/li>\r\r\n<li>Supports electromagnetic shielding to enhance signal stability.<\/li>\r\r\n<li>Ideal for compact, high-frequency, and high-performance communication modules.<\/li>","product_chanpin_blog":"<ul>\r\r\n<li><a href=\"https:\/\/sinoextrud.com\/t-slot-v-slot-differences\/\" target=\"_blank\">t slot vs v slot<\/a><\/li>\r\r\n<li><a href=\"https:\/\/sinoextrud.com\/what-is-4040-aluminium-extrud\/\" target=\"_blank\">4040 aluminium extrusion<\/a><\/li>\r\r\n<li><a href=\"https:\/\/sinoextrud.com\/what-is-4040-aluminium-extrud\/\" target=\"_blank\">aluminum extrusions for industrial racks<\/a><\/li>\r\r\n<li><a href=\"https:\/\/sinoextrud.com\/powder-coating-aluminium-process\/\" target=\"_blank\">powder coating aluminium<\/a><\/li>\r\r\n<li><a href=\"https:\/\/sinoextrud.com\/what-is-an-aluminium-strip-ceiling\/\" target=\"_blank\">aluminium strip ceiling<\/a><\/li>\r\r\n<li><a href=\"https:\/\/sinoextrud.com\/what-is-a-heat-sink\/\" target=\"_blank\">what is a heat sink<\/a><\/li>\r\r\n<\/ul>","product_chanpin_chanpin":"<li><a href=\"https:\/\/sinoextrud.com\/product\/aluminium-solar-profile\/\" target=\"_blank\">Aluminium Solar Profile<\/a><\/li>\r\n<li><a href=\"https:\/\/sinoextrud.com\/product\/aluminium-t-extrusion\/\" target=\"_blank\">Aluminium T Extrusion<\/a><\/li>\r\n<li><a href=\"https:\/\/sinoextrud.com\/product\/aluminium-t-track-extrusions\/\" target=\"_blank\">Aluminium T Track Extrusions<\/a><\/li>\r\n<li><a href=\"https:\/\/sinoextrud.com\/product\/aluminum-electronic-enclosure-heatsink\/\" target=\"_blank\">Aluminum Electronic Enclosure heatsink<\/a><\/li>\r\n<li><a href=\"https:\/\/sinoextrud.com\/product\/aluminum-extruded-profile-for-5g-communication-instrument\/\" target=\"_blank\">Aluminum Extruded Profile For 5G Communication Instrument<\/a><\/li>\r\n<li><a href=\"https:\/\/sinoextrud.com\/product\/aluminum-extrusion-framing-components\/\" target=\"_blank\">Aluminum Extrusion Framing Components<\/a><\/li>\r\n<li><a href=\"https:\/\/sinoextrud.com\/product\/aluminum-extrusion-heat-profiles-sink\/\" target=\"_blank\">Aluminum Extrusion Heat Profiles Sink<\/a><\/li>\r\n<li><a href=\"https:\/\/sinoextrud.com\/product\/aluminum-extrusion-housing\/\" target=\"_blank\">Aluminum Extrusion Housing<\/a><\/li>\r\n<li><a href=\"https:\/\/sinoextrud.com\/product\/aluminum-extrusion-profiles-products\/\" target=\"_blank\">Aluminum Extrusion Profiles Products<\/a><\/li>\r\n<li><a href=\"https:\/\/sinoextrud.com\/product\/aluminum-extrusion-solar-panel-frame\/\" target=\"_blank\">Aluminum extrusion solar panel frame<\/a><\/li>\r\n<li><a href=\"https:\/\/sinoextrud.com\/product\/aluminium-fabrication\/\" target=\"_blank\">Aluminium Fabrication<\/a><\/li>"},"feature_list":[]},"_links":{"self":[{"href":"https:\/\/sinoextrud.com\/cs\/wp-json\/wp\/v2\/product\/7934","targetHints":{"allow":["GET"]}}],"collection":[{"href":"https:\/\/sinoextrud.com\/cs\/wp-json\/wp\/v2\/product"}],"about":[{"href":"https:\/\/sinoextrud.com\/cs\/wp-json\/wp\/v2\/types\/product"}],"wp:featuredmedia":[{"embeddable":true,"href":"https:\/\/sinoextrud.com\/cs\/wp-json\/wp\/v2\/media\/7933"}],"wp:attachment":[{"href":"https:\/\/sinoextrud.com\/cs\/wp-json\/wp\/v2\/media?parent=7934"}],"wp:term":[{"taxonomy":"category","embeddable":true,"href":"https:\/\/sinoextrud.com\/cs\/wp-json\/wp\/v2\/categories?post=7934"}],"curies":[{"name":"wp","href":"https:\/\/api.w.org\/{rel}","templated":true}]}}