{"id":7932,"date":"2025-06-11T07:22:13","date_gmt":"2025-06-11T07:22:13","guid":{"rendered":"https:\/\/sinoextrud.com\/product\/aluminum-electronic-enclosure-heatsink\/"},"modified":"2025-06-24T06:14:09","modified_gmt":"2025-06-24T06:14:09","slug":"hlinikovy-chladic-elektronicke-skrine","status":"publish","type":"product","link":"https:\/\/sinoextrud.com\/cs\/product\/aluminum-electronic-enclosure-heatsink\/","title":{"rendered":"Hlin\u00edkov\u00fd chladi\u010d elektronick\u00e9 sk\u0159\u00edn\u011b"},"content":{"rendered":"<h2>Podrobnosti o produktech<\/h2>\n<table class=\"custom-table\">\n<tr>\n<td class=\"label\">Iterm<\/td>\n<td>hlin\u00edkov\u00fd chladi\u010d s velk\u00fdm pr\u016fm\u011brem, v\u00fdroba lisovan\u00fdch hlin\u00edkov\u00fdch sk\u0159\u00edn\u00ed Dodavatel pr\u016fmyslov\u00fdch hlin\u00edkov\u00fdch chladi\u010d\u016f<\/td>\n<\/tr>\n<tr>\n<td class=\"label\">Materi\u00e1l<\/td>\n<td>Hlin\u00edkov\u00e1 slitina 6063,6061,6005,6463,6005A,6060,6101,6082,6351<\/td>\n<\/tr>\n<tr>\n<td class=\"label\">Temperament<\/td>\n<td>T3-T8,T4,T5, T6,T66,T52<\/td>\n<\/tr>\n<tr>\n<td class=\"label\">Povrch Custom<\/td>\n<td>eloxov\u00e1n\u00ed, elektrofor\u00e9za, pr\u00e1\u0161kov\u00e9 lakov\u00e1n\u00ed, PVDF lakov\u00e1n\u00ed,<br \/>\nmalba na d\u0159evo, kart\u00e1\u010dovan\u00e1<\/td>\n<\/tr>\n<tr>\n<td class=\"label\">Barva<\/td>\n<td>St\u0159\u00edbrn\u00e1 b\u00edl\u00e1, bronzov\u00e1, zlat\u00e1, \u010dern\u00e1, \u0161ampa\u0148sk\u00e9, na zak\u00e1zku<\/td>\n<\/tr>\n<tr>\n<td class=\"label\">Tlou\u0161\u0165ka st\u011bny<\/td>\n<td>&gt;0,8 mm, 1,0, 1,2, 2,0, 4,0 atd.<\/td>\n<\/tr>\n<tr>\n<td class=\"label\">Tvar<\/td>\n<td>\u010ctvercov\u00e9, kulat\u00e9, ploch\u00e9, ov\u00e1ln\u00e9, nepravideln\u00e9 atd.<\/td>\n<\/tr>\n<tr>\n<td class=\"label\">D\u00e9lka<\/td>\n<td>Norm\u00e1ln\u00ed = 5,8 m, 5,9 m, 6 m, 3 m-7 m je p\u0159izp\u016fsoben\u00e1 velikost<\/td>\n<\/tr>\n<tr>\n<td class=\"label\">V\u00fdroba OEM slu\u017eeb<\/td>\n<td>V\u00fdkresy\/vzorky z\u00e1kazn\u00edk\u016f nebo nab\u00edzen\u00e9 slu\u017eby v oblasti designu<\/td>\n<\/tr>\n<tr>\n<td class=\"label\">Z\u00e1ruka<\/td>\n<td>Barva povrchu m\u016f\u017ee b\u00fdt stabiln\u00ed po dobu 10-20 let p\u0159i pou\u017e\u00edv\u00e1n\u00ed v interi\u00e9ru.<\/td>\n<\/tr>\n<tr>\n<td class=\"label\">V\u00fdhody Vlastnosti<\/td>\n<td>1.Air proof, vodot\u011bsnost, tepeln\u00e1 izolace, tepeln\u00e1 izolace, proti st\u00e1rnut\u00ed, odolnost proti n\u00e1raz\u016fm<br \/>\n2.Environment\u00e1ln\u011b \u0161etrn\u00e9<br \/>\n3.Corrosion odoln\u00e9, leskl\u00e9<br \/>\n4.Modern vzhled<\/td>\n<\/tr>\n<tr>\n<td class=\"label\">Testovac\u00ed norma<\/td>\n<td>GB,JIS,AAMA,BS,EN,AS\/NZS,AA<\/td>\n<\/tr>\n<\/table>\n<h2>Na\u0161e v\u00fdrobn\u00ed z\u00e1kladna<\/h2>\n<h3>Panorama tov\u00e1rny<\/h3>\n<p><img decoding=\"async\" src=\"\/wp-content\/uploads\/factory-01.webp\"\/><\/p>\n<h3>D\u00edlna na v\u00fdrobu hlin\u00edkov\u00fdch ty\u010d\u00ed<\/h3>\n<p><img decoding=\"async\" src=\"\/wp-content\/uploads\/factory-02.webp\"\/><\/p>\n<p><img decoding=\"async\" src=\"\/wp-content\/uploads\/factory-03.webp\"\/><\/p>\n<h3>Sklad pl\u00edsn\u00ed<\/h3>\n<p><img decoding=\"async\" src=\"\/wp-content\/uploads\/factory-04.webp\"\/><\/p>\n<h3>43 linek na vytla\u010dov\u00e1n\u00ed hlin\u00edku (500 - 5500 tun)<\/h3>\n<p><img decoding=\"async\" src=\"\/wp-content\/uploads\/factory-05.webp\"\/><\/p>\n<p><img decoding=\"async\" src=\"\/wp-content\/uploads\/factory-06.webp\"\/><\/p>\n<p><img decoding=\"async\" src=\"\/wp-content\/uploads\/factory-07.webp\"\/><\/p>\n<h3>D\u00edlna pr\u00e1\u0161kov\u00e9ho lakov\u00e1n\u00ed<\/h3>\n<p><img decoding=\"async\" src=\"\/wp-content\/uploads\/factory-09.webp\"\/><\/p>\n<h3>D\u00edlna eloxov\u00e1n\u00ed<\/h3>\n<p><img decoding=\"async\" src=\"\/wp-content\/uploads\/factory-10.webp\"\/><\/p>\n<h3>Workshop o hloubkov\u00e9m zpracov\u00e1n\u00ed<\/h3>\n<p><img decoding=\"async\" src=\"\/wp-content\/uploads\/factory-11.webp\"\/><\/p>\n<h3>D\u00edlna CNC p\u0159esn\u00e9ho obr\u00e1b\u011bn\u00ed<\/h3>\n<p><img decoding=\"async\" src=\"\/wp-content\/uploads\/factory-11.5.webp\"\/><\/p>\n<h3>Sklad hotov\u00fdch v\u00fdrobk\u016f a exportn\u00ed sklad<\/h3>\n<p><img decoding=\"async\" src=\"\/wp-content\/uploads\/factory-12.webp\"\/><\/p>\n<p><img decoding=\"async\" src=\"\/wp-content\/uploads\/factory-13.webp\"\/><\/p>\n<p><img decoding=\"async\" src=\"\/wp-content\/uploads\/factory-14.webp\"\/><\/p>\n<h2>\u010cASTO KLADEN\u00c9 DOTAZY<\/h2>\n<p><p><b>1.Jak\u00e9 jsou hlavn\u00ed v\u00fdhody chladi\u010de hlin\u00edkov\u00e9ho elektronick\u00e9ho krytu?<\/b><\/p>\n<p>Hlin\u00edkov\u00fd chladi\u010d elektronick\u00e9ho krytu poskytuje \u00fa\u010dinn\u00fd odvod tepla, trvanlivost, odolnost proti korozi a p\u0159izp\u016fsobiteln\u00e9 mo\u017enosti ochrany citliv\u00fdch elektronick\u00fdch sou\u010d\u00e1stek.<br \/>\n<\/p><br \/>\n<br \/>\n<p><b>2.Jak hlin\u00edkov\u00fd materi\u00e1l zlep\u0161uje v\u00fdkon chladi\u010de?<\/b><\/p>\n<p>Hlin\u00edk je d\u00edky sv\u00fdm lehk\u00fdm, odoln\u00fdm a korozivzdorn\u00fdm vlastnostem ide\u00e1ln\u00edm materi\u00e1lem pro dlouhodob\u00fd a \u00fa\u010dinn\u00fd odvod tepla.<br \/>\n<\/p><br \/>\n<br \/>\n<p><b>3.Lze chladi\u010d hlin\u00edkov\u00e9ho elektronick\u00e9ho krytu p\u0159izp\u016fsobit pro konkr\u00e9tn\u00ed aplikace?<\/b><\/p>\n<p>Ano, konstrukci lze p\u0159izp\u016fsobit tak, aby spl\u0148ovala specifick\u00e9 po\u017eadavky na velikost, tvar a chlazen\u00ed pro r\u016fzn\u00e9 elektronick\u00e9 aplikace.<br \/>\n<\/p><br \/>\n<br \/>\n<p><b>4.Jak chladi\u010d zaji\u0161\u0165uje optim\u00e1ln\u00ed chlazen\u00ed elektronick\u00fdch komponent?<\/b><\/p>\n<p>Jeho \u00fa\u010dinn\u00e1 konstrukce maximalizuje plochu a proud\u011bn\u00ed vzduchu, \u010d\u00edm\u017e \u00fa\u010dinn\u011b odv\u00e1d\u00ed teplo a udr\u017euje stabilitu a v\u00fdkon elektronick\u00fdch komponent.<br \/>\n<\/p><br \/>\n<br \/>\n<p><b>5.Je hlin\u00edkov\u00fd chladi\u010d elektronick\u00e9 sk\u0159\u00edn\u011b odoln\u00fd proti korozi?<\/b><\/p>\n<p>Ano, hlin\u00edkov\u00fd povrch odoln\u00fd proti korozi zaji\u0161\u0165uje, \u017ee si chladi\u010d zachov\u00e1 sv\u016fj v\u00fdkon a vzhled i v n\u00e1ro\u010dn\u00fdch podm\u00ednk\u00e1ch.<br \/>\n<\/p><br \/>\n<br \/>\n<p><b>6.Jak n\u00e1kladov\u011b efektivn\u00ed je hlin\u00edkov\u00fd chladi\u010d elektronick\u00e9 sk\u0159\u00edn\u011b?<\/b><\/p>\n<p>Nab\u00edz\u00ed n\u00e1kladov\u011b efektivn\u00ed \u0159e\u0161en\u00ed d\u00edky kombinaci \u0159\u00edzen\u00ed tepla a odoln\u00e9ho materi\u00e1lu za p\u0159ijatelnou cenu, co\u017e sni\u017euje pot\u0159ebu dal\u0161\u00edch chladic\u00edch syst\u00e9m\u016f.<br \/>\n<\/p><br \/>\n<br \/>\n<p><b>7.Jak\u00e1 odv\u011btv\u00ed pou\u017e\u00edvaj\u00ed chladi\u010d hlin\u00edkov\u00e9 elektronick\u00e9 sk\u0159\u00edn\u011b?<\/b><\/p>\n<p>B\u011b\u017en\u011b se pou\u017e\u00edv\u00e1 v elektronice, telekomunikac\u00edch, nap\u00e1jec\u00edch zdroj\u00edch a dal\u0161\u00edch odv\u011btv\u00edch, kter\u00e1 vy\u017eaduj\u00ed efektivn\u00ed \u0159\u00edzen\u00ed tepla pro citliv\u00e9 komponenty.<br \/>\n<\/p><br \/><\/p>","protected":false},"featured_media":7931,"template":"","categories":[54],"class_list":["post-7932","product","type-product","status-publish","has-post-thumbnail","hentry","category-industrial-aluminum-profiles"],"meta_box":{"hilight_text_group":{"product_hilight_text":"<li>Efficient heat dissipation design, ensuring optimal cooling for electronic components.<\/li>\r\r\n<li>Durable aluminum construction, providing both strength and lightweight handling.<\/li>\r\r\n<li>Corrosion-resistant surface, ensuring long-term reliability in various environmental conditions.<\/li>\r\r\n<li>Compact and customizable design, ideal for protecting sensitive electronic circuits and components.<\/li>\r\r\n<li>Cost-effective solution for electronic enclosures with integrated heat management capabilities.<\/li>","product_chanpin_blog":"<ul>\r\r\n<li><a href=\"https:\/\/sinoextrud.com\/t-slot-v-slot-differences\/\" target=\"_blank\">t slot vs v slot<\/a><\/li>\r\r\n<li><a href=\"https:\/\/sinoextrud.com\/what-is-4040-aluminium-extrud\/\" target=\"_blank\">4040 aluminium extrusion<\/a><\/li>\r\r\n<li><a href=\"https:\/\/sinoextrud.com\/what-is-4040-aluminium-extrud\/\" target=\"_blank\">aluminum extrusions for industrial racks<\/a><\/li>\r\r\n<li><a href=\"https:\/\/sinoextrud.com\/powder-coating-aluminium-process\/\" target=\"_blank\">powder coating aluminium<\/a><\/li>\r\r\n<li><a href=\"https:\/\/sinoextrud.com\/what-is-an-aluminium-strip-ceiling\/\" target=\"_blank\">aluminium strip ceiling<\/a><\/li>\r\r\n<li><a href=\"https:\/\/sinoextrud.com\/what-is-a-heat-sink\/\" target=\"_blank\">what is a heat sink<\/a><\/li>\r\r\n<\/ul>","product_chanpin_chanpin":"<li><a href=\"https:\/\/sinoextrud.com\/product\/aluminium-solar-frame-profile\/\" target=\"_blank\">Aluminium Solar Frame Profile<\/a><\/li>\r\n<li><a href=\"https:\/\/sinoextrud.com\/product\/aluminium-solar-profile\/\" target=\"_blank\">Aluminium Solar Profile<\/a><\/li>\r\n<li><a href=\"https:\/\/sinoextrud.com\/product\/aluminium-t-extrusion\/\" target=\"_blank\">Aluminium T Extrusion<\/a><\/li>\r\n<li><a href=\"https:\/\/sinoextrud.com\/product\/aluminium-t-track-extrusions\/\" target=\"_blank\">Aluminium T Track Extrusions<\/a><\/li>\r\n<li><a href=\"https:\/\/sinoextrud.com\/product\/aluminum-electronic-enclosure-heatsink\/\" target=\"_blank\">Aluminum Electronic Enclosure heatsink<\/a><\/li>\r\n<li><a href=\"https:\/\/sinoextrud.com\/product\/aluminum-extruded-profile-for-5g-communication-instrument\/\" target=\"_blank\">Aluminum Extruded Profile For 5G Communication Instrument<\/a><\/li>\r\n<li><a href=\"https:\/\/sinoextrud.com\/product\/aluminum-extrusion-framing-components\/\" target=\"_blank\">Aluminum Extrusion Framing Components<\/a><\/li>\r\n<li><a href=\"https:\/\/sinoextrud.com\/product\/aluminum-extrusion-heat-profiles-sink\/\" target=\"_blank\">Aluminum Extrusion Heat Profiles Sink<\/a><\/li>\r\n<li><a href=\"https:\/\/sinoextrud.com\/product\/aluminum-extrusion-housing\/\" target=\"_blank\">Aluminum Extrusion Housing<\/a><\/li>\r\n<li><a href=\"https:\/\/sinoextrud.com\/product\/anodizing-housings-large-aluminum-extrusions\/\" target=\"_blank\">Anodizing Housings Large Aluminum Extrusions<\/a><\/li>\r\n<li><a href=\"https:\/\/sinoextrud.com\/product\/cnc-aluminium\/\" target=\"_blank\">Cnc Aluminium<\/a><\/li>"},"feature_list":[]},"_links":{"self":[{"href":"https:\/\/sinoextrud.com\/cs\/wp-json\/wp\/v2\/product\/7932","targetHints":{"allow":["GET"]}}],"collection":[{"href":"https:\/\/sinoextrud.com\/cs\/wp-json\/wp\/v2\/product"}],"about":[{"href":"https:\/\/sinoextrud.com\/cs\/wp-json\/wp\/v2\/types\/product"}],"wp:featuredmedia":[{"embeddable":true,"href":"https:\/\/sinoextrud.com\/cs\/wp-json\/wp\/v2\/media\/7931"}],"wp:attachment":[{"href":"https:\/\/sinoextrud.com\/cs\/wp-json\/wp\/v2\/media?parent=7932"}],"wp:term":[{"taxonomy":"category","embeddable":true,"href":"https:\/\/sinoextrud.com\/cs\/wp-json\/wp\/v2\/categories?post=7932"}],"curies":[{"name":"wp","href":"https:\/\/api.w.org\/{rel}","templated":true}]}}