{"id":7924,"date":"2025-06-11T07:11:44","date_gmt":"2025-06-11T07:11:44","guid":{"rendered":"https:\/\/sinoextrud.com\/product\/aluminium-solar-frame-profile\/"},"modified":"2025-06-24T06:14:07","modified_gmt":"2025-06-24T06:14:07","slug":"hlinikovy-ramovy-profil","status":"publish","type":"product","link":"https:\/\/sinoextrud.com\/cs\/product\/aluminium-solar-frame-profile\/","title":{"rendered":"Profil hlin\u00edkov\u00e9ho sol\u00e1rn\u00edho r\u00e1mu"},"content":{"rendered":"<h2>Podrobnosti o produktech<\/h2>\n<table class=\"custom-table\">\n<tr>\n<td class=\"label\">N\u00e1zev produktu:<\/td>\n<td>Profil hlin\u00edkov\u00e9ho sol\u00e1rn\u00edho r\u00e1mu<\/td>\n<\/tr>\n<tr>\n<td class=\"label\">Typ podnik\u00e1n\u00ed:<\/td>\n<td>V\u00fdrobce<\/td>\n<\/tr>\n<tr>\n<td class=\"label\">Vytla\u010dovac\u00ed linka:<\/td>\n<td>7 vytla\u010dovac\u00edch linek a m\u011bs\u00ed\u010dn\u00ed produkce m\u016f\u017ee dos\u00e1hnout 15 000 tun.<\/td>\n<\/tr>\n<tr>\n<td class=\"label\">V\u00fdrobn\u00ed linka:<\/td>\n<td>1 linka na eloxov\u00e1n\u00ed, 1 linka na pr\u00e1\u0161kov\u00e9 lakov\u00e1n\u00ed, 1 linka na d\u0159evo.<\/td>\n<\/tr>\n<tr>\n<td class=\"label\">Kapacita v\u00fdrobku:<\/td>\n<td>M\u011bs\u00ed\u010dn\u00ed produkce eloxovac\u00ed elektrofor\u00e9zy je 15 000 tun.<\/td>\n<\/tr>\n<tr>\n<td class=\"label\">Slitina:<\/td>\n<td>6063\/6061\/6005\/6060\/7005. (Speci\u00e1ln\u00ed slitina m\u016f\u017ee b\u00fdt vyrobena na z\u00e1klad\u011b va\u0161ich po\u017eadavk\u016f.)<\/td>\n<\/tr>\n<tr>\n<td class=\"label\">M\u00edrnost:<\/td>\n<td>T5\/T6\/T4<\/td>\n<\/tr>\n<tr>\n<td class=\"label\">Standardn\u00ed:<\/td>\n<td>\u010c\u00edna GB vysoce p\u0159esn\u00fd standard.<\/td>\n<\/tr>\n<tr>\n<td class=\"label\">Tlou\u0161\u0165ka:<\/td>\n<td>Na z\u00e1klad\u011b va\u0161ich po\u017eadavk\u016f.<\/td>\n<\/tr>\n<tr>\n<td class=\"label\">D\u00e9lka:<\/td>\n<td>5,8 m je vhodn\u00e9 pro nakl\u00e1dku a rozvoz. M\u016f\u017eeme vyrobit libovolnou d\u00e9lku.<\/td>\n<\/tr>\n<tr>\n<td class=\"label\">MOQ:<\/td>\n<td>Obvykle 2 tuny. Obvykle 10 ~ 12 tun pro 1*20GP a 20 ~ 23 tun pro 1*40HQ.<\/td>\n<\/tr>\n<tr>\n<td class=\"label\">Povrchov\u00e1 \u00faprava:<\/td>\n<td>Fr\u00e9zov\u00e1n\u00ed, eloxov\u00e1n\u00ed, pr\u00e1\u0161kov\u00e9 lakov\u00e1n\u00ed, d\u0159ev\u011bn\u00e1 struktura, le\u0161t\u011bn\u00ed, kart\u00e1\u010dov\u00e1n\u00ed, elektrofor\u00e9za.<\/td>\n<\/tr>\n<tr>\n<td class=\"label\">Barva, kterou um\u00edme:<\/td>\n<td>St\u0159\u00edbrn\u00e1, \u010dern\u00e1, b\u00edl\u00e1, bronzov\u00e1, \u0161ampa\u0148sk\u00e1, zelen\u00e1, \u0161ed\u00e1, zlato\u017elut\u00e1, niklov\u00e1 nebo na zak\u00e1zku.<\/td>\n<\/tr>\n<tr>\n<td class=\"label\">Tlou\u0161\u0165ka f\u00f3lie:<\/td>\n<td>Eloxovan\u00e9:<br \/>\nNa m\u00edru. Obvykl\u00e1 tlou\u0161\u0165ka: \u22658 um.<\/td>\n<\/tr>\n<tr>\n<td class=\"label\">Pr\u00e1\u0161kov\u00e9 lakov\u00e1n\u00ed:<\/td>\n<td>Na m\u00edru. Norm\u00e1ln\u00ed tlou\u0161\u0165ka: 40-120 um.<\/td>\n<\/tr>\n<tr>\n<td class=\"label\">Komplexn\u00ed film pro elektrofor\u00e9zu:<\/td>\n<td>Norm\u00e1ln\u00ed tlou\u0161\u0165ka: 16 um.<\/td>\n<\/tr>\n<tr>\n<td class=\"label\">Zrnitost d\u0159eva:<\/td>\n<td>Na m\u00edru. Obvykl\u00e1 tlou\u0161\u0165ka: 60-120 um.<\/td>\n<\/tr>\n<tr>\n<td class=\"label\">Materi\u00e1l d\u0159eva:<\/td>\n<td>a). Dov\u00e1\u017een\u00fd italsk\u00fd pap\u00edr pro transferov\u00fd tisk MENPHIS.<br \/>\nb). Vysoce kvalitn\u00ed \u010d\u00ednsk\u00fd p\u0159enosov\u00fd pap\u00edr zna\u010dky.<br \/>\nc). Rozd\u00edln\u00e9 ceny.<\/td>\n<\/tr>\n<tr>\n<td class=\"label\">Chemick\u00e9 slo\u017een\u00ed a v\u00fdkon:<\/td>\n<td>Proveden\u00ed a spln\u011bn\u00ed vysok\u00e9 \u00farovn\u011b p\u0159esnosti podle GB \u010c\u00edny.<\/td>\n<\/tr>\n<tr>\n<td class=\"label\">Obr\u00e1b\u011bn\u00ed:<\/td>\n<td>\u0158ez\u00e1n\u00ed, d\u011brov\u00e1n\u00ed, vrt\u00e1n\u00ed, oh\u00fdb\u00e1n\u00ed, sva\u0159ov\u00e1n\u00ed, fr\u00e9zov\u00e1n\u00ed, CNC atd.<\/td>\n<\/tr>\n<tr>\n<td class=\"label\">Balen\u00ed:<\/td>\n<td>Plastov\u00e1 f\u00f3lie a kraftov\u00fd pap\u00edr. V p\u0159\u00edpad\u011b pot\u0159eby je mo\u017en\u00e9 pou\u017e\u00edt i ochrannou f\u00f3lii pro ka\u017ed\u00fd kus profilu.<\/td>\n<\/tr>\n<tr>\n<td class=\"label\">P\u0159\u00edstav dod\u00e1n\u00ed:<\/td>\n<td>Guangzhou, Foshan, Shenzhen<\/td>\n<\/tr>\n<tr>\n<td class=\"label\">OEM:<\/td>\n<td>K dispozici.<\/td>\n<\/tr>\n<\/table>\n<h2>Na\u0161e v\u00fdrobn\u00ed z\u00e1kladna<\/h2>\n<h3>Panorama tov\u00e1rny<\/h3>\n<p><img decoding=\"async\" src=\"\/wp-content\/uploads\/factory-01.webp\"\/><\/p>\n<h3>D\u00edlna na v\u00fdrobu hlin\u00edkov\u00fdch ty\u010d\u00ed<\/h3>\n<p><img decoding=\"async\" src=\"\/wp-content\/uploads\/factory-02.webp\"\/><\/p>\n<\/p>\n<p><img decoding=\"async\" src=\"\/wp-content\/uploads\/factory-03.webp\"\/><\/p>\n<h3>Sklad pl\u00edsn\u00ed<\/h3>\n<p><img decoding=\"async\" src=\"\/wp-content\/uploads\/factory-04.webp\"\/><\/p>\n<h3>43 linek na vytla\u010dov\u00e1n\u00ed hlin\u00edku (500-5500 tun)<\/h3>\n<p><img decoding=\"async\" src=\"\/wp-content\/uploads\/factory-05.webp\"\/><\/p>\n<p><img decoding=\"async\" src=\"\/wp-content\/uploads\/factory-06.webp\"\/><\/p>\n<p><img decoding=\"async\" src=\"\/wp-content\/uploads\/factory-07.webp\"\/><\/p>\n<h3>D\u00edlna pr\u00e1\u0161kov\u00e9ho lakov\u00e1n\u00ed<\/h3>\n<p><img decoding=\"async\" src=\"\/wp-content\/uploads\/factory-09.webp\"\/><\/p>\n<h3>D\u00edlna eloxov\u00e1n\u00ed<\/h3>\n<p><img decoding=\"async\" src=\"\/wp-content\/uploads\/factory-10.webp\"\/><\/p>\n<h3>Workshop o hloubkov\u00e9m zpracov\u00e1n\u00ed<\/h3>\n<p><img decoding=\"async\" src=\"\/wp-content\/uploads\/factory-11.webp\"\/><\/p>\n<h3>D\u00edlna CNC p\u0159esn\u00e9ho obr\u00e1b\u011bn\u00ed<\/h3>\n<p><img decoding=\"async\" src=\"\/wp-content\/uploads\/factory-11.5.webp\"\/><\/p>\n<h3>Sklad hotov\u00fdch v\u00fdrobk\u016f a exportn\u00ed sklad<\/h3>\n<p><img decoding=\"async\" src=\"\/wp-content\/uploads\/factory-12.webp\"\/><\/p>\n<p><img decoding=\"async\" src=\"\/wp-content\/uploads\/factory-13.webp\"\/><\/p>\n<p><img decoding=\"async\" src=\"\/wp-content\/uploads\/factory-14.webp\"\/><\/p>\n<h2>\u010cASTO KLADEN\u00c9 DOTAZY<\/h2>\n<p><b>1.Pro\u010d je hlin\u00edkov\u00fd sol\u00e1rn\u00ed r\u00e1mov\u00fd profil ide\u00e1ln\u00ed pro mont\u00e1\u017e sol\u00e1rn\u00edch panel\u016f? <\/b><\/p>\n<p> Hlin\u00edkov\u00e9 profily sol\u00e1rn\u00edch r\u00e1m\u016f nab\u00edzej\u00ed pevnou podporu odolnou proti korozi, tak\u017ee jsou ide\u00e1ln\u00ed pro bezpe\u010dnou mont\u00e1\u017e sol\u00e1rn\u00edch panel\u016f a z\u00e1rove\u0148 zaji\u0161\u0165uj\u00ed dlouhodobou \u017eivotnost.\n<\/p>\n<p><\/p>\n<p><b>2.Can hlin\u00edkov\u00fd sol\u00e1rn\u00ed r\u00e1m profil b\u00fdt p\u0159izp\u016fsoben? <\/b><\/p>\n<p> Ano, tyto profily lze p\u0159izp\u016fsobit velikosti, tvaru a designu tak, aby spl\u0148ovaly specifick\u00e9 po\u017eadavky projekt\u016f instalace sol\u00e1rn\u00edch panel\u016f.\n<\/p>\n<p><\/p>\n<p><b>3.Jak odoln\u00fd je hlin\u00edkov\u00fd sol\u00e1rn\u00ed r\u00e1mov\u00fd profil? <\/b><\/p>\n<p> Hlin\u00edkov\u00e9 sol\u00e1rn\u00ed r\u00e1mov\u00e9 profily jsou d\u00edky sv\u00e9 odolnosti proti korozi vysoce trvanliv\u00e9 a zaji\u0161\u0165uj\u00ed spolehliv\u00fd v\u00fdkon p\u0159i pou\u017eit\u00ed v interi\u00e9ru i exteri\u00e9ru.\n<\/p>\n<p><\/p>\n<p><b>4.Jak\u00e1 pr\u016fmyslov\u00e1 odv\u011btv\u00ed maj\u00ed prosp\u011bch z pou\u017e\u00edv\u00e1n\u00ed hlin\u00edkov\u00fdch sol\u00e1rn\u00edch r\u00e1mov\u00fdch profil\u016f? <\/b><\/p>\n<p> Odv\u011btv\u00ed obnoviteln\u00fdch zdroj\u016f energie, v\u010detn\u011b instal\u00e1tor\u016f sol\u00e1rn\u00edch panel\u016f, v\u00fdrobc\u016f a poskytovatel\u016f energie, t\u011b\u017e\u00ed z pevnosti a \u00fa\u010dinnosti t\u011bchto profil\u016f.\n<\/p>\n<p><\/p>\n<p><b>5.Je instalace hlin\u00edkov\u00fdch sol\u00e1rn\u00edch r\u00e1mov\u00fdch profil\u016f snadn\u00e1? <\/b><\/p>\n<p> Ano, tyto profily jsou navr\u017eeny pro snadnou instalaci, \u010d\u00edm\u017e se zkracuje doba p\u0159\u00edpravy a sni\u017euj\u00ed se n\u00e1klady na pr\u00e1ci p\u0159i mont\u00e1\u017ei sol\u00e1rn\u00edch panel\u016f.\n<\/p>\n<p><\/p>\n<p><b>6.Jak hlin\u00edkov\u00fd sol\u00e1rn\u00ed r\u00e1mov\u00fd profil zvy\u0161uje \u00fa\u010dinnost sol\u00e1rn\u00edch panel\u016f? <\/b><\/p>\n<p> Profil r\u00e1mu poskytuje bezpe\u010dnou oporu a usnad\u0148uje lep\u0161\u00ed odvod tepla, \u010d\u00edm\u017e zaji\u0161\u0165uje, \u017ee sol\u00e1rn\u00ed panely pracuj\u00ed p\u0159i optim\u00e1ln\u00edch teplot\u00e1ch pro maxim\u00e1ln\u00ed energetick\u00fd v\u00fdkon.\n<\/p>\n<p><\/p>\n<p><b>7.Je hlin\u00edkov\u00fd sol\u00e1rn\u00ed r\u00e1mov\u00fd profil \u0161etrn\u00fd k \u017eivotn\u00edmu prost\u0159ed\u00ed? <\/b><\/p>\n<p> Ano, hlin\u00edk je pln\u011b recyklovateln\u00fd, co\u017e z n\u011bj \u010din\u00ed ekologicky \u0161etrnou volbu pro udr\u017eiteln\u00e1 \u0159e\u0161en\u00ed mont\u00e1\u017ee sol\u00e1rn\u00edch panel\u016f.\n<\/p>\n<p><\/p>","protected":false},"featured_media":7923,"template":"","categories":[54],"class_list":["post-7924","product","type-product","status-publish","has-post-thumbnail","hentry","category-industrial-aluminum-profiles"],"meta_box":{"hilight_text_group":{"product_hilight_text":"<li>Durable aluminium solar frame profile designed for mounting and securing solar panels<\/li>\r\r\n<li>Corrosion-resistant, ensuring longevity and reliability in all weather conditions<\/li>\r\r\n<li>Lightweight yet strong, offering a stable and secure foundation for solar panel installations<\/li>\r\r\n<li>Customizable sizes and designs to fit various solar panel mounting systems and configurations<\/li>\r\r\n<li>Efficient heat dissipation, improving the overall performance and lifespan of solar panels<\/li>\r\r\n<li>Easy to install and adjust, reducing setup time and labor costs during installation<\/li>\r\r\n<li>Environmentally friendly, as aluminium is fully recyclable and contributes to sustainable energy solutions<\/li>","product_chanpin_blog":"<ul>\r\r\n<li><a href=\"https:\/\/sinoextrud.com\/t-slot-v-slot-differences\/\" target=\"_blank\">t slot vs v slot<\/a><\/li>\r\r\n<li><a href=\"https:\/\/sinoextrud.com\/what-is-4040-aluminium-extrud\/\" target=\"_blank\">4040 aluminium extrusion<\/a><\/li>\r\r\n<li><a href=\"https:\/\/sinoextrud.com\/what-is-4040-aluminium-extrud\/\" target=\"_blank\">aluminum extrusions for industrial racks<\/a><\/li>\r\r\n<li><a href=\"https:\/\/sinoextrud.com\/powder-coating-aluminium-process\/\" target=\"_blank\">powder coating aluminium<\/a><\/li>\r\r\n<li><a href=\"https:\/\/sinoextrud.com\/what-is-an-aluminium-strip-ceiling\/\" target=\"_blank\">aluminium strip ceiling<\/a><\/li>\r\r\n<li><a href=\"https:\/\/sinoextrud.com\/what-is-a-heat-sink\/\" target=\"_blank\">what is a heat sink<\/a><\/li>\r\r\n<\/ul>","product_chanpin_chanpin":"<li><a href=\"https:\/\/sinoextrud.com\/product\/aluminium-extrusion-profile-for-led-light-strip-heat-sink\/\" target=\"_blank\">Aluminium Extrusion Profile For LED Light Strip Heat Sink<\/a><\/li>\r\n<li><a href=\"https:\/\/sinoextrud.com\/product\/aluminium-industrial-profile\/\" target=\"_blank\">Aluminium Industrial Profile<\/a><\/li>\r\n<li><a href=\"https:\/\/sinoextrud.com\/product\/aluminium-round-tube-aluminium-profile-with-series-3003-3001\/\" target=\"_blank\">Aluminium Round Tube Aluminium Profile With Series 3003 3001<\/a><\/li>\r\n<li><a href=\"https:\/\/sinoextrud.com\/product\/aluminium-slot-profile\/\" target=\"_blank\">Aluminium Slot Profile<\/a><\/li>\r\n<li><a href=\"https:\/\/sinoextrud.com\/product\/aluminium-solar-frame-profile\/\" target=\"_blank\">Aluminium Solar Frame Profile<\/a><\/li>\r\n<li><a href=\"https:\/\/sinoextrud.com\/product\/aluminium-solar-profile\/\" target=\"_blank\">Aluminium Solar Profile<\/a><\/li>\r\n<li><a href=\"https:\/\/sinoextrud.com\/product\/aluminium-t-extrusion\/\" target=\"_blank\">Aluminium T Extrusion<\/a><\/li>\r\n<li><a href=\"https:\/\/sinoextrud.com\/product\/aluminium-t-track-extrusions\/\" target=\"_blank\">Aluminium T Track Extrusions<\/a><\/li>\r\n<li><a href=\"https:\/\/sinoextrud.com\/product\/aluminum-electronic-enclosure-heatsink\/\" target=\"_blank\">Aluminum Electronic Enclosure heatsink<\/a><\/li>\r\n<li><a href=\"https:\/\/sinoextrud.com\/product\/aluminum-profile-for-kitchen-cabinet-accesory-manufacture-price\/\" target=\"_blank\">Aluminum Profile For Kitchen Cabinet Accesory Manufacture Price<\/a><\/li>\r\n<li><a href=\"https:\/\/sinoextrud.com\/product\/y-section-aluminium-extrusion\/\" target=\"_blank\">Y Section Aluminium Extrusion<\/a><\/li>"},"feature_list":[]},"_links":{"self":[{"href":"https:\/\/sinoextrud.com\/cs\/wp-json\/wp\/v2\/product\/7924","targetHints":{"allow":["GET"]}}],"collection":[{"href":"https:\/\/sinoextrud.com\/cs\/wp-json\/wp\/v2\/product"}],"about":[{"href":"https:\/\/sinoextrud.com\/cs\/wp-json\/wp\/v2\/types\/product"}],"wp:featuredmedia":[{"embeddable":true,"href":"https:\/\/sinoextrud.com\/cs\/wp-json\/wp\/v2\/media\/7923"}],"wp:attachment":[{"href":"https:\/\/sinoextrud.com\/cs\/wp-json\/wp\/v2\/media?parent=7924"}],"wp:term":[{"taxonomy":"category","embeddable":true,"href":"https:\/\/sinoextrud.com\/cs\/wp-json\/wp\/v2\/categories?post=7924"}],"curies":[{"name":"wp","href":"https:\/\/api.w.org\/{rel}","templated":true}]}}