{"id":7894,"date":"2025-06-11T06:26:36","date_gmt":"2025-06-11T06:26:36","guid":{"rendered":"https:\/\/sinoextrud.com\/product\/6083-aluminum-profile-aluminum-plate-profile-customization-marine-corrosion-resistant-aluminum-alloy-plate\/"},"modified":"2025-06-24T06:14:01","modified_gmt":"2025-06-24T06:14:01","slug":"6083-hlinikovy-profil-hlinikove-desky-profil-prizpusobeni-namorni-odolne-proti-korozi-hlinikove-slitiny-desky","status":"publish","type":"product","link":"https:\/\/sinoextrud.com\/cs\/product\/6083-aluminum-profile-aluminum-plate-profile-customization-marine-corrosion-resistant-aluminum-alloy-plate\/","title":{"rendered":"6083 Hlin\u00edkov\u00fd profil Hlin\u00edkov\u00e1 deska Profil P\u0159izp\u016fsoben\u00ed Marine odoln\u00fd proti korozi hlin\u00edkov\u00e9 slitiny desky"},"content":{"rendered":"<h2>Podrobnosti o produktech<\/h2>\n<table class=\"custom-table\">\n<tbody>\n<tr>\n<td> Produkt<\/td>\n<td> 6083 Hlin\u00edkov\u00fd profil Hlin\u00edkov\u00e1 deska Profil P\u0159izp\u016fsoben\u00ed Marine odoln\u00fd proti korozi hlin\u00edkov\u00e9 slitiny desky<\/td>\n<\/tr>\n<tr>\n<td> Materi\u00e1l<\/td>\n<td> Hlin\u00edk \u0159ady 6000<\/td>\n<\/tr>\n<tr>\n<td> Temperament<\/td>\n<td> T4~T6<\/td>\n<\/tr>\n<tr>\n<td> Tvar<\/td>\n<td> \u010ctvercov\u00fd nebo na m\u00edru<\/td>\n<\/tr>\n<tr>\n<td> Povrchov\u00e1 \u00faprava<\/td>\n<td> Eloxovan\u00e9, elektrofor\u00e9za, le\u0161t\u011bn\u00e9<\/td>\n<\/tr>\n<tr>\n<td> Barvy<\/td>\n<td> Ref pr\u00e1\u0161kov\u00e9 lakov\u00e1n\u00ed barevn\u00fd list a p\u0159izp\u016fsoben\u00e9 barvy k dispozici<\/td>\n<\/tr>\n<tr>\n<td> Aplikace<\/td>\n<td> Boat Marine Yachat<\/td>\n<\/tr>\n<tr>\n<td> Certifik\u00e1t<\/td>\n<td> CQM, SGS, CE, BV, SONCAP \/ GB, ISO, JIS, AS, NZS, QUALICOAT, QUOLANOD k dispozici<\/td>\n<\/tr>\n<\/tbody>\n<\/table>\n<h2>Na\u0161e v\u00fdrobn\u00ed z\u00e1kladna<\/h2>\n<h3>Panorama tov\u00e1rny<\/h3>\n<p><img decoding=\"async\" src=\"\/wp-content\/uploads\/factory-01.webp\"\/><\/p>\n<h3>D\u00edlna na v\u00fdrobu hlin\u00edkov\u00fdch ty\u010d\u00ed<\/h3>\n<p><img decoding=\"async\" src=\"\/wp-content\/uploads\/factory-02.webp\"\/><\/p>\n<p><img decoding=\"async\" src=\"\/wp-content\/uploads\/factory-03.webp\"\/><\/p>\n<h3>Sklad pl\u00edsn\u00ed<\/h3>\n<p><img decoding=\"async\" src=\"\/wp-content\/uploads\/factory-04.webp\"\/><\/p>\n<h3>43 linek na vytla\u010dov\u00e1n\u00ed hlin\u00edku (500 - 5500 tun)<\/h3>\n<p><img decoding=\"async\" src=\"\/wp-content\/uploads\/factory-05.webp\"\/><\/p>\n<p><img decoding=\"async\" src=\"\/wp-content\/uploads\/factory-06.webp\"\/><\/p>\n<p><img decoding=\"async\" src=\"\/wp-content\/uploads\/factory-07.webp\"\/><\/p>\n<h3>D\u00edlna pr\u00e1\u0161kov\u00e9ho lakov\u00e1n\u00ed<\/h3>\n<p><img decoding=\"async\" src=\"\/wp-content\/uploads\/factory-09.webp\"\/><\/p>\n<h3>D\u00edlna eloxov\u00e1n\u00ed<\/h3>\n<p><img decoding=\"async\" src=\"\/wp-content\/uploads\/factory-10.webp\"\/><\/p>\n<h3>Workshop o hloubkov\u00e9m zpracov\u00e1n\u00ed<\/h3>\n<p><img decoding=\"async\" src=\"\/wp-content\/uploads\/factory-11.webp\"\/><\/p>\n<h3>D\u00edlna CNC p\u0159esn\u00e9ho obr\u00e1b\u011bn\u00ed<\/h3>\n<p><img decoding=\"async\" src=\"\/wp-content\/uploads\/factory-11.5.webp\"\/><\/p>\n<h3>Sklad hotov\u00fdch v\u00fdrobk\u016f a exportn\u00ed sklad<\/h3>\n<p><img decoding=\"async\" src=\"\/wp-content\/uploads\/factory-12.webp\"\/><\/p>\n<p><img decoding=\"async\" src=\"\/wp-content\/uploads\/factory-13.webp\"\/><\/p>\n<p><img decoding=\"async\" src=\"\/wp-content\/uploads\/factory-14.webp\"\/><\/p>\n<h2>\u010cASTO KLADEN\u00c9 DOTAZY<\/h2>\n<p><p><b>1.Pro\u010d je hlin\u00edkov\u00fd profil 6083 ide\u00e1ln\u00ed pro n\u00e1mo\u0159n\u00ed aplikace? <\/b><\/p>\n<p>Hlin\u00edkov\u00fd profil 6083 m\u00e1 v\u00fdjime\u010dnou odolnost proti korozi, tak\u017ee je ide\u00e1ln\u00ed pro pou\u017eit\u00ed v mo\u0159sk\u00e9m prost\u0159ed\u00ed vystaven\u00e9m slan\u00e9 vod\u011b a drsn\u00e9mu po\u010das\u00ed.<br \/>\n<\/p><br \/>\n<br \/>\n<p><b>2.Mohou b\u00fdt profily hlin\u00edkov\u00fdch desek p\u0159izp\u016fsobeny? <\/b><\/p>\n<p>Ano, hlin\u00edkov\u00e9 desky lze p\u0159izp\u016fsobit konkr\u00e9tn\u00edm rozm\u011br\u016fm a proveden\u00ed, aby spl\u0148ovaly po\u017eadavky projektu, a nab\u00edzej\u00ed tak flexibilitu a p\u0159esnost.<br \/>\n<\/p><br \/>\n<br \/>\n<p><b>3.Jak odolnost hlin\u00edku 6083 proti korozi zlep\u0161uje jeho v\u00fdkon? <\/b><\/p>\n<p>Korozivzdorn\u00e9 vlastnosti hlin\u00edku 6083 zaji\u0161\u0165uj\u00ed, \u017ee materi\u00e1l z\u016fst\u00e1v\u00e1 odoln\u00fd a funk\u010dn\u00ed i v n\u00e1ro\u010dn\u00fdch mo\u0159sk\u00fdch a pob\u0159e\u017en\u00edch podm\u00ednk\u00e1ch.<br \/>\n<\/p><br \/>\n<br \/>\n<p><b>4.Jak\u00e1 pr\u016fmyslov\u00e1 odv\u011btv\u00ed maj\u00ed prosp\u011bch z pou\u017e\u00edv\u00e1n\u00ed desek z hlin\u00edkov\u00e9 slitiny 6083? <\/b><\/p>\n<p>Hlin\u00edk 6083 je d\u00edky sv\u00e9 pevnosti, trvanlivosti a odolnosti proti korozi ide\u00e1ln\u00ed pro pr\u016fmyslov\u00e1 odv\u011btv\u00ed, jako je stavba lod\u00ed, pob\u0159e\u017en\u00ed stavby a v\u00fdroba n\u00e1mo\u0159n\u00edho vybaven\u00ed.<br \/>\n<\/p><br \/>\n<br \/>\n<p><b>5.Jak\u00fd p\u0159\u00ednos m\u00e1 lehk\u00e1 konstrukce hlin\u00edkov\u00e9ho profilu 6083 pro n\u00e1mo\u0159n\u00ed projekty? <\/b><\/p>\n<p>Lehk\u00fd hlin\u00edkov\u00fd profil sni\u017euje celkovou hmotnost konstrukc\u00ed a plavidel, \u010d\u00edm\u017e zlep\u0161uje v\u00fdkon, ovladatelnost a spot\u0159ebu paliva v n\u00e1mo\u0159n\u00edch projektech.<br \/>\n<\/p><br \/>\n<br \/>\n<p><b>6.Jak\u00e1 je v\u00fdhoda pou\u017eit\u00ed desek z hlin\u00edkov\u00e9 slitiny v n\u00e1mo\u0159n\u00edm vybaven\u00ed? <\/b><\/p>\n<p>Desky ze slitiny hlin\u00edku, jako je 6083, jsou pevn\u00e9, lehk\u00e9 a odoln\u00e9 proti korozi, tak\u017ee jsou velmi efektivn\u00ed p\u0159i vytv\u00e1\u0159en\u00ed odoln\u00e9ho n\u00e1mo\u0159n\u00edho vybaven\u00ed a konstrukc\u00ed.<br \/>\n<\/p><br \/>\n<br \/>\n<p><b>7.Je hlin\u00edkov\u00fd profil 6083 \u0161etrn\u00fd k \u017eivotn\u00edmu prost\u0159ed\u00ed? <\/b><\/p>\n<p>Ano, hlin\u00edk je recyklovateln\u00fd materi\u00e1l, tak\u017ee hlin\u00edkov\u00fd profil 6083 je ekologickou volbou, kter\u00e1 podporuje udr\u017eitelnost v n\u00e1mo\u0159n\u00edch a pr\u016fmyslov\u00fdch aplikac\u00edch.<br \/>\n<\/p><br \/><\/p>","protected":false},"featured_media":7893,"template":"","categories":[54],"class_list":["post-7894","product","type-product","status-publish","has-post-thumbnail","hentry","category-industrial-aluminum-profiles"],"meta_box":{"hilight_text_group":{"product_hilight_text":"<ul>\r\r\n  <li>6083 aluminum profile offers superior marine corrosion resistance, making it ideal for marine and coastal applications.<\/li>\r\r\n  <li>Customizable aluminum plate profiles to meet specific project needs, offering flexibility in size and design.<\/li>\r\r\n  <li>High-strength aluminum alloy ensures durability, capable of withstanding extreme conditions in marine environments.<\/li>\r\r\n  <li>Lightweight yet robust, providing excellent structural support while reducing weight in construction and marine projects.<\/li>\r\r\n  <li>Corrosion-resistant anodized finish further enhances the lifespan and performance of the aluminum plate in harsh marine environments.<\/li>\r\r\n  <li>Highly versatile material suitable for use in shipbuilding, offshore structures, and marine equipment manufacturing.<\/li>\r\r\n  <li>Eco-friendly and fully recyclable aluminum alloy, promoting sustainability in industrial and marine applications.<\/li>\r\r\n<\/ul>","product_chanpin_blog":"<ul>\r\r\n<li><a href=\"https:\/\/sinoextrud.com\/t-slot-v-slot-differences\/\" target=\"_blank\">t slot vs v slot<\/a><\/li>\r\r\n<li><a href=\"https:\/\/sinoextrud.com\/what-is-4040-aluminium-extrud\/\" target=\"_blank\">4040 aluminium extrusion<\/a><\/li>\r\r\n<li><a href=\"https:\/\/sinoextrud.com\/what-is-4040-aluminium-extrud\/\" target=\"_blank\">aluminum extrusions for industrial racks<\/a><\/li>\r\r\n<li><a href=\"https:\/\/sinoextrud.com\/powder-coating-aluminium-process\/\" target=\"_blank\">powder coating aluminium<\/a><\/li>\r\r\n<li><a href=\"https:\/\/sinoextrud.com\/what-is-an-aluminium-strip-ceiling\/\" target=\"_blank\">aluminium strip ceiling<\/a><\/li>\r\r\n<li><a href=\"https:\/\/sinoextrud.com\/what-is-a-heat-sink\/\" target=\"_blank\">what is a heat sink<\/a><\/li>\r\r\n<\/ul>","product_chanpin_chanpin":"<li><a href=\"https:\/\/sinoextrud.com\/product\/t-slot-aluminum-extursion\/\" target=\"_blank\">T-slot Aluminum Extursion<\/a><\/li>\r\n<li><a href=\"https:\/\/sinoextrud.com\/product\/2020-aluminum-extrusion-t-slot-aluminum-extrusion\/\" target=\"_blank\">2020 Aluminum Extrusion T Slot Aluminum Extrusion<\/a><\/li>\r\n<li><a href=\"https:\/\/sinoextrud.com\/product\/6063-anodized-road-case-aluminum-extrusions\/\" target=\"_blank\">6063 Anodized Road Case Aluminum Extrusions<\/a><\/li>\r\n<li><a href=\"https:\/\/sinoextrud.com\/product\/6063-t5-aluminum-profile-tslot-for-production-line\/\" target=\"_blank\">6063 t5 aluminum profile Tslot for production line<\/a><\/li>\r\n<li><a href=\"https:\/\/sinoextrud.com\/product\/6083-aluminum-profile-aluminum-plate-profile-customization-marine-corrosion-resistant-aluminum-alloy-plate\/\" target=\"_blank\">6083 Aluminum Profile Aluminum Plate Profile Customization Marine Corrosion-resistant Aluminum Alloy Plate<\/a><\/li>\r\n<li><a href=\"https:\/\/sinoextrud.com\/product\/60x60-aluminium-t-slot-frame-profile-extrusion-open-mold-industrial-track-coated-white-matte-v-slot\/\" target=\"_blank\">60\u00c3\u201460 aluminium t-slot frame profile extrusion open mold industrial track coated white matte v slot<\/a><\/li>\r\n<li><a href=\"https:\/\/sinoextrud.com\/product\/7-series-and-1-series-aluminum-beam-profile\/\" target=\"_blank\">7 Series And 1 Series Aluminum Beam Profile<\/a><\/li>\r\n<li><a href=\"https:\/\/sinoextrud.com\/product\/7003-7050-aluminum-profile-mechanical-parts\/\" target=\"_blank\">7003 7050 Aluminum Profile Mechanical Parts<\/a><\/li>\r\n<li><a href=\"https:\/\/sinoextrud.com\/product\/80-x-40-aluminium-extrusion-workshop-pipeline\/\" target=\"_blank\">80 x 40 Aluminium Extrusion Workshop Pipeline<\/a><\/li>\r\n<li><a href=\"https:\/\/sinoextrud.com\/product\/structural-aluminium-profiles\/\" target=\"_blank\">Structural Aluminium Profiles<\/a><\/li>\r\n<li><a href=\"https:\/\/sinoextrud.com\/product\/machined-aluminium-profiles-for-windows-and-doors\/\" target=\"_blank\">Machined Aluminium Profiles For Windows And Doors<\/a><\/li>"},"feature_list":[]},"_links":{"self":[{"href":"https:\/\/sinoextrud.com\/cs\/wp-json\/wp\/v2\/product\/7894","targetHints":{"allow":["GET"]}}],"collection":[{"href":"https:\/\/sinoextrud.com\/cs\/wp-json\/wp\/v2\/product"}],"about":[{"href":"https:\/\/sinoextrud.com\/cs\/wp-json\/wp\/v2\/types\/product"}],"wp:featuredmedia":[{"embeddable":true,"href":"https:\/\/sinoextrud.com\/cs\/wp-json\/wp\/v2\/media\/7893"}],"wp:attachment":[{"href":"https:\/\/sinoextrud.com\/cs\/wp-json\/wp\/v2\/media?parent=7894"}],"wp:term":[{"taxonomy":"category","embeddable":true,"href":"https:\/\/sinoextrud.com\/cs\/wp-json\/wp\/v2\/categories?post=7894"}],"curies":[{"name":"wp","href":"https:\/\/api.w.org\/{rel}","templated":true}]}}