{"id":7886,"date":"2025-06-11T03:26:11","date_gmt":"2025-06-11T03:26:11","guid":{"rendered":"https:\/\/sinoextrud.com\/product\/t-slot-aluminum-extursion\/"},"modified":"2025-06-24T06:13:59","modified_gmt":"2025-06-24T06:13:59","slug":"hlinikovy-nastavec-t-slot","status":"publish","type":"product","link":"https:\/\/sinoextrud.com\/cs\/product\/t-slot-aluminum-extursion\/","title":{"rendered":"Hlin\u00edkov\u00fd n\u00e1stavec s T-dr\u00e1\u017ekou"},"content":{"rendered":"<h2>Podrobnosti o produktech<\/h2>\n<table class=\"custom-table\">\n<tr>\n<td class=\"label\">N\u00e1zev<\/td>\n<td>Hlin\u00edkov\u00fd n\u00e1stavec s T-dr\u00e1\u017ekou<\/td>\n<\/tr>\n<\/table>\n<h2>Na\u0161e v\u00fdrobn\u00ed z\u00e1kladna<\/h2>\n<h3>Panorama tov\u00e1rny<\/h3>\n<p><img decoding=\"async\" src=\"\/wp-content\/uploads\/factory-01.webp\"\/><\/p>\n<h3>D\u00edlna na v\u00fdrobu hlin\u00edkov\u00fdch ty\u010d\u00ed<\/h3>\n<p><img decoding=\"async\" src=\"\/wp-content\/uploads\/factory-02.webp\"\/><\/p>\n<p><img decoding=\"async\" src=\"\/wp-content\/uploads\/factory-03.webp\"\/><\/p>\n<h3>Sklad pl\u00edsn\u00ed<\/h3>\n<p><img decoding=\"async\" src=\"\/wp-content\/uploads\/factory-04.webp\"\/><\/p>\n<h3>43 linek na vytla\u010dov\u00e1n\u00ed hlin\u00edku (500 - 5500 tun)<\/h3>\n<p><img decoding=\"async\" src=\"\/wp-content\/uploads\/factory-05.webp\"\/><\/p>\n<p><img decoding=\"async\" src=\"\/wp-content\/uploads\/factory-06.webp\"\/><\/p>\n<p><img decoding=\"async\" src=\"\/wp-content\/uploads\/factory-07.webp\"\/><\/p>\n<h3>D\u00edlna pr\u00e1\u0161kov\u00e9ho lakov\u00e1n\u00ed<\/h3>\n<p><img decoding=\"async\" src=\"\/wp-content\/uploads\/factory-09.webp\"\/><\/p>\n<h3>D\u00edlna eloxov\u00e1n\u00ed<\/h3>\n<p><img decoding=\"async\" src=\"\/wp-content\/uploads\/factory-10.webp\"\/><\/p>\n<h3>Workshop o hloubkov\u00e9m zpracov\u00e1n\u00ed<\/h3>\n<p><img decoding=\"async\" src=\"\/wp-content\/uploads\/factory-11.webp\"\/><\/p>\n<h3>D\u00edlna CNC p\u0159esn\u00e9ho obr\u00e1b\u011bn\u00ed<\/h3>\n<p><img decoding=\"async\" src=\"\/wp-content\/uploads\/factory-11.5.webp\"\/><\/p>\n<h3>Sklad hotov\u00fdch v\u00fdrobk\u016f a exportn\u00ed sklad<\/h3>\n<p><img decoding=\"async\" src=\"\/wp-content\/uploads\/factory-12.webp\"\/><\/p>\n<p><img decoding=\"async\" src=\"\/wp-content\/uploads\/factory-13.webp\"\/><\/p>\n<p><img decoding=\"async\" src=\"\/wp-content\/uploads\/factory-14.webp\"\/><\/p>\n<h2>\u010cASTO KLADEN\u00c9 DOTAZY<\/h2>\n<p><p><b>1.Co je hlin\u00edkov\u00fd v\u00fdlisek s T-dr\u00e1\u017ekou?<\/b><\/p>\n<p>Hlin\u00edkov\u00fd v\u00fdlisek s T-dr\u00e1\u017ekou je modul\u00e1rn\u00ed r\u00e1mov\u00fd syst\u00e9m z eloxovan\u00e9ho hlin\u00edku, kter\u00fd je vybaven dr\u00e1\u017ekami pro snadn\u00e9 upevn\u011bn\u00ed p\u0159\u00edslu\u0161enstv\u00ed a konektor\u016f.<br \/>\n<\/p><br \/>\n<br \/>\n<p><b>2.Pro\u010d zvolit hlin\u00edkov\u00fd v\u00fdlisek s T-dr\u00e1\u017ekou m\u00edsto sva\u0159ovan\u00e9 oceli?<\/b><\/p>\n<p>Hlin\u00edkov\u00fd v\u00fdlisek s T-dr\u00e1\u017ekou nab\u00edz\u00ed ve srovn\u00e1n\u00ed s tuhost\u00ed a hmotnost\u00ed sva\u0159ovan\u00e9 oceli flexibilitu, odolnost proti korozi a snadnou zm\u011bnu konfigurace.<br \/>\n<\/p><br \/>\n<br \/>\n<p><b>3.Je hlin\u00edkov\u00fd v\u00fdlisek s T-dr\u00e1\u017ekou dostate\u010dn\u011b pevn\u00fd pro pr\u016fmyslov\u00e9 pou\u017eit\u00ed?<\/b><\/p>\n<p>Ano, hlin\u00edkov\u00e9 v\u00fdlisky s T-dr\u00e1\u017ekou jsou konstruov\u00e1ny pro vysokou pevnost a jsou \u0161iroce pou\u017e\u00edv\u00e1ny v pr\u016fmyslov\u00e9 automatizaci a v r\u00e1mech stroj\u016f.<br \/>\n<\/p><br \/>\n<br \/>\n<p><b>4.Lze hlin\u00edkov\u00e9 v\u00fdlisky s T-dr\u00e1\u017ekou znovu pou\u017e\u00edt?<\/b><\/p>\n<p>Jednou z hlavn\u00edch v\u00fdhod hlin\u00edkov\u00fdch v\u00fdlisk\u016f s T-dr\u00e1\u017ekou je jejich opakovan\u00e9 pou\u017eit\u00ed a p\u0159izp\u016fsobivost pro r\u016fzn\u00e9 projekty.<br \/>\n<\/p><br \/>\n<br \/>\n<p><b>5.Jak\u00e9 p\u0159\u00edslu\u0161enstv\u00ed je kompatibiln\u00ed s hlin\u00edkov\u00fdm v\u00fdliskem s T-dr\u00e1\u017ekou?<\/b><\/p>\n<p>Hlin\u00edkov\u00e9 v\u00fdlisky s T-dr\u00e1\u017ekou jsou kompatibiln\u00ed s \u0159adou konektor\u016f, spojovac\u00edch prvk\u016f, panel\u016f a dr\u017e\u00e1k\u016f ur\u010den\u00fdch pro modul\u00e1rn\u00ed mont\u00e1\u017e.<br \/>\n<\/p><br \/>\n<br \/>\n<p><b>6.Vy\u017eaduje hlin\u00edkov\u00fd v\u00fdlisek s T-dr\u00e1\u017ekou speci\u00e1ln\u00ed n\u00e1\u0159ad\u00ed pro mont\u00e1\u017e?<\/b><\/p>\n<p>Ne, hlin\u00edkov\u00e9 v\u00fdlisky s T-dr\u00e1\u017ekou lze montovat pomoc\u00ed z\u00e1kladn\u00edho ru\u010dn\u00edho n\u00e1\u0159ad\u00ed, co\u017e je pohodln\u00e9 a cenov\u011b v\u00fdhodn\u00e9.<br \/>\n<\/p><br \/>\n<br \/>\n<p><b>7.Je hlin\u00edkov\u00fd v\u00fdlisek s T-dr\u00e1\u017ekou vhodn\u00fd pro venkovn\u00ed pou\u017eit\u00ed?<\/b><\/p>\n<p>Ano, eloxovan\u00e1 povrchov\u00e1 \u00faprava hlin\u00edkov\u00e9ho v\u00fdlisku s T-dr\u00e1\u017ekou zaji\u0161\u0165uje vynikaj\u00edc\u00ed odolnost proti korozi, tak\u017ee je vhodn\u00fd do venkovn\u00edho a drsn\u00e9ho prost\u0159ed\u00ed.<br \/>\n<\/p><br \/>\n<br \/>\n<p><b>8.Mohu \u0159ezat hlin\u00edkov\u00e9 v\u00fdlisky s T-dr\u00e1\u017ekou na vlastn\u00ed d\u00e9lky?<\/b><\/p>\n<p>Ano, hlin\u00edkov\u00e9 v\u00fdlisky s T-dr\u00e1\u017ekou lze snadno \u0159ezat na m\u00edru pomoc\u00ed standardn\u00edch pil, co\u017e umo\u017e\u0148uje \u0159e\u0161en\u00ed r\u00e1mov\u00e1n\u00ed na m\u00edru.<br \/>\n<\/p><br \/>\n<br \/>\n<p><b>9.Jak pom\u00e1h\u00e1 hlin\u00edkov\u00e9 vytla\u010dov\u00e1n\u00ed s T-dr\u00e1\u017ekou sn\u00ed\u017eit n\u00e1klady na projekt?<\/b><\/p>\n<p>Vytla\u010dov\u00e1n\u00ed hlin\u00edku s T-dr\u00e1\u017ekou sni\u017euje n\u00e1klady t\u00edm, \u017ee minimalizuje dobu v\u00fdroby, umo\u017e\u0148uje modul\u00e1rn\u00ed konstrukci a opakovan\u00e9 pou\u017eit\u00ed sou\u010d\u00e1st\u00ed.<br \/>\n<\/p><br \/><\/p>","protected":false},"featured_media":7885,"template":"","categories":[54],"class_list":["post-7886","product","type-product","status-publish","has-post-thumbnail","hentry","category-industrial-aluminum-profiles"],"meta_box":{"hilight_text_group":{"product_hilight_text":"<li>High strength-to-weight ratio for durable yet lightweight structures<\/li>\r\r\n<li>Modular design allows for flexible and easy assembly<\/li>\r\r\n<li>Corrosion-resistant anodized aluminum surface<\/li>\r\r\n<li>Compatible with a wide range of accessories and connectors<\/li>\r\r\n<li>Precision manufacturing ensures consistent quality and fit<\/li>\r\r\n<li>Reusable and easily reconfigurable for multiple projects<\/li>\r\r\n<li>Ideal for industrial automation, enclosures, and workstations<\/li>","product_chanpin_blog":"<ul>\r\r\n<li><a href=\"https:\/\/sinoextrud.com\/t-slot-v-slot-differences\/\" target=\"_blank\">t slot vs v slot<\/a><\/li>\r\r\n<li><a href=\"https:\/\/sinoextrud.com\/what-is-4040-aluminium-extrud\/\" target=\"_blank\">4040 aluminium extrusion<\/a><\/li>\r\r\n<li><a href=\"https:\/\/sinoextrud.com\/what-is-4040-aluminium-extrud\/\" target=\"_blank\">aluminum extrusions for industrial racks<\/a><\/li>\r\r\n<li><a href=\"https:\/\/sinoextrud.com\/powder-coating-aluminium-process\/\" target=\"_blank\">powder coating aluminium<\/a><\/li>\r\r\n<li><a href=\"https:\/\/sinoextrud.com\/what-is-an-aluminium-strip-ceiling\/\" target=\"_blank\">aluminium strip ceiling<\/a><\/li>\r\r\n<li><a href=\"https:\/\/sinoextrud.com\/what-is-a-heat-sink\/\" target=\"_blank\">what is a heat sink<\/a><\/li>\r\r\n<\/ul>","product_chanpin_chanpin":"<li><a href=\"https:\/\/sinoextrud.com\/product\/round-t-slot-extrusion\/\" target=\"_blank\">Round T Slot Extrusion<\/a><\/li>\r\n<li><a href=\"https:\/\/sinoextrud.com\/product\/custom-aluminum-extrusion\/\" target=\"_blank\">Custom Aluminum Extrusion<\/a><\/li>\r\n<li><a href=\"https:\/\/sinoextrud.com\/product\/aluminium-shelf-extrusion\/\" target=\"_blank\">Aluminium Shelf Extrusion<\/a><\/li>\r\n<li><a href=\"https:\/\/sinoextrud.com\/product\/metal-extrusion-products\/\" target=\"_blank\">Metal Extrusion Products<\/a><\/li>\r\n<li><a href=\"https:\/\/sinoextrud.com\/product\/t-slot-aluminum-extursion\/\" target=\"_blank\">T-slot Aluminum Extursion<\/a><\/li>\r\n<li><a href=\"https:\/\/sinoextrud.com\/product\/2020-aluminum-extrusion-t-slot-aluminum-extrusion\/\" target=\"_blank\">2020 Aluminum Extrusion T Slot Aluminum Extrusion<\/a><\/li>\r\n<li><a href=\"https:\/\/sinoextrud.com\/product\/6063-anodized-road-case-aluminum-extrusions\/\" target=\"_blank\">6063 Anodized Road Case Aluminum Extrusions<\/a><\/li>\r\n<li><a href=\"https:\/\/sinoextrud.com\/product\/6063-t5-aluminum-profile-tslot-for-production-line\/\" target=\"_blank\">6063 t5 aluminum profile Tslot for production line<\/a><\/li>\r\n<li><a href=\"https:\/\/sinoextrud.com\/product\/6083-aluminum-profile-aluminum-plate-profile-customization-marine-corrosion-resistant-aluminum-alloy-plate\/\" target=\"_blank\">6083 Aluminum Profile Aluminum Plate Profile Customization Marine Corrosion-resistant Aluminum Alloy Plate<\/a><\/li>\r\n<li><a href=\"https:\/\/sinoextrud.com\/product\/sell-well-window-and-door-aluminium-profile\/\" target=\"_blank\">Sell Well Window And Door Aluminium Profile<\/a><\/li>\r\n<li><a href=\"https:\/\/sinoextrud.com\/product\/aluminium-extrusion-c-beam\/\" target=\"_blank\">Aluminium Extrusion C Beam<\/a><\/li>"},"feature_list":[]},"_links":{"self":[{"href":"https:\/\/sinoextrud.com\/cs\/wp-json\/wp\/v2\/product\/7886","targetHints":{"allow":["GET"]}}],"collection":[{"href":"https:\/\/sinoextrud.com\/cs\/wp-json\/wp\/v2\/product"}],"about":[{"href":"https:\/\/sinoextrud.com\/cs\/wp-json\/wp\/v2\/types\/product"}],"wp:featuredmedia":[{"embeddable":true,"href":"https:\/\/sinoextrud.com\/cs\/wp-json\/wp\/v2\/media\/7885"}],"wp:attachment":[{"href":"https:\/\/sinoextrud.com\/cs\/wp-json\/wp\/v2\/media?parent=7886"}],"wp:term":[{"taxonomy":"category","embeddable":true,"href":"https:\/\/sinoextrud.com\/cs\/wp-json\/wp\/v2\/categories?post=7886"}],"curies":[{"name":"wp","href":"https:\/\/api.w.org\/{rel}","templated":true}]}}