{"id":7880,"date":"2025-06-11T03:20:07","date_gmt":"2025-06-11T03:20:07","guid":{"rendered":"https:\/\/sinoextrud.com\/product\/custom-aluminum-extrusion\/"},"modified":"2025-06-24T06:13:57","modified_gmt":"2025-06-24T06:13:57","slug":"hlinikove-vylisky-na-zakazku","status":"publish","type":"product","link":"https:\/\/sinoextrud.com\/cs\/product\/custom-aluminum-extrusion\/","title":{"rendered":"Vytla\u010dov\u00e1n\u00ed hlin\u00edku na zak\u00e1zku"},"content":{"rendered":"<h2>Podrobnosti o produktech<\/h2>\n<table class=\"custom-table\">\n<tr>\n<td class=\"label\">1.Material:<\/td>\n<td> Slitina hlin\u00edku 6063, 6061, 6005, 6463.<\/td>\n<\/tr>\n<tr>\n<td class=\"label\">2.Teplota:<\/td>\n<td> T5, T6.<\/td>\n<\/tr>\n<tr>\n<td class=\"label\">3.Povrchov\u00e1 \u00faprava:<\/td>\n<td> Ml\u00fdnsk\u00e1 povrchov\u00e1 \u00faprava, eloxov\u00e1n\u00ed, pr\u00e1\u0161kov\u00e9 lakov\u00e1n\u00ed, kresba d\u0159eva, le\u0161t\u011bn\u00ed, kart\u00e1\u010dov\u00e1n\u00ed, elektrofor\u00e9za atd.<\/td>\n<\/tr>\n<tr>\n<td class=\"label\">4.Color avalilable:<\/td>\n<td> Na z\u00e1klad\u011b va\u0161ich barevn\u00fdch vzork\u016f je k dispozici kdokoli.<\/td>\n<\/tr>\n<tr>\n<td class=\"label\">5.Packing podrobnosti:<\/td>\n<td> Smr\u0161\u0165ovac\u00ed f\u00f3lie; plastov\u00fd a kraftov\u00fd pap\u00edr; d\u0159ev\u011bn\u00e1 paleta, kartonov\u00e9 balen\u00ed; podle po\u017eadavk\u016f z\u00e1kazn\u00edka.<\/td>\n<\/tr>\n<tr>\n<td class=\"label\">6.Mould develepin:<\/td>\n<td> 12-18 dn\u00ed<\/td>\n<\/tr>\n<tr>\n<td class=\"label\">7.Dod\u00e1vka:<\/td>\n<td> 25-30 dn\u00ed pro hromadnou v\u00fdrobu.<\/td>\n<\/tr>\n<tr>\n<td class=\"label\">8.V\u00fdrobn\u00ed kapacita:<\/td>\n<td> 15 000 tun za m\u011bs\u00edc<\/td>\n<\/tr>\n<tr>\n<td class=\"label\">9.MOQ:<\/td>\n<td> Vych\u00e1z\u00ed z v\u00fdkres\u016f. V podstat\u011b je to 200 kg.<\/td>\n<\/tr>\n<tr>\n<td class=\"label\">10.Port:<\/td>\n<td> Foshan, Guangzhou, Shenzhen<\/td>\n<\/tr>\n<\/table>\n<h2>Na\u0161e v\u00fdrobn\u00ed z\u00e1kladna<\/h2>\n<h3>Panorama tov\u00e1rny<\/h3>\n<p><img decoding=\"async\" src=\"\/wp-content\/uploads\/factory-01.webp\"\/><\/p>\n<h3>D\u00edlna na v\u00fdrobu hlin\u00edkov\u00fdch ty\u010d\u00ed<\/h3>\n<p><img decoding=\"async\" src=\"\/wp-content\/uploads\/factory-02.webp\"\/><\/p>\n<\/p>\n<p><img decoding=\"async\" src=\"\/wp-content\/uploads\/factory-03.webp\"\/><\/p>\n<h3>Sklad pl\u00edsn\u00ed<\/h3>\n<p><img decoding=\"async\" src=\"\/wp-content\/uploads\/factory-04.webp\"\/><\/p>\n<h3>43 linek na vytla\u010dov\u00e1n\u00ed hlin\u00edku (500 - 5500 tun)<\/h3>\n<p><img decoding=\"async\" src=\"\/wp-content\/uploads\/factory-05.webp\"\/><\/p>\n<p><img decoding=\"async\" src=\"\/wp-content\/uploads\/factory-06.webp\"\/><\/p>\n<p><img decoding=\"async\" src=\"\/wp-content\/uploads\/factory-07.webp\"\/><\/p>\n<h3>D\u00edlna pr\u00e1\u0161kov\u00e9ho lakov\u00e1n\u00ed<\/h3>\n<p><img decoding=\"async\" src=\"\/wp-content\/uploads\/factory-09.webp\"\/><\/p>\n<h3>D\u00edlna eloxov\u00e1n\u00ed<\/h3>\n<p><img decoding=\"async\" src=\"\/wp-content\/uploads\/factory-10.webp\"\/><\/p>\n<h3>Workshop o hloubkov\u00e9m zpracov\u00e1n\u00ed<\/h3>\n<p><img decoding=\"async\" src=\"\/wp-content\/uploads\/factory-11.webp\"\/><\/p>\n<h3>D\u00edlna CNC p\u0159esn\u00e9ho obr\u00e1b\u011bn\u00ed<\/h3>\n<p><img decoding=\"async\" src=\"\/wp-content\/uploads\/factory-11.5.webp\"\/><\/p>\n<h3>Sklad hotov\u00fdch v\u00fdrobk\u016f a exportn\u00ed sklad<\/h3>\n<p><img decoding=\"async\" src=\"\/wp-content\/uploads\/factory-12.webp\"\/><\/p>\n<p><img decoding=\"async\" src=\"\/wp-content\/uploads\/factory-13.webp\"\/><\/p>\n<p><img decoding=\"async\" src=\"\/wp-content\/uploads\/factory-14.webp\"\/><\/p>\n<h2>\u010cASTO KLADEN\u00c9 DOTAZY<\/h2>\n<p><b>1.K \u010demu se pou\u017e\u00edvaj\u00ed hlin\u00edkov\u00e9 v\u00fdlisky na zak\u00e1zku?<\/b><\/p>\n<p>Hlin\u00edkov\u00e9 v\u00fdlisky na zak\u00e1zku se pou\u017e\u00edvaj\u00ed k vytv\u00e1\u0159en\u00ed vlastn\u00edch profil\u016f a sou\u010d\u00e1st\u00ed v r\u016fzn\u00fdch pr\u016fmyslov\u00fdch odv\u011btv\u00edch, jako je automobilov\u00fd pr\u016fmysl, stavebnictv\u00ed, leteck\u00fd pr\u016fmysl a elektronika.\n<\/p>\n<p><\/p>\n<p><b>2.Jak p\u0159izp\u016fsobiteln\u00e9 jsou hlin\u00edkov\u00e9 v\u00fdlisky na zak\u00e1zku?<\/b><\/p>\n<p>Hlin\u00edkov\u00e9 v\u00fdlisky na zak\u00e1zku lze p\u0159izp\u016fsobit tak, aby spl\u0148ovaly specifick\u00e9 po\u017eadavky na tvar, velikost a funk\u010dnost, a nab\u00edzej\u00ed tak univerz\u00e1ln\u00ed \u0159e\u0161en\u00ed pro jedine\u010dn\u00e9 konstruk\u010dn\u00ed pot\u0159eby.\n<\/p>\n<p><\/p>\n<p><b>3.Pro\u010d zvolit hlin\u00edk pro vytla\u010dovac\u00ed profily?<\/b><\/p>\n<p>Hlin\u00edk je volen pro svou lehkost, trvanlivost a odolnost proti korozi, tak\u017ee je ide\u00e1ln\u00ed pro zak\u00e1zkov\u00e9 vytla\u010dovac\u00ed profily v n\u00e1ro\u010dn\u00fdch aplikac\u00edch.\n<\/p>\n<p><\/p>\n<p><b>4.Jak\u00e9 jsou v\u00fdhody odolnosti proti korozi u hlin\u00edkov\u00fdch v\u00fdlisk\u016f na zak\u00e1zku?<\/b><\/p>\n<p>Odolnost proti korozi zaji\u0161\u0165uje, \u017ee hlin\u00edkov\u00e9 v\u00fdlisky na zak\u00e1zku si zachov\u00e1vaj\u00ed svou struktur\u00e1ln\u00ed integritu a vzhled po dlouhou dobu, a to i v n\u00e1ro\u010dn\u00fdch prost\u0159ed\u00edch.\n<\/p>\n<p><\/p>\n<p><b>5.Lze hlin\u00edkov\u00e9 v\u00fdlisky na zak\u00e1zku pou\u017e\u00edt ve venkovn\u00edch aplikac\u00edch?<\/b><\/p>\n<p>Ano, hlin\u00edk je d\u00edky sv\u00fdm korozivzdorn\u00fdm vlastnostem vhodn\u00fd pro venkovn\u00ed pou\u017eit\u00ed, a to i v drsn\u00fdch pov\u011btrnostn\u00edch podm\u00ednk\u00e1ch nebo v pr\u016fmyslov\u00e9m prost\u0159ed\u00ed.\n<\/p>\n<p><\/p>\n<p><b>6.Jak rychl\u00e1 je doba v\u00fdroby hlin\u00edkov\u00fdch v\u00fdlisk\u016f na zak\u00e1zku?<\/b><\/p>\n<p>Hlin\u00edkov\u00e9 v\u00fdlisky na zak\u00e1zku nab\u00edzej\u00ed rychl\u00e9 dodac\u00ed lh\u016fty, co\u017e podnik\u016fm umo\u017e\u0148uje rychle z\u00edskat \u0159e\u0161en\u00ed na m\u00edru a dodr\u017eet tak napjat\u00e9 term\u00edny.\n<\/p>\n<p><\/p>\n<p><b>7.Jak\u00e1 odv\u011btv\u00ed vyu\u017e\u00edvaj\u00ed hlin\u00edkov\u00e9 v\u00fdlisky na zak\u00e1zku?<\/b><\/p>\n<p>Odv\u011btv\u00ed, jako je automobilov\u00fd pr\u016fmysl, stavebnictv\u00ed, leteck\u00fd pr\u016fmysl, elektronika a obnoviteln\u00e9 zdroje energie, t\u011b\u017e\u00ed z flexibility, trvanlivosti a n\u00e1kladov\u00e9 efektivity hlin\u00edkov\u00fdch v\u00fdlisk\u016f na zak\u00e1zku.\n<\/p>\n<p><\/p>","protected":false},"featured_media":7879,"template":"","categories":[54],"class_list":["post-7880","product","type-product","status-publish","has-post-thumbnail","hentry","category-industrial-aluminum-profiles"],"meta_box":{"hilight_text_group":{"product_hilight_text":"<li>Customizable shapes and sizes to meet specific design and functionality needs.<\/li>\r\r\n<li>High-strength aluminum offers durability and lightweight benefits for various industries.<\/li>\r\r\n<li>Excellent corrosion resistance, ensuring long-term performance in diverse environments.<\/li>\r\r\n<li>Fast lead time and cost-effective production for tailored extrusion solutions.<\/li>\r\r\n<li>Versatile applications in automotive, construction, aerospace, and electronics industries.<\/li>","product_chanpin_blog":"<ul>\r\r\n<li><a href=\"https:\/\/sinoextrud.com\/t-slot-v-slot-differences\/\" target=\"_blank\">t slot vs v slot<\/a><\/li>\r\r\n<li><a href=\"https:\/\/sinoextrud.com\/what-is-4040-aluminium-extrud\/\" target=\"_blank\">4040 aluminium extrusion<\/a><\/li>\r\r\n<li><a href=\"https:\/\/sinoextrud.com\/what-is-4040-aluminium-extrud\/\" target=\"_blank\">aluminum extrusions for industrial racks<\/a><\/li>\r\r\n<li><a href=\"https:\/\/sinoextrud.com\/powder-coating-aluminium-process\/\" target=\"_blank\">powder coating aluminium<\/a><\/li>\r\r\n<li><a href=\"https:\/\/sinoextrud.com\/what-is-an-aluminium-strip-ceiling\/\" target=\"_blank\">aluminium strip ceiling<\/a><\/li>\r\r\n<li><a href=\"https:\/\/sinoextrud.com\/what-is-a-heat-sink\/\" target=\"_blank\">what is a heat sink<\/a><\/li>\r\r\n<\/ul>","product_chanpin_chanpin":"<li><a href=\"https:\/\/sinoextrud.com\/product\/aluminum-solar-panel-frame\/\" target=\"_blank\">Aluminum Solar Panel Frame<\/a><\/li>\r\n<li><a href=\"https:\/\/sinoextrud.com\/product\/aluminum-extrusion-framing\/\" target=\"_blank\">Aluminum Extrusion Framing<\/a><\/li>\r\n<li><a href=\"https:\/\/sinoextrud.com\/product\/aluminium-exrtrusion-slot\/\" target=\"_blank\">Aluminium Exrtrusion Slot<\/a><\/li>\r\n<li><a href=\"https:\/\/sinoextrud.com\/product\/round-t-slot-extrusion\/\" target=\"_blank\">Round T Slot Extrusion<\/a><\/li>\r\n<li><a href=\"https:\/\/sinoextrud.com\/product\/custom-aluminum-extrusion\/\" target=\"_blank\">Custom Aluminum Extrusion<\/a><\/li>\r\n<li><a href=\"https:\/\/sinoextrud.com\/product\/aluminium-shelf-extrusion\/\" target=\"_blank\">Aluminium Shelf Extrusion<\/a><\/li>\r\n<li><a href=\"https:\/\/sinoextrud.com\/product\/metal-extrusion-products\/\" target=\"_blank\">Metal Extrusion Products<\/a><\/li>\r\n<li><a href=\"https:\/\/sinoextrud.com\/product\/t-slot-aluminum-extursion\/\" target=\"_blank\">T-slot Aluminum Extursion<\/a><\/li>\r\n<li><a href=\"https:\/\/sinoextrud.com\/product\/2020-aluminum-extrusion-t-slot-aluminum-extrusion\/\" target=\"_blank\">2020 Aluminum Extrusion T Slot Aluminum Extrusion<\/a><\/li>\r\n<li><a href=\"https:\/\/sinoextrud.com\/product\/triangular-aluminium-extrusion\/\" target=\"_blank\">Triangular Aluminium Extrusion<\/a><\/li>\r\n<li><a href=\"https:\/\/sinoextrud.com\/product\/extruded-aluminum-connectors-for-door\/\" target=\"_blank\">Extruded Aluminum Connectors For Door<\/a><\/li>"},"feature_list":[]},"_links":{"self":[{"href":"https:\/\/sinoextrud.com\/cs\/wp-json\/wp\/v2\/product\/7880","targetHints":{"allow":["GET"]}}],"collection":[{"href":"https:\/\/sinoextrud.com\/cs\/wp-json\/wp\/v2\/product"}],"about":[{"href":"https:\/\/sinoextrud.com\/cs\/wp-json\/wp\/v2\/types\/product"}],"wp:featuredmedia":[{"embeddable":true,"href":"https:\/\/sinoextrud.com\/cs\/wp-json\/wp\/v2\/media\/7879"}],"wp:attachment":[{"href":"https:\/\/sinoextrud.com\/cs\/wp-json\/wp\/v2\/media?parent=7880"}],"wp:term":[{"taxonomy":"category","embeddable":true,"href":"https:\/\/sinoextrud.com\/cs\/wp-json\/wp\/v2\/categories?post=7880"}],"curies":[{"name":"wp","href":"https:\/\/api.w.org\/{rel}","templated":true}]}}