{"id":7878,"date":"2025-06-11T03:18:42","date_gmt":"2025-06-11T03:18:42","guid":{"rendered":"https:\/\/sinoextrud.com\/product\/round-t-slot-extrusion\/"},"modified":"2025-06-24T06:13:54","modified_gmt":"2025-06-24T06:13:54","slug":"vytlacovani-kulatych-drazek-t","status":"publish","type":"product","link":"https:\/\/sinoextrud.com\/cs\/product\/round-t-slot-extrusion\/","title":{"rendered":"Kulat\u00e1 dr\u00e1\u017eka T Extrusion"},"content":{"rendered":"<h2>Podrobnosti o produktech<\/h2>\n<table class=\"custom-table\">\n<tr>\n<td class=\"label\">Polo\u017eka:<\/td>\n<td> Kulat\u00e1 dr\u00e1\u017eka T Extrusion<\/td>\n<\/tr>\n<tr>\n<td class=\"label\">Materi\u00e1l:<\/td>\n<td> 6063 nebo 6061<\/td>\n<\/tr>\n<tr>\n<td class=\"label\">Velikost:<\/td>\n<td> St\u00e1vaj\u00edc\u00ed velikost formy nebo podle po\u017eadavku z\u00e1kazn\u00edka<\/td>\n<\/tr>\n<tr>\n<td class=\"label\">Typick\u00e9 aplikace:<\/td>\n<td>  Pr\u016fmyslov\u00e9 potrub\u00ed, pracovn\u00ed st\u016fl, stojany na stroje atd.<\/td>\n<\/tr>\n<tr>\n<td class=\"label\">Zna\u010dka:<\/td>\n<td>  Sinoextrud, Sinoextrud nebo ochrann\u00e1 zn\u00e1mka OEM<\/td>\n<\/tr>\n<tr>\n<td class=\"label\">Povrchov\u00e1 \u00faprava:<\/td>\n<td>  Ml\u00fdn dokon\u010dil, eloxovan\u00fd, pr\u00e1\u0161kov\u00fd povlak, d\u0159ev\u011bn\u00e9 zrno atd.<\/td>\n<\/tr>\n<tr>\n<td class=\"label\">Certifik\u00e1ty:<\/td>\n<td> ISO9001, ISO4001, CQM, SGS, CE, BV atd.<\/td>\n<\/tr>\n<tr>\n<td class=\"label\">Z\u00e1ruka kvality:<\/td>\n<td> 100% kontrola p\u0159ed odesl\u00e1n\u00edm pro zaji\u0161t\u011bn\u00ed vysok\u00e9 kvality.<\/td>\n<\/tr>\n<\/table>\n<h2>Na\u0161e v\u00fdrobn\u00ed z\u00e1kladna<\/h2>\n<h3>Panorama tov\u00e1rny<\/h3>\n<p><img decoding=\"async\" src=\"\/wp-content\/uploads\/factory-01.webp\"\/><\/p>\n<h3>D\u00edlna na v\u00fdrobu hlin\u00edkov\u00fdch ty\u010d\u00ed<\/h3>\n<p><img decoding=\"async\" src=\"\/wp-content\/uploads\/factory-02.webp\"\/><\/p>\n<p><img decoding=\"async\" src=\"\/wp-content\/uploads\/factory-03.webp\"\/><\/p>\n<h3>Sklad pl\u00edsn\u00ed<\/h3>\n<p><img decoding=\"async\" src=\"\/wp-content\/uploads\/factory-04.webp\"\/><\/p>\n<h3>43 linek na vytla\u010dov\u00e1n\u00ed hlin\u00edku (500 - 5500 tun)<\/h3>\n<p><img decoding=\"async\" src=\"\/wp-content\/uploads\/factory-05.webp\"\/><\/p>\n<p><img decoding=\"async\" src=\"\/wp-content\/uploads\/factory-06.webp\"\/><\/p>\n<p><img decoding=\"async\" src=\"\/wp-content\/uploads\/factory-07.webp\"\/><\/p>\n<h3>D\u00edlna pr\u00e1\u0161kov\u00e9ho lakov\u00e1n\u00ed<\/h3>\n<p><img decoding=\"async\" src=\"\/wp-content\/uploads\/factory-09.webp\"\/><\/p>\n<h3>D\u00edlna eloxov\u00e1n\u00ed<\/h3>\n<p><img decoding=\"async\" src=\"\/wp-content\/uploads\/factory-10.webp\"\/><\/p>\n<h3>Workshop o hloubkov\u00e9m zpracov\u00e1n\u00ed<\/h3>\n<p><img decoding=\"async\" src=\"\/wp-content\/uploads\/factory-11.webp\"\/><\/p>\n<h3>D\u00edlna CNC p\u0159esn\u00e9ho obr\u00e1b\u011bn\u00ed<\/h3>\n<p><img decoding=\"async\" src=\"\/wp-content\/uploads\/factory-11.5.webp\"\/><\/p>\n<h3>Sklad hotov\u00fdch v\u00fdrobk\u016f a exportn\u00ed sklad<\/h3>\n<p><img decoding=\"async\" src=\"\/wp-content\/uploads\/factory-12.webp\"\/><\/p>\n<p><img decoding=\"async\" src=\"\/wp-content\/uploads\/factory-13.webp\"\/><\/p>\n<p><img decoding=\"async\" src=\"\/wp-content\/uploads\/factory-14.webp\"\/><\/p>\n<h2>\u010cASTO KLADEN\u00c9 DOTAZY<\/h2>\n<p><p><b>1.K \u010demu se pou\u017e\u00edv\u00e1 kulat\u00e1 dr\u00e1\u017eka T?<\/b><\/p>\n<p>Kruhov\u00e1 dr\u00e1\u017eka T se pou\u017e\u00edv\u00e1 ve stavebn\u00edch r\u00e1mech, konstrukc\u00edch a podp\u011br\u00e1ch pro r\u016fzn\u00e9 pr\u016fmyslov\u00e9 aplikace a poskytuje pevnost i flexibilitu p\u0159i navrhov\u00e1n\u00ed.<br \/>\n<\/p><br \/>\n<br \/>\n<p><b>2.Pro\u010d si vybrat kulatou dr\u00e1\u017eku T oproti jin\u00fdm konstrukc\u00edm?<\/b><\/p>\n<p>Kulat\u00fd design nab\u00edz\u00ed elegantn\u00ed a hladk\u00fd vzhled p\u0159i zachov\u00e1n\u00ed stejn\u00e9 konstruk\u010dn\u00ed pevnosti a univerz\u00e1lnosti jako tradi\u010dn\u00ed profily s T-dr\u00e1\u017ekou, co\u017e je ide\u00e1ln\u00ed pro esteticky n\u00e1ro\u010dn\u00e9 aplikace.<br \/>\n<\/p><br \/>\n<br \/>\n<p><b>3.Je kulat\u00e1 dr\u00e1\u017eka T odoln\u00e1 proti korozi?<\/b><\/p>\n<p>Ano, kruhov\u00fd v\u00fdlisek s dr\u00e1\u017ekou T je vyroben z hlin\u00edku odoln\u00e9ho proti korozi, co\u017e zaru\u010duje dlouhodobou \u017eivotnost a spolehliv\u00fd v\u00fdkon ve vnit\u0159n\u00edm i venkovn\u00edm prost\u0159ed\u00ed.<br \/>\n<\/p><br \/>\n<br \/>\n<p><b>4.Jak\u00fd je p\u0159\u00ednos kulat\u00e9ho designu kulat\u00e9 dr\u00e1\u017eky T?<\/b><\/p>\n<p>Kulat\u00fd design poskytuje \u010dist\u00fd a modern\u00ed vzhled, tak\u017ee je ide\u00e1ln\u00ed pro pou\u017eit\u00ed v prost\u0159ed\u00ed, kde je d\u016fle\u017eit\u00e1 estetika, ani\u017e by byla ohro\u017eena pevnost konstrukce.<br \/>\n<\/p><br \/>\n<br \/>\n<p><b>5.Lze kulatou T dr\u00e1\u017eku vytla\u010dit na m\u00edru konkr\u00e9tn\u00edm projekt\u016fm?<\/b><\/p>\n<p>Ano, kulat\u00e9 T-dr\u00e1\u017eky lze p\u0159izp\u016fsobit z hlediska d\u00e9lky, profilu a designu, tak\u017ee je lze p\u0159izp\u016fsobit pot\u0159eb\u00e1m r\u016fzn\u00fdch projekt\u016f.<br \/>\n<\/p><br \/>\n<br \/>\n<p><b>6.Jak snadn\u00e9 je sestavit konstrukce z kulat\u00fdch T dr\u00e1\u017eek?<\/b><\/p>\n<p>Kruhov\u00fd v\u00fdlisek s dr\u00e1\u017ekou T je navr\u017een pro snadnou mont\u00e1\u017e a m\u00e1 kompatibiln\u00ed p\u0159\u00edslu\u0161enstv\u00ed, kter\u00e9 umo\u017e\u0148uje rychlou stavbu a \u00fapravu konstrukc\u00ed s minim\u00e1ln\u00edm \u00fasil\u00edm.<br \/>\n<\/p><br \/>\n<br \/>\n<p><b>7.Pro jak\u00e1 pr\u016fmyslov\u00e1 odv\u011btv\u00ed je v\u00fdhodn\u00e9 pou\u017e\u00edvat vytla\u010dov\u00e1n\u00ed kulat\u00fdch T dr\u00e1\u017eek?<\/b><\/p>\n<p>Pr\u016fmyslov\u00e1 odv\u011btv\u00ed, jako je v\u00fdroba, stavebnictv\u00ed, automatizace a design displej\u016f, vyu\u017e\u00edvaj\u00ed kulatou dr\u00e1\u017eku T d\u00edky jej\u00ed flexibilit\u011b, trvanlivosti a estetick\u00e9mu vzhledu.<br \/>\n<\/p><br \/><\/p>","protected":false},"featured_media":7877,"template":"","categories":[54],"class_list":["post-7878","product","type-product","status-publish","has-post-thumbnail","hentry","category-industrial-aluminum-profiles"],"meta_box":{"hilight_text_group":{"product_hilight_text":"<li>Round T Slot Extrusion offers a versatile solution for building durable and customizable structures in industrial applications.<\/li>\r\r\n<li>The round design provides smooth, aesthetic lines while maintaining structural strength and stability.<\/li>\r\r\n<li>Corrosion-resistant aluminum ensures long-lasting performance, even in harsh environments.<\/li>\r\r\n<li>Easy to assemble with compatible accessories, reducing installation time and cost.<\/li>\r\r\n<li>Ideal for applications requiring both functionality and an aesthetically pleasing appearance, such as display units or frames.<\/li>","product_chanpin_blog":"<ul>\r\r\n<li><a href=\"https:\/\/sinoextrud.com\/t-slot-v-slot-differences\/\" target=\"_blank\">t slot vs v slot<\/a><\/li>\r\r\n<li><a href=\"https:\/\/sinoextrud.com\/what-is-4040-aluminium-extrud\/\" target=\"_blank\">4040 aluminium extrusion<\/a><\/li>\r\r\n<li><a href=\"https:\/\/sinoextrud.com\/what-is-4040-aluminium-extrud\/\" target=\"_blank\">aluminum extrusions for industrial racks<\/a><\/li>\r\r\n<li><a href=\"https:\/\/sinoextrud.com\/powder-coating-aluminium-process\/\" target=\"_blank\">powder coating aluminium<\/a><\/li>\r\r\n<li><a href=\"https:\/\/sinoextrud.com\/what-is-an-aluminium-strip-ceiling\/\" target=\"_blank\">aluminium strip ceiling<\/a><\/li>\r\r\n<li><a href=\"https:\/\/sinoextrud.com\/what-is-a-heat-sink\/\" target=\"_blank\">what is a heat sink<\/a><\/li>\r\r\n<\/ul>","product_chanpin_chanpin":"<li><a href=\"https:\/\/sinoextrud.com\/product\/extruded-aluminum-heatsink-enclosure\/\" target=\"_blank\">Extruded Aluminum Heatsink Enclosure<\/a><\/li>\r\n<li><a href=\"https:\/\/sinoextrud.com\/product\/aluminum-solar-panel-frame\/\" target=\"_blank\">Aluminum Solar Panel Frame<\/a><\/li>\r\n<li><a href=\"https:\/\/sinoextrud.com\/product\/aluminum-extrusion-framing\/\" target=\"_blank\">Aluminum Extrusion Framing<\/a><\/li>\r\n<li><a href=\"https:\/\/sinoextrud.com\/product\/aluminium-exrtrusion-slot\/\" target=\"_blank\">Aluminium Exrtrusion Slot<\/a><\/li>\r\n<li><a href=\"https:\/\/sinoextrud.com\/product\/round-t-slot-extrusion\/\" target=\"_blank\">Round T Slot Extrusion<\/a><\/li>\r\n<li><a href=\"https:\/\/sinoextrud.com\/product\/custom-aluminum-extrusion\/\" target=\"_blank\">Custom Aluminum Extrusion<\/a><\/li>\r\n<li><a href=\"https:\/\/sinoextrud.com\/product\/aluminium-shelf-extrusion\/\" target=\"_blank\">Aluminium Shelf Extrusion<\/a><\/li>\r\n<li><a href=\"https:\/\/sinoextrud.com\/product\/metal-extrusion-products\/\" target=\"_blank\">Metal Extrusion Products<\/a><\/li>\r\n<li><a href=\"https:\/\/sinoextrud.com\/product\/t-slot-aluminum-extursion\/\" target=\"_blank\">T-slot Aluminum Extursion<\/a><\/li>\r\n<li><a href=\"https:\/\/sinoextrud.com\/product\/aluminum-extrusion-industry-modular-components-profile\/\" target=\"_blank\">Aluminum Extrusion Industry Modular Components Profile<\/a><\/li>\r\n<li><a href=\"https:\/\/sinoextrud.com\/product\/extrusion-aluminum-handrails-profile-powder-coated-white\/\" target=\"_blank\">Extrusion Aluminum Handrails Profile Powder Coated White<\/a><\/li>"},"feature_list":[]},"_links":{"self":[{"href":"https:\/\/sinoextrud.com\/cs\/wp-json\/wp\/v2\/product\/7878","targetHints":{"allow":["GET"]}}],"collection":[{"href":"https:\/\/sinoextrud.com\/cs\/wp-json\/wp\/v2\/product"}],"about":[{"href":"https:\/\/sinoextrud.com\/cs\/wp-json\/wp\/v2\/types\/product"}],"wp:featuredmedia":[{"embeddable":true,"href":"https:\/\/sinoextrud.com\/cs\/wp-json\/wp\/v2\/media\/7877"}],"wp:attachment":[{"href":"https:\/\/sinoextrud.com\/cs\/wp-json\/wp\/v2\/media?parent=7878"}],"wp:term":[{"taxonomy":"category","embeddable":true,"href":"https:\/\/sinoextrud.com\/cs\/wp-json\/wp\/v2\/categories?post=7878"}],"curies":[{"name":"wp","href":"https:\/\/api.w.org\/{rel}","templated":true}]}}