{"id":7872,"date":"2025-06-11T03:13:24","date_gmt":"2025-06-11T03:13:24","guid":{"rendered":"https:\/\/sinoextrud.com\/product\/aluminum-solar-panel-frame\/"},"modified":"2025-06-24T06:13:54","modified_gmt":"2025-06-24T06:13:54","slug":"hlinikovy-ram-solarniho-panelu","status":"publish","type":"product","link":"https:\/\/sinoextrud.com\/cs\/product\/aluminum-solar-panel-frame\/","title":{"rendered":"Hlin\u00edkov\u00fd r\u00e1m sol\u00e1rn\u00edch panel\u016f"},"content":{"rendered":"<h2>Podrobnosti o produktech<\/h2>\n<table class=\"custom-table\">\n<tr>\n<td class=\"label\">1. Materi\u00e1l:<\/td>\n<td> Hlin\u00edkov\u00e1 slitina 6063, 6061, 6463, 6061, 6082, 6060, 6005 nebo podle po\u017eadavku z\u00e1kazn\u00edka<\/td>\n<\/tr>\n<tr>\n<td class=\"label\">2. Temperament:<\/td>\n<td> T5, T6<\/td>\n<\/tr>\n<tr>\n<td class=\"label\">3. Povrchov\u00e1 \u00faprava:<\/td>\n<td> Povrchov\u00e1 \u00faprava fr\u00e9zov\u00e1n\u00edm, eloxov\u00e1n\u00edm, pr\u00e1\u0161kov\u00fdm lakov\u00e1n\u00edm, elektrofor\u00e9zou, p\u00edskov\u00e1n\u00edm atd. Povlak PVDF, lakov\u00e1n\u00ed d\u0159eva, matov\u00e1n\u00ed, le\u0161t\u011bn\u00ed do lesku<\/td>\n<\/tr>\n<tr>\n<td class=\"label\">4. Dostupn\u00e1 barva:<\/td>\n<td> St\u0159\u00edbrn\u00e1, bronzov\u00e1, \u0161ampa\u0148sk\u00e1, matn\u00e1, p\u0159\u00edrodn\u00ed pro eloxov\u00e1n\u00ed, Ral pro pr\u00e1\u0161kov\u00e9 lakov\u00e1n\u00ed<\/td>\n<\/tr>\n<tr>\n<td class=\"label\">5. Podrobnosti o balen\u00ed:<\/td>\n<td> Chr\u00e1n\u011bn\u00e1 f\u00f3lie uvnit\u0159 a smr\u0161\u0165ovac\u00ed f\u00f3lie zvenku<\/td>\n<\/tr>\n<tr>\n<td class=\"label\">6. \u010cas pro vzorky:<\/td>\n<td> dva t\u00fddny po obdr\u017een\u00ed poplatku za pl\u00edsn\u011b<\/td>\n<\/tr>\n<tr>\n<td class=\"label\">7. Dod\u00e1n\u00ed:<\/td>\n<td> 20 dn\u00ed od vkladu<\/td>\n<\/tr>\n<tr>\n<td class=\"label\">8. V\u00fdrobn\u00ed kapacita:<\/td>\n<td> 15 000 MT\/m\u011bs\u00edc<\/td>\n<\/tr>\n<tr>\n<td class=\"label\">9. MOQ:<\/td>\n<td> 200 KG<\/td>\n<\/tr>\n<tr>\n<td class=\"label\">10. P\u0159\u00edstav:<\/td>\n<td> Shenzhen, Guangzhou, Foshan<\/td>\n<\/tr>\n<\/table>\n<h2>Na\u0161e v\u00fdrobn\u00ed z\u00e1kladna<\/h2>\n<h3>Panorama tov\u00e1rny<\/h3>\n<p><img decoding=\"async\" src=\"\/wp-content\/uploads\/factory-01.webp\"\/><\/p>\n<h3>D\u00edlna na v\u00fdrobu hlin\u00edkov\u00fdch ty\u010d\u00ed<\/h3>\n<p><img decoding=\"async\" src=\"\/wp-content\/uploads\/factory-02.webp\"\/><\/p>\n<\/p>\n<p><img decoding=\"async\" src=\"\/wp-content\/uploads\/factory-03.webp\"\/><\/p>\n<h3>Sklad pl\u00edsn\u00ed<\/h3>\n<p><img decoding=\"async\" src=\"\/wp-content\/uploads\/factory-04.webp\"\/><\/p>\n<h3>43 linek na vytla\u010dov\u00e1n\u00ed hlin\u00edku (500 - 5500 tun)<\/h3>\n<p><img decoding=\"async\" src=\"\/wp-content\/uploads\/factory-05.webp\"\/><\/p>\n<p><img decoding=\"async\" src=\"\/wp-content\/uploads\/factory-06.webp\"\/><\/p>\n<p><img decoding=\"async\" src=\"\/wp-content\/uploads\/factory-07.webp\"\/><\/p>\n<h3>D\u00edlna pr\u00e1\u0161kov\u00e9ho lakov\u00e1n\u00ed<\/h3>\n<p><img decoding=\"async\" src=\"\/wp-content\/uploads\/factory-09.webp\"\/><\/p>\n<h3>D\u00edlna eloxov\u00e1n\u00ed<\/h3>\n<p><img decoding=\"async\" src=\"\/wp-content\/uploads\/factory-10.webp\"\/><\/p>\n<h3>Workshop o hloubkov\u00e9m zpracov\u00e1n\u00ed<\/h3>\n<p><img decoding=\"async\" src=\"\/wp-content\/uploads\/factory-11.webp\"\/><\/p>\n<h3>D\u00edlna CNC p\u0159esn\u00e9ho obr\u00e1b\u011bn\u00ed<\/h3>\n<p><img decoding=\"async\" src=\"\/wp-content\/uploads\/factory-11.5.webp\"\/><\/p>\n<h3>Sklad hotov\u00fdch v\u00fdrobk\u016f a exportn\u00ed sklad<\/h3>\n<p><img decoding=\"async\" src=\"\/wp-content\/uploads\/factory-12.webp\"\/><\/p>\n<p><img decoding=\"async\" src=\"\/wp-content\/uploads\/factory-13.webp\"\/><\/p>\n<p><img decoding=\"async\" src=\"\/wp-content\/uploads\/factory-14.webp\"\/><\/p>\n<h2>\u010cASTO KLADEN\u00c9 DOTAZY<\/h2>\n<p><b>1.Jak\u00e9 jsou hlavn\u00ed v\u00fdhody pou\u017e\u00edv\u00e1n\u00ed hlin\u00edkov\u00fdch r\u00e1m\u016f sol\u00e1rn\u00edch panel\u016f?<\/b><\/p>\n<p>Hlin\u00edkov\u00e9 r\u00e1my sol\u00e1rn\u00edch panel\u016f se vyzna\u010duj\u00ed trvanlivost\u00ed, odolnost\u00ed proti korozi, n\u00edzkou hmotnost\u00ed a mo\u017enost\u00ed p\u0159izp\u016fsoben\u00ed, tak\u017ee jsou ide\u00e1ln\u00ed pro podporu sol\u00e1rn\u00edch panel\u016f v r\u016fzn\u00fdch prost\u0159ed\u00edch.\n<\/p>\n<p><\/p>\n<p><b>2.Jak hlin\u00edkov\u00fd materi\u00e1l zlep\u0161uje v\u00fdkonnost r\u00e1mu sol\u00e1rn\u00edho panelu?<\/b><\/p>\n<p>Hlin\u00edk je lehk\u00fd, pevn\u00fd a odoln\u00fd proti korozi, co\u017e zaji\u0161\u0165uje spolehlivou a dlouhotrvaj\u00edc\u00ed konstrukci pro instalaci sol\u00e1rn\u00edch panel\u016f ve venkovn\u00edm a pr\u016fmyslov\u00e9m prost\u0159ed\u00ed.\n<\/p>\n<p><\/p>\n<p><b>3.Can hlin\u00edkov\u00e9 sol\u00e1rn\u00ed panely r\u00e1my b\u00fdt p\u0159izp\u016fsobeny?<\/b><\/p>\n<p>Ano, lze je p\u0159izp\u016fsobit r\u016fzn\u00fdm velikostem a konfigurac\u00edm, tak\u017ee jsou univerz\u00e1ln\u00ed pro r\u016fzn\u00e9 modely sol\u00e1rn\u00edch panel\u016f a pot\u0159eby instalace.\n<\/p>\n<p><\/p>\n<p><b>4.Jak odoln\u00e9 proti korozi jsou hlin\u00edkov\u00e9 r\u00e1my sol\u00e1rn\u00edch panel\u016f?<\/b><\/p>\n<p>Hlin\u00edk je p\u0159irozen\u011b odoln\u00fd proti korozi, tak\u017ee r\u00e1my si zachov\u00e1vaj\u00ed svou integritu a vzhled i v n\u00e1ro\u010dn\u00fdch podm\u00ednk\u00e1ch prost\u0159ed\u00ed, jako je vystaven\u00ed vlhkosti a UV z\u00e1\u0159en\u00ed.\n<\/p>\n<p><\/p>\n<p><b>5.Jak\u00fd p\u0159\u00ednos m\u00e1 lehk\u00e1 konstrukce pro instalace sol\u00e1rn\u00edch panel\u016f?<\/b><\/p>\n<p>Lehkost hlin\u00edku usnad\u0148uje manipulaci a instalaci, sni\u017euje n\u00e1klady na pracovn\u00ed s\u00edlu a dobu instalace a z\u00e1rove\u0148 poskytuje spolehlivou podporu pro sol\u00e1rn\u00ed panely.\n<\/p>\n<p><\/p>\n<p><b>6.Jak\u00e1 odv\u011btv\u00ed pou\u017e\u00edvaj\u00ed hlin\u00edkov\u00e9 r\u00e1my sol\u00e1rn\u00edch panel\u016f?<\/b><\/p>\n<p>Pou\u017e\u00edvaj\u00ed se p\u0159edev\u0161\u00edm v odv\u011btv\u00ed obnoviteln\u00fdch zdroj\u016f energie, konkr\u00e9tn\u011b v sol\u00e1rn\u00edch syst\u00e9mech, ale jsou pou\u017eiteln\u00e9 i pro komer\u010dn\u00ed a obytn\u00e9 instalace.\n<\/p>\n<p><\/p>\n<p><b>7.Jak n\u00e1kladov\u011b efektivn\u00ed jsou hlin\u00edkov\u00e9 r\u00e1my sol\u00e1rn\u00edch panel\u016f?<\/b><\/p>\n<p>D\u00edky sv\u00e9 odolnosti, n\u00edzk\u00fdm n\u00e1rok\u016fm na \u00fadr\u017ebu a efektivn\u00ed instalaci p\u0159edstavuj\u00ed n\u00e1kladov\u011b efektivn\u00ed \u0159e\u0161en\u00ed, kter\u00e9 pom\u00e1h\u00e1 sni\u017eovat celkov\u00e9 n\u00e1klady na projekty sol\u00e1rn\u00edch panel\u016f.\n<\/p>\n<p><\/p>","protected":false},"featured_media":7871,"template":"","categories":[54],"class_list":["post-7872","product","type-product","status-publish","has-post-thumbnail","hentry","category-industrial-aluminum-profiles"],"meta_box":{"hilight_text_group":{"product_hilight_text":"<li>Durable aluminum construction, providing strength and long-lasting support for solar panels.<\/li>\r\r\n<li>Corrosion-resistant, ensuring reliable performance in both outdoor and harsh environmental conditions.<\/li>\r\r\n<li>Lightweight design, making it easier to handle and install while maintaining structural integrity.<\/li>\r\r\n<li>Customizable sizes and designs, suitable for various solar panel models and mounting systems.<\/li>\r\r\n<li>Cost-effective solution, reducing installation time and providing a stable, efficient framework for solar energy systems.<\/li>","product_chanpin_blog":"<ul>\r\r\n<li><a href=\"https:\/\/sinoextrud.com\/t-slot-v-slot-differences\/\" target=\"_blank\">t slot vs v slot<\/a><\/li>\r\r\n<li><a href=\"https:\/\/sinoextrud.com\/what-is-4040-aluminium-extrud\/\" target=\"_blank\">4040 aluminium extrusion<\/a><\/li>\r\r\n<li><a href=\"https:\/\/sinoextrud.com\/what-is-4040-aluminium-extrud\/\" target=\"_blank\">aluminum extrusions for industrial racks<\/a><\/li>\r\r\n<li><a href=\"https:\/\/sinoextrud.com\/powder-coating-aluminium-process\/\" target=\"_blank\">powder coating aluminium<\/a><\/li>\r\r\n<li><a href=\"https:\/\/sinoextrud.com\/what-is-an-aluminium-strip-ceiling\/\" target=\"_blank\">aluminium strip ceiling<\/a><\/li>\r\r\n<li><a href=\"https:\/\/sinoextrud.com\/what-is-a-heat-sink\/\" target=\"_blank\">what is a heat sink<\/a><\/li>\r\r\n<\/ul>","product_chanpin_chanpin":"<li><a href=\"https:\/\/sinoextrud.com\/product\/aluminium-profile-channel-factory\/\" target=\"_blank\">Aluminium Profile Channel Factory<\/a><\/li>\r\n<li><a href=\"https:\/\/sinoextrud.com\/product\/aluminum-extrusion-box\/\" target=\"_blank\">aluminum extrusion box<\/a><\/li>\r\n<li><a href=\"https:\/\/sinoextrud.com\/product\/decoration-aluminium\/\" target=\"_blank\">Decoration aluminium<\/a><\/li>\r\n<li><a href=\"https:\/\/sinoextrud.com\/product\/extruded-aluminum-heatsink-enclosure\/\" target=\"_blank\">Extruded Aluminum Heatsink Enclosure<\/a><\/li>\r\n<li><a href=\"https:\/\/sinoextrud.com\/product\/aluminum-solar-panel-frame\/\" target=\"_blank\">Aluminum Solar Panel Frame<\/a><\/li>\r\n<li><a href=\"https:\/\/sinoextrud.com\/product\/aluminum-extrusion-framing\/\" target=\"_blank\">Aluminum Extrusion Framing<\/a><\/li>\r\n<li><a href=\"https:\/\/sinoextrud.com\/product\/aluminium-exrtrusion-slot\/\" target=\"_blank\">Aluminium Exrtrusion Slot<\/a><\/li>\r\n<li><a href=\"https:\/\/sinoextrud.com\/product\/round-t-slot-extrusion\/\" target=\"_blank\">Round T Slot Extrusion<\/a><\/li>\r\n<li><a href=\"https:\/\/sinoextrud.com\/product\/custom-aluminum-extrusion\/\" target=\"_blank\">Custom Aluminum Extrusion<\/a><\/li>\r\n<li><a href=\"https:\/\/sinoextrud.com\/product\/alu-profile-system\/\" target=\"_blank\">Alu Profile System<\/a><\/li>\r\n<li><a href=\"https:\/\/sinoextrud.com\/product\/aluminium-solar-profile\/\" target=\"_blank\">Aluminium Solar Profile<\/a><\/li>"},"feature_list":[]},"_links":{"self":[{"href":"https:\/\/sinoextrud.com\/cs\/wp-json\/wp\/v2\/product\/7872","targetHints":{"allow":["GET"]}}],"collection":[{"href":"https:\/\/sinoextrud.com\/cs\/wp-json\/wp\/v2\/product"}],"about":[{"href":"https:\/\/sinoextrud.com\/cs\/wp-json\/wp\/v2\/types\/product"}],"wp:featuredmedia":[{"embeddable":true,"href":"https:\/\/sinoextrud.com\/cs\/wp-json\/wp\/v2\/media\/7871"}],"wp:attachment":[{"href":"https:\/\/sinoextrud.com\/cs\/wp-json\/wp\/v2\/media?parent=7872"}],"wp:term":[{"taxonomy":"category","embeddable":true,"href":"https:\/\/sinoextrud.com\/cs\/wp-json\/wp\/v2\/categories?post=7872"}],"curies":[{"name":"wp","href":"https:\/\/api.w.org\/{rel}","templated":true}]}}