{"id":7856,"date":"2025-06-11T02:58:18","date_gmt":"2025-06-11T02:58:18","guid":{"rendered":"https:\/\/sinoextrud.com\/product\/t-slot-aluminium-profile-extrusion-bulk-selling-98-pure-aluminum-price\/"},"modified":"2025-06-24T06:13:51","modified_gmt":"2025-06-24T06:13:51","slug":"t-slot-hlinikovy-profil-extruze-hromadny-prodej-98-cisty-hlinik-cena","status":"publish","type":"product","link":"https:\/\/sinoextrud.com\/cs\/product\/t-slot-aluminium-profile-extrusion-bulk-selling-98-pure-aluminum-price\/","title":{"rendered":"t-dr\u00e1\u017eka hlin\u00edkov\u00fd profil extruze hromadn\u00fd prodej 98% \u010dist\u00fd hlin\u00edk cena"},"content":{"rendered":"<h2>Podrobnosti o produktech<\/h2>\n<table class=\"custom-table\">\n<tr>\n<td class=\"label\">Polo\u017eka:<\/td>\n<td> t-dr\u00e1\u017eka hlin\u00edkov\u00fd profil extruze hromadn\u00fd prodej 98% \u010dist\u00fd hlin\u00edk cena<\/td>\n<\/tr>\n<tr>\n<td class=\"label\">Materila:<\/td>\n<td> Slitina hlin\u00edku 6063<\/td>\n<\/tr>\n<tr>\n<td class=\"label\">M\u00edrnost:<\/td>\n<td> T5<\/td>\n<\/tr>\n<tr>\n<td class=\"label\">Tvar:<\/td>\n<td> stejn\u011b jako obr\u00e1zky. Mo\u017enost p\u0159izp\u016fsoben\u00ed.<\/td>\n<\/tr>\n<tr>\n<td class=\"label\">Zahu\u0161t\u011bn\u00ed profilu:<\/td>\n<td> 0,8 mm v\u00fd\u0161e.<\/td>\n<\/tr>\n<tr>\n<td class=\"label\">Povrchov\u00e1 \u00faprava:<\/td>\n<td> eloxovan\u00e9<\/td>\n<\/tr>\n<tr>\n<td class=\"label\">Barva:<\/td>\n<td> Hn\u011bd\u00e1, k dispozici je i p\u0159izp\u016fsoben\u00e1 barva.<\/td>\n<\/tr>\n<tr>\n<td class=\"label\">Firma prov\u00e1d\u011bj\u00edc\u00ed n\u00e1t\u011bry:<\/td>\n<td> 10-13um.<\/td>\n<\/tr>\n<tr>\n<td class=\"label\">Pou\u017eit\u00ed:<\/td>\n<td> indurstrial, doprava atd.<\/td>\n<\/tr>\n<tr>\n<td class=\"label\">MOQ:<\/td>\n<td> 200 kg pro ka\u017edou polo\u017eku, cena \u010dist\u00e9ho hlin\u00edku<\/td>\n<\/tr>\n<tr>\n<td class=\"label\">Certifik\u00e1t a norma:<\/td>\n<td> ISO 9008-2001. CQM, SGS<\/td>\n<\/tr>\n<tr>\n<td class=\"label\">Z\u00e1ruka:<\/td>\n<td> Barva povrchu m\u016f\u017ee b\u00fdt stabiln\u00ed po dobu 10 let p\u0159i pou\u017eit\u00ed v interi\u00e9ru.<br \/>\nK dispozici je hloubkov\u00e9 zpracov\u00e1n\u00ed, jako je vrt\u00e1n\u00ed, fr\u00e9zov\u00e1n\u00ed, \u0159ez\u00e1n\u00ed, sva\u0159ov\u00e1n\u00ed, oh\u00fdb\u00e1n\u00ed.<\/td>\n<\/tr>\n<tr>\n<td class=\"label\">P\u016fvod:<\/td>\n<td> Foshan, Guangdong.<\/td>\n<\/tr>\n<tr>\n<td class=\"label\">K\u00f3d HS:<\/td>\n<td> 761699000<\/td>\n<\/tr>\n<\/table>\n<h2>Na\u0161e v\u00fdrobn\u00ed z\u00e1kladna<\/h2>\n<h3>Panorama tov\u00e1rny<\/h3>\n<p><img decoding=\"async\" src=\"\/wp-content\/uploads\/factory-01.webp\"\/><\/p>\n<h3>D\u00edlna na v\u00fdrobu hlin\u00edkov\u00fdch ty\u010d\u00ed<\/h3>\n<p><img decoding=\"async\" src=\"\/wp-content\/uploads\/factory-02.webp\"\/><\/p>\n<p><img decoding=\"async\" src=\"\/wp-content\/uploads\/factory-03.webp\"\/><\/p>\n<h3>Sklad pl\u00edsn\u00ed<\/h3>\n<p><img decoding=\"async\" src=\"\/wp-content\/uploads\/factory-04.webp\"\/><\/p>\n<h3>43 linek na vytla\u010dov\u00e1n\u00ed hlin\u00edku (500 - 5500 tun)<\/h3>\n<p><img decoding=\"async\" src=\"\/wp-content\/uploads\/factory-05.webp\"\/><\/p>\n<p><img decoding=\"async\" src=\"\/wp-content\/uploads\/factory-06.webp\"\/><\/p>\n<p><img decoding=\"async\" src=\"\/wp-content\/uploads\/factory-07.webp\"\/><\/p>\n<h3>D\u00edlna pr\u00e1\u0161kov\u00e9ho lakov\u00e1n\u00ed<\/h3>\n<p><img decoding=\"async\" src=\"\/wp-content\/uploads\/factory-09.webp\"\/><\/p>\n<h3>D\u00edlna eloxov\u00e1n\u00ed<\/h3>\n<p><img decoding=\"async\" src=\"\/wp-content\/uploads\/factory-10.webp\"\/><\/p>\n<h3>Workshop o hloubkov\u00e9m zpracov\u00e1n\u00ed<\/h3>\n<p><img decoding=\"async\" src=\"\/wp-content\/uploads\/factory-11.webp\"\/><\/p>\n<h3>D\u00edlna CNC p\u0159esn\u00e9ho obr\u00e1b\u011bn\u00ed<\/h3>\n<p><img decoding=\"async\" src=\"\/wp-content\/uploads\/factory-11.5.webp\"\/><\/p>\n<h3>Sklad hotov\u00fdch v\u00fdrobk\u016f a exportn\u00ed sklad<\/h3>\n<p><img decoding=\"async\" src=\"\/wp-content\/uploads\/factory-12.webp\"\/><\/p>\n<p><img decoding=\"async\" src=\"\/wp-content\/uploads\/factory-13.webp\"\/><\/p>\n<p><img decoding=\"async\" src=\"\/wp-content\/uploads\/factory-14.webp\"\/><\/p>\n<h2>\u010cASTO KLADEN\u00c9 DOTAZY<\/h2>\n<p><p><b>1.Jak\u00e1 je v\u00fdhoda pou\u017eit\u00ed \u010dist\u00e9ho hlin\u00edku 98% v profilech s T-dr\u00e1\u017ekou? <\/b><\/p>\n<p> Pou\u017eit\u00ed \u010dist\u00e9ho hlin\u00edku 98% zaji\u0161\u0165uje vynikaj\u00edc\u00ed odolnost proti korozi, elektrickou vodivost a povrchovou \u00fapravu, co\u017e je ide\u00e1ln\u00ed pro pr\u016fmyslov\u00e9 r\u00e1mov\u00e9 syst\u00e9my.<br \/>\n<\/p><br \/>\n<br \/>\n<p><b>2.Pro\u010d je hlin\u00edk s T-dr\u00e1\u017ekou obl\u00edben\u00fd v modul\u00e1rn\u00ed v\u00fdstavb\u011b? <\/b><\/p>\n<p> Hlin\u00edk s T-dr\u00e1\u017ekou umo\u017e\u0148uje mont\u00e1\u017e bez pou\u017eit\u00ed n\u00e1\u0159ad\u00ed, snadn\u00e9 nastaven\u00ed a opakovan\u00e9 pou\u017eit\u00ed, tak\u017ee je ide\u00e1ln\u00ed pro modul\u00e1rn\u00ed r\u00e1my a automatiza\u010dn\u00ed syst\u00e9my.<br \/>\n<\/p><br \/>\n<br \/>\n<p><b>3.Lze koupit hlin\u00edkov\u00e9 profily s T-dr\u00e1\u017ekou ve velk\u00e9m? <\/b><\/p>\n<p> Ano, nab\u00edz\u00edme mo\u017enost hromadn\u00e9ho prodeje za konkurenceschopn\u00e9 ceny, ide\u00e1ln\u00ed pro distributory, v\u00fdrobce OEM a pr\u016fmyslov\u00e9 projekty.<br \/>\n<\/p><br \/>\n<br \/>\n<p><b>4.Jak \u010distota hlin\u00edku ovliv\u0148uje v\u00fdkon? <\/b><\/p>\n<p> Hlin\u00edk vy\u0161\u0161\u00ed \u010distoty zlep\u0161uje odolnost proti korozi a elektrickou vodivost a poskytuje konzistentn\u011bj\u0161\u00ed povrch pro dokon\u010dovac\u00ed pr\u00e1ce.<br \/>\n<\/p><br \/>\n<br \/>\n<p><b>5.Jsou va\u0161e profily T-dr\u00e1\u017eek kompatibiln\u00ed se standardn\u00edm p\u0159\u00edslu\u0161enstv\u00edm? <\/b><\/p>\n<p> Na\u0161e hlin\u00edkov\u00e9 v\u00fdlisky s T-dr\u00e1\u017ekou jsou navr\u017eeny tak, aby fungovaly s v\u011bt\u0161inou standardn\u00edch pr\u016fmyslov\u00fdch konektor\u016f, dr\u017e\u00e1k\u016f a spojovac\u00edch prvk\u016f.<br \/>\n<\/p><br \/>\n<br \/>\n<p><b>6.Je mo\u017en\u00e9 p\u0159izp\u016fsoben\u00ed hlin\u00edkov\u00fdch profil\u016f s T-dr\u00e1\u017ekou? <\/b><\/p>\n<p> Ano, poskytujeme zak\u00e1zkov\u00e9 d\u00e9lky, vzory otvor\u016f a povrchov\u00e9 \u00fapravy, kter\u00e9 spl\u0148uj\u00ed jedine\u010dn\u00e9 konstruk\u010dn\u00ed nebo estetick\u00e9 po\u017eadavky.<br \/>\n<\/p><br \/>\n<br \/>\n<p><b>7.V jak\u00fdch pr\u016fmyslov\u00fdch odv\u011btv\u00edch se b\u011b\u017en\u011b pou\u017e\u00edvaj\u00ed hlin\u00edkov\u00e9 profilov\u00e9 v\u00fdlisky s T-dr\u00e1\u017ekou? <\/b><\/p>\n<p> Hlin\u00edkov\u00e9 profily s dr\u00e1\u017ekou T se d\u00edky sv\u00e9 flexibilit\u011b a odolnosti hojn\u011b pou\u017e\u00edvaj\u00ed ve v\u00fdrob\u011b, automatizaci, robotice, na pracovn\u00edch stanic\u00edch a v zobrazovac\u00edch syst\u00e9mech.<br \/>\n<\/p><br \/><\/p>","protected":false},"featured_media":7855,"template":"","categories":[54],"class_list":["post-7856","product","type-product","status-publish","has-post-thumbnail","hentry","category-industrial-aluminum-profiles"],"meta_box":{"hilight_text_group":{"product_hilight_text":"<li>Manufactured from 98% pure aluminum for superior conductivity and corrosion resistance.<\/li>\r\r\n<li>Bulk selling ensures competitive pricing for large-scale industrial use.<\/li>\r\r\n<li>T-slot design enables easy modular assembly without welding.<\/li>\r\r\n<li>High strength-to-weight ratio ideal for structural applications.<\/li>\r\r\n<li>Compatible with a wide range of standard connectors and fasteners.<\/li>\r\r\n<li>Precision extruded for consistent dimensions and high assembly accuracy.<\/li>\r\r\n<li>Customizable lengths and profiles available for different project needs.<\/li>","product_chanpin_blog":"<ul>\r\r\n<li><a href=\"https:\/\/sinoextrud.com\/t-slot-v-slot-differences\/\" target=\"_blank\">t slot vs v slot<\/a><\/li>\r\r\n<li><a href=\"https:\/\/sinoextrud.com\/what-is-4040-aluminium-extrud\/\" target=\"_blank\">4040 aluminium extrusion<\/a><\/li>\r\r\n<li><a href=\"https:\/\/sinoextrud.com\/what-is-4040-aluminium-extrud\/\" target=\"_blank\">aluminum extrusions for industrial racks<\/a><\/li>\r\r\n<li><a href=\"https:\/\/sinoextrud.com\/powder-coating-aluminium-process\/\" target=\"_blank\">powder coating aluminium<\/a><\/li>\r\r\n<li><a href=\"https:\/\/sinoextrud.com\/what-is-an-aluminium-strip-ceiling\/\" target=\"_blank\">aluminium strip ceiling<\/a><\/li>\r\r\n<li><a href=\"https:\/\/sinoextrud.com\/what-is-a-heat-sink\/\" target=\"_blank\">what is a heat sink<\/a><\/li>\r\r\n<\/ul>","product_chanpin_chanpin":"<li><a href=\"https:\/\/sinoextrud.com\/product\/aluminum-structural-framing-system\/\" target=\"_blank\">Aluminum Structural Framing System<\/a><\/li>\r\n<li><a href=\"https:\/\/sinoextrud.com\/product\/standard-aluminum-shapes\/\" target=\"_blank\">Standard Aluminum Shapes<\/a><\/li>\r\n<li><a href=\"https:\/\/sinoextrud.com\/product\/aluminium-profiles-doors-windows-wood-imitation\/\" target=\"_blank\">Aluminium Profiles Doors Windows Wood Imitation<\/a><\/li>\r\n<li><a href=\"https:\/\/sinoextrud.com\/product\/extrusion-aluminum-handrails-profile-powder-coated-white\/\" target=\"_blank\">Extrusion Aluminum Handrails Profile Powder Coated White<\/a><\/li>\r\n<li><a href=\"https:\/\/sinoextrud.com\/product\/t-slot-aluminium-profile-extrusion-bulk-selling-98-pure-aluminum-price\/\" target=\"_blank\">t-slot aluminium profile extrusion bulk selling 98% pure aluminum price<\/a><\/li>\r\n<li><a href=\"https:\/\/sinoextrud.com\/product\/industrial-aluminium-extrusions-hollow-pipe-big-dimensions\/\" target=\"_blank\">Industrial Aluminium Extrusions Hollow Pipe Big Dimensions<\/a><\/li>\r\n<li><a href=\"https:\/\/sinoextrud.com\/product\/aluminium-profile-extrusion\/\" target=\"_blank\">Aluminium Profile Extrusion<\/a><\/li>\r\n<li><a href=\"https:\/\/sinoextrud.com\/product\/aluminium-decorative-furniture-metal-wall-trim\/\" target=\"_blank\">Aluminium Decorative Furniture Metal Wall Trim<\/a><\/li>\r\n<li><a href=\"https:\/\/sinoextrud.com\/product\/aluminium-profile-channel-factory\/\" target=\"_blank\">Aluminium Profile Channel Factory<\/a><\/li>\r\n<li><a href=\"https:\/\/sinoextrud.com\/product\/aluminum-railing\/\" target=\"_blank\">Aluminum Railing<\/a><\/li>\r\n<li><a href=\"https:\/\/sinoextrud.com\/product\/aluminium-profile-bed-frame\/\" target=\"_blank\">Aluminium Profile Bed Frame<\/a><\/li>"},"feature_list":[]},"_links":{"self":[{"href":"https:\/\/sinoextrud.com\/cs\/wp-json\/wp\/v2\/product\/7856","targetHints":{"allow":["GET"]}}],"collection":[{"href":"https:\/\/sinoextrud.com\/cs\/wp-json\/wp\/v2\/product"}],"about":[{"href":"https:\/\/sinoextrud.com\/cs\/wp-json\/wp\/v2\/types\/product"}],"wp:featuredmedia":[{"embeddable":true,"href":"https:\/\/sinoextrud.com\/cs\/wp-json\/wp\/v2\/media\/7855"}],"wp:attachment":[{"href":"https:\/\/sinoextrud.com\/cs\/wp-json\/wp\/v2\/media?parent=7856"}],"wp:term":[{"taxonomy":"category","embeddable":true,"href":"https:\/\/sinoextrud.com\/cs\/wp-json\/wp\/v2\/categories?post=7856"}],"curies":[{"name":"wp","href":"https:\/\/api.w.org\/{rel}","templated":true}]}}