{"id":7854,"date":"2025-06-11T02:55:39","date_gmt":"2025-06-11T02:55:39","guid":{"rendered":"https:\/\/sinoextrud.com\/product\/extrusion-aluminum-handrails-profile-powder-coated-white\/"},"modified":"2025-06-24T06:13:50","modified_gmt":"2025-06-24T06:13:50","slug":"vytlacovane-hlinikove-zabradli-profil-praskove-lakovany-bilou-barvou","status":"publish","type":"product","link":"https:\/\/sinoextrud.com\/cs\/product\/extrusion-aluminum-handrails-profile-powder-coated-white\/","title":{"rendered":"Vytla\u010dov\u00e1n\u00ed hlin\u00edkov\u00fdch z\u00e1bradl\u00ed Profil pr\u00e1\u0161kov\u011b lakovan\u00fd b\u00edl\u00fd"},"content":{"rendered":"<h2>Podrobnosti o produktech<\/h2>\n<table class=\"custom-table\">\n<tr>\n<td class=\"label\">1. N\u00e1zev produktu:<\/td>\n<td> Vytla\u010dov\u00e1n\u00ed hlin\u00edkov\u00fdch z\u00e1bradl\u00ed Profil pr\u00e1\u0161kov\u011b lakovan\u00fd b\u00edl\u00fd<\/td>\n<\/tr>\n<tr>\n<td class=\"label\">2. Materi\u00e1l :<\/td>\n<td> Hlin\u00edkov\u00e1 slitina 6063-T5<\/td>\n<\/tr>\n<tr>\n<td class=\"label\">3. Hotovo:<\/td>\n<td> N\u00e1rodn\u00ed pr\u00e1\u0161kov\u00e1 barva b\u00edl\u00e1<\/td>\n<\/tr>\n<tr>\n<td class=\"label\">4. V\u00fdkonn\u00fd standard:<\/td>\n<td> GB5237-2008<\/td>\n<\/tr>\n<tr>\n<td class=\"label\">5. Certifik\u00e1ty:<\/td>\n<td> ISO9001<\/td>\n<\/tr>\n<tr>\n<td class=\"label\">6. Model:<\/td>\n<td> Forma zdarma<\/td>\n<\/tr>\n<\/table>\n<h2>Na\u0161e v\u00fdrobn\u00ed z\u00e1kladna<\/h2>\n<h3>Panorama tov\u00e1rny<\/h3>\n<p><img decoding=\"async\" src=\"\/wp-content\/uploads\/factory-01.webp\"\/><\/p>\n<h3>D\u00edlna na v\u00fdrobu hlin\u00edkov\u00fdch ty\u010d\u00ed<\/h3>\n<p><img decoding=\"async\" src=\"\/wp-content\/uploads\/factory-02.webp\"\/><\/p>\n<\/p>\n<p><img decoding=\"async\" src=\"\/wp-content\/uploads\/factory-03.webp\"\/><\/p>\n<h3>Sklad pl\u00edsn\u00ed<\/h3>\n<p><img decoding=\"async\" src=\"\/wp-content\/uploads\/factory-04.webp\"\/><\/p>\n<h3>43 linek na vytla\u010dov\u00e1n\u00ed hlin\u00edku (500 - 5500 tun)<\/h3>\n<p><img decoding=\"async\" src=\"\/wp-content\/uploads\/factory-05.webp\"\/><\/p>\n<p><img decoding=\"async\" src=\"\/wp-content\/uploads\/factory-06.webp\"\/><\/p>\n<p><img decoding=\"async\" src=\"\/wp-content\/uploads\/factory-07.webp\"\/><\/p>\n<h3>D\u00edlna pr\u00e1\u0161kov\u00e9ho lakov\u00e1n\u00ed<\/h3>\n<p><img decoding=\"async\" src=\"\/wp-content\/uploads\/factory-09.webp\"\/><\/p>\n<h3>D\u00edlna eloxov\u00e1n\u00ed<\/h3>\n<p><img decoding=\"async\" src=\"\/wp-content\/uploads\/factory-10.webp\"\/><\/p>\n<h3>Workshop o hloubkov\u00e9m zpracov\u00e1n\u00ed<\/h3>\n<p><img decoding=\"async\" src=\"\/wp-content\/uploads\/factory-11.webp\"\/><\/p>\n<h3>D\u00edlna CNC p\u0159esn\u00e9ho obr\u00e1b\u011bn\u00ed<\/h3>\n<p><img decoding=\"async\" src=\"\/wp-content\/uploads\/factory-11.5.webp\"\/><\/p>\n<h3>Sklad hotov\u00fdch v\u00fdrobk\u016f a exportn\u00ed sklad<\/h3>\n<p><img decoding=\"async\" src=\"\/wp-content\/uploads\/factory-12.webp\"\/><\/p>\n<p><img decoding=\"async\" src=\"\/wp-content\/uploads\/factory-13.webp\"\/><\/p>\n<p><img decoding=\"async\" src=\"\/wp-content\/uploads\/factory-14.webp\"\/><\/p>\n<h2>\u010cASTO KLADEN\u00c9 DOTAZY<\/h2>\n<p><b>1.Jak\u00e9 jsou v\u00fdhody pou\u017e\u00edv\u00e1n\u00ed vytla\u010dovan\u00fdch hlin\u00edkov\u00fdch z\u00e1bradl\u00ed? <\/b><\/p>\n<p> Extrudovan\u00e1 hlin\u00edkov\u00e1 madla poskytuj\u00ed pevnou a lehkou oporu a d\u00edky sv\u00e9 odolnosti a v\u0161estrannosti jsou ide\u00e1ln\u00ed pro modern\u00ed syst\u00e9my z\u00e1bradl\u00ed.\n<\/p>\n<p><\/p>\n<p><b>2.Pro\u010d si vybrat pr\u00e1\u0161kov\u011b lakovan\u00e9 b\u00edl\u00e9 hlin\u00edkov\u00e9 z\u00e1bradl\u00ed? <\/b><\/p>\n<p> Pr\u00e1\u0161kov\u011b lakovan\u00e1 b\u00edl\u00e1 hlin\u00edkov\u00e1 madla maj\u00ed elegantn\u00ed, \u010dist\u00fd vzhled a vynikaj\u00edc\u00ed odolnost proti pov\u011btrnostn\u00edm vliv\u016fm a korozi.\n<\/p>\n<p><\/p>\n<p><b>3.Jsou hlin\u00edkov\u00e9 profily z\u00e1bradl\u00ed vhodn\u00e9 pro venkovn\u00ed pou\u017eit\u00ed? <\/b><\/p>\n<p> Ano, d\u00edky pr\u00e1\u0161kov\u011b lakovan\u00e9mu povrchu a odolnosti proti korozi jsou tato madla ide\u00e1ln\u00ed pro vnit\u0159n\u00ed i venkovn\u00ed prost\u0159ed\u00ed.\n<\/p>\n<p><\/p>\n<p><b>4.Lze hlin\u00edkov\u00e1 madla p\u0159izp\u016fsobit? <\/b><\/p>\n<p> Ano, nab\u00edz\u00edme vlastn\u00ed d\u00e9lky, profily a vzory otvor\u016f, kter\u00e9 vyhovuj\u00ed va\u0161im architektonick\u00fdm nebo stavebn\u00edm pot\u0159eb\u00e1m.\n<\/p>\n<p><\/p>\n<p><b>5.Jak je na tom hlin\u00edk v porovn\u00e1n\u00ed s ocel\u00ed u syst\u00e9m\u016f z\u00e1bradl\u00ed? <\/b><\/p>\n<p> Hlin\u00edk je leh\u010d\u00ed, odoln\u011bj\u0161\u00ed proti korozi a vy\u017eaduje m\u00e9n\u011b \u00fadr\u017eby ne\u017e ocel, tak\u017ee je pro z\u00e1bradl\u00ed cenov\u011b v\u00fdhodnou volbou.\n<\/p>\n<p><\/p>\n<p><b>6.Je b\u00edl\u00fd pr\u00e1\u0161kov\u00fd n\u00e1t\u011br odoln\u00fd? <\/b><\/p>\n<p> Ano, b\u00edl\u00fd pr\u00e1\u0161kov\u00fd n\u00e1t\u011br je nan\u00e1\u0161en s vysokou p\u0159ilnavost\u00ed a vytvrzen pro dlouhou \u017eivotnost, tak\u017ee poskytuje dlouhodobou ochranu proti opot\u0159eben\u00ed a vyblednut\u00ed.\n<\/p>\n<p><\/p>\n<p><b>7.Jak\u00e9 aplikace jsou ide\u00e1ln\u00ed pro vytla\u010dovan\u00e1 hlin\u00edkov\u00e1 z\u00e1bradl\u00ed? <\/b><\/p>\n<p> Tato z\u00e1bradl\u00ed jsou ide\u00e1ln\u00ed pro obytn\u00e9 balkony, komer\u010dn\u00ed budovy, schodi\u0161t\u011b a ve\u0159ejn\u00e9 chodn\u00edky.\n<\/p>\n<p><\/p>","protected":false},"featured_media":7853,"template":"","categories":[54],"class_list":["post-7854","product","type-product","status-publish","has-post-thumbnail","hentry","category-industrial-aluminum-profiles"],"meta_box":{"hilight_text_group":{"product_hilight_text":"<li>Durable aluminum extrusion ensures long-lasting structural support.<\/li>\r\r\n<li>Powder coated white finish offers a clean, modern appearance.<\/li>\r\r\n<li>Corrosion-resistant surface ideal for indoor and outdoor applications.<\/li>\r\r\n<li>Lightweight material allows for easy handling and installation.<\/li>\r\r\n<li>Customizable lengths and profiles to meet specific project needs.<\/li>\r\r\n<li>Low maintenance compared to traditional steel handrails.<\/li>\r\r\n<li>Compatible with various railing systems and fittings.<\/li>","product_chanpin_blog":"<ul>\r\r\n<li><a href=\"https:\/\/sinoextrud.com\/t-slot-v-slot-differences\/\" target=\"_blank\">t slot vs v slot<\/a><\/li>\r\r\n<li><a href=\"https:\/\/sinoextrud.com\/what-is-4040-aluminium-extrud\/\" target=\"_blank\">4040 aluminium extrusion<\/a><\/li>\r\r\n<li><a href=\"https:\/\/sinoextrud.com\/what-is-4040-aluminium-extrud\/\" target=\"_blank\">aluminum extrusions for industrial racks<\/a><\/li>\r\r\n<li><a href=\"https:\/\/sinoextrud.com\/powder-coating-aluminium-process\/\" target=\"_blank\">powder coating aluminium<\/a><\/li>\r\r\n<li><a href=\"https:\/\/sinoextrud.com\/what-is-an-aluminium-strip-ceiling\/\" target=\"_blank\">aluminium strip ceiling<\/a><\/li>\r\r\n<li><a href=\"https:\/\/sinoextrud.com\/what-is-a-heat-sink\/\" target=\"_blank\">what is a heat sink<\/a><\/li>\r\r\n<\/ul>","product_chanpin_chanpin":"<li><a href=\"https:\/\/sinoextrud.com\/product\/aluminum-cabinet-door-extrusion\/\" target=\"_blank\">Aluminum Cabinet Door Extrusion<\/a><\/li>\r\n<li><a href=\"https:\/\/sinoextrud.com\/product\/aluminum-structural-framing-system\/\" target=\"_blank\">Aluminum Structural Framing System<\/a><\/li>\r\n<li><a href=\"https:\/\/sinoextrud.com\/product\/standard-aluminum-shapes\/\" target=\"_blank\">Standard Aluminum Shapes<\/a><\/li>\r\n<li><a href=\"https:\/\/sinoextrud.com\/product\/aluminium-profiles-doors-windows-wood-imitation\/\" target=\"_blank\">Aluminium Profiles Doors Windows Wood Imitation<\/a><\/li>\r\n<li><a href=\"https:\/\/sinoextrud.com\/product\/extrusion-aluminum-handrails-profile-powder-coated-white\/\" target=\"_blank\">Extrusion Aluminum Handrails Profile Powder Coated White<\/a><\/li>\r\n<li><a href=\"https:\/\/sinoextrud.com\/product\/t-slot-aluminium-profile-extrusion-bulk-selling-98-pure-aluminum-price\/\" target=\"_blank\">t-slot aluminium profile extrusion bulk selling 98% pure aluminum price<\/a><\/li>\r\n<li><a href=\"https:\/\/sinoextrud.com\/product\/industrial-aluminium-extrusions-hollow-pipe-big-dimensions\/\" target=\"_blank\">Industrial Aluminium Extrusions Hollow Pipe Big Dimensions<\/a><\/li>\r\n<li><a href=\"https:\/\/sinoextrud.com\/product\/aluminium-profile-extrusion\/\" target=\"_blank\">Aluminium Profile Extrusion<\/a><\/li>\r\n<li><a href=\"https:\/\/sinoextrud.com\/product\/aluminium-decorative-furniture-metal-wall-trim\/\" target=\"_blank\">Aluminium Decorative Furniture Metal Wall Trim<\/a><\/li>\r\n<li><a href=\"https:\/\/sinoextrud.com\/product\/modular-aluminum-profiles-machine-hand-robot-hand-manipulator\/\" target=\"_blank\">Modular Aluminum Profiles Machine Hand Robot Hand Manipulator<\/a><\/li>\r\n<li><a href=\"https:\/\/sinoextrud.com\/product\/the-world-most-popular-6000-series-aluminum-extrusion-profile-louver-shutter-for-adjustable-waterproof-louver-windows\/\" target=\"_blank\">The World Most Popular 6000 Series aluminum extrusion Profile louver shutter For Adjustable Waterproof Louver Windows<\/a><\/li>"},"feature_list":[]},"_links":{"self":[{"href":"https:\/\/sinoextrud.com\/cs\/wp-json\/wp\/v2\/product\/7854","targetHints":{"allow":["GET"]}}],"collection":[{"href":"https:\/\/sinoextrud.com\/cs\/wp-json\/wp\/v2\/product"}],"about":[{"href":"https:\/\/sinoextrud.com\/cs\/wp-json\/wp\/v2\/types\/product"}],"wp:featuredmedia":[{"embeddable":true,"href":"https:\/\/sinoextrud.com\/cs\/wp-json\/wp\/v2\/media\/7853"}],"wp:attachment":[{"href":"https:\/\/sinoextrud.com\/cs\/wp-json\/wp\/v2\/media?parent=7854"}],"wp:term":[{"taxonomy":"category","embeddable":true,"href":"https:\/\/sinoextrud.com\/cs\/wp-json\/wp\/v2\/categories?post=7854"}],"curies":[{"name":"wp","href":"https:\/\/api.w.org\/{rel}","templated":true}]}}